{"id":6630,"date":"1970-01-01T00:00:00","date_gmt":"1970-01-01T00:00:00","guid":{"rendered":"https:\/\/elfsight.com\/pl\/?page_id=6630"},"modified":"2024-10-24T13:24:26","modified_gmt":"2024-10-24T13:24:26","slug":"woocommerce","status":"publish","type":"page","link":"https:\/\/elfsight.com\/pl\/store-locator-widget\/woocommerce\/","title":{"rendered":"Store Locator &#8211; WooCommerce"},"content":{"rendered":"<div class=\"application-platform-content-item-description application-platform-content-item\" id=\"description\" data-nav-section=\"description\"> <h2>Osad\u017a lokalizator sklep\u00f3w w WooCommerce za pomoc\u0105 wtyczki Elfsight<\/h2> <p>Lokator sklep\u00f3w Elfsight dla WooCommerce to \u017cywy i elastyczny widget zaprojektowany zwi\u0119kszy\u0107 u\u017cyteczno\u015b\u0107 Twojej witryny i zaanga\u017cowanie klient\u00f3w, u\u0142atwiaj\u0105c im ni\u017c kiedykolwiek znalezienie Twoich sklep\u00f3w. Dzi\u0119ki szeregowi zaawansowanych funkcji dostosowanych pod k\u0105tem u\u017cyteczno\u015bci i wydajno\u015bci, ten widget jest idealnym rozwi\u0105zaniem do prezentowania lokalizacji sklep\u00f3w fizycznych w przejrzysty i wygodny spos\u00f3b. Umie\u015b\u0107 go ju\u017c teraz i zobacz, jak zmieni Twoj\u0105 witryn\u0119 w u\u017cyteczn\u0105 wyszukiwark\u0119 sklep\u00f3w!<\/p> <p>Dzi\u0119ki w\u0142\u0105czeniu wid\u017cetu zwi\u0119kszysz swoj\u0105 wiarygodno\u015b\u0107 w\u015br\u00f3d klient\u00f3w, podaj\u0105c szczeg\u00f3\u0142owe informacje o fizycznej lokalizacji Twojej firmy, uspokajaj\u0105c wszystkich prawdziwa obecno\u015b\u0107. Prze\u0142o\u017cy si\u0119 to na szybsze podejmowanie decyzji i solidne do\u015bwiadczenia zakupowe w\u015br\u00f3d klient\u00f3w. <\/p><p><b>Umie\u015b\u0107 wspania\u0142\u0105 wyszukiwark\u0119 sklep\u00f3w, aby zaprezentowa\u0107 swoj\u0105 lokalizacj\u0119 i istotne szczeg\u00f3\u0142y firmy. Wyr\u00f3\u017cnij sw\u00f3j adres fizyczny i istotne informacje, aby zwi\u0119kszy\u0107 liczb\u0119 odwiedzaj\u0105cych w sklepie. <\/b><\/p><\/div> <div class=\"application-platform-content-item-features application-platform-content-item\" id=\"features\" data-nav-section=\"features\"> <h2>Najwa\u017cniejsze funkcje wid\u017cetu zawieraj\u0105<\/h2> <ul><li>\u0141atwy wyb\u00f3r lokalizacji<\/li><li>U\u017cytkownik zorientowane opcje mapy<\/li><li>Przyciski akcji lokalizacji wspieraj\u0105ce integracj\u0119 <\/li><li>Proste wyskakuj\u0105ce okienko lokalizacji po wybraniu znacznika<\/li><li>Harmonogram operacji lokalizacji iamp; status otwarty<\/li><\/ul><p><a href=\"#demo\">Wystarczy sprawdzi\u0107 t\u0119 wersj\u0119 demonstracyjn\u0105, aby zobaczy\u0107, jak dzia\u0142a<\/a><\/p><\/div> <div class=\"application-platform-content-item-installation application-platform-content-item\" id=\"installation\" data-nav-section=\"installation\"> <h2>Jak zintegrowa\u0107 Lokalizator sklep\u00f3w z moj\u0105 stron\u0105 internetow\u0105 WooCommerce?<\/h2> <p>Wystarczy spe\u0142ni\u0107 poni\u017csze wskaz\u00f3wki, aby aktywowa\u0107 narz\u0119dzie. <\/p> <ol><li><b>Otw\u00f3rz nasz darmowy konfigurator i zacznij tworzy\u0107 sw\u00f3j spersonalizowany instrument. <\/b><br> Okre\u015bl preferowany wygl\u0105d i aspekty wid\u017cetu i zastosuj zmiany. <\/li> <li><b>Zdob\u0105d\u017a unikalny kod pokazany w specjalnym formularzu w aplikacjach Elfsight. <\/b><br> Po zako\u0144czeniu tworzenia osobistej wtyczki skopiuj indywidualny kod z wy\u015bwietlonego okna i zachowaj go na p\u00f3\u017aniej. <\/li> <li><b>Wpisz ch\u0119\u0107 korzystania z narz\u0119dzia na stronie WooCommerce. <\/b><br> Umie\u015b\u0107 ostatnio zapisany kod na swojej stronie i zastosuj poprawki. <\/li> <li><b>Konfiguracja zosta\u0142a w pe\u0142ni uko\u0144czona. <\/b><br> Przejd\u017a na swoj\u0105 stron\u0119, aby sprawdzi\u0107 dzia\u0142anie narz\u0119dzia. <\/li><\/ol> <p>Je\u015bli masz pytania lub napotkasz trudno\u015bci, nie b\u00f3j si\u0119 napisa\u0107 do naszego zespo\u0142u wsparcia. Nasi konsultanci ch\u0119tnie pomog\u0105 Ci we wszystkich trudno\u015bciach, jakie mo\u017cesz mie\u0107 z widgetem. <\/p><\/div>","protected":false},"excerpt":{"rendered":"","protected":false},"author":9,"featured_media":0,"parent":3364,"menu_order":0,"comment_status":"closed","ping_status":"closed","template":"templates\/template-application-platform.php","meta":{"publish_to_discourse":"","publish_post_category":"","wpdc_auto_publish_overridden":"","wpdc_topic_tags":"","wpdc_pin_topic":"","wpdc_pin_until":"","discourse_post_id":"","discourse_permalink":"","wpdc_publishing_response":"","wpdc_publishing_error":"","footnotes":""},"class_list":["post-6630","page","type-page","status-publish","hentry"],"yoast_head":"<!-- This site is optimized with the Yoast SEO plugin v25.3.1 - https:\/\/yoast.com\/wordpress\/plugins\/seo\/ -->\n<title>Dodaj lokalizator sklep\u00f3w do WooCommerce \u2014 wyszukiwarka sklep\u00f3w bez kod\u00f3w<\/title>\n<meta name=\"description\" content=\"Dodaj przydatny lokalizator sklep\u00f3w do swojej witryny WooCommerce, aby poprawi\u0107 jako\u015b\u0107 zakup\u00f3w. U\u017cyj przejrzystej wersji demonstracyjnej Elfsight, aby stworzy\u0107 widget.\" \/>\n<meta name=\"robots\" content=\"index, follow, max-snippet:-1, max-image-preview:large, max-video-preview:-1\" \/>\n<link rel=\"canonical\" href=\"https:\/\/elfsight.com\/pl\/store-locator-widget\/woocommerce\/\" \/>\n<meta property=\"og:locale\" content=\"pl_PL\" \/>\n<meta property=\"og:type\" content=\"article\" \/>\n<meta property=\"og:title\" content=\"Dodaj lokalizator sklep\u00f3w do WooCommerce \u2014 wyszukiwarka sklep\u00f3w bez kod\u00f3w\" \/>\n<meta property=\"og:description\" content=\"Dodaj przydatny lokalizator sklep\u00f3w do swojej witryny WooCommerce, aby poprawi\u0107 jako\u015b\u0107 zakup\u00f3w. U\u017cyj przejrzystej wersji demonstracyjnej Elfsight, aby stworzy\u0107 widget.\" \/>\n<meta property=\"og:url\" content=\"https:\/\/elfsight.com\/pl\/store-locator-widget\/woocommerce\/\" \/>\n<meta property=\"og:site_name\" content=\"Elfsight PL\" \/>\n<meta property=\"article:modified_time\" content=\"2024-10-24T13:24:26+00:00\" \/>\n<meta name=\"twitter:card\" content=\"summary_large_image\" \/>\n<meta name=\"twitter:label1\" content=\"Szacowany czas czytania\" \/>\n\t<meta name=\"twitter:data1\" content=\"2 minuty\" \/>\n<!-- \/ Yoast SEO plugin. -->","yoast_head_json":{"title":"Dodaj lokalizator sklep\u00f3w do WooCommerce \u2014 wyszukiwarka sklep\u00f3w bez kod\u00f3w","description":"Dodaj przydatny lokalizator sklep\u00f3w do swojej witryny WooCommerce, aby poprawi\u0107 jako\u015b\u0107 zakup\u00f3w. U\u017cyj przejrzystej wersji demonstracyjnej Elfsight, aby stworzy\u0107 widget.","robots":{"index":"index","follow":"follow","max-snippet":"max-snippet:-1","max-image-preview":"max-image-preview:large","max-video-preview":"max-video-preview:-1"},"canonical":"https:\/\/elfsight.com\/pl\/store-locator-widget\/woocommerce\/","og_locale":"pl_PL","og_type":"article","og_title":"Dodaj lokalizator sklep\u00f3w do WooCommerce \u2014 wyszukiwarka sklep\u00f3w bez kod\u00f3w","og_description":"Dodaj przydatny lokalizator sklep\u00f3w do swojej witryny WooCommerce, aby poprawi\u0107 jako\u015b\u0107 zakup\u00f3w. U\u017cyj przejrzystej wersji demonstracyjnej Elfsight, aby stworzy\u0107 widget.","og_url":"https:\/\/elfsight.com\/pl\/store-locator-widget\/woocommerce\/","og_site_name":"Elfsight PL","article_modified_time":"2024-10-24T13:24:26+00:00","twitter_card":"summary_large_image","twitter_misc":{"Szacowany czas czytania":"2 minuty"},"schema":{"@context":"https:\/\/schema.org","@graph":[{"@type":"WebPage","@id":"https:\/\/elfsight.com\/pl\/store-locator-widget\/woocommerce\/","url":"https:\/\/elfsight.com\/pl\/store-locator-widget\/woocommerce\/","name":"Dodaj lokalizator sklep\u00f3w do WooCommerce \u2014 wyszukiwarka sklep\u00f3w bez kod\u00f3w","isPartOf":{"@id":"https:\/\/elfsight.com\/pl\/#website"},"datePublished":"1970-01-01T00:00:00+00:00","dateModified":"2024-10-24T13:24:26+00:00","description":"Dodaj przydatny lokalizator sklep\u00f3w do swojej witryny WooCommerce, aby poprawi\u0107 jako\u015b\u0107 zakup\u00f3w. U\u017cyj przejrzystej wersji demonstracyjnej Elfsight, aby stworzy\u0107 widget.","breadcrumb":{"@id":"https:\/\/elfsight.com\/pl\/store-locator-widget\/woocommerce\/#breadcrumb"},"inLanguage":"pl-PL","potentialAction":[{"@type":"ReadAction","target":["https:\/\/elfsight.com\/pl\/store-locator-widget\/woocommerce\/"]}]},{"@type":"BreadcrumbList","@id":"https:\/\/elfsight.com\/pl\/store-locator-widget\/woocommerce\/#breadcrumb","itemListElement":[{"@type":"ListItem","position":1,"name":"Home","item":"https:\/\/elfsight.com\/pl\/"},{"@type":"ListItem","position":2,"name":"Store Locator","item":"https:\/\/elfsight.com\/pl\/store-locator-widget\/"},{"@type":"ListItem","position":3,"name":"Store Locator &#8211; WooCommerce"}]},{"@type":"WebSite","@id":"https:\/\/elfsight.com\/pl\/#website","url":"https:\/\/elfsight.com\/pl\/","name":"Elfsight PL","description":"Just another Elfsight Sites site","potentialAction":[{"@type":"SearchAction","target":{"@type":"EntryPoint","urlTemplate":"https:\/\/elfsight.com\/pl\/?s={search_term_string}"},"query-input":{"@type":"PropertyValueSpecification","valueRequired":true,"valueName":"search_term_string"}}],"inLanguage":"pl-PL"}]}},"meta_box":{"industry":"","seo_heading":"","heading":"","description":"","cta_heading":"","cta_description":"","application":"3352","h1":"Wtyczka lokalizatora sklep\u00f3w WooCommerce","h1_caption":"Wy\u015bwietl map\u0119 z wieloma lokalizacjami sklep\u00f3w, aby pom\u00f3c Twoim klientom znale\u017a\u0107 najbli\u017csz\u0105 lokalizacj\u0119 w Twojej witrynie WooCommerce.","application_category":[],"applications_title":"","applications_request_title":"","applications_request_button_text":"","hero_text":"","hero_video":"","hero_video_schema_markup":"","selling_points_title":"","selling_points_caption":"","selling_points":[],"selling_points_cta_text":"","features_title":"","features":"","ed_cta_examples_text":"","ed_cta_examples_hidden":"","ed_cta_demo_text":"","ed_cta_demo_hidden":"","why_caption":"","why_editor_title":"","why_editor_text":"","why_team_title":"","why_team_text":"","why_service_title":"","why_service_text":"","template_catalog_visible":"","template_catalog_title":"","template_catalog_text":"","template_catalog_categories_visible":"","demo_title":"Pospiesz si\u0119, aby zaprojektowa\u0107 niestandardowy lokalizator sklep\u00f3w WooCommerce","demo_caption":"Dostosuj go i umie\u015b\u0107 na swojej stronie internetowej, korzystaj\u0105c z wersji demonstracyjnej na \u017cywo.","default_faq_hidden":"","app_template_category":[],"platform":"335","template_public_id":"","codecanyon_url":"","codecanyon_item_id":"","codecanyon_price":"","pricing_caption":"","pricing_elfsight_apps_hide_column":"","pricing_elfsight_apps_url":"","pricing_codecanyon_price_caption":"","integration_category":[],"integration_request_title":"","integration_request_cta":"","integration_platform":"","integrations":[],"platform_category":[],"video_schema_markup":"","price":"od 0 USD \/ miesi\u0105c","trial":"","benefits":[{"text":"Bezp\u0142atna pomoc w instalacji"},{"text":"Profesjonalna obs\u0142uga klienta"},{"text":"14-dniowa gwarancja zwrotu pieni\u0119dzy"}],"button_url":"#demo","button_target_blank":"","button_nofollow":"","attributes":[{"name":"Instaluje"},{"name":"Czu\u0142y"},{"name":"Kompatybilne przegl\u0105darki"}],"tags":[],"tags_disable_links":"","hide_more_platforms":"","video_object":"","demo_hide_cta":"","demo_hide_cloud_options":"","pricing_title":"","pricing":[{"pricing_icon":"platform","pricing_title":"Elfsight Apps","pricing_title_caption":"Wieloplatformowe rozwi\u0105zanie cyfrowe","pricing_price":"od 0 USD \/ miesi\u0105c","pricing_price_caption":"zacznij od bezp\u0142atnego planu","pricing_benefits":[{"text":"Nielimitowane domeny"},{"text":"Profesjonalne i terminowe wsparcie"},{"text":"Bezp\u0142atne wsparcie przy instalacji"},{"text":"W pe\u0142ni konfigurowalny"}],"pricing_button_text":"Dodaj do witryny","pricing_button_url":"#demo"}],"related_apps_title":"","related_apps_hidden":"","author":"","image":[],"title":"","job":"","social_networks":[]},"_links":{"self":[{"href":"https:\/\/elfsight.com\/pl\/wp-json\/wp\/v2\/pages\/6630","targetHints":{"allow":["GET"]}}],"collection":[{"href":"https:\/\/elfsight.com\/pl\/wp-json\/wp\/v2\/pages"}],"about":[{"href":"https:\/\/elfsight.com\/pl\/wp-json\/wp\/v2\/types\/page"}],"author":[{"embeddable":true,"href":"https:\/\/elfsight.com\/pl\/wp-json\/wp\/v2\/users\/9"}],"replies":[{"embeddable":true,"href":"https:\/\/elfsight.com\/pl\/wp-json\/wp\/v2\/comments?post=6630"}],"version-history":[{"count":1,"href":"https:\/\/elfsight.com\/pl\/wp-json\/wp\/v2\/pages\/6630\/revisions"}],"predecessor-version":[{"id":6634,"href":"https:\/\/elfsight.com\/pl\/wp-json\/wp\/v2\/pages\/6630\/revisions\/6634"}],"up":[{"embeddable":true,"href":"https:\/\/elfsight.com\/pl\/wp-json\/wp\/v2\/pages\/3364"}],"wp:attachment":[{"href":"https:\/\/elfsight.com\/pl\/wp-json\/wp\/v2\/media?parent=6630"}],"curies":[{"name":"wp","href":"https:\/\/api.w.org\/{rel}","templated":true}]}}