{"id":6629,"date":"2024-05-03T06:49:00","date_gmt":"2024-05-03T06:49:00","guid":{"rendered":"https:\/\/elfsight.com\/pl\/?page_id=6629"},"modified":"2024-10-24T13:24:26","modified_gmt":"2024-10-24T13:24:26","slug":"wordpress","status":"publish","type":"page","link":"https:\/\/elfsight.com\/pl\/store-locator-widget\/wordpress\/","title":{"rendered":"Store Locator &#8211; WordPress"},"content":{"rendered":"<div class=\"application-platform-content-item-description application-platform-content-item\" id=\"description\" data-nav-section=\"description\"> <h2>Osad\u017a Lokalizator sklep\u00f3w w WordPress za pomoc\u0105 wtyczki Elfsight<\/h2> <p>Lokator sklep\u00f3w Elfsight dla WordPress to dynamiczny i regulowany widget stworzony zwi\u0119kszy\u0107 u\u017cyteczno\u015b\u0107 Twojej witryny i zaanga\u017cowanie klient\u00f3w, u\u0142atwiaj\u0105c im ni\u017c kiedykolwiek znalezienie drogi do Twojej lokalizacji. Dzi\u0119ki szeregowi zaawansowanych funkcji opracowanych z my\u015bl\u0105 o wszechstronno\u015bci i wydajno\u015bci, ten widget jest idealnym rozwi\u0105zaniem do og\u0142aszania fizycznych lokalizacji firm w zrozumia\u0142y i wygodny spos\u00f3b. Sprawd\u017a ju\u017c teraz i zauwa\u017c, jak zmienia Twoj\u0105 witryn\u0119 we wspania\u0142\u0105 wyszukiwark\u0119 sklep\u00f3w!<\/p> <p>Dodaj\u0105c wid\u017cet, zwi\u0119kszysz swoj\u0105 wiarygodno\u015b\u0107 w\u015br\u00f3d klient\u00f3w, dziel\u0105c si\u0119 szczeg\u00f3\u0142owymi informacjami dotycz\u0105cymi fizycznych lokalizacji Twojej organizacji, zapewniaj\u0105c wszystkich o solidno\u015bci obecno\u015b\u0107. Prze\u0142o\u017cy si\u0119 to na lepsze podejmowanie decyzji i lepsze do\u015bwiadczenia zakupowe w\u015br\u00f3d klient\u00f3w. <\/p><p><b>Wypr\u00f3buj doskona\u0142\u0105 wyszukiwark\u0119 sklep\u00f3w, kt\u00f3ra wy\u015bwietla Twoj\u0105 lokalizacj\u0119 i przydatne dane operacyjne. Podaj sw\u00f3j adres fizyczny i odpowiednie informacje, zapraszaj\u0105c nowych klient\u00f3w w sklepie. <\/b><\/p> <\/div> <div class=\"application-platform-content-item-features application-platform-content-item\" id=\"features\" data-nav-section=\"features\"> <h2>Sprawd\u017a list\u0119 najbardziej przydatnych funkcji:<\/h2> <ul><li>\u0141atwy wyb\u00f3r lokalizacji<\/li><li>Przydatne funkcje mapy<\/li><li>Przyciski CTA lokalizacji w\u0142\u0105czone dzi\u0119ki integracji <\/li><li>Wyskakuj\u0105ce okienko ze szczeg\u00f3\u0142ow\u0105 lokalizacj\u0105 po wybraniu znacznika<\/li><li>Godziny otwarcia lokalizacji i &amp; aktualny stan<\/li><\/ul><p><a href=\"#demo\">Przejrzyj wszystkie ustawienia w pe\u0142ni funkcjonalnej wersji demonstracyjnej<\/a><\/p><\/div> <div class=\"application-platform-content-item-installation application-platform-content-item\" id=\"installation\" data-nav-section=\"installation\"> <h2>Jak w\u0142\u0105czy\u0107 Lokalizator sklep\u00f3w do mojej witryny WordPress?<\/h2> <p>Wystarczy wykona\u0107 kilka krok\u00f3w przedstawionych poni\u017cej, aby zainstalowa\u0107 wtyczk\u0119. <\/p> <ol><li><b>Otw\u00f3rz nasze bezp\u0142atne demo i zacznij budowa\u0107 sw\u00f3j spersonalizowany instrument. <\/b><br> Znajd\u017a niestandardowy wygl\u0105d i opcje narz\u0119dzia i zastosuj modyfikacje. <\/li> <li><b>Wy\u015bwietl osobisty kod w oknie aplikacji Elfsight. <\/b><br> Zaraz po zako\u0144czeniu konfiguracji narz\u0119dzia skopiuj indywidualny kod z wy\u015bwietlonego wyskakuj\u0105cego okienka i zachowaj go na p\u00f3\u017aniej. <\/li> <li><b>Rozpocznij korzystanie z wtyczki na swojej stronie g\u0142\u00f3wnej WordPress. <\/b><br> Umie\u015b\u0107 zapisany ostatnio kod na swojej stronie i zastosuj poprawki. <\/li> <li><b>Konfiguracja zosta\u0142a pomy\u015blnie uko\u0144czona. <\/b><br> Odwied\u017a swoj\u0105 stron\u0119 internetow\u0105, aby zobaczy\u0107 w akcji dzia\u0142anie wtyczki. <\/li><\/ol> <p>Je\u015bli masz pytania lub napotkasz problemy, mo\u017cesz zwr\u00f3ci\u0107 si\u0119 o pomoc do naszego personelu pomocy technicznej. Nasi konsultanci z przyjemno\u015bci\u0105 pomog\u0105 Ci we wszystkich problemach, jakie mo\u017cesz mie\u0107 z wid\u017cetem. <\/p><\/div>","protected":false},"excerpt":{"rendered":"","protected":false},"author":9,"featured_media":0,"parent":3364,"menu_order":0,"comment_status":"closed","ping_status":"closed","template":"templates\/template-application-platform.php","meta":{"publish_to_discourse":"","publish_post_category":"","wpdc_auto_publish_overridden":"","wpdc_topic_tags":"","wpdc_pin_topic":"","wpdc_pin_until":"","discourse_post_id":"","discourse_permalink":"","wpdc_publishing_response":"","wpdc_publishing_error":"","footnotes":""},"class_list":["post-6629","page","type-page","status-publish","hentry"],"yoast_head":"<!-- This site is optimized with the Yoast SEO plugin v25.3.1 - https:\/\/yoast.com\/wordpress\/plugins\/seo\/ -->\n<title>Umie\u015b\u0107 lokalizator sklep\u00f3w w WordPressie \u2013 jasno okre\u015bl swoj\u0105 lokalizacj\u0119<\/title>\n<meta name=\"description\" content=\"W\u0142\u0105cz konfigurowalny lokalizator sklep\u00f3w do swojego WordPressa, aby zwi\u0119kszy\u0107 wiarygodno\u015b\u0107. Zapoznaj si\u0119 z przejrzyst\u0105 wersj\u0105 demonstracyjn\u0105 Elfsight, aby zbudowa\u0107 przydatny widget.\" \/>\n<meta name=\"robots\" content=\"index, follow, max-snippet:-1, max-image-preview:large, max-video-preview:-1\" \/>\n<link rel=\"canonical\" href=\"https:\/\/elfsight.com\/pl\/store-locator-widget\/wordpress\/\" \/>\n<meta property=\"og:locale\" content=\"pl_PL\" \/>\n<meta property=\"og:type\" content=\"article\" \/>\n<meta property=\"og:title\" content=\"Umie\u015b\u0107 lokalizator sklep\u00f3w w WordPressie \u2013 jasno okre\u015bl swoj\u0105 lokalizacj\u0119\" \/>\n<meta property=\"og:description\" content=\"W\u0142\u0105cz konfigurowalny lokalizator sklep\u00f3w do swojego WordPressa, aby zwi\u0119kszy\u0107 wiarygodno\u015b\u0107. Zapoznaj si\u0119 z przejrzyst\u0105 wersj\u0105 demonstracyjn\u0105 Elfsight, aby zbudowa\u0107 przydatny widget.\" \/>\n<meta property=\"og:url\" content=\"https:\/\/elfsight.com\/pl\/store-locator-widget\/wordpress\/\" \/>\n<meta property=\"og:site_name\" content=\"Elfsight PL\" \/>\n<meta property=\"article:modified_time\" content=\"2024-10-24T13:24:26+00:00\" \/>\n<meta name=\"twitter:card\" content=\"summary_large_image\" \/>\n<meta name=\"twitter:label1\" content=\"Szacowany czas czytania\" \/>\n\t<meta name=\"twitter:data1\" content=\"2 minuty\" \/>\n<!-- \/ Yoast SEO plugin. -->","yoast_head_json":{"title":"Umie\u015b\u0107 lokalizator sklep\u00f3w w WordPressie \u2013 jasno okre\u015bl swoj\u0105 lokalizacj\u0119","description":"W\u0142\u0105cz konfigurowalny lokalizator sklep\u00f3w do swojego WordPressa, aby zwi\u0119kszy\u0107 wiarygodno\u015b\u0107. Zapoznaj si\u0119 z przejrzyst\u0105 wersj\u0105 demonstracyjn\u0105 Elfsight, aby zbudowa\u0107 przydatny widget.","robots":{"index":"index","follow":"follow","max-snippet":"max-snippet:-1","max-image-preview":"max-image-preview:large","max-video-preview":"max-video-preview:-1"},"canonical":"https:\/\/elfsight.com\/pl\/store-locator-widget\/wordpress\/","og_locale":"pl_PL","og_type":"article","og_title":"Umie\u015b\u0107 lokalizator sklep\u00f3w w WordPressie \u2013 jasno okre\u015bl swoj\u0105 lokalizacj\u0119","og_description":"W\u0142\u0105cz konfigurowalny lokalizator sklep\u00f3w do swojego WordPressa, aby zwi\u0119kszy\u0107 wiarygodno\u015b\u0107. Zapoznaj si\u0119 z przejrzyst\u0105 wersj\u0105 demonstracyjn\u0105 Elfsight, aby zbudowa\u0107 przydatny widget.","og_url":"https:\/\/elfsight.com\/pl\/store-locator-widget\/wordpress\/","og_site_name":"Elfsight PL","article_modified_time":"2024-10-24T13:24:26+00:00","twitter_card":"summary_large_image","twitter_misc":{"Szacowany czas czytania":"2 minuty"},"schema":{"@context":"https:\/\/schema.org","@graph":[{"@type":"WebPage","@id":"https:\/\/elfsight.com\/pl\/store-locator-widget\/wordpress\/","url":"https:\/\/elfsight.com\/pl\/store-locator-widget\/wordpress\/","name":"Umie\u015b\u0107 lokalizator sklep\u00f3w w WordPressie \u2013 jasno okre\u015bl swoj\u0105 lokalizacj\u0119","isPartOf":{"@id":"https:\/\/elfsight.com\/pl\/#website"},"datePublished":"2024-05-03T06:49:00+00:00","dateModified":"2024-10-24T13:24:26+00:00","description":"W\u0142\u0105cz konfigurowalny lokalizator sklep\u00f3w do swojego WordPressa, aby zwi\u0119kszy\u0107 wiarygodno\u015b\u0107. Zapoznaj si\u0119 z przejrzyst\u0105 wersj\u0105 demonstracyjn\u0105 Elfsight, aby zbudowa\u0107 przydatny widget.","breadcrumb":{"@id":"https:\/\/elfsight.com\/pl\/store-locator-widget\/wordpress\/#breadcrumb"},"inLanguage":"pl-PL","potentialAction":[{"@type":"ReadAction","target":["https:\/\/elfsight.com\/pl\/store-locator-widget\/wordpress\/"]}]},{"@type":"BreadcrumbList","@id":"https:\/\/elfsight.com\/pl\/store-locator-widget\/wordpress\/#breadcrumb","itemListElement":[{"@type":"ListItem","position":1,"name":"Home","item":"https:\/\/elfsight.com\/pl\/"},{"@type":"ListItem","position":2,"name":"Store Locator","item":"https:\/\/elfsight.com\/pl\/store-locator-widget\/"},{"@type":"ListItem","position":3,"name":"Store Locator &#8211; WordPress"}]},{"@type":"WebSite","@id":"https:\/\/elfsight.com\/pl\/#website","url":"https:\/\/elfsight.com\/pl\/","name":"Elfsight PL","description":"Just another Elfsight Sites site","potentialAction":[{"@type":"SearchAction","target":{"@type":"EntryPoint","urlTemplate":"https:\/\/elfsight.com\/pl\/?s={search_term_string}"},"query-input":{"@type":"PropertyValueSpecification","valueRequired":true,"valueName":"search_term_string"}}],"inLanguage":"pl-PL"}]}},"meta_box":{"industry":"","seo_heading":"","heading":"","description":"","cta_heading":"","cta_description":"","application":"3352","h1":"Wtyczka lokalizatora sklep\u00f3w WordPress","h1_caption":"Wy\u015bwietl map\u0119 z wieloma lokalizacjami sklep\u00f3w, aby pom\u00f3c Twoim klientom znale\u017a\u0107 najbli\u017csz\u0105 lokalizacj\u0119 w Twojej witrynie WordPress.","application_category":[],"applications_title":"","applications_request_title":"","applications_request_button_text":"","hero_text":"","hero_video":"","hero_video_schema_markup":"","selling_points_title":"","selling_points_caption":"","selling_points":[],"selling_points_cta_text":"","features_title":"","features":"","ed_cta_examples_text":"","ed_cta_examples_hidden":"","ed_cta_demo_text":"","ed_cta_demo_hidden":"","why_caption":"","why_editor_title":"","why_editor_text":"","why_team_title":"","why_team_text":"","why_service_title":"","why_service_text":"","template_catalog_visible":"","template_catalog_title":"","template_catalog_text":"","template_catalog_categories_visible":"","demo_title":"Pospiesz si\u0119, aby stworzy\u0107 w\u0142asny lokalizator sklep\u00f3w WordPress","demo_caption":"Dostosuj go i zintegruj wid\u017cet ze swoj\u0105 witryn\u0105 za pomoc\u0105 wersji demonstracyjnej online.","default_faq_hidden":"","app_template_category":[],"platform":"31","template_public_id":"","codecanyon_url":"","codecanyon_item_id":"","codecanyon_price":"","pricing_caption":"","pricing_elfsight_apps_hide_column":"","pricing_elfsight_apps_url":"","pricing_codecanyon_price_caption":"","integration_category":[],"integration_request_title":"","integration_request_cta":"","integration_platform":"","integrations":[],"platform_category":[],"video_schema_markup":"","price":"od 0 USD \/ miesi\u0105c","trial":"","benefits":[{"text":"Bezp\u0142atna pomoc w instalacji"},{"text":"Wsparcie premium"},{"text":"14-dniowa gwarancja zwrotu pieni\u0119dzy"},{"text":"Regularne bezp\u0142atne aktualizacje"}],"button_url":"#demo","button_target_blank":"","button_nofollow":"","attributes":[{"name":"Instaluje"},{"name":"Czu\u0142y"},{"name":"Kompatybilne przegl\u0105darki"}],"tags":[],"tags_disable_links":"","hide_more_platforms":"","video_object":"","demo_hide_cta":"","demo_hide_cloud_options":"","pricing_title":"","pricing":[{"pricing_icon":"platform","pricing_title":"Elfsight Apps","pricing_title_caption":"Wersja wieloplatformowa","pricing_price":"od 0 USD \/ miesi\u0105c","pricing_price_caption":"zacznij od bezp\u0142atnego planu","pricing_benefits":[{"text":"Nielimitowane strony internetowe"},{"text":"Bezp\u0142atne i terminowe wsparcie oraz dobrze udokumentowane"},{"text":"Bezp\u0142atna us\u0142uga monta\u017cu"},{"text":"100% konfigurowalny"}],"pricing_button_text":"Dodaj do witryny","pricing_button_url":"#demo"}],"related_apps_title":"","related_apps_hidden":"","author":"","image":[],"title":"","job":"","social_networks":[]},"_links":{"self":[{"href":"https:\/\/elfsight.com\/pl\/wp-json\/wp\/v2\/pages\/6629","targetHints":{"allow":["GET"]}}],"collection":[{"href":"https:\/\/elfsight.com\/pl\/wp-json\/wp\/v2\/pages"}],"about":[{"href":"https:\/\/elfsight.com\/pl\/wp-json\/wp\/v2\/types\/page"}],"author":[{"embeddable":true,"href":"https:\/\/elfsight.com\/pl\/wp-json\/wp\/v2\/users\/9"}],"replies":[{"embeddable":true,"href":"https:\/\/elfsight.com\/pl\/wp-json\/wp\/v2\/comments?post=6629"}],"version-history":[{"count":1,"href":"https:\/\/elfsight.com\/pl\/wp-json\/wp\/v2\/pages\/6629\/revisions"}],"predecessor-version":[{"id":6633,"href":"https:\/\/elfsight.com\/pl\/wp-json\/wp\/v2\/pages\/6629\/revisions\/6633"}],"up":[{"embeddable":true,"href":"https:\/\/elfsight.com\/pl\/wp-json\/wp\/v2\/pages\/3364"}],"wp:attachment":[{"href":"https:\/\/elfsight.com\/pl\/wp-json\/wp\/v2\/media?parent=6629"}],"curies":[{"name":"wp","href":"https:\/\/api.w.org\/{rel}","templated":true}]}}