{"id":6624,"date":"1970-01-01T00:00:00","date_gmt":"1970-01-01T00:00:00","guid":{"rendered":"https:\/\/elfsight.com\/pl\/?page_id=6624"},"modified":"2024-11-14T12:51:29","modified_gmt":"2024-11-14T12:51:29","slug":"wordpress","status":"publish","type":"page","link":"https:\/\/elfsight.com\/pl\/social-media-share-buttons\/wordpress\/","title":{"rendered":"Social Share Buttons &#8211; WordPress"},"content":{"rendered":"\n<div class=\"application-platform-content-item-description application-platform-content-item\" id=\"description\" data-nav-section=\"description\"><h2>Osad\u017a przyciski udost\u0119pniania spo\u0142eczno\u015bciowego w WordPressie za pomoc\u0105 wid\u017cetu Elfsight<\/h2><p>Intuicyjna wtyczka odpowiednia dla ka\u017cdej witryny internetowej, kt\u00f3ra pomo\u017ce Twoim u\u017cytkownikom udost\u0119pnia\u0107 zawarto\u015b\u0107 Twojej witryny w sieciach spo\u0142eczno\u015bciowych. Zwi\u0119ksz popularno\u015b\u0107 swojej marki w Google+, Facebooku, LinkedIn i innych zasobach, zdob\u0105d\u017a wi\u0119cej obserwuj\u0105cych i przyci\u0105gnij uwag\u0119 do swojej witryny.<\/p><p><b>Przyci\u0105gnij wi\u0119cej wy\u015bwietle\u0144 i czytelnik\u00f3w z sieci spo\u0142eczno\u015bciowych!<\/b><\/p><ul><li><b>Szerokie rozpowszechnianie publikacji i produkt\u00f3w w mediach spo\u0142eczno\u015bciowych<\/b>.<br>Dzi\u0119ki przejrzystemu interfejsowi i zaawansowanym funkcjom jednym klikni\u0119ciem Twoje tre\u015bci b\u0119d\u0105 aktywnie rozpowszechniane we wszystkich mediach spo\u0142eczno\u015bciowych bez wi\u0119kszego wysi\u0142ku.<\/li><li><b>Promuj atrakcyjne tre\u015bci i powi\u0119kszaj grono odbiorc\u00f3w<\/b>.<br>Daj swoim czytelnikom mo\u017cliwo\u015b\u0107 \u0142atwego i szybkiego rozpowszechniania tre\u015bci, kt\u00f3re im si\u0119 podobaj\u0105. Dotrzyj do nowej publiczno\u015bci.<\/li><li><b>Zwi\u0119ksz liczb\u0119 odwiedzin swojej witryny<\/b>.<br>Przyci\u0105gnij nowych czytelnik\u00f3w do swojej witryny poprzez aktywn\u0105 pozycj\u0119 w sieciach spo\u0142eczno\u015bciowych i do\u015bwiadcz wzrostu wsp\u00f3\u0142czynnika klikalno\u015bci.<\/li><li><b>Szybki instrument do pozyskiwania nowych subskrybent\u00f3w w sieciach spo\u0142eczno\u015bciowych<\/b>.<br>Tw\u00f3rz popularne tre\u015bci i daj swoim czytelnikom mo\u017cliwo\u015b\u0107 promowania ich na swoich stronach w sieciach spo\u0142eczno\u015bciowych.<\/li><\/ul><\/div><div class=\"faq\" data-component=\"FAQ\"><div class=\"faq-item\">\r\n\t\t\t\t\t<div class=\"faq-item-question\">\r\n\t\t\t\t\t\t<h3 class=\"faq-item-question-text\">W jaki spos\u00f3b mog\u0119 osadzi\u0107 przyciski udost\u0119pniania w witrynie WordPress?<\/h3>\r\n\r\n\t\t\t\t\t\t<div class=\"faq-item-question-icon\"><\/div>\r\n\t\t\t\t\t<\/div>\r\n\r\n\t\t\t\t\t<div class=\"faq-item-answer\">\r\n\t\t\t\t\t\t<div class=\"faq-item-answer-text\"><p>Tworzenie wid\u017cetu odbywa si\u0119 na stronach Elfsight i nie trzeba kodowa\u0107. Skorzystaj z naszej wersji demonstracyjnej online, aby dostosowa\u0107 swoje narz\u0119dzie, zdob\u0105d\u017a kod i umie\u015b\u0107 go na swojej stronie.<\/p><\/div>\r\n\t\t\t\t\t<\/div>\r\n\t\t\t\t<\/div><div class=\"faq-item\">\r\n\t\t\t\t\t<div class=\"faq-item-question\">\r\n\t\t\t\t\t\t<h3 class=\"faq-item-question-text\">Jak mog\u0119 uzyska\u0107 siatk\u0119 spo\u0142eczno\u015bciow\u0105 lub list\u0119 udost\u0119pniania za pomoc\u0105 wtyczek Elfsight?<\/h3>\r\n\r\n\t\t\t\t\t\t<div class=\"faq-item-question-icon\"><\/div>\r\n\t\t\t\t\t<\/div>\r\n\r\n\t\t\t\t\t<div class=\"faq-item-answer\">\r\n\t\t\t\t\t\t<div class=\"faq-item-answer-text\"><p>Dost\u0119pnych jest wiele szablon\u00f3w: galeria, lista, siatka, masonry, feed i wiele innych, a tak\u017ce elastyczne dostosowanie uk\u0142adu w celu harmonizacji z Twoimi wymaganiami. Mo\u017cesz swobodnie tworzy\u0107 niemal wszystko, czego potrzebujesz.<\/p><\/div>\r\n\t\t\t\t\t<\/div>\r\n\t\t\t\t<\/div><div class=\"faq-item\">\r\n\t\t\t\t\t<div class=\"faq-item-question\">\r\n\t\t\t\t\t\t<h3 class=\"faq-item-question-text\">Wid\u017cet My Share Buttons nie dzia\u0142a \/ nie aktualizuje si\u0119<\/h3>\r\n\r\n\t\t\t\t\t\t<div class=\"faq-item-question-icon\"><\/div>\r\n\t\t\t\t\t<\/div>\r\n\r\n\t\t\t\t\t<div class=\"faq-item-answer\">\r\n\t\t\t\t\t\t<div class=\"faq-item-answer-text\"><p>W przypadku problem\u00f3w z wid\u017cetami udost\u0119pniania spo\u0142eczno\u015bciowego skontaktuj si\u0119 z zespo\u0142em obs\u0142ugi klienta. Wsparcie jest ca\u0142kowicie bezp\u0142atne dla wszystkich klient\u00f3w Elfsight.<\/p><\/div>\r\n\t\t\t\t\t<\/div>\r\n\t\t\t\t<\/div><\/div><div class=\"application-platform-content-item-features application-platform-content-item\" id=\"features\" data-nav-section=\"features\"><h2>G\u0142\u00f3wne cechy wid\u017cetu Przyciski udost\u0119pniania spo\u0142eczno\u015bciowego<\/h2><p>Co sprawia, \u017ce przyciski medi\u00f3w spo\u0142eczno\u015bciowych Elfsight s\u0105 najlepsze spo\u015br\u00f3d wszystkich wtyczek do udost\u0119pniania w WordPressie? Sprawd\u017a nasze podstawowe zalety:<\/p><ul><li>Duplikuj i zmieniaj kolejno\u015b\u0107 przycisk\u00f3w wed\u0142ug w\u0142asnych potrzeb;<\/li><li>2 uk\u0142ady: Inline i Floating;<\/li><li>Ustaw szeroko\u015b\u0107 przycisk\u00f3w;<\/li><li>Regulowana przezroczysto\u015b\u0107 przycisk\u00f3w;<\/li><li>Bezp\u0142atna us\u0142uga instalacji.<\/li><\/ul><p><a href=\"#demo\">Wi\u0119cej funkcji w bezp\u0142atnej wersji demonstracyjnej<\/a><\/p><\/div><div class=\"application-platform-content-item-installation application-platform-content-item\" id=\"installation\" data-nav-section=\"installation\"><h2>Jak doda\u0107 przyciski udost\u0119pniania spo\u0142eczno\u015bciowego do WordPress<\/h2><div class=\"video-container\"><iframe width=\"720\" height=\"405\" src=\"https:\/\/www.youtube.com\/embed\/Hcu9pefX6Ao\" frameborder=\"0\" allowfullscreen=\"\"><\/iframe><\/div><p>Wystarczy wykona\u0107 kilka krok\u00f3w opisanych poni\u017cej, aby rozpocz\u0105\u0107 korzystanie z narz\u0119dzia w WordPress.<\/p> <ol><li><b>Uruchom nasz\u0105 bezp\u0142atn\u0105 wersj\u0119 demonstracyjn\u0105 i zacznij tworzy\u0107 sw\u00f3j unikalny widget.<\/b><br> Wybierz preferowany projekt i funkcje narz\u0119dzia, a nast\u0119pnie zapisz zmiany.<\/li> <li><b>Zdob\u0105d\u017a sw\u00f3j osobisty kod, kt\u00f3ry pojawi si\u0119 w oknie aplikacji Elfsight.<\/b><br> Po zako\u0144czeniu konfiguracji wtyczki Social Share Buttons skopiuj unikalny kod, kt\u00f3ry si\u0119 pojawi, i zachowaj go do p\u00f3\u017aniejszego wykorzystania.<\/li> <li><b>Zacznij u\u017cywa\u0107 narz\u0119dzia na swojej stronie WordPress.<\/b><br> Wklej skopiowany kod na swoj\u0105 stron\u0119 i zastosuj zmiany.<\/li> <li><b>Instalacja zako\u0144czona sukcesem.<\/b><br> Przejd\u017a na swoj\u0105 stron\u0119, aby zobaczy\u0107 dzia\u0142anie narz\u0119dzia.<\/li><\/ol> <p>Potrzebujesz pomocy przy dodawaniu lub konfiguracji wtyczki udost\u0119pniania w mediach spo\u0142eczno\u015bciowych? Zesp\u00f3\u0142 Elfsight z przyjemno\u015bci\u0105 pomo\u017ce i zaproponuje rozwi\u0105zanie! Mo\u017cesz r\u00f3wnie\u017c samodzielnie rozwi\u0105za\u0107 problem, korzystaj\u0105c z naszej pe\u0142nej instrukcji \u00ab<a href=\"https:\/\/elfsight.com\/tutorials\/how-to-add-social-share-buttons-to-wordpress-website\/\" target=\"_blank\" rel=\"noopener noreferrer\">Jak zainstalowa\u0107 przyciski medi\u00f3w spo\u0142eczno\u015bciowych na stronie WordPress<\/a>\u00bb.<\/p><\/div>\n","protected":false},"excerpt":{"rendered":"","protected":false},"author":9,"featured_media":0,"parent":2255,"menu_order":0,"comment_status":"closed","ping_status":"closed","template":"templates\/template-application-platform.php","meta":{"publish_to_discourse":"","publish_post_category":"","wpdc_auto_publish_overridden":"","wpdc_topic_tags":"","wpdc_pin_topic":"","wpdc_pin_until":"","discourse_post_id":"","discourse_permalink":"","wpdc_publishing_response":"","wpdc_publishing_error":"","footnotes":""},"class_list":["post-6624","page","type-page","status-publish","hentry"],"yoast_head":"<!-- This site is optimized with the Yoast SEO plugin v25.3.1 - https:\/\/yoast.com\/wordpress\/plugins\/seo\/ -->\n<title>Przyciski spo\u0142eczno\u015bciowe - najlepsza wtyczka WordPress Share (2025) - Elfsight<\/title>\n<meta name=\"description\" content=\"Skonfiguruj wtyczk\u0119 Social Media Share Buttons na swojej stronie WordPress. Szybkie i proste tworzenie dowolnych wtyczek do stron internetowych przez Elfsight.\" \/>\n<meta name=\"robots\" content=\"index, follow, max-snippet:-1, max-image-preview:large, max-video-preview:-1\" \/>\n<link rel=\"canonical\" href=\"https:\/\/elfsight.com\/pl\/social-media-share-buttons\/wordpress\/\" \/>\n<meta property=\"og:locale\" content=\"pl_PL\" \/>\n<meta property=\"og:type\" content=\"article\" \/>\n<meta property=\"og:title\" content=\"Przyciski spo\u0142eczno\u015bciowe - najlepsza wtyczka WordPress Share (2025) - Elfsight\" \/>\n<meta property=\"og:description\" content=\"Skonfiguruj wtyczk\u0119 Social Media Share Buttons na swojej stronie WordPress. Szybkie i proste tworzenie dowolnych wtyczek do stron internetowych przez Elfsight.\" \/>\n<meta property=\"og:url\" content=\"https:\/\/elfsight.com\/pl\/social-media-share-buttons\/wordpress\/\" \/>\n<meta property=\"og:site_name\" content=\"Elfsight PL\" \/>\n<meta property=\"article:modified_time\" content=\"2024-11-14T12:51:29+00:00\" \/>\n<meta name=\"twitter:card\" content=\"summary_large_image\" \/>\n<meta name=\"twitter:label1\" content=\"Szacowany czas czytania\" \/>\n\t<meta name=\"twitter:data1\" content=\"3 minuty\" \/>\n<!-- \/ Yoast SEO plugin. -->","yoast_head_json":{"title":"Przyciski spo\u0142eczno\u015bciowe - najlepsza wtyczka WordPress Share (2025) - Elfsight","description":"Skonfiguruj wtyczk\u0119 Social Media Share Buttons na swojej stronie WordPress. Szybkie i proste tworzenie dowolnych wtyczek do stron internetowych przez Elfsight.","robots":{"index":"index","follow":"follow","max-snippet":"max-snippet:-1","max-image-preview":"max-image-preview:large","max-video-preview":"max-video-preview:-1"},"canonical":"https:\/\/elfsight.com\/pl\/social-media-share-buttons\/wordpress\/","og_locale":"pl_PL","og_type":"article","og_title":"Przyciski spo\u0142eczno\u015bciowe - najlepsza wtyczka WordPress Share (2025) - Elfsight","og_description":"Skonfiguruj wtyczk\u0119 Social Media Share Buttons na swojej stronie WordPress. Szybkie i proste tworzenie dowolnych wtyczek do stron internetowych przez Elfsight.","og_url":"https:\/\/elfsight.com\/pl\/social-media-share-buttons\/wordpress\/","og_site_name":"Elfsight PL","article_modified_time":"2024-11-14T12:51:29+00:00","twitter_card":"summary_large_image","twitter_misc":{"Szacowany czas czytania":"3 minuty"},"schema":{"@context":"https:\/\/schema.org","@graph":[{"@type":"WebPage","@id":"https:\/\/elfsight.com\/pl\/social-media-share-buttons\/wordpress\/","url":"https:\/\/elfsight.com\/pl\/social-media-share-buttons\/wordpress\/","name":"Przyciski spo\u0142eczno\u015bciowe - najlepsza wtyczka WordPress Share (2025) - Elfsight","isPartOf":{"@id":"https:\/\/elfsight.com\/pl\/#website"},"datePublished":"1970-01-01T00:00:00+00:00","dateModified":"2024-11-14T12:51:29+00:00","description":"Skonfiguruj wtyczk\u0119 Social Media Share Buttons na swojej stronie WordPress. Szybkie i proste tworzenie dowolnych wtyczek do stron internetowych przez Elfsight.","breadcrumb":{"@id":"https:\/\/elfsight.com\/pl\/social-media-share-buttons\/wordpress\/#breadcrumb"},"inLanguage":"pl-PL","potentialAction":[{"@type":"ReadAction","target":["https:\/\/elfsight.com\/pl\/social-media-share-buttons\/wordpress\/"]}]},{"@type":"BreadcrumbList","@id":"https:\/\/elfsight.com\/pl\/social-media-share-buttons\/wordpress\/#breadcrumb","itemListElement":[{"@type":"ListItem","position":1,"name":"Home","item":"https:\/\/elfsight.com\/pl\/"},{"@type":"ListItem","position":2,"name":"Social Share Buttons","item":"https:\/\/elfsight.com\/pl\/social-media-share-buttons\/"},{"@type":"ListItem","position":3,"name":"Social Share Buttons &#8211; WordPress"}]},{"@type":"WebSite","@id":"https:\/\/elfsight.com\/pl\/#website","url":"https:\/\/elfsight.com\/pl\/","name":"Elfsight PL","description":"Just another Elfsight Sites site","potentialAction":[{"@type":"SearchAction","target":{"@type":"EntryPoint","urlTemplate":"https:\/\/elfsight.com\/pl\/?s={search_term_string}"},"query-input":{"@type":"PropertyValueSpecification","valueRequired":true,"valueName":"search_term_string"}}],"inLanguage":"pl-PL"}]}},"meta_box":{"industry":"","seo_heading":"","heading":"","description":"","cta_heading":"","cta_description":"","application":"3353","h1":"Wtyczka WordPress Share Buttons","h1_caption":"Dodaj przyciski udost\u0119pniania w mediach spo\u0142eczno\u015bciowych do swojej witryny, umo\u017cliwiaj\u0105c odwiedzaj\u0105cym bezproblemowe udost\u0119pnianie tre\u015bci na wielu platformach w witrynie WordPress.","application_category":[],"applications_title":"","applications_request_title":"","applications_request_button_text":"","hero_text":"","hero_video":"","hero_video_schema_markup":"","selling_points_title":"","selling_points_caption":"","selling_points":[],"selling_points_cta_text":"","features_title":"","features":"","ed_cta_examples_text":"","ed_cta_examples_hidden":"","ed_cta_demo_text":"","ed_cta_demo_hidden":"","why_caption":"","why_editor_title":"","why_editor_text":"","why_team_title":"","why_team_text":"","why_service_title":"","why_service_text":"","template_catalog_visible":"0","template_catalog_title":"","template_catalog_text":"","template_catalog_categories_visible":"","demo_title":"Utw\u00f3rz wtyczk\u0119 przycisk\u00f3w udost\u0119pniania spo\u0142eczno\u015bciowego","demo_caption":"Skonfiguruj przyciski udost\u0119pniania spo\u0142eczno\u015bciowego i dodaj je za darmo do swojej witryny WordPress!","default_faq_hidden":"","app_template_category":[],"platform":"31","template_public_id":"","codecanyon_url":"","codecanyon_item_id":"","codecanyon_price":"","pricing_caption":"","pricing_elfsight_apps_hide_column":"","pricing_elfsight_apps_url":"","pricing_codecanyon_price_caption":"","integration_category":[],"integration_request_title":"","integration_request_cta":"","integration_platform":"","integrations":[],"platform_category":[],"video_schema_markup":"","price":"od 0 USD \/ miesi\u0105c","trial":"","benefits":[{"text":"Bezp\u0142atna pomoc w instalacji"},{"text":"Do\u015bwiadczona obs\u0142uga klienta"},{"text":"14-dniowa gwarancja zwrotu pieni\u0119dzy"}],"button_url":"#demo","button_target_blank":"0","button_nofollow":"0","attributes":[{"name":"Instaluje"},{"name":"Czu\u0142y"},{"name":"Kompatybilne przegl\u0105darki"}],"tags":[],"tags_disable_links":"0","hide_more_platforms":"","video_object":"","demo_hide_cta":"0","demo_hide_cloud_options":"0","pricing_title":"","pricing":[{"pricing_icon":"cloud","pricing_title":"Elfsight Apps","pricing_title_caption":"Wersja wieloplatformowa, kt\u00f3ra dzia\u0142a na dowolnej witrynie","pricing_price":"od 0 USD \/ miesi\u0105c","pricing_price_caption":"zacznij od bezp\u0142atnego planu","pricing_benefits":[{"text":"Nielimitowane strony internetowe"},{"text":"Bezp\u0142atne i terminowe wsparcie oraz dobrze udokumentowane"},{"text":"Bezp\u0142atna us\u0142uga monta\u017cu"},{"text":"Oferta specjalna na wiele aplikacji"}],"pricing_button_text":"Dodaj do witryny","pricing_button_url":"#demo"}],"related_apps_title":"","related_apps_hidden":"0","author":"","image":[],"title":"","job":"","social_networks":[]},"_links":{"self":[{"href":"https:\/\/elfsight.com\/pl\/wp-json\/wp\/v2\/pages\/6624","targetHints":{"allow":["GET"]}}],"collection":[{"href":"https:\/\/elfsight.com\/pl\/wp-json\/wp\/v2\/pages"}],"about":[{"href":"https:\/\/elfsight.com\/pl\/wp-json\/wp\/v2\/types\/page"}],"author":[{"embeddable":true,"href":"https:\/\/elfsight.com\/pl\/wp-json\/wp\/v2\/users\/9"}],"replies":[{"embeddable":true,"href":"https:\/\/elfsight.com\/pl\/wp-json\/wp\/v2\/comments?post=6624"}],"version-history":[{"count":3,"href":"https:\/\/elfsight.com\/pl\/wp-json\/wp\/v2\/pages\/6624\/revisions"}],"predecessor-version":[{"id":8480,"href":"https:\/\/elfsight.com\/pl\/wp-json\/wp\/v2\/pages\/6624\/revisions\/8480"}],"up":[{"embeddable":true,"href":"https:\/\/elfsight.com\/pl\/wp-json\/wp\/v2\/pages\/2255"}],"wp:attachment":[{"href":"https:\/\/elfsight.com\/pl\/wp-json\/wp\/v2\/media?parent=6624"}],"curies":[{"name":"wp","href":"https:\/\/api.w.org\/{rel}","templated":true}]}}