{"id":6623,"date":"1970-01-01T00:00:00","date_gmt":"1970-01-01T00:00:00","guid":{"rendered":"https:\/\/elfsight.com\/pl\/?page_id=6623"},"modified":"2025-06-20T08:59:28","modified_gmt":"2025-06-20T08:59:28","slug":"shopify","status":"publish","type":"page","link":"https:\/\/elfsight.com\/pl\/social-media-share-buttons\/shopify\/","title":{"rendered":"Social Share Buttons &#8211; Shopify"},"content":{"rendered":"<div class=\"application-platform-content-item-description application-platform-content-item\" id=\"description\" data-nav-section=\"description\"><h2>Osad\u017a przyciski udost\u0119pniania spo\u0142eczno\u015bciowego w Shopify za pomoc\u0105 wid\u017cetu Elfsight<\/h2><p>\u0141atwa aplikacja do udost\u0119pniania dla dowolnych witryn internetowych, kt\u00f3ra umo\u017cliwia odwiedzaj\u0105cym do udost\u0119pniania tre\u015bci w r\u00f3\u017cnych sieciach spo\u0142eczno\u015bciowych. Promuj swoj\u0105 firm\u0119 w mediach spo\u0142eczno\u015bciowych i zdob\u0105d\u017a wi\u0119cej subskrybent\u00f3w i fan\u00f3w dzi\u0119ki wysokiej jako\u015bci publikacjom na swojej osobistej stronie internetowej.<\/p><p><b>Przyci\u0105gnij dodatkowy ruch i obserwuj\u0105cych z sieci spo\u0142eczno\u015bciowych!<\/b><\/p><ul><li><b>Maksymalny zasi\u0119g tre\u015bci i element\u00f3w w sieciach spo\u0142eczno\u015bciowych<\/b>.<br>Dzi\u0119ki \u0142atwemu projektowi i szerokiej funkcjonalno\u015bci jednym klikni\u0119ciem Twoje tre\u015bci b\u0119d\u0105 promowane we wszystkich mediach spo\u0142eczno\u015bciowych.<\/li> <li><b>Udost\u0119pnij swoje posty wi\u0119kszej liczbie widz\u00f3w<\/b>.<br>Zapewnij swoim klientom mo\u017cliwo\u015b\u0107 \u0142atwego rozpowszechniania tre\u015bci, aby dotrze\u0107 do nowych odbiorc\u00f3w.<\/li><li><b>Zwi\u0119ksz liczb\u0119 klikni\u0119\u0107 na Twojej stronie<\/b>.<br>Przyci\u0105gnij wi\u0119cej odwiedzaj\u0105cych na swoj\u0105 stron\u0119 dzi\u0119ki aktywnej pozycji w mediach spo\u0142eczno\u015bciowych i do\u015bwiadcz wzrostu liczby odwiedzin.<\/li><li><b>Zwi\u0119ksz liczb\u0119 obserwuj\u0105cych w mediach spo\u0142eczno\u015bciowych us\u0142ugi<\/b>.<br>Uwa\u017casz, \u017ce tre\u015b\u0107 Twojej witryny jest naprawd\u0119 ekscytuj\u0105ca? Pozw\u00f3l u\u017cytkownikom samodzielnie j\u0105 promowa\u0107, udost\u0119pniaj\u0105c posty swoim znajomym.<\/li><\/ul><\/div><div class=\"application-platform-content-item-features application-platform-content-item\" id=\"features\" data-nav-section=\"features\"><h2>G\u0142\u00f3wne funkcje wid\u017cetu Przyciski udost\u0119pniania spo\u0142eczno\u015bciowego<\/h2><p> Co sprawia, \u017ce \u200b\u200bprzyciski Elfsight s\u0105 najlepsze w\u015br\u00f3d aplikacji do udost\u0119pniania Shopify? Sprawd\u017a nasze najwa\u017cniejsze zalety:<\/p><ul><li>Umie\u015b\u0107 nieograniczon\u0105 liczb\u0119 przycisk\u00f3w;<\/li><li>Regulowany rozmiar rynny;<\/li><li>Ustaw elementy przycisk\u00f3w, kt\u00f3re maj\u0105 by\u0107 wy\u015bwietlane;<\/li><li>4 predefiniowane style przycisk\u00f3w;<\/li><li>Aktualizacje na \u017cywo wydawane na bie\u017c\u0105co.<\/li><\/ul><p><a href=\"#demo\">Wypr\u00f3buj wszystkie funkcje w bezp\u0142atnej wersji demonstracyjnej <\/a><\/p><\/div><div class=\"application-platform-content-item-installation application-platform-content-item\" id=\"installation\" data-nav-section=\"installation\"><h2>Jak doda\u0107 przyciski udost\u0119pniania do Shopify<\/h2><div class=\"video-container\"><iframe width=\"720\" height=\"405\" src=\"https:\/\/www.youtube.com\/embed\/2YsYV3rH2Sg\" frameborder=\"0\" allowfullscreen=\"\"><\/iframe><\/div><p>Zwi\u0119z\u0142y podr\u0119cznik na temat wy\u015bwietlania przycisk\u00f3w , nie s\u0105 potrzebne \u017cadne umiej\u0119tno\u015bci w zakresie tworzenia stron internetowych, a zajmie to tylko minut\u0119.<\/p><ol><li><b>Uruchom nasz darmowy edytor i zacznij tworzy\u0107 spersonalizowan\u0105 aplikacj\u0119. <\/b><br> Okre\u015bl odpowiedni projekt i aspekty aplikacji i zapisz wszystkie zmiany. <\/li> <li><b>Uzyskaj unikalny kod pojawiaj\u0105cy si\u0119 w oknie aplikacji Elfsight. <\/b><br> Po zako\u0144czeniu dostosowywania aplikacji osobistej skopiuj kod z wy\u015bwietlonego okna i zachowaj go do wykorzystania w przysz\u0142o\u015bci. <\/li> <li><b>Rozpocznij korzystanie z aplikacji na stronie internetowej Shopify. <\/b><br> Umie\u015b\u0107 ostatnio zapisany kod na swojej stronie internetowej i zastosuj zmiany. <\/li> <li><b>Gotowe! Integracja zosta\u0142a ca\u0142kowicie zako\u0144czona. <\/b><br> Otw\u00f3rz swoj\u0105 stron\u0119 internetow\u0105, aby zobaczy\u0107 w akcji, jak dzia\u0142a aplikacja. <\/li><\/ol><p>Masz problemy z dodaniem lub ustawieniem aplikacji? Nasi specjali\u015bci wsparcia b\u0119d\u0105 tutaj, aby doradzi\u0107 i zaproponowa\u0107 rozwi\u0105zanie! Mo\u017cesz tak\u017ce rozwi\u0105za\u0107 ten problem samodzielnie, korzystaj\u0105c z naszego pe\u0142nego przewodnika \u00ab<a href=\"https:\/\/elfsight.com\/tutorials\/how-to-add-social-share-buttons-to-shopify-website\/\" target=\"_blank \" rel=\"noopener noreferrer\">Jak zintegrowa\u0107 przyciski udost\u0119pniania w witrynie Shopify<\/a>\u00bb.<\/p><\/div><div class=\"faq\" data-component=\"FAQ\"><div class=\"faq-item\">\r\n\t\t\t\t\t<div class=\"faq-item-question\">\r\n\t\t\t\t\t\t<h3 class=\"faq-item-question-text\">W kt\u00f3rym w jaki spos\u00f3b mog\u0119 osadzi\u0107 przyciski udost\u0119pniania spo\u0142eczno\u015bciowego w mojej witrynie Shopify bez do\u015bwiadczenia w kodowaniu?<\/h3>\r\n\r\n\t\t\t\t\t\t<div class=\"faq-item-question-icon\"><\/div>\r\n\t\t\t\t\t<\/div>\r\n\r\n\t\t\t\t\t<div class=\"faq-item-answer\">\r\n\t\t\t\t\t\t<div class=\"faq-item-answer-text\"><p>Firma Elfsight wprowadza rozwi\u0105zanie SaaS, kt\u00f3re umo\u017cliwia szerokiemu gronu odbiorc\u00f3w samodzielne utworzenie sekcji przycisk\u00f3w udost\u0119pniania spo\u0142eczno\u015bciowego, zobacz, jak nieskomplikowany jest ten proces: <\/p><ul><li>Pracuj w wersji demonstracyjnej na \u017cywo, aby utworzy\u0107 wtyczk\u0119 przycisk\u00f3w udost\u0119pniania spo\u0142eczno\u015bciowego, kt\u00f3r\u0105 chcesz doda\u0107 na swojej stronie internetowej Shopify.<\/li><li>Wybierz jeden z gotowych szablon\u00f3w i zmodyfikuj ustawienia przycisk\u00f3w udost\u0119pniania spo\u0142eczno\u015bciowego , dodaj swoj\u0105 tre\u015b\u0107, zmie\u0144 uk\u0142ad i kolor element\u00f3w bez \u017cadnego kodowania.<\/li><li>Zapisz przyciski udost\u0119pniania spo\u0142eczno\u015bciowego i skopiuj kod wtyczki do osadzenia, kt\u00f3ry mo\u017cna \u0142atwo umie\u015bci\u0107 na swojej stronie internetowej Shopify za darmo.<\/li><\/ul><p>Za pomoc\u0105 naszego przyjaznego dla u\u017cytkownika Edytora ka\u017cdy u\u017cytkownik Internetu mo\u017ce zbudowa\u0107 wid\u017cet Przyciski udost\u0119pniania spo\u0142eczno\u015bciowego online i doda\u0107 go do strony internetowej Shopify. Aby skorzysta\u0107 z us\u0142ugi, nie trzeba p\u0142aci\u0107 ani podawa\u0107 danych uwierzytelniaj\u0105cych karty. Je\u015bli napotkasz jakiekolwiek problemy, nie wahaj si\u0119 porozmawia\u0107 z naszym personelem pomocy.<\/p><\/div>\r\n\t\t\t\t\t<\/div>\r\n\t\t\t\t<\/div><\/div>","protected":false},"excerpt":{"rendered":"","protected":false},"author":9,"featured_media":0,"parent":2255,"menu_order":0,"comment_status":"closed","ping_status":"closed","template":"templates\/template-application-platform.php","meta":{"publish_to_discourse":"","publish_post_category":"","wpdc_auto_publish_overridden":"","wpdc_topic_tags":"","wpdc_pin_topic":"","wpdc_pin_until":"","discourse_post_id":"","discourse_permalink":"","wpdc_publishing_response":"","wpdc_publishing_error":"","footnotes":""},"class_list":["post-6623","page","type-page","status-publish","hentry"],"yoast_head":"<!-- This site is optimized with the Yoast SEO plugin v25.3.1 - https:\/\/yoast.com\/wordpress\/plugins\/seo\/ -->\n<title>Przyciski udost\u0119pniania spo\u0142eczno\u015bciowego \u2013 dodaj przyciski udost\u0119pniania do witryny Shopify<\/title>\n<meta name=\"description\" content=\"Zainstaluj przyciski udost\u0119pniania spo\u0142eczno\u015bciowego na swojej stronie Shopify w ci\u0105gu kilku minut. Szybka i prosta konstrukcja r\u00f3\u017cnorodnych aplikacji internetowych firmy Elfsight.\" \/>\n<meta name=\"robots\" content=\"index, follow, max-snippet:-1, max-image-preview:large, max-video-preview:-1\" \/>\n<link rel=\"canonical\" href=\"https:\/\/elfsight.com\/pl\/social-media-share-buttons\/shopify\/\" \/>\n<meta property=\"og:locale\" content=\"pl_PL\" \/>\n<meta property=\"og:type\" content=\"article\" \/>\n<meta property=\"og:title\" content=\"Przyciski udost\u0119pniania spo\u0142eczno\u015bciowego \u2013 dodaj przyciski udost\u0119pniania do witryny Shopify\" \/>\n<meta property=\"og:description\" content=\"Zainstaluj przyciski udost\u0119pniania spo\u0142eczno\u015bciowego na swojej stronie Shopify w ci\u0105gu kilku minut. Szybka i prosta konstrukcja r\u00f3\u017cnorodnych aplikacji internetowych firmy Elfsight.\" \/>\n<meta property=\"og:url\" content=\"https:\/\/elfsight.com\/pl\/social-media-share-buttons\/shopify\/\" \/>\n<meta property=\"og:site_name\" content=\"Elfsight PL\" \/>\n<meta property=\"article:modified_time\" content=\"2025-06-20T08:59:28+00:00\" \/>\n<meta name=\"twitter:card\" content=\"summary_large_image\" \/>\n<meta name=\"twitter:label1\" content=\"Szacowany czas czytania\" \/>\n\t<meta name=\"twitter:data1\" content=\"4 minuty\" \/>\n<!-- \/ Yoast SEO plugin. -->","yoast_head_json":{"title":"Przyciski udost\u0119pniania spo\u0142eczno\u015bciowego \u2013 dodaj przyciski udost\u0119pniania do witryny Shopify","description":"Zainstaluj przyciski udost\u0119pniania spo\u0142eczno\u015bciowego na swojej stronie Shopify w ci\u0105gu kilku minut. Szybka i prosta konstrukcja r\u00f3\u017cnorodnych aplikacji internetowych firmy Elfsight.","robots":{"index":"index","follow":"follow","max-snippet":"max-snippet:-1","max-image-preview":"max-image-preview:large","max-video-preview":"max-video-preview:-1"},"canonical":"https:\/\/elfsight.com\/pl\/social-media-share-buttons\/shopify\/","og_locale":"pl_PL","og_type":"article","og_title":"Przyciski udost\u0119pniania spo\u0142eczno\u015bciowego \u2013 dodaj przyciski udost\u0119pniania do witryny Shopify","og_description":"Zainstaluj przyciski udost\u0119pniania spo\u0142eczno\u015bciowego na swojej stronie Shopify w ci\u0105gu kilku minut. Szybka i prosta konstrukcja r\u00f3\u017cnorodnych aplikacji internetowych firmy Elfsight.","og_url":"https:\/\/elfsight.com\/pl\/social-media-share-buttons\/shopify\/","og_site_name":"Elfsight PL","article_modified_time":"2025-06-20T08:59:28+00:00","twitter_card":"summary_large_image","twitter_misc":{"Szacowany czas czytania":"4 minuty"},"schema":{"@context":"https:\/\/schema.org","@graph":[{"@type":"WebPage","@id":"https:\/\/elfsight.com\/pl\/social-media-share-buttons\/shopify\/","url":"https:\/\/elfsight.com\/pl\/social-media-share-buttons\/shopify\/","name":"Przyciski udost\u0119pniania spo\u0142eczno\u015bciowego \u2013 dodaj przyciski udost\u0119pniania do witryny Shopify","isPartOf":{"@id":"https:\/\/elfsight.com\/pl\/#website"},"datePublished":"1970-01-01T00:00:00+00:00","dateModified":"2025-06-20T08:59:28+00:00","description":"Zainstaluj przyciski udost\u0119pniania spo\u0142eczno\u015bciowego na swojej stronie Shopify w ci\u0105gu kilku minut. Szybka i prosta konstrukcja r\u00f3\u017cnorodnych aplikacji internetowych firmy Elfsight.","breadcrumb":{"@id":"https:\/\/elfsight.com\/pl\/social-media-share-buttons\/shopify\/#breadcrumb"},"inLanguage":"pl-PL","potentialAction":[{"@type":"ReadAction","target":["https:\/\/elfsight.com\/pl\/social-media-share-buttons\/shopify\/"]}]},{"@type":"BreadcrumbList","@id":"https:\/\/elfsight.com\/pl\/social-media-share-buttons\/shopify\/#breadcrumb","itemListElement":[{"@type":"ListItem","position":1,"name":"Home","item":"https:\/\/elfsight.com\/pl\/"},{"@type":"ListItem","position":2,"name":"Social Share Buttons","item":"https:\/\/elfsight.com\/pl\/social-media-share-buttons\/"},{"@type":"ListItem","position":3,"name":"Social Share Buttons &#8211; Shopify"}]},{"@type":"WebSite","@id":"https:\/\/elfsight.com\/pl\/#website","url":"https:\/\/elfsight.com\/pl\/","name":"Elfsight PL","description":"Just another Elfsight Sites site","potentialAction":[{"@type":"SearchAction","target":{"@type":"EntryPoint","urlTemplate":"https:\/\/elfsight.com\/pl\/?s={search_term_string}"},"query-input":{"@type":"PropertyValueSpecification","valueRequired":true,"valueName":"search_term_string"}}],"inLanguage":"pl-PL"}]}},"meta_box":{"industry":"","seo_heading":"","heading":"","description":"","cta_heading":"","cta_description":"","application":"3353","h1":"Przyciski udost\u0119pniania spo\u0142eczno\u015bciowego dla Shopify","h1_caption":"Dodaj przyciski udost\u0119pniania w mediach spo\u0142eczno\u015bciowych do swojej witryny, umo\u017cliwiaj\u0105c odwiedzaj\u0105cym bezproblemowe udost\u0119pnianie Twoich tre\u015bci na wielu platformach w Twojej witrynie Shopify.","application_category":[],"applications_title":"","applications_request_title":"","applications_request_button_text":"","hero_text":"","hero_video":"","hero_video_schema_markup":"","selling_points_title":"","selling_points_caption":"","selling_points":[],"selling_points_cta_text":"","features_title":"","features":"","ed_cta_examples_text":"","ed_cta_examples_hidden":"","ed_cta_demo_text":"","ed_cta_demo_hidden":"","why_caption":"","why_editor_title":"","why_editor_text":"","why_team_title":"","why_team_text":"","why_service_title":"","why_service_text":"","template_catalog_visible":"0","template_catalog_title":"","template_catalog_text":"","template_catalog_categories_visible":"","demo_title":"Utw\u00f3rz aplikacj\u0119 z przyciskami udost\u0119pniania spo\u0142eczno\u015bciowego","demo_caption":"Skonfiguruj przyciski udost\u0119pniania spo\u0142eczno\u015bciowego i dodaj je za darmo do swojej witryny Shopify!","default_faq_hidden":"","app_template_category":[],"platform":"7580","template_public_id":"","codecanyon_url":"","codecanyon_item_id":"","codecanyon_price":"","pricing_caption":"","pricing_elfsight_apps_hide_column":"","pricing_elfsight_apps_url":"","pricing_codecanyon_price_caption":"","integration_category":[],"integration_request_title":"","integration_request_cta":"","integration_platform":"","integrations":[],"platform_category":[],"video_schema_markup":"","price":"od 0 USD \/ miesi\u0105c","trial":"","benefits":[{"text":"Bezp\u0142atna us\u0142uga monta\u017cu"},{"text":"Wsparcie premium"},{"text":"14-dniowa gwarancja zwrotu pieni\u0119dzy"}],"button_url":"#demo","button_target_blank":"0","button_nofollow":"0","attributes":[{"name":"Instaluje"},{"name":"Czu\u0142y"},{"name":"Kompatybilne przegl\u0105darki"}],"tags":[],"tags_disable_links":"0","hide_more_platforms":"0","video_object":"","demo_hide_cta":"0","demo_hide_cloud_options":"0","pricing_title":"","pricing":[{"pricing_icon":"cloud","pricing_title":"Elfsight Apps","pricing_title_caption":"Wersja wieloplatformowa, kt\u00f3ra dzia\u0142a na ka\u017cdej stronie internetowej","pricing_price":"od 0 USD \/ miesi\u0105c","pricing_price_caption":"zacznij od bezp\u0142atnego planu","pricing_benefits":[{"text":"Nielimitowane strony internetowe"},{"text":"Wsparcie premium"},{"text":"Bezp\u0142atna us\u0142uga monta\u017cu"},{"text":"Oferta specjalna na wiele aplikacji"}],"pricing_button_text":"Dodaj do witryny","pricing_button_url":"#demo"}],"related_apps_title":"","related_apps_hidden":"0","author":"","image":[],"title":"","job":"","social_networks":[]},"_links":{"self":[{"href":"https:\/\/elfsight.com\/pl\/wp-json\/wp\/v2\/pages\/6623","targetHints":{"allow":["GET"]}}],"collection":[{"href":"https:\/\/elfsight.com\/pl\/wp-json\/wp\/v2\/pages"}],"about":[{"href":"https:\/\/elfsight.com\/pl\/wp-json\/wp\/v2\/types\/page"}],"author":[{"embeddable":true,"href":"https:\/\/elfsight.com\/pl\/wp-json\/wp\/v2\/users\/9"}],"replies":[{"embeddable":true,"href":"https:\/\/elfsight.com\/pl\/wp-json\/wp\/v2\/comments?post=6623"}],"version-history":[{"count":2,"href":"https:\/\/elfsight.com\/pl\/wp-json\/wp\/v2\/pages\/6623\/revisions"}],"predecessor-version":[{"id":8041,"href":"https:\/\/elfsight.com\/pl\/wp-json\/wp\/v2\/pages\/6623\/revisions\/8041"}],"up":[{"embeddable":true,"href":"https:\/\/elfsight.com\/pl\/wp-json\/wp\/v2\/pages\/2255"}],"wp:attachment":[{"href":"https:\/\/elfsight.com\/pl\/wp-json\/wp\/v2\/media?parent=6623"}],"curies":[{"name":"wp","href":"https:\/\/api.w.org\/{rel}","templated":true}]}}