{"id":6622,"date":"1970-01-01T00:00:00","date_gmt":"1970-01-01T00:00:00","guid":{"rendered":"https:\/\/elfsight.com\/pl\/?page_id=6622"},"modified":"2025-06-20T09:01:23","modified_gmt":"2025-06-20T09:01:23","slug":"webflow","status":"publish","type":"page","link":"https:\/\/elfsight.com\/pl\/social-media-share-buttons\/webflow\/","title":{"rendered":"Social Share Buttons &#8211; Webflow"},"content":{"rendered":"<div class=\"application-platform-content-item-description application-platform-content-item\" id=\"description\" data-nav-section=\"description\">\n<h2>Osad\u017a przyciski udost\u0119pniania spo\u0142eczno\u015bciowego w Webflow za pomoc\u0105 wid\u017cetu Elfsight<\/h2>\n<p>Prosty wid\u017cet udost\u0119pniania dla dowolnej witryny internetowej, kt\u00f3ry pozwala odwiedzaj\u0105cym rozpowszechnia\u0107 tre\u015bci w dowolnych mediach spo\u0142eczno\u015bciowych. U\u0142atw sobie promocj\u0119 spo\u0142eczn\u0105 swojej firmy i zdob\u0105d\u017a nowych obserwuj\u0105cych i subskrybent\u00f3w dzi\u0119ki ekscytuj\u0105cym tre\u015bciom w Twojej witrynie.<\/p>\n<p><b>Zdob\u0105d\u017a wi\u0119kszy ruch i subskrybent\u00f3w z medi\u00f3w spo\u0142eczno\u015bciowych!<\/b><\/p>\n<ul>\n    <li><b>Wi\u0119cej udost\u0119pniania tre\u015bci<\/b>.<br>Dzi\u0119ki wygodnemu udost\u0119pnianiu jednym klikni\u0119ciem zawarto\u015b\u0107 Twojej witryny b\u0119dzie udost\u0119pniana cz\u0119\u015bciej i dotrze dalej.<\/li>\n    <li><b>Ulepszony ruch w Twojej witrynie<\/b>.<br>Przyci\u0105gnij wi\u0119cej odwiedzaj\u0105cych do swojej witryny dzi\u0119ki solidnej obecno\u015bci w mediach spo\u0142eczno\u015bciowych i ciesz si\u0119 wi\u0119kszym ruchem.<\/li>\n    <li><b>Szybko zdobywaj nowych obserwuj\u0105cych<\/b>.<br>Zdob\u0105d\u017a popularno\u015b\u0107 dzi\u0119ki opcji natychmiastowego udost\u0119pniania swoim go\u015bciom i zobacz, jak liczba obserwuj\u0105cych ro\u015bnie z ka\u017cd\u0105 minut\u0105!<\/li>\n<\/ul>\n<\/div>\n\n<div class=\"application-platform-content-item-features application-platform-content-item\" id=\"features\" data-nav-section=\"features\">\n<h2>G\u0142\u00f3wne funkcje przycisk\u00f3w udost\u0119pniania spo\u0142eczno\u015bciowego widget<\/h2>\n<p>Dlaczego nasze przyciski udost\u0119pniania s\u0105 najlepsze spo\u015br\u00f3d wszystkich wid\u017cet\u00f3w udost\u0119pniania Webflow? Sprawd\u017a nasze g\u0142\u00f3wne zalety:<\/p>\n<ul>\n    <li>ponad 40 wbudowanych sieci spo\u0142eczno\u015bciowych;<\/li>\n    <li>2 uk\u0142ady: wbudowany i p\u0142ywaj\u0105cy;<\/li>\n    <li>Edytowalny tekst przycisku;<\/li>\n    <li>4 predefiniowane style przycisk\u00f3w;<\/li>\n    <li>Wsparcie premium oferowane przez profesjonalny zesp\u00f3\u0142.<\/li>\n<\/ul>\n<p><a href=\"#demo\">Zobacz wi\u0119cej funkcji w bezp\u0142atnej wersji demonstracyjnej<\/a><\/p>\n<\/div>\n\n<div class=\"application-platform-content-item-installation application-platform-content-item\" id=\"installation\" data-nav-section=\"installation\">\n<h2>Jak doda\u0107 przyciski udost\u0119pniania spo\u0142eczno\u015bciowego do witryny Webflow<\/h2>\n<div class=\"video-container\"><iframe width=\"720\" height=\"405\" src=\"https:\/\/www.youtube.com\/embed\/facm6fVDWcQ\" frameborder=\"0\" allowfullscreen=\"\"><\/iframe><\/div>\n<p>Kr\u00f3tki przewodnik na temat instalacji przycisk\u00f3w udost\u0119pniania w witrynie Webflow bez konieczno\u015bci posiadania umiej\u0119tno\u015bci programowania lub zatrudniania dodatkowego specjalisty. Aby zainstalowa\u0107 wid\u017cet, potrzebujesz tylko kilku minut.<\/p>\n<ol>\n    <li><b>Stw\u00f3rz swoje osobiste przyciski udost\u0119pniania<\/b>.<br>Dzi\u0119ki naszej bezp\u0142atnej wersji demonstracyjnej utw\u00f3rz wid\u017cet z niezb\u0119dnym szablonem i mo\u017cliwo\u015bciami.<\/li>\n    <li><b>Uzyskaj kod do instalacji wid\u017cetu<\/b>.<br>Po dostrojeniu wid\u017cetu pobierz kod do udost\u0119pniania wid\u017cetu z wy\u015bwietlonego okna aplikacji Elfsight.<\/li>\n    <li><b>Poka\u017c wid\u017cet w witrynie Webflow<\/b>.<br>Poka\u017c wid\u017cet w wymaganym miejscu strony i zastosuj zmiany.<\/li>\n    <li><b>Osadzanie powiod\u0142o si\u0119!<\/b><br>Odwied\u017a swoj\u0105 witryn\u0119 i zobacz swoj\u0105 prac\u0119.<\/li>\n<\/ol>\n<p>Potrzebujesz pomocy przy instalacji lub dostosowaniu wid\u017cetu? Nasz zesp\u00f3\u0142 obs\u0142ugi klienta ch\u0119tnie Ci pomo\u017ce! Mo\u017cesz te\u017c zrobi\u0107 to samodzielnie, zapoznaj\u0105c si\u0119 z naszym szczeg\u00f3\u0142owym przewodnikiem: \u00ab<a href=\"https:\/\/elfsight.com\/tutorials\/how-to-add-social-share-buttons-to-webflow-website\/\" target=\"_blank\" rel=\"noopener noreferrer\">Jak doda\u0107 przyciski udost\u0119pniania spo\u0142eczno\u015bciowego do witryny Webflow<\/a>\u00bb<\/p>\n<\/div>\n\n<div class=\"faq\" data-component=\"FAQ\">\n<div class=\"faq-item\">\r\n\t\t\t\t\t<div class=\"faq-item-question\">\r\n\t\t\t\t\t\t<h3 class=\"faq-item-question-text\">Czy istnieje mo\u017cliwo\u015b\u0107 dodania przycisk\u00f3w udost\u0119pniania spo\u0142eczno\u015bciowego do mojej strony g\u0142\u00f3wnej Webflow bez do\u015bwiadczenia w kodowaniu?<\/h3>\r\n\r\n\t\t\t\t\t\t<div class=\"faq-item-question-icon\"><\/div>\r\n\t\t\t\t\t<\/div>\r\n\r\n\t\t\t\t\t<div class=\"faq-item-answer\">\r\n\t\t\t\t\t\t<div class=\"faq-item-answer-text\">\n<p>Firma Elfsight oferuje rozwi\u0105zanie SaaS, kt\u00f3re umo\u017cliwia samodzielne wygenerowanie wid\u017cetu przycisk\u00f3w udost\u0119pniania spo\u0142eczno\u015bciowego, poznaj nieskomplikowany przewodnik: <\/p>\n<ul>\n    <li>Przejd\u017a do wersji demonstracyjnej na \u017cywo, aby skonfigurowa\u0107 aplikacj\u0119 Social Share Buttons, kt\u00f3r\u0105 chcesz widzie\u0107 na stronie internetowej Webflow.<\/li>\n    <li>Wybierz jeden z gotowych szablon\u00f3w i dostosuj ustawienia Social Share Buttons, zmie\u0144 uk\u0142ad i schemat kolor\u00f3w, dodaj swoj\u0105 tre\u015b\u0107 bez do\u015bwiadczenia w kodowania.<\/li>\n    <li>Zapisz ustawienia dokonane w przyciskach udost\u0119pniania spo\u0142eczno\u015bciowego i uzyskaj kod wtyczki do osadzenia, kt\u00f3ry mo\u017cesz doda\u0107 w witrynie Webflow w ramach bezp\u0142atnego planu.<\/li>\n<\/ul>\n<p>Dzi\u0119ki naszemu prostemu edytorowi ka\u017cdy u\u017cytkownik sieci mo\u017ce utworzy\u0107 wid\u017cet przycisk\u00f3w udost\u0119pniania spo\u0142eczno\u015bciowego online i bez wysi\u0142ku doda\u0107 go do witryny Webflow. Aby skorzysta\u0107 z us\u0142ugi Elfsight, nie ma potrzeby posiadania p\u0142atnego planu ani ujawniania danych karty. Je\u015bli na kt\u00f3rymkolwiek etapie napotkasz jakiekolwiek przeszkody, skontaktuj si\u0119 z naszym personelem pomocy technicznej.<\/p>\n<\/div>\r\n\t\t\t\t\t<\/div>\r\n\t\t\t\t<\/div>\n<\/div>","protected":false},"excerpt":{"rendered":"","protected":false},"author":9,"featured_media":0,"parent":2255,"menu_order":0,"comment_status":"closed","ping_status":"closed","template":"templates\/template-application-platform.php","meta":{"publish_to_discourse":"","publish_post_category":"","wpdc_auto_publish_overridden":"","wpdc_topic_tags":"","wpdc_pin_topic":"","wpdc_pin_until":"","discourse_post_id":"","discourse_permalink":"","wpdc_publishing_response":"","wpdc_publishing_error":"","footnotes":""},"class_list":["post-6622","page","type-page","status-publish","hentry"],"yoast_head":"<!-- This site is optimized with the Yoast SEO plugin v25.3.1 - https:\/\/yoast.com\/wordpress\/plugins\/seo\/ -->\n<title>Przyciski udost\u0119pniania spo\u0142eczno\u015bciowego \u2013 dodaj przyciski udost\u0119pniania do witryny Webflow<\/title>\n<meta name=\"description\" content=\"Zainstaluj przyciski udost\u0119pniania spo\u0142eczno\u015bciowego na swojej stronie Webflow w zaledwie 2 minuty. Szybkie i \u0142atwe tworzenie wid\u017cetu Udost\u0119pnij za pomoc\u0105 edytora Elfsight.\" \/>\n<meta name=\"robots\" content=\"index, follow, max-snippet:-1, max-image-preview:large, max-video-preview:-1\" \/>\n<link rel=\"canonical\" href=\"https:\/\/elfsight.com\/pl\/social-media-share-buttons\/webflow\/\" \/>\n<meta property=\"og:locale\" content=\"pl_PL\" \/>\n<meta property=\"og:type\" content=\"article\" \/>\n<meta property=\"og:title\" content=\"Przyciski udost\u0119pniania spo\u0142eczno\u015bciowego \u2013 dodaj przyciski udost\u0119pniania do witryny Webflow\" \/>\n<meta property=\"og:description\" content=\"Zainstaluj przyciski udost\u0119pniania spo\u0142eczno\u015bciowego na swojej stronie Webflow w zaledwie 2 minuty. Szybkie i \u0142atwe tworzenie wid\u017cetu Udost\u0119pnij za pomoc\u0105 edytora Elfsight.\" \/>\n<meta property=\"og:url\" content=\"https:\/\/elfsight.com\/pl\/social-media-share-buttons\/webflow\/\" \/>\n<meta property=\"og:site_name\" content=\"Elfsight PL\" \/>\n<meta property=\"article:modified_time\" content=\"2025-06-20T09:01:23+00:00\" \/>\n<meta name=\"twitter:card\" content=\"summary_large_image\" \/>\n<meta name=\"twitter:label1\" content=\"Szacowany czas czytania\" \/>\n\t<meta name=\"twitter:data1\" content=\"3 minuty\" \/>\n<!-- \/ Yoast SEO plugin. -->","yoast_head_json":{"title":"Przyciski udost\u0119pniania spo\u0142eczno\u015bciowego \u2013 dodaj przyciski udost\u0119pniania do witryny Webflow","description":"Zainstaluj przyciski udost\u0119pniania spo\u0142eczno\u015bciowego na swojej stronie Webflow w zaledwie 2 minuty. Szybkie i \u0142atwe tworzenie wid\u017cetu Udost\u0119pnij za pomoc\u0105 edytora Elfsight.","robots":{"index":"index","follow":"follow","max-snippet":"max-snippet:-1","max-image-preview":"max-image-preview:large","max-video-preview":"max-video-preview:-1"},"canonical":"https:\/\/elfsight.com\/pl\/social-media-share-buttons\/webflow\/","og_locale":"pl_PL","og_type":"article","og_title":"Przyciski udost\u0119pniania spo\u0142eczno\u015bciowego \u2013 dodaj przyciski udost\u0119pniania do witryny Webflow","og_description":"Zainstaluj przyciski udost\u0119pniania spo\u0142eczno\u015bciowego na swojej stronie Webflow w zaledwie 2 minuty. Szybkie i \u0142atwe tworzenie wid\u017cetu Udost\u0119pnij za pomoc\u0105 edytora Elfsight.","og_url":"https:\/\/elfsight.com\/pl\/social-media-share-buttons\/webflow\/","og_site_name":"Elfsight PL","article_modified_time":"2025-06-20T09:01:23+00:00","twitter_card":"summary_large_image","twitter_misc":{"Szacowany czas czytania":"3 minuty"},"schema":{"@context":"https:\/\/schema.org","@graph":[{"@type":"WebPage","@id":"https:\/\/elfsight.com\/pl\/social-media-share-buttons\/webflow\/","url":"https:\/\/elfsight.com\/pl\/social-media-share-buttons\/webflow\/","name":"Przyciski udost\u0119pniania spo\u0142eczno\u015bciowego \u2013 dodaj przyciski udost\u0119pniania do witryny Webflow","isPartOf":{"@id":"https:\/\/elfsight.com\/pl\/#website"},"datePublished":"1970-01-01T00:00:00+00:00","dateModified":"2025-06-20T09:01:23+00:00","description":"Zainstaluj przyciski udost\u0119pniania spo\u0142eczno\u015bciowego na swojej stronie Webflow w zaledwie 2 minuty. Szybkie i \u0142atwe tworzenie wid\u017cetu Udost\u0119pnij za pomoc\u0105 edytora Elfsight.","breadcrumb":{"@id":"https:\/\/elfsight.com\/pl\/social-media-share-buttons\/webflow\/#breadcrumb"},"inLanguage":"pl-PL","potentialAction":[{"@type":"ReadAction","target":["https:\/\/elfsight.com\/pl\/social-media-share-buttons\/webflow\/"]}]},{"@type":"BreadcrumbList","@id":"https:\/\/elfsight.com\/pl\/social-media-share-buttons\/webflow\/#breadcrumb","itemListElement":[{"@type":"ListItem","position":1,"name":"Home","item":"https:\/\/elfsight.com\/pl\/"},{"@type":"ListItem","position":2,"name":"Social Share Buttons","item":"https:\/\/elfsight.com\/pl\/social-media-share-buttons\/"},{"@type":"ListItem","position":3,"name":"Social Share Buttons &#8211; Webflow"}]},{"@type":"WebSite","@id":"https:\/\/elfsight.com\/pl\/#website","url":"https:\/\/elfsight.com\/pl\/","name":"Elfsight PL","description":"Just another Elfsight Sites site","potentialAction":[{"@type":"SearchAction","target":{"@type":"EntryPoint","urlTemplate":"https:\/\/elfsight.com\/pl\/?s={search_term_string}"},"query-input":{"@type":"PropertyValueSpecification","valueRequired":true,"valueName":"search_term_string"}}],"inLanguage":"pl-PL"}]}},"meta_box":{"industry":"","seo_heading":"","heading":"","description":"","cta_heading":"","cta_description":"","application":"3353","h1":"Przyciski udost\u0119pniania spo\u0142eczno\u015bciowego dla przep\u0142ywu sieci","h1_caption":"Dodaj przyciski udost\u0119pniania w mediach spo\u0142eczno\u015bciowych do swojej witryny, umo\u017cliwiaj\u0105c odwiedzaj\u0105cym bezproblemowe udost\u0119pnianie tre\u015bci na wielu platformach w witrynie Webflow.","application_category":[],"applications_title":"","applications_request_title":"","applications_request_button_text":"","hero_text":"","hero_video":"","hero_video_schema_markup":"","selling_points_title":"","selling_points_caption":"","selling_points":[],"selling_points_cta_text":"","features_title":"","features":"","ed_cta_examples_text":"","ed_cta_examples_hidden":"","ed_cta_demo_text":"","ed_cta_demo_hidden":"","why_caption":"","why_editor_title":"","why_editor_text":"","why_team_title":"","why_team_text":"","why_service_title":"","why_service_text":"","template_catalog_visible":"0","template_catalog_title":"","template_catalog_text":"","template_catalog_categories_visible":"","demo_title":"Utw\u00f3rz wid\u017cet Przyciski udost\u0119pniania spo\u0142eczno\u015bciowego","demo_caption":"Skonfiguruj przyciski udost\u0119pniania spo\u0142eczno\u015bciowego i dodaj je do swojej witryny Webflow za darmo!","default_faq_hidden":"","app_template_category":[],"platform":"127","template_public_id":"","codecanyon_url":"","codecanyon_item_id":"","codecanyon_price":"","pricing_caption":"","pricing_elfsight_apps_hide_column":"","pricing_elfsight_apps_url":"","pricing_codecanyon_price_caption":"","integration_category":[],"integration_request_title":"","integration_request_cta":"","integration_platform":"","integrations":[],"platform_category":[],"video_schema_markup":"","price":"od 0 USD \/ miesi\u0105c","trial":"","benefits":[{"text":"Bezp\u0142atna pomoc w instalacji"},{"text":"Wyj\u0105tkowe wsparcie"},{"text":"14-dniowa gwarancja zwrotu pieni\u0119dzy"}],"button_url":"#demo","button_target_blank":"0","button_nofollow":"0","attributes":[{"name":"Instaluje"},{"name":"Czu\u0142y"},{"name":"Kompatybilne przegl\u0105darki"}],"tags":[],"tags_disable_links":"0","hide_more_platforms":"0","video_object":"","demo_hide_cta":"0","demo_hide_cloud_options":"0","pricing_title":"","pricing":[{"pricing_icon":"platform","pricing_title":"Webflow widget","pricing_title_caption":"Oprogramowanie niezale\u017cne od platformy, kt\u00f3re pasuje do ka\u017cdej witryny","pricing_price":"od 0 USD \/ miesi\u0105c","pricing_price_caption":"zacznij od bezp\u0142atnego planu","pricing_benefits":[{"text":"Nieograniczona liczba stron internetowych"},{"text":"Dedykowana obs\u0142uga klienta"},{"text":"Bezp\u0142atna pomoc przy instalacji"},{"text":"Specjalna oferta na wiele aplikacji"}],"pricing_button_text":"Dodaj do witryny","pricing_button_url":"#demo"}],"related_apps_title":"","related_apps_hidden":"0","author":"","image":[],"title":"","job":"","social_networks":[]},"_links":{"self":[{"href":"https:\/\/elfsight.com\/pl\/wp-json\/wp\/v2\/pages\/6622","targetHints":{"allow":["GET"]}}],"collection":[{"href":"https:\/\/elfsight.com\/pl\/wp-json\/wp\/v2\/pages"}],"about":[{"href":"https:\/\/elfsight.com\/pl\/wp-json\/wp\/v2\/types\/page"}],"author":[{"embeddable":true,"href":"https:\/\/elfsight.com\/pl\/wp-json\/wp\/v2\/users\/9"}],"replies":[{"embeddable":true,"href":"https:\/\/elfsight.com\/pl\/wp-json\/wp\/v2\/comments?post=6622"}],"version-history":[{"count":3,"href":"https:\/\/elfsight.com\/pl\/wp-json\/wp\/v2\/pages\/6622\/revisions"}],"predecessor-version":[{"id":10178,"href":"https:\/\/elfsight.com\/pl\/wp-json\/wp\/v2\/pages\/6622\/revisions\/10178"}],"up":[{"embeddable":true,"href":"https:\/\/elfsight.com\/pl\/wp-json\/wp\/v2\/pages\/2255"}],"wp:attachment":[{"href":"https:\/\/elfsight.com\/pl\/wp-json\/wp\/v2\/media?parent=6622"}],"curies":[{"name":"wp","href":"https:\/\/api.w.org\/{rel}","templated":true}]}}