{"id":6616,"date":"1970-01-01T00:00:00","date_gmt":"1970-01-01T00:00:00","guid":{"rendered":"https:\/\/elfsight.com\/pl\/?page_id=6616"},"modified":"2025-06-20T08:49:57","modified_gmt":"2025-06-20T08:49:57","slug":"bigcommerce","status":"publish","type":"page","link":"https:\/\/elfsight.com\/pl\/social-media-share-buttons\/bigcommerce\/","title":{"rendered":"Social Share Buttons &#8211; BigCommerce"},"content":{"rendered":"<div class=\"application-platform-content-item-description application-platform-content-item\" id=\"description\" data-nav-section=\"description\"><h2>Opis<\/h2><p>Wygodna aplikacja do udost\u0119pniania dla dowolnych witryn, kt\u00f3ra umo\u017cliwi u\u017cytkownikom publikowanie tre\u015bci w r\u00f3\u017cnych sieciach spo\u0142eczno\u015bciowych. Rozwijaj sw\u00f3j biznes na Facebooku, Twitterze, Medium i innych mediach. Przyci\u0105gnij wi\u0119cej obserwuj\u0105cych i fan\u00f3w dzi\u0119ki unikalnym publikacjom na swojej osobistej stronie.<\/p><p><b>Zdob\u0105d\u017a wi\u0119kszy ruch i czytelnik\u00f3w z sieci spo\u0142eczno\u015bciowych!<\/b><\/p><ul><li><b>Maksymalnie zasi\u0119g publikacji i produkt\u00f3w w sieciach spo\u0142eczno\u015bciowych<\/b>.<br>Dzi\u0119ki wygodnemu projektowi i doskona\u0142ej funkcjonalno\u015bci jednym klikni\u0119ciem Twoje tre\u015bci zostan\u0105 udost\u0119pnione w sieciach spo\u0142eczno\u015bciowych bez ogranicze\u0144.<\/li><li><b> Promuj swoje posty, docieraj\u0105c do szerszej publiczno\u015bci.<\/b>.<br>Daj swoim u\u017cytkownikom szans\u0119 na promowanie kusz\u0105cych tre\u015bci bez wysi\u0142ku i natychmiastowego dotarcia do wi\u0119kszej liczby odbiorc\u00f3w.<\/li><li><b>Ulepsz SEO witryny optymalizacja<\/b>.<br>Zwi\u0119ksz liczb\u0119 odwiedzin swojej witryny za pomoc\u0105 medi\u00f3w spo\u0142eczno\u015bciowych, aby poprawi\u0107 ocen\u0119 spo\u0142eczno\u015bciow\u0105 swojej witryny i wp\u0142yn\u0105\u0107 na parametry SEO.<\/li><li><b>Szybka metoda na pozyskanie nowych subskrybent\u00f3w w serwisach spo\u0142eczno\u015bciowych<\/b>.<br>Dodawaj popularne tre\u015bci i daj odwiedzaj\u0105cym mo\u017cliwo\u015b\u0107 udost\u0119pniania ich na swoich kontach w sieciach spo\u0142eczno\u015bciowych.<\/li><\/ul><\/div><div class=\"application-platform-content-item-features application-platform-content-item\" id=\"features\" data-nav-section=\"features\"> <h2>Funkcje<\/h2><p>Co sprawia, \u017ce \u200b\u200bprzyciski Elfsight s\u0105 najlepsze w\u015br\u00f3d aplikacji do udost\u0119pniania Bigcommerce? Sprawd\u017a nasze podstawowe zalety:<\/p><ul><li>Umie\u015b\u0107 nieograniczon\u0105 liczb\u0119 przycisk\u00f3w;<\/li><li>Wyr\u00f3wnanie przycisk\u00f3w do lewej, prawej lub do \u015brodka;<\/li><li>Ustaw szeroko\u015b\u0107 przycisku; <\/li><li>Ustaw przezroczysto\u015b\u0107 efektu najechania;<\/li><li>Aktualizacje na \u017cywo wydawane na bie\u017c\u0105co.<\/li><\/ul><p><a href=\"#demo\">Sprawd\u017a drug\u0105 korzy\u015bci w bezp\u0142atnej wersji demonstracyjnej<\/a><\/p><\/div><div class=\"application-platform-content-item-installation application-platform-content-item\" id=\"installation\" data-nav-section=\"installation\"><h2>Jak doda\u0107 przyciski udost\u0119pniania do BigCommerce<\/h2><div class=\"video-container\"><iframe width=\"720\" height=\"405\" src=\"https:\/\/www.youtube.com\/embed\/B5tdaD8Kn2I\" frameborder=\"0\" allowfullscreen=\"\"><\/iframe><\/div><p>Tylko wykonaj poni\u017csze kroki, aby osadzi\u0107 aplikacj\u0119 w BigCommerce.<\/p> <ol><li><b>Skorzystaj z naszego darmowego konfiguratora i zacznij tworzy\u0107 sw\u00f3j w\u0142asny widget. <\/b><br> Okre\u015bl niestandardowy interfejs i charakterystyk\u0119 wid\u017cetu oraz zapisz zmiany. <\/li> <li><b>Zdob\u0105d\u017a unikalny kod pojawiaj\u0105cy si\u0119 w specjalnym formularzu w aplikacjach Elfsight. <\/b><br> Po zako\u0144czeniu generowania aplikacji Social Share Buttons skopiuj indywidualny kod z wyskakuj\u0105cego okienka i zapisz go do dalszego wykorzystania. <\/li> <li><b>Rozpocznij korzystanie z narz\u0119dzia na stronie BigCommerce. <\/b><br> Zaimplementuj zapisany wcze\u015bniej kod w swojej witrynie i zastosuj ulepszenia. <\/li> <li><b>Gotowe! Konfiguracja zosta\u0142a pomy\u015blnie przeprowadzona. <\/b><br> Przejd\u017a do swojej witryny i zobacz, jak dzia\u0142a narz\u0119dzie. <\/li><\/ol><p>Potrzebujesz pomocy przy instalacji lub ustawieniach aplikacji? Nasz zesp\u00f3\u0142 z przyjemno\u015bci\u0105 udzieli wsparcia i zaproponuje rozwi\u0105zanie! Mo\u017cesz tak\u017ce rozwi\u0105za\u0107 problem samodzielnie, korzystaj\u0105c z naszej obszernej instrukcji \u00ab<a href=\"https:\/\/elfsight.com\/tutorials\/how-to-add-social-share-buttons-to-bigcommerce\/\">Jak doda\u0107 przyciski udost\u0119pniania w witrynie BigCommerce<\/a>\u00bb.<\/p><\/div><div class=\"faq\" data-component=\"FAQ\"><div class=\"faq-item\">\r\n\t\t\t\t\t<div class=\"faq-item-question\">\r\n\t\t\t\t\t\t<h3 class=\"faq-item-question-text\">Jak doda\u0107 przyciski udost\u0119pniania spo\u0142eczno\u015bciowego do mojej strony internetowej BigCommerce bez umiej\u0119tno\u015bci kodowania? <\/h3>\r\n\r\n\t\t\t\t\t\t<div class=\"faq-item-question-icon\"><\/div>\r\n\t\t\t\t\t<\/div>\r\n\r\n\t\t\t\t\t<div class=\"faq-item-answer\">\r\n\t\t\t\t\t\t<div class=\"faq-item-answer-text\"><p>Firma Elfsight oferuje rozwi\u0105zanie SaaS, kt\u00f3re pozwala u\u017cytkownikom samodzielnie wygenerowa\u0107 aplikacj\u0119 Social Share Buttons. Poznaj proste kroki: <\/p><ul><li>Pracuj bezpo\u015brednio w wersji demonstracyjnej na \u017cywo, aby zbudowa\u0107 aplikacj\u0119 Social Share Buttons chcesz zintegrowa\u0107 z BigCommerce.<\/li><li>Wybierz jeden z gotowych szablon\u00f3w i dostosuj ustawienia przycisk\u00f3w udost\u0119pniania spo\u0142eczno\u015bciowego, zmie\u0144 uk\u0142ad i kolory, zaktualizuj tre\u015b\u0107 bez kodowania.<\/li><li>Zapisz ustawienia dokonane w przyciskach udost\u0119pniania spo\u0142eczno\u015bciowego i uzyskaj kod instalacyjny, kt\u00f3ry mo\u017cesz doda\u0107 w dowolnej witrynie BigCommerce bez kupowania wersji p\u0142atnej.<\/li><\/ul><p>Z pomoc\u0105 naszego intuicyjnego edytora w dowolnej sieci u\u017cytkownik mo\u017ce wygenerowa\u0107 aplikacj\u0119 Social Share Buttons i \u0142atwo osadzi\u0107 j\u0105 na stronie g\u0142\u00f3wnej BigCommerce. Aby uzyska\u0107 dost\u0119p do naszego Edytora, nie trzeba p\u0142aci\u0107 ani wprowadza\u0107 danych karty. Je\u015bli na kt\u00f3rymkolwiek etapie napotkasz jakiekolwiek problemy, skontaktuj si\u0119 z naszym personelem pomocy technicznej.<\/p><\/div>\r\n\t\t\t\t\t<\/div>\r\n\t\t\t\t<\/div><\/div>\n","protected":false},"excerpt":{"rendered":"","protected":false},"author":9,"featured_media":0,"parent":2255,"menu_order":0,"comment_status":"closed","ping_status":"closed","template":"templates\/template-application-platform.php","meta":{"publish_to_discourse":"","publish_post_category":"","wpdc_auto_publish_overridden":"","wpdc_topic_tags":"","wpdc_pin_topic":"","wpdc_pin_until":"","discourse_post_id":"","discourse_permalink":"","wpdc_publishing_response":"","wpdc_publishing_error":"","footnotes":""},"class_list":["post-6616","page","type-page","status-publish","hentry"],"yoast_head":"<!-- This site is optimized with the Yoast SEO plugin v25.3.1 - https:\/\/yoast.com\/wordpress\/plugins\/seo\/ -->\n<title>Przyciski udost\u0119pniania spo\u0142eczno\u015bciowego \u2013 dodaj przyciski udost\u0119pniania do witryny BigCommerce<\/title>\n<meta name=\"description\" content=\"Zintegruj przyciski udost\u0119pniania spo\u0142eczno\u015bciowego na swojej stronie BigCommerce tylko w kilka minut. Natychmiastowe i proste tworzenie r\u00f3\u017cnorodnych aplikacji internetowych przez Elfsight.\" \/>\n<meta name=\"robots\" content=\"index, follow, max-snippet:-1, max-image-preview:large, max-video-preview:-1\" \/>\n<link rel=\"canonical\" href=\"https:\/\/elfsight.com\/pl\/social-media-share-buttons\/bigcommerce\/\" \/>\n<meta property=\"og:locale\" content=\"pl_PL\" \/>\n<meta property=\"og:type\" content=\"article\" \/>\n<meta property=\"og:title\" content=\"Przyciski udost\u0119pniania spo\u0142eczno\u015bciowego \u2013 dodaj przyciski udost\u0119pniania do witryny BigCommerce\" \/>\n<meta property=\"og:description\" content=\"Zintegruj przyciski udost\u0119pniania spo\u0142eczno\u015bciowego na swojej stronie BigCommerce tylko w kilka minut. Natychmiastowe i proste tworzenie r\u00f3\u017cnorodnych aplikacji internetowych przez Elfsight.\" \/>\n<meta property=\"og:url\" content=\"https:\/\/elfsight.com\/pl\/social-media-share-buttons\/bigcommerce\/\" \/>\n<meta property=\"og:site_name\" content=\"Elfsight PL\" \/>\n<meta property=\"article:modified_time\" content=\"2025-06-20T08:49:57+00:00\" \/>\n<meta name=\"twitter:card\" content=\"summary_large_image\" \/>\n<meta name=\"twitter:label1\" content=\"Szacowany czas czytania\" \/>\n\t<meta name=\"twitter:data1\" content=\"3 minuty\" \/>\n<!-- \/ Yoast SEO plugin. -->","yoast_head_json":{"title":"Przyciski udost\u0119pniania spo\u0142eczno\u015bciowego \u2013 dodaj przyciski udost\u0119pniania do witryny BigCommerce","description":"Zintegruj przyciski udost\u0119pniania spo\u0142eczno\u015bciowego na swojej stronie BigCommerce tylko w kilka minut. Natychmiastowe i proste tworzenie r\u00f3\u017cnorodnych aplikacji internetowych przez Elfsight.","robots":{"index":"index","follow":"follow","max-snippet":"max-snippet:-1","max-image-preview":"max-image-preview:large","max-video-preview":"max-video-preview:-1"},"canonical":"https:\/\/elfsight.com\/pl\/social-media-share-buttons\/bigcommerce\/","og_locale":"pl_PL","og_type":"article","og_title":"Przyciski udost\u0119pniania spo\u0142eczno\u015bciowego \u2013 dodaj przyciski udost\u0119pniania do witryny BigCommerce","og_description":"Zintegruj przyciski udost\u0119pniania spo\u0142eczno\u015bciowego na swojej stronie BigCommerce tylko w kilka minut. Natychmiastowe i proste tworzenie r\u00f3\u017cnorodnych aplikacji internetowych przez Elfsight.","og_url":"https:\/\/elfsight.com\/pl\/social-media-share-buttons\/bigcommerce\/","og_site_name":"Elfsight PL","article_modified_time":"2025-06-20T08:49:57+00:00","twitter_card":"summary_large_image","twitter_misc":{"Szacowany czas czytania":"3 minuty"},"schema":{"@context":"https:\/\/schema.org","@graph":[{"@type":"WebPage","@id":"https:\/\/elfsight.com\/pl\/social-media-share-buttons\/bigcommerce\/","url":"https:\/\/elfsight.com\/pl\/social-media-share-buttons\/bigcommerce\/","name":"Przyciski udost\u0119pniania spo\u0142eczno\u015bciowego \u2013 dodaj przyciski udost\u0119pniania do witryny BigCommerce","isPartOf":{"@id":"https:\/\/elfsight.com\/pl\/#website"},"datePublished":"1970-01-01T00:00:00+00:00","dateModified":"2025-06-20T08:49:57+00:00","description":"Zintegruj przyciski udost\u0119pniania spo\u0142eczno\u015bciowego na swojej stronie BigCommerce tylko w kilka minut. Natychmiastowe i proste tworzenie r\u00f3\u017cnorodnych aplikacji internetowych przez Elfsight.","breadcrumb":{"@id":"https:\/\/elfsight.com\/pl\/social-media-share-buttons\/bigcommerce\/#breadcrumb"},"inLanguage":"pl-PL","potentialAction":[{"@type":"ReadAction","target":["https:\/\/elfsight.com\/pl\/social-media-share-buttons\/bigcommerce\/"]}]},{"@type":"BreadcrumbList","@id":"https:\/\/elfsight.com\/pl\/social-media-share-buttons\/bigcommerce\/#breadcrumb","itemListElement":[{"@type":"ListItem","position":1,"name":"Home","item":"https:\/\/elfsight.com\/pl\/"},{"@type":"ListItem","position":2,"name":"Social Share Buttons","item":"https:\/\/elfsight.com\/pl\/social-media-share-buttons\/"},{"@type":"ListItem","position":3,"name":"Social Share Buttons &#8211; BigCommerce"}]},{"@type":"WebSite","@id":"https:\/\/elfsight.com\/pl\/#website","url":"https:\/\/elfsight.com\/pl\/","name":"Elfsight PL","description":"Just another Elfsight Sites site","potentialAction":[{"@type":"SearchAction","target":{"@type":"EntryPoint","urlTemplate":"https:\/\/elfsight.com\/pl\/?s={search_term_string}"},"query-input":{"@type":"PropertyValueSpecification","valueRequired":true,"valueName":"search_term_string"}}],"inLanguage":"pl-PL"}]}},"meta_box":{"industry":"","seo_heading":"","heading":"","description":"","cta_heading":"","cta_description":"","application":"3353","h1":"Przyciski udost\u0119pniania spo\u0142eczno\u015bciowego BigCommerce","h1_caption":"Dodaj przyciski udost\u0119pniania w mediach spo\u0142eczno\u015bciowych do swojej witryny, umo\u017cliwiaj\u0105c odwiedzaj\u0105cym bezproblemowe udost\u0119pnianie tre\u015bci na wielu platformach w witrynie BigCommerce.","application_category":[],"applications_title":"","applications_request_title":"","applications_request_button_text":"","hero_text":"","hero_video":"","hero_video_schema_markup":"","selling_points_title":"","selling_points_caption":"","selling_points":[],"selling_points_cta_text":"","features_title":"","features":"","ed_cta_examples_text":"","ed_cta_examples_hidden":"","ed_cta_demo_text":"","ed_cta_demo_hidden":"","why_caption":"","why_editor_title":"","why_editor_text":"","why_team_title":"","why_team_text":"","why_service_title":"","why_service_text":"","template_catalog_visible":"0","template_catalog_title":"","template_catalog_text":"","template_catalog_categories_visible":"","demo_title":"Utw\u00f3rz aplikacj\u0119 z przyciskami udost\u0119pniania spo\u0142eczno\u015bciowego","demo_caption":"Skonfiguruj przyciski udost\u0119pniania spo\u0142eczno\u015bciowego i dodaj je do swojej witryny BigCommerce za darmo!","default_faq_hidden":"","app_template_category":[],"platform":"41","template_public_id":"","codecanyon_url":"","codecanyon_item_id":"","codecanyon_price":"","pricing_caption":"","pricing_elfsight_apps_hide_column":"","pricing_elfsight_apps_url":"","pricing_codecanyon_price_caption":"","integration_category":[],"integration_request_title":"","integration_request_cta":"","integration_platform":"","integrations":[],"platform_category":[],"video_schema_markup":"","price":"od 0 USD \/ miesi\u0105c","trial":"","benefits":[{"text":"Bezp\u0142atna us\u0142uga monta\u017cu"},{"text":"Wsparcie premium"},{"text":"14-dniowa gwarancja zwrotu pieni\u0119dzy"}],"button_url":"#demo","button_target_blank":"0","button_nofollow":"0","attributes":[{"name":"Instaluje"},{"name":"Czu\u0142y"},{"name":"Kompatybilne przegl\u0105darki"}],"tags":[],"tags_disable_links":"0","hide_more_platforms":"0","video_object":"","demo_hide_cta":"0","demo_hide_cloud_options":"0","pricing_title":"","pricing":[{"pricing_icon":"cloud","pricing_title":"Elfsight Apps","pricing_title_caption":"Rozwi\u0105zanie wieloplatformowe","pricing_price":"od 0 USD \/ miesi\u0105c","pricing_price_caption":"zacznij od bezp\u0142atnego planu","pricing_benefits":[{"text":"Nielimitowane strony internetowe"},{"text":"Szybka obs\u0142uga klienta i dobrze udokumentowana"},{"text":"Bezp\u0142atna pomoc w monta\u017cu"},{"text":"Elastyczny projekt"}],"pricing_button_text":"Dodaj do witryny","pricing_button_url":"#demo"}],"related_apps_title":"","related_apps_hidden":"0","author":"","image":[],"title":"","job":"","social_networks":[]},"_links":{"self":[{"href":"https:\/\/elfsight.com\/pl\/wp-json\/wp\/v2\/pages\/6616","targetHints":{"allow":["GET"]}}],"collection":[{"href":"https:\/\/elfsight.com\/pl\/wp-json\/wp\/v2\/pages"}],"about":[{"href":"https:\/\/elfsight.com\/pl\/wp-json\/wp\/v2\/types\/page"}],"author":[{"embeddable":true,"href":"https:\/\/elfsight.com\/pl\/wp-json\/wp\/v2\/users\/9"}],"replies":[{"embeddable":true,"href":"https:\/\/elfsight.com\/pl\/wp-json\/wp\/v2\/comments?post=6616"}],"version-history":[{"count":3,"href":"https:\/\/elfsight.com\/pl\/wp-json\/wp\/v2\/pages\/6616\/revisions"}],"predecessor-version":[{"id":10167,"href":"https:\/\/elfsight.com\/pl\/wp-json\/wp\/v2\/pages\/6616\/revisions\/10167"}],"up":[{"embeddable":true,"href":"https:\/\/elfsight.com\/pl\/wp-json\/wp\/v2\/pages\/2255"}],"wp:attachment":[{"href":"https:\/\/elfsight.com\/pl\/wp-json\/wp\/v2\/media?parent=6616"}],"curies":[{"name":"wp","href":"https:\/\/api.w.org\/{rel}","templated":true}]}}