{"id":6615,"date":"1970-01-01T00:00:00","date_gmt":"1970-01-01T00:00:00","guid":{"rendered":"https:\/\/elfsight.com\/pl\/?page_id=6615"},"modified":"2024-11-14T12:47:54","modified_gmt":"2024-11-14T12:47:54","slug":"blogger","status":"publish","type":"page","link":"https:\/\/elfsight.com\/pl\/social-media-share-buttons\/blogger\/","title":{"rendered":"Social Share Buttons &#8211; Blogger"},"content":{"rendered":"<div class=\"application-platform-content-item-description application-platform-content-item\" id=\"description\" data-nav-section=\"description\"><h2>Opis<\/h2><p>Efektywny widget udost\u0119pniania dla dowolnych witryn, kt\u00f3ry umo\u017cliwia odwiedzaj\u0105cym udost\u0119pnianie post\u00f3w w r\u00f3\u017cnych mediach spo\u0142eczno\u015bciowych. Zwi\u0119ksz promocj\u0119 swojej firmy w Google+, Facebooku, LinkedIn i innych oraz zdob\u0105d\u017a nowych subskrybent\u00f3w i fan\u00f3w dzi\u0119ki skutecznym tre\u015bciom na osobistej stronie internetowej.<\/p><p><b>Zdob\u0105d\u017a dodatkowe widoki i obserwuj\u0105cych z medi\u00f3w spo\u0142eczno\u015bciowych!<\/b><\/p><ul><li><b>Maksymalna promocja tre\u015bci i produkt\u00f3w w sieciach spo\u0142eczno\u015bciowych<\/b>.<br>Dzi\u0119ki przejrzystemu projektowi i r\u00f3\u017cnorodnym funkcjom jednym klikni\u0119ciem Twoje tre\u015bci b\u0119d\u0105 mia\u0142y aktywn\u0105 promocj\u0119 w we wszystkich mediach spo\u0142eczno\u015bciowych bez wi\u0119kszego wysi\u0142ku.<\/li><li><b>Promuj atrakcyjne posty dla szerszej publiczno\u015bci<\/b>.<br>Zapewnij swoim czytelnikom spos\u00f3b na \u0142atwe udost\u0119pnianie najpopularniejszych tre\u015bci i dotarcie do szerszej publiczno\u015bci .<\/li><li><b>Zwi\u0119ksz liczb\u0119 klikni\u0119\u0107 w swojej witrynie<\/b>.<br>Przyci\u0105gnij nowych u\u017cytkownik\u00f3w do swojej witryny dzi\u0119ki swojej sta\u0142ej obecno\u015bci w mediach spo\u0142eczno\u015bciowych i ciesz si\u0119 wzrostem liczby wy\u015bwietle\u0144.<\/li> <li><b>Skuteczne narz\u0119dzie do zdobywania nowych obserwuj\u0105cych w sieciach spo\u0142eczno\u015bciowych<\/b>.<br>Umieszczaj ekscytuj\u0105ce tre\u015bci i daj u\u017cytkownikom szans\u0119 na rozpowszechnianie ich na swoich osobistych stronach w mediach spo\u0142eczno\u015bciowych.<\/li><\/ul><\/div><div class=\"application-platform-content-item-features application-platform-content-item\" id=\"features\" data-nav-section=\"features\"><h2>Funkcje<\/h2><p>Dlaczego przyciski Elfsight s\u0105 najlepsze w\u015br\u00f3d wid\u017cet\u00f3w udost\u0119pniania Bloggera? Zobacz nasze najwa\u017cniejsze cechy:<\/p><ul><li>Duplikuj i zmieniaj kolejno\u015b\u0107 przycisk\u00f3w zgodnie z potrzebami;<\/li><li>Regulowany rozmiar rynny;<\/li><li>3 opcje kszta\u0142tu przycisk\u00f3w;<\/li><li>3 schematy kolor\u00f3w ikon, t\u0142a i najechania;<\/li><li>Bezp\u0142atna us\u0142uga instalacji.<\/li><\/ul><p><a href=\"#demo\">Zobacz wi\u0119cej cech w darmowym edytorze<\/a><\/p><\/div><div class=\"application-platform-content-item-installation application-platform-content-item\" id=\"installation\" data-nav-section=\"installation\"><h2>Jak doda\u0107 przyciski udost\u0119pniania do Bloggera<\/h2><div class=\"video-container\"><iframe width=\"720\" height=\"405\" src=\"https:\/\/www.youtube.com\/embed\/77zo4EcubG8\" frameborder=\"0\" allowfullscreen=\"\"><\/iframe><\/div><p>Ma\u0142y poradnik dotycz\u0105cy integracji przycisk\u00f3w bez wiedzy w zakresie programowania lub poszukiwania pobocznego programisty. Na wykonanie samouczka potrzebujesz tylko kilku minut.<\/p><ol><li><b>Skonstruuj w\u0142asne przyciski udost\u0119pniania spo\u0142eczno\u015bciowego<\/b>.<br>Za pomoc\u0105 naszego bezp\u0142atnego konfiguratora wygeneruj wtyczk\u0119 z \u017c\u0105danymi szablon i funkcje.<\/li><li><b>Odbierz kod umo\u017cliwiaj\u0105cy wy\u015bwietlenie wtyczki<\/b>.<br>Po dostosowaniu wid\u017cetu uzyskaj kod wtyczki Share Buttons z wyskakuj\u0105cego powiadomienia w aplikacjach Elfsight.<\/li><li><b>Odkryj wtyczk\u0119 w witrynie Bloggera<\/b>.<br>Umie\u015b\u0107 wtyczk\u0119 w \u017c\u0105danym miejscu strony i zastosuj zmiany.<\/li><li><b>Konfiguracja zosta\u0142a uko\u0144czona <\/b>.<br>Odwied\u017a witryn\u0119 Bloggera i sprawd\u017a swoje Przyciski.<\/li><\/ol><p>Potrzebujesz pomocy przy umieszczaniu lub tworzeniu wid\u017cetu? Zesp\u00f3\u0142 centrum pomocy Elfsight ch\u0119tnie pomo\u017ce i zaproponuje rozwi\u0105zanie! Mo\u017cesz tak\u017ce poradzi\u0107 sobie z problemem samodzielnie, korzystaj\u0105c z naszej szczeg\u00f3\u0142owej instrukcji \u00ab<a href=\"https:\/\/elfsight.com\/tutorials\/how-to-add-social-share-buttons-to-blogger-website\/ \" target=\"_blank\" rel=\"noopener noreferrer\">Jak skonfigurowa\u0107 przyciski udost\u0119pniania w witrynie Bloggera<\/a>\u00bb.<\/p><\/div><div class=\"faq\" data-component=\"FAQ\"><div class=\"faq-item\">\r\n\t\t\t\t\t<div class=\"faq-item-question\">\r\n\t\t\t\t\t\t<h3 class=\"faq-item-question-text\">W jaki spos\u00f3b mo\u017cna doda\u0107 przyciski udost\u0119pniania spo\u0142eczno\u015bciowego do mojego Bloggera bez umiej\u0119tno\u015bci kodowania?<\/h3>\r\n\r\n\t\t\t\t\t\t<div class=\"faq-item-question-icon\"><\/div>\r\n\t\t\t\t\t<\/div>\r\n\r\n\t\t\t\t\t<div class=\"faq-item-answer\">\r\n\t\t\t\t\t\t<div class=\"faq-item-answer-text\"><p>Firma Elfsight oferuje rozwi\u0105zanie w chmurze, kt\u00f3re umo\u017cliwia u\u017cytkownikom samodzielne utworzenie wid\u017cetu przycisk\u00f3w udost\u0119pniania spo\u0142eczno\u015bciowego. Poznaj proste kroki: <\/p><ul><li>Rozpocznij prac\u0119 bezpo\u015brednio w wersji demonstracyjnej online, aby utworzy\u0107 wid\u017cet przycisk\u00f3w udost\u0119pniania spo\u0142eczno\u015bciowego, kt\u00f3ry chcesz umie\u015bci\u0107 w swojej witrynie Bloggera.<\/li><li>Wybierz jeden z wst\u0119pnie zaprojektowanych szablon\u00f3w i dostosuj go Ustawienia przycisk\u00f3w udost\u0119pniania spo\u0142eczno\u015bciowego, aktualizuj swoj\u0105 tre\u015b\u0107, zmieniaj uk\u0142ad i kolory bez kodowania.<\/li><li>Zapisz ustawienia wprowadzone w przyciskach udost\u0119pniania spo\u0142eczno\u015bciowego i uzyskaj kod instalacyjny wtyczki, kt\u00f3ry mo\u017cesz wklei\u0107 na swojej witrynie Bloggera bezp\u0142atnie.<\/li><\/ul><p>Dzi\u0119ki intuicyjnemu konfiguratorowi ka\u017cdy u\u017cytkownik Internetu mo\u017ce zbudowa\u0107 aplikacj\u0119 Social Share Buttons i osadzi\u0107 j\u0105 na stronie internetowej Bloggera. Aby wej\u015b\u0107 do Edytora, nie wolno p\u0142aci\u0107 ani podawa\u0107 danych uwierzytelniaj\u0105cych karty. Je\u015bli na kt\u00f3rymkolwiek etapie napotkasz jakiekolwiek przeszkody, nie wahaj si\u0119 skontaktowa\u0107 z naszym zespo\u0142em pomocy.<\/p><\/div>\r\n\t\t\t\t\t<\/div>\r\n\t\t\t\t<\/div><\/div>","protected":false},"excerpt":{"rendered":"","protected":false},"author":9,"featured_media":0,"parent":2255,"menu_order":0,"comment_status":"closed","ping_status":"closed","template":"templates\/template-application-platform.php","meta":{"publish_to_discourse":"","publish_post_category":"","wpdc_auto_publish_overridden":"","wpdc_topic_tags":"","wpdc_pin_topic":"","wpdc_pin_until":"","discourse_post_id":"","discourse_permalink":"","wpdc_publishing_response":"","wpdc_publishing_error":"","footnotes":""},"class_list":["post-6615","page","type-page","status-publish","hentry"],"yoast_head":"<!-- This site is optimized with the Yoast SEO plugin v25.3.1 - https:\/\/yoast.com\/wordpress\/plugins\/seo\/ -->\n<title>Przyciski udost\u0119pniania spo\u0142eczno\u015bciowego \u2013 dodaj przyciski udost\u0119pniania do witryny Bloggera<\/title>\n<meta name=\"description\" content=\"Zainstaluj przyciski udost\u0119pniania spo\u0142eczno\u015bciowego na swojej stronie Bigcommerce w zaledwie kilka minut. Szybkie i \u0142atwe tworzenie r\u00f3\u017cnych aplikacji internetowych przez Elfsight.\" \/>\n<meta name=\"robots\" content=\"index, follow, max-snippet:-1, max-image-preview:large, max-video-preview:-1\" \/>\n<link rel=\"canonical\" href=\"https:\/\/elfsight.com\/pl\/social-media-share-buttons\/blogger\/\" \/>\n<meta property=\"og:locale\" content=\"pl_PL\" \/>\n<meta property=\"og:type\" content=\"article\" \/>\n<meta property=\"og:title\" content=\"Przyciski udost\u0119pniania spo\u0142eczno\u015bciowego \u2013 dodaj przyciski udost\u0119pniania do witryny Bloggera\" \/>\n<meta property=\"og:description\" content=\"Zainstaluj przyciski udost\u0119pniania spo\u0142eczno\u015bciowego na swojej stronie Bigcommerce w zaledwie kilka minut. Szybkie i \u0142atwe tworzenie r\u00f3\u017cnych aplikacji internetowych przez Elfsight.\" \/>\n<meta property=\"og:url\" content=\"https:\/\/elfsight.com\/pl\/social-media-share-buttons\/blogger\/\" \/>\n<meta property=\"og:site_name\" content=\"Elfsight PL\" \/>\n<meta property=\"article:modified_time\" content=\"2024-11-14T12:47:54+00:00\" \/>\n<meta name=\"twitter:card\" content=\"summary_large_image\" \/>\n<meta name=\"twitter:label1\" content=\"Szacowany czas czytania\" \/>\n\t<meta name=\"twitter:data1\" content=\"3 minuty\" \/>\n<!-- \/ Yoast SEO plugin. -->","yoast_head_json":{"title":"Przyciski udost\u0119pniania spo\u0142eczno\u015bciowego \u2013 dodaj przyciski udost\u0119pniania do witryny Bloggera","description":"Zainstaluj przyciski udost\u0119pniania spo\u0142eczno\u015bciowego na swojej stronie Bigcommerce w zaledwie kilka minut. Szybkie i \u0142atwe tworzenie r\u00f3\u017cnych aplikacji internetowych przez Elfsight.","robots":{"index":"index","follow":"follow","max-snippet":"max-snippet:-1","max-image-preview":"max-image-preview:large","max-video-preview":"max-video-preview:-1"},"canonical":"https:\/\/elfsight.com\/pl\/social-media-share-buttons\/blogger\/","og_locale":"pl_PL","og_type":"article","og_title":"Przyciski udost\u0119pniania spo\u0142eczno\u015bciowego \u2013 dodaj przyciski udost\u0119pniania do witryny Bloggera","og_description":"Zainstaluj przyciski udost\u0119pniania spo\u0142eczno\u015bciowego na swojej stronie Bigcommerce w zaledwie kilka minut. Szybkie i \u0142atwe tworzenie r\u00f3\u017cnych aplikacji internetowych przez Elfsight.","og_url":"https:\/\/elfsight.com\/pl\/social-media-share-buttons\/blogger\/","og_site_name":"Elfsight PL","article_modified_time":"2024-11-14T12:47:54+00:00","twitter_card":"summary_large_image","twitter_misc":{"Szacowany czas czytania":"3 minuty"},"schema":{"@context":"https:\/\/schema.org","@graph":[{"@type":"WebPage","@id":"https:\/\/elfsight.com\/pl\/social-media-share-buttons\/blogger\/","url":"https:\/\/elfsight.com\/pl\/social-media-share-buttons\/blogger\/","name":"Przyciski udost\u0119pniania spo\u0142eczno\u015bciowego \u2013 dodaj przyciski udost\u0119pniania do witryny Bloggera","isPartOf":{"@id":"https:\/\/elfsight.com\/pl\/#website"},"datePublished":"1970-01-01T00:00:00+00:00","dateModified":"2024-11-14T12:47:54+00:00","description":"Zainstaluj przyciski udost\u0119pniania spo\u0142eczno\u015bciowego na swojej stronie Bigcommerce w zaledwie kilka minut. Szybkie i \u0142atwe tworzenie r\u00f3\u017cnych aplikacji internetowych przez Elfsight.","breadcrumb":{"@id":"https:\/\/elfsight.com\/pl\/social-media-share-buttons\/blogger\/#breadcrumb"},"inLanguage":"pl-PL","potentialAction":[{"@type":"ReadAction","target":["https:\/\/elfsight.com\/pl\/social-media-share-buttons\/blogger\/"]}]},{"@type":"BreadcrumbList","@id":"https:\/\/elfsight.com\/pl\/social-media-share-buttons\/blogger\/#breadcrumb","itemListElement":[{"@type":"ListItem","position":1,"name":"Home","item":"https:\/\/elfsight.com\/pl\/"},{"@type":"ListItem","position":2,"name":"Social Share Buttons","item":"https:\/\/elfsight.com\/pl\/social-media-share-buttons\/"},{"@type":"ListItem","position":3,"name":"Social Share Buttons &#8211; Blogger"}]},{"@type":"WebSite","@id":"https:\/\/elfsight.com\/pl\/#website","url":"https:\/\/elfsight.com\/pl\/","name":"Elfsight PL","description":"Just another Elfsight Sites site","potentialAction":[{"@type":"SearchAction","target":{"@type":"EntryPoint","urlTemplate":"https:\/\/elfsight.com\/pl\/?s={search_term_string}"},"query-input":{"@type":"PropertyValueSpecification","valueRequired":true,"valueName":"search_term_string"}}],"inLanguage":"pl-PL"}]}},"meta_box":{"industry":"","seo_heading":"","heading":"","description":"","cta_heading":"","cta_description":"","application":"3353","h1":"Przyciski udost\u0119pniania spo\u0142eczno\u015bciowego dla Bloggera","h1_caption":"Dodaj do swojej witryny przyciski udost\u0119pniania w mediach spo\u0142eczno\u015bciowych, umo\u017cliwiaj\u0105c odwiedzaj\u0105cym bezproblemowe udost\u0119pnianie Twoich tre\u015bci na wielu platformach w witrynie Bloggera.","application_category":[],"applications_title":"","applications_request_title":"","applications_request_button_text":"","hero_text":"","hero_video":"","hero_video_schema_markup":"","selling_points_title":"","selling_points_caption":"","selling_points":[],"selling_points_cta_text":"","features_title":"","features":"","ed_cta_examples_text":"","ed_cta_examples_hidden":"","ed_cta_demo_text":"","ed_cta_demo_hidden":"","why_caption":"","why_editor_title":"","why_editor_text":"","why_team_title":"","why_team_text":"","why_service_title":"","why_service_text":"","template_catalog_visible":"","template_catalog_title":"","template_catalog_text":"","template_catalog_categories_visible":"","demo_title":"Utw\u00f3rz wid\u017cet Przyciski udost\u0119pniania spo\u0142eczno\u015bciowego","demo_caption":"Skonfiguruj przyciski udost\u0119pniania spo\u0142eczno\u015bciowego i dodaj je do swojej witryny Bloggera za darmo!","default_faq_hidden":"","app_template_category":[],"platform":"44","template_public_id":"","codecanyon_url":"","codecanyon_item_id":"","codecanyon_price":"","pricing_caption":"","pricing_elfsight_apps_hide_column":"","pricing_elfsight_apps_url":"","pricing_codecanyon_price_caption":"","integration_category":[],"integration_request_title":"","integration_request_cta":"","integration_platform":"","integrations":[],"platform_category":[],"video_schema_markup":"","price":"od 0 USD \/ miesi\u0105c","trial":"","benefits":[{"text":"Bezp\u0142atna us\u0142uga monta\u017cu"},{"text":"Profesjonalna obs\u0142uga klienta"},{"text":"14-dniowa gwarancja zwrotu pieni\u0119dzy"}],"button_url":"#demo","button_target_blank":"","button_nofollow":"","attributes":[{"name":"Instaluje"},{"name":"Czu\u0142y"},{"name":"Kompatybilne przegl\u0105darki"}],"tags":[],"tags_disable_links":"","hide_more_platforms":"","video_object":"","demo_hide_cta":"","demo_hide_cloud_options":"","pricing_title":"","pricing":[{"pricing_icon":"platform","pricing_title":"Elfsight Apps","pricing_title_caption":"Wersja niezale\u017cna od platformy, kt\u00f3ra dzia\u0142a na ka\u017cdej stronie internetowej","pricing_price":"od 0 USD \/ miesi\u0105c","pricing_price_caption":"zacznij od bezp\u0142atnego planu","pricing_benefits":[{"text":"Nielimitowane strony internetowe"},{"text":"Szybka pomoc firmy i dobrze udokumentowana"},{"text":"Bezp\u0142atna pomoc w monta\u017cu"},{"text":"100% konfigurowalny"}],"pricing_button_text":"Dodaj do witryny","pricing_button_url":"#demo"}],"related_apps_title":"","related_apps_hidden":"","author":"","image":[],"title":"","job":"","social_networks":[]},"_links":{"self":[{"href":"https:\/\/elfsight.com\/pl\/wp-json\/wp\/v2\/pages\/6615","targetHints":{"allow":["GET"]}}],"collection":[{"href":"https:\/\/elfsight.com\/pl\/wp-json\/wp\/v2\/pages"}],"about":[{"href":"https:\/\/elfsight.com\/pl\/wp-json\/wp\/v2\/types\/page"}],"author":[{"embeddable":true,"href":"https:\/\/elfsight.com\/pl\/wp-json\/wp\/v2\/users\/9"}],"replies":[{"embeddable":true,"href":"https:\/\/elfsight.com\/pl\/wp-json\/wp\/v2\/comments?post=6615"}],"version-history":[{"count":2,"href":"https:\/\/elfsight.com\/pl\/wp-json\/wp\/v2\/pages\/6615\/revisions"}],"predecessor-version":[{"id":8038,"href":"https:\/\/elfsight.com\/pl\/wp-json\/wp\/v2\/pages\/6615\/revisions\/8038"}],"up":[{"embeddable":true,"href":"https:\/\/elfsight.com\/pl\/wp-json\/wp\/v2\/pages\/2255"}],"wp:attachment":[{"href":"https:\/\/elfsight.com\/pl\/wp-json\/wp\/v2\/media?parent=6615"}],"curies":[{"name":"wp","href":"https:\/\/api.w.org\/{rel}","templated":true}]}}