{"id":6614,"date":"1970-01-01T00:00:00","date_gmt":"1970-01-01T00:00:00","guid":{"rendered":"https:\/\/elfsight.com\/pl\/?page_id=6614"},"modified":"2025-06-20T08:51:17","modified_gmt":"2025-06-20T08:51:17","slug":"drupal","status":"publish","type":"page","link":"https:\/\/elfsight.com\/pl\/social-media-share-buttons\/drupal\/","title":{"rendered":"Social Share Buttons &#8211; Drupal"},"content":{"rendered":"<div class=\"application-platform-content-item-description application-platform-content-item\" id=\"description\" data-nav-section=\"description\"><h2>Opis<\/h2><p>\u0141atwy modu\u0142 udost\u0119pniania dowolnych witryn, kt\u00f3ry pozwala u\u017cytkownikom rozpowszechnia\u0107 tre\u015bci i artyku\u0142y w r\u00f3\u017cnych sieciach spo\u0142eczno\u015bciowych. Rozwijaj obecno\u015b\u0107 swojej firmy w sieciach spo\u0142eczno\u015bciowych i zdob\u0105d\u017a jeszcze wi\u0119cej subskrybent\u00f3w i czytelnik\u00f3w dzi\u0119ki niestandardowym tre\u015bciom na osobistej stronie.<\/p><p><b>Zdob\u0105d\u017a wi\u0119kszy ruch i obserwuj\u0105cych z sieci spo\u0142eczno\u015bciowych!<\/b><\/p><ul><li><b>Maksymalne rozpowszechnianie publikacji i element\u00f3w w mediach spo\u0142eczno\u015bciowych<\/b>.<br>Dzi\u0119ki przejrzystemu projektowi i wielu funkcjom jednym klikni\u0119ciem Twoje tre\u015bci zostan\u0105 aktywnie udost\u0119pnione we wszystkich mediach spo\u0142eczno\u015bciowych w mediach bez wi\u0119kszego wysi\u0142ku.<\/li><li><b>Promuj swoje posty w\u015br\u00f3d szerszej publiczno\u015bci<\/b>.<br>Daj swoim czytelnikom szans\u0119 na \u0142atwe i natychmiastowe rozpowszechnianie wysokiej jako\u015bci tre\u015bci, aby dotarli do szerszego grona odbiorc\u00f3w odbiorc\u00f3w.<\/li><li><b>Zwi\u0119ksz liczb\u0119 ods\u0142on swojej witryny<\/b>.<br>Przyci\u0105gnij do swojej witryny nowych czytelnik\u00f3w dzi\u0119ki aktywnej obecno\u015bci w sieciach spo\u0142eczno\u015bciowych, a zobaczysz wzrost liczby odwiedzin.<\/li><li><b>Zwi\u0119ksz liczb\u0119 subskrybent\u00f3w w mediach spo\u0142eczno\u015bciowych<\/b>.<br>Publikujesz kusz\u0105ce posty? Pozw\u00f3l odwiedzaj\u0105cym rozpowszechnia\u0107 je wok\u00f3\u0142 siebie, w mgnieniu oka umieszczaj\u0105c posty dla swoich subskrybent\u00f3w.<\/li><\/ul><\/div><div class=\"faq\" data-component=\"FAQ\"><div class=\"faq-item\">\r\n\t\t\t\t\t<div class=\"faq-item-question\">\r\n\t\t\t\t\t\t<h3 class=\"faq-item-question-text\">Jak mog\u0119 osadzi\u0107 przyciski udost\u0119pniania spo\u0142eczno\u015bciowego na stronie Drupal?<\/h3>\r\n\r\n\t\t\t\t\t\t<div class=\"faq-item-question-icon\"><\/div>\r\n\t\t\t\t\t<\/div>\r\n\r\n\t\t\t\t\t<div class=\"faq-item-answer\">\r\n\t\t\t\t\t\t<div class=\"faq-item-answer-text\"><p>Tworzenie wid\u017cetu odbywa si\u0119 w witrynie Elfsight i nie trzeba kodowa\u0107. Zastosuj demo online, aby ukszta\u0142towa\u0107 sw\u00f3j osobisty widget, pobierz kod i wklej go na swojej stronie. <\/p><\/div>\r\n\t\t\t\t\t<\/div>\r\n\t\t\t\t<\/div><div class=\"faq-item\">\r\n\t\t\t\t\t<div class=\"faq-item-question\">\r\n\t\t\t\t\t\t<h3 class=\"faq-item-question-text\">Czy mog\u0119 uzyska\u0107 p\u0142ywaj\u0105ce lub ma\u0142e przyciski udost\u0119pniania za pomoc\u0105 modu\u0142\u00f3w Elfsight?<\/h3>\r\n\r\n\t\t\t\t\t\t<div class=\"faq-item-question-icon\"><\/div>\r\n\t\t\t\t\t<\/div>\r\n\r\n\t\t\t\t\t<div class=\"faq-item-answer\">\r\n\t\t\t\t\t\t<div class=\"faq-item-answer-text\"><p>Ma zastosowanie kilka szablon\u00f3w: galeria, lista, kana\u0142 , siatka, mur i wiele innych, nie wspominaj\u0105c o elastycznych opcjach uk\u0142adu dostosowanych do Twoich warunk\u00f3w. Mo\u017cesz stworzy\u0107 prawie ka\u017cdy potrzebny widget. <\/p><\/div>\r\n\t\t\t\t\t<\/div>\r\n\t\t\t\t<\/div><div class=\"faq-item\">\r\n\t\t\t\t\t<div class=\"faq-item-question\">\r\n\t\t\t\t\t\t<h3 class=\"faq-item-question-text\">Modu\u0142 My Social Share Buttons nie dzia\u0142a \/ nie aktualizuje si\u0119<\/h3>\r\n\r\n\t\t\t\t\t\t<div class=\"faq-item-question-icon\"><\/div>\r\n\t\t\t\t\t<\/div>\r\n\r\n\t\t\t\t\t<div class=\"faq-item-answer\">\r\n\t\t\t\t\t\t<div class=\"faq-item-answer-text\"><p>Je\u015bli masz jakiekolwiek problemy z wid\u017cetami Social Share, skontaktuj si\u0119 z zesp\u00f3\u0142 obs\u0142ugi klienta. Wsparcie jest ca\u0142kowicie bezp\u0142atne dla wszystkich klient\u00f3w Elfsight. <\/p><\/div>\r\n\t\t\t\t\t<\/div>\r\n\t\t\t\t<\/div><\/div><div class=\"application-platform-content-item-features application-platform-content-item\" id=\"features\" data-nav-section=\"features\"><h2>Funkcje<\/h2><p>Dlaczego nasze przyciski s\u0105 najlepsze w\u015br\u00f3d modu\u0142\u00f3w udost\u0119pniania Drupala? Poznaj nasze najwa\u017cniejsze punkty:<\/p><ul><li>ponad 40 wbudowanych sieci spo\u0142eczno\u015bciowych;<\/li><li>Ustaw dowoln\u0105 liczb\u0119 kolumn, aby uporz\u0105dkowa\u0107 przyciski;<\/li><li>Ustaw elementy przycisk\u00f3w tak, aby by\u0142y pokazane;<\/li><li>Dost\u0119pnych 5 typ\u00f3w animacji;<\/li><li>Zoptymalizowany pod k\u0105tem urz\u0105dze\u0144 mobilnych z rozwijan\u0105 ikon\u0105.<\/li><\/ul><p><a href=\"#demo\">Pe\u0142na lista funkcji w darmowym edytorze<\/a><\/p><\/div><div class=\"application-platform-content-item-installation application-platform-content-item\" id=\"installation\" data-nav-section=\"installation\"><h2>Jak doda\u0107 przyciski udost\u0119pniania do Drupala<\/h2><div class=\"video-container\"> <iframe width=\"720\" height=\"405\" src=\"https:\/\/www.youtube.com\/embed\/owa8JT183yE\" frameborder=\"0\" allowfullscreen=\"\"><\/iframe><\/div><p> Aby aktywowa\u0107 widget na Drupalu, post\u0119puj zgodnie z poni\u017cszymi instrukcjami.<\/p> <ol><li><b>Uruchom nasz darmowy konfigurator i zacznij budowa\u0107 sw\u00f3j unikalny modu\u0142 Social Share Buttons. <\/b><br> Wybierz odpowiedni projekt i aspekty narz\u0119dzia i zastosuj modyfikacje. <\/li> <li><b>Zdob\u0105d\u017a sw\u00f3j indywidualny kod, kt\u00f3ry pojawi si\u0119 w oknie aplikacji Elfsight. <\/b><br> Po zako\u0144czeniu generowania modu\u0142u skopiuj indywidualny kod z wy\u015bwietlonego pola i zachowaj go na przysz\u0142o\u015b\u0107. <\/li> <li><b>Rozpocznij korzystanie z narz\u0119dzia na stronie Drupal. <\/b><br> Zintegruj kod zapisany ostatnio w Twojej witrynie i zastosuj zmiany. <\/li> <li><b>Konfiguracja zosta\u0142a w pe\u0142ni uko\u0144czona. <\/b><br> Odwied\u017a swoj\u0105 witryn\u0119, aby sprawdzi\u0107, jak dzia\u0142a wtyczka. <\/li><\/ol><p>Potrzebujesz porady dotycz\u0105cej konfiguracji lub tworzenia modu\u0142u? Zesp\u00f3\u0142 wsparcia Elfsight b\u0119dzie tutaj, aby pom\u00f3c i zaproponowa\u0107 rozwi\u0105zanie! Mo\u017cesz tak\u017ce poradzi\u0107 sobie z zapytaniem samodzielnie, korzystaj\u0105c z naszego szczeg\u00f3\u0142owego planu \u00ab<a href=\"https:\/\/elfsight.com\/tutorials\/how-to-add-social-share-buttons-to-drupal\/\">Jak umie\u015b\u0107 przyciski udost\u0119pniania na stronie Drupala<\/a>\u00bb.<\/p><\/div>","protected":false},"excerpt":{"rendered":"","protected":false},"author":9,"featured_media":0,"parent":2255,"menu_order":0,"comment_status":"closed","ping_status":"closed","template":"templates\/template-application-platform.php","meta":{"publish_to_discourse":"","publish_post_category":"","wpdc_auto_publish_overridden":"","wpdc_topic_tags":"","wpdc_pin_topic":"","wpdc_pin_until":"","discourse_post_id":"","discourse_permalink":"","wpdc_publishing_response":"","wpdc_publishing_error":"","footnotes":""},"class_list":["post-6614","page","type-page","status-publish","hentry"],"yoast_head":"<!-- This site is optimized with the Yoast SEO plugin v25.3.1 - https:\/\/yoast.com\/wordpress\/plugins\/seo\/ -->\n<title>Przyciski udost\u0119pniania spo\u0142eczno\u015bciowego \u2013 dodaj przyciski udost\u0119pniania do witryny Drupal<\/title>\n<meta name=\"description\" content=\"Skonfiguruj przyciski udost\u0119pniania spo\u0142eczno\u015bciowego na swojej stronie Drupal w zaledwie kilka minut. Ciesz si\u0119 natychmiastow\u0105 i prost\u0105 konfiguracj\u0105 r\u00f3\u017cnorodnych modu\u0142\u00f3w strony internetowej firmy Elfsight.\" \/>\n<meta name=\"robots\" content=\"index, follow, max-snippet:-1, max-image-preview:large, max-video-preview:-1\" \/>\n<link rel=\"canonical\" href=\"https:\/\/elfsight.com\/pl\/social-media-share-buttons\/drupal\/\" \/>\n<meta property=\"og:locale\" content=\"pl_PL\" \/>\n<meta property=\"og:type\" content=\"article\" \/>\n<meta property=\"og:title\" content=\"Przyciski udost\u0119pniania spo\u0142eczno\u015bciowego \u2013 dodaj przyciski udost\u0119pniania do witryny Drupal\" \/>\n<meta property=\"og:description\" content=\"Skonfiguruj przyciski udost\u0119pniania spo\u0142eczno\u015bciowego na swojej stronie Drupal w zaledwie kilka minut. Ciesz si\u0119 natychmiastow\u0105 i prost\u0105 konfiguracj\u0105 r\u00f3\u017cnorodnych modu\u0142\u00f3w strony internetowej firmy Elfsight.\" \/>\n<meta property=\"og:url\" content=\"https:\/\/elfsight.com\/pl\/social-media-share-buttons\/drupal\/\" \/>\n<meta property=\"og:site_name\" content=\"Elfsight PL\" \/>\n<meta property=\"article:modified_time\" content=\"2025-06-20T08:51:17+00:00\" \/>\n<meta name=\"twitter:card\" content=\"summary_large_image\" \/>\n<meta name=\"twitter:label1\" content=\"Szacowany czas czytania\" \/>\n\t<meta name=\"twitter:data1\" content=\"3 minuty\" \/>\n<!-- \/ Yoast SEO plugin. -->","yoast_head_json":{"title":"Przyciski udost\u0119pniania spo\u0142eczno\u015bciowego \u2013 dodaj przyciski udost\u0119pniania do witryny Drupal","description":"Skonfiguruj przyciski udost\u0119pniania spo\u0142eczno\u015bciowego na swojej stronie Drupal w zaledwie kilka minut. Ciesz si\u0119 natychmiastow\u0105 i prost\u0105 konfiguracj\u0105 r\u00f3\u017cnorodnych modu\u0142\u00f3w strony internetowej firmy Elfsight.","robots":{"index":"index","follow":"follow","max-snippet":"max-snippet:-1","max-image-preview":"max-image-preview:large","max-video-preview":"max-video-preview:-1"},"canonical":"https:\/\/elfsight.com\/pl\/social-media-share-buttons\/drupal\/","og_locale":"pl_PL","og_type":"article","og_title":"Przyciski udost\u0119pniania spo\u0142eczno\u015bciowego \u2013 dodaj przyciski udost\u0119pniania do witryny Drupal","og_description":"Skonfiguruj przyciski udost\u0119pniania spo\u0142eczno\u015bciowego na swojej stronie Drupal w zaledwie kilka minut. Ciesz si\u0119 natychmiastow\u0105 i prost\u0105 konfiguracj\u0105 r\u00f3\u017cnorodnych modu\u0142\u00f3w strony internetowej firmy Elfsight.","og_url":"https:\/\/elfsight.com\/pl\/social-media-share-buttons\/drupal\/","og_site_name":"Elfsight PL","article_modified_time":"2025-06-20T08:51:17+00:00","twitter_card":"summary_large_image","twitter_misc":{"Szacowany czas czytania":"3 minuty"},"schema":{"@context":"https:\/\/schema.org","@graph":[{"@type":"WebPage","@id":"https:\/\/elfsight.com\/pl\/social-media-share-buttons\/drupal\/","url":"https:\/\/elfsight.com\/pl\/social-media-share-buttons\/drupal\/","name":"Przyciski udost\u0119pniania spo\u0142eczno\u015bciowego \u2013 dodaj przyciski udost\u0119pniania do witryny Drupal","isPartOf":{"@id":"https:\/\/elfsight.com\/pl\/#website"},"datePublished":"1970-01-01T00:00:00+00:00","dateModified":"2025-06-20T08:51:17+00:00","description":"Skonfiguruj przyciski udost\u0119pniania spo\u0142eczno\u015bciowego na swojej stronie Drupal w zaledwie kilka minut. Ciesz si\u0119 natychmiastow\u0105 i prost\u0105 konfiguracj\u0105 r\u00f3\u017cnorodnych modu\u0142\u00f3w strony internetowej firmy Elfsight.","breadcrumb":{"@id":"https:\/\/elfsight.com\/pl\/social-media-share-buttons\/drupal\/#breadcrumb"},"inLanguage":"pl-PL","potentialAction":[{"@type":"ReadAction","target":["https:\/\/elfsight.com\/pl\/social-media-share-buttons\/drupal\/"]}]},{"@type":"BreadcrumbList","@id":"https:\/\/elfsight.com\/pl\/social-media-share-buttons\/drupal\/#breadcrumb","itemListElement":[{"@type":"ListItem","position":1,"name":"Home","item":"https:\/\/elfsight.com\/pl\/"},{"@type":"ListItem","position":2,"name":"Social Share Buttons","item":"https:\/\/elfsight.com\/pl\/social-media-share-buttons\/"},{"@type":"ListItem","position":3,"name":"Social Share Buttons &#8211; Drupal"}]},{"@type":"WebSite","@id":"https:\/\/elfsight.com\/pl\/#website","url":"https:\/\/elfsight.com\/pl\/","name":"Elfsight PL","description":"Just another Elfsight Sites site","potentialAction":[{"@type":"SearchAction","target":{"@type":"EntryPoint","urlTemplate":"https:\/\/elfsight.com\/pl\/?s={search_term_string}"},"query-input":{"@type":"PropertyValueSpecification","valueRequired":true,"valueName":"search_term_string"}}],"inLanguage":"pl-PL"}]}},"meta_box":{"industry":"","seo_heading":"","heading":"","description":"","cta_heading":"","cta_description":"","application":"3353","h1":"Przyciski udost\u0119pniania spo\u0142eczno\u015bciowego dla Drupala","h1_caption":"Dodaj przyciski udost\u0119pniania w mediach spo\u0142eczno\u015bciowych do swojej witryny, umo\u017cliwiaj\u0105c odwiedzaj\u0105cym bezproblemowe udost\u0119pnianie tre\u015bci na wielu platformach w witrynie Drupal.","application_category":[],"applications_title":"","applications_request_title":"","applications_request_button_text":"","hero_text":"","hero_video":"","hero_video_schema_markup":"","selling_points_title":"","selling_points_caption":"","selling_points":[],"selling_points_cta_text":"","features_title":"","features":"","ed_cta_examples_text":"","ed_cta_examples_hidden":"","ed_cta_demo_text":"","ed_cta_demo_hidden":"","why_caption":"","why_editor_title":"","why_editor_text":"","why_team_title":"","why_team_text":"","why_service_title":"","why_service_text":"","template_catalog_visible":"0","template_catalog_title":"","template_catalog_text":"","template_catalog_categories_visible":"","demo_title":"Utw\u00f3rz modu\u0142 przycisk\u00f3w udost\u0119pniania spo\u0142eczno\u015bciowego","demo_caption":"Skonfiguruj przyciski udost\u0119pniania spo\u0142eczno\u015bciowego i dodaj je do swojej witryny Drupal za darmo!","default_faq_hidden":"","app_template_category":[],"platform":"47","template_public_id":"","codecanyon_url":"","codecanyon_item_id":"","codecanyon_price":"","pricing_caption":"","pricing_elfsight_apps_hide_column":"","pricing_elfsight_apps_url":"","pricing_codecanyon_price_caption":"","integration_category":[],"integration_request_title":"","integration_request_cta":"","integration_platform":"","integrations":[],"platform_category":[],"video_schema_markup":"","price":"od 0 USD \/ miesi\u0105c","trial":"","benefits":[{"text":"Bezp\u0142atna us\u0142uga monta\u017cu"},{"text":"Skuteczna obs\u0142uga klienta"},{"text":"14-dniowa gwarancja zwrotu pieni\u0119dzy"}],"button_url":"#demo","button_target_blank":"0","button_nofollow":"0","attributes":[{"name":"Instaluje"},{"name":"Czu\u0142y"},{"name":"Kompatybilne przegl\u0105darki"}],"tags":[],"tags_disable_links":"0","hide_more_platforms":"0","video_object":"","demo_hide_cta":"0","demo_hide_cloud_options":"0","pricing_title":"","pricing":[{"pricing_icon":"cloud","pricing_title":"Elfsight Apps","pricing_title_caption":"Rozwi\u0105zanie niezale\u017cne od platformy, kt\u00f3re pasuje do ka\u017cdej witryny","pricing_price":"od 0 USD \/ miesi\u0105c","pricing_price_caption":"zacznij od bezp\u0142atnego planu","pricing_benefits":[{"text":"Nielimitowane strony internetowe"},{"text":"Szybkie wsparcie"},{"text":"Bezp\u0142atna pomoc w monta\u017cu"},{"text":"Specjalna cena za wiele aplikacji"}],"pricing_button_text":"Dodaj do witryny","pricing_button_url":"#demo"}],"related_apps_title":"","related_apps_hidden":"0","author":"","image":[],"title":"","job":"","social_networks":[]},"_links":{"self":[{"href":"https:\/\/elfsight.com\/pl\/wp-json\/wp\/v2\/pages\/6614","targetHints":{"allow":["GET"]}}],"collection":[{"href":"https:\/\/elfsight.com\/pl\/wp-json\/wp\/v2\/pages"}],"about":[{"href":"https:\/\/elfsight.com\/pl\/wp-json\/wp\/v2\/types\/page"}],"author":[{"embeddable":true,"href":"https:\/\/elfsight.com\/pl\/wp-json\/wp\/v2\/users\/9"}],"replies":[{"embeddable":true,"href":"https:\/\/elfsight.com\/pl\/wp-json\/wp\/v2\/comments?post=6614"}],"version-history":[{"count":3,"href":"https:\/\/elfsight.com\/pl\/wp-json\/wp\/v2\/pages\/6614\/revisions"}],"predecessor-version":[{"id":10168,"href":"https:\/\/elfsight.com\/pl\/wp-json\/wp\/v2\/pages\/6614\/revisions\/10168"}],"up":[{"embeddable":true,"href":"https:\/\/elfsight.com\/pl\/wp-json\/wp\/v2\/pages\/2255"}],"wp:attachment":[{"href":"https:\/\/elfsight.com\/pl\/wp-json\/wp\/v2\/media?parent=6614"}],"curies":[{"name":"wp","href":"https:\/\/api.w.org\/{rel}","templated":true}]}}