{"id":6613,"date":"1970-01-01T00:00:00","date_gmt":"1970-01-01T00:00:00","guid":{"rendered":"https:\/\/elfsight.com\/pl\/?page_id=6613"},"modified":"2025-06-20T08:57:20","modified_gmt":"2025-06-20T08:57:20","slug":"html","status":"publish","type":"page","link":"https:\/\/elfsight.com\/pl\/social-media-share-buttons\/html\/","title":{"rendered":"Social Share Buttons &#8211; HTML"},"content":{"rendered":"<div class=\"application-platform-content-item-description application-platform-content-item\" id=\"description\" data-nav-section=\"description\"><h2>Opis<\/h2><p>Prosty widget udost\u0119pniania dla wszystkich stron internetowych, kt\u00f3ry pomo\u017ce Twoim klientom rozpowszechnia\u0107 tre\u015bci w r\u00f3\u017cnych sieciach spo\u0142eczno\u015bciowych. Rozpocznij rozw\u00f3j swojej marki na Facebooku, Twitterze, Medium i innych. Zdob\u0105d\u017a nowych obserwuj\u0105cych i czytelnik\u00f3w dzi\u0119ki wysokiej jako\u015bci publikacjom w swojej witrynie.<\/p><p><b>Zdob\u0105d\u017a wi\u0119cej klikni\u0119\u0107 i subskrybent\u00f3w z sieci spo\u0142eczno\u015bciowych!<\/b><\/p><ul><li><b>Maksymalnie promocja publikacji i ofert w mediach spo\u0142eczno\u015bciowych<\/b>.<br>Dzi\u0119ki por\u0119cznemu interfejsowi i funkcjom jednym klikni\u0119ciem Twoje tre\u015bci b\u0119d\u0105 bez problemu masowo rozpowszechniane we wszystkich sieciach spo\u0142eczno\u015bciowych.<\/li><li><b>Udost\u0119pniaj ekscytuj\u0105ce tre\u015bci wi\u0119kszej liczbie widz\u00f3w<\/b>.<br>Daj odwiedzaj\u0105cym mo\u017cliwo\u015b\u0107 \u0142atwego rozpowszechniania Twoich tre\u015bci i szybkiego dotarcia do nowych odbiorc\u00f3w.<\/li><li><b>Wzmocnij si\u0142\u0119 indeksy SEO witryny<\/b>.<br>Zwi\u0119ksz liczb\u0119 klikni\u0119\u0107 w swoj\u0105 witryn\u0119 za pomoc\u0105 sieci spo\u0142eczno\u015bciowych, aby podnie\u015b\u0107 parametry spo\u0142eczno\u015bciowe swojej witryny i wp\u0142yn\u0105\u0107 na jej miejsce w rankingach Google.<\/li><li><b>Zdob\u0105d\u017a nowych czytelnik\u00f3w w sieciach spo\u0142eczno\u015bciowych<\/b>.<br>Umiesz tworzy\u0107 najwy\u017cszej klasy posty? Pozw\u00f3l u\u017cytkownikom samodzielnie rozpowszechnia\u0107 go za po\u015brednictwem medi\u00f3w, \u0142atwo udost\u0119pniaj\u0105c posty na swoich kontach.<\/li><\/ul><\/div><div class=\"faq\" data-component=\"FAQ\"><div class=\"faq-item\">\r\n\t\t\t\t\t<div class=\"faq-item-question\">\r\n\t\t\t\t\t\t<h3 class=\"faq-item-question-text\">Jak mog\u0119 osadzi\u0107 Przyciski udost\u0119pniania spo\u0142eczno\u015bciowego na stronie HTML?<\/h3>\r\n\r\n\t\t\t\t\t\t<div class=\"faq-item-question-icon\"><\/div>\r\n\t\t\t\t\t<\/div>\r\n\r\n\t\t\t\t\t<div class=\"faq-item-answer\">\r\n\t\t\t\t\t\t<div class=\"faq-item-answer-text\"><p>Tworzenie wid\u017cetu odbywa si\u0119 w witrynie Elfsight i nie ma potrzeby kodowania. Otw\u00f3rz wersj\u0119 demonstracyjn\u0105 na \u017cywo, aby spersonalizowa\u0107 swoj\u0105 aplikacj\u0119, zdob\u0105d\u017a kod i umie\u015b\u0107 go na swojej stronie internetowej. <\/p><\/div>\r\n\t\t\t\t\t<\/div>\r\n\t\t\t\t<\/div><div class=\"faq-item\">\r\n\t\t\t\t\t<div class=\"faq-item-question\">\r\n\t\t\t\t\t\t<h3 class=\"faq-item-question-text\">Czy za pomoc\u0105 Twoich wid\u017cet\u00f3w mog\u0119 otrzyma\u0107 czarne lub ma\u0142e przyciski udost\u0119pniania spo\u0142eczno\u015bciowego?<\/h3>\r\n\r\n\t\t\t\t\t\t<div class=\"faq-item-question-icon\"><\/div>\r\n\t\t\t\t\t<\/div>\r\n\r\n\t\t\t\t\t<div class=\"faq-item-answer\">\r\n\t\t\t\t\t\t<div class=\"faq-item-answer-text\"><p>Dost\u0119pnych jest kilka szablon\u00f3w: galeria, mur, kana\u0142 , siatka, lista i wiele innych, nie wspominaj\u0105c o mo\u017cliwo\u015bci dostosowania uk\u0142adu w celu dostosowania go do warunk\u00f3w. Mo\u017cesz zbudowa\u0107 prawie ka\u017cdy widget, kt\u00f3rego Ci brakuje. <\/p><\/div>\r\n\t\t\t\t\t<\/div>\r\n\t\t\t\t<\/div><div class=\"faq-item\">\r\n\t\t\t\t\t<div class=\"faq-item-question\">\r\n\t\t\t\t\t\t<h3 class=\"faq-item-question-text\">Widget Moje przyciski udost\u0119pniania spo\u0142eczno\u015bciowego nie dzia\u0142a \/ nie aktualizuje si\u0119<\/h3>\r\n\r\n\t\t\t\t\t\t<div class=\"faq-item-question-icon\"><\/div>\r\n\t\t\t\t\t<\/div>\r\n\r\n\t\t\t\t\t<div class=\"faq-item-answer\">\r\n\t\t\t\t\t\t<div class=\"faq-item-answer-text\"><p>Gdy tylko wyst\u0105pi\u0105 jakiekolwiek problemy z wid\u017cetami udost\u0119pniania spo\u0142eczno\u015bciowego, skontaktuj si\u0119 z nami skontaktuj si\u0119 z zespo\u0142em obs\u0142ugi klienta. Wsparcie jest ca\u0142kowicie bezp\u0142atne dla wszystkich klient\u00f3w Elfsight. <\/p><\/div>\r\n\t\t\t\t\t<\/div>\r\n\t\t\t\t<\/div><\/div><div class=\"application-platform-content-item-features application-platform-content-item\" id=\"features\" data-nav-section=\"features\"><h2>Funkcje<\/h2><p>Co sprawia, \u017ce \u200b\u200bnasz widget przycisk\u00f3w jest najlepszym ze wszystkich udost\u0119pnianych kod\u00f3w HTML? Poznaj nasze g\u0142\u00f3wne cechy:<\/p><ul><li>Umieszczenie nieograniczonej liczby przycisk\u00f3w;<\/li><li>Wyr\u00f3wnanie przycisk\u00f3w do lewej, prawej lub do \u015brodka;<\/li><li>3 opcje kszta\u0142tu przycisk\u00f3w ;<\/li><li>3 schematy kolor\u00f3w ikon, t\u0142a i kursora;<\/li><li>Zoptymalizowany pod k\u0105tem urz\u0105dze\u0144 mobilnych z rozwijan\u0105 ikon\u0105.<\/li><\/ul><p><a href=\"#demo\">Wypr\u00f3buj wszystkie funkcje w bezp\u0142atnym konfiguratorze<\/a><\/p><\/div><div class=\"application-platform-content-item-installation application-platform-content-item\" id=\"installation\" data-nav-section=\"installation\"><h2>Jak doda\u0107 przyciski udost\u0119pniania do kodu HTML<\/h2><div class=\"video-container \"><iframe width=\"720\" height=\"405\" src=\"https:\/\/www.youtube.com\/embed\/v0_P4QjbLYA\" frameborder=\"0\" allowfullscreen=\"\"><\/iframe><\/div><p>Kr\u00f3tka instrukcja wstawiania przycisk\u00f3w na stron\u0119 internetow\u0105 bez umiej\u0119tno\u015bci programowania lub zatrudniania dodatkowego programisty. Instalacja zajmie Ci tylko 2 minuty.<\/p><ol><li><b>Skonstruuj spersonalizowane przyciski spo\u0142eczno\u015bciowe<\/b>.<br>Przy pomocy naszego bezp\u0142atnego konfiguratora zmontuj wtyczk\u0119 z preferowanymi uk\u0142ad i opcje.<\/li><li><b>Otrzymaj kod do konfiguracji wtyczki<\/b>.<br>Po dostrojeniu wid\u017cetu pobierz kod wtyczki Share Buttons z wy\u015bwietlonego okna aplikacji Elfsight.<\/li><li><b>Umie\u015b\u0107 widget na stronie HTML<\/b>.<br>Uruchom kod strony w edytorze HTML, dodaj widget w wymaganym miejscu (tre\u015b\u0107, stopka, pasek boczny itp.) oraz opublikuj zmiany.<\/li><li><b>Osadzanie powiod\u0142o si\u0119!<\/b>.<br>Przejd\u017a do witryny HTML, aby zobaczy\u0107 swoj\u0105 prac\u0119.<\/li><\/ol><p>Potrzebujemy pom\u00f3\u017c w dodaniu lub zaprojektowaniu wid\u017cetu? Nasi specjali\u015bci wsparcia ch\u0119tnie udziel\u0105 pomocy i zintegruj\u0105 rozwi\u0105zanie! Mo\u017cesz tak\u017ce spr\u00f3bowa\u0107 samodzielnie rozwi\u0105za\u0107 zapytanie, korzystaj\u0105c z naszej pe\u0142nej instrukcji \u00ab<a href=\"https:\/\/elfsight.com\/tutorials\/how-to-add-social-share-buttons-to-html-website\/\" target=\"_blank\" rel=\"noopener noreferrer\">Jak zintegrowa\u0107 przyciski udost\u0119pniania z witryn\u0105 HTML<\/a>\u00bb.<\/p><\/div>","protected":false},"excerpt":{"rendered":"","protected":false},"author":9,"featured_media":0,"parent":2255,"menu_order":0,"comment_status":"closed","ping_status":"closed","template":"templates\/template-application-platform.php","meta":{"publish_to_discourse":"","publish_post_category":"","wpdc_auto_publish_overridden":"","wpdc_topic_tags":"","wpdc_pin_topic":"","wpdc_pin_until":"","discourse_post_id":"","discourse_permalink":"","wpdc_publishing_response":"","wpdc_publishing_error":"","footnotes":""},"class_list":["post-6613","page","type-page","status-publish","hentry"],"yoast_head":"<!-- This site is optimized with the Yoast SEO plugin v25.3.1 - https:\/\/yoast.com\/wordpress\/plugins\/seo\/ -->\n<title>Przyciski udost\u0119pniania spo\u0142eczno\u015bciowego \u2013 dodaj przyciski udost\u0119pniania do kodu strony HTML<\/title>\n<meta name=\"description\" content=\"Wy\u015bwietl przyciski udost\u0119pniania spo\u0142eczno\u015bciowego na swojej stronie HTML w ci\u0105gu zaledwie kilku minut. Natychmiastowe i proste generowanie kodu r\u00f3\u017cnych wid\u017cet\u00f3w stron internetowych przez Elfsight.\" \/>\n<meta name=\"robots\" content=\"index, follow, max-snippet:-1, max-image-preview:large, max-video-preview:-1\" \/>\n<link rel=\"canonical\" href=\"https:\/\/elfsight.com\/pl\/social-media-share-buttons\/html\/\" \/>\n<meta property=\"og:locale\" content=\"pl_PL\" \/>\n<meta property=\"og:type\" content=\"article\" \/>\n<meta property=\"og:title\" content=\"Przyciski udost\u0119pniania spo\u0142eczno\u015bciowego \u2013 dodaj przyciski udost\u0119pniania do kodu strony HTML\" \/>\n<meta property=\"og:description\" content=\"Wy\u015bwietl przyciski udost\u0119pniania spo\u0142eczno\u015bciowego na swojej stronie HTML w ci\u0105gu zaledwie kilku minut. Natychmiastowe i proste generowanie kodu r\u00f3\u017cnych wid\u017cet\u00f3w stron internetowych przez Elfsight.\" \/>\n<meta property=\"og:url\" content=\"https:\/\/elfsight.com\/pl\/social-media-share-buttons\/html\/\" \/>\n<meta property=\"og:site_name\" content=\"Elfsight PL\" \/>\n<meta property=\"article:modified_time\" content=\"2025-06-20T08:57:20+00:00\" \/>\n<meta name=\"twitter:card\" content=\"summary_large_image\" \/>\n<meta name=\"twitter:label1\" content=\"Szacowany czas czytania\" \/>\n\t<meta name=\"twitter:data1\" content=\"3 minuty\" \/>\n<!-- \/ Yoast SEO plugin. -->","yoast_head_json":{"title":"Przyciski udost\u0119pniania spo\u0142eczno\u015bciowego \u2013 dodaj przyciski udost\u0119pniania do kodu strony HTML","description":"Wy\u015bwietl przyciski udost\u0119pniania spo\u0142eczno\u015bciowego na swojej stronie HTML w ci\u0105gu zaledwie kilku minut. Natychmiastowe i proste generowanie kodu r\u00f3\u017cnych wid\u017cet\u00f3w stron internetowych przez Elfsight.","robots":{"index":"index","follow":"follow","max-snippet":"max-snippet:-1","max-image-preview":"max-image-preview:large","max-video-preview":"max-video-preview:-1"},"canonical":"https:\/\/elfsight.com\/pl\/social-media-share-buttons\/html\/","og_locale":"pl_PL","og_type":"article","og_title":"Przyciski udost\u0119pniania spo\u0142eczno\u015bciowego \u2013 dodaj przyciski udost\u0119pniania do kodu strony HTML","og_description":"Wy\u015bwietl przyciski udost\u0119pniania spo\u0142eczno\u015bciowego na swojej stronie HTML w ci\u0105gu zaledwie kilku minut. Natychmiastowe i proste generowanie kodu r\u00f3\u017cnych wid\u017cet\u00f3w stron internetowych przez Elfsight.","og_url":"https:\/\/elfsight.com\/pl\/social-media-share-buttons\/html\/","og_site_name":"Elfsight PL","article_modified_time":"2025-06-20T08:57:20+00:00","twitter_card":"summary_large_image","twitter_misc":{"Szacowany czas czytania":"3 minuty"},"schema":{"@context":"https:\/\/schema.org","@graph":[{"@type":"WebPage","@id":"https:\/\/elfsight.com\/pl\/social-media-share-buttons\/html\/","url":"https:\/\/elfsight.com\/pl\/social-media-share-buttons\/html\/","name":"Przyciski udost\u0119pniania spo\u0142eczno\u015bciowego \u2013 dodaj przyciski udost\u0119pniania do kodu strony HTML","isPartOf":{"@id":"https:\/\/elfsight.com\/pl\/#website"},"datePublished":"1970-01-01T00:00:00+00:00","dateModified":"2025-06-20T08:57:20+00:00","description":"Wy\u015bwietl przyciski udost\u0119pniania spo\u0142eczno\u015bciowego na swojej stronie HTML w ci\u0105gu zaledwie kilku minut. Natychmiastowe i proste generowanie kodu r\u00f3\u017cnych wid\u017cet\u00f3w stron internetowych przez Elfsight.","breadcrumb":{"@id":"https:\/\/elfsight.com\/pl\/social-media-share-buttons\/html\/#breadcrumb"},"inLanguage":"pl-PL","potentialAction":[{"@type":"ReadAction","target":["https:\/\/elfsight.com\/pl\/social-media-share-buttons\/html\/"]}]},{"@type":"BreadcrumbList","@id":"https:\/\/elfsight.com\/pl\/social-media-share-buttons\/html\/#breadcrumb","itemListElement":[{"@type":"ListItem","position":1,"name":"Home","item":"https:\/\/elfsight.com\/pl\/"},{"@type":"ListItem","position":2,"name":"Social Share Buttons","item":"https:\/\/elfsight.com\/pl\/social-media-share-buttons\/"},{"@type":"ListItem","position":3,"name":"Social Share Buttons &#8211; HTML"}]},{"@type":"WebSite","@id":"https:\/\/elfsight.com\/pl\/#website","url":"https:\/\/elfsight.com\/pl\/","name":"Elfsight PL","description":"Just another Elfsight Sites site","potentialAction":[{"@type":"SearchAction","target":{"@type":"EntryPoint","urlTemplate":"https:\/\/elfsight.com\/pl\/?s={search_term_string}"},"query-input":{"@type":"PropertyValueSpecification","valueRequired":true,"valueName":"search_term_string"}}],"inLanguage":"pl-PL"}]}},"meta_box":{"industry":"","seo_heading":"","heading":"","description":"","cta_heading":"","cta_description":"","application":"3353","h1":"Przyciski udost\u0119pniania spo\u0142eczno\u015bciowego dla HTML","h1_caption":"Dodaj przyciski udost\u0119pniania w mediach spo\u0142eczno\u015bciowych do swojej witryny, umo\u017cliwiaj\u0105c odwiedzaj\u0105cym bezproblemowe udost\u0119pnianie tre\u015bci na wielu platformach w witrynie HTML.","application_category":[],"applications_title":"","applications_request_title":"","applications_request_button_text":"","hero_text":"","hero_video":"","hero_video_schema_markup":"","selling_points_title":"","selling_points_caption":"","selling_points":[],"selling_points_cta_text":"","features_title":"","features":"","ed_cta_examples_text":"","ed_cta_examples_hidden":"","ed_cta_demo_text":"","ed_cta_demo_hidden":"","why_caption":"","why_editor_title":"","why_editor_text":"","why_team_title":"","why_team_text":"","why_service_title":"","why_service_text":"","template_catalog_visible":"0","template_catalog_title":"","template_catalog_text":"","template_catalog_categories_visible":"","demo_title":"Utw\u00f3rz wid\u017cet Przyciski udost\u0119pniania spo\u0142eczno\u015bciowego","demo_caption":"Skonfiguruj przyciski udost\u0119pniania spo\u0142eczno\u015bciowego i dodaj je do swojej witryny HTML za darmo!","default_faq_hidden":"","app_template_category":[],"platform":"50","template_public_id":"","codecanyon_url":"","codecanyon_item_id":"","codecanyon_price":"","pricing_caption":"","pricing_elfsight_apps_hide_column":"","pricing_elfsight_apps_url":"","pricing_codecanyon_price_caption":"","integration_category":[],"integration_request_title":"","integration_request_cta":"","integration_platform":"","integrations":[],"platform_category":[],"video_schema_markup":"","price":"od 0 USD \/ miesi\u0105c","trial":"","benefits":[{"text":"Bezp\u0142atna pomoc w monta\u017cu"},{"text":"Do\u015bwiadczona obs\u0142uga klienta"},{"text":"14-dniowa gwarancja zwrotu pieni\u0119dzy"}],"button_url":"#demo","button_target_blank":"0","button_nofollow":"0","attributes":[{"name":"Instaluje"},{"name":"Czu\u0142y"},{"name":"Kompatybilne przegl\u0105darki"}],"tags":[],"tags_disable_links":"0","hide_more_platforms":"0","video_object":"","demo_hide_cta":"0","demo_hide_cloud_options":"0","pricing_title":"","pricing":[{"pricing_icon":"platform","pricing_title":"Elfsight Apps","pricing_title_caption":"Niezale\u017cne od platformy rozwi\u0105zanie cyfrowe","pricing_price":"od 0 USD \/ miesi\u0105c","pricing_price_caption":"zacznij od bezp\u0142atnego planu","pricing_benefits":[{"text":"Nielimitowane domeny"},{"text":"Ca\u0142odobowa obs\u0142uga klienta"},{"text":"Bezp\u0142atna pomoc w monta\u017cu"},{"text":"\u015awietna oferta na wiele aplikacji"}],"pricing_button_text":"Dodaj do witryny","pricing_button_url":"#demo"}],"related_apps_title":"","related_apps_hidden":"0","author":"","image":[],"title":"","job":"","social_networks":[]},"_links":{"self":[{"href":"https:\/\/elfsight.com\/pl\/wp-json\/wp\/v2\/pages\/6613","targetHints":{"allow":["GET"]}}],"collection":[{"href":"https:\/\/elfsight.com\/pl\/wp-json\/wp\/v2\/pages"}],"about":[{"href":"https:\/\/elfsight.com\/pl\/wp-json\/wp\/v2\/types\/page"}],"author":[{"embeddable":true,"href":"https:\/\/elfsight.com\/pl\/wp-json\/wp\/v2\/users\/9"}],"replies":[{"embeddable":true,"href":"https:\/\/elfsight.com\/pl\/wp-json\/wp\/v2\/comments?post=6613"}],"version-history":[{"count":3,"href":"https:\/\/elfsight.com\/pl\/wp-json\/wp\/v2\/pages\/6613\/revisions"}],"predecessor-version":[{"id":10174,"href":"https:\/\/elfsight.com\/pl\/wp-json\/wp\/v2\/pages\/6613\/revisions\/10174"}],"up":[{"embeddable":true,"href":"https:\/\/elfsight.com\/pl\/wp-json\/wp\/v2\/pages\/2255"}],"wp:attachment":[{"href":"https:\/\/elfsight.com\/pl\/wp-json\/wp\/v2\/media?parent=6613"}],"curies":[{"name":"wp","href":"https:\/\/api.w.org\/{rel}","templated":true}]}}