{"id":6608,"date":"1970-01-01T00:00:00","date_gmt":"1970-01-01T00:00:00","guid":{"rendered":"https:\/\/elfsight.com\/pl\/?page_id=6608"},"modified":"2025-06-20T08:53:01","modified_gmt":"2025-06-20T08:53:01","slug":"joomla","status":"publish","type":"page","link":"https:\/\/elfsight.com\/pl\/social-media-share-buttons\/joomla\/","title":{"rendered":"Social Share Buttons &#8211; Joomla"},"content":{"rendered":"<div class=\"application-platform-content-item-description application-platform-content-item\" id=\"description\" data-nav-section=\"description\"><h2>Opis<\/h2><p>Wygodne rozszerzenie udost\u0119pniania dla dowolnych witryn, kt\u00f3re umo\u017cliwi Twoim u\u017cytkownikom ponowne publikowanie artyku\u0142\u00f3w w dowolnych sieciach spo\u0142eczno\u015bciowych. Zacznij reklamowa\u0107 swoj\u0105 mark\u0119 w sieciach spo\u0142eczno\u015bciowych i przyci\u0105gnij jeszcze wi\u0119cej obserwuj\u0105cych i czytelnik\u00f3w dzi\u0119ki skutecznym publikacjom na osobistej stronie internetowej.<\/p><p><b>Zdob\u0105d\u017a wi\u0119kszy ruch i subskrybent\u00f3w z medi\u00f3w spo\u0142eczno\u015bciowych!<\/b><\/p><ul><li><b>Maksymalna promocja publikacji i element\u00f3w w sieciach spo\u0142eczno\u015bciowych<\/b>.<br>Dzi\u0119ki por\u0119cznemu interfejsowi i funkcjom jednym klikni\u0119ciem Twoje tre\u015bci b\u0119d\u0105 skutecznie promowane we wszystkich sieciach spo\u0142eczno\u015bciowych bez ogranicze\u0144. <\/li><li><b>Promuj anga\u017cuj\u0105ce tre\u015bci w\u015br\u00f3d szerszej publiczno\u015bci<\/b>.<br>Daj swoim u\u017cytkownikom mo\u017cliwo\u015b\u0107 \u0142atwego i natychmiastowego udost\u0119pniania zatwierdzonych tre\u015bci, aby zwi\u0119kszy\u0107 grono odbiorc\u00f3w.<\/li><li> <b>Zwi\u0119ksz ruch na swojej stronie<\/b>.<br>Przyci\u0105gnij do swojej witryny nowych u\u017cytkownik\u00f3w aktywnych w mediach spo\u0142eczno\u015bciowych i zwi\u0119ksz wsp\u00f3\u0142czynnik klikalno\u015bci.<\/li><li><b>Zwi\u0119ksz liczb\u0119 subskrybent\u00f3w na platformach spo\u0142eczno\u015bciowych<\/b>.<br>Publikujesz tre\u015bci wysokiej jako\u015bci? Pozw\u00f3l czytelnikom sami j\u0105 promowa\u0107, \u0142atwo udost\u0119pniaj\u0105c publikacje swoim znajomym i obserwuj\u0105cym.<\/li><\/ul><\/div><div class=\"application-platform-content-item-features application-platform-content-item\" id=\"features\" data-nav-section=\"features\"><h2>Funkcje<\/h2><p>Co wyr\u00f3\u017cnia nasze przyciski najlepsze w\u015br\u00f3d rozszerze\u0144 udost\u0119pniania Joomla? Sprawd\u017a ich kluczowe punkty:<\/p><ul><li>Umie\u015b\u0107 nieograniczon\u0105 liczb\u0119 przycisk\u00f3w;<\/li><li>Regulowany rozmiar rynny;<\/li><li>Ustaw elementy przycisk\u00f3w, kt\u00f3re maj\u0105 by\u0107 wy\u015bwietlane;<\/li> <li>4 predefiniowane style przycisk\u00f3w;<\/li><li>Bezp\u0142atna us\u0142uga instalacji.<\/li><\/ul><p><a href=\"#demo\">Wi\u0119cej funkcji znajdziesz w darmowym edytorze<\/a> <\/p><\/div><div class=\"application-platform-content-item-installation application-platform-content-item\" id=\"installation\" data-nav-section=\"installation\"><h2>Jak doda\u0107 przyciski udost\u0119pniania do Joomla<\/h2><div class=\"video-container\"><iframe width=\"720\" height=\"405\" src=\"https:\/\/www.youtube.com\/embed\/Qm0jSaxlb5g\" frameborder=\"0\" allowfullscreen=\"\"><\/iframe><\/div><p>Wystarczy wykona\u0107 kilka krok\u00f3w opisanych poni\u017cej, aby aktywowa\u0107 narz\u0119dzie w Joomla.<\/p> <ol><li><b>Uruchom nasz darmowy edytor i zacznij tworzy\u0107 w\u0142asne rozszerzenie przycisk\u00f3w udost\u0119pniania spo\u0142eczno\u015bciowego. <\/b><br> Znajd\u017a niestandardowy interfejs i charakterystyk\u0119 rozszerzenia i zastosuj poprawki. <\/li> <li><b>Wy\u015bwietl sw\u00f3j osobisty kod w oknie aplikacji Elfsight. <\/b><br> Po zako\u0144czeniu tworzenia narz\u0119dzia skopiuj ekskluzywny kod w pojawiaj\u0105cym si\u0119 oknie i zapisz go na dalsze potrzeby. <\/li> <li><b>Rozpocznij korzystanie z rozszerzenia w swojej witrynie Joomla. <\/b><br> Umie\u015b\u0107 zapisany wcze\u015bniej kod w swojej witrynie i zastosuj zmiany. <\/li> <li><b>Instalacja zosta\u0142a ca\u0142kowicie zako\u0144czona. <\/b><br> Przejd\u017a na swoj\u0105 stron\u0119 i sprawd\u017a dzia\u0142anie rozszerzenia. <\/li><\/ol><p>Potrzebujesz pomocy przy dodawaniu lub tworzeniu rozszerzenia? Zesp\u00f3\u0142 Elfsight b\u0119dzie tutaj, aby wesprze\u0107 i zaproponowa\u0107 rozwi\u0105zanie! Mo\u017cesz tak\u017ce spr\u00f3bowa\u0107 poradzi\u0107 sobie z zapytaniem samodzielnie, czytaj\u0105c nasz pe\u0142ny poradnik \u00ab<a href=\"https:\/\/elfsight.com\/tutorials\/how-to-add-social-share-buttons-to-joomla-website\/\" target=\"_blank\" rel=\"noopener noreferrer\">Jak umie\u015bci\u0107 przyciski udost\u0119pniania w witrynie Joomla<\/a>\u00bb.<\/p><\/div><div class=\"faq\" data-component=\"FAQ\"><div class=\"faq-item\">\r\n\t\t\t\t\t<div class=\"faq-item-question\">\r\n\t\t\t\t\t\t<h3 class=\"faq-item-question-text\">Czy istnieje mo\u017cliwo\u015b\u0107 osadzenia przycisk\u00f3w udost\u0119pniania spo\u0142eczno\u015bciowego w mojej witrynie Joomla bez znajomo\u015bci kodowania?<\/h3>\r\n\r\n\t\t\t\t\t\t<div class=\"faq-item-question-icon\"><\/div>\r\n\t\t\t\t\t<\/div>\r\n\r\n\t\t\t\t\t<div class=\"faq-item-answer\">\r\n\t\t\t\t\t\t<div class=\"faq-item-answer-text\"><p>Firma Elfsight oferuje rozwi\u0105zanie w chmurze, kt\u00f3re umo\u017cliwia samodzielne wygenerowanie wid\u017cetu przycisk\u00f3w udost\u0119pniania spo\u0142eczno\u015bciowego, zobacz proste kroki: <\/p> <ul><li>Pracuj w wersji demonstracyjnej online, aby utworzy\u0107 sekcj\u0119 przycisk\u00f3w udost\u0119pniania spo\u0142eczno\u015bciowego, kt\u00f3ra ma si\u0119 pojawia\u0107 na Twojej stronie Joomla.<\/li><li>Wybierz jeden z gotowych szablon\u00f3w i dostosuj ustawienia przycisk\u00f3w udost\u0119pniania spo\u0142eczno\u015bciowego, aktualizuj swoje tre\u015bci, zmieniaj uk\u0142ad i kolor element\u00f3w bez znajomo\u015bci kodowania.<\/li><li>Kliknij, aby zapisa\u0107 przyciski udost\u0119pniania spo\u0142eczno\u015bciowego i uzyska\u0107 kod wid\u017cetu do instalacji, kt\u00f3ry mo\u017cesz \u0142atwo i bezp\u0142atnie osadzi\u0107 na swojej stronie g\u0142\u00f3wnej Joomla .<\/li><\/ul><p>Dzi\u0119ki naszemu \u0142atwemu w obs\u0142udze konfiguratorowi ka\u017cdy u\u017cytkownik sieci mo\u017ce wygenerowa\u0107 przyciski udost\u0119pniania spo\u0142eczno\u015bciowego online i umie\u015bci\u0107 je na dowolnej stronie g\u0142\u00f3wnej Joomla. Aby uzyska\u0107 dost\u0119p do us\u0142ugi Elfsight, nie trzeba p\u0142aci\u0107 ani podawa\u0107 danych uwierzytelniaj\u0105cych karty. Je\u015bli napotkasz jakiekolwiek problemy, nie wahaj si\u0119 skontaktowa\u0107 z naszym dzia\u0142em obs\u0142ugi klienta.<\/p><\/div>\r\n\t\t\t\t\t<\/div>\r\n\t\t\t\t<\/div><\/div>","protected":false},"excerpt":{"rendered":"","protected":false},"author":9,"featured_media":0,"parent":2255,"menu_order":0,"comment_status":"closed","ping_status":"closed","template":"templates\/template-application-platform.php","meta":{"publish_to_discourse":"","publish_post_category":"","wpdc_auto_publish_overridden":"","wpdc_topic_tags":"","wpdc_pin_topic":"","wpdc_pin_until":"","discourse_post_id":"","discourse_permalink":"","wpdc_publishing_response":"","wpdc_publishing_error":"","footnotes":""},"class_list":["post-6608","page","type-page","status-publish","hentry"],"yoast_head":"<!-- This site is optimized with the Yoast SEO plugin v25.3.1 - https:\/\/yoast.com\/wordpress\/plugins\/seo\/ -->\n<title>Przyciski udost\u0119pniania spo\u0142eczno\u015bciowego \u2013 dodaj przyciski udost\u0119pniania do witryny Joomla<\/title>\n<meta name=\"description\" content=\"Wy\u015bwietl przyciski udost\u0119pniania spo\u0142eczno\u015bciowego na swojej stronie Joomla tylko w kilka minut. Szybkie i proste tworzenie dowolnych rozszerze\u0144 stron internetowych przez Elfsight.\" \/>\n<meta name=\"robots\" content=\"index, follow, max-snippet:-1, max-image-preview:large, max-video-preview:-1\" \/>\n<link rel=\"canonical\" href=\"https:\/\/elfsight.com\/pl\/social-media-share-buttons\/joomla\/\" \/>\n<meta property=\"og:locale\" content=\"pl_PL\" \/>\n<meta property=\"og:type\" content=\"article\" \/>\n<meta property=\"og:title\" content=\"Przyciski udost\u0119pniania spo\u0142eczno\u015bciowego \u2013 dodaj przyciski udost\u0119pniania do witryny Joomla\" \/>\n<meta property=\"og:description\" content=\"Wy\u015bwietl przyciski udost\u0119pniania spo\u0142eczno\u015bciowego na swojej stronie Joomla tylko w kilka minut. Szybkie i proste tworzenie dowolnych rozszerze\u0144 stron internetowych przez Elfsight.\" \/>\n<meta property=\"og:url\" content=\"https:\/\/elfsight.com\/pl\/social-media-share-buttons\/joomla\/\" \/>\n<meta property=\"og:site_name\" content=\"Elfsight PL\" \/>\n<meta property=\"article:modified_time\" content=\"2025-06-20T08:53:01+00:00\" \/>\n<meta name=\"twitter:card\" content=\"summary_large_image\" \/>\n<meta name=\"twitter:label1\" content=\"Szacowany czas czytania\" \/>\n\t<meta name=\"twitter:data1\" content=\"3 minuty\" \/>\n<!-- \/ Yoast SEO plugin. -->","yoast_head_json":{"title":"Przyciski udost\u0119pniania spo\u0142eczno\u015bciowego \u2013 dodaj przyciski udost\u0119pniania do witryny Joomla","description":"Wy\u015bwietl przyciski udost\u0119pniania spo\u0142eczno\u015bciowego na swojej stronie Joomla tylko w kilka minut. Szybkie i proste tworzenie dowolnych rozszerze\u0144 stron internetowych przez Elfsight.","robots":{"index":"index","follow":"follow","max-snippet":"max-snippet:-1","max-image-preview":"max-image-preview:large","max-video-preview":"max-video-preview:-1"},"canonical":"https:\/\/elfsight.com\/pl\/social-media-share-buttons\/joomla\/","og_locale":"pl_PL","og_type":"article","og_title":"Przyciski udost\u0119pniania spo\u0142eczno\u015bciowego \u2013 dodaj przyciski udost\u0119pniania do witryny Joomla","og_description":"Wy\u015bwietl przyciski udost\u0119pniania spo\u0142eczno\u015bciowego na swojej stronie Joomla tylko w kilka minut. Szybkie i proste tworzenie dowolnych rozszerze\u0144 stron internetowych przez Elfsight.","og_url":"https:\/\/elfsight.com\/pl\/social-media-share-buttons\/joomla\/","og_site_name":"Elfsight PL","article_modified_time":"2025-06-20T08:53:01+00:00","twitter_card":"summary_large_image","twitter_misc":{"Szacowany czas czytania":"3 minuty"},"schema":{"@context":"https:\/\/schema.org","@graph":[{"@type":"WebPage","@id":"https:\/\/elfsight.com\/pl\/social-media-share-buttons\/joomla\/","url":"https:\/\/elfsight.com\/pl\/social-media-share-buttons\/joomla\/","name":"Przyciski udost\u0119pniania spo\u0142eczno\u015bciowego \u2013 dodaj przyciski udost\u0119pniania do witryny Joomla","isPartOf":{"@id":"https:\/\/elfsight.com\/pl\/#website"},"datePublished":"1970-01-01T00:00:00+00:00","dateModified":"2025-06-20T08:53:01+00:00","description":"Wy\u015bwietl przyciski udost\u0119pniania spo\u0142eczno\u015bciowego na swojej stronie Joomla tylko w kilka minut. Szybkie i proste tworzenie dowolnych rozszerze\u0144 stron internetowych przez Elfsight.","breadcrumb":{"@id":"https:\/\/elfsight.com\/pl\/social-media-share-buttons\/joomla\/#breadcrumb"},"inLanguage":"pl-PL","potentialAction":[{"@type":"ReadAction","target":["https:\/\/elfsight.com\/pl\/social-media-share-buttons\/joomla\/"]}]},{"@type":"BreadcrumbList","@id":"https:\/\/elfsight.com\/pl\/social-media-share-buttons\/joomla\/#breadcrumb","itemListElement":[{"@type":"ListItem","position":1,"name":"Home","item":"https:\/\/elfsight.com\/pl\/"},{"@type":"ListItem","position":2,"name":"Social Share Buttons","item":"https:\/\/elfsight.com\/pl\/social-media-share-buttons\/"},{"@type":"ListItem","position":3,"name":"Social Share Buttons &#8211; Joomla"}]},{"@type":"WebSite","@id":"https:\/\/elfsight.com\/pl\/#website","url":"https:\/\/elfsight.com\/pl\/","name":"Elfsight PL","description":"Just another Elfsight Sites site","potentialAction":[{"@type":"SearchAction","target":{"@type":"EntryPoint","urlTemplate":"https:\/\/elfsight.com\/pl\/?s={search_term_string}"},"query-input":{"@type":"PropertyValueSpecification","valueRequired":true,"valueName":"search_term_string"}}],"inLanguage":"pl-PL"}]}},"meta_box":{"industry":"","seo_heading":"","heading":"","description":"","cta_heading":"","cta_description":"","application":"3353","h1":"Przyciski udost\u0119pniania spo\u0142eczno\u015bciowego dla Joomla","h1_caption":"Dodaj przyciski udost\u0119pniania w mediach spo\u0142eczno\u015bciowych do swojej witryny, umo\u017cliwiaj\u0105c odwiedzaj\u0105cym bezproblemowe udost\u0119pnianie tre\u015bci na wielu platformach w witrynie Joomla.","application_category":[],"applications_title":"","applications_request_title":"","applications_request_button_text":"","hero_text":"","hero_video":"","hero_video_schema_markup":"","selling_points_title":"","selling_points_caption":"","selling_points":[],"selling_points_cta_text":"","features_title":"","features":"","ed_cta_examples_text":"","ed_cta_examples_hidden":"","ed_cta_demo_text":"","ed_cta_demo_hidden":"","why_caption":"","why_editor_title":"","why_editor_text":"","why_team_title":"","why_team_text":"","why_service_title":"","why_service_text":"","template_catalog_visible":"0","template_catalog_title":"","template_catalog_text":"","template_catalog_categories_visible":"","demo_title":"Utw\u00f3rz wtyczk\u0119 przycisk\u00f3w udost\u0119pniania spo\u0142eczno\u015bciowego","demo_caption":"Skonfiguruj przyciski udost\u0119pniania spo\u0142eczno\u015bciowego i dodaj je do swojej witryny Joomla za darmo!","default_faq_hidden":"","app_template_category":[],"platform":"53","template_public_id":"","codecanyon_url":"","codecanyon_item_id":"","codecanyon_price":"","pricing_caption":"","pricing_elfsight_apps_hide_column":"","pricing_elfsight_apps_url":"","pricing_codecanyon_price_caption":"","integration_category":[],"integration_request_title":"","integration_request_cta":"","integration_platform":"","integrations":[],"platform_category":[],"video_schema_markup":"","price":"od 0 USD \/ miesi\u0105c","trial":"","benefits":[{"text":"Bezp\u0142atna pomoc w monta\u017cu"},{"text":"Do\u015bwiadczona obs\u0142uga klienta"},{"text":"14-dniowa gwarancja zwrotu pieni\u0119dzy"}],"button_url":"#demo","button_target_blank":"0","button_nofollow":"0","attributes":[{"name":"Instaluje"},{"name":"Czu\u0142y"},{"name":"Kompatybilne przegl\u0105darki"}],"tags":[],"tags_disable_links":"0","hide_more_platforms":"0","video_object":"","demo_hide_cta":"0","demo_hide_cloud_options":"0","pricing_title":"","pricing":[{"pricing_icon":"cloud","pricing_title":"Elfsight Apps","pricing_title_caption":"Wersja niezale\u017cna od platformy, kt\u00f3ra pasuje do ka\u017cdej witryny internetowej","pricing_price":"od 0 USD \/ miesi\u0105c","pricing_price_caption":"zacznij od bezp\u0142atnego planu","pricing_benefits":[{"text":"Nielimitowane strony internetowe"},{"text":"Dedykowane wsparcie firmy"},{"text":"Bezp\u0142atna pomoc w instalacji"},{"text":"Oferta ograniczona czasowo dla wielu aplikacji"}],"pricing_button_text":"Dodaj do witryny","pricing_button_url":"#demo"}],"related_apps_title":"","related_apps_hidden":"0","author":"","image":[],"title":"","job":"","social_networks":[]},"_links":{"self":[{"href":"https:\/\/elfsight.com\/pl\/wp-json\/wp\/v2\/pages\/6608","targetHints":{"allow":["GET"]}}],"collection":[{"href":"https:\/\/elfsight.com\/pl\/wp-json\/wp\/v2\/pages"}],"about":[{"href":"https:\/\/elfsight.com\/pl\/wp-json\/wp\/v2\/types\/page"}],"author":[{"embeddable":true,"href":"https:\/\/elfsight.com\/pl\/wp-json\/wp\/v2\/users\/9"}],"replies":[{"embeddable":true,"href":"https:\/\/elfsight.com\/pl\/wp-json\/wp\/v2\/comments?post=6608"}],"version-history":[{"count":3,"href":"https:\/\/elfsight.com\/pl\/wp-json\/wp\/v2\/pages\/6608\/revisions"}],"predecessor-version":[{"id":10170,"href":"https:\/\/elfsight.com\/pl\/wp-json\/wp\/v2\/pages\/6608\/revisions\/10170"}],"up":[{"embeddable":true,"href":"https:\/\/elfsight.com\/pl\/wp-json\/wp\/v2\/pages\/2255"}],"wp:attachment":[{"href":"https:\/\/elfsight.com\/pl\/wp-json\/wp\/v2\/media?parent=6608"}],"curies":[{"name":"wp","href":"https:\/\/api.w.org\/{rel}","templated":true}]}}