{"id":6607,"date":"2024-05-03T06:48:50","date_gmt":"2024-05-03T06:48:50","guid":{"rendered":"https:\/\/elfsight.com\/pl\/?page_id=6607"},"modified":"2025-06-20T08:56:31","modified_gmt":"2025-06-20T08:56:31","slug":"magento","status":"publish","type":"page","link":"https:\/\/elfsight.com\/pl\/social-media-share-buttons\/magento\/","title":{"rendered":"Social Share Buttons &#8211; Magento"},"content":{"rendered":"<div class=\"application-platform-content-item-description application-platform-content-item\" id=\"description\" data-nav-section=\"description\">\n<h2>Opis<\/h2>\n<p>Skuteczne rozszerzenie udost\u0119pniania dla dowolnych witryn, kt\u00f3re pomo\u017ce Twoim u\u017cytkownikom udost\u0119pnia\u0107 Twoje posty w r\u00f3\u017cnych mediach spo\u0142eczno\u015bciowych. Rozpocznij rozw\u00f3j swojej firmy w Google+, Facebooku, LinkedIn i innych zasobach i docieraj do jeszcze wi\u0119kszej liczby subskrybent\u00f3w i fan\u00f3w skutecznymi postami na swojej osobistej stronie.<\/p>\n<p><b>Zdob\u0105d\u017a dodatkowe widoki i czytelnik\u00f3w z medi\u00f3w spo\u0142eczno\u015bciowych!<\/b><\/p>\n<ul>\n    <li><b>Maksymalne rozpowszechnianie tre\u015bci i element\u00f3w w mediach spo\u0142eczno\u015bciowych<\/b>.<br>Dzi\u0119ki por\u0119cznemu projektowi i funkcjonalno\u015bci za pomoc\u0105 jednego klikni\u0119cia myszk\u0105 Twoje tre\u015bci b\u0119d\u0105 mia\u0142y masowe udost\u0119pnianie we wszystkich mediach spo\u0142eczno\u015bciowych bez ogranicze\u0144.<\/li>\n    <li><b>Rozszerzaj swoje posty, aby mie\u0107 coraz wi\u0119cej widz\u00f3w<\/b>.<br>Daj odwiedzaj\u0105cym mo\u017cliwo\u015b\u0107 rozpowszechniania Twoich tre\u015bci w\u015br\u00f3d nowych odbiorc\u00f3w bez wysi\u0142ku.<\/li>\n    <li><b>Popraw parametry SEO witryny<\/b>.<br>Zwi\u0119ksz ruch na swojej witrynie za pomoc\u0105 medi\u00f3w spo\u0142eczno\u015bciowych, aby zwi\u0119kszy\u0107 akceptacj\u0119 spo\u0142eczn\u0105 Twojej witryny i wp\u0142yn\u0105\u0107 na pozycj\u0119 w rankingach Google.<\/li>\n    <li><b>Zwi\u0119ksz liczb\u0119 subskrybent\u00f3w w mediach spo\u0142eczno\u015bciowych<\/b>.<br>Generujesz tre\u015bci najwy\u017cszej klasy? Pozw\u00f3l czytelnikom samodzielnie go rozpowszechnia\u0107, z \u0142atwo\u015bci\u0105 udost\u0119pniaj\u0105c posty swoim subskrybentom.<\/li>\n<\/ul>\n<\/div>\n\n<div class=\"application-platform-content-item-features application-platform-content-item\" id=\"features\" data-nav-section=\"features\">\n<h2>Funkcje<\/h2>\n<p>Co wyr\u00f3\u017cnia nasze przyciski najlepsze w\u015br\u00f3d rozszerze\u0144 udost\u0119pnianych Magento? Dowiedz si\u0119 wi\u0119cej o g\u0142\u00f3wnych cechach:<\/p>\n<ul>\n    <li>Duplikuj i zmieniaj kolejno\u015b\u0107 przycisk\u00f3w wed\u0142ug potrzeb;<\/li>\n    <li>Ustaw dowoln\u0105 liczb\u0119 kolumn, aby uporz\u0105dkowa\u0107 przyciski;<\/li>\n    <li>Ustaw szeroko\u015b\u0107 przycisku;<\/li>\n    <li>Regulowana przezroczysto\u015b\u0107 przycisk\u00f3w;<\/li>\n    <li>Wsparcie premium ze strony profesjonalnego zespo\u0142u.<\/li>\n<\/ul>\n<p><a href=\"#demo\">Odkryj wszystkie zalety bezp\u0142atnej wersji demonstracyjnej<\/a><\/p>\n<\/div>\n\n<div class=\"application-platform-content-item-installation application-platform-content-item\" id=\"installation\" data-nav-section=\"installation\">\n<h2>Jak doda\u0107 przyciski udost\u0119pniania do Magento<\/h2>\n<p>Wystarczy wykona\u0107 nast\u0119puj\u0105ce kroki przedstawione poni\u017cej, aby osadzi\u0107 widget na Magento.<\/p>\n<ol>\n    <li><b>Wykonaj nasz darmowy konfigurator i zacznij tworzy\u0107 sw\u00f3j w\u0142asny instrument.<\/b><br>Wybierz preferowany uk\u0142ad i specyfikacje rozszerzenia Przyciski udost\u0119pniania spo\u0142eczno\u015bciowego i zastosuj modyfikacje.<\/li>\n    <li><b>Skopiuj unikalny kod pojawiaj\u0105cy si\u0119 w polu aplikacji Elfsight.<\/b><br>Po zako\u0144czeniu konfiguracji osobistego numeru wewn\u0119trznego skopiuj indywidualny kod z wy\u015bwietlonego wyskakuj\u0105cego okienka i zapisz go na przysz\u0142o\u015b\u0107.<\/li>\n    <li><b>Rozpocznij korzystanie z widgetu na stronie Magento.<\/b><br>Umie\u015b\u0107 skopiowany wcze\u015bniej kod na swojej stronie i zapisz ulepszenia.<\/li>\n    <li><b>Gotowe! Integracja zosta\u0142a ca\u0142kowicie zako\u0144czona.<\/b><br>Przejd\u017a na swoj\u0105 stron\u0119 i sprawd\u017a, jak dzia\u0142a rozszerzenie.<\/li>\n<\/ol>\n<p>Potrzebujesz porady dotycz\u0105cej umiejscowienia lub zaprojektowania przed\u0142u\u017cenia? Zesp\u00f3\u0142 Elfsight ch\u0119tnie wesprze i znajdzie rozwi\u0105zanie! Mo\u017cesz tak\u017ce rozwi\u0105za\u0107 zapytanie samodzielnie, korzystaj\u0105c z naszego obszernego samouczka \u00ab<a href=\"https:\/\/elfsight.com\/tutorials\/how-to-add-social-share-buttons-to-magento\/\" target=\"_blank\" rel=\"noopener noreferrer\">Jak wy\u015bwietli\u0107 przyciski udost\u0119pniania w witrynie Magento<\/a>\u00bb.<\/p>\n<\/div>\n\n<div class=\"faq\" data-component=\"FAQ\">\n<div class=\"faq-item\">\r\n\t\t\t\t\t<div class=\"faq-item-question\">\r\n\t\t\t\t\t\t<h3 class=\"faq-item-question-text\">Jak to zrobi\u0107 Osadzam przyciski udost\u0119pniania spo\u0142eczno\u015bciowego w moim Magento bez kodowania?<\/h3>\r\n\r\n\t\t\t\t\t\t<div class=\"faq-item-question-icon\"><\/div>\r\n\t\t\t\t\t<\/div>\r\n\r\n\t\t\t\t\t<div class=\"faq-item-answer\">\r\n\t\t\t\t\t\t<div class=\"faq-item-answer-text\">\n<p>Firma Elfsight zapewnia rozwi\u0105zanie, kt\u00f3re pozwala samodzielnie stworzy\u0107 aplikacj\u0119 przycisk\u00f3w udost\u0119pniania spo\u0142eczno\u015bciowego. Poznaj proste kroki: <\/p>\n<ul>\n    <li>Przejd\u017a do Demo na \u017cywo umo\u017cliwiaj\u0105ce utworzenie sekcji przycisk\u00f3w udost\u0119pniania spo\u0142eczno\u015bciowego, kt\u00f3r\u0105 chcia\u0142by\u015b zobaczy\u0107 w Magento.<\/li>\n    <li>Wybierz jeden z gotowych szablon\u00f3w i dostosuj ustawienia przycisk\u00f3w udost\u0119pniania spo\u0142eczno\u015bciowego, zaktualizuj tre\u015b\u0107, zmie\u0144 uk\u0142ad i kolor schemat bez umiej\u0119tno\u015bci kodowania.<\/li>\n    <li>Zapisz przyciski udost\u0119pniania spo\u0142eczno\u015bciowego i skopiuj kod instalacyjny wtyczki, kt\u00f3ry mo\u017cna po prostu bezp\u0142atnie osadzi\u0107 w dowolnej witrynie Magento.<\/li>\n<\/ul>\n<p>Korzystaj\u0105c z naszego przyjaznego dla u\u017cytkownika konfiguratora, ka\u017cdy u\u017cytkownik Internetu mo\u017ce zbudowa\u0107 sekcj\u0119 Social Share Buttons online i \u0142atwo osadzi\u0107 j\u0105 na stronie Magento. Aby wej\u015b\u0107 do Edytora, nie trzeba p\u0142aci\u0107 ani podawa\u0107 danych uwierzytelniaj\u0105cych karty. Je\u015bli napotkasz jakiekolwiek przeszkody, skontaktuj si\u0119 z naszym personelem pomocy technicznej.<\/p>\n<\/div>\r\n\t\t\t\t\t<\/div>\r\n\t\t\t\t<\/div>\n<\/div>","protected":false},"excerpt":{"rendered":"","protected":false},"author":9,"featured_media":0,"parent":2255,"menu_order":0,"comment_status":"closed","ping_status":"closed","template":"templates\/template-application-platform.php","meta":{"publish_to_discourse":"","publish_post_category":"","wpdc_auto_publish_overridden":"","wpdc_topic_tags":"","wpdc_pin_topic":"","wpdc_pin_until":"","discourse_post_id":"","discourse_permalink":"","wpdc_publishing_response":"","wpdc_publishing_error":"","footnotes":""},"class_list":["post-6607","page","type-page","status-publish","hentry"],"yoast_head":"<!-- This site is optimized with the Yoast SEO plugin v25.3.1 - https:\/\/yoast.com\/wordpress\/plugins\/seo\/ -->\n<title>Przyciski udost\u0119pniania spo\u0142eczno\u015bciowego \u2013 dodaj przyciski udost\u0119pniania do witryny Magento<\/title>\n<meta name=\"description\" content=\"Zintegruj przyciski udost\u0119pniania spo\u0142eczno\u015bciowego ze swoj\u0105 witryn\u0105 Magento w zaledwie kilka minut. Szybka i prosta budowa r\u00f3\u017cnorodnych rozszerze\u0144 stron internetowych przez Elfsight.\" \/>\n<meta name=\"robots\" content=\"index, follow, max-snippet:-1, max-image-preview:large, max-video-preview:-1\" \/>\n<link rel=\"canonical\" href=\"https:\/\/elfsight.com\/pl\/social-media-share-buttons\/magento\/\" \/>\n<meta property=\"og:locale\" content=\"pl_PL\" \/>\n<meta property=\"og:type\" content=\"article\" \/>\n<meta property=\"og:title\" content=\"Przyciski udost\u0119pniania spo\u0142eczno\u015bciowego \u2013 dodaj przyciski udost\u0119pniania do witryny Magento\" \/>\n<meta property=\"og:description\" content=\"Zintegruj przyciski udost\u0119pniania spo\u0142eczno\u015bciowego ze swoj\u0105 witryn\u0105 Magento w zaledwie kilka minut. Szybka i prosta budowa r\u00f3\u017cnorodnych rozszerze\u0144 stron internetowych przez Elfsight.\" \/>\n<meta property=\"og:url\" content=\"https:\/\/elfsight.com\/pl\/social-media-share-buttons\/magento\/\" \/>\n<meta property=\"og:site_name\" content=\"Elfsight PL\" \/>\n<meta property=\"article:modified_time\" content=\"2025-06-20T08:56:31+00:00\" \/>\n<meta name=\"twitter:card\" content=\"summary_large_image\" \/>\n<meta name=\"twitter:label1\" content=\"Szacowany czas czytania\" \/>\n\t<meta name=\"twitter:data1\" content=\"3 minuty\" \/>\n<!-- \/ Yoast SEO plugin. -->","yoast_head_json":{"title":"Przyciski udost\u0119pniania spo\u0142eczno\u015bciowego \u2013 dodaj przyciski udost\u0119pniania do witryny Magento","description":"Zintegruj przyciski udost\u0119pniania spo\u0142eczno\u015bciowego ze swoj\u0105 witryn\u0105 Magento w zaledwie kilka minut. Szybka i prosta budowa r\u00f3\u017cnorodnych rozszerze\u0144 stron internetowych przez Elfsight.","robots":{"index":"index","follow":"follow","max-snippet":"max-snippet:-1","max-image-preview":"max-image-preview:large","max-video-preview":"max-video-preview:-1"},"canonical":"https:\/\/elfsight.com\/pl\/social-media-share-buttons\/magento\/","og_locale":"pl_PL","og_type":"article","og_title":"Przyciski udost\u0119pniania spo\u0142eczno\u015bciowego \u2013 dodaj przyciski udost\u0119pniania do witryny Magento","og_description":"Zintegruj przyciski udost\u0119pniania spo\u0142eczno\u015bciowego ze swoj\u0105 witryn\u0105 Magento w zaledwie kilka minut. Szybka i prosta budowa r\u00f3\u017cnorodnych rozszerze\u0144 stron internetowych przez Elfsight.","og_url":"https:\/\/elfsight.com\/pl\/social-media-share-buttons\/magento\/","og_site_name":"Elfsight PL","article_modified_time":"2025-06-20T08:56:31+00:00","twitter_card":"summary_large_image","twitter_misc":{"Szacowany czas czytania":"3 minuty"},"schema":{"@context":"https:\/\/schema.org","@graph":[{"@type":"WebPage","@id":"https:\/\/elfsight.com\/pl\/social-media-share-buttons\/magento\/","url":"https:\/\/elfsight.com\/pl\/social-media-share-buttons\/magento\/","name":"Przyciski udost\u0119pniania spo\u0142eczno\u015bciowego \u2013 dodaj przyciski udost\u0119pniania do witryny Magento","isPartOf":{"@id":"https:\/\/elfsight.com\/pl\/#website"},"datePublished":"2024-05-03T06:48:50+00:00","dateModified":"2025-06-20T08:56:31+00:00","description":"Zintegruj przyciski udost\u0119pniania spo\u0142eczno\u015bciowego ze swoj\u0105 witryn\u0105 Magento w zaledwie kilka minut. Szybka i prosta budowa r\u00f3\u017cnorodnych rozszerze\u0144 stron internetowych przez Elfsight.","breadcrumb":{"@id":"https:\/\/elfsight.com\/pl\/social-media-share-buttons\/magento\/#breadcrumb"},"inLanguage":"pl-PL","potentialAction":[{"@type":"ReadAction","target":["https:\/\/elfsight.com\/pl\/social-media-share-buttons\/magento\/"]}]},{"@type":"BreadcrumbList","@id":"https:\/\/elfsight.com\/pl\/social-media-share-buttons\/magento\/#breadcrumb","itemListElement":[{"@type":"ListItem","position":1,"name":"Home","item":"https:\/\/elfsight.com\/pl\/"},{"@type":"ListItem","position":2,"name":"Social Share Buttons","item":"https:\/\/elfsight.com\/pl\/social-media-share-buttons\/"},{"@type":"ListItem","position":3,"name":"Social Share Buttons &#8211; Magento"}]},{"@type":"WebSite","@id":"https:\/\/elfsight.com\/pl\/#website","url":"https:\/\/elfsight.com\/pl\/","name":"Elfsight PL","description":"Just another Elfsight Sites site","potentialAction":[{"@type":"SearchAction","target":{"@type":"EntryPoint","urlTemplate":"https:\/\/elfsight.com\/pl\/?s={search_term_string}"},"query-input":{"@type":"PropertyValueSpecification","valueRequired":true,"valueName":"search_term_string"}}],"inLanguage":"pl-PL"}]}},"meta_box":{"industry":"","seo_heading":"","heading":"","description":"","cta_heading":"","cta_description":"","application":"3353","h1":"Przyciski udost\u0119pniania spo\u0142eczno\u015bciowego dla Magento","h1_caption":"Dodaj przyciski udost\u0119pniania w mediach spo\u0142eczno\u015bciowych do swojej witryny, umo\u017cliwiaj\u0105c odwiedzaj\u0105cym bezproblemowe udost\u0119pnianie tre\u015bci na wielu platformach w Twojej witrynie Magento.","application_category":[],"applications_title":"","applications_request_title":"","applications_request_button_text":"","hero_text":"","hero_video":"","hero_video_schema_markup":"","selling_points_title":"","selling_points_caption":"","selling_points":[],"selling_points_cta_text":"","features_title":"","features":"","ed_cta_examples_text":"","ed_cta_examples_hidden":"","ed_cta_demo_text":"","ed_cta_demo_hidden":"","why_caption":"","why_editor_title":"","why_editor_text":"","why_team_title":"","why_team_text":"","why_service_title":"","why_service_text":"","template_catalog_visible":"0","template_catalog_title":"","template_catalog_text":"","template_catalog_categories_visible":"","demo_title":"Utw\u00f3rz rozszerzenie przycisk\u00f3w udost\u0119pniania spo\u0142eczno\u015bciowego","demo_caption":"Skonfiguruj przyciski udost\u0119pniania spo\u0142eczno\u015bciowego i dodaj je za darmo do swojej witryny Magento!","default_faq_hidden":"","app_template_category":[],"platform":"92","template_public_id":"","codecanyon_url":"","codecanyon_item_id":"","codecanyon_price":"","pricing_caption":"","pricing_elfsight_apps_hide_column":"","pricing_elfsight_apps_url":"","pricing_codecanyon_price_caption":"","integration_category":[],"integration_request_title":"","integration_request_cta":"","integration_platform":"","integrations":[],"platform_category":[],"video_schema_markup":"","price":"od 0 USD \/ miesi\u0105c","trial":"","benefits":[{"text":"Bezp\u0142atna us\u0142uga monta\u017cu"},{"text":"Wyj\u0105tkowe wsparcie"},{"text":"14-dniowa gwarancja zwrotu pieni\u0119dzy"},{"text":"Regularne bezp\u0142atne aktualizacje"}],"button_url":"#demo","button_target_blank":"0","button_nofollow":"0","attributes":[{"name":"Instaluje"},{"name":"Czu\u0142y"},{"name":"Kompatybilne przegl\u0105darki"}],"tags":[],"tags_disable_links":"0","hide_more_platforms":"0","video_object":"","demo_hide_cta":"0","demo_hide_cloud_options":"0","pricing_title":"","pricing":[{"pricing_icon":"platform","pricing_title":"Elfsight Apps","pricing_title_caption":"Wieloplatformowe rozwi\u0105zanie cyfrowe, kt\u00f3re pasuje do ka\u017cdej witryny internetowej","pricing_price":"od 0 USD \/ miesi\u0105c","pricing_price_caption":"zacznij od bezp\u0142atnego planu","pricing_benefits":[{"text":"Nielimitowane domeny"},{"text":"Szybka pomoc i dobrze udokumentowana"},{"text":"Bezp\u0142atna pomoc w monta\u017cu"},{"text":"100% konfigurowalny"}],"pricing_button_text":"Dodaj do witryny","pricing_button_url":"#demo"}],"related_apps_title":"","related_apps_hidden":"0","author":"","image":[],"title":"","job":"","social_networks":[]},"_links":{"self":[{"href":"https:\/\/elfsight.com\/pl\/wp-json\/wp\/v2\/pages\/6607","targetHints":{"allow":["GET"]}}],"collection":[{"href":"https:\/\/elfsight.com\/pl\/wp-json\/wp\/v2\/pages"}],"about":[{"href":"https:\/\/elfsight.com\/pl\/wp-json\/wp\/v2\/types\/page"}],"author":[{"embeddable":true,"href":"https:\/\/elfsight.com\/pl\/wp-json\/wp\/v2\/users\/9"}],"replies":[{"embeddable":true,"href":"https:\/\/elfsight.com\/pl\/wp-json\/wp\/v2\/comments?post=6607"}],"version-history":[{"count":2,"href":"https:\/\/elfsight.com\/pl\/wp-json\/wp\/v2\/pages\/6607\/revisions"}],"predecessor-version":[{"id":10173,"href":"https:\/\/elfsight.com\/pl\/wp-json\/wp\/v2\/pages\/6607\/revisions\/10173"}],"up":[{"embeddable":true,"href":"https:\/\/elfsight.com\/pl\/wp-json\/wp\/v2\/pages\/2255"}],"wp:attachment":[{"href":"https:\/\/elfsight.com\/pl\/wp-json\/wp\/v2\/media?parent=6607"}],"curies":[{"name":"wp","href":"https:\/\/api.w.org\/{rel}","templated":true}]}}