{"id":6600,"date":"1970-01-01T00:00:00","date_gmt":"1970-01-01T00:00:00","guid":{"rendered":"https:\/\/elfsight.com\/pl\/?page_id=6600"},"modified":"2025-06-20T09:00:26","modified_gmt":"2025-06-20T09:00:26","slug":"squarespace","status":"publish","type":"page","link":"https:\/\/elfsight.com\/pl\/social-media-share-buttons\/squarespace\/","title":{"rendered":"Social Share Buttons &#8211; Squarespace"},"content":{"rendered":"<div class=\"application-platform-content-item-description application-platform-content-item\" id=\"description\" data-nav-section=\"description\">\n<h2>Osad\u017a przyciski udost\u0119pniania spo\u0142eczno\u015bciowego w Squarespace za pomoc\u0105 wid\u017cetu Elfsight<\/h2>\n<p>Prosty wid\u017cet udost\u0119pniania dla wszystkich witryn, kt\u00f3ry pozwala Twoim klientom rozpowszechnia\u0107 tre\u015bci Twojej witryny w r\u00f3\u017cnych sieciach spo\u0142eczno\u015bciowych. Promuj swoj\u0105 mark\u0119 w Google+, Facebooku, LinkedIn i nie tylko oraz zwi\u0119ksz liczb\u0119 obserwuj\u0105cych i fan\u00f3w dzi\u0119ki skutecznym postom na swojej osobistej stronie internetowej.<\/p>\n<p><b>Znajd\u017a wi\u0119cej subskrybent\u00f3w w sieciach spo\u0142eczno\u015bciowych!<\/b><\/p>\n<ul>\n    <li><b>Maksymalny zasi\u0119g tre\u015bci i produkt\u00f3w w sieciach spo\u0142eczno\u015bciowych<\/b>.<br>Dzi\u0119ki przejrzystemu projektowi i funkcjom jednym klikni\u0119ciem Twoje tre\u015bci zostan\u0105 rozpowszechnione we wszystkich mediach spo\u0142eczno\u015bciowych bez wi\u0119kszego wysi\u0142ku.<\/li>\n    <li><b>Dystrybucja ekscytuj\u0105cych tre\u015bci dla szerszej publiczno\u015bci<\/b>.<br>Zapewnij odwiedzaj\u0105cym mo\u017cliwo\u015b\u0107 \u0142atwego rozpowszechniania najpopularniejszych tre\u015bci w\u015br\u00f3d szerszej publiczno\u015bci.<\/li>\n    <li><b>Popraw parametry SEO witryny<\/b>.<br>Zwi\u0119ksz ruch na swojej witrynie za pomoc\u0105 medi\u00f3w spo\u0142eczno\u015bciowych, aby zwi\u0119kszy\u0107 swoj\u0105 ocen\u0119 spo\u0142eczno\u015bciow\u0105, a tym samym poprawi\u0107 swoj\u0105 ocen\u0119 w wyszukiwarkach.<\/li>\n    <li><b>Zwi\u0119ksz liczb\u0119 czytelnik\u00f3w w mediach spo\u0142eczno\u015bciowych<\/b>.<br>Tre\u015b\u0107 Twojej witryny jest najwy\u017cszej jako\u015bci? Spraw, aby czytelnicy mogli go \u0142atwo rozpowszechnia\u0107, udost\u0119pniaj\u0105c posty swoim subskrybentom.<\/li>\n<\/ul>\n<\/div>\n\n<div class=\"application-platform-content-item-features application-platform-content-item\" id=\"features\" data-nav-section=\"features\">\n<h2>G\u0142\u00f3wne funkcje wid\u017cetu Przyciski udost\u0119pniania spo\u0142eczno\u015bciowego<\/h2>\n<p>Dlaczego nasze przyciski s\u0105 najlepsze w\u015br\u00f3d wid\u017cet\u00f3w udost\u0119pniania Squarespace? Sprawd\u017a najwa\u017cniejsze zalety wid\u017cetu:<\/p>\n<ul>\n    <li>ponad 40 wbudowanych sieci spo\u0142eczno\u015bciowych;<\/li>\n    <li>2 uk\u0142ady: Inline i Floating;<\/li>\n    <li>Edytowalny tekst przycisku;<\/li>\n    <li>4 predefiniowane style przycisk\u00f3w;<\/li>\n    <li>Wsparcie premium ze strony profesjonalnego zespo\u0142u.<\/li>\n<\/ul>\n<p><a href=\"#demo\">Zobacz wi\u0119cej funkcji w bezp\u0142atnym demo<\/a><\/p>\n<\/div>\n\n<div class=\"application-platform-content-item-installation application-platform-content-item\" id=\"installation\" data-nav-section=\"installation\">\n<h2>Jak doda\u0107 przyciski udost\u0119pniania do Squarespace<\/h2>\n<div class=\"video-container\"><iframe width=\"720\" height=\"405\" src=\"https:\/\/www.youtube.com\/embed\/yXSwQBvan-4\" frameborder=\"0\" allowfullscreen=\"\"><\/iframe><\/div>\n<p>Ma\u0142e instrukcje dotycz\u0105ce umieszczania przycisk\u00f3w, \u0142atwe w obs\u0142udze nawet dla tych, kt\u00f3rzy nie maj\u0105 kompetencji w programowaniu. Wszystko, czego potrzebujesz, to kilka minut.<\/p>\n<ol>\n    <li><b>Utw\u00f3rz w\u0142asne przyciski spo\u0142eczno\u015bciowe<\/b>.<br>Przy pomocy naszego bezp\u0142atnego edytora utw\u00f3rz wtyczk\u0119 o preferowanym wygl\u0105dzie i mo\u017cliwo\u015bciach.<\/li>\n    <li><b>Skopiuj kod umo\u017cliwiaj\u0105cy wy\u015bwietlenie wtyczki<\/b>.<br>Po dostrojeniu wid\u017cetu pobierz kod wtyczki Share Buttons z powiadomienia, kt\u00f3re pojawi si\u0119 w aplikacji Elfsight.<\/li>\n    <li><b>Osad\u017a wtyczk\u0119 na stronie SquareSpace<\/b>.<br>Dodaj wtyczk\u0119 w wybranym miejscu witryny i zapisz wyniki.<\/li>\n    <li><b>Instalacja zosta\u0142a zako\u0144czona<\/b>.<br>Wejd\u017a na swoj\u0105 stron\u0119, aby sprawdzi\u0107 now\u0105 wtyczk\u0119.<\/li>\n<\/ol>\n<p>Potrzebujesz pomocy przy wstawianiu lub generowaniu wid\u017cetu? Ch\u0119tnie udzielimy pomocy i zaproponujemy rozwi\u0105zanie! Mo\u017cesz tak\u017ce spr\u00f3bowa\u0107 rozwi\u0105za\u0107 problem samodzielnie, korzystaj\u0105c z naszego kompletnego samouczka \u00ab<a href=\"https:\/\/elfsight.com\/tutorials\/how-to-add-social-share-buttons-to-squarespace-website\/\" target=\"_blank\" rel=\"noopener noreferrer\">Jak wy\u015bwietli\u0107 przyciski udost\u0119pniania w witrynie Squarespace<\/a>\u00bb.<\/p>\n<\/div>\n\n<div class=\"faq\" data-component=\"FAQ\">\n<div class=\"faq-item\">\r\n\t\t\t\t\t<div class=\"faq-item-question\">\r\n\t\t\t\t\t\t<h3 class=\"faq-item-question-text\">Czy istnieje spos\u00f3b na dodanie przycisk\u00f3w udost\u0119pniania spo\u0142eczno\u015bciowego do mojej witryny Squarespace bez kodowania?<\/h3>\r\n\r\n\t\t\t\t\t\t<div class=\"faq-item-question-icon\"><\/div>\r\n\t\t\t\t\t<\/div>\r\n\r\n\t\t\t\t\t<div class=\"faq-item-answer\">\r\n\t\t\t\t\t\t<div class=\"faq-item-answer-text\">\n<p>Firma Elfsight dostarcza rozwi\u0105zanie, kt\u00f3re umo\u017cliwia samodzielne utworzenie sekcji przycisk\u00f3w udost\u0119pniania spo\u0142eczno\u015bciowego, zobacz proste kroki: <\/p>\n<ul>\n    <li>Rozpocznij prac\u0119 bezpo\u015brednio w wersji demonstracyjnej online, aby utworzy\u0107 wtyczk\u0119 przycisk\u00f3w udost\u0119pniania spo\u0142eczno\u015bciowego, kt\u00f3r\u0105 chcesz wy\u015bwietla\u0107 na stronie g\u0142\u00f3wnej Squarespace.<\/li>\n    <li>Wybierz jeden z naszych wst\u0119pnie zaprojektowanych szablon\u00f3w i dostosuj funkcj\u0119 udost\u0119pniania spo\u0142ecznego, ustawienia przycisk\u00f3w, do\u0142\u0105cz swoj\u0105 tre\u015b\u0107, zmie\u0144 uk\u0142ad i schemat kolor\u00f3w bez kodowania.<\/li>\n    <li>Zapisz przyciski udost\u0119pniania spo\u0142eczno\u015bciowego i uzyskaj kod instalacyjny, kt\u00f3ry mo\u017cesz wklei\u0107 na swojej stronie Squarespace bez kupowania p\u0142atnej subskrypcji.<\/li>\n<\/ul>\n<p>Pracuj\u0105c w przyjaznym dla u\u017cytkownika Edytorze, ka\u017cdy u\u017cytkownik Internetu mo\u017ce za\u0142o\u017cy\u0107 aplikacj\u0119 Social Share Buttons i umie\u015bci\u0107 j\u0105 na dowolnej stronie g\u0142\u00f3wnej Squarespace. Nie powiniene\u015b p\u0142aci\u0107 ani podawa\u0107 danych swojej karty, aby wej\u015b\u0107 do naszego Edytora. Je\u015bli na kt\u00f3rymkolwiek etapie napotkasz jakiekolwiek problemy, skontaktuj si\u0119 z naszym technicznym dzia\u0142em obs\u0142ugi klienta.<\/p>\n<\/div>\r\n\t\t\t\t\t<\/div>\r\n\t\t\t\t<\/div>\n<\/div>","protected":false},"excerpt":{"rendered":"","protected":false},"author":9,"featured_media":0,"parent":2255,"menu_order":0,"comment_status":"closed","ping_status":"closed","template":"templates\/template-application-platform.php","meta":{"publish_to_discourse":"","publish_post_category":"","wpdc_auto_publish_overridden":"","wpdc_topic_tags":"","wpdc_pin_topic":"","wpdc_pin_until":"","discourse_post_id":"","discourse_permalink":"","wpdc_publishing_response":"","wpdc_publishing_error":"","footnotes":""},"class_list":["post-6600","page","type-page","status-publish","hentry"],"yoast_head":"<!-- This site is optimized with the Yoast SEO plugin v25.3.1 - https:\/\/yoast.com\/wordpress\/plugins\/seo\/ -->\n<title>Przyciski udost\u0119pniania spo\u0142eczno\u015bciowego \u2013 dodaj przyciski udost\u0119pniania do witryny SquareSpace<\/title>\n<meta name=\"description\" content=\"Zainstaluj przyciski udost\u0119pniania spo\u0142eczno\u015bciowego na swojej stronie Squarespace tylko w ci\u0105gu kilku minut. Natychmiastowa i prosta konfiguracja r\u00f3\u017cnych wid\u017cet\u00f3w stron internetowych przez Elfsight.\" \/>\n<meta name=\"robots\" content=\"index, follow, max-snippet:-1, max-image-preview:large, max-video-preview:-1\" \/>\n<link rel=\"canonical\" href=\"https:\/\/elfsight.com\/pl\/social-media-share-buttons\/squarespace\/\" \/>\n<meta property=\"og:locale\" content=\"pl_PL\" \/>\n<meta property=\"og:type\" content=\"article\" \/>\n<meta property=\"og:title\" content=\"Przyciski udost\u0119pniania spo\u0142eczno\u015bciowego \u2013 dodaj przyciski udost\u0119pniania do witryny SquareSpace\" \/>\n<meta property=\"og:description\" content=\"Zainstaluj przyciski udost\u0119pniania spo\u0142eczno\u015bciowego na swojej stronie Squarespace tylko w ci\u0105gu kilku minut. Natychmiastowa i prosta konfiguracja r\u00f3\u017cnych wid\u017cet\u00f3w stron internetowych przez Elfsight.\" \/>\n<meta property=\"og:url\" content=\"https:\/\/elfsight.com\/pl\/social-media-share-buttons\/squarespace\/\" \/>\n<meta property=\"og:site_name\" content=\"Elfsight PL\" \/>\n<meta property=\"article:modified_time\" content=\"2025-06-20T09:00:26+00:00\" \/>\n<meta name=\"twitter:card\" content=\"summary_large_image\" \/>\n<meta name=\"twitter:label1\" content=\"Szacowany czas czytania\" \/>\n\t<meta name=\"twitter:data1\" content=\"3 minuty\" \/>\n<!-- \/ Yoast SEO plugin. -->","yoast_head_json":{"title":"Przyciski udost\u0119pniania spo\u0142eczno\u015bciowego \u2013 dodaj przyciski udost\u0119pniania do witryny SquareSpace","description":"Zainstaluj przyciski udost\u0119pniania spo\u0142eczno\u015bciowego na swojej stronie Squarespace tylko w ci\u0105gu kilku minut. Natychmiastowa i prosta konfiguracja r\u00f3\u017cnych wid\u017cet\u00f3w stron internetowych przez Elfsight.","robots":{"index":"index","follow":"follow","max-snippet":"max-snippet:-1","max-image-preview":"max-image-preview:large","max-video-preview":"max-video-preview:-1"},"canonical":"https:\/\/elfsight.com\/pl\/social-media-share-buttons\/squarespace\/","og_locale":"pl_PL","og_type":"article","og_title":"Przyciski udost\u0119pniania spo\u0142eczno\u015bciowego \u2013 dodaj przyciski udost\u0119pniania do witryny SquareSpace","og_description":"Zainstaluj przyciski udost\u0119pniania spo\u0142eczno\u015bciowego na swojej stronie Squarespace tylko w ci\u0105gu kilku minut. Natychmiastowa i prosta konfiguracja r\u00f3\u017cnych wid\u017cet\u00f3w stron internetowych przez Elfsight.","og_url":"https:\/\/elfsight.com\/pl\/social-media-share-buttons\/squarespace\/","og_site_name":"Elfsight PL","article_modified_time":"2025-06-20T09:00:26+00:00","twitter_card":"summary_large_image","twitter_misc":{"Szacowany czas czytania":"3 minuty"},"schema":{"@context":"https:\/\/schema.org","@graph":[{"@type":"WebPage","@id":"https:\/\/elfsight.com\/pl\/social-media-share-buttons\/squarespace\/","url":"https:\/\/elfsight.com\/pl\/social-media-share-buttons\/squarespace\/","name":"Przyciski udost\u0119pniania spo\u0142eczno\u015bciowego \u2013 dodaj przyciski udost\u0119pniania do witryny SquareSpace","isPartOf":{"@id":"https:\/\/elfsight.com\/pl\/#website"},"datePublished":"1970-01-01T00:00:00+00:00","dateModified":"2025-06-20T09:00:26+00:00","description":"Zainstaluj przyciski udost\u0119pniania spo\u0142eczno\u015bciowego na swojej stronie Squarespace tylko w ci\u0105gu kilku minut. Natychmiastowa i prosta konfiguracja r\u00f3\u017cnych wid\u017cet\u00f3w stron internetowych przez Elfsight.","breadcrumb":{"@id":"https:\/\/elfsight.com\/pl\/social-media-share-buttons\/squarespace\/#breadcrumb"},"inLanguage":"pl-PL","potentialAction":[{"@type":"ReadAction","target":["https:\/\/elfsight.com\/pl\/social-media-share-buttons\/squarespace\/"]}]},{"@type":"BreadcrumbList","@id":"https:\/\/elfsight.com\/pl\/social-media-share-buttons\/squarespace\/#breadcrumb","itemListElement":[{"@type":"ListItem","position":1,"name":"Home","item":"https:\/\/elfsight.com\/pl\/"},{"@type":"ListItem","position":2,"name":"Social Share Buttons","item":"https:\/\/elfsight.com\/pl\/social-media-share-buttons\/"},{"@type":"ListItem","position":3,"name":"Social Share Buttons &#8211; Squarespace"}]},{"@type":"WebSite","@id":"https:\/\/elfsight.com\/pl\/#website","url":"https:\/\/elfsight.com\/pl\/","name":"Elfsight PL","description":"Just another Elfsight Sites site","potentialAction":[{"@type":"SearchAction","target":{"@type":"EntryPoint","urlTemplate":"https:\/\/elfsight.com\/pl\/?s={search_term_string}"},"query-input":{"@type":"PropertyValueSpecification","valueRequired":true,"valueName":"search_term_string"}}],"inLanguage":"pl-PL"}]}},"meta_box":{"industry":"","seo_heading":"","heading":"","description":"","cta_heading":"","cta_description":"","application":"3353","h1":"Przyciski udost\u0119pniania spo\u0142eczno\u015bciowego dla Squarespace","h1_caption":"Dodaj przyciski udost\u0119pniania w mediach spo\u0142eczno\u015bciowych do swojej witryny, umo\u017cliwiaj\u0105c odwiedzaj\u0105cym bezproblemowe udost\u0119pnianie tre\u015bci na wielu platformach w witrynie Squarespace.","application_category":[],"applications_title":"","applications_request_title":"","applications_request_button_text":"","hero_text":"","hero_video":"","hero_video_schema_markup":"","selling_points_title":"","selling_points_caption":"","selling_points":[],"selling_points_cta_text":"","features_title":"","features":"","ed_cta_examples_text":"","ed_cta_examples_hidden":"","ed_cta_demo_text":"","ed_cta_demo_hidden":"","why_caption":"","why_editor_title":"","why_editor_text":"","why_team_title":"","why_team_text":"","why_service_title":"","why_service_text":"","template_catalog_visible":"0","template_catalog_title":"","template_catalog_text":"","template_catalog_categories_visible":"","demo_title":"Utw\u00f3rz wtyczk\u0119 przycisk\u00f3w udost\u0119pniania spo\u0142eczno\u015bciowego","demo_caption":"Skonfiguruj przyciski udost\u0119pniania spo\u0142eczno\u015bciowego i dodaj je do swojej witryny Squarespace za darmo!","default_faq_hidden":"","app_template_category":[],"platform":"7588","template_public_id":"","codecanyon_url":"","codecanyon_item_id":"","codecanyon_price":"","pricing_caption":"","pricing_elfsight_apps_hide_column":"","pricing_elfsight_apps_url":"","pricing_codecanyon_price_caption":"","integration_category":[],"integration_request_title":"","integration_request_cta":"","integration_platform":"","integrations":[],"platform_category":[],"video_schema_markup":"","price":"od 0 USD \/ miesi\u0105c","trial":"","benefits":[{"text":"Bezp\u0142atna us\u0142uga monta\u017cu"},{"text":"Skuteczna obs\u0142uga klienta"},{"text":"14-dniowa gwarancja zwrotu pieni\u0119dzy"}],"button_url":"#demo","button_target_blank":"0","button_nofollow":"0","attributes":[{"name":"Instaluje"},{"name":"Czu\u0142y"},{"name":"Kompatybilne przegl\u0105darki"}],"tags":[],"tags_disable_links":"0","hide_more_platforms":"0","video_object":"","demo_hide_cta":"0","demo_hide_cloud_options":"0","pricing_title":"","pricing":[{"pricing_icon":"platform","pricing_title":"Elfsight Apps","pricing_title_caption":"Wieloplatformowe rozwi\u0105zanie cyfrowe, kt\u00f3re pasuje do ka\u017cdej witryny internetowej","pricing_price":"od 0 USD \/ miesi\u0105c","pricing_price_caption":"zacznij od bezp\u0142atnego planu","pricing_benefits":[{"text":"Nielimitowane domeny"},{"text":"Dedykowane wsparcie firmy i dobrze udokumentowane"},{"text":"Bezp\u0142atna us\u0142uga monta\u017cu"},{"text":"100% konfigurowalny"}],"pricing_button_text":"Dodaj do witryny","pricing_button_url":"#demo"}],"related_apps_title":"","related_apps_hidden":"0","author":"","image":[],"title":"","job":"","social_networks":[]},"_links":{"self":[{"href":"https:\/\/elfsight.com\/pl\/wp-json\/wp\/v2\/pages\/6600","targetHints":{"allow":["GET"]}}],"collection":[{"href":"https:\/\/elfsight.com\/pl\/wp-json\/wp\/v2\/pages"}],"about":[{"href":"https:\/\/elfsight.com\/pl\/wp-json\/wp\/v2\/types\/page"}],"author":[{"embeddable":true,"href":"https:\/\/elfsight.com\/pl\/wp-json\/wp\/v2\/users\/9"}],"replies":[{"embeddable":true,"href":"https:\/\/elfsight.com\/pl\/wp-json\/wp\/v2\/comments?post=6600"}],"version-history":[{"count":3,"href":"https:\/\/elfsight.com\/pl\/wp-json\/wp\/v2\/pages\/6600\/revisions"}],"predecessor-version":[{"id":10177,"href":"https:\/\/elfsight.com\/pl\/wp-json\/wp\/v2\/pages\/6600\/revisions\/10177"}],"up":[{"embeddable":true,"href":"https:\/\/elfsight.com\/pl\/wp-json\/wp\/v2\/pages\/2255"}],"wp:attachment":[{"href":"https:\/\/elfsight.com\/pl\/wp-json\/wp\/v2\/media?parent=6600"}],"curies":[{"name":"wp","href":"https:\/\/api.w.org\/{rel}","templated":true}]}}