{"id":6599,"date":"1970-01-01T00:00:00","date_gmt":"1970-01-01T00:00:00","guid":{"rendered":"https:\/\/elfsight.com\/pl\/?page_id=6599"},"modified":"2025-06-20T09:02:13","modified_gmt":"2025-06-20T09:02:13","slug":"webnode","status":"publish","type":"page","link":"https:\/\/elfsight.com\/pl\/social-media-share-buttons\/webnode\/","title":{"rendered":"Social Share Buttons &#8211; Webnode"},"content":{"rendered":"<div class=\"application-platform-content-item-description application-platform-content-item\" id=\"description\" data-nav-section=\"description\">\n<h2>Opis<\/h2>\n<p>Prosty wid\u017cet udost\u0119pniania dla wszystkich witryn, kt\u00f3ry pozwala Twoim czytelnikom rozpowszechnia\u0107 dane, strony w r\u00f3\u017cnych mediach spo\u0142eczno\u015bciowych. Zwi\u0119ksz obecno\u015b\u0107 swojej firmy w sieciach spo\u0142eczno\u015bciowych i zdob\u0105d\u017a jeszcze wi\u0119cej obserwuj\u0105cych i fan\u00f3w dzi\u0119ki unikalnym tre\u015bciom w swojej witrynie.<\/p>\n<p><b>Przyci\u0105gnij do swojej witryny nowych czytelnik\u00f3w z medi\u00f3w spo\u0142eczno\u015bciowych!<\/b><\/p>\n<ul>\n    <li><b>Szersze rozpowszechnianie publikacji i element\u00f3w w mediach spo\u0142eczno\u015bciowych<\/b>.<br>Dzi\u0119ki wygodnemu interfejsowi i wielu przydatnym funkcjom jednym klikni\u0119ciem Twoje tre\u015bci zostan\u0105 masowo udost\u0119pnione w mediach spo\u0142eczno\u015bciowych.<\/li>\n    <li><b>Rozpowszechniaj anga\u017cuj\u0105ce tre\u015bci i zwi\u0119kszaj grono odbiorc\u00f3w<\/b>.<br>Zapewnij swoim u\u017cytkownikom mo\u017cliwo\u015b\u0107 szybkiego i \u0142atwego udost\u0119pniania Twoich tre\u015bci, aby dotrze\u0107 do nowych odbiorc\u00f3w.<\/li>\n    <li><b>Zwi\u0119ksz ruch na swojej stronie<\/b>.<br>Przyci\u0105gnij wi\u0119cej u\u017cytkownik\u00f3w do swojej witryny dzi\u0119ki aktywnej pozycji w mediach spo\u0142eczno\u015bciowych i do\u015bwiadcz wzrostu liczby wy\u015bwietle\u0144.<\/li>\n    <li><b>Szybkie narz\u0119dzie do pozyskiwania nowych subskrybent\u00f3w serwis\u00f3w spo\u0142eczno\u015bciowych<\/b>.<br>Umieszczaj tre\u015bci wirusowe i daj swoim czytelnikom szans\u0119 na promowanie ich na swoich kontach w mediach spo\u0142eczno\u015bciowych.<\/li>\n<\/ul>\n<\/div>\n\n<div class=\"application-platform-content-item-features application-platform-content-item\" id=\"features\" data-nav-section=\"features\">\n<h2>Funkcje<\/h2>\n<p>Dlaczego nasze przyciski s\u0105 najlepsze w\u015br\u00f3d wid\u017cet\u00f3w udost\u0119pniania Webnode? Sprawd\u017a nasze cechy strategiczne:<\/p>\n<ul>\n    <li>Umie\u015b\u0107 nieograniczon\u0105 liczb\u0119 przycisk\u00f3w;<\/li>\n    <li>Wyr\u00f3wnanie przycisk\u00f3w do lewej, prawej lub do \u015brodka;<\/li>\n    <li>Ustaw szeroko\u015b\u0107 przycisku;<\/li>\n    <li>Regulowana przezroczysto\u015b\u0107 przycisk\u00f3w;<\/li>\n    <li>Aktualizacje na \u017cywo udost\u0119pniane na bie\u017c\u0105co.<\/li>\n<\/ul>\n<p><a href=\"#demo\">Sprawd\u017a pozosta\u0142e zalety w darmowej wersji demonstracyjnej<\/a><\/p>\n<\/div>\n\n<div class=\"application-platform-content-item-installation application-platform-content-item\" id=\"installation\" data-nav-section=\"installation\">\n<h2>Jak doda\u0107 przyciski udost\u0119pniania do Webnode<\/h2>\n<p>Kr\u00f3tka instrukcja integracji przycisk\u00f3w bez umiej\u0119tno\u015bci obs\u0142ugi programowania lub zatrudnienia profesjonalnego programisty. Aby zrealizowa\u0107 plan, potrzebujesz tylko kilku minut.<\/p>\n<ol>\n    <li><b>Skonfiguruj spersonalizowane przyciski spo\u0142eczno\u015bciowe<\/b>.<br>Przy pomocy naszego bezp\u0142atnego konfiguratora utw\u00f3rz wtyczk\u0119 za pomoc\u0105 wygl\u0105du i mo\u017cliwo\u015bci, kt\u00f3rych potrzebujesz.<\/li>\n    <li><b>Skopiuj kod do konfiguracji wtyczki<\/b>.<br>Po dostosowaniu wid\u017cetu pobierz kod wtyczki Share Buttons z pojawiaj\u0105cego si\u0119 okna w Elfsight Aplikacje.<\/li>\n    <li><b>Osad\u017a wtyczk\u0119 na swojej stronie<\/b>.<br>Zintegruj wtyczk\u0119 w wybranym miejscu witryny i opublikuj zmiany.<\/li>\n    <li><b>Gotowe!<\/b><br>Przejd\u017a do witryny Webnode i sprawd\u017a swoj\u0105 prac\u0119.<\/li>\n<\/ol>\n<p>Szukasz porady dotycz\u0105cej dodania lub zaprojektowania wid\u017cetu? Zesp\u00f3\u0142 centrum pomocy Elfsight z przyjemno\u015bci\u0105 udzieli pomocy i poda rozwi\u0105zanie! Mo\u017cesz tak\u017ce rozwi\u0105za\u0107 problem samodzielnie, post\u0119puj\u0105c zgodnie z naszym szczeg\u00f3\u0142owym przewodnikiem \u00ab<a href=\"https:\/\/elfsight.com\/tutorials\/how-to-add-social-share-buttons-to-webnode-website\/\" target=\"_blank\" rel=\"noopener noreferrer\">Jak doda\u0107 przyciski udost\u0119pniania w witrynie Webnode<\/a>\u00bb.<\/p>\n<\/div>\n\n<div class=\"faq\" data-component=\"FAQ\">\n<div class=\"faq-item\">\r\n\t\t\t\t\t<div class=\"faq-item-question\">\r\n\t\t\t\t\t\t<h3 class=\"faq-item-question-text\">Czy istnieje spos\u00f3b na dodanie przycisk\u00f3w udost\u0119pniania spo\u0142eczno\u015bciowego do mojej witryny Webnode bez umiej\u0119tno\u015bci kodowania?<\/h3>\r\n\r\n\t\t\t\t\t\t<div class=\"faq-item-question-icon\"><\/div>\r\n\t\t\t\t\t<\/div>\r\n\r\n\t\t\t\t\t<div class=\"faq-item-answer\">\r\n\t\t\t\t\t\t<div class=\"faq-item-answer-text\">\n<p>Firma Elfsight zapewnia rozwi\u0105zanie, kt\u00f3re umo\u017cliwia u\u017cytkownikowi samodzielne utworzenie wtyczki przycisk\u00f3w udost\u0119pniania spo\u0142eczno\u015bciowego, poznaj nieskomplikowane kroki: <\/p>\n<ul>\n    <li>Pracuj bezpo\u015brednio w edytorze na \u017cywo, aby utworzy\u0107 aplikacj\u0119 przycisk\u00f3w udost\u0119pniania spo\u0142eczno\u015bciowego, kt\u00f3ra ma by\u0107 wy\u015bwietlana na Twojej stronie internetowej Webnode.<\/li>\n    <li>Wybierz jeden z gotowych szablon\u00f3w i dostosuj ustawienia przycisk\u00f3w udost\u0119pniania spo\u0142eczno\u015bciowego, przekszta\u0142caj\u0105c uk\u0142ad i kolor element\u00f3w, aktualizuj swoj\u0105 tre\u015b\u0107 bez konieczno\u015bci programowania.<\/li>\n    <li>Zapisz przyciski udost\u0119pniania spo\u0142eczno\u015bciowego i uzyskaj kod instalacyjny, kt\u00f3ry mo\u017cna \u0142atwo umie\u015bci\u0107 na stronie internetowej Webnode bez konieczno\u015bci zakupu p\u0142atnego planu.<\/li>\n<\/ul>\n<p>Dzi\u0119ki naszemu przyjaznemu dla u\u017cytkownika edytorowi ka\u017cdy u\u017cytkownik Internetu mo\u017ce utworzy\u0107 wid\u017cet przycisk\u00f3w udost\u0119pniania spo\u0142eczno\u015bciowego i po prostu umie\u015bci\u0107 go na swojej witrynie Webnode. Aby skorzysta\u0107 z us\u0142ugi Elfsight, nie trzeba p\u0142aci\u0107 ani podawa\u0107 danych uwierzytelniaj\u0105cych karty. Je\u015bli napotkasz jakiekolwiek przeszkody, skontaktuj si\u0119 z naszym dzia\u0142em obs\u0142ugi klienta.<\/p>\n<\/div>\r\n\t\t\t\t\t<\/div>\r\n\t\t\t\t<\/div>\n<\/div>","protected":false},"excerpt":{"rendered":"","protected":false},"author":9,"featured_media":0,"parent":2255,"menu_order":0,"comment_status":"closed","ping_status":"closed","template":"templates\/template-application-platform.php","meta":{"publish_to_discourse":"","publish_post_category":"","wpdc_auto_publish_overridden":"","wpdc_topic_tags":"","wpdc_pin_topic":"","wpdc_pin_until":"","discourse_post_id":"","discourse_permalink":"","wpdc_publishing_response":"","wpdc_publishing_error":"","footnotes":""},"class_list":["post-6599","page","type-page","status-publish","hentry"],"yoast_head":"<!-- This site is optimized with the Yoast SEO plugin v25.3.1 - https:\/\/yoast.com\/wordpress\/plugins\/seo\/ -->\n<title>Przyciski udost\u0119pniania spo\u0142eczno\u015bciowego \u2013 dodaj przyciski udost\u0119pniania do witryny Webnode<\/title>\n<meta name=\"description\" content=\"Umie\u015b\u0107 przyciski udost\u0119pniania spo\u0142eczno\u015bciowego na swojej witrynie Webnode w zaledwie kilka minut. Szybkie i \u0142atwe generowanie r\u00f3\u017cnych wid\u017cet\u00f3w stron internetowych przez Elfsight.\" \/>\n<meta name=\"robots\" content=\"index, follow, max-snippet:-1, max-image-preview:large, max-video-preview:-1\" \/>\n<link rel=\"canonical\" href=\"https:\/\/elfsight.com\/pl\/social-media-share-buttons\/webnode\/\" \/>\n<meta property=\"og:locale\" content=\"pl_PL\" \/>\n<meta property=\"og:type\" content=\"article\" \/>\n<meta property=\"og:title\" content=\"Przyciski udost\u0119pniania spo\u0142eczno\u015bciowego \u2013 dodaj przyciski udost\u0119pniania do witryny Webnode\" \/>\n<meta property=\"og:description\" content=\"Umie\u015b\u0107 przyciski udost\u0119pniania spo\u0142eczno\u015bciowego na swojej witrynie Webnode w zaledwie kilka minut. Szybkie i \u0142atwe generowanie r\u00f3\u017cnych wid\u017cet\u00f3w stron internetowych przez Elfsight.\" \/>\n<meta property=\"og:url\" content=\"https:\/\/elfsight.com\/pl\/social-media-share-buttons\/webnode\/\" \/>\n<meta property=\"og:site_name\" content=\"Elfsight PL\" \/>\n<meta property=\"article:modified_time\" content=\"2025-06-20T09:02:13+00:00\" \/>\n<meta name=\"twitter:card\" content=\"summary_large_image\" \/>\n<meta name=\"twitter:label1\" content=\"Szacowany czas czytania\" \/>\n\t<meta name=\"twitter:data1\" content=\"3 minuty\" \/>\n<!-- \/ Yoast SEO plugin. -->","yoast_head_json":{"title":"Przyciski udost\u0119pniania spo\u0142eczno\u015bciowego \u2013 dodaj przyciski udost\u0119pniania do witryny Webnode","description":"Umie\u015b\u0107 przyciski udost\u0119pniania spo\u0142eczno\u015bciowego na swojej witrynie Webnode w zaledwie kilka minut. Szybkie i \u0142atwe generowanie r\u00f3\u017cnych wid\u017cet\u00f3w stron internetowych przez Elfsight.","robots":{"index":"index","follow":"follow","max-snippet":"max-snippet:-1","max-image-preview":"max-image-preview:large","max-video-preview":"max-video-preview:-1"},"canonical":"https:\/\/elfsight.com\/pl\/social-media-share-buttons\/webnode\/","og_locale":"pl_PL","og_type":"article","og_title":"Przyciski udost\u0119pniania spo\u0142eczno\u015bciowego \u2013 dodaj przyciski udost\u0119pniania do witryny Webnode","og_description":"Umie\u015b\u0107 przyciski udost\u0119pniania spo\u0142eczno\u015bciowego na swojej witrynie Webnode w zaledwie kilka minut. Szybkie i \u0142atwe generowanie r\u00f3\u017cnych wid\u017cet\u00f3w stron internetowych przez Elfsight.","og_url":"https:\/\/elfsight.com\/pl\/social-media-share-buttons\/webnode\/","og_site_name":"Elfsight PL","article_modified_time":"2025-06-20T09:02:13+00:00","twitter_card":"summary_large_image","twitter_misc":{"Szacowany czas czytania":"3 minuty"},"schema":{"@context":"https:\/\/schema.org","@graph":[{"@type":"WebPage","@id":"https:\/\/elfsight.com\/pl\/social-media-share-buttons\/webnode\/","url":"https:\/\/elfsight.com\/pl\/social-media-share-buttons\/webnode\/","name":"Przyciski udost\u0119pniania spo\u0142eczno\u015bciowego \u2013 dodaj przyciski udost\u0119pniania do witryny Webnode","isPartOf":{"@id":"https:\/\/elfsight.com\/pl\/#website"},"datePublished":"1970-01-01T00:00:00+00:00","dateModified":"2025-06-20T09:02:13+00:00","description":"Umie\u015b\u0107 przyciski udost\u0119pniania spo\u0142eczno\u015bciowego na swojej witrynie Webnode w zaledwie kilka minut. Szybkie i \u0142atwe generowanie r\u00f3\u017cnych wid\u017cet\u00f3w stron internetowych przez Elfsight.","breadcrumb":{"@id":"https:\/\/elfsight.com\/pl\/social-media-share-buttons\/webnode\/#breadcrumb"},"inLanguage":"pl-PL","potentialAction":[{"@type":"ReadAction","target":["https:\/\/elfsight.com\/pl\/social-media-share-buttons\/webnode\/"]}]},{"@type":"BreadcrumbList","@id":"https:\/\/elfsight.com\/pl\/social-media-share-buttons\/webnode\/#breadcrumb","itemListElement":[{"@type":"ListItem","position":1,"name":"Home","item":"https:\/\/elfsight.com\/pl\/"},{"@type":"ListItem","position":2,"name":"Social Share Buttons","item":"https:\/\/elfsight.com\/pl\/social-media-share-buttons\/"},{"@type":"ListItem","position":3,"name":"Social Share Buttons &#8211; Webnode"}]},{"@type":"WebSite","@id":"https:\/\/elfsight.com\/pl\/#website","url":"https:\/\/elfsight.com\/pl\/","name":"Elfsight PL","description":"Just another Elfsight Sites site","potentialAction":[{"@type":"SearchAction","target":{"@type":"EntryPoint","urlTemplate":"https:\/\/elfsight.com\/pl\/?s={search_term_string}"},"query-input":{"@type":"PropertyValueSpecification","valueRequired":true,"valueName":"search_term_string"}}],"inLanguage":"pl-PL"}]}},"meta_box":{"industry":"","seo_heading":"","heading":"","description":"","cta_heading":"","cta_description":"","application":"3353","h1":"Przyciski udost\u0119pniania spo\u0142eczno\u015bciowego dla Webnode","h1_caption":"Dodaj przyciski udost\u0119pniania w mediach spo\u0142eczno\u015bciowych do swojej witryny, umo\u017cliwiaj\u0105c odwiedzaj\u0105cym bezproblemowe udost\u0119pnianie tre\u015bci na wielu platformach w witrynie Webnode.","application_category":[],"applications_title":"","applications_request_title":"","applications_request_button_text":"","hero_text":"","hero_video":"","hero_video_schema_markup":"","selling_points_title":"","selling_points_caption":"","selling_points":[],"selling_points_cta_text":"","features_title":"","features":"","ed_cta_examples_text":"","ed_cta_examples_hidden":"","ed_cta_demo_text":"","ed_cta_demo_hidden":"","why_caption":"","why_editor_title":"","why_editor_text":"","why_team_title":"","why_team_text":"","why_service_title":"","why_service_text":"","template_catalog_visible":"0","template_catalog_title":"","template_catalog_text":"","template_catalog_categories_visible":"","demo_title":"Utw\u00f3rz wid\u017cet Przyciski udost\u0119pniania spo\u0142eczno\u015bciowego","demo_caption":"Skonfiguruj przyciski udost\u0119pniania spo\u0142eczno\u015bciowego i dodaj je do swojej witryny Webnode za darmo!","default_faq_hidden":"","app_template_category":[],"platform":"138","template_public_id":"","codecanyon_url":"","codecanyon_item_id":"","codecanyon_price":"","pricing_caption":"","pricing_elfsight_apps_hide_column":"","pricing_elfsight_apps_url":"","pricing_codecanyon_price_caption":"","integration_category":[],"integration_request_title":"","integration_request_cta":"","integration_platform":"","integrations":[],"platform_category":[],"video_schema_markup":"","price":"od 0 USD \/ miesi\u0105c","trial":"","benefits":[{"text":"Bezp\u0142atna pomoc w instalacji"},{"text":"Skuteczna obs\u0142uga klienta"},{"text":"14-dniowa gwarancja zwrotu pieni\u0119dzy"}],"button_url":"#demo","button_target_blank":"0","button_nofollow":"0","attributes":[{"name":"Instaluje"},{"name":"Czu\u0142y"},{"name":"Kompatybilne przegl\u0105darki"}],"tags":[],"tags_disable_links":"0","hide_more_platforms":"0","video_object":"","demo_hide_cta":"0","demo_hide_cloud_options":"0","pricing_title":"","pricing":[{"pricing_icon":"platform","pricing_title":"Webnode widget","pricing_title_caption":"Rozwi\u0105zanie niezale\u017cne od platformy","pricing_price":"od 0 USD \/ miesi\u0105c","pricing_price_caption":"zacznij od bezp\u0142atnego planu","pricing_benefits":[{"text":"Nielimitowane strony internetowe"},{"text":"Ca\u0142odobowe wsparcie firmy"},{"text":"Bezp\u0142atna us\u0142uga monta\u017cu"},{"text":"Oferta ograniczona czasowo dla wielu aplikacji"}],"pricing_button_text":"Dodaj do witryny","pricing_button_url":"#demo"}],"related_apps_title":"","related_apps_hidden":"0","author":"","image":[],"title":"","job":"","social_networks":[]},"_links":{"self":[{"href":"https:\/\/elfsight.com\/pl\/wp-json\/wp\/v2\/pages\/6599","targetHints":{"allow":["GET"]}}],"collection":[{"href":"https:\/\/elfsight.com\/pl\/wp-json\/wp\/v2\/pages"}],"about":[{"href":"https:\/\/elfsight.com\/pl\/wp-json\/wp\/v2\/types\/page"}],"author":[{"embeddable":true,"href":"https:\/\/elfsight.com\/pl\/wp-json\/wp\/v2\/users\/9"}],"replies":[{"embeddable":true,"href":"https:\/\/elfsight.com\/pl\/wp-json\/wp\/v2\/comments?post=6599"}],"version-history":[{"count":2,"href":"https:\/\/elfsight.com\/pl\/wp-json\/wp\/v2\/pages\/6599\/revisions"}],"predecessor-version":[{"id":10179,"href":"https:\/\/elfsight.com\/pl\/wp-json\/wp\/v2\/pages\/6599\/revisions\/10179"}],"up":[{"embeddable":true,"href":"https:\/\/elfsight.com\/pl\/wp-json\/wp\/v2\/pages\/2255"}],"wp:attachment":[{"href":"https:\/\/elfsight.com\/pl\/wp-json\/wp\/v2\/media?parent=6599"}],"curies":[{"name":"wp","href":"https:\/\/api.w.org\/{rel}","templated":true}]}}