{"id":6597,"date":"1970-01-01T00:00:00","date_gmt":"1970-01-01T00:00:00","guid":{"rendered":"https:\/\/elfsight.com\/pl\/?page_id=6597"},"modified":"2025-06-20T09:03:10","modified_gmt":"2025-06-20T09:03:10","slug":"weebly","status":"publish","type":"page","link":"https:\/\/elfsight.com\/pl\/social-media-share-buttons\/weebly\/","title":{"rendered":"Social Share Buttons &#8211; Weebly"},"content":{"rendered":"\n<div class=\"application-platform-content-item-description application-platform-content-item\" id=\"description\" data-nav-section=\"description\">\n<h2>Opis<\/h2>\n<p>Prosta aplikacja do udost\u0119pniania dla wszystkich witryn, kt\u00f3ra umo\u017cliwi Twoim czytelnikom udost\u0119pnianie tre\u015bci w r\u00f3\u017cnych sieciach spo\u0142eczno\u015bciowych. Promuj swoj\u0105 mark\u0119 w mediach spo\u0142eczno\u015bciowych i zdobywaj nowych subskrybent\u00f3w i fan\u00f3w dzi\u0119ki swoim atrakcyjnym publikacjom na stronie osobistej.<\/p>\n<p><b>Przyci\u0105gnij wi\u0119kszy ruch i obserwuj\u0105cych z sieci spo\u0142eczno\u015bciowych!<\/b><\/p>\n<ul>\n    <li><b>Efektywna promocja tre\u015bci i produkt\u00f3w w mediach spo\u0142eczno\u015bciowych<\/b>.<br>Wygodny projekt aplikacji pozwala na udost\u0119pnianie swoich tre\u015bci we wszystkich sieciach spo\u0142eczno\u015bciowych bez ogranicze\u0144.<\/li>\n    <li><b>Rozpowszechniaj swoje tre\u015bci dla szerszej publiczno\u015bci<\/b>.<br>Daj swoim u\u017cytkownikom mo\u017cliwo\u015b\u0107 rozpowszechniania kusz\u0105cych tre\u015bci bez konieczno\u015bci zwi\u0119kszania liczby odbiorc\u00f3w.<\/li>\n    <li><b>Zwi\u0119ksz liczb\u0119 wy\u015bwietle\u0144 w swojej witrynie<\/b>.<br>Dzi\u0119ki aktywnej obecno\u015bci w mediach spo\u0142eczno\u015bciowych mo\u017cesz mie\u0107 wi\u0119cej \u015bwie\u017cych go\u015bci na swojej stronie i zwi\u0119ksza\u0107 liczb\u0119 wy\u015bwietle\u0144.<\/li>\n    <li><b>Zwi\u0119ksz liczb\u0119 subskrybent\u00f3w serwis\u00f3w spo\u0142eczno\u015bciowych<\/b>.<br>Czy jeste\u015b \u015bwietny w tworzeniu ekscytuj\u0105cych post\u00f3w na swojej stronie? Pozw\u00f3l odwiedzaj\u0105cym \u0142atwo je rozpowszechnia\u0107 za pomoc\u0105 jednego klikni\u0119cia.<\/li>\n<\/ul>\n<\/div>\n\n<div class=\"application-platform-content-item-features application-platform-content-item\" id=\"features\" data-nav-section=\"features\">\n<h2>Funkcje<\/h2>\n<p>Co sprawia, \u017ce przyciski Elfsight s\u0105 najlepsze w\u015br\u00f3d aplikacji do udost\u0119pniania Weebly? Sprawd\u017a jego g\u0142\u00f3wne zalety:<\/p>\n<ul>\n    <li>Duplikuj i zmieniaj kolejno\u015b\u0107 przycisk\u00f3w tak, jak potrzebujesz;<\/li>\n    <li>Regulowany rozmiar rynny;<\/li>\n    <li>3 opcje kszta\u0142tu przycisk\u00f3w;<\/li>\n    <li>3 schematy kolor\u00f3w ikon, t\u0142a i najechania;<\/li>\n    <li>Bezp\u0142atna us\u0142uga instalacji.<\/li>\n<\/ul>\n<p><a href=\"#demo\">Odkryj pozosta\u0142e cechy w darmowym edytorze<\/a><\/p>\n<\/div>\n\n<div class=\"application-platform-content-item-installation application-platform-content-item\" id=\"installation\" data-nav-section=\"installation\">\n<h2>Jak doda\u0107 przyciski udost\u0119pniania do Weebly<\/h2>\n<div class=\"video-container\"><iframe width=\"720\" height=\"405\" src=\"https:\/\/www.youtube.com\/embed\/w4dwp2UXQuI\" frameborder=\"0\" allowfullscreen=\"\"><\/iframe><\/div>\n<p>Kr\u00f3tka instrukcja umieszczania przycisk\u00f3w na Twojej stronie, kt\u00f3ra nie wymaga umiej\u0119tno\u015bci programowania ani zatrudniania dodatkowego programisty. Wszystko czego potrzebujesz to minuta Twojego czasu.<\/p>\n<ol>\n    <li><b>Uruchom nasz\u0105 bezp\u0142atn\u0105 wersj\u0119 demonstracyjn\u0105 i rozpocznij prac\u0119 z w\u0142asn\u0105 aplikacj\u0105.<\/b><br>Okre\u015bl wybran\u0105 form\u0119 i cechy aplikacji oraz zastosuj wszystkie modyfikacje.<\/li>\n    <li><b>Zdob\u0105d\u017a sw\u00f3j unikalny kod, kt\u00f3ry pojawi si\u0119 w oknie aplikacji Elfsight.<\/b><br>Po zako\u0144czeniu generowania aplikacji skopiuj kod z wy\u015bwietlonego wyskakuj\u0105cego okienka i zachowaj go do dalszego wykorzystania.<\/li>\n    <li><b>Rozpocznij korzystanie z aplikacji na stronie internetowej Weebly.<\/b><br>Umie\u015b\u0107 ostatnio zapisany kod na swojej stronie i zastosuj zmiany.<\/li>\n    <li><b>Instalacja zosta\u0142a pomy\u015blnie uko\u0144czona.<\/b><br>Przejd\u017a na swoj\u0105 stron\u0119 internetow\u0105, aby zobaczy\u0107 dzia\u0142anie aplikacji.<\/li>\n<\/ol>\n<p>Szukasz wsparcia przy instalacji lub projektowaniu aplikacji? Specjali\u015bci z centrum pomocy Elfsight ch\u0119tnie doradz\u0105 i zaproponuj\u0105 rozwi\u0105zanie! Mo\u017cesz tak\u017ce rozwi\u0105za\u0107 problem samodzielnie, korzystaj\u0105c z naszego szczeg\u00f3\u0142owego przewodnika \u00ab<a href=\"https:\/\/elfsight.com\/tutorials\/how-to-add-social-share-buttons-to-weebly-website\/\" target=\"_blank\" rel=\"noopener noreferrer\">Jak skonfigurowa\u0107 przyciski udost\u0119pniania w witrynie Weebly<\/a>\u00bb.<\/p>\n<\/div>\n\n<div class=\"faq\" data-component=\"FAQ\">\n<div class=\"faq-item\">\r\n\t\t\t\t\t<div class=\"faq-item-question\">\r\n\t\t\t\t\t\t<h3 class=\"faq-item-question-text\">Jak osadzi\u0107 przyciski udost\u0119pniania spo\u0142eczno\u015bciowego na mojej stronie internetowej Weebly bez znajomo\u015bci kodowania?<\/h3>\r\n\r\n\t\t\t\t\t\t<div class=\"faq-item-question-icon\"><\/div>\r\n\t\t\t\t\t<\/div>\r\n\r\n\t\t\t\t\t<div class=\"faq-item-answer\">\r\n\t\t\t\t\t\t<div class=\"faq-item-answer-text\">\n<p>Firma Elfsight zapewnia rozwi\u0105zanie SaaS, kt\u00f3re pozwala u\u017cytkownikom samodzielnie utworzy\u0107 wid\u017cet przycisk\u00f3w udost\u0119pniania spo\u0142eczno\u015bciowego. Poznaj proste instrukcje: <\/p>\n<ul>\n    <li>Pracuj bezpo\u015brednio w edytorze na \u017cywo, aby wygenerowa\u0107 aplikacj\u0119 przycisk\u00f3w udost\u0119pniania spo\u0142eczno\u015bciowego, kt\u00f3r\u0105 chcesz widzie\u0107 w witrynie Weebly.<\/li>\n    <li>Wybierz jeden z gotowych szablon\u00f3w i zmie\u0144 ustawienia przycisk\u00f3w udost\u0119pniania spo\u0142eczno\u015bciowego, do\u0142\u0105cz swoj\u0105 tre\u015b\u0107, przekszta\u0142\u0107 uk\u0142ad i kolory bez znajomo\u015bci kodowania.<\/li>\n    <li>Zapisz przyciski udost\u0119pniania spo\u0142eczno\u015bciowego i uzyskaj kod instalacyjny wtyczki, kt\u00f3ry mo\u017cna \u0142atwo i bezp\u0142atnie doda\u0107 do swojej witryny Weebly.<\/li>\n<\/ul>\n<p>Dzi\u0119ki \u0142atwemu w u\u017cyciu edytorowi ka\u017cdy u\u017cytkownik Internetu mo\u017ce utworzy\u0107 sekcj\u0119 przycisk\u00f3w udost\u0119pniania spo\u0142eczno\u015bciowego i \u0142atwo wklei\u0107 j\u0105 do witryny Weebly. Aby skorzysta\u0107 z us\u0142ugi, nie nale\u017cy p\u0142aci\u0107 ani podawa\u0107 danych karty. Je\u015bli na kt\u00f3rymkolwiek etapie napotkasz jakiekolwiek problemy, skontaktuj si\u0119 z naszym zespo\u0142em pomocy.<\/p>\n<\/div>\r\n\t\t\t\t\t<\/div>\r\n\t\t\t\t<\/div>\n<\/div>","protected":false},"excerpt":{"rendered":"","protected":false},"author":9,"featured_media":0,"parent":2255,"menu_order":0,"comment_status":"closed","ping_status":"closed","template":"templates\/template-application-platform.php","meta":{"publish_to_discourse":"","publish_post_category":"","wpdc_auto_publish_overridden":"","wpdc_topic_tags":"","wpdc_pin_topic":"","wpdc_pin_until":"","discourse_post_id":"","discourse_permalink":"","wpdc_publishing_response":"","wpdc_publishing_error":"","footnotes":""},"class_list":["post-6597","page","type-page","status-publish","hentry"],"yoast_head":"<!-- This site is optimized with the Yoast SEO plugin v25.3.1 - https:\/\/yoast.com\/wordpress\/plugins\/seo\/ -->\n<title>Przyciski udost\u0119pniania spo\u0142eczno\u015bciowego \u2013 dodaj przyciski udost\u0119pniania do witryny Weebly<\/title>\n<meta name=\"description\" content=\"Zintegruj przyciski udost\u0119pniania spo\u0142eczno\u015bciowego ze swoj\u0105 witryn\u0105 Weebly w ci\u0105gu zaledwie kilku minut. Szybkie i \u0142atwe konfigurowanie dowolnych aplikacji internetowych firmy Elfsight.\" \/>\n<meta name=\"robots\" content=\"index, follow, max-snippet:-1, max-image-preview:large, max-video-preview:-1\" \/>\n<link rel=\"canonical\" href=\"https:\/\/elfsight.com\/pl\/social-media-share-buttons\/weebly\/\" \/>\n<meta property=\"og:locale\" content=\"pl_PL\" \/>\n<meta property=\"og:type\" content=\"article\" \/>\n<meta property=\"og:title\" content=\"Przyciski udost\u0119pniania spo\u0142eczno\u015bciowego \u2013 dodaj przyciski udost\u0119pniania do witryny Weebly\" \/>\n<meta property=\"og:description\" content=\"Zintegruj przyciski udost\u0119pniania spo\u0142eczno\u015bciowego ze swoj\u0105 witryn\u0105 Weebly w ci\u0105gu zaledwie kilku minut. Szybkie i \u0142atwe konfigurowanie dowolnych aplikacji internetowych firmy Elfsight.\" \/>\n<meta property=\"og:url\" content=\"https:\/\/elfsight.com\/pl\/social-media-share-buttons\/weebly\/\" \/>\n<meta property=\"og:site_name\" content=\"Elfsight PL\" \/>\n<meta property=\"article:modified_time\" content=\"2025-06-20T09:03:10+00:00\" \/>\n<meta name=\"twitter:card\" content=\"summary_large_image\" \/>\n<meta name=\"twitter:label1\" content=\"Szacowany czas czytania\" \/>\n\t<meta name=\"twitter:data1\" content=\"3 minuty\" \/>\n<!-- \/ Yoast SEO plugin. -->","yoast_head_json":{"title":"Przyciski udost\u0119pniania spo\u0142eczno\u015bciowego \u2013 dodaj przyciski udost\u0119pniania do witryny Weebly","description":"Zintegruj przyciski udost\u0119pniania spo\u0142eczno\u015bciowego ze swoj\u0105 witryn\u0105 Weebly w ci\u0105gu zaledwie kilku minut. Szybkie i \u0142atwe konfigurowanie dowolnych aplikacji internetowych firmy Elfsight.","robots":{"index":"index","follow":"follow","max-snippet":"max-snippet:-1","max-image-preview":"max-image-preview:large","max-video-preview":"max-video-preview:-1"},"canonical":"https:\/\/elfsight.com\/pl\/social-media-share-buttons\/weebly\/","og_locale":"pl_PL","og_type":"article","og_title":"Przyciski udost\u0119pniania spo\u0142eczno\u015bciowego \u2013 dodaj przyciski udost\u0119pniania do witryny Weebly","og_description":"Zintegruj przyciski udost\u0119pniania spo\u0142eczno\u015bciowego ze swoj\u0105 witryn\u0105 Weebly w ci\u0105gu zaledwie kilku minut. Szybkie i \u0142atwe konfigurowanie dowolnych aplikacji internetowych firmy Elfsight.","og_url":"https:\/\/elfsight.com\/pl\/social-media-share-buttons\/weebly\/","og_site_name":"Elfsight PL","article_modified_time":"2025-06-20T09:03:10+00:00","twitter_card":"summary_large_image","twitter_misc":{"Szacowany czas czytania":"3 minuty"},"schema":{"@context":"https:\/\/schema.org","@graph":[{"@type":"WebPage","@id":"https:\/\/elfsight.com\/pl\/social-media-share-buttons\/weebly\/","url":"https:\/\/elfsight.com\/pl\/social-media-share-buttons\/weebly\/","name":"Przyciski udost\u0119pniania spo\u0142eczno\u015bciowego \u2013 dodaj przyciski udost\u0119pniania do witryny Weebly","isPartOf":{"@id":"https:\/\/elfsight.com\/pl\/#website"},"datePublished":"1970-01-01T00:00:00+00:00","dateModified":"2025-06-20T09:03:10+00:00","description":"Zintegruj przyciski udost\u0119pniania spo\u0142eczno\u015bciowego ze swoj\u0105 witryn\u0105 Weebly w ci\u0105gu zaledwie kilku minut. Szybkie i \u0142atwe konfigurowanie dowolnych aplikacji internetowych firmy Elfsight.","breadcrumb":{"@id":"https:\/\/elfsight.com\/pl\/social-media-share-buttons\/weebly\/#breadcrumb"},"inLanguage":"pl-PL","potentialAction":[{"@type":"ReadAction","target":["https:\/\/elfsight.com\/pl\/social-media-share-buttons\/weebly\/"]}]},{"@type":"BreadcrumbList","@id":"https:\/\/elfsight.com\/pl\/social-media-share-buttons\/weebly\/#breadcrumb","itemListElement":[{"@type":"ListItem","position":1,"name":"Home","item":"https:\/\/elfsight.com\/pl\/"},{"@type":"ListItem","position":2,"name":"Social Share Buttons","item":"https:\/\/elfsight.com\/pl\/social-media-share-buttons\/"},{"@type":"ListItem","position":3,"name":"Social Share Buttons &#8211; Weebly"}]},{"@type":"WebSite","@id":"https:\/\/elfsight.com\/pl\/#website","url":"https:\/\/elfsight.com\/pl\/","name":"Elfsight PL","description":"Just another Elfsight Sites site","potentialAction":[{"@type":"SearchAction","target":{"@type":"EntryPoint","urlTemplate":"https:\/\/elfsight.com\/pl\/?s={search_term_string}"},"query-input":{"@type":"PropertyValueSpecification","valueRequired":true,"valueName":"search_term_string"}}],"inLanguage":"pl-PL"}]}},"meta_box":{"industry":"","seo_heading":"","heading":"","description":"","cta_heading":"","cta_description":"","application":"3353","h1":"Przyciski udost\u0119pniania spo\u0142eczno\u015bciowego dla Weebly","h1_caption":"Dodaj do swojej witryny przyciski udost\u0119pniania w mediach spo\u0142eczno\u015bciowych, umo\u017cliwiaj\u0105c odwiedzaj\u0105cym bezproblemowe udost\u0119pnianie tre\u015bci na wielu platformach w Twojej witrynie Weebly.","application_category":[],"applications_title":"","applications_request_title":"","applications_request_button_text":"","hero_text":"","hero_video":"","hero_video_schema_markup":"","selling_points_title":"","selling_points_caption":"","selling_points":[],"selling_points_cta_text":"","features_title":"","features":"","ed_cta_examples_text":"","ed_cta_examples_hidden":"","ed_cta_demo_text":"","ed_cta_demo_hidden":"","why_caption":"","why_editor_title":"","why_editor_text":"","why_team_title":"","why_team_text":"","why_service_title":"","why_service_text":"","template_catalog_visible":"0","template_catalog_title":"","template_catalog_text":"","template_catalog_categories_visible":"","demo_title":"Utw\u00f3rz aplikacj\u0119 z przyciskami udost\u0119pniania spo\u0142eczno\u015bciowego","demo_caption":"Skonfiguruj przyciski udost\u0119pniania spo\u0142eczno\u015bciowego i dodaj je za darmo do swojej witryny Weebly!","default_faq_hidden":"","app_template_category":[],"platform":"132","template_public_id":"","codecanyon_url":"","codecanyon_item_id":"","codecanyon_price":"","pricing_caption":"","pricing_elfsight_apps_hide_column":"","pricing_elfsight_apps_url":"","pricing_codecanyon_price_caption":"","integration_category":[],"integration_request_title":"","integration_request_cta":"","integration_platform":"","integrations":[],"platform_category":[],"video_schema_markup":"","price":"od 0 USD \/ miesi\u0105c","trial":"","benefits":[{"text":"Bezp\u0142atna us\u0142uga monta\u017cu"},{"text":"Wsparcie premium"},{"text":"14-dniowa gwarancja zwrotu pieni\u0119dzy"}],"button_url":"#demo","button_target_blank":"0","button_nofollow":"0","attributes":[{"name":"Instaluje"},{"name":"Czu\u0142y"},{"name":"Kompatybilne przegl\u0105darki"}],"tags":[],"tags_disable_links":"0","hide_more_platforms":"0","video_object":"","demo_hide_cta":"0","demo_hide_cloud_options":"0","pricing_title":"","pricing":[{"pricing_icon":"cloud","pricing_title":"Elfsight Apps","pricing_title_caption":"Wersja wieloplatformowa dzia\u0142aj\u0105ca na dowolnej stronie internetowej (w tym Weebly)","pricing_price":"od 0 USD \/ miesi\u0105c","pricing_price_caption":"zacznij od bezp\u0142atnego planu","pricing_benefits":[{"text":"Nielimitowane strony internetowe"},{"text":"Wsparcie premium"},{"text":"Bezp\u0142atna us\u0142uga monta\u017cu"},{"text":"Oferta specjalna na wiele aplikacji"}],"pricing_button_text":"Dodaj do witryny","pricing_button_url":"#demo"}],"related_apps_title":"","related_apps_hidden":"0","author":"","image":[],"title":"","job":"","social_networks":[]},"_links":{"self":[{"href":"https:\/\/elfsight.com\/pl\/wp-json\/wp\/v2\/pages\/6597","targetHints":{"allow":["GET"]}}],"collection":[{"href":"https:\/\/elfsight.com\/pl\/wp-json\/wp\/v2\/pages"}],"about":[{"href":"https:\/\/elfsight.com\/pl\/wp-json\/wp\/v2\/types\/page"}],"author":[{"embeddable":true,"href":"https:\/\/elfsight.com\/pl\/wp-json\/wp\/v2\/users\/9"}],"replies":[{"embeddable":true,"href":"https:\/\/elfsight.com\/pl\/wp-json\/wp\/v2\/comments?post=6597"}],"version-history":[{"count":4,"href":"https:\/\/elfsight.com\/pl\/wp-json\/wp\/v2\/pages\/6597\/revisions"}],"predecessor-version":[{"id":10180,"href":"https:\/\/elfsight.com\/pl\/wp-json\/wp\/v2\/pages\/6597\/revisions\/10180"}],"up":[{"embeddable":true,"href":"https:\/\/elfsight.com\/pl\/wp-json\/wp\/v2\/pages\/2255"}],"wp:attachment":[{"href":"https:\/\/elfsight.com\/pl\/wp-json\/wp\/v2\/media?parent=6597"}],"curies":[{"name":"wp","href":"https:\/\/api.w.org\/{rel}","templated":true}]}}