{"id":6592,"date":"1970-01-01T00:00:00","date_gmt":"1970-01-01T00:00:00","guid":{"rendered":"https:\/\/elfsight.com\/pl\/?page_id=6592"},"modified":"2025-06-20T08:54:06","modified_gmt":"2025-06-20T08:54:06","slug":"jquery","status":"publish","type":"page","link":"https:\/\/elfsight.com\/pl\/social-media-share-buttons\/jquery\/","title":{"rendered":"Social Share Buttons &#8211; jQuery"},"content":{"rendered":"<div class=\"application-platform-content-item-description application-platform-content-item\" id=\"description\" data-nav-section=\"description\">\n<h2>Opis<\/h2>\n<p>Prosta wtyczka udost\u0119pniania dla wszystkich stron internetowych, kt\u00f3ra umo\u017cliwia odwiedzaj\u0105cym ponowne publikowanie tre\u015bci w r\u00f3\u017cnorodnych mediach spo\u0142eczno\u015bciowych. Rozwijaj obecno\u015b\u0107 swojej firmy w sieciach spo\u0142eczno\u015bciowych i zdobywaj wi\u0119cej obserwuj\u0105cych i fan\u00f3w dzi\u0119ki wysokiej jako\u015bci tre\u015bciom w Twojej witrynie.<\/p>\n<p><b>Znajd\u017a wi\u0119cej wy\u015bwietle\u0144 i obserwuj\u0105cych z sieci spo\u0142eczno\u015bciowych!<\/b><\/p>\n<ul>\n    <li><b>Maksymalne rozpowszechnianie tre\u015bci i element\u00f3w w mediach spo\u0142eczno\u015bciowych<\/b>.<br>Dzi\u0119ki efektywnemu projektowi i funkcjom wtyczki jednym klikni\u0119ciem Twoje tre\u015bci zyskaj\u0105 siln\u0105 promocj\u0119 we wszystkich mediach spo\u0142eczno\u015bciowych bez wi\u0119kszego wysi\u0142ku.<\/li>\n    <li><b>Promuj swoje anga\u017cuj\u0105ce tre\u015bci, aby mie\u0107 wi\u0119cej widz\u00f3w<\/b>.<br>Daj swoim klientom szans\u0119 na promowanie wysokiej jako\u015bci tre\u015bci bez wysi\u0142ku i natychmiast do nowej publiczno\u015bci.<\/li>\n    <li><b>Wzmocnij optymalizacj\u0119 SEO witryny<\/b>.<br>Zwi\u0119ksz liczb\u0119 klikni\u0119\u0107 w swojej witrynie za pomoc\u0105 sieci spo\u0142eczno\u015bciowych, aby zwi\u0119kszy\u0107 akceptacj\u0119 spo\u0142eczn\u0105 Twojej witryny i poprawi\u0107 wyniki oceny za pomoc\u0105 narz\u0119dzi wyszukiwania.<\/li>\n    <li><b>Podw\u00f3j liczb\u0119 czytelnik\u00f3w w mediach spo\u0142eczno\u015bciowych<\/b>.<br>Publikujesz ekscytuj\u0105ce posty na swojej stronie? Pozw\u00f3l u\u017cytkownikom teraz sami je promowa\u0107, udost\u0119pniaj\u0105c publikacje swoim czytelnikom.<\/li>\n<\/ul>\n<\/div>\n\n<div class=\"application-platform-content-item-features application-platform-content-item\" id=\"features\" data-nav-section=\"features\">\n<h2>Funkcje<\/h2>\n<p>Co sprawia, \u017ce nasza wtyczka jest najlepsza w\u015br\u00f3d przycisk\u00f3w udost\u0119pniania w mediach spo\u0142eczno\u015bciowych jQuery? Poznaj nasze g\u0142\u00f3wne punkty:<\/p>\n<ul>\n    <li>Ponad 40 wbudowanych sieci spo\u0142eczno\u015bciowych;<\/li>\n    <li>2 uk\u0142ady: wbudowany i p\u0142ywaj\u0105cy;<\/li>\n    <li>3 opcje kszta\u0142tu przycisk\u00f3w;<\/li>\n    <li>Dost\u0119pnych 5 typ\u00f3w animacji;<\/li>\n    <li>Wsparcie premium przez profesjonalny zesp\u00f3\u0142.<\/li>\n<\/ul>\n<p><a href=\"#demo\">Inne funkcje darmowego edytora<\/a><\/p>\n<\/div>\n\n<div class=\"application-platform-content-item-installation application-platform-content-item\" id=\"installation\" data-nav-section=\"installation\">\n<h2>Jak doda\u0107 przyciski udost\u0119pniania spo\u0142eczno\u015bciowego do witryny jQuery<\/h2>\n<p>Szybki plan dodawania przycisk\u00f3w bez umiej\u0119tno\u015bci programowania lub zatrudniania profesjonalny programista. Na wykonanie instrukcji b\u0119dziesz potrzebowa\u0107 3 minuty.<\/p>\n<ol>\n    <li><b>Utw\u00f3rz swoje osobiste przyciski spo\u0142eczno\u015bciowe<\/b>.<br>Za pomoc\u0105 naszego bezp\u0142atnego konfiguratora skompletuj wtyczk\u0119 o niezb\u0119dnym wygl\u0105dzie, mo\u017cliwo\u015bciach i uk\u0142adach (wbudowane lub p\u0142ywaj\u0105ce).<\/li>\n    <li><b>Zdob\u0105d\u017a kod umo\u017cliwiaj\u0105cy wy\u015bwietlenie wtyczki<\/b>.<br>Po utworzeniu wid\u017cetu sprawd\u017a wyskakuj\u0105ce powiadomienie w aplikacjach Elfsight dla kod instalacyjny przycisk\u00f3w medi\u00f3w spo\u0142eczno\u015bciowych jQuery.<\/li>\n    <li><b>Odkryj wtyczk\u0119 w swojej witrynie<\/b>.<br>Dodaj wtyczk\u0119 w odpowiednim miejscu strony i zastosuj zmiany.<\/li>\n    <li><b>Gotowe!<\/b><br>Wejd\u017a na swoj\u0105 stron\u0119 i zobacz wynik pracy.<\/li>\n<\/ol>\n<p>Szukasz wsparcia z umieszczaniem lub ustawianiem przycisk\u00f3w udost\u0119pniania? Zesp\u00f3\u0142 wsparcia Elfsight z przyjemno\u015bci\u0105 pomo\u017ce i zaoferuje rozwi\u0105zanie! Mo\u017cesz tak\u017ce rozwi\u0105za\u0107 problem samodzielnie, czytaj\u0105c nasz artyku\u0142 \u00ab<a href=\"https:\/\/elfsight.com\/tutorials\/how-to-add-social-share-buttons-to-jquery\/\" target=\"_blank\" rel=\"noopener noreferrer\">Jak doda\u0107 przyciski udost\u0119pniania w witrynie jQuery<\/a>\u00bb.<\/p>\n<\/div>\n\n<div class=\"faq\" data-component=\"FAQ\">\n<div class=\"faq-item\">\r\n\t\t\t\t\t<div class=\"faq-item-question\">\r\n\t\t\t\t\t\t<h3 class=\"faq-item-question-text\">Czy istnieje spos\u00f3b na dodanie przycisk\u00f3w udost\u0119pniania spo\u0142eczno\u015bciowego do mojej witryny jQuery bez do\u015bwiadczenia w programowaniu?<\/h3>\r\n\r\n\t\t\t\t\t\t<div class=\"faq-item-question-icon\"><\/div>\r\n\t\t\t\t\t<\/div>\r\n\r\n\t\t\t\t\t<div class=\"faq-item-answer\">\r\n\t\t\t\t\t\t<div class=\"faq-item-answer-text\">\n<p>Firma Elfsight dostarcza rozwi\u0105zanie, kt\u00f3re pozwala szerokiemu gronu odbiorc\u00f3w samodzielnie wygenerowa\u0107 wid\u017cet przycisk\u00f3w udost\u0119pniania spo\u0142eczno\u015bciowego. Poznaj proste kroki: <\/p>\n<ul>\n    <li>Przejd\u017a do edytora online, aby wygenerowa\u0107 aplikacj\u0119 Social Share Buttons, kt\u00f3r\u0105 chcesz doda\u0107 na stronie jQuery.<\/li>\n    <li>Wybierz jeden z wielu gotowych szablon\u00f3w i dostosuj ustawienia Social Share Buttons, do\u0142\u0105cz swoj\u0105 tre\u015b\u0107, zmie\u0144 uk\u0142ad i kolory bez kodowania.<\/li>\n    <li>Kliknij, aby zapisa\u0107 przyciski udost\u0119pniania spo\u0142eczno\u015bciowego i uzyska\u0107 kod do instalacji, kt\u00f3ry mo\u017cesz po prostu wklei\u0107 w dowolnej witrynie jQuery za darmo.<\/li>\n<\/ul>\n<p>Dzi\u0119ki prostemu edytorowi ka\u017cdy internauta mo\u017ce stworzy\u0107 sekcj\u0119 z przyciskami udost\u0119pniania spo\u0142eczno\u015bciowego i bez problemu umie\u015bci\u0107 j\u0105 na stronie internetowej jQuery. Nie powiniene\u015b otrzymywa\u0107 p\u0142atnego planu ani podawa\u0107 danych swojej karty, aby wej\u015b\u0107 do Edytora. Je\u015bli napotkasz jakiekolwiek problemy, nie wahaj si\u0119 porozmawia\u0107 z naszym dzia\u0142em obs\u0142ugi klienta.<\/p>\n<\/div>\r\n\t\t\t\t\t<\/div>\r\n\t\t\t\t<\/div>\n<\/div>","protected":false},"excerpt":{"rendered":"","protected":false},"author":9,"featured_media":0,"parent":2255,"menu_order":0,"comment_status":"closed","ping_status":"closed","template":"templates\/template-application-platform.php","meta":{"publish_to_discourse":"","publish_post_category":"","wpdc_auto_publish_overridden":"","wpdc_topic_tags":"","wpdc_pin_topic":"","wpdc_pin_until":"","discourse_post_id":"","discourse_permalink":"","wpdc_publishing_response":"","wpdc_publishing_error":"","footnotes":""},"class_list":["post-6592","page","type-page","status-publish","hentry"],"yoast_head":"<!-- This site is optimized with the Yoast SEO plugin v25.3.1 - https:\/\/yoast.com\/wordpress\/plugins\/seo\/ -->\n<title>Wtyczka jQuery Social Share Buttons do witryny internetowej (\u0142atwa i bezp\u0142atna)<\/title>\n<meta name=\"description\" content=\"Umie\u015b\u0107 przyciski udost\u0119pniania spo\u0142eczno\u015bciowego na swojej stronie JQuery w zaledwie kilka minut. Szybkie i proste kszta\u0142towanie r\u00f3\u017cnorodnych wtyczek stron internetowych przez Elfsight.\" \/>\n<meta name=\"robots\" content=\"index, follow, max-snippet:-1, max-image-preview:large, max-video-preview:-1\" \/>\n<link rel=\"canonical\" href=\"https:\/\/elfsight.com\/pl\/social-media-share-buttons\/jquery\/\" \/>\n<meta property=\"og:locale\" content=\"pl_PL\" \/>\n<meta property=\"og:type\" content=\"article\" \/>\n<meta property=\"og:title\" content=\"Wtyczka jQuery Social Share Buttons do witryny internetowej (\u0142atwa i bezp\u0142atna)\" \/>\n<meta property=\"og:description\" content=\"Umie\u015b\u0107 przyciski udost\u0119pniania spo\u0142eczno\u015bciowego na swojej stronie JQuery w zaledwie kilka minut. Szybkie i proste kszta\u0142towanie r\u00f3\u017cnorodnych wtyczek stron internetowych przez Elfsight.\" \/>\n<meta property=\"og:url\" content=\"https:\/\/elfsight.com\/pl\/social-media-share-buttons\/jquery\/\" \/>\n<meta property=\"og:site_name\" content=\"Elfsight PL\" \/>\n<meta property=\"article:modified_time\" content=\"2025-06-20T08:54:06+00:00\" \/>\n<meta name=\"twitter:card\" content=\"summary_large_image\" \/>\n<meta name=\"twitter:label1\" content=\"Szacowany czas czytania\" \/>\n\t<meta name=\"twitter:data1\" content=\"3 minuty\" \/>\n<!-- \/ Yoast SEO plugin. -->","yoast_head_json":{"title":"Wtyczka jQuery Social Share Buttons do witryny internetowej (\u0142atwa i bezp\u0142atna)","description":"Umie\u015b\u0107 przyciski udost\u0119pniania spo\u0142eczno\u015bciowego na swojej stronie JQuery w zaledwie kilka minut. Szybkie i proste kszta\u0142towanie r\u00f3\u017cnorodnych wtyczek stron internetowych przez Elfsight.","robots":{"index":"index","follow":"follow","max-snippet":"max-snippet:-1","max-image-preview":"max-image-preview:large","max-video-preview":"max-video-preview:-1"},"canonical":"https:\/\/elfsight.com\/pl\/social-media-share-buttons\/jquery\/","og_locale":"pl_PL","og_type":"article","og_title":"Wtyczka jQuery Social Share Buttons do witryny internetowej (\u0142atwa i bezp\u0142atna)","og_description":"Umie\u015b\u0107 przyciski udost\u0119pniania spo\u0142eczno\u015bciowego na swojej stronie JQuery w zaledwie kilka minut. Szybkie i proste kszta\u0142towanie r\u00f3\u017cnorodnych wtyczek stron internetowych przez Elfsight.","og_url":"https:\/\/elfsight.com\/pl\/social-media-share-buttons\/jquery\/","og_site_name":"Elfsight PL","article_modified_time":"2025-06-20T08:54:06+00:00","twitter_card":"summary_large_image","twitter_misc":{"Szacowany czas czytania":"3 minuty"},"schema":{"@context":"https:\/\/schema.org","@graph":[{"@type":"WebPage","@id":"https:\/\/elfsight.com\/pl\/social-media-share-buttons\/jquery\/","url":"https:\/\/elfsight.com\/pl\/social-media-share-buttons\/jquery\/","name":"Wtyczka jQuery Social Share Buttons do witryny internetowej (\u0142atwa i bezp\u0142atna)","isPartOf":{"@id":"https:\/\/elfsight.com\/pl\/#website"},"datePublished":"1970-01-01T00:00:00+00:00","dateModified":"2025-06-20T08:54:06+00:00","description":"Umie\u015b\u0107 przyciski udost\u0119pniania spo\u0142eczno\u015bciowego na swojej stronie JQuery w zaledwie kilka minut. Szybkie i proste kszta\u0142towanie r\u00f3\u017cnorodnych wtyczek stron internetowych przez Elfsight.","breadcrumb":{"@id":"https:\/\/elfsight.com\/pl\/social-media-share-buttons\/jquery\/#breadcrumb"},"inLanguage":"pl-PL","potentialAction":[{"@type":"ReadAction","target":["https:\/\/elfsight.com\/pl\/social-media-share-buttons\/jquery\/"]}]},{"@type":"BreadcrumbList","@id":"https:\/\/elfsight.com\/pl\/social-media-share-buttons\/jquery\/#breadcrumb","itemListElement":[{"@type":"ListItem","position":1,"name":"Home","item":"https:\/\/elfsight.com\/pl\/"},{"@type":"ListItem","position":2,"name":"Social Share Buttons","item":"https:\/\/elfsight.com\/pl\/social-media-share-buttons\/"},{"@type":"ListItem","position":3,"name":"Social Share Buttons &#8211; jQuery"}]},{"@type":"WebSite","@id":"https:\/\/elfsight.com\/pl\/#website","url":"https:\/\/elfsight.com\/pl\/","name":"Elfsight PL","description":"Just another Elfsight Sites site","potentialAction":[{"@type":"SearchAction","target":{"@type":"EntryPoint","urlTemplate":"https:\/\/elfsight.com\/pl\/?s={search_term_string}"},"query-input":{"@type":"PropertyValueSpecification","valueRequired":true,"valueName":"search_term_string"}}],"inLanguage":"pl-PL"}]}},"meta_box":{"industry":"","seo_heading":"","heading":"","description":"","cta_heading":"","cta_description":"","application":"3353","h1":"Wtyczka jQuery Social Share Buttons","h1_caption":"Dodaj przyciski udost\u0119pniania w mediach spo\u0142eczno\u015bciowych do swojej witryny, umo\u017cliwiaj\u0105c odwiedzaj\u0105cym bezproblemowe udost\u0119pnianie tre\u015bci na wielu platformach w witrynie jQuery.","application_category":[],"applications_title":"","applications_request_title":"","applications_request_button_text":"","hero_text":"","hero_video":"","hero_video_schema_markup":"","selling_points_title":"","selling_points_caption":"","selling_points":[],"selling_points_cta_text":"","features_title":"","features":"","ed_cta_examples_text":"","ed_cta_examples_hidden":"","ed_cta_demo_text":"","ed_cta_demo_hidden":"","why_caption":"","why_editor_title":"","why_editor_text":"","why_team_title":"","why_team_text":"","why_service_title":"","why_service_text":"","template_catalog_visible":"0","template_catalog_title":"","template_catalog_text":"","template_catalog_categories_visible":"","demo_title":"Utw\u00f3rz wtyczk\u0119 przycisk\u00f3w udost\u0119pniania spo\u0142eczno\u015bciowego","demo_caption":"Skonfiguruj przyciski udost\u0119pniania spo\u0142eczno\u015bciowego i dodaj je za darmo do swojej witryny jQuery!","default_faq_hidden":"","app_template_category":[],"platform":"56","template_public_id":"","codecanyon_url":"","codecanyon_item_id":"","codecanyon_price":"","pricing_caption":"","pricing_elfsight_apps_hide_column":"","pricing_elfsight_apps_url":"","pricing_codecanyon_price_caption":"","integration_category":[],"integration_request_title":"","integration_request_cta":"","integration_platform":"","integrations":[],"platform_category":[],"video_schema_markup":"","price":"od 0 USD \/ miesi\u0105c","trial":"","benefits":[{"text":"Bezp\u0142atna us\u0142uga monta\u017cu"},{"text":"Skuteczna obs\u0142uga klienta"},{"text":"14-dniowa gwarancja zwrotu pieni\u0119dzy"}],"button_url":"#demo","button_target_blank":"0","button_nofollow":"0","attributes":[{"name":"Instaluje"},{"name":"Czu\u0142y"},{"name":"Kompatybilne przegl\u0105darki"}],"tags":[],"tags_disable_links":"0","hide_more_platforms":"0","video_object":"","demo_hide_cta":"0","demo_hide_cloud_options":"0","pricing_title":"","pricing":[{"pricing_icon":"platform","pricing_title":"jQuery plugin","pricing_title_caption":"Wieloplatformowe rozwi\u0105zanie cyfrowe, kt\u00f3re dzia\u0142a na ka\u017cdej stronie","pricing_price":"od 0 USD \/ miesi\u0105c","pricing_price_caption":"zacznij od bezp\u0142atnego planu","pricing_benefits":[{"text":"Nielimitowane strony internetowe"},{"text":"Dedykowane wsparcie i dobrze udokumentowane"},{"text":"Bezp\u0142atna pomoc w monta\u017cu"},{"text":"Elastyczny projekt"}],"pricing_button_text":"Dodaj do witryny","pricing_button_url":"#demo"}],"related_apps_title":"","related_apps_hidden":"0","author":"","image":[],"title":"","job":"","social_networks":[]},"_links":{"self":[{"href":"https:\/\/elfsight.com\/pl\/wp-json\/wp\/v2\/pages\/6592","targetHints":{"allow":["GET"]}}],"collection":[{"href":"https:\/\/elfsight.com\/pl\/wp-json\/wp\/v2\/pages"}],"about":[{"href":"https:\/\/elfsight.com\/pl\/wp-json\/wp\/v2\/types\/page"}],"author":[{"embeddable":true,"href":"https:\/\/elfsight.com\/pl\/wp-json\/wp\/v2\/users\/9"}],"replies":[{"embeddable":true,"href":"https:\/\/elfsight.com\/pl\/wp-json\/wp\/v2\/comments?post=6592"}],"version-history":[{"count":2,"href":"https:\/\/elfsight.com\/pl\/wp-json\/wp\/v2\/pages\/6592\/revisions"}],"predecessor-version":[{"id":10171,"href":"https:\/\/elfsight.com\/pl\/wp-json\/wp\/v2\/pages\/6592\/revisions\/10171"}],"up":[{"embeddable":true,"href":"https:\/\/elfsight.com\/pl\/wp-json\/wp\/v2\/pages\/2255"}],"wp:attachment":[{"href":"https:\/\/elfsight.com\/pl\/wp-json\/wp\/v2\/media?parent=6592"}],"curies":[{"name":"wp","href":"https:\/\/api.w.org\/{rel}","templated":true}]}}