{"id":6591,"date":"1970-01-01T00:00:00","date_gmt":"1970-01-01T00:00:00","guid":{"rendered":"https:\/\/elfsight.com\/pl\/?page_id=6591"},"modified":"2024-11-14T12:39:55","modified_gmt":"2024-11-14T12:39:55","slug":"elementor","status":"publish","type":"page","link":"https:\/\/elfsight.com\/pl\/social-media-share-buttons\/elementor\/","title":{"rendered":"Social Share Buttons &#8211; Elementor"},"content":{"rendered":"<div class=\"application-platform-content-item-description application-platform-content-item\" id=\"description\" data-nav-section=\"description\"><h2>Osad\u017a przyciski udost\u0119pniania spo\u0142eczno\u015bciowego w Elementorze za pomoc\u0105 wid\u017cetu Elfsight<\/h2><p>Efektywna wtyczka udost\u0119pniania dla wszystkich witryn, kt\u00f3ra pomo\u017ce Twojej czytelnicy rozpowszechniaj\u0105 tre\u015bci, kt\u00f3re im si\u0119 podobaj\u0105, w dowolnych mediach spo\u0142eczno\u015bciowych. Pom\u00f3\u017c rozwija\u0107 swoj\u0105 firm\u0119 na Facebooku, Twitterze, Medium i innych. I zyskaj wi\u0119cej subskrybent\u00f3w i fan\u00f3w za pomoc\u0105 niestandardowych publikacji na osobistej stronie internetowej.<\/p><p><b>Zdob\u0105d\u017a wi\u0119cej wy\u015bwietle\u0144 i obserwuj\u0105cych w mediach spo\u0142eczno\u015bciowych!<\/b><\/p><p><b>Rozpowszechniaj anga\u017cuj\u0105ce tre\u015bci dla szerszej publiczno\u015bci<\/b><br> Daj odwiedzaj\u0105cym szans\u0119 na rozpowszechnianie kusz\u0105cych tre\u015bci bez wysi\u0142ku i natychmiast, aby dotrze\u0107 do nowej publiczno\u015bci.<\/p><p><b>Zwi\u0119ksz liczb\u0119 odwiedzin w swojej witrynie<\/b><br> Zdob\u0105d\u017a nowych u\u017cytkownik\u00f3w na swojej stronie internetowej dzi\u0119ki aktywnej pozycji w sieciach spo\u0142eczno\u015bciowych i do\u015bwiadcz wzrostu liczby odwiedzin.<\/p><p><b>Zwi\u0119ksz liczb\u0119 czytelnik\u00f3w w mediach spo\u0142eczno\u015bciowych<\/b> <br> Publikujesz kusz\u0105ce tre\u015bci na swojej stronie? Pozw\u00f3l teraz czytelnikom sami promowa\u0107 Tw\u00f3j produkt, umieszczaj\u0105c publikacje dla swoich subskrybent\u00f3w.<\/p><\/div><div class=\"application-platform-content-item-features application-platform-content-item\" id=\"features\" data-nav-section=\"features\"><h2>G\u0142\u00f3wne funkcje wid\u017cetu Przyciski udost\u0119pniania spo\u0142eczno\u015bciowego<\/h2><p>Dlaczego s\u0105 Przyciski Elfsight najlepsze spo\u015br\u00f3d wtyczek udost\u0119pniaj\u0105cych Elementor? Sprawd\u017a najwa\u017cniejsze funkcje wtyczki:<\/p><ul><li>Umie\u015b\u0107 nieograniczon\u0105 liczb\u0119 przycisk\u00f3w;<\/li><li>Wyr\u00f3wnanie przycisk\u00f3w do lewej, prawej lub do \u015brodka;<\/li><li> Ustaw szeroko\u015b\u0107 przycisku;<\/li><li>Regulowana przezroczysto\u015b\u0107 przycisk\u00f3w;<\/li><li>Aktualizacje na \u017cywo publikowane na bie\u017c\u0105co.<\/li><\/ul><p><a href=\"#demo\"> Wypr\u00f3buj wszystkie zalety darmowego konfiguratora<\/a><\/p><\/div><div class=\"application-platform-content-item-installation application-platform-content-item\" id=\"installation\" data-nav-section=\"installation\"><h2>Jak doda\u0107 przyciski udost\u0119pniania spo\u0142eczno\u015bciowego do strony Elementor<\/h2><div class=\"video- kontener\"><iframe width=\"720\" height=\"405\" src=\"https:\/\/www.youtube.com\/embed\/DzEEgArEdtA\" frameborder=\"0\" allowfullscreen=\"\"><\/iframe><\/div> <p>Oto kr\u00f3tka instrukcja konfiguracji przycisk\u00f3w bez do\u015bwiadczenia w tworzeniu stron internetowych lub pomocy profesjonalnego programisty. Na wykonanie instrukcji wystarczy 3 minuty.<\/p><ol><li><b>Zaprojektuj spersonalizowane przyciski spo\u0142eczno\u015bciowe<\/b><br>Za pomoc\u0105 naszego darmowego edytora wygeneruj wtyczk\u0119, wybierz szablon i inne parametry.<\/li><li><b>Uzyskaj kod instalacyjny umo\u017cliwiaj\u0105cy dodanie wtyczki do swojej witryny<\/b><br>Po utworzeniu wid\u017cetu uzyskaj sw\u00f3j unikalny kod wtyczki Udost\u0119pnij z pojawiaj\u0105cego si\u0119 okna aplikacji Elfsight .<\/li><li><b>Wy\u015bwietl wtyczk\u0119 na stronie Elementora<\/b><br>Wybierz stron\u0119 i obszar, w kt\u00f3rym chcesz umie\u015bci\u0107 wtyczk\u0119, wstaw tam kod instalacyjny i opublikuj zmiany.<\/li> <li><b>Gotowe!<\/b><br>Wejd\u017a na swoj\u0105 stron\u0119 i zobacz swoj\u0105 prac\u0119.<\/li><\/ol><p>Potrzebujesz pomocy przy instalacji lub dostosowaniu wtyczki? Zesp\u00f3\u0142 Elfsight ch\u0119tnie pomo\u017ce i zaoferuje rozwi\u0105zanie!<\/p><div class=\"faq\" data-component=\"FAQ\"><div class=\"faq-item\">\r\n\t\t\t\t\t<div class=\"faq-item-question\">\r\n\t\t\t\t\t\t<h3 class=\"faq-item-question-text\">Jak mog\u0119 osadzi\u0107 przyciski udost\u0119pniania spo\u0142eczno\u015bciowego Elementor na mojej stronie internetowej Squarespace bez umiej\u0119tno\u015bci kodowania?<\/h3>\r\n\r\n\t\t\t\t\t\t<div class=\"faq-item-question-icon\"><\/div>\r\n\t\t\t\t\t<\/div>\r\n\r\n\t\t\t\t\t<div class=\"faq-item-answer\">\r\n\t\t\t\t\t\t<div class=\"faq-item-answer-text\"><p>Elfsight oferuje us\u0142ug\u0119 Cloud- oparte na rozwi\u0105zaniu, kt\u00f3re umo\u017cliwia u\u017cytkownikom samodzielne osadzanie przycisk\u00f3w udost\u0119pniania spo\u0142eczno\u015bciowego Elementor, przekonaj si\u0119, jak prosty jest ten proces:<\/p><ul><li>Uzyskaj dost\u0119p do edytora online, aby wygenerowa\u0107 sekcj\u0119 przycisk\u00f3w udost\u0119pniania spo\u0142eczno\u015bciowego Elementor, z kt\u00f3r\u0105 chcesz zintegrowa\u0107 swoj\u0105 witryn\u0119 Squarespace.<\/li><li>Wybierz jeden z naszych wst\u0119pnie zaprojektowanych szablon\u00f3w i dostosuj ustawienia przycisk\u00f3w udost\u0119pniania spo\u0142eczno\u015bciowego Elementor, zmodyfikuj uk\u0142ad i schemat kolor\u00f3w, do\u0142\u0105cz swoj\u0105 tre\u015b\u0107 bez konieczno\u015bci kodowania.<\/li><li>Zapisz ustawienia skonfigurowane dla przycisk\u00f3w udost\u0119pniania spo\u0142eczno\u015bciowego Elementor i uzyskaj kod wid\u017cetu do umieszczenia na stronie, kt\u00f3ry mo\u017cna \u0142atwo i bezp\u0142atnie doda\u0107 do witryny Squarespace.<\/li><\/ul><p>Pracuj\u0105c w przyjazny dla u\u017cytkownika edytor, ka\u017cdy u\u017cytkownik Internetu mo\u017ce utworzy\u0107 sekcj\u0119 przycisk\u00f3w udost\u0119pniania spo\u0142eczno\u015bciowego Elementor i osadzi\u0107 j\u0105 na swojej stronie internetowej Squarespace. Aby uzyska\u0107 dost\u0119p do Edytora Elfsight, nie jest wymagana \u017cadna p\u0142atno\u015b\u0107 ani ujawnianie danych karty. Je\u015bli na kt\u00f3rymkolwiek etapie napotkasz jakiekolwiek trudno\u015bci, skontaktuj si\u0119 z naszym dzia\u0142em obs\u0142ugi klienta.<\/p><\/div>\r\n\t\t\t\t\t<\/div>\r\n\t\t\t\t<\/div><\/div><\/div>","protected":false},"excerpt":{"rendered":"","protected":false},"author":9,"featured_media":0,"parent":2255,"menu_order":0,"comment_status":"closed","ping_status":"closed","template":"templates\/template-application-platform.php","meta":{"publish_to_discourse":"","publish_post_category":"","wpdc_auto_publish_overridden":"","wpdc_topic_tags":"","wpdc_pin_topic":"","wpdc_pin_until":"","discourse_post_id":"","discourse_permalink":"","wpdc_publishing_response":"","wpdc_publishing_error":"","footnotes":""},"class_list":["post-6591","page","type-page","status-publish","hentry"],"yoast_head":"<!-- This site is optimized with the Yoast SEO plugin v25.3.1 - https:\/\/yoast.com\/wordpress\/plugins\/seo\/ -->\n<title>Przyciski udost\u0119pniania spo\u0142eczno\u015bciowego dla witryny Elementor (2025)<\/title>\n<meta name=\"description\" content=\"Zintegruj przyciski udost\u0119pniania spo\u0142eczno\u015bciowego na swojej stronie Elementora tylko w kilka minut. Natychmiastowe i \u0142atwe ustawienie r\u00f3\u017cnych wtyczek internetowych przez Elfsight.\" \/>\n<meta name=\"robots\" content=\"index, follow, max-snippet:-1, max-image-preview:large, max-video-preview:-1\" \/>\n<link rel=\"canonical\" href=\"https:\/\/elfsight.com\/pl\/social-media-share-buttons\/elementor\/\" \/>\n<meta property=\"og:locale\" content=\"pl_PL\" \/>\n<meta property=\"og:type\" content=\"article\" \/>\n<meta property=\"og:title\" content=\"Przyciski udost\u0119pniania spo\u0142eczno\u015bciowego dla witryny Elementor (2025)\" \/>\n<meta property=\"og:description\" content=\"Zintegruj przyciski udost\u0119pniania spo\u0142eczno\u015bciowego na swojej stronie Elementora tylko w kilka minut. Natychmiastowe i \u0142atwe ustawienie r\u00f3\u017cnych wtyczek internetowych przez Elfsight.\" \/>\n<meta property=\"og:url\" content=\"https:\/\/elfsight.com\/pl\/social-media-share-buttons\/elementor\/\" \/>\n<meta property=\"og:site_name\" content=\"Elfsight PL\" \/>\n<meta property=\"article:modified_time\" content=\"2024-11-14T12:39:55+00:00\" \/>\n<meta name=\"twitter:card\" content=\"summary_large_image\" \/>\n<meta name=\"twitter:label1\" content=\"Szacowany czas czytania\" \/>\n\t<meta name=\"twitter:data1\" content=\"3 minuty\" \/>\n<!-- \/ Yoast SEO plugin. -->","yoast_head_json":{"title":"Przyciski udost\u0119pniania spo\u0142eczno\u015bciowego dla witryny Elementor (2025)","description":"Zintegruj przyciski udost\u0119pniania spo\u0142eczno\u015bciowego na swojej stronie Elementora tylko w kilka minut. Natychmiastowe i \u0142atwe ustawienie r\u00f3\u017cnych wtyczek internetowych przez Elfsight.","robots":{"index":"index","follow":"follow","max-snippet":"max-snippet:-1","max-image-preview":"max-image-preview:large","max-video-preview":"max-video-preview:-1"},"canonical":"https:\/\/elfsight.com\/pl\/social-media-share-buttons\/elementor\/","og_locale":"pl_PL","og_type":"article","og_title":"Przyciski udost\u0119pniania spo\u0142eczno\u015bciowego dla witryny Elementor (2025)","og_description":"Zintegruj przyciski udost\u0119pniania spo\u0142eczno\u015bciowego na swojej stronie Elementora tylko w kilka minut. Natychmiastowe i \u0142atwe ustawienie r\u00f3\u017cnych wtyczek internetowych przez Elfsight.","og_url":"https:\/\/elfsight.com\/pl\/social-media-share-buttons\/elementor\/","og_site_name":"Elfsight PL","article_modified_time":"2024-11-14T12:39:55+00:00","twitter_card":"summary_large_image","twitter_misc":{"Szacowany czas czytania":"3 minuty"},"schema":{"@context":"https:\/\/schema.org","@graph":[{"@type":"WebPage","@id":"https:\/\/elfsight.com\/pl\/social-media-share-buttons\/elementor\/","url":"https:\/\/elfsight.com\/pl\/social-media-share-buttons\/elementor\/","name":"Przyciski udost\u0119pniania spo\u0142eczno\u015bciowego dla witryny Elementor (2025)","isPartOf":{"@id":"https:\/\/elfsight.com\/pl\/#website"},"datePublished":"1970-01-01T00:00:00+00:00","dateModified":"2024-11-14T12:39:55+00:00","description":"Zintegruj przyciski udost\u0119pniania spo\u0142eczno\u015bciowego na swojej stronie Elementora tylko w kilka minut. Natychmiastowe i \u0142atwe ustawienie r\u00f3\u017cnych wtyczek internetowych przez Elfsight.","breadcrumb":{"@id":"https:\/\/elfsight.com\/pl\/social-media-share-buttons\/elementor\/#breadcrumb"},"inLanguage":"pl-PL","potentialAction":[{"@type":"ReadAction","target":["https:\/\/elfsight.com\/pl\/social-media-share-buttons\/elementor\/"]}]},{"@type":"BreadcrumbList","@id":"https:\/\/elfsight.com\/pl\/social-media-share-buttons\/elementor\/#breadcrumb","itemListElement":[{"@type":"ListItem","position":1,"name":"Home","item":"https:\/\/elfsight.com\/pl\/"},{"@type":"ListItem","position":2,"name":"Social Share Buttons","item":"https:\/\/elfsight.com\/pl\/social-media-share-buttons\/"},{"@type":"ListItem","position":3,"name":"Social Share Buttons &#8211; Elementor"}]},{"@type":"WebSite","@id":"https:\/\/elfsight.com\/pl\/#website","url":"https:\/\/elfsight.com\/pl\/","name":"Elfsight PL","description":"Just another Elfsight Sites site","potentialAction":[{"@type":"SearchAction","target":{"@type":"EntryPoint","urlTemplate":"https:\/\/elfsight.com\/pl\/?s={search_term_string}"},"query-input":{"@type":"PropertyValueSpecification","valueRequired":true,"valueName":"search_term_string"}}],"inLanguage":"pl-PL"}]}},"meta_box":{"industry":"","seo_heading":"","heading":"","description":"","cta_heading":"","cta_description":"","application":"3353","h1":"Przyciski udost\u0119pniania spo\u0142eczno\u015bciowego Elementora","h1_caption":"Dodaj przyciski udost\u0119pniania w mediach spo\u0142eczno\u015bciowych do swojej witryny, umo\u017cliwiaj\u0105c odwiedzaj\u0105cym bezproblemowe udost\u0119pnianie tre\u015bci na wielu platformach w witrynie Elementor.","application_category":[],"applications_title":"","applications_request_title":"","applications_request_button_text":"","hero_text":"","hero_video":"","hero_video_schema_markup":"","selling_points_title":"","selling_points_caption":"","selling_points":[],"selling_points_cta_text":"","features_title":"","features":"","ed_cta_examples_text":"","ed_cta_examples_hidden":"","ed_cta_demo_text":"","ed_cta_demo_hidden":"","why_caption":"","why_editor_title":"","why_editor_text":"","why_team_title":"","why_team_text":"","why_service_title":"","why_service_text":"","template_catalog_visible":"","template_catalog_title":"","template_catalog_text":"","template_catalog_categories_visible":"","demo_title":"Utw\u00f3rz wid\u017cet Przyciski udost\u0119pniania spo\u0142eczno\u015bciowego","demo_caption":"Skonfiguruj przyciski udost\u0119pniania spo\u0142eczno\u015bciowego i dodaj je do swojej witryny Elementor za darmo!","default_faq_hidden":"","app_template_category":[],"platform":"268","template_public_id":"","codecanyon_url":"","codecanyon_item_id":"","codecanyon_price":"","pricing_caption":"","pricing_elfsight_apps_hide_column":"","pricing_elfsight_apps_url":"","pricing_codecanyon_price_caption":"","integration_category":[],"integration_request_title":"","integration_request_cta":"","integration_platform":"","integrations":[],"platform_category":[],"video_schema_markup":"","price":"od 0 USD \/ miesi\u0105c","trial":"","benefits":[{"text":"Bezp\u0142atna pomoc w monta\u017cu"},{"text":"Wyj\u0105tkowe wsparcie"},{"text":"14-dniowa gwarancja zwrotu pieni\u0119dzy"}],"button_url":"#demo","button_target_blank":"","button_nofollow":"","attributes":[{"name":"Instaluje"},{"name":"Czu\u0142y"},{"name":"Kompatybilne przegl\u0105darki"}],"tags":[],"tags_disable_links":"","hide_more_platforms":"","video_object":"","demo_hide_cta":"","demo_hide_cloud_options":"","pricing_title":"","pricing":[{"pricing_icon":"platform","pricing_title":"Elfsight Apps","pricing_title_caption":"Rozwi\u0105zanie wieloplatformowe, kt\u00f3re pasuje do ka\u017cdej witryny","pricing_price":"od 0 USD \/ miesi\u0105c","pricing_price_caption":"zacznij od bezp\u0142atnego planu","pricing_benefits":[{"text":"Nielimitowane domeny"},{"text":"Szybkie wsparcie firmy"},{"text":"Bezp\u0142atna pomoc przy instalacji"},{"text":"Specjalna cena za wiele aplikacji"}],"pricing_button_text":"Dodaj do witryny","pricing_button_url":"#demo"}],"related_apps_title":"","related_apps_hidden":"","author":"","image":[],"title":"","job":"","social_networks":[]},"_links":{"self":[{"href":"https:\/\/elfsight.com\/pl\/wp-json\/wp\/v2\/pages\/6591","targetHints":{"allow":["GET"]}}],"collection":[{"href":"https:\/\/elfsight.com\/pl\/wp-json\/wp\/v2\/pages"}],"about":[{"href":"https:\/\/elfsight.com\/pl\/wp-json\/wp\/v2\/types\/page"}],"author":[{"embeddable":true,"href":"https:\/\/elfsight.com\/pl\/wp-json\/wp\/v2\/users\/9"}],"replies":[{"embeddable":true,"href":"https:\/\/elfsight.com\/pl\/wp-json\/wp\/v2\/comments?post=6591"}],"version-history":[{"count":2,"href":"https:\/\/elfsight.com\/pl\/wp-json\/wp\/v2\/pages\/6591\/revisions"}],"predecessor-version":[{"id":8031,"href":"https:\/\/elfsight.com\/pl\/wp-json\/wp\/v2\/pages\/6591\/revisions\/8031"}],"up":[{"embeddable":true,"href":"https:\/\/elfsight.com\/pl\/wp-json\/wp\/v2\/pages\/2255"}],"wp:attachment":[{"href":"https:\/\/elfsight.com\/pl\/wp-json\/wp\/v2\/media?parent=6591"}],"curies":[{"name":"wp","href":"https:\/\/api.w.org\/{rel}","templated":true}]}}