{"id":6590,"date":"1970-01-01T00:00:00","date_gmt":"1970-01-01T00:00:00","guid":{"rendered":"https:\/\/elfsight.com\/pl\/?page_id=6590"},"modified":"2025-06-20T08:55:33","modified_gmt":"2025-06-20T08:55:33","slug":"iframe","status":"publish","type":"page","link":"https:\/\/elfsight.com\/pl\/social-media-share-buttons\/iframe\/","title":{"rendered":"Social Share Buttons &#8211; iFrame"},"content":{"rendered":"<div class=\"application-platform-content-item-description application-platform-content-item\" id=\"description\" data-nav-section=\"description\">\n<h2>Osad\u017a przyciski udost\u0119pniania spo\u0142eczno\u015bciowego w ramce iFrame za pomoc\u0105 wid\u017cetu Elfsight<\/h2>\n<p>Efektywna wtyczka udost\u0119pniania dla dowolnej witryny internetowej, kt\u00f3ra umo\u017cliwia Twoim klientom rozpowszechnianie tre\u015bci w r\u00f3\u017cnych mediach spo\u0142eczno\u015bciowych. Zacznij zwi\u0119ksza\u0107 obecno\u015b\u0107 swojej firmy na Facebooku, LinkedIn i innych mediach oraz zdobywaj nowych obserwuj\u0105cych i fan\u00f3w, korzystaj\u0105c z tre\u015bci swojej witryny.<\/p>\n<p><b>Zdob\u0105d\u017a dodatkowe widoki i obserwuj\u0105cych z medi\u00f3w spo\u0142eczno\u015bciowych!<\/b><\/p>\n<p><b>Maksymalne rozpowszechnianie tre\u015bci i element\u00f3w w mediach spo\u0142eczno\u015bciowych<\/b><br>Dzi\u0119ki r\u00f3\u017cnym opcjom projektowania i funkcjonalno\u015bci jednym klikni\u0119ciem Twoje tre\u015bci zostan\u0105 szeroko rozpowszechnione we wszystkich sieciach spo\u0142eczno\u015bciowych.<\/p>\n<p><b>Pokazuj swoje anga\u017cuj\u0105ce posty szerszemu gronu odbiorc\u00f3w<\/b><br>Zapewnij u\u017cytkownikom mo\u017cliwo\u015b\u0107 rozpowszechniania tre\u015bci bez konieczno\u015bci zdobywania wi\u0119kszej liczby odbiorc\u00f3w.<\/p>\n<p><b>Zwi\u0119ksz ruch na swojej stronie<\/b><br>Przyci\u0105gnij do swojej witryny nowych u\u017cytkownik\u00f3w poprzez aktywn\u0105 obecno\u015b\u0107 w mediach spo\u0142eczno\u015bciowych i zwi\u0119ksz liczb\u0119 klikni\u0119\u0107.<\/p>\n<p><b>Skuteczny spos\u00f3b na pozyskanie nowych subskrybent\u00f3w sieci spo\u0142eczno\u015bciowe<\/b><br>Umie\u015b\u0107 ekscytuj\u0105ce tre\u015bci i daj swoim czytelnikom mo\u017cliwo\u015b\u0107 promowania ich na w\u0142asnych profilach w sieciach spo\u0142eczno\u015bciowych.<\/p>\n<\/div>\n\n<div class=\"application-platform-content-item-features application-platform-content-item\" id=\"features\" data-nav-section=\"features\">\n<h2>G\u0142\u00f3wne funkcje wid\u017cetu Przyciski udost\u0119pniania spo\u0142eczno\u015bciowego<\/h2>\n<p>Co sprawia, \u017ce nasze przyciski s\u0105 najlepsze ze wszystkich wtyczek udost\u0119pniania IFrame? Poznaj nasze strategiczne cechy:<\/p>\n<ul>\n    <li>ponad 40 wbudowanych sieci spo\u0142eczno\u015bciowych;<\/li>\n    <li>2 uk\u0142ady: wbudowany i p\u0142ywaj\u0105cy;<\/li>\n    <li>Umie\u015b\u0107 nieograniczon\u0105 liczb\u0119 przycisk\u00f3w;<\/li>\n    <li>Ustaw dowoln\u0105 liczb\u0119 kolumn, aby uporz\u0105dkowa\u0107 przyciski;<\/li>\n    <li>Ustaw szeroko\u015b\u0107 przycisku.<\/li>\n<\/ul>\n<p><a href=\"#demo\">Wi\u0119cej opcji w bezp\u0142atnym demo<\/a><\/p>\n<\/div>\n\n<div class=\"application-platform-content-item-installation application-platform-content-item\" id=\"installation\" data-nav-section=\"installation\">\n<h2>Jak doda\u0107 przyciski udost\u0119pniania do iFrame<\/h2>\n<p>Oto kr\u00f3tka instrukcja integracji przycisk\u00f3w udost\u0119pniania ze stron\u0105 internetow\u0105 bez kodowania. Na wykonanie samouczka potrzebujesz tylko 2 minut.<\/p>\n<ol>\n    <li><b>Utw\u00f3rz spersonalizowan\u0105 wtyczk\u0119 Share<\/b><br>Za pomoc\u0105 naszego bezp\u0142atnego edytora skonfiguruj wtyczk\u0119, a nast\u0119pnie dostosuj uk\u0142ad i styl.<\/li>\n    <li><b>Odbierz indywidualny kod umo\u017cliwiaj\u0105cy wy\u015bwietlenie wtyczki<\/b><br>Po skonfigurowaniu wtyczki otrzymasz unikalny kod z wy\u015bwietlonego okna aplikacji Elfsight. Skopiuj kod do wykorzystania w przysz\u0142o\u015bci.<\/li>\n    <li><b>Wy\u015bwietl wtyczk\u0119 na swojej stronie iFrame<\/b><br>Wybierz obszar, w kt\u00f3rym chcesz wy\u015bwietli\u0107 wtyczk\u0119 i wklej tam skopiowany kod. Zapisz wyniki.<\/li>\n    <li><b>Konfiguracja zosta\u0142a zako\u0144czona<\/b><br>Wejd\u017a na stron\u0119, aby zobaczy\u0107 swoje przyciski.<\/li>\n<\/ol>\n<p>Potrzebujesz pomocy przy konfiguracji lub projektowaniu wtyczki? Nasz zesp\u00f3\u0142 b\u0119dzie tutaj, aby doradzi\u0107 i zaproponowa\u0107 rozwi\u0105zanie! Mo\u017cesz tak\u017ce spr\u00f3bowa\u0107 rozwi\u0105za\u0107 problem samodzielnie, korzystaj\u0105c z naszego szczeg\u00f3\u0142owego podr\u0119cznika \u201eJak umie\u015bci\u0107 przyciski udost\u0119pniania w witrynie iFrame\u201d.<\/p>\n<\/div>\n\n<div class=\"faq\" data-component=\"FAQ\">\n<div class=\"faq-item\">\r\n\t\t\t\t\t<div class=\"faq-item-question\">\r\n\t\t\t\t\t\t<h3 class=\"faq-item-question-text\">Jak doda\u0107 przyciski udost\u0119pniania spo\u0142eczno\u015bciowego do mojej strony internetowej iFrame bez kodowania?<\/h3>\r\n\r\n\t\t\t\t\t\t<div class=\"faq-item-question-icon\"><\/div>\r\n\t\t\t\t\t<\/div>\r\n\r\n\t\t\t\t\t<div class=\"faq-item-answer\">\r\n\t\t\t\t\t\t<div class=\"faq-item-answer-text\">\n<p>Firma Elfsight oferuje rozwi\u0105zanie w chmurze, kt\u00f3re umo\u017cliwia samodzielne utworzenie aplikacji przycisk\u00f3w udost\u0119pniania spo\u0142eczno\u015bciowego, zobacz nieskomplikowany przewodnik: <\/p>\n<ul>\n    <li>Przejd\u017a do edytora na \u017cywo, aby utworzy\u0107 wtyczk\u0119 przycisk\u00f3w udost\u0119pniania spo\u0142eczno\u015bciowego, kt\u00f3r\u0105 chcesz umie\u015bci\u0107 na stronie internetowej iFrame.<\/li>\n    <li>Wybierz jeden z naszych wst\u0119pnie zaprojektowanych szablon\u00f3w i dostosuj ustawienia przycisk\u00f3w udost\u0119pniania spo\u0142eczno\u015bciowego, zmie\u0144 uk\u0142ad i schemat kolor\u00f3w, dodawaj tre\u015bci bez znajomo\u015bci kodowania.<\/li>\n    <li>Zapisz przyciski udost\u0119pniania spo\u0142eczno\u015bciowego i uzyskaj kod wtyczki do instalacji, kt\u00f3ry mo\u017cesz bez trudu umie\u015bci\u0107 na stronie iFrame w ramach bezp\u0142atnego planu.<\/li>\n<\/ul>\n<p>Korzystaj\u0105c z intuicyjnego edytora, ka\u017cdy u\u017cytkownik Internetu mo\u017ce stworzy\u0107 aplikacj\u0119 Social Share Buttons online i \u0142atwo umie\u015bci\u0107 j\u0105 na dowolnej stronie internetowej iFrame. Aby uzyska\u0107 dost\u0119p do Edytora Elfsight, nie jest wymagana p\u0142atno\u015b\u0107 ani ujawnianie danych karty. Je\u015bli na kt\u00f3rymkolwiek etapie napotkasz jakiekolwiek problemy, nie wahaj si\u0119 porozmawia\u0107 z naszym dzia\u0142em obs\u0142ugi klienta.<\/p>\n<\/div>\r\n\t\t\t\t\t<\/div>\r\n\t\t\t\t<\/div>\n<\/div>","protected":false},"excerpt":{"rendered":"","protected":false},"author":9,"featured_media":0,"parent":2255,"menu_order":0,"comment_status":"closed","ping_status":"closed","template":"templates\/template-application-platform.php","meta":{"publish_to_discourse":"","publish_post_category":"","wpdc_auto_publish_overridden":"","wpdc_topic_tags":"","wpdc_pin_topic":"","wpdc_pin_until":"","discourse_post_id":"","discourse_permalink":"","wpdc_publishing_response":"","wpdc_publishing_error":"","footnotes":""},"class_list":["post-6590","page","type-page","status-publish","hentry"],"yoast_head":"<!-- This site is optimized with the Yoast SEO plugin v25.3.1 - https:\/\/yoast.com\/wordpress\/plugins\/seo\/ -->\n<title>Przycisk udost\u0119pniania spo\u0142eczno\u015bciowego iFrame na Twojej stronie internetowej (bezp\u0142atny i szybki)<\/title>\n<meta name=\"description\" content=\"Wy\u015bwietl wid\u017cet Przyciski udost\u0119pniania spo\u0142eczno\u015bciowego na swojej stronie iFrame w ci\u0105gu kilku minut. Natychmiastowe i proste ustawienie dowolnej wtyczki strony internetowej przez Elfsight.\" \/>\n<meta name=\"robots\" content=\"index, follow, max-snippet:-1, max-image-preview:large, max-video-preview:-1\" \/>\n<link rel=\"canonical\" href=\"https:\/\/elfsight.com\/pl\/social-media-share-buttons\/iframe\/\" \/>\n<meta property=\"og:locale\" content=\"pl_PL\" \/>\n<meta property=\"og:type\" content=\"article\" \/>\n<meta property=\"og:title\" content=\"Przycisk udost\u0119pniania spo\u0142eczno\u015bciowego iFrame na Twojej stronie internetowej (bezp\u0142atny i szybki)\" \/>\n<meta property=\"og:description\" content=\"Wy\u015bwietl wid\u017cet Przyciski udost\u0119pniania spo\u0142eczno\u015bciowego na swojej stronie iFrame w ci\u0105gu kilku minut. Natychmiastowe i proste ustawienie dowolnej wtyczki strony internetowej przez Elfsight.\" \/>\n<meta property=\"og:url\" content=\"https:\/\/elfsight.com\/pl\/social-media-share-buttons\/iframe\/\" \/>\n<meta property=\"og:site_name\" content=\"Elfsight PL\" \/>\n<meta property=\"article:modified_time\" content=\"2025-06-20T08:55:33+00:00\" \/>\n<meta name=\"twitter:card\" content=\"summary_large_image\" \/>\n<meta name=\"twitter:label1\" content=\"Szacowany czas czytania\" \/>\n\t<meta name=\"twitter:data1\" content=\"3 minuty\" \/>\n<!-- \/ Yoast SEO plugin. -->","yoast_head_json":{"title":"Przycisk udost\u0119pniania spo\u0142eczno\u015bciowego iFrame na Twojej stronie internetowej (bezp\u0142atny i szybki)","description":"Wy\u015bwietl wid\u017cet Przyciski udost\u0119pniania spo\u0142eczno\u015bciowego na swojej stronie iFrame w ci\u0105gu kilku minut. Natychmiastowe i proste ustawienie dowolnej wtyczki strony internetowej przez Elfsight.","robots":{"index":"index","follow":"follow","max-snippet":"max-snippet:-1","max-image-preview":"max-image-preview:large","max-video-preview":"max-video-preview:-1"},"canonical":"https:\/\/elfsight.com\/pl\/social-media-share-buttons\/iframe\/","og_locale":"pl_PL","og_type":"article","og_title":"Przycisk udost\u0119pniania spo\u0142eczno\u015bciowego iFrame na Twojej stronie internetowej (bezp\u0142atny i szybki)","og_description":"Wy\u015bwietl wid\u017cet Przyciski udost\u0119pniania spo\u0142eczno\u015bciowego na swojej stronie iFrame w ci\u0105gu kilku minut. Natychmiastowe i proste ustawienie dowolnej wtyczki strony internetowej przez Elfsight.","og_url":"https:\/\/elfsight.com\/pl\/social-media-share-buttons\/iframe\/","og_site_name":"Elfsight PL","article_modified_time":"2025-06-20T08:55:33+00:00","twitter_card":"summary_large_image","twitter_misc":{"Szacowany czas czytania":"3 minuty"},"schema":{"@context":"https:\/\/schema.org","@graph":[{"@type":"WebPage","@id":"https:\/\/elfsight.com\/pl\/social-media-share-buttons\/iframe\/","url":"https:\/\/elfsight.com\/pl\/social-media-share-buttons\/iframe\/","name":"Przycisk udost\u0119pniania spo\u0142eczno\u015bciowego iFrame na Twojej stronie internetowej (bezp\u0142atny i szybki)","isPartOf":{"@id":"https:\/\/elfsight.com\/pl\/#website"},"datePublished":"1970-01-01T00:00:00+00:00","dateModified":"2025-06-20T08:55:33+00:00","description":"Wy\u015bwietl wid\u017cet Przyciski udost\u0119pniania spo\u0142eczno\u015bciowego na swojej stronie iFrame w ci\u0105gu kilku minut. Natychmiastowe i proste ustawienie dowolnej wtyczki strony internetowej przez Elfsight.","breadcrumb":{"@id":"https:\/\/elfsight.com\/pl\/social-media-share-buttons\/iframe\/#breadcrumb"},"inLanguage":"pl-PL","potentialAction":[{"@type":"ReadAction","target":["https:\/\/elfsight.com\/pl\/social-media-share-buttons\/iframe\/"]}]},{"@type":"BreadcrumbList","@id":"https:\/\/elfsight.com\/pl\/social-media-share-buttons\/iframe\/#breadcrumb","itemListElement":[{"@type":"ListItem","position":1,"name":"Home","item":"https:\/\/elfsight.com\/pl\/"},{"@type":"ListItem","position":2,"name":"Social Share Buttons","item":"https:\/\/elfsight.com\/pl\/social-media-share-buttons\/"},{"@type":"ListItem","position":3,"name":"Social Share Buttons &#8211; iFrame"}]},{"@type":"WebSite","@id":"https:\/\/elfsight.com\/pl\/#website","url":"https:\/\/elfsight.com\/pl\/","name":"Elfsight PL","description":"Just another Elfsight Sites site","potentialAction":[{"@type":"SearchAction","target":{"@type":"EntryPoint","urlTemplate":"https:\/\/elfsight.com\/pl\/?s={search_term_string}"},"query-input":{"@type":"PropertyValueSpecification","valueRequired":true,"valueName":"search_term_string"}}],"inLanguage":"pl-PL"}]}},"meta_box":{"industry":"","seo_heading":"","heading":"","description":"","cta_heading":"","cta_description":"","application":"3353","h1":"Przyciski udost\u0119pniania spo\u0142eczno\u015bciowego iFrame","h1_caption":"Dodaj przyciski udost\u0119pniania w mediach spo\u0142eczno\u015bciowych do swojej witryny, umo\u017cliwiaj\u0105c odwiedzaj\u0105cym bezproblemowe udost\u0119pnianie tre\u015bci na wielu platformach w witrynie iFrame.","application_category":[],"applications_title":"","applications_request_title":"","applications_request_button_text":"","hero_text":"","hero_video":"","hero_video_schema_markup":"","selling_points_title":"","selling_points_caption":"","selling_points":[],"selling_points_cta_text":"","features_title":"","features":"","ed_cta_examples_text":"","ed_cta_examples_hidden":"","ed_cta_demo_text":"","ed_cta_demo_hidden":"","why_caption":"","why_editor_title":"","why_editor_text":"","why_team_title":"","why_team_text":"","why_service_title":"","why_service_text":"","template_catalog_visible":"0","template_catalog_title":"","template_catalog_text":"","template_catalog_categories_visible":"","demo_title":"Utw\u00f3rz wid\u017cet Przyciski udost\u0119pniania spo\u0142eczno\u015bciowego","demo_caption":"Skonfiguruj przyciski udost\u0119pniania spo\u0142eczno\u015bciowego i dodaj je do swojej witryny iFrame za darmo!","default_faq_hidden":"","app_template_category":[],"platform":"187","template_public_id":"","codecanyon_url":"","codecanyon_item_id":"","codecanyon_price":"","pricing_caption":"","pricing_elfsight_apps_hide_column":"","pricing_elfsight_apps_url":"","pricing_codecanyon_price_caption":"","integration_category":[],"integration_request_title":"","integration_request_cta":"","integration_platform":"","integrations":[],"platform_category":[],"video_schema_markup":"","price":"od 0 USD \/ miesi\u0105c","trial":"","benefits":[{"text":"Bezp\u0142atna pomoc w instalacji"},{"text":"Do\u015bwiadczona obs\u0142uga klienta"},{"text":"14-dniowa gwarancja zwrotu pieni\u0119dzy"}],"button_url":"#demo","button_target_blank":"0","button_nofollow":"0","attributes":[{"name":"Instaluje"},{"name":"Czu\u0142y"},{"name":"Kompatybilne przegl\u0105darki"}],"tags":[],"tags_disable_links":"0","hide_more_platforms":"0","video_object":"","demo_hide_cta":"0","demo_hide_cloud_options":"0","pricing_title":"","pricing":[{"pricing_icon":"platform","pricing_title":"Elfsight Apps","pricing_title_caption":"Oprogramowanie wieloplatformowe, kt\u00f3re dzia\u0142a na dowolnej witrynie","pricing_price":"od 0 USD \/ miesi\u0105c","pricing_price_caption":"zacznij od bezp\u0142atnego planu","pricing_benefits":[{"text":"Nielimitowane strony internetowe"},{"text":"Szybka obs\u0142uga klienta"},{"text":"Bezp\u0142atne wsparcie instalacyjne"},{"text":"100% konfigurowalny"}],"pricing_button_text":"Dodaj do witryny","pricing_button_url":"#demo"}],"related_apps_title":"","related_apps_hidden":"0","author":"","image":[],"title":"","job":"","social_networks":[]},"_links":{"self":[{"href":"https:\/\/elfsight.com\/pl\/wp-json\/wp\/v2\/pages\/6590","targetHints":{"allow":["GET"]}}],"collection":[{"href":"https:\/\/elfsight.com\/pl\/wp-json\/wp\/v2\/pages"}],"about":[{"href":"https:\/\/elfsight.com\/pl\/wp-json\/wp\/v2\/types\/page"}],"author":[{"embeddable":true,"href":"https:\/\/elfsight.com\/pl\/wp-json\/wp\/v2\/users\/9"}],"replies":[{"embeddable":true,"href":"https:\/\/elfsight.com\/pl\/wp-json\/wp\/v2\/comments?post=6590"}],"version-history":[{"count":2,"href":"https:\/\/elfsight.com\/pl\/wp-json\/wp\/v2\/pages\/6590\/revisions"}],"predecessor-version":[{"id":10172,"href":"https:\/\/elfsight.com\/pl\/wp-json\/wp\/v2\/pages\/6590\/revisions\/10172"}],"up":[{"embeddable":true,"href":"https:\/\/elfsight.com\/pl\/wp-json\/wp\/v2\/pages\/2255"}],"wp:attachment":[{"href":"https:\/\/elfsight.com\/pl\/wp-json\/wp\/v2\/media?parent=6590"}],"curies":[{"name":"wp","href":"https:\/\/api.w.org\/{rel}","templated":true}]}}