{"id":6589,"date":"2024-05-03T06:48:40","date_gmt":"2024-05-03T06:48:40","guid":{"rendered":"https:\/\/elfsight.com\/pl\/?page_id=6589"},"modified":"2025-06-20T08:52:11","modified_gmt":"2025-06-20T08:52:11","slug":"facebook","status":"publish","type":"page","link":"https:\/\/elfsight.com\/pl\/social-media-share-buttons\/facebook\/","title":{"rendered":"Social Share Buttons &#8211; Facebook Page"},"content":{"rendered":"<div class=\"application-platform-content-item-description application-platform-content-item\" id=\"description\" data-nav-section=\"description\">\n<h2>Opis<\/h2>\n<p>Prosty przycisk spo\u0142eczno\u015bciowy dla wszystkich stron, kt\u00f3ry umo\u017cliwia u\u017cytkownikom publikowanie informacji i post\u00f3w w mediach spo\u0142eczno\u015bciowych. Rozpocznij rozw\u00f3j swojej marki w sieciach spo\u0142eczno\u015bciowych i zdob\u0105d\u017a wi\u0119cej obserwuj\u0105cych i fan\u00f3w dzi\u0119ki unikalnym publikacjom na stronie osobistej.<\/p>\n<p><b>Zdob\u0105d\u017a wi\u0119cej klikni\u0119\u0107 i obserwuj\u0105cych z medi\u00f3w spo\u0142eczno\u015bciowych!<\/b><\/p>\n<\/div>\n\n<div class=\"application-platform-content-item-features application-platform-content-item\" id=\"features\" data-nav-section=\"features\">\n<h2>Funkcje<\/h2>\n<p>Co sprawia, \u017ce nasze przyciski s\u0105 najlepsze w\u015br\u00f3d wid\u017cet\u00f3w udost\u0119pniania strony na Facebooku? Poznaj nasze podstawowe punkty:<\/p>\n<ul>\n    <li>3 opcje kszta\u0142tu przycisk\u00f3w;<\/li>\n    <li>Ustaw elementy przycisk\u00f3w, kt\u00f3re maj\u0105 by\u0107 wy\u015bwietlane;<\/li>\n    <li>4 predefiniowane style przycisk\u00f3w;<\/li>\n    <li>Regulowana przezroczysto\u015b\u0107 przycisk\u00f3w;<\/li>\n    <li>Ustaw przezroczysto\u015b\u0107 efektu najechania.<\/li>\n<\/ul>\n<p><a href=\"#demo\">Wi\u0119cej funkcji w bezp\u0142atnej wersji demonstracyjnej<\/a><\/p>\n<\/div>\n\n<div class=\"application-platform-content-item-installation application-platform-content-item\" id=\"installation\" data-nav-section=\"installation\">\n<h2>Jak doda\u0107 przyciski udost\u0119pniania do strony firmowej na Facebooku<\/h2>\n<p>Kr\u00f3tki przewodnik na temat umieszczania przycisk\u00f3w bez umiej\u0119tno\u015bci programowania lub zatrudniania zdalny programista. Na wykonanie instrukcji potrzebujesz 1 minuty.<\/p>\n<ul>\n    <li><b>Skonstruuj w\u0142asny wid\u017cet Udost\u0119pnij<\/b><br>Utw\u00f3rz przyciski o preferowanym wygl\u0105dzie i cechach funkcjonalnych.<\/li>\n    <li><b>Uzyskaj osobisty kod do opublikowania wid\u017cetu<\/b><br>Po ustawieniu wid\u017cetu otrzymasz kod instalacyjny z wy\u015bwietlonego okna aplikacji Elfsight. Skopiuj go.<\/li>\n    <li><b>Dodaj przyciski do strony na Facebooku<\/b><br>Utw\u00f3rz w\u0142asn\u0105 zak\u0142adk\u0119 na Facebooku. Wpisz w zak\u0142adce kod otrzymany w aplikacji Elfsight. Je\u015bli masz jakiekolwiek problemy, po prostu zapoznaj si\u0119 z naszym przewodnikiem na stronie <a href=\"https:\/\/elfsight.com\/blog\/how-to-add-custom-tab-to-facebook-page\/\" target=\"_blank\" rel=\"noopener noreferrer\">tworzenie niestandardowej karty Facebook<\/a><\/li>\n    <li><b>Osadzanie powiod\u0142o si\u0119!<\/b><br>Odwied\u017a sklep, aby zobaczy\u0107 sw\u00f3j wid\u017cet.<\/li>\n<\/ul>\n<p>Potrzebujesz pomocy przy umieszczaniu lub ustawianiu przycisk\u00f3w spo\u0142eczno\u015bciowych? Nasz zesp\u00f3\u0142 z przyjemno\u015bci\u0105 zaoferuje rozwi\u0105zanie!<\/p>\n<\/div>","protected":false},"excerpt":{"rendered":"","protected":false},"author":9,"featured_media":0,"parent":2255,"menu_order":0,"comment_status":"closed","ping_status":"closed","template":"templates\/template-application-platform.php","meta":{"publish_to_discourse":"","publish_post_category":"","wpdc_auto_publish_overridden":"","wpdc_topic_tags":"","wpdc_pin_topic":"","wpdc_pin_until":"","discourse_post_id":"","discourse_permalink":"","wpdc_publishing_response":"","wpdc_publishing_error":"","footnotes":""},"class_list":["post-6589","page","type-page","status-publish","hentry"],"yoast_head":"<!-- This site is optimized with the Yoast SEO plugin v25.3.1 - https:\/\/yoast.com\/wordpress\/plugins\/seo\/ -->\n<title>Dodaj przyciski udost\u0119pniania spo\u0142eczno\u015bciowego do karty niestandardowej strony na Facebooku (2025)<\/title>\n<meta name=\"description\" content=\"Zainstaluj przyciski udost\u0119pniania spo\u0142eczno\u015bciowego na swojej stronie na Facebooku w ci\u0105gu kilku minut. Szybkie i proste ustawienie r\u00f3\u017cnych wtyczek stron przez Elfsight.\" \/>\n<meta name=\"robots\" content=\"index, follow, max-snippet:-1, max-image-preview:large, max-video-preview:-1\" \/>\n<link rel=\"canonical\" href=\"https:\/\/elfsight.com\/pl\/social-media-share-buttons\/facebook\/\" \/>\n<meta property=\"og:locale\" content=\"pl_PL\" \/>\n<meta property=\"og:type\" content=\"article\" \/>\n<meta property=\"og:title\" content=\"Dodaj przyciski udost\u0119pniania spo\u0142eczno\u015bciowego do karty niestandardowej strony na Facebooku (2025)\" \/>\n<meta property=\"og:description\" content=\"Zainstaluj przyciski udost\u0119pniania spo\u0142eczno\u015bciowego na swojej stronie na Facebooku w ci\u0105gu kilku minut. Szybkie i proste ustawienie r\u00f3\u017cnych wtyczek stron przez Elfsight.\" \/>\n<meta property=\"og:url\" content=\"https:\/\/elfsight.com\/pl\/social-media-share-buttons\/facebook\/\" \/>\n<meta property=\"og:site_name\" content=\"Elfsight PL\" \/>\n<meta property=\"article:modified_time\" content=\"2025-06-20T08:52:11+00:00\" \/>\n<meta name=\"twitter:card\" content=\"summary_large_image\" \/>\n<meta name=\"twitter:label1\" content=\"Szacowany czas czytania\" \/>\n\t<meta name=\"twitter:data1\" content=\"2 minuty\" \/>\n<!-- \/ Yoast SEO plugin. -->","yoast_head_json":{"title":"Dodaj przyciski udost\u0119pniania spo\u0142eczno\u015bciowego do karty niestandardowej strony na Facebooku (2025)","description":"Zainstaluj przyciski udost\u0119pniania spo\u0142eczno\u015bciowego na swojej stronie na Facebooku w ci\u0105gu kilku minut. Szybkie i proste ustawienie r\u00f3\u017cnych wtyczek stron przez Elfsight.","robots":{"index":"index","follow":"follow","max-snippet":"max-snippet:-1","max-image-preview":"max-image-preview:large","max-video-preview":"max-video-preview:-1"},"canonical":"https:\/\/elfsight.com\/pl\/social-media-share-buttons\/facebook\/","og_locale":"pl_PL","og_type":"article","og_title":"Dodaj przyciski udost\u0119pniania spo\u0142eczno\u015bciowego do karty niestandardowej strony na Facebooku (2025)","og_description":"Zainstaluj przyciski udost\u0119pniania spo\u0142eczno\u015bciowego na swojej stronie na Facebooku w ci\u0105gu kilku minut. Szybkie i proste ustawienie r\u00f3\u017cnych wtyczek stron przez Elfsight.","og_url":"https:\/\/elfsight.com\/pl\/social-media-share-buttons\/facebook\/","og_site_name":"Elfsight PL","article_modified_time":"2025-06-20T08:52:11+00:00","twitter_card":"summary_large_image","twitter_misc":{"Szacowany czas czytania":"2 minuty"},"schema":{"@context":"https:\/\/schema.org","@graph":[{"@type":"WebPage","@id":"https:\/\/elfsight.com\/pl\/social-media-share-buttons\/facebook\/","url":"https:\/\/elfsight.com\/pl\/social-media-share-buttons\/facebook\/","name":"Dodaj przyciski udost\u0119pniania spo\u0142eczno\u015bciowego do karty niestandardowej strony na Facebooku (2025)","isPartOf":{"@id":"https:\/\/elfsight.com\/pl\/#website"},"datePublished":"2024-05-03T06:48:40+00:00","dateModified":"2025-06-20T08:52:11+00:00","description":"Zainstaluj przyciski udost\u0119pniania spo\u0142eczno\u015bciowego na swojej stronie na Facebooku w ci\u0105gu kilku minut. Szybkie i proste ustawienie r\u00f3\u017cnych wtyczek stron przez Elfsight.","breadcrumb":{"@id":"https:\/\/elfsight.com\/pl\/social-media-share-buttons\/facebook\/#breadcrumb"},"inLanguage":"pl-PL","potentialAction":[{"@type":"ReadAction","target":["https:\/\/elfsight.com\/pl\/social-media-share-buttons\/facebook\/"]}]},{"@type":"BreadcrumbList","@id":"https:\/\/elfsight.com\/pl\/social-media-share-buttons\/facebook\/#breadcrumb","itemListElement":[{"@type":"ListItem","position":1,"name":"Home","item":"https:\/\/elfsight.com\/pl\/"},{"@type":"ListItem","position":2,"name":"Social Share Buttons","item":"https:\/\/elfsight.com\/pl\/social-media-share-buttons\/"},{"@type":"ListItem","position":3,"name":"Social Share Buttons &#8211; Facebook Page"}]},{"@type":"WebSite","@id":"https:\/\/elfsight.com\/pl\/#website","url":"https:\/\/elfsight.com\/pl\/","name":"Elfsight PL","description":"Just another Elfsight Sites site","potentialAction":[{"@type":"SearchAction","target":{"@type":"EntryPoint","urlTemplate":"https:\/\/elfsight.com\/pl\/?s={search_term_string}"},"query-input":{"@type":"PropertyValueSpecification","valueRequired":true,"valueName":"search_term_string"}}],"inLanguage":"pl-PL"}]}},"meta_box":{"industry":"","seo_heading":"","heading":"","description":"","cta_heading":"","cta_description":"","application":"3353","h1":"Przyciski udost\u0119pniania spo\u0142eczno\u015bciowego dla strony biznesowej na Facebooku","h1_caption":"Dodaj do swojej witryny przyciski udost\u0119pniania w mediach spo\u0142eczno\u015bciowych, umo\u017cliwiaj\u0105c odwiedzaj\u0105cym bezproblemowe udost\u0119pnianie Twoich tre\u015bci na wielu platformach w witrynie Twojej strony na Facebooku.","application_category":[],"applications_title":"","applications_request_title":"","applications_request_button_text":"","hero_text":"","hero_video":"","hero_video_schema_markup":"","selling_points_title":"","selling_points_caption":"","selling_points":[],"selling_points_cta_text":"","features_title":"","features":"","ed_cta_examples_text":"","ed_cta_examples_hidden":"","ed_cta_demo_text":"","ed_cta_demo_hidden":"","why_caption":"","why_editor_title":"","why_editor_text":"","why_team_title":"","why_team_text":"","why_service_title":"","why_service_text":"","template_catalog_visible":"0","template_catalog_title":"","template_catalog_text":"","template_catalog_categories_visible":"","demo_title":"Utw\u00f3rz wid\u017cet Przyciski udost\u0119pniania spo\u0142eczno\u015bciowego","demo_caption":"Skonfiguruj przyciski udost\u0119pniania spo\u0142eczno\u015bciowego i dodaj je za darmo do swojej strony na Facebooku!","default_faq_hidden":"","app_template_category":[],"platform":"319","template_public_id":"","codecanyon_url":"","codecanyon_item_id":"","codecanyon_price":"","pricing_caption":"","pricing_elfsight_apps_hide_column":"","pricing_elfsight_apps_url":"","pricing_codecanyon_price_caption":"","integration_category":[],"integration_request_title":"","integration_request_cta":"","integration_platform":"","integrations":[],"platform_category":[],"video_schema_markup":"","price":"od 0 USD \/ miesi\u0105c","trial":"","benefits":[{"text":"Bezp\u0142atna pomoc w instalacji"},{"text":"Skuteczna obs\u0142uga klienta"},{"text":"14-dniowa gwarancja zwrotu pieni\u0119dzy"},{"text":"Regularne bezp\u0142atne aktualizacje"}],"button_url":"#demo","button_target_blank":"0","button_nofollow":"0","attributes":[{"name":"Instaluje"},{"name":"Czu\u0142y"},{"name":"Kompatybilne przegl\u0105darki"}],"tags":[],"tags_disable_links":"0","hide_more_platforms":"0","video_object":"","demo_hide_cta":"0","demo_hide_cloud_options":"0","pricing_title":"","pricing":[{"pricing_icon":"platform","pricing_title":"Elfsight Apps","pricing_title_caption":"Wieloplatformowe rozwi\u0105zanie cyfrowe","pricing_price":"od 0 USD \/ miesi\u0105c","pricing_price_caption":"zacznij od bezp\u0142atnego planu","pricing_benefits":[{"text":"Nielimitowane domeny"},{"text":"Bezp\u0142atne i terminowe wsparcie"},{"text":"Bezp\u0142atna pomoc przy instalacji"},{"text":"W pe\u0142ni konfigurowalny"}],"pricing_button_text":"Dodaj do witryny","pricing_button_url":"#demo"}],"related_apps_title":"","related_apps_hidden":"0","author":"","image":[],"title":"","job":"","social_networks":[]},"_links":{"self":[{"href":"https:\/\/elfsight.com\/pl\/wp-json\/wp\/v2\/pages\/6589","targetHints":{"allow":["GET"]}}],"collection":[{"href":"https:\/\/elfsight.com\/pl\/wp-json\/wp\/v2\/pages"}],"about":[{"href":"https:\/\/elfsight.com\/pl\/wp-json\/wp\/v2\/types\/page"}],"author":[{"embeddable":true,"href":"https:\/\/elfsight.com\/pl\/wp-json\/wp\/v2\/users\/9"}],"replies":[{"embeddable":true,"href":"https:\/\/elfsight.com\/pl\/wp-json\/wp\/v2\/comments?post=6589"}],"version-history":[{"count":2,"href":"https:\/\/elfsight.com\/pl\/wp-json\/wp\/v2\/pages\/6589\/revisions"}],"predecessor-version":[{"id":10169,"href":"https:\/\/elfsight.com\/pl\/wp-json\/wp\/v2\/pages\/6589\/revisions\/10169"}],"up":[{"embeddable":true,"href":"https:\/\/elfsight.com\/pl\/wp-json\/wp\/v2\/pages\/2255"}],"wp:attachment":[{"href":"https:\/\/elfsight.com\/pl\/wp-json\/wp\/v2\/media?parent=6589"}],"curies":[{"name":"wp","href":"https:\/\/api.w.org\/{rel}","templated":true}]}}