{"id":6584,"date":"1970-01-01T00:00:00","date_gmt":"1970-01-01T00:00:00","guid":{"rendered":"https:\/\/elfsight.com\/pl\/?page_id=6584"},"modified":"2024-11-14T09:02:54","modified_gmt":"2024-11-14T09:02:54","slug":"woocommerce","status":"publish","type":"page","link":"https:\/\/elfsight.com\/pl\/social-media-share-buttons\/woocommerce\/","title":{"rendered":"Social Share Buttons &#8211; WooCommerce"},"content":{"rendered":"<div class=\"application-platform-content-item-description application-platform-content-item\" id=\"description\" data-nav-section=\"description\"><h2>Opis<\/h2><p>Przyciski udost\u0119pniania spo\u0142eczno\u015bciowego Elfsight to prosta wtyczka do wszystkich witryn internetowych, kt\u00f3ra pomo\u017ce odwiedzaj\u0105cym rozpowszechnia\u0107 dane, strony w jakichkolwiek sieciach spo\u0142eczno\u015bciowych. Rozpocznij reklamowanie swojej marki w mediach spo\u0142eczno\u015bciowych i zdob\u0105d\u017a wi\u0119cej obserwuj\u0105cych i czytelnik\u00f3w, korzystaj\u0105c z wysokiej jako\u015bci tre\u015bci na swojej osobistej stronie.<\/p><p><b>Zdob\u0105d\u017a dodatkowe wy\u015bwietlenia i czytelnik\u00f3w z medi\u00f3w spo\u0142eczno\u015bciowych!<\/b><\/p>[ \/application_platform_content_item] <div class=\"application-platform-content-item-features application-platform-content-item\" id=\"features\" data-nav-section=\"features\"><\/div><h2>Oferujemy cenne i szybkie funkcje, sprawd\u017a niekt\u00f3re z nich:<\/h2><ul><li>Maksymalny zasi\u0119g tre\u015bci i produkt\u00f3w w sieciach spo\u0142eczno\u015bciowych;<\/li> <li>Udost\u0119pniaj anga\u017cuj\u0105ce tre\u015bci szerszej publiczno\u015bci;<\/li><li>Zwi\u0119ksz liczb\u0119 klikni\u0119\u0107 w swojej witrynie;<\/li><li>Podw\u00f3j liczb\u0119 obserwuj\u0105cych w sieciach spo\u0142eczno\u015bciowych.<\/li><\/ul><p> <a href=\"#demo\">Pe\u0142n\u0105 funkcjonalno\u015b\u0107 wid\u017cetu znajdziesz w wersji demonstracyjnej tutaj<\/a><\/p><\/div><div class=\"application-platform-content-item-installation application-platform-content-item\" id=\"installation\" data-nav-section=\"installation\"><h2>Jak to zrobi\u0107 osadzi\u0107 przyciski udost\u0119pniania spo\u0142eczno\u015bciowego w mojej witrynie WooCommerce?<\/h2><p>Wystarczy wykona\u0107 kroki opisane poni\u017cej, aby rozpocz\u0105\u0107 prac\u0119 z narz\u0119dziem.<\/p><ol><li><b>Uruchom nasz bezp\u0142atny konfigurator i rozpocznij tworzenie swojego unikalny widget.<\/b><br>Znajd\u017a preferowany projekt i cechy narz\u0119dzia i zastosuj poprawki.<\/li><li><b>Wy\u015bwietl indywidualny kod w polu w aplikacjach Elfsight.<\/b> <br>Gdy tylko skonfigurujesz narz\u0119dzie, skopiuj ekskluzywny kod z wy\u015bwietlonego wyskakuj\u0105cego okienka i zapisz go do p\u00f3\u017aniejszego wykorzystania.<\/li><li><b>Rozpocznij korzystanie z narz\u0119dzia na stronie internetowej WooCommerce. <\/b><br>Zaimplementuj kod zapisany ostatnio na swojej stronie g\u0142\u00f3wnej i zapisz ulepszenia.<\/li><li><b>Gotowe! Instalacja zosta\u0142a pomy\u015blnie zako\u0144czona.<\/b><br>Odwied\u017a swoj\u0105 stron\u0119 internetow\u0105, aby zobaczy\u0107, jak dzia\u0142a wtyczka.<\/li><\/ol><p>Je\u015bli napotkasz jakie\u015b przeszkody, nie b\u00f3j si\u0119 napisa\u0107 do naszego wsparcia zesp\u00f3\u0142. Nasi ludzie ch\u0119tnie pomog\u0105 Ci we wszystkich problemach, jakie mo\u017cesz mie\u0107 z wtyczk\u0105.<\/p><\/div><div class=\"faq\" data-component=\"FAQ\"><div class=\"faq-item\">\r\n\t\t\t\t\t<div class=\"faq-item-question\">\r\n\t\t\t\t\t\t<h3 class=\"faq-item-question-text\"><\/h3>\r\n\r\n\t\t\t\t\t\t<div class=\"faq-item-question-icon\"><\/div>\r\n\t\t\t\t\t<\/div>\r\n\r\n\t\t\t\t\t<div class=\"faq-item-answer\">\r\n\t\t\t\t\t\t<div class=\"faq-item-answer-text\"><p>Firma Elfsight dostarcza rozwi\u0105zanie SaaS, kt\u00f3re pozwala u\u017cytkownikom samodzielnie utworzy\u0107 wtyczk\u0119 przycisk\u00f3w udost\u0119pniania spo\u0142eczno\u015bciowego. Odkryj, jak nieskomplikowany jest ten proces: <\/p><ul><li>Przejd\u017a do Demo online tworz\u0105ce wtyczk\u0119 Social Share Buttons, kt\u00f3r\u0105 chcia\u0142by\u015b zobaczy\u0107 na stronie WooCommerce.<\/li><li>Kliknij jeden z gotowych szablon\u00f3w i zmie\u0144 ustawienia Social Share Buttons, zmie\u0144 uk\u0142ad i kolorystyk\u0119, do\u0142\u0105cz swoj\u0105 tre\u015b\u0107 bez \u017cadnego do\u015bwiadczenia z kodowaniem.<\/li><li>Kliknij, aby zapisa\u0107 przyciski udost\u0119pniania spo\u0142eczno\u015bciowego i skopiuj kod do instalacji, kt\u00f3ry mo\u017cesz \u0142atwo i bezp\u0142atnie doda\u0107 na swojej stronie internetowej WooCommerce.<\/li><\/ul> <p>Dzi\u0119ki naszemu prostemu konfiguratorowi ka\u017cdy u\u017cytkownik Internetu mo\u017ce utworzy\u0107 wtyczk\u0119 Social Share Buttons online i \u0142atwo doda\u0107 j\u0105 do swojej strony g\u0142\u00f3wnej WooCommerce. Aby uzyska\u0107 dost\u0119p do Edytora Elfsight, nie trzeba p\u0142aci\u0107 ani ujawnia\u0107 danych uwierzytelniaj\u0105cych karty. Je\u015bli napotkasz jakiekolwiek przeszkody, nie wahaj si\u0119 skontaktowa\u0107 z naszym personelem pomocy technicznej.<\/p><\/div>\r\n\t\t\t\t\t<\/div>\r\n\t\t\t\t<\/div><\/div>","protected":false},"excerpt":{"rendered":"","protected":false},"author":9,"featured_media":0,"parent":2255,"menu_order":0,"comment_status":"closed","ping_status":"closed","template":"templates\/template-application-platform.php","meta":{"publish_to_discourse":"","publish_post_category":"","wpdc_auto_publish_overridden":"","wpdc_topic_tags":"","wpdc_pin_topic":"","wpdc_pin_until":"","discourse_post_id":"","discourse_permalink":"","wpdc_publishing_response":"","wpdc_publishing_error":"","footnotes":""},"class_list":["post-6584","page","type-page","status-publish","hentry"],"yoast_head":"<!-- This site is optimized with the Yoast SEO plugin v25.3.1 - https:\/\/yoast.com\/wordpress\/plugins\/seo\/ -->\n<title>Wtyczka WooCommerce Social Share Buttons dla Twojej witryny (2025)<\/title>\n<meta name=\"description\" content=\"Zintegruj przyciski udost\u0119pniania spo\u0142eczno\u015bciowego na swojej stronie WooCommerce tylko w kilka minut. Natychmiastowe i \u0142atwe ustawienie dowolnych wtyczek internetowych przez Elfsight.\" \/>\n<meta name=\"robots\" content=\"index, follow, max-snippet:-1, max-image-preview:large, max-video-preview:-1\" \/>\n<link rel=\"canonical\" href=\"https:\/\/elfsight.com\/pl\/social-media-share-buttons\/woocommerce\/\" \/>\n<meta property=\"og:locale\" content=\"pl_PL\" \/>\n<meta property=\"og:type\" content=\"article\" \/>\n<meta property=\"og:title\" content=\"Wtyczka WooCommerce Social Share Buttons dla Twojej witryny (2025)\" \/>\n<meta property=\"og:description\" content=\"Zintegruj przyciski udost\u0119pniania spo\u0142eczno\u015bciowego na swojej stronie WooCommerce tylko w kilka minut. Natychmiastowe i \u0142atwe ustawienie dowolnych wtyczek internetowych przez Elfsight.\" \/>\n<meta property=\"og:url\" content=\"https:\/\/elfsight.com\/pl\/social-media-share-buttons\/woocommerce\/\" \/>\n<meta property=\"og:site_name\" content=\"Elfsight PL\" \/>\n<meta property=\"article:modified_time\" content=\"2024-11-14T09:02:54+00:00\" \/>\n<meta name=\"twitter:card\" content=\"summary_large_image\" \/>\n<meta name=\"twitter:label1\" content=\"Szacowany czas czytania\" \/>\n\t<meta name=\"twitter:data1\" content=\"2 minuty\" \/>\n<!-- \/ Yoast SEO plugin. -->","yoast_head_json":{"title":"Wtyczka WooCommerce Social Share Buttons dla Twojej witryny (2025)","description":"Zintegruj przyciski udost\u0119pniania spo\u0142eczno\u015bciowego na swojej stronie WooCommerce tylko w kilka minut. Natychmiastowe i \u0142atwe ustawienie dowolnych wtyczek internetowych przez Elfsight.","robots":{"index":"index","follow":"follow","max-snippet":"max-snippet:-1","max-image-preview":"max-image-preview:large","max-video-preview":"max-video-preview:-1"},"canonical":"https:\/\/elfsight.com\/pl\/social-media-share-buttons\/woocommerce\/","og_locale":"pl_PL","og_type":"article","og_title":"Wtyczka WooCommerce Social Share Buttons dla Twojej witryny (2025)","og_description":"Zintegruj przyciski udost\u0119pniania spo\u0142eczno\u015bciowego na swojej stronie WooCommerce tylko w kilka minut. Natychmiastowe i \u0142atwe ustawienie dowolnych wtyczek internetowych przez Elfsight.","og_url":"https:\/\/elfsight.com\/pl\/social-media-share-buttons\/woocommerce\/","og_site_name":"Elfsight PL","article_modified_time":"2024-11-14T09:02:54+00:00","twitter_card":"summary_large_image","twitter_misc":{"Szacowany czas czytania":"2 minuty"},"schema":{"@context":"https:\/\/schema.org","@graph":[{"@type":"WebPage","@id":"https:\/\/elfsight.com\/pl\/social-media-share-buttons\/woocommerce\/","url":"https:\/\/elfsight.com\/pl\/social-media-share-buttons\/woocommerce\/","name":"Wtyczka WooCommerce Social Share Buttons dla Twojej witryny (2025)","isPartOf":{"@id":"https:\/\/elfsight.com\/pl\/#website"},"datePublished":"1970-01-01T00:00:00+00:00","dateModified":"2024-11-14T09:02:54+00:00","description":"Zintegruj przyciski udost\u0119pniania spo\u0142eczno\u015bciowego na swojej stronie WooCommerce tylko w kilka minut. Natychmiastowe i \u0142atwe ustawienie dowolnych wtyczek internetowych przez Elfsight.","breadcrumb":{"@id":"https:\/\/elfsight.com\/pl\/social-media-share-buttons\/woocommerce\/#breadcrumb"},"inLanguage":"pl-PL","potentialAction":[{"@type":"ReadAction","target":["https:\/\/elfsight.com\/pl\/social-media-share-buttons\/woocommerce\/"]}]},{"@type":"BreadcrumbList","@id":"https:\/\/elfsight.com\/pl\/social-media-share-buttons\/woocommerce\/#breadcrumb","itemListElement":[{"@type":"ListItem","position":1,"name":"Home","item":"https:\/\/elfsight.com\/pl\/"},{"@type":"ListItem","position":2,"name":"Social Share Buttons","item":"https:\/\/elfsight.com\/pl\/social-media-share-buttons\/"},{"@type":"ListItem","position":3,"name":"Social Share Buttons &#8211; WooCommerce"}]},{"@type":"WebSite","@id":"https:\/\/elfsight.com\/pl\/#website","url":"https:\/\/elfsight.com\/pl\/","name":"Elfsight PL","description":"Just another Elfsight Sites site","potentialAction":[{"@type":"SearchAction","target":{"@type":"EntryPoint","urlTemplate":"https:\/\/elfsight.com\/pl\/?s={search_term_string}"},"query-input":{"@type":"PropertyValueSpecification","valueRequired":true,"valueName":"search_term_string"}}],"inLanguage":"pl-PL"}]}},"meta_box":{"industry":"","seo_heading":"","heading":"","description":"","cta_heading":"","cta_description":"","application":"3353","h1":"WooCommerce","h1_caption":"Dodaj przyciski udost\u0119pniania w mediach spo\u0142eczno\u015bciowych do swojej witryny, umo\u017cliwiaj\u0105c odwiedzaj\u0105cym bezproblemowe udost\u0119pnianie tre\u015bci na wielu platformach w Twojej witrynie WooCommerce.","application_category":[],"applications_title":"","applications_request_title":"","applications_request_button_text":"","hero_text":"","hero_video":"","hero_video_schema_markup":"","selling_points_title":"","selling_points_caption":"","selling_points":[],"selling_points_cta_text":"","features_title":"","features":"","ed_cta_examples_text":"","ed_cta_examples_hidden":"","ed_cta_demo_text":"","ed_cta_demo_hidden":"","why_caption":"","why_editor_title":"","why_editor_text":"","why_team_title":"","why_team_text":"","why_service_title":"","why_service_text":"","template_catalog_visible":"","template_catalog_title":"","template_catalog_text":"","template_catalog_categories_visible":"","demo_title":"Utw\u00f3rz aplikacj\u0119 z przyciskami udost\u0119pniania spo\u0142eczno\u015bciowego","demo_caption":"Skonfiguruj przyciski udost\u0119pniania spo\u0142eczno\u015bciowego i dodaj je do swojej witryny WooCommerce za darmo!","default_faq_hidden":"","app_template_category":[],"platform":"335","template_public_id":"","codecanyon_url":"","codecanyon_item_id":"","codecanyon_price":"","pricing_caption":"","pricing_elfsight_apps_hide_column":"","pricing_elfsight_apps_url":"","pricing_codecanyon_price_caption":"","integration_category":[],"integration_request_title":"","integration_request_cta":"","integration_platform":"","integrations":[],"platform_category":[],"video_schema_markup":"","price":"od 0 USD \/ miesi\u0105c","trial":"","benefits":[{"text":"Bezp\u0142atna pomoc w monta\u017cu"},{"text":"Do\u015bwiadczona obs\u0142uga klienta"},{"text":"14-dniowa gwarancja zwrotu pieni\u0119dzy"}],"button_url":"#demo","button_target_blank":"","button_nofollow":"","attributes":[{"name":"Instaluje"},{"name":"Czu\u0142y"},{"name":"Kompatybilne przegl\u0105darki"}],"tags":[],"tags_disable_links":"","hide_more_platforms":"","video_object":"","demo_hide_cta":"","demo_hide_cloud_options":"","pricing_title":"","pricing":[{"pricing_icon":"platform","pricing_title":"Elfsight Apps","pricing_title_caption":"Aplikacje Elfsight Rozwi\u0105zanie wieloplatformowe, kt\u00f3re pasuje do ka\u017cdej witryny","pricing_price":"od 0 USD \/ miesi\u0105c","pricing_price_caption":"zacznij od bezp\u0142atnego planu","pricing_benefits":[{"text":"Nielimitowane domeny"},{"text":"Ca\u0142odobowe wsparcie i dobrze udokumentowane"},{"text":"Bezp\u0142atna pomoc w instalacji"},{"text":"Elastyczny projekt"}],"pricing_button_text":"Dodaj do witryny","pricing_button_url":"#demo"}],"related_apps_title":"","related_apps_hidden":"","author":"","image":[],"title":"","job":"","social_networks":[]},"_links":{"self":[{"href":"https:\/\/elfsight.com\/pl\/wp-json\/wp\/v2\/pages\/6584","targetHints":{"allow":["GET"]}}],"collection":[{"href":"https:\/\/elfsight.com\/pl\/wp-json\/wp\/v2\/pages"}],"about":[{"href":"https:\/\/elfsight.com\/pl\/wp-json\/wp\/v2\/types\/page"}],"author":[{"embeddable":true,"href":"https:\/\/elfsight.com\/pl\/wp-json\/wp\/v2\/users\/9"}],"replies":[{"embeddable":true,"href":"https:\/\/elfsight.com\/pl\/wp-json\/wp\/v2\/comments?post=6584"}],"version-history":[{"count":1,"href":"https:\/\/elfsight.com\/pl\/wp-json\/wp\/v2\/pages\/6584\/revisions"}],"predecessor-version":[{"id":6588,"href":"https:\/\/elfsight.com\/pl\/wp-json\/wp\/v2\/pages\/6584\/revisions\/6588"}],"up":[{"embeddable":true,"href":"https:\/\/elfsight.com\/pl\/wp-json\/wp\/v2\/pages\/2255"}],"wp:attachment":[{"href":"https:\/\/elfsight.com\/pl\/wp-json\/wp\/v2\/media?parent=6584"}],"curies":[{"name":"wp","href":"https:\/\/api.w.org\/{rel}","templated":true}]}}