{"id":6581,"date":"1970-01-01T00:00:00","date_gmt":"1970-01-01T00:00:00","guid":{"rendered":"https:\/\/elfsight.com\/pl\/?page_id=6581"},"modified":"2024-10-25T11:54:50","modified_gmt":"2024-10-25T11:54:50","slug":"godaddy","status":"publish","type":"page","link":"https:\/\/elfsight.com\/pl\/social-media-share-buttons\/godaddy\/","title":{"rendered":"Social Share buttons &#8211; GoDaddy"},"content":{"rendered":"<div class=\"application-platform-content-item-description application-platform-content-item\" id=\"description\" data-nav-section=\"description\"> <h2>Osadzaj przyciski udost\u0119pniania spo\u0142eczno\u015bciowego w GoDaddy za pomoc\u0105 wid\u017cetu Elfsight<\/h2> <p>Szybkie i proste wstawianie przycisk\u00f3w udost\u0119pniania z r\u00f3\u017cnych medi\u00f3w spo\u0142eczno\u015bciowych, komunikatory i wiele innych zasob\u00f3w multimedialnych na stronie internetowej, w celu \u0142atwego udost\u0119pniania tre\u015bci. Nie musisz traci\u0107 czasu na przygotowywanie logo i dostosowywanie szablonu witryny &#8211; skorzystaj z gotowej wtyczki do GoDaddy stworzonej przez Elfsight.<\/p> <p><b>Popraw SEO witryny, przyci\u0105gaj\u0105c nowych odwiedzaj\u0105cych witryn\u0119 za po\u015brednictwem medi\u00f3w spo\u0142eczno\u015bciowych!<\/b> <\/p> <\/div> <div class=\"application-platform-content-item-features application-platform-content-item\" id=\"features\" data-nav-section=\"features\"> <h2>Znajd\u017a poni\u017cej podstawowe funkcje wtyczki: <\/h2> <ul><li>Ponad 40 wbudowanych sieci spo\u0142eczno\u015bciowych<\/li><li>Miejsce nieograniczona liczba przycisk\u00f3w<\/li><li>Duplikuj i zmieniaj kolejno\u015b\u0107 przycisk\u00f3w tak, jak potrzebujesz<\/li><li>Regulowany rozmiar rynny<\/li><li>Ustaw dowoln\u0105 liczb\u0119 kolumn, aby uporz\u0105dkowa\u0107 przyciski<\/li> <\/ul><p><a href=\"#demo\">Odkryj wszystkie funkcje personalizacji w 100% funkcjonalnej wersji demonstracyjnej<\/a><\/p> <\/div> <div class=\"application-platform-content-item-installation application-platform-content-item\" id=\"installation\" data-nav-section=\"installation\"> <h2>Jak czy mog\u0119 doda\u0107 przyciski udost\u0119pniania spo\u0142eczno\u015bciowego w mojej witrynie GoDaddy? <\/h2> <p>Wystarczy zastosowa\u0107 si\u0119 do poni\u017cszych instrukcji, aby zintegrowa\u0107 narz\u0119dzie. <\/p> <ol><li><b>Otw\u00f3rz nasz darmowy edytor i zacznij tworzy\u0107 w\u0142asn\u0105 wtyczk\u0119. <\/b><br> Znajd\u017a niestandardowy uk\u0142ad i specyfikacje wtyczki i zapisz zmiany. <\/li> <li><b>Zdob\u0105d\u017a indywidualny kod widoczny w oknie aplikacji Elfsight. <\/b><br> Po zako\u0144czeniu tworzenia Twojego osobistego narz\u0119dzia skopiuj ekskluzywny kod z wy\u015bwietlonego wyskakuj\u0105cego okienka i zapisz go do p\u00f3\u017aniejszego wykorzystania. <\/li> <li><b>Rozpocznij korzystanie z wtyczki na swojej stronie internetowej GoDaddy. <\/b><br> Wprowad\u017a skopiowany wcze\u015bniej kod na swoj\u0105 stron\u0119 internetow\u0105 i zapisz poprawki. <\/li> <li><b>Instalacja zosta\u0142a ca\u0142kowicie zako\u0144czona. <\/b><br> Odwied\u017a swoj\u0105 stron\u0119 internetow\u0105, aby zobaczy\u0107 w akcji dzia\u0142anie wtyczki. <\/li><\/ol> <div class=\"tip-yellow tip\"><b>Ze wzgl\u0119du na specyfik\u0119 wy\u015bwietlania niestandardowych wstawek z kodem, p\u0142ywaj\u0105ce szablony mog\u0105 wygl\u0105da\u0107 inaczej ni\u017c wersja demonstracyjna online. Po\u015bwi\u0119\u0107 troch\u0119 czasu na przetestowanie swoich wid\u017cet\u00f3w.<\/b><\/div><p>Je\u015bli masz pytania lub napotkasz jakiekolwiek przeszkody, napisz do naszego personelu pomocy technicznej. Nasi specjali\u015bci ch\u0119tnie rozwi\u0105\u017c\u0105 wszystkie problemy, jakie mo\u017cesz mie\u0107 z wtyczk\u0105. <\/p> <\/div><div class=\"faq\" data-component=\"FAQ\"><div class=\"faq-item\">\r\n\t\t\t\t\t<div class=\"faq-item-question\">\r\n\t\t\t\t\t\t<h3 class=\"faq-item-question-text\">W jaki spos\u00f3b mog\u0119 doda\u0107 przyciski udost\u0119pniania spo\u0142eczno\u015bciowego do mojej strony g\u0142\u00f3wnej GoDaddy bez kodowania?<\/h3>\r\n\r\n\t\t\t\t\t\t<div class=\"faq-item-question-icon\"><\/div>\r\n\t\t\t\t\t<\/div>\r\n\r\n\t\t\t\t\t<div class=\"faq-item-answer\">\r\n\t\t\t\t\t\t<div class=\"faq-item-answer-text\"><p>Firma Elfsight udost\u0119pnia rozwi\u0105zanie SaaS, kt\u00f3re umo\u017cliwia u\u017cytkownikowi samodzielne wygenerowanie wid\u017cetu przycisk\u00f3w udost\u0119pniania spo\u0142eczno\u015bciowego. Zobacz proste instrukcje: <\/p><ul><li>Przejd\u017a do wersji demonstracyjnej online, aby utworzy\u0107 wtyczk\u0119 przycisk\u00f3w udost\u0119pniania spo\u0142eczno\u015bciowego, kt\u00f3ra ma by\u0107 wy\u015bwietlana w witrynie GoDaddy .<\/li><li>Wybierz jeden z gotowych szablon\u00f3w i dostosuj ustawienia przycisk\u00f3w udost\u0119pniania spo\u0142eczno\u015bciowego, do\u0142\u0105cz swoj\u0105 tre\u015b\u0107, zmieniaj uk\u0142ad i kolory bez kodowania.<\/li><li>Zapisz przyciski udost\u0119pniania spo\u0142eczno\u015bciowego i uzyskaj kod instalacyjny wid\u017cetu , kt\u00f3re mo\u017cesz \u0142atwo umie\u015bci\u0107 na stronie g\u0142\u00f3wnej GoDaddy, korzystaj\u0105c z bezp\u0142atnego planu.<\/li><\/ul><p>Dzi\u0119ki przyjaznemu dla u\u017cytkownika konfiguratorowi ka\u017cdy u\u017cytkownik Internetu mo\u017ce wygenerowa\u0107 wid\u017cet Przyciski udost\u0119pniania spo\u0142eczno\u015bciowego i po prostu wklei\u0107 go na swojej witrynie GoDaddy. Aby uzyska\u0107 dost\u0119p do naszego Edytora, nie mo\u017cesz wykupi\u0107 p\u0142atnej subskrypcji ani ujawni\u0107 danych uwierzytelniaj\u0105cych swojej karty. Je\u015bli napotkasz jakiekolwiek przeszkody, skontaktuj si\u0119 z naszym zespo\u0142em pomocy technicznej.<\/p><\/div>\r\n\t\t\t\t\t<\/div>\r\n\t\t\t\t<\/div><\/div>","protected":false},"excerpt":{"rendered":"","protected":false},"author":9,"featured_media":0,"parent":2255,"menu_order":0,"comment_status":"closed","ping_status":"closed","template":"templates\/template-application-platform.php","meta":{"publish_to_discourse":"","publish_post_category":"","wpdc_auto_publish_overridden":"","wpdc_topic_tags":"","wpdc_pin_topic":"","wpdc_pin_until":"","discourse_post_id":"","discourse_permalink":"","wpdc_publishing_response":"","wpdc_publishing_error":"","footnotes":""},"class_list":["post-6581","page","type-page","status-publish","hentry"],"yoast_head":"<!-- This site is optimized with the Yoast SEO plugin v25.3.1 - https:\/\/yoast.com\/wordpress\/plugins\/seo\/ -->\n<title>Przyciski udost\u0119pniania spo\u0142eczno\u015bciowego \u2014 dodaj wtyczk\u0119 przycisk\u00f3w udost\u0119pniania do witryny GoDaddy!<\/title>\n<meta name=\"description\" content=\"Dotrzyj do wi\u0119kszej liczby potencjalnych klient\u00f3w dzi\u0119ki p\u0142ynnemu udost\u0119pnianiu w swojej witrynie. U\u017cyj wtyczki Elfsight Social Share Buttons dla GoDaddy!\" \/>\n<meta name=\"robots\" content=\"index, follow, max-snippet:-1, max-image-preview:large, max-video-preview:-1\" \/>\n<link rel=\"canonical\" href=\"https:\/\/elfsight.com\/pl\/social-media-share-buttons\/godaddy\/\" \/>\n<meta property=\"og:locale\" content=\"pl_PL\" \/>\n<meta property=\"og:type\" content=\"article\" \/>\n<meta property=\"og:title\" content=\"Przyciski udost\u0119pniania spo\u0142eczno\u015bciowego \u2014 dodaj wtyczk\u0119 przycisk\u00f3w udost\u0119pniania do witryny GoDaddy!\" \/>\n<meta property=\"og:description\" content=\"Dotrzyj do wi\u0119kszej liczby potencjalnych klient\u00f3w dzi\u0119ki p\u0142ynnemu udost\u0119pnianiu w swojej witrynie. U\u017cyj wtyczki Elfsight Social Share Buttons dla GoDaddy!\" \/>\n<meta property=\"og:url\" content=\"https:\/\/elfsight.com\/pl\/social-media-share-buttons\/godaddy\/\" \/>\n<meta property=\"og:site_name\" content=\"Elfsight PL\" \/>\n<meta property=\"article:modified_time\" content=\"2024-10-25T11:54:50+00:00\" \/>\n<meta name=\"twitter:card\" content=\"summary_large_image\" \/>\n<meta name=\"twitter:label1\" content=\"Szacowany czas czytania\" \/>\n\t<meta name=\"twitter:data1\" content=\"3 minuty\" \/>\n<!-- \/ Yoast SEO plugin. -->","yoast_head_json":{"title":"Przyciski udost\u0119pniania spo\u0142eczno\u015bciowego \u2014 dodaj wtyczk\u0119 przycisk\u00f3w udost\u0119pniania do witryny GoDaddy!","description":"Dotrzyj do wi\u0119kszej liczby potencjalnych klient\u00f3w dzi\u0119ki p\u0142ynnemu udost\u0119pnianiu w swojej witrynie. U\u017cyj wtyczki Elfsight Social Share Buttons dla GoDaddy!","robots":{"index":"index","follow":"follow","max-snippet":"max-snippet:-1","max-image-preview":"max-image-preview:large","max-video-preview":"max-video-preview:-1"},"canonical":"https:\/\/elfsight.com\/pl\/social-media-share-buttons\/godaddy\/","og_locale":"pl_PL","og_type":"article","og_title":"Przyciski udost\u0119pniania spo\u0142eczno\u015bciowego \u2014 dodaj wtyczk\u0119 przycisk\u00f3w udost\u0119pniania do witryny GoDaddy!","og_description":"Dotrzyj do wi\u0119kszej liczby potencjalnych klient\u00f3w dzi\u0119ki p\u0142ynnemu udost\u0119pnianiu w swojej witrynie. U\u017cyj wtyczki Elfsight Social Share Buttons dla GoDaddy!","og_url":"https:\/\/elfsight.com\/pl\/social-media-share-buttons\/godaddy\/","og_site_name":"Elfsight PL","article_modified_time":"2024-10-25T11:54:50+00:00","twitter_card":"summary_large_image","twitter_misc":{"Szacowany czas czytania":"3 minuty"},"schema":{"@context":"https:\/\/schema.org","@graph":[{"@type":"WebPage","@id":"https:\/\/elfsight.com\/pl\/social-media-share-buttons\/godaddy\/","url":"https:\/\/elfsight.com\/pl\/social-media-share-buttons\/godaddy\/","name":"Przyciski udost\u0119pniania spo\u0142eczno\u015bciowego \u2014 dodaj wtyczk\u0119 przycisk\u00f3w udost\u0119pniania do witryny GoDaddy!","isPartOf":{"@id":"https:\/\/elfsight.com\/pl\/#website"},"datePublished":"1970-01-01T00:00:00+00:00","dateModified":"2024-10-25T11:54:50+00:00","description":"Dotrzyj do wi\u0119kszej liczby potencjalnych klient\u00f3w dzi\u0119ki p\u0142ynnemu udost\u0119pnianiu w swojej witrynie. U\u017cyj wtyczki Elfsight Social Share Buttons dla GoDaddy!","breadcrumb":{"@id":"https:\/\/elfsight.com\/pl\/social-media-share-buttons\/godaddy\/#breadcrumb"},"inLanguage":"pl-PL","potentialAction":[{"@type":"ReadAction","target":["https:\/\/elfsight.com\/pl\/social-media-share-buttons\/godaddy\/"]}]},{"@type":"BreadcrumbList","@id":"https:\/\/elfsight.com\/pl\/social-media-share-buttons\/godaddy\/#breadcrumb","itemListElement":[{"@type":"ListItem","position":1,"name":"Home","item":"https:\/\/elfsight.com\/pl\/"},{"@type":"ListItem","position":2,"name":"Social Share Buttons","item":"https:\/\/elfsight.com\/pl\/social-media-share-buttons\/"},{"@type":"ListItem","position":3,"name":"Social Share buttons &#8211; GoDaddy"}]},{"@type":"WebSite","@id":"https:\/\/elfsight.com\/pl\/#website","url":"https:\/\/elfsight.com\/pl\/","name":"Elfsight PL","description":"Just another Elfsight Sites site","potentialAction":[{"@type":"SearchAction","target":{"@type":"EntryPoint","urlTemplate":"https:\/\/elfsight.com\/pl\/?s={search_term_string}"},"query-input":{"@type":"PropertyValueSpecification","valueRequired":true,"valueName":"search_term_string"}}],"inLanguage":"pl-PL"}]}},"meta_box":{"industry":"","seo_heading":"","heading":"","description":"","cta_heading":"","cta_description":"","application":"3353","h1":"Wtyczka GoDaddy Social Share Buttons","h1_caption":"Dodaj do swojej witryny przyciski udost\u0119pniania w mediach spo\u0142eczno\u015bciowych, umo\u017cliwiaj\u0105c odwiedzaj\u0105cym bezproblemowe udost\u0119pnianie Twoich tre\u015bci na wielu platformach w witrynie GoDaddy.","application_category":[],"applications_title":"","applications_request_title":"","applications_request_button_text":"","hero_text":"","hero_video":"","hero_video_schema_markup":"","selling_points_title":"","selling_points_caption":"","selling_points":[],"selling_points_cta_text":"","features_title":"","features":"","ed_cta_examples_text":"","ed_cta_examples_hidden":"","ed_cta_demo_text":"","ed_cta_demo_hidden":"","why_caption":"","why_editor_title":"","why_editor_text":"","why_team_title":"","why_team_text":"","why_service_title":"","why_service_text":"","template_catalog_visible":"","template_catalog_title":"","template_catalog_text":"","template_catalog_categories_visible":"","demo_title":"Pospiesz si\u0119, aby utworzy\u0107 niestandardowe przyciski udost\u0119pniania spo\u0142eczno\u015bciowego GoDaddy","demo_caption":"Dostosuj go i zaimplementuj wtyczk\u0119 na swojej stronie internetowej, korzystaj\u0105c z wersji demonstracyjnej na \u017cywo.","default_faq_hidden":"","app_template_category":[],"platform":"180","template_public_id":"","codecanyon_url":"","codecanyon_item_id":"","codecanyon_price":"","pricing_caption":"","pricing_elfsight_apps_hide_column":"","pricing_elfsight_apps_url":"","pricing_codecanyon_price_caption":"","integration_category":[],"integration_request_title":"","integration_request_cta":"","integration_platform":"","integrations":[],"platform_category":[],"video_schema_markup":"","price":"od 0 USD \/ miesi\u0105c","trial":"","benefits":[{"text":"Bezp\u0142atna us\u0142uga monta\u017cu"},{"text":"Wsparcie premium"},{"text":"14-dniowa gwarancja zwrotu pieni\u0119dzy"}],"button_url":"#demo","button_target_blank":"","button_nofollow":"","attributes":[{"name":"Instaluje"},{"name":"Czu\u0142y"},{"name":"Kompatybilne przegl\u0105darki"}],"tags":[],"tags_disable_links":"","hide_more_platforms":"","video_object":"","demo_hide_cta":"","demo_hide_cloud_options":"","pricing_title":"","pricing":[{"pricing_icon":"platform","pricing_title":"Elfsight Apps","pricing_title_caption":"Oprogramowanie wieloplatformowe, kt\u00f3re pasuje do ka\u017cdej witryny","pricing_price":"od 0 USD \/ miesi\u0105c","pricing_price_caption":"zacznij od bezp\u0142atnego planu","pricing_benefits":[{"text":"Nielimitowane domeny"},{"text":"Bezp\u0142atna obs\u0142uga klienta"},{"text":"Bezp\u0142atna us\u0142uga monta\u017cu"},{"text":"W pe\u0142ni konfigurowalny"}],"pricing_button_text":"Dodaj do witryny","pricing_button_url":"#demo"}],"related_apps_title":"","related_apps_hidden":"","author":"","image":[],"title":"","job":"","social_networks":[]},"_links":{"self":[{"href":"https:\/\/elfsight.com\/pl\/wp-json\/wp\/v2\/pages\/6581","targetHints":{"allow":["GET"]}}],"collection":[{"href":"https:\/\/elfsight.com\/pl\/wp-json\/wp\/v2\/pages"}],"about":[{"href":"https:\/\/elfsight.com\/pl\/wp-json\/wp\/v2\/types\/page"}],"author":[{"embeddable":true,"href":"https:\/\/elfsight.com\/pl\/wp-json\/wp\/v2\/users\/9"}],"replies":[{"embeddable":true,"href":"https:\/\/elfsight.com\/pl\/wp-json\/wp\/v2\/comments?post=6581"}],"version-history":[{"count":1,"href":"https:\/\/elfsight.com\/pl\/wp-json\/wp\/v2\/pages\/6581\/revisions"}],"predecessor-version":[{"id":6585,"href":"https:\/\/elfsight.com\/pl\/wp-json\/wp\/v2\/pages\/6581\/revisions\/6585"}],"up":[{"embeddable":true,"href":"https:\/\/elfsight.com\/pl\/wp-json\/wp\/v2\/pages\/2255"}],"wp:attachment":[{"href":"https:\/\/elfsight.com\/pl\/wp-json\/wp\/v2\/media?parent=6581"}],"curies":[{"name":"wp","href":"https:\/\/api.w.org\/{rel}","templated":true}]}}