{"id":6576,"date":"1970-01-01T00:00:00","date_gmt":"1970-01-01T00:00:00","guid":{"rendered":"https:\/\/elfsight.com\/pl\/?page_id=6576"},"modified":"2024-10-25T11:54:26","modified_gmt":"2024-10-25T11:54:26","slug":"prestashop","status":"publish","type":"page","link":"https:\/\/elfsight.com\/pl\/social-media-share-buttons\/prestashop\/","title":{"rendered":"Social Share Buttons &#8211; PrestaShop"},"content":{"rendered":"<div class=\"application-platform-content-item-description application-platform-content-item\" id=\"description\" data-nav-section=\"description\"> <h2>Opis<\/h2> <p>Szybka i prosta integracja przycisk\u00f3w udost\u0119pniania wszystkich popularnych medi\u00f3w spo\u0142eczno\u015bciowych, komunikator\u00f3w i innych zasob\u00f3w medialnych na swoj\u0105 witryn\u0119 internetow\u0105 w celu rozpowszechniania jakichkolwiek tre\u015bci. Nie musisz traci\u0107 czasu na projektowanie logo i dostosowywanie szablonu witryny &#8211; skorzystaj z w 100% gotowego rozwi\u0105zania stworzonego przez Elfsight. <\/p> <p><b>Dzi\u0119ki przyciskom udost\u0119pniania spo\u0142eczno\u015bciowego mo\u017cesz zapewni\u0107 solidny rozw\u00f3j biznesu i wy\u017csz\u0105 sprzeda\u017c <\/b><\/p> <\/div> <div class=\"application-platform-content-item-features application-platform-content-item\" id=\"features\" data-nav-section=\"features\"> <h2>Wid\u017cet oferuje praktyczne i \u0142atwe funkcje, oto niekt\u00f3re z nich: <\/h2> <ul><li>Ponad 40 wbudowanych sieci spo\u0142eczno\u015bciowych<\/li><li>2 uk\u0142ady: p\u0142ywaj\u0105cy i wbudowany<\/li><li>Umie\u015b\u0107 nieograniczon\u0105 liczb\u0119 przycisk\u00f3w<\/li><li>Duplikuj i zmieniaj kolejno\u015b\u0107 przycisk\u00f3w wed\u0142ug potrzeb<\/li><li>Edytowalny tekst przycisku<\/li><li>Ustaw szeroko\u015b\u0107 przycisku <\/li><li>3 opcje kszta\u0142tu przycisku<\/li> <li>Ustaw elementy przycisk\u00f3w, kt\u00f3re maj\u0105 by\u0107 wy\u015bwietlane<\/li><li>4 predefiniowane style przycisk\u00f3w<\/li><li>Regulowana przezroczysto\u015b\u0107 przycisk\u00f3w<\/li><li>Dost\u0119pnych pi\u0119\u0107 typ\u00f3w animacji<\/li><\/ul> <p><a href=\"#demo\">Mo\u017cesz sprawdzi\u0107, czy wid\u017cet jest dla Ciebie, korzystaj\u0105c z wersji demonstracyjnej<\/a><\/p> <\/div> <div class=\"application-platform-content-item-installation application-platform-content-item\" id=\"installation\" data-nav-section=\"installation\"> <h2>Jak doda\u0107 Przyciski udost\u0119pniania spo\u0142eczno\u015bciowego na mojej stronie PrestaShop? <\/h2> <p>Wystarczy wykona\u0107 poni\u017csze kroki, aby zintegrowa\u0107 widget. <\/p> <ol><li><b>Uruchom nasz darmowy konfigurator i zacznij tworzy\u0107 w\u0142asny dodatek. <\/b><br> Okre\u015bl po\u017c\u0105dany uk\u0142ad i cechy wid\u017cetu i zastosuj zmiany. <\/li> <li><b>Odbierz unikalny kod pojawiaj\u0105cy si\u0119 w polu aplikacji Elfsight. <\/b><br> Po zako\u0144czeniu konfiguracji Twojego narz\u0119dzia osobistego skopiuj kod osobisty z wyskakuj\u0105cego okienka i zachowaj go na p\u00f3\u017aniej. <\/li> <li><b>Rozpocznij korzystanie z narz\u0119dzia na swojej stronie PrestaShop. <\/b><br> Zaimplementuj zapisany wcze\u015bniej kod na swojej stronie g\u0142\u00f3wnej i zastosuj modyfikacje. <\/li> <li><b>Konfiguracja zosta\u0142a w pe\u0142ni przeprowadzona. <\/b><br> Odwied\u017a swoj\u0105 stron\u0119, aby sprawdzi\u0107, jak dzia\u0142a dodatek. <\/li><\/ol> <p>W przypadku pyta\u0144 lub problem\u00f3w prosimy o kontakt z naszym dzia\u0142em obs\u0142ugi klienta. Nasi specjali\u015bci ch\u0119tnie odpowiedz\u0105 na wszystkie pytania dotycz\u0105ce dodatku. <\/p> <\/div><div class=\"faq\" data-component=\"FAQ\"><div class=\"faq-item\">\r\n\t\t\t\t\t<div class=\"faq-item-question\">\r\n\t\t\t\t\t\t<h3 class=\"faq-item-question-text\">Jak mog\u0119 osadzi\u0107 przyciski udost\u0119pniania spo\u0142eczno\u015bciowego na mojej stronie PrestaShop bez umiej\u0119tno\u015bci kodowania?<\/h3>\r\n\r\n\t\t\t\t\t\t<div class=\"faq-item-question-icon\"><\/div>\r\n\t\t\t\t\t<\/div>\r\n\r\n\t\t\t\t\t<div class=\"faq-item-answer\">\r\n\t\t\t\t\t\t<div class=\"faq-item-answer-text\"><p>Firma Elfsight przedstawia rozwi\u0105zanie w chmurze, kt\u00f3re umo\u017cliwia szerokiemu gronu odbiorc\u00f3w samodzielne utworzenie wid\u017cetu przycisk\u00f3w udost\u0119pniania spo\u0142eczno\u015bciowego, odkryj, jakie to proste: <\/p><ul><li>Rozpocznij prac\u0119 bezpo\u015brednio w edytorze online, aby utworzy\u0107 wid\u017cet przycisk\u00f3w udost\u0119pniania spo\u0142eczno\u015bciowego, kt\u00f3ry chcesz uwzgl\u0119dni\u0107 na stronie internetowej PrestaShop.<\/li><li>Wybierz jeden z gotowych szablon\u00f3w i zmie\u0144 ustawienia przycisk\u00f3w udost\u0119pniania spo\u0142eczno\u015bciowego, zmie\u0144 uk\u0142ad i kolory, zaktualizuj tre\u015b\u0107 bez kodowania.<\/li><li>Zapisz plik Przyciski udost\u0119pniania spo\u0142eczno\u015bciowego i skopiuj kod instalacyjny wtyczki, kt\u00f3ry mo\u017cesz po prostu umie\u015bci\u0107 na stronie PrestaShop bez konieczno\u015bci kupowania p\u0142atnego planu.<\/li><\/ul><p>Dzi\u0119ki naszemu przyjaznemu dla u\u017cytkownika konfiguratorowi ka\u017cdy u\u017cytkownik Internetu mo\u017ce stworzy\u0107 spo\u0142eczno\u015bciowe Udost\u0119pnij sekcj\u0119 Przyciski online i bez problemu umie\u015b\u0107 j\u0105 na swojej stronie PrestaShop. Aby uzyska\u0107 dost\u0119p do naszego edytora, nie powiniene\u015b otrzymywa\u0107 p\u0142atnego planu ani ujawnia\u0107 danych swojej karty. Je\u015bli na kt\u00f3rymkolwiek etapie napotkasz jakiekolwiek problemy, skontaktuj si\u0119 z naszym personelem pomocy technicznej.<\/p><\/div>\r\n\t\t\t\t\t<\/div>\r\n\t\t\t\t<\/div><\/div>","protected":false},"excerpt":{"rendered":"","protected":false},"author":9,"featured_media":0,"parent":2255,"menu_order":0,"comment_status":"closed","ping_status":"closed","template":"templates\/template-application-platform.php","meta":{"publish_to_discourse":"","publish_post_category":"","wpdc_auto_publish_overridden":"","wpdc_topic_tags":"","wpdc_pin_topic":"","wpdc_pin_until":"","discourse_post_id":"","discourse_permalink":"","wpdc_publishing_response":"","wpdc_publishing_error":"","footnotes":""},"class_list":["post-6576","page","type-page","status-publish","hentry"],"yoast_head":"<!-- This site is optimized with the Yoast SEO plugin v25.3.1 - https:\/\/yoast.com\/wordpress\/plugins\/seo\/ -->\n<title>Przyciski udost\u0119pniania spo\u0142eczno\u015bciowego \u2013 dodaj przyciski udost\u0119pniania do witryny PrestaShop<\/title>\n<meta name=\"description\" content=\"Zainstaluj przyciski udost\u0119pniania spo\u0142eczno\u015bciowego na swojej stronie PrestaShop w ci\u0105gu kilku minut. Natychmiastowa i prosta konfiguracja r\u00f3\u017cnych dodatk\u00f3w przez Elfsight.\" \/>\n<meta name=\"robots\" content=\"index, follow, max-snippet:-1, max-image-preview:large, max-video-preview:-1\" \/>\n<link rel=\"canonical\" href=\"https:\/\/elfsight.com\/pl\/social-media-share-buttons\/prestashop\/\" \/>\n<meta property=\"og:locale\" content=\"pl_PL\" \/>\n<meta property=\"og:type\" content=\"article\" \/>\n<meta property=\"og:title\" content=\"Przyciski udost\u0119pniania spo\u0142eczno\u015bciowego \u2013 dodaj przyciski udost\u0119pniania do witryny PrestaShop\" \/>\n<meta property=\"og:description\" content=\"Zainstaluj przyciski udost\u0119pniania spo\u0142eczno\u015bciowego na swojej stronie PrestaShop w ci\u0105gu kilku minut. Natychmiastowa i prosta konfiguracja r\u00f3\u017cnych dodatk\u00f3w przez Elfsight.\" \/>\n<meta property=\"og:url\" content=\"https:\/\/elfsight.com\/pl\/social-media-share-buttons\/prestashop\/\" \/>\n<meta property=\"og:site_name\" content=\"Elfsight PL\" \/>\n<meta property=\"article:modified_time\" content=\"2024-10-25T11:54:26+00:00\" \/>\n<meta name=\"twitter:card\" content=\"summary_large_image\" \/>\n<meta name=\"twitter:label1\" content=\"Szacowany czas czytania\" \/>\n\t<meta name=\"twitter:data1\" content=\"3 minuty\" \/>\n<!-- \/ Yoast SEO plugin. -->","yoast_head_json":{"title":"Przyciski udost\u0119pniania spo\u0142eczno\u015bciowego \u2013 dodaj przyciski udost\u0119pniania do witryny PrestaShop","description":"Zainstaluj przyciski udost\u0119pniania spo\u0142eczno\u015bciowego na swojej stronie PrestaShop w ci\u0105gu kilku minut. Natychmiastowa i prosta konfiguracja r\u00f3\u017cnych dodatk\u00f3w przez Elfsight.","robots":{"index":"index","follow":"follow","max-snippet":"max-snippet:-1","max-image-preview":"max-image-preview:large","max-video-preview":"max-video-preview:-1"},"canonical":"https:\/\/elfsight.com\/pl\/social-media-share-buttons\/prestashop\/","og_locale":"pl_PL","og_type":"article","og_title":"Przyciski udost\u0119pniania spo\u0142eczno\u015bciowego \u2013 dodaj przyciski udost\u0119pniania do witryny PrestaShop","og_description":"Zainstaluj przyciski udost\u0119pniania spo\u0142eczno\u015bciowego na swojej stronie PrestaShop w ci\u0105gu kilku minut. Natychmiastowa i prosta konfiguracja r\u00f3\u017cnych dodatk\u00f3w przez Elfsight.","og_url":"https:\/\/elfsight.com\/pl\/social-media-share-buttons\/prestashop\/","og_site_name":"Elfsight PL","article_modified_time":"2024-10-25T11:54:26+00:00","twitter_card":"summary_large_image","twitter_misc":{"Szacowany czas czytania":"3 minuty"},"schema":{"@context":"https:\/\/schema.org","@graph":[{"@type":"WebPage","@id":"https:\/\/elfsight.com\/pl\/social-media-share-buttons\/prestashop\/","url":"https:\/\/elfsight.com\/pl\/social-media-share-buttons\/prestashop\/","name":"Przyciski udost\u0119pniania spo\u0142eczno\u015bciowego \u2013 dodaj przyciski udost\u0119pniania do witryny PrestaShop","isPartOf":{"@id":"https:\/\/elfsight.com\/pl\/#website"},"datePublished":"1970-01-01T00:00:00+00:00","dateModified":"2024-10-25T11:54:26+00:00","description":"Zainstaluj przyciski udost\u0119pniania spo\u0142eczno\u015bciowego na swojej stronie PrestaShop w ci\u0105gu kilku minut. Natychmiastowa i prosta konfiguracja r\u00f3\u017cnych dodatk\u00f3w przez Elfsight.","breadcrumb":{"@id":"https:\/\/elfsight.com\/pl\/social-media-share-buttons\/prestashop\/#breadcrumb"},"inLanguage":"pl-PL","potentialAction":[{"@type":"ReadAction","target":["https:\/\/elfsight.com\/pl\/social-media-share-buttons\/prestashop\/"]}]},{"@type":"BreadcrumbList","@id":"https:\/\/elfsight.com\/pl\/social-media-share-buttons\/prestashop\/#breadcrumb","itemListElement":[{"@type":"ListItem","position":1,"name":"Home","item":"https:\/\/elfsight.com\/pl\/"},{"@type":"ListItem","position":2,"name":"Social Share Buttons","item":"https:\/\/elfsight.com\/pl\/social-media-share-buttons\/"},{"@type":"ListItem","position":3,"name":"Social Share Buttons &#8211; PrestaShop"}]},{"@type":"WebSite","@id":"https:\/\/elfsight.com\/pl\/#website","url":"https:\/\/elfsight.com\/pl\/","name":"Elfsight PL","description":"Just another Elfsight Sites site","potentialAction":[{"@type":"SearchAction","target":{"@type":"EntryPoint","urlTemplate":"https:\/\/elfsight.com\/pl\/?s={search_term_string}"},"query-input":{"@type":"PropertyValueSpecification","valueRequired":true,"valueName":"search_term_string"}}],"inLanguage":"pl-PL"}]}},"meta_box":{"industry":"","seo_heading":"","heading":"","description":"","cta_heading":"","cta_description":"","application":"3353","h1":"Przyciski udost\u0119pniania spo\u0142eczno\u015bciowego dla PrestaShop","h1_caption":"Dodaj przyciski udost\u0119pniania w mediach spo\u0142eczno\u015bciowych do swojej witryny, umo\u017cliwiaj\u0105c odwiedzaj\u0105cym bezproblemowe udost\u0119pnianie tre\u015bci na wielu platformach w witrynie Prestashop.","application_category":[],"applications_title":"","applications_request_title":"","applications_request_button_text":"","hero_text":"","hero_video":"","hero_video_schema_markup":"","selling_points_title":"","selling_points_caption":"","selling_points":[],"selling_points_cta_text":"","features_title":"","features":"","ed_cta_examples_text":"","ed_cta_examples_hidden":"","ed_cta_demo_text":"","ed_cta_demo_hidden":"","why_caption":"","why_editor_title":"","why_editor_text":"","why_team_title":"","why_team_text":"","why_service_title":"","why_service_text":"","template_catalog_visible":"","template_catalog_title":"","template_catalog_text":"","template_catalog_categories_visible":"","demo_title":"Pospiesz si\u0119, aby utworzy\u0107 spersonalizowane przyciski udost\u0119pniania PrestaShop!","demo_caption":"Przetestuj przyciski udost\u0119pniania spo\u0142eczno\u015bciowego w bezp\u0142atnym panelu do tworzenia dodatk\u00f3w.","default_faq_hidden":"","app_template_category":[],"platform":"586","template_public_id":"","codecanyon_url":"","codecanyon_item_id":"","codecanyon_price":"","pricing_caption":"","pricing_elfsight_apps_hide_column":"","pricing_elfsight_apps_url":"","pricing_codecanyon_price_caption":"","integration_category":[],"integration_request_title":"","integration_request_cta":"","integration_platform":"","integrations":[],"platform_category":[],"video_schema_markup":"","price":"od 0 USD \/ miesi\u0105c","trial":"","benefits":[{"text":"Bezp\u0142atna pomoc w monta\u017cu"},{"text":"Kompetentna obs\u0142uga klienta"},{"text":"14-dniowa gwarancja zwrotu pieni\u0119dzy"}],"button_url":"#demo","button_target_blank":"","button_nofollow":"","attributes":[{"name":"Instaluje"},{"name":"Czu\u0142y"},{"name":"Kompatybilne przegl\u0105darki"}],"tags":[],"tags_disable_links":"","hide_more_platforms":"","video_object":"","demo_hide_cta":"","demo_hide_cloud_options":"","pricing_title":"","pricing":[{"pricing_icon":"platform","pricing_title":"Elfsight Apps","pricing_title_caption":"Wersja niezale\u017cna od platformy, kt\u00f3ra pasuje do ka\u017cdej witryny","pricing_price":"od 0 USD \/ miesi\u0105c","pricing_price_caption":"zacznij od bezp\u0142atnego planu","pricing_benefits":[{"text":"Nielimitowane domeny"},{"text":"Profesjonalne wsparcie"},{"text":"Bezp\u0142atna pomoc w monta\u017cu"},{"text":"Elastyczny projekt"}],"pricing_button_text":"Dodaj do witryny","pricing_button_url":"#demo"}],"related_apps_title":"","related_apps_hidden":"","author":"","image":[],"title":"","job":"","social_networks":[]},"_links":{"self":[{"href":"https:\/\/elfsight.com\/pl\/wp-json\/wp\/v2\/pages\/6576","targetHints":{"allow":["GET"]}}],"collection":[{"href":"https:\/\/elfsight.com\/pl\/wp-json\/wp\/v2\/pages"}],"about":[{"href":"https:\/\/elfsight.com\/pl\/wp-json\/wp\/v2\/types\/page"}],"author":[{"embeddable":true,"href":"https:\/\/elfsight.com\/pl\/wp-json\/wp\/v2\/users\/9"}],"replies":[{"embeddable":true,"href":"https:\/\/elfsight.com\/pl\/wp-json\/wp\/v2\/comments?post=6576"}],"version-history":[{"count":1,"href":"https:\/\/elfsight.com\/pl\/wp-json\/wp\/v2\/pages\/6576\/revisions"}],"predecessor-version":[{"id":6580,"href":"https:\/\/elfsight.com\/pl\/wp-json\/wp\/v2\/pages\/6576\/revisions\/6580"}],"up":[{"embeddable":true,"href":"https:\/\/elfsight.com\/pl\/wp-json\/wp\/v2\/pages\/2255"}],"wp:attachment":[{"href":"https:\/\/elfsight.com\/pl\/wp-json\/wp\/v2\/media?parent=6576"}],"curies":[{"name":"wp","href":"https:\/\/api.w.org\/{rel}","templated":true}]}}