{"id":6575,"date":"1970-01-01T00:00:00","date_gmt":"1970-01-01T00:00:00","guid":{"rendered":"https:\/\/elfsight.com\/pl\/?page_id=6575"},"modified":"2024-10-25T11:54:42","modified_gmt":"2024-10-25T11:54:42","slug":"jimdo","status":"publish","type":"page","link":"https:\/\/elfsight.com\/pl\/social-media-share-buttons\/jimdo\/","title":{"rendered":"Social Share Buttons &#8211; Jimdo"},"content":{"rendered":"<div class=\"application-platform-content-item-description application-platform-content-item\" id=\"description\" data-nav-section=\"description\"><h2>Opis<\/h2> <p>Szybka i prosta integracja przycisk\u00f3w udost\u0119pniania wszystkich popularnych medi\u00f3w spo\u0142eczno\u015bciowych, komunikator\u00f3w i innych zasob\u00f3w medialnych na swoj\u0105 witryn\u0119 internetow\u0105 w celu rozpowszechniania jakichkolwiek tre\u015bci. Nie musisz traci\u0107 czasu na projektowanie logo i dostosowywanie szablonu witryny &#8211; skorzystaj z w 100% gotowego rozwi\u0105zania stworzonego przez Elfsight. <\/p><p><b>Zwi\u0119ksz skuteczno\u015b\u0107 swojej witryny pod k\u0105tem cel\u00f3w e-commerce za pomoc\u0105 przycisk\u00f3w udost\u0119pniania.<\/b><\/p> <\/div> <div class=\"application-platform-content-item-features application-platform-content-item\" id=\"features\" data-nav-section=\"features\"> <h2> Oto podstawowe funkcje wid\u017cetu: <\/h2> <ul><li>Ponad 40 wbudowanych sieci spo\u0142eczno\u015bciowych<\/li><li>2 uk\u0142ady: Inline i Floating<\/li><li>Umie\u015b\u0107 nieograniczon\u0105 liczb\u0119 przycisk\u00f3w<\/li><li>Duplikuj i zmieniaj kolejno\u015b\u0107 przycisk\u00f3w wed\u0142ug potrzeb<\/li><li>Edytowalny tekst przycisku<\/li><li>Ustaw szeroko\u015b\u0107 przycisku <\/li><li>Trzy opcje kszta\u0142tu przycisku<\/li><li>Ustaw elementy przycisk\u00f3w, kt\u00f3re maj\u0105 by\u0107 wy\u015bwietlane<\/li><li>4 predefiniowane style przycisk\u00f3w<\/li><li>Regulowana przezroczysto\u015b\u0107 przycisk\u00f3w<\/li><li>Dost\u0119pnych 5 typ\u00f3w animacji<\/li><\/ul><p><a href=\"#demo\">Mo\u017cesz sprawdzi\u0107, jak dzia\u0142a widget, korzystaj\u0105c z wersji demonstracyjnej<\/a><\/p> <\/div> <div class=\"application-platform-content-item-installation application-platform-content-item\" id=\"installation\" data-nav-section=\"installation\"> <h2>Jak osadzi\u0107 przyciski udost\u0119pniania na moja strona internetowa Jimdo? <\/h2> <p>Wystarczy post\u0119powa\u0107 zgodnie z poni\u017cszymi wskaz\u00f3wkami, aby rozpocz\u0105\u0107 prac\u0119 z wid\u017cetem. <\/p> <ol><li><b>Wykonaj nasz\u0105 bezp\u0142atn\u0105 wersj\u0119 demonstracyjn\u0105 i zacznij tworzy\u0107 niestandardowy widget. <\/b><br> Okre\u015bl po\u017c\u0105dan\u0105 form\u0119 i aspekty narz\u0119dzia oraz zastosuj modyfikacje. <\/li> <li><b>Zdob\u0105d\u017a indywidualny kod widoczny w pude\u0142ku w aplikacjach Elfsight. <\/b><br> Po zako\u0144czeniu tworzenia osobistego wid\u017cetu skopiuj osobisty kod z wy\u015bwietlonego pola i zapisz go na przysz\u0142o\u015b\u0107. <\/li> <li><b>Rozpocznij korzystanie z narz\u0119dzia na swojej stronie internetowej Jimdo. <\/b><br> Umie\u015b\u0107 ostatnio zapisany kod na swojej stronie internetowej i zastosuj zmiany. <\/li> <li><b>Gotowe! Integracja zosta\u0142a pomy\u015blnie przeprowadzona. <\/b><br> Przejd\u017a na swoj\u0105 stron\u0119 i zobacz jak dzia\u0142a widget. <\/li><\/ol> <p>Je\u015bli masz do czynienia z zapytaniami lub napotykasz jakiekolwiek problemy, nie wahaj si\u0119 skontaktowa\u0107 z naszym zespo\u0142em wsparcia. Nasi konsultanci ch\u0119tnie rozwi\u0105\u017c\u0105 wszystkie problemy, jakie mo\u017cesz mie\u0107 z produktem. <\/p> <\/div><div class=\"faq\" data-component=\"FAQ\"><div class=\"faq-item\">\r\n\t\t\t\t\t<div class=\"faq-item-question\">\r\n\t\t\t\t\t\t<h3 class=\"faq-item-question-text\">Czy istnieje opcja dodania przycisk\u00f3w udost\u0119pniania spo\u0142eczno\u015bciowego do mojej witryny Jimdo bez do\u015bwiadczenia w programowaniu?<\/h3>\r\n\r\n\t\t\t\t\t\t<div class=\"faq-item-question-icon\"><\/div>\r\n\t\t\t\t\t<\/div>\r\n\r\n\t\t\t\t\t<div class=\"faq-item-answer\">\r\n\t\t\t\t\t\t<div class=\"faq-item-answer-text\"><p>Elfsight firma wprowadza rozwi\u0105zanie, kt\u00f3re umo\u017cliwia w\u0142a\u015bcicielom witryn samodzielne zbudowanie aplikacji Social Share Buttons, zobacz jakie to proste: <\/p><ul><li>Rozpocznij prac\u0119 bezpo\u015brednio w aktywnym edytorze, aby utworzy\u0107 widget Social Share Buttons, jaki chcesz umie\u015b\u0107 na Jimdo.<\/li><li>Wybierz jeden z gotowych szablon\u00f3w i dostosuj ustawienia przycisk\u00f3w udost\u0119pniania spo\u0142eczno\u015bciowego, zaktualizuj swoj\u0105 tre\u015b\u0107, zmie\u0144 uk\u0142ad i kolor element\u00f3w bez do\u015bwiadczenia w kodowaniu.<\/li><li>Zapisz ustawienia dokonane w przyciskach udost\u0119pniania spo\u0142eczno\u015bciowego i uzyskaj kod instalacyjny, kt\u00f3ry mo\u017cna \u0142atwo i bezp\u0142atnie umie\u015bci\u0107 na stronie Jimdo.<\/li><\/ul><p>Pracuj\u0105c w intuicyjnym edytorze, ka\u017cdy u\u017cytkownik sieci mo\u017ce skonfigurowa\u0107 przyciski udost\u0119pniania spo\u0142eczno\u015bciowego online i dodaj go do dowolnej strony internetowej Jimdo. Aby uzyska\u0107 dost\u0119p do naszego Edytora, nie jest wymagane wykupienie p\u0142atnej subskrypcji ani ujawnianie danych karty. Je\u015bli napotkasz jakiekolwiek problemy, nie wahaj si\u0119 porozmawia\u0107 z naszym dzia\u0142em obs\u0142ugi klienta.<\/p><\/div>\r\n\t\t\t\t\t<\/div>\r\n\t\t\t\t<\/div><\/div>","protected":false},"excerpt":{"rendered":"","protected":false},"author":9,"featured_media":0,"parent":2255,"menu_order":0,"comment_status":"closed","ping_status":"closed","template":"templates\/template-application-platform.php","meta":{"publish_to_discourse":"","publish_post_category":"","wpdc_auto_publish_overridden":"","wpdc_topic_tags":"","wpdc_pin_topic":"","wpdc_pin_until":"","discourse_post_id":"","discourse_permalink":"","wpdc_publishing_response":"","wpdc_publishing_error":"","footnotes":""},"class_list":["post-6575","page","type-page","status-publish","hentry"],"yoast_head":"<!-- This site is optimized with the Yoast SEO plugin v25.3.1 - https:\/\/yoast.com\/wordpress\/plugins\/seo\/ -->\n<title>Przyciski udost\u0119pniania spo\u0142eczno\u015bciowego \u2013 dodaj przyciski udost\u0119pniania do strony internetowej Jimdo<\/title>\n<meta name=\"description\" content=\"Zainstaluj przyciski udost\u0119pniania spo\u0142eczno\u015bciowego na swojej stronie Jimdo w zaledwie kilka minut. B\u0142yskawiczna konfiguracja wid\u017cet\u00f3w stron internetowych przez Elfsight.\" \/>\n<meta name=\"robots\" content=\"index, follow, max-snippet:-1, max-image-preview:large, max-video-preview:-1\" \/>\n<link rel=\"canonical\" href=\"https:\/\/elfsight.com\/pl\/social-media-share-buttons\/jimdo\/\" \/>\n<meta property=\"og:locale\" content=\"pl_PL\" \/>\n<meta property=\"og:type\" content=\"article\" \/>\n<meta property=\"og:title\" content=\"Przyciski udost\u0119pniania spo\u0142eczno\u015bciowego \u2013 dodaj przyciski udost\u0119pniania do strony internetowej Jimdo\" \/>\n<meta property=\"og:description\" content=\"Zainstaluj przyciski udost\u0119pniania spo\u0142eczno\u015bciowego na swojej stronie Jimdo w zaledwie kilka minut. B\u0142yskawiczna konfiguracja wid\u017cet\u00f3w stron internetowych przez Elfsight.\" \/>\n<meta property=\"og:url\" content=\"https:\/\/elfsight.com\/pl\/social-media-share-buttons\/jimdo\/\" \/>\n<meta property=\"og:site_name\" content=\"Elfsight PL\" \/>\n<meta property=\"article:modified_time\" content=\"2024-10-25T11:54:42+00:00\" \/>\n<meta name=\"twitter:card\" content=\"summary_large_image\" \/>\n<meta name=\"twitter:label1\" content=\"Szacowany czas czytania\" \/>\n\t<meta name=\"twitter:data1\" content=\"3 minuty\" \/>\n<!-- \/ Yoast SEO plugin. -->","yoast_head_json":{"title":"Przyciski udost\u0119pniania spo\u0142eczno\u015bciowego \u2013 dodaj przyciski udost\u0119pniania do strony internetowej Jimdo","description":"Zainstaluj przyciski udost\u0119pniania spo\u0142eczno\u015bciowego na swojej stronie Jimdo w zaledwie kilka minut. B\u0142yskawiczna konfiguracja wid\u017cet\u00f3w stron internetowych przez Elfsight.","robots":{"index":"index","follow":"follow","max-snippet":"max-snippet:-1","max-image-preview":"max-image-preview:large","max-video-preview":"max-video-preview:-1"},"canonical":"https:\/\/elfsight.com\/pl\/social-media-share-buttons\/jimdo\/","og_locale":"pl_PL","og_type":"article","og_title":"Przyciski udost\u0119pniania spo\u0142eczno\u015bciowego \u2013 dodaj przyciski udost\u0119pniania do strony internetowej Jimdo","og_description":"Zainstaluj przyciski udost\u0119pniania spo\u0142eczno\u015bciowego na swojej stronie Jimdo w zaledwie kilka minut. B\u0142yskawiczna konfiguracja wid\u017cet\u00f3w stron internetowych przez Elfsight.","og_url":"https:\/\/elfsight.com\/pl\/social-media-share-buttons\/jimdo\/","og_site_name":"Elfsight PL","article_modified_time":"2024-10-25T11:54:42+00:00","twitter_card":"summary_large_image","twitter_misc":{"Szacowany czas czytania":"3 minuty"},"schema":{"@context":"https:\/\/schema.org","@graph":[{"@type":"WebPage","@id":"https:\/\/elfsight.com\/pl\/social-media-share-buttons\/jimdo\/","url":"https:\/\/elfsight.com\/pl\/social-media-share-buttons\/jimdo\/","name":"Przyciski udost\u0119pniania spo\u0142eczno\u015bciowego \u2013 dodaj przyciski udost\u0119pniania do strony internetowej Jimdo","isPartOf":{"@id":"https:\/\/elfsight.com\/pl\/#website"},"datePublished":"1970-01-01T00:00:00+00:00","dateModified":"2024-10-25T11:54:42+00:00","description":"Zainstaluj przyciski udost\u0119pniania spo\u0142eczno\u015bciowego na swojej stronie Jimdo w zaledwie kilka minut. B\u0142yskawiczna konfiguracja wid\u017cet\u00f3w stron internetowych przez Elfsight.","breadcrumb":{"@id":"https:\/\/elfsight.com\/pl\/social-media-share-buttons\/jimdo\/#breadcrumb"},"inLanguage":"pl-PL","potentialAction":[{"@type":"ReadAction","target":["https:\/\/elfsight.com\/pl\/social-media-share-buttons\/jimdo\/"]}]},{"@type":"BreadcrumbList","@id":"https:\/\/elfsight.com\/pl\/social-media-share-buttons\/jimdo\/#breadcrumb","itemListElement":[{"@type":"ListItem","position":1,"name":"Home","item":"https:\/\/elfsight.com\/pl\/"},{"@type":"ListItem","position":2,"name":"Social Share Buttons","item":"https:\/\/elfsight.com\/pl\/social-media-share-buttons\/"},{"@type":"ListItem","position":3,"name":"Social Share Buttons &#8211; Jimdo"}]},{"@type":"WebSite","@id":"https:\/\/elfsight.com\/pl\/#website","url":"https:\/\/elfsight.com\/pl\/","name":"Elfsight PL","description":"Just another Elfsight Sites site","potentialAction":[{"@type":"SearchAction","target":{"@type":"EntryPoint","urlTemplate":"https:\/\/elfsight.com\/pl\/?s={search_term_string}"},"query-input":{"@type":"PropertyValueSpecification","valueRequired":true,"valueName":"search_term_string"}}],"inLanguage":"pl-PL"}]}},"meta_box":{"industry":"","seo_heading":"","heading":"","description":"","cta_heading":"","cta_description":"","application":"3353","h1":"Widget Przyciski udost\u0119pniania spo\u0142eczno\u015bciowego dla Jimdo","h1_caption":"Dodaj przyciski udost\u0119pniania w mediach spo\u0142eczno\u015bciowych do swojej witryny, umo\u017cliwiaj\u0105c odwiedzaj\u0105cym bezproblemowe udost\u0119pnianie tre\u015bci na wielu platformach w witrynie Jimdo.","application_category":[],"applications_title":"","applications_request_title":"","applications_request_button_text":"","hero_text":"","hero_video":"","hero_video_schema_markup":"","selling_points_title":"","selling_points_caption":"","selling_points":[],"selling_points_cta_text":"","features_title":"","features":"","ed_cta_examples_text":"","ed_cta_examples_hidden":"","ed_cta_demo_text":"","ed_cta_demo_hidden":"","why_caption":"","why_editor_title":"","why_editor_text":"","why_team_title":"","why_team_text":"","why_service_title":"","why_service_text":"","template_catalog_visible":"","template_catalog_title":"","template_catalog_text":"","template_catalog_categories_visible":"","demo_title":"Zach\u0119camy do zaprojektowania spersonalizowanych przycisk\u00f3w Jimdo Share!","demo_caption":"Spersonalizuj widget i dodaj go do swojej strony internetowej korzystaj\u0105c z aktywnego demo.","default_faq_hidden":"","app_template_category":[],"platform":"193","template_public_id":"","codecanyon_url":"","codecanyon_item_id":"","codecanyon_price":"","pricing_caption":"","pricing_elfsight_apps_hide_column":"","pricing_elfsight_apps_url":"","pricing_codecanyon_price_caption":"","integration_category":[],"integration_request_title":"","integration_request_cta":"","integration_platform":"","integrations":[],"platform_category":[],"video_schema_markup":"","price":"od 0 USD \/ miesi\u0105c","trial":"","benefits":[{"text":"Bezp\u0142atna pomoc w monta\u017cu"},{"text":"Skuteczna obs\u0142uga klienta"},{"text":"14-dniowa gwarancja zwrotu pieni\u0119dzy"}],"button_url":"#demo","button_target_blank":"","button_nofollow":"","attributes":[{"name":"Instaluje"},{"name":"Czu\u0142y"},{"name":"Kompatybilne przegl\u0105darki"}],"tags":[],"tags_disable_links":"","hide_more_platforms":"","video_object":"","demo_hide_cta":"","demo_hide_cloud_options":"","pricing_title":"","pricing":[{"pricing_icon":"platform","pricing_title":"Elfsight Apps","pricing_title_caption":"Rozwi\u0105zanie wieloplatformowe","pricing_price":"od 0 USD \/ miesi\u0105c","pricing_price_caption":"zacznij od bezp\u0142atnego planu","pricing_benefits":[{"text":"Nieograniczona liczba stron internetowych"},{"text":"Ca\u0142odobowe wsparcie firmy"},{"text":"Bezp\u0142atne wsparcie przy instalacji"},{"text":"Elastyczny projekt"}],"pricing_button_text":"Dodaj do witryny","pricing_button_url":"#demo"}],"related_apps_title":"","related_apps_hidden":"","author":"","image":[],"title":"","job":"","social_networks":[]},"_links":{"self":[{"href":"https:\/\/elfsight.com\/pl\/wp-json\/wp\/v2\/pages\/6575","targetHints":{"allow":["GET"]}}],"collection":[{"href":"https:\/\/elfsight.com\/pl\/wp-json\/wp\/v2\/pages"}],"about":[{"href":"https:\/\/elfsight.com\/pl\/wp-json\/wp\/v2\/types\/page"}],"author":[{"embeddable":true,"href":"https:\/\/elfsight.com\/pl\/wp-json\/wp\/v2\/users\/9"}],"replies":[{"embeddable":true,"href":"https:\/\/elfsight.com\/pl\/wp-json\/wp\/v2\/comments?post=6575"}],"version-history":[{"count":1,"href":"https:\/\/elfsight.com\/pl\/wp-json\/wp\/v2\/pages\/6575\/revisions"}],"predecessor-version":[{"id":6579,"href":"https:\/\/elfsight.com\/pl\/wp-json\/wp\/v2\/pages\/6575\/revisions\/6579"}],"up":[{"embeddable":true,"href":"https:\/\/elfsight.com\/pl\/wp-json\/wp\/v2\/pages\/2255"}],"wp:attachment":[{"href":"https:\/\/elfsight.com\/pl\/wp-json\/wp\/v2\/media?parent=6575"}],"curies":[{"name":"wp","href":"https:\/\/api.w.org\/{rel}","templated":true}]}}