{"id":6574,"date":"1970-01-01T00:00:00","date_gmt":"1970-01-01T00:00:00","guid":{"rendered":"https:\/\/elfsight.com\/pl\/?page_id=6574"},"modified":"2026-01-13T13:55:23","modified_gmt":"2026-01-13T13:55:23","slug":"wordpress","status":"publish","type":"page","link":"https:\/\/elfsight.com\/pl\/social-media-icons-widget\/wordpress\/","title":{"rendered":"Social Media Icons &#8211; WordPress"},"content":{"rendered":"\n<div class=\"application-platform-content-item-description application-platform-content-item\" id=\"description\" data-nav-section=\"description\">\n<h2>Osad\u017a ikony medi\u00f3w spo\u0142eczno\u015bciowych w WordPress za pomoc\u0105 wid\u017cetu Elfsight<\/h2>\n<p>Praktyczna i wydajna wtyczka do ikon multimedi\u00f3w firmy Elfsight pozwala pod\u0142\u0105czy\u0107 Twoj\u0105 witryn\u0119 do wymaganych sieci spo\u0142eczno\u015bciowych. Wzmocnij kontakty z u\u017cytkownikami, zamieniaj\u0105c ich w swoich fan\u00f3w. Wtyczka oferuje responsywny uk\u0142ad, pe\u0142ne ustawienia kolorystyki i wygl\u0105du, a tak\u017ce gotowe ikony dla wszystkich popularnych platform spo\u0142eczno\u015bciowych.<\/p>\n<p><b>Zwi\u0119ksz zasi\u0119g swojej marki w mediach spo\u0142eczno\u015bciowych.<\/b><\/p>\n<ul>\n    <li><b>Zdob\u0105d\u017a nowych fan\u00f3w<\/b>.<br>Poka\u017c bezpo\u015bredni\u0105 drog\u0119 do swoich profili spo\u0142eczno\u015bciowych i zwi\u0119ksz szans\u0119, \u017ce czytelnicy Twojej witryny stan\u0105 si\u0119 Twoimi fanami.<\/li>\n    <li><b>Pozyskaj wi\u0119cej u\u017cytkownik\u00f3w w mediach spo\u0142eczno\u015bciowych<\/b>.<br>Zwi\u0119ksz zasi\u0119g swoich kont spo\u0142eczno\u015bciowych, stale przyci\u0105gaj\u0105c czytelnik\u00f3w witryny i zamieniaj\u0105c ich w subskrybent\u00f3w.<\/li>\n    <li><b>B\u0105d\u017a zawsze w kontakcie z u\u017cytkownikami<\/b>.<br>Umo\u017cliwiaj odwiedzaj\u0105cym skorzystanie z dodatkowych narz\u0119dzi komunikacyjnych i uzyskanie pomocy za po\u015brednictwem medi\u00f3w spo\u0142eczno\u015bciowych.<\/li>\n    <li><b>Przenie\u015b interakcj\u0119 z u\u017cytkownikami na nowy poziom<\/b>.<br>Poka\u017c swoim obecnym i nowym klientom wi\u0119cej sposob\u00f3w nawi\u0105zywania kontaktu, co zwi\u0119kszy jako\u015b\u0107 wsparcia.<\/li>\n<\/ul>\n<\/div>\n\n<div class=\"faq\" data-component=\"FAQ\">\n<div class=\"faq-item\">\r\n\t\t\t\t\t<div class=\"faq-item-question\">\r\n\t\t\t\t\t\t<h3 class=\"faq-item-question-text\">W jaki spos\u00f3b mog\u0119 osadzi\u0107 ikony spo\u0142eczno\u015bciowe w mojej witrynie WordPress?<\/h3>\r\n\r\n\t\t\t\t\t\t<div class=\"faq-item-question-icon\"><\/div>\r\n\t\t\t\t\t<\/div>\r\n\r\n\t\t\t\t\t<div class=\"faq-item-answer\">\r\n\t\t\t\t\t\t<div class=\"faq-item-answer-text\">\n<p>Tworzenie wid\u017cetu odbywa si\u0119 w witrynie Elfsight i nie wymaga kodowania. Przejd\u017a do naszego demo na \u017cywo, aby stworzy\u0107 w\u0142asne narz\u0119dzie, uzyska\u0107 kod i umie\u015bci\u0107 go na swojej stronie internetowej.<\/p>\n<\/div>\r\n\t\t\t\t\t<\/div>\r\n\t\t\t\t<\/div>\n<div class=\"faq-item\">\r\n\t\t\t\t\t<div class=\"faq-item-question\">\r\n\t\t\t\t\t\t<h3 class=\"faq-item-question-text\">Czy mog\u0119 otrzyma\u0107 czarne ikony medi\u00f3w spo\u0142eczno\u015bciowych za pomoc\u0105 Twojego wid\u017cetu?<\/h3>\r\n\r\n\t\t\t\t\t\t<div class=\"faq-item-question-icon\"><\/div>\r\n\t\t\t\t\t<\/div>\r\n\r\n\t\t\t\t\t<div class=\"faq-item-answer\">\r\n\t\t\t\t\t\t<div class=\"faq-item-answer-text\">\n<p>Dost\u0119pna jest ogromna liczba szablon\u00f3w: lista, galeria, siatka, mur, kana\u0142 i wiele innych, a tak\u017ce elastyczne ustawienia uk\u0142adu, kt\u00f3re spe\u0142ni\u0105 Twoje wymagania. Mo\u017cesz stworzy\u0107 niemal dowolny widget, kt\u00f3rego potrzebujesz.<\/p>\n<\/div>\r\n\t\t\t\t\t<\/div>\r\n\t\t\t\t<\/div>\n<div class=\"faq-item\">\r\n\t\t\t\t\t<div class=\"faq-item-question\">\r\n\t\t\t\t\t\t<h3 class=\"faq-item-question-text\">Wtyczka My Social Icons nie dzia\u0142a \/ nie aktualizuje si\u0119<\/h3>\r\n\r\n\t\t\t\t\t\t<div class=\"faq-item-question-icon\"><\/div>\r\n\t\t\t\t\t<\/div>\r\n\r\n\t\t\t\t\t<div class=\"faq-item-answer\">\r\n\t\t\t\t\t\t<div class=\"faq-item-answer-text\">\n<p>W przypadku problem\u00f3w z wid\u017cetami medi\u00f3w spo\u0142eczno\u015bciowych skontaktuj si\u0119 z zespo\u0142em wsparcia. Wsparcie jest bezp\u0142atne dla wszystkich klient\u00f3w Elfsight.<\/p>\n<\/div>\r\n\t\t\t\t\t<\/div>\r\n\t\t\t\t<\/div>\n<\/div>\n\n<div class=\"application-platform-content-item-features application-platform-content-item\" id=\"features\" data-nav-section=\"features\">\n<h2>G\u0142\u00f3wne cechy wid\u017cetu Ikony medi\u00f3w spo\u0142eczno\u015bciowych<\/h2>\n<p>Kluczowe cechy, kt\u00f3re czyni\u0105 ikony medi\u00f3w spo\u0142eczno\u015bciowych Elfsight najlepszym wyborem w kategorii wtyczek spo\u0142eczno\u015bciowych dla WordPressa.<\/p>\n<ul>\n    <li>Dodaj nowe media, po prostu wstawiaj\u0105c adres URL do swojego profilu.<\/li>\n    <li>Zmie\u0144 kolejno\u015b\u0107 ikon w prezentacji.<\/li>\n    <li>Uk\u0142ad inline do umieszczania ikon w obszarze zawarto\u015bci witryny.<\/li>\n    <li>Czarne, natywne i bia\u0142e kolory ikon po najechaniu myszk\u0105.<\/li>\n    <li>Regulowana przezroczysto\u015b\u0107 ikon oraz efekt najechania.<\/li>\n<\/ul>\n<p><a href=\"#demo\">Sprawd\u017a g\u0142\u00f3wne funkcje w naszej wersji demonstracyjnej<\/a><\/p>\n<\/div>\n\n<div class=\"application-platform-content-item-installation application-platform-content-item\" id=\"installation\" data-nav-section=\"installation\">\n<h2>Jak doda\u0107 wtyczk\u0119 Ikony medi\u00f3w spo\u0142eczno\u015bciowych do WordPressa<\/h2>\n<div class=\"video-container\"><iframe allowfullscreen=\"\" frameborder=\"0\" height=\"405\" src=\"https:\/\/www.youtube.com\/embed\/l8yWGCndKiI?si=3udcOgKX8vVwpkD6\" width=\"720\"><\/iframe><\/div>\n<p>Aby rozpocz\u0105\u0107 prac\u0119 z narz\u0119dziem w WordPressie, wykonaj poni\u017csze kroki.<\/p>\n<ol>\n    <li><b>Otw\u00f3rz nasz darmowy edytor i zacznij tworzy\u0107 swoj\u0105 wtyczk\u0119.<\/b><br> Wybierz preferowany wygl\u0105d i funkcje wtyczki, a nast\u0119pnie zapisz zmiany.<\/li>\n    <li><b>Otrzymaj unikalny kod, kt\u00f3ry pojawi si\u0119 w ramce aplikacji Elfsight.<\/b><br> Po zako\u0144czeniu tworzenia ikon medi\u00f3w spo\u0142eczno\u015bciowych skopiuj kod z wy\u015bwietlonego pola i zapisz go na p\u00f3\u017aniej.<\/li>\n    <li><b>Rozpocznij korzystanie z narz\u0119dzia w swojej witrynie WordPress.<\/b><br> Wklej skopiowany kod na swoj\u0105 stron\u0119 i zapisz zmiany.<\/li>\n    <li><b>Gotowe! Konfiguracja zosta\u0142a zako\u0144czona.<\/b><br> Przejd\u017a do swojej strony, aby zobaczy\u0107, jak dzia\u0142a wtyczka.<\/li>\n<\/ol>\n<p>Masz problemy z ikonami Elfsight Social na stronie internetowej? Sprawd\u017a nasz\u0105 szczeg\u00f3\u0142ow\u0105 instrukcj\u0119: \u00ab<a href=\"https:\/\/elfsight.com\/tutorials\/how-to-add-social-media-icons-to-a-wordpress-website\/\" target=\"_blank\" rel=\"noopener noreferrer\">Jak doda\u0107 ikony medi\u00f3w spo\u0142eczno\u015bciowych do WordPressa<\/a>\u00bb lub skontaktuj si\u0119 z naszym centrum wsparcia.<\/p>\n<\/div>\n","protected":false},"excerpt":{"rendered":"","protected":false},"author":9,"featured_media":0,"parent":2699,"menu_order":0,"comment_status":"closed","ping_status":"closed","template":"templates\/template-application-platform.php","meta":{"publish_to_discourse":"","publish_post_category":"","wpdc_auto_publish_overridden":"","wpdc_topic_tags":"","wpdc_pin_topic":"","wpdc_pin_until":"","discourse_post_id":"","discourse_permalink":"","wpdc_publishing_response":"","wpdc_publishing_error":"","footnotes":""},"class_list":["post-6574","page","type-page","status-publish","hentry"],"yoast_head":"<!-- This site is optimized with the Yoast SEO plugin v25.3.1 - https:\/\/yoast.com\/wordpress\/plugins\/seo\/ -->\n<title>Najlepsza wtyczka WordPress do ikon medi\u00f3w spo\u0142eczno\u015bciowych ( 2025 ) - Elfsight<\/title>\n<meta name=\"description\" content=\"Wypr\u00f3buj teraz najlepsz\u0105 wtyczk\u0119 Social Media Icons dla WordPress. Stw\u00f3rz unikalne ikony spo\u0142eczno\u015bciowe dla swojej witryny w ci\u0105gu kilku minut!\" \/>\n<meta name=\"robots\" content=\"index, follow, max-snippet:-1, max-image-preview:large, max-video-preview:-1\" \/>\n<link rel=\"canonical\" href=\"https:\/\/elfsight.com\/pl\/social-media-icons-widget\/wordpress\/\" \/>\n<meta property=\"og:locale\" content=\"pl_PL\" \/>\n<meta property=\"og:type\" content=\"article\" \/>\n<meta property=\"og:title\" content=\"Najlepsza wtyczka WordPress do ikon medi\u00f3w spo\u0142eczno\u015bciowych ( 2025 ) - Elfsight\" \/>\n<meta property=\"og:description\" content=\"Wypr\u00f3buj teraz najlepsz\u0105 wtyczk\u0119 Social Media Icons dla WordPress. Stw\u00f3rz unikalne ikony spo\u0142eczno\u015bciowe dla swojej witryny w ci\u0105gu kilku minut!\" \/>\n<meta property=\"og:url\" content=\"https:\/\/elfsight.com\/pl\/social-media-icons-widget\/wordpress\/\" \/>\n<meta property=\"og:site_name\" content=\"Elfsight PL\" \/>\n<meta property=\"article:modified_time\" content=\"2026-01-13T13:55:23+00:00\" \/>\n<meta name=\"twitter:card\" content=\"summary_large_image\" \/>\n<meta name=\"twitter:label1\" content=\"Szacowany czas czytania\" \/>\n\t<meta name=\"twitter:data1\" content=\"3 minuty\" \/>\n<!-- \/ Yoast SEO plugin. -->","yoast_head_json":{"title":"Najlepsza wtyczka WordPress do ikon medi\u00f3w spo\u0142eczno\u015bciowych ( 2025 ) - Elfsight","description":"Wypr\u00f3buj teraz najlepsz\u0105 wtyczk\u0119 Social Media Icons dla WordPress. Stw\u00f3rz unikalne ikony spo\u0142eczno\u015bciowe dla swojej witryny w ci\u0105gu kilku minut!","robots":{"index":"index","follow":"follow","max-snippet":"max-snippet:-1","max-image-preview":"max-image-preview:large","max-video-preview":"max-video-preview:-1"},"canonical":"https:\/\/elfsight.com\/pl\/social-media-icons-widget\/wordpress\/","og_locale":"pl_PL","og_type":"article","og_title":"Najlepsza wtyczka WordPress do ikon medi\u00f3w spo\u0142eczno\u015bciowych ( 2025 ) - Elfsight","og_description":"Wypr\u00f3buj teraz najlepsz\u0105 wtyczk\u0119 Social Media Icons dla WordPress. Stw\u00f3rz unikalne ikony spo\u0142eczno\u015bciowe dla swojej witryny w ci\u0105gu kilku minut!","og_url":"https:\/\/elfsight.com\/pl\/social-media-icons-widget\/wordpress\/","og_site_name":"Elfsight PL","article_modified_time":"2026-01-13T13:55:23+00:00","twitter_card":"summary_large_image","twitter_misc":{"Szacowany czas czytania":"3 minuty"},"schema":{"@context":"https:\/\/schema.org","@graph":[{"@type":"WebPage","@id":"https:\/\/elfsight.com\/pl\/social-media-icons-widget\/wordpress\/","url":"https:\/\/elfsight.com\/pl\/social-media-icons-widget\/wordpress\/","name":"Najlepsza wtyczka WordPress do ikon medi\u00f3w spo\u0142eczno\u015bciowych ( 2025 ) - Elfsight","isPartOf":{"@id":"https:\/\/elfsight.com\/pl\/#website"},"datePublished":"1970-01-01T00:00:00+00:00","dateModified":"2026-01-13T13:55:23+00:00","description":"Wypr\u00f3buj teraz najlepsz\u0105 wtyczk\u0119 Social Media Icons dla WordPress. Stw\u00f3rz unikalne ikony spo\u0142eczno\u015bciowe dla swojej witryny w ci\u0105gu kilku minut!","breadcrumb":{"@id":"https:\/\/elfsight.com\/pl\/social-media-icons-widget\/wordpress\/#breadcrumb"},"inLanguage":"pl-PL","potentialAction":[{"@type":"ReadAction","target":["https:\/\/elfsight.com\/pl\/social-media-icons-widget\/wordpress\/"]}]},{"@type":"BreadcrumbList","@id":"https:\/\/elfsight.com\/pl\/social-media-icons-widget\/wordpress\/#breadcrumb","itemListElement":[{"@type":"ListItem","position":1,"name":"Home","item":"https:\/\/elfsight.com\/pl\/"},{"@type":"ListItem","position":2,"name":"Social Media Icons","item":"https:\/\/elfsight.com\/pl\/social-media-icons-widget\/"},{"@type":"ListItem","position":3,"name":"Social Media Icons &#8211; WordPress"}]},{"@type":"WebSite","@id":"https:\/\/elfsight.com\/pl\/#website","url":"https:\/\/elfsight.com\/pl\/","name":"Elfsight PL","description":"Just another Elfsight Sites site","potentialAction":[{"@type":"SearchAction","target":{"@type":"EntryPoint","urlTemplate":"https:\/\/elfsight.com\/pl\/?s={search_term_string}"},"query-input":{"@type":"PropertyValueSpecification","valueRequired":true,"valueName":"search_term_string"}}],"inLanguage":"pl-PL"}]}},"meta_box":{"industry":"","seo_heading":"","heading":"","description":"","cta_heading":"","cta_description":"","application":"2698","h1":"Wtyczka ikon spo\u0142eczno\u015bciowych WordPress","h1_caption":"Dodaj ikony prowadz\u0105ce do Twoich profili w mediach spo\u0142eczno\u015bciowych, u\u0142atwiaj\u0105c odwiedzaj\u0105cym bezproblemowe \u0142\u0105czenie si\u0119 z Tob\u0105 na r\u00f3\u017cnych platformach w witrynie WordPress.","application_category":[],"applications_title":"","applications_request_title":"","applications_request_button_text":"","hero_text":"","hero_video":"","hero_video_schema_markup":"","selling_points_title":"","selling_points_caption":"","selling_points":[],"selling_points_cta_text":"","features_title":"","features":"","ed_cta_examples_text":"","ed_cta_examples_hidden":"","ed_cta_demo_text":"","ed_cta_demo_hidden":"","why_caption":"","why_editor_title":"","why_editor_text":"","why_team_title":"","why_team_text":"","why_service_title":"","why_service_text":"","template_catalog_visible":"0","template_catalog_title":"","template_catalog_text":"","template_catalog_categories_visible":"","demo_title":"Utw\u00f3rz wtyczk\u0119 z ikonami medi\u00f3w spo\u0142eczno\u015bciowych","demo_caption":"Skonfiguruj ikony medi\u00f3w spo\u0142eczno\u015bciowych i dodaj je za darmo do swojej witryny WordPress!","default_faq_hidden":"","app_template_category":[],"platform":"31","template_public_id":"","codecanyon_url":"","codecanyon_item_id":"","codecanyon_price":"","pricing_caption":"","pricing_elfsight_apps_hide_column":"","pricing_elfsight_apps_url":"","pricing_codecanyon_price_caption":"","integration_category":[],"integration_request_title":"","integration_request_cta":"","integration_platform":"","integrations":[],"platform_category":[],"video_schema_markup":"","price":"od 0 USD \/ miesi\u0105c","trial":"","benefits":[{"text":"Bezp\u0142atna pomoc w monta\u017cu"},{"text":"Wyj\u0105tkowe wsparcie"},{"text":"14-dniowa gwarancja zwrotu pieni\u0119dzy"}],"button_url":"#demo","button_target_blank":"0","button_nofollow":"0","attributes":[{"name":"Instaluje"},{"name":"Czu\u0142y"},{"name":"Kompatybilne przegl\u0105darki"}],"tags":[],"tags_disable_links":"0","hide_more_platforms":"0","video_object":"","demo_hide_cta":"0","demo_hide_cloud_options":"0","pricing_title":"","pricing":[{"pricing_icon":"cloud","pricing_title":"Elfsight Apps","pricing_title_caption":"Niezale\u017cne od platformy rozwi\u0105zanie cyfrowe","pricing_price":"od 0 USD \/ miesi\u0105c","pricing_price_caption":"zacznij od bezp\u0142atnego planu","pricing_benefits":[{"text":"Nielimitowane strony internetowe"},{"text":"Dedykowane i terminowe wsparcie"},{"text":"Bezp\u0142atna pomoc w monta\u017cu"},{"text":"\u015awietna oferta na wiele aplikacji"}],"pricing_button_text":"Dodaj do witryny","pricing_button_url":"#demo"}],"related_apps_title":"","related_apps_hidden":"0","author":"","image":[],"title":"","job":"","social_networks":[]},"_links":{"self":[{"href":"https:\/\/elfsight.com\/pl\/wp-json\/wp\/v2\/pages\/6574","targetHints":{"allow":["GET"]}}],"collection":[{"href":"https:\/\/elfsight.com\/pl\/wp-json\/wp\/v2\/pages"}],"about":[{"href":"https:\/\/elfsight.com\/pl\/wp-json\/wp\/v2\/types\/page"}],"author":[{"embeddable":true,"href":"https:\/\/elfsight.com\/pl\/wp-json\/wp\/v2\/users\/9"}],"replies":[{"embeddable":true,"href":"https:\/\/elfsight.com\/pl\/wp-json\/wp\/v2\/comments?post=6574"}],"version-history":[{"count":5,"href":"https:\/\/elfsight.com\/pl\/wp-json\/wp\/v2\/pages\/6574\/revisions"}],"predecessor-version":[{"id":10833,"href":"https:\/\/elfsight.com\/pl\/wp-json\/wp\/v2\/pages\/6574\/revisions\/10833"}],"up":[{"embeddable":true,"href":"https:\/\/elfsight.com\/pl\/wp-json\/wp\/v2\/pages\/2699"}],"wp:attachment":[{"href":"https:\/\/elfsight.com\/pl\/wp-json\/wp\/v2\/media?parent=6574"}],"curies":[{"name":"wp","href":"https:\/\/api.w.org\/{rel}","templated":true}]}}