{"id":6573,"date":"1970-01-01T00:00:00","date_gmt":"1970-01-01T00:00:00","guid":{"rendered":"https:\/\/elfsight.com\/pl\/?page_id=6573"},"modified":"2026-01-21T10:10:00","modified_gmt":"2026-01-21T10:10:00","slug":"shopify","status":"publish","type":"page","link":"https:\/\/elfsight.com\/pl\/social-media-icons-widget\/shopify\/","title":{"rendered":"Social Media Icons &#8211; Shopify"},"content":{"rendered":"<div class=\"application-platform-content-item-description application-platform-content-item\" id=\"description\" data-nav-section=\"description\">\n<h2>Osad\u017a ikony medi\u00f3w spo\u0142eczno\u015bciowych w Shopify za pomoc\u0105 wid\u017cetu Elfsight<\/h2>\n<p>Praktyczne i korzystne ikony spo\u0142eczno\u015bciowe Elfsight, kt\u00f3re \u0142\u0105cz\u0105 Twoj\u0105 witryn\u0119 z dowolnymi sieciami spo\u0142eczno\u015bciowymi. Kontynuuj wspieranie wi\u0119zi ze swoimi u\u017cytkownikami, zamieniaj\u0105c ich w swoich obserwuj\u0105cych. Responsywny szablon, pe\u0142na personalizacja kolorystyki i wygl\u0105du z osadzonymi ikonami wszystkich kluczowych medi\u00f3w spo\u0142eczno\u015bciowych.<\/p>\n<p><b>Zwi\u0119ksz obecno\u015b\u0107 swojej firmy w sieciach spo\u0142eczno\u015bciowych.<\/b><\/p>\n<ul>\n    <li><b>Jeszcze jeden spos\u00f3b nawi\u0105zania kontaktu z klientami<\/b>.<br>Media spo\u0142eczno\u015bciowe mog\u0105 s\u0142u\u017cy\u0107 jako dodatkowy spos\u00f3b na utrzymanie kontaktu z klientami i da\u0107 szans\u0119 na popraw\u0119 relacji.<\/li>\n    <li><b>Maksymalna liczba odwiedzaj\u0105cych Twoje sieci spo\u0142eczno\u015bciowe<\/b>.<br>Zapewnij klientom witryny dost\u0119pn\u0105 mo\u017cliwo\u015b\u0107 dotarcia do Twojego konta w mediach spo\u0142eczno\u015bciowych i cieszenia si\u0119 wi\u0119ksz\u0105 liczb\u0105 odwiedzaj\u0105cych w sieciach spo\u0142eczno\u015bciowych.<\/li>\n    <li><b>A mocny dow\u00f3d spo\u0142eczny<\/b>.<br>Zwi\u0119ksz zaufanie do swojej firmy w\u015br\u00f3d odwiedzaj\u0105cych Twoj\u0105 witryn\u0119 dzi\u0119ki profilom w najpopularniejszych mediach spo\u0142eczno\u015bciowych.<\/li>\n<\/ul>\n<\/div>\n\n<div class=\"application-platform-content-item-features application-platform-content-item\" id=\"features\" data-nav-section=\"features\">\n<h2>G\u0142\u00f3wne cechy wid\u017cetu Ikony medi\u00f3w spo\u0142eczno\u015bciowych<\/h2>\n<p>Kluczowe cechy, dzi\u0119ki kt\u00f3rym nasze ikony staj\u0105 si\u0119 najlepsz\u0105 aplikacj\u0105 spo\u0142eczno\u015bciow\u0105 Shopify.<\/p>\n<ul>\n    <li>Dodaj nieograniczon\u0105 liczb\u0119 ikon;<\/li>\n    <li>5 opcji rozmiaru ikon;<\/li>\n    <li>3 opcje wyr\u00f3wnania ikon: do lewej, do prawej, do \u015brodka;<\/li>\n    <li>Ikony i t\u0142o zmieniaj\u0105 kolor po najechaniu myszk\u0105;<\/li>\n    <li>6 osadzonych styl\u00f3w ikon.<\/li>\n<\/ul>\n<p><a href=\"#demo\">Przeanalizuj najwa\u017cniejsze funkcje wersji demonstracyjnej Elfsight<\/a><\/p>\n<\/div>\n\n<div class=\"application-platform-content-item-installation application-platform-content-item\" id=\"installation\" data-nav-section=\"installation\">\n<h2>Jak doda\u0107 ikony medi\u00f3w spo\u0142eczno\u015bciowych do Shopify<\/h2>\n<div class=\"video-container\">\n    <iframe allowfullscreen=\"\" frameborder=\"0\" height=\"405\" src=\"https:\/\/www.youtube.com\/embed\/-MjrqXe9iag?si=ZJJS8sBvFyl7JKB_\" width=\"720\"><\/iframe>\n  <\/div>\n<p>\u0141atwy plan zintegrowania ikon na stronie internetowej bez znajomo\u015bci programowania. \u015aredni czas ustawiania wynosi oko\u0142o 2 minut.<\/p>\n<ol>\n    <li><b>Wykonaj nasz\u0105 bezp\u0142atn\u0105 wersj\u0119 demonstracyjn\u0105 i zacznij tworzy\u0107 spersonalizowan\u0105 aplikacj\u0119.<\/b><br>Okre\u015bl po\u017c\u0105dany interfejs i aspekty aplikacji i zapisz wszystkie zmiany.<\/li>\n    <li><b>Skopiuj indywidualny kod pojawiaj\u0105cy si\u0119 w polu aplikacji Elfsight.<\/b><br>Po zako\u0144czeniu konfiguracji aplikacji osobistej skopiuj kod osobisty w wy\u015bwietlonym oknie i zachowaj go na p\u00f3\u017aniej.<\/li>\n    <li><b>Rozpocznij korzystanie z aplikacji na stronie internetowej Shopify.<\/b><br>Wklej ostatnio skopiowany kod na swoj\u0105 stron\u0119 internetow\u0105 i zapisz zmiany.<\/li>\n    <li><b>Gotowe! Osadzanie zosta\u0142o pomy\u015blnie zako\u0144czone.<\/b><br>Otw\u00f3rz swoj\u0105 witryn\u0119 i sprawd\u017a, jak dzia\u0142a aplikacja.<\/li>\n<\/ol>\n<p>Nie uda\u0142o Ci si\u0119 zaprojektowa\u0107 lub wy\u015bwietli\u0107 ikon na stronie? Przeczytaj nasz obszerny samouczek \u00ab<a href=\"https:\/\/elfsight.com\/tutorials\/how-to-add-social-media-icons-to-shopify\/\" target=\"_blank\" rel=\"noopener noreferrer\">Jak umie\u015bci\u0107 ikony w Shopify<\/a>\u00bb lub skontaktuj si\u0119 z naszym centrum pomocy.<\/p>\n<\/div>\n\n<div class=\"faq\" data-component=\"FAQ\">\n<div class=\"faq-item\">\r\n\t\t\t\t\t<div class=\"faq-item-question\">\r\n\t\t\t\t\t\t<h3 class=\"faq-item-question-text\">Jak mog\u0119 doda\u0107 ikony medi\u00f3w spo\u0142eczno\u015bciowych do mojego Shopify bez kodowania?<\/h3>\r\n\r\n\t\t\t\t\t\t<div class=\"faq-item-question-icon\"><\/div>\r\n\t\t\t\t\t<\/div>\r\n\r\n\t\t\t\t\t<div class=\"faq-item-answer\">\r\n\t\t\t\t\t\t<div class=\"faq-item-answer-text\">\n<p>Firma Elfsight dostarcza rozwi\u0105zanie, kt\u00f3re pozwala szerokiemu gronu odbiorc\u00f3w samodzielnie wygenerowa\u0107 wid\u017cet Ikony Medi\u00f3w Spo\u0142eczno\u015bciowych, zobacz jakie to proste: <\/p>\n<ul>\n    <li>Przejd\u017a do edytora na \u017cywo, aby wygenerowa\u0107 wid\u017cet Ikony medi\u00f3w spo\u0142eczno\u015bciowych, kt\u00f3ry chcesz wy\u015bwietla\u0107 w witrynie Shopify.<\/li>\n    <li>Wybierz jeden z wst\u0119pnie zaprojektowanych szablon\u00f3w i dostosuj ustawienia ikon medi\u00f3w spo\u0142eczno\u015bciowych, zmie\u0144 uk\u0142ad i kolor element\u00f3w, zaktualizuj swoj\u0105 tre\u015bci bez kodowania.<\/li>\n    <li>Kliknij, aby zapisa\u0107 ikony medi\u00f3w spo\u0142eczno\u015bciowych i uzyska\u0107 kod instalacyjny, kt\u00f3ry mo\u017cna po prostu bezp\u0142atnie wklei\u0107 na stronie g\u0142\u00f3wnej Shopify.<\/li>\n<\/ul>\n<p>Dzi\u0119ki pomocy prostego edytora, ka\u017cdy u\u017cytkownik Internetu mo\u017ce zbudowa\u0107 wtyczk\u0119 Social Media Icons online i osadzi\u0107 j\u0105 na dowolnej stronie g\u0142\u00f3wnej Shopify. Aby wej\u015b\u0107 do naszego serwisu, nie mo\u017cesz wykupi\u0107 p\u0142atnej subskrypcji ani podawa\u0107 danych swojej karty. Je\u015bli napotkasz jakiekolwiek problemy, skontaktuj si\u0119 z naszym personelem pomocy technicznej.<\/p>\n<\/div>\r\n\t\t\t\t\t<\/div>\r\n\t\t\t\t<\/div>\n<\/div>","protected":false},"excerpt":{"rendered":"","protected":false},"author":9,"featured_media":0,"parent":2699,"menu_order":0,"comment_status":"closed","ping_status":"closed","template":"templates\/template-application-platform.php","meta":{"publish_to_discourse":"","publish_post_category":"","wpdc_auto_publish_overridden":"","wpdc_topic_tags":"","wpdc_pin_topic":"","wpdc_pin_until":"","discourse_post_id":"","discourse_permalink":"","wpdc_publishing_response":"","wpdc_publishing_error":"","footnotes":""},"class_list":["post-6573","page","type-page","status-publish","hentry"],"yoast_head":"<!-- This site is optimized with the Yoast SEO plugin v25.3.1 - https:\/\/yoast.com\/wordpress\/plugins\/seo\/ -->\n<title>Aplikacja Shopify Social Media Icons dla Twojego sklepu ( 2025 )<\/title>\n<meta name=\"description\" content=\"Wypr\u00f3buj nasze ikony medi\u00f3w spo\u0142eczno\u015bciowych dla witryny Shopify ca\u0142kowicie bezp\u0142atnie. Kszta\u0142tuj niestandardowe ikony dla swojej witryny tylko w kilka minut!\" \/>\n<meta name=\"robots\" content=\"index, follow, max-snippet:-1, max-image-preview:large, max-video-preview:-1\" \/>\n<link rel=\"canonical\" href=\"https:\/\/elfsight.com\/pl\/social-media-icons-widget\/shopify\/\" \/>\n<meta property=\"og:locale\" content=\"pl_PL\" \/>\n<meta property=\"og:type\" content=\"article\" \/>\n<meta property=\"og:title\" content=\"Aplikacja Shopify Social Media Icons dla Twojego sklepu ( 2025 )\" \/>\n<meta property=\"og:description\" content=\"Wypr\u00f3buj nasze ikony medi\u00f3w spo\u0142eczno\u015bciowych dla witryny Shopify ca\u0142kowicie bezp\u0142atnie. Kszta\u0142tuj niestandardowe ikony dla swojej witryny tylko w kilka minut!\" \/>\n<meta property=\"og:url\" content=\"https:\/\/elfsight.com\/pl\/social-media-icons-widget\/shopify\/\" \/>\n<meta property=\"og:site_name\" content=\"Elfsight PL\" \/>\n<meta property=\"article:modified_time\" content=\"2026-01-21T10:10:00+00:00\" \/>\n<meta name=\"twitter:card\" content=\"summary_large_image\" \/>\n<meta name=\"twitter:label1\" content=\"Szacowany czas czytania\" \/>\n\t<meta name=\"twitter:data1\" content=\"3 minuty\" \/>\n<!-- \/ Yoast SEO plugin. -->","yoast_head_json":{"title":"Aplikacja Shopify Social Media Icons dla Twojego sklepu ( 2025 )","description":"Wypr\u00f3buj nasze ikony medi\u00f3w spo\u0142eczno\u015bciowych dla witryny Shopify ca\u0142kowicie bezp\u0142atnie. Kszta\u0142tuj niestandardowe ikony dla swojej witryny tylko w kilka minut!","robots":{"index":"index","follow":"follow","max-snippet":"max-snippet:-1","max-image-preview":"max-image-preview:large","max-video-preview":"max-video-preview:-1"},"canonical":"https:\/\/elfsight.com\/pl\/social-media-icons-widget\/shopify\/","og_locale":"pl_PL","og_type":"article","og_title":"Aplikacja Shopify Social Media Icons dla Twojego sklepu ( 2025 )","og_description":"Wypr\u00f3buj nasze ikony medi\u00f3w spo\u0142eczno\u015bciowych dla witryny Shopify ca\u0142kowicie bezp\u0142atnie. Kszta\u0142tuj niestandardowe ikony dla swojej witryny tylko w kilka minut!","og_url":"https:\/\/elfsight.com\/pl\/social-media-icons-widget\/shopify\/","og_site_name":"Elfsight PL","article_modified_time":"2026-01-21T10:10:00+00:00","twitter_card":"summary_large_image","twitter_misc":{"Szacowany czas czytania":"3 minuty"},"schema":{"@context":"https:\/\/schema.org","@graph":[{"@type":"WebPage","@id":"https:\/\/elfsight.com\/pl\/social-media-icons-widget\/shopify\/","url":"https:\/\/elfsight.com\/pl\/social-media-icons-widget\/shopify\/","name":"Aplikacja Shopify Social Media Icons dla Twojego sklepu ( 2025 )","isPartOf":{"@id":"https:\/\/elfsight.com\/pl\/#website"},"datePublished":"1970-01-01T00:00:00+00:00","dateModified":"2026-01-21T10:10:00+00:00","description":"Wypr\u00f3buj nasze ikony medi\u00f3w spo\u0142eczno\u015bciowych dla witryny Shopify ca\u0142kowicie bezp\u0142atnie. Kszta\u0142tuj niestandardowe ikony dla swojej witryny tylko w kilka minut!","breadcrumb":{"@id":"https:\/\/elfsight.com\/pl\/social-media-icons-widget\/shopify\/#breadcrumb"},"inLanguage":"pl-PL","potentialAction":[{"@type":"ReadAction","target":["https:\/\/elfsight.com\/pl\/social-media-icons-widget\/shopify\/"]}]},{"@type":"BreadcrumbList","@id":"https:\/\/elfsight.com\/pl\/social-media-icons-widget\/shopify\/#breadcrumb","itemListElement":[{"@type":"ListItem","position":1,"name":"Home","item":"https:\/\/elfsight.com\/pl\/"},{"@type":"ListItem","position":2,"name":"Social Media Icons","item":"https:\/\/elfsight.com\/pl\/social-media-icons-widget\/"},{"@type":"ListItem","position":3,"name":"Social Media Icons &#8211; Shopify"}]},{"@type":"WebSite","@id":"https:\/\/elfsight.com\/pl\/#website","url":"https:\/\/elfsight.com\/pl\/","name":"Elfsight PL","description":"Just another Elfsight Sites site","potentialAction":[{"@type":"SearchAction","target":{"@type":"EntryPoint","urlTemplate":"https:\/\/elfsight.com\/pl\/?s={search_term_string}"},"query-input":{"@type":"PropertyValueSpecification","valueRequired":true,"valueName":"search_term_string"}}],"inLanguage":"pl-PL"}]}},"meta_box":{"industry":"","seo_heading":"","heading":"","description":"","cta_heading":"","cta_description":"","application":"2698","h1":"Ikony medi\u00f3w spo\u0142eczno\u015bciowych dla Shopify","h1_caption":"Dodaj ikony, kt\u00f3re prowadz\u0105 do Twoich profili w mediach spo\u0142eczno\u015bciowych, u\u0142atwiaj\u0105c odwiedzaj\u0105cym bezproblemowe \u0142\u0105czenie si\u0119 z Tob\u0105 na r\u00f3\u017cnych platformach w Twojej witrynie Shopify.","application_category":[],"applications_title":"","applications_request_title":"","applications_request_button_text":"","hero_text":"","hero_video":"","hero_video_schema_markup":"","selling_points_title":"","selling_points_caption":"","selling_points":[],"selling_points_cta_text":"","features_title":"","features":"","ed_cta_examples_text":"","ed_cta_examples_hidden":"","ed_cta_demo_text":"","ed_cta_demo_hidden":"","why_caption":"","why_editor_title":"","why_editor_text":"","why_team_title":"","why_team_text":"","why_service_title":"","why_service_text":"","template_catalog_visible":"0","template_catalog_title":"","template_catalog_text":"","template_catalog_categories_visible":"","demo_title":"Utw\u00f3rz aplikacj\u0119 z ikonami medi\u00f3w spo\u0142eczno\u015bciowych","demo_caption":"Skonfiguruj ikony medi\u00f3w spo\u0142eczno\u015bciowych i dodaj je za darmo do swojej witryny Shopify!","default_faq_hidden":"","app_template_category":[],"platform":"7580","template_public_id":"","codecanyon_url":"","codecanyon_item_id":"","codecanyon_price":"","pricing_caption":"","pricing_elfsight_apps_hide_column":"","pricing_elfsight_apps_url":"","pricing_codecanyon_price_caption":"","integration_category":[],"integration_request_title":"","integration_request_cta":"","integration_platform":"","integrations":[],"platform_category":[],"video_schema_markup":"","price":"od 0 USD \/ miesi\u0105c","trial":"","benefits":[{"text":"Bezp\u0142atna us\u0142uga monta\u017cu"},{"text":"Wsparcie premium"},{"text":"14-dniowa gwarancja zwrotu pieni\u0119dzy"}],"button_url":"#demo","button_target_blank":"0","button_nofollow":"0","attributes":[{"name":"Instaluje"},{"name":"Czu\u0142y"},{"name":"Kompatybilne przegl\u0105darki"}],"tags":[],"tags_disable_links":"0","hide_more_platforms":"0","video_object":"","demo_hide_cta":"0","demo_hide_cloud_options":"0","pricing_title":"","pricing":[{"pricing_icon":"cloud","pricing_title":"Elfsight Apps","pricing_title_caption":"Wersja wieloplatformowa, kt\u00f3ra dzia\u0142a na ka\u017cdej stronie internetowej","pricing_price":"od 0 USD \/ miesi\u0105c","pricing_price_caption":"zacznij od bezp\u0142atnego planu","pricing_benefits":[{"text":"Nielimitowane strony internetowe"},{"text":"Wsparcie premium"},{"text":"Bezp\u0142atna us\u0142uga monta\u017cu"},{"text":"Oferta specjalna na wiele aplikacji"}],"pricing_button_text":"Dodaj do witryny","pricing_button_url":"#demo"}],"related_apps_title":"","related_apps_hidden":"0","author":"","image":[],"title":"","job":"","social_networks":[]},"_links":{"self":[{"href":"https:\/\/elfsight.com\/pl\/wp-json\/wp\/v2\/pages\/6573","targetHints":{"allow":["GET"]}}],"collection":[{"href":"https:\/\/elfsight.com\/pl\/wp-json\/wp\/v2\/pages"}],"about":[{"href":"https:\/\/elfsight.com\/pl\/wp-json\/wp\/v2\/types\/page"}],"author":[{"embeddable":true,"href":"https:\/\/elfsight.com\/pl\/wp-json\/wp\/v2\/users\/9"}],"replies":[{"embeddable":true,"href":"https:\/\/elfsight.com\/pl\/wp-json\/wp\/v2\/comments?post=6573"}],"version-history":[{"count":4,"href":"https:\/\/elfsight.com\/pl\/wp-json\/wp\/v2\/pages\/6573\/revisions"}],"predecessor-version":[{"id":10851,"href":"https:\/\/elfsight.com\/pl\/wp-json\/wp\/v2\/pages\/6573\/revisions\/10851"}],"up":[{"embeddable":true,"href":"https:\/\/elfsight.com\/pl\/wp-json\/wp\/v2\/pages\/2699"}],"wp:attachment":[{"href":"https:\/\/elfsight.com\/pl\/wp-json\/wp\/v2\/media?parent=6573"}],"curies":[{"name":"wp","href":"https:\/\/api.w.org\/{rel}","templated":true}]}}