{"id":6568,"date":"1970-01-01T00:00:00","date_gmt":"1970-01-01T00:00:00","guid":{"rendered":"https:\/\/elfsight.com\/pl\/?page_id=6568"},"modified":"2025-06-19T15:27:24","modified_gmt":"2025-06-19T15:27:24","slug":"webflow","status":"publish","type":"page","link":"https:\/\/elfsight.com\/pl\/social-media-icons-widget\/webflow\/","title":{"rendered":"Social Media Icons &#8211; Webflow"},"content":{"rendered":"<div class=\"application-platform-content-item-description application-platform-content-item\" id=\"description\" data-nav-section=\"description\">\n<h2>Osad\u017a ikony medi\u00f3w spo\u0142eczno\u015bciowych w Webflow za pomoc\u0105 wid\u017cetu Elfsight<\/h2>\n<p>Proste i skuteczne ikony spo\u0142eczno\u015bciowe Elfsight s\u0142u\u017c\u0105 do \u0142\u0105czenia Twojej strony internetowej z dowolnymi mediami spo\u0142eczno\u015bciowymi. Pozosta\u0144 w kontakcie z klientami nawet po opuszczeniu Twojej witryny, korzystaj\u0105c z przycisk\u00f3w spo\u0142eczno\u015bciowych. Responsywny uk\u0142ad, mo\u017cliwo\u015b\u0107 dostosowania schematu kolor\u00f3w i stylu, gotowe do u\u017cycia ikony wszystkich najpopularniejszych medi\u00f3w spo\u0142eczno\u015bciowych i wi\u0119cej opcji w naszym wid\u017cecie Ikony spo\u0142eczno\u015bciowe.<\/p>\n<p><b>Zwi\u0119ksz obecno\u015b\u0107 swojej firmy w mediach spo\u0142eczno\u015bciowych.<\/b><\/p>\n<ul>\n    <li><b>Wi\u0119kszy dow\u00f3d spo\u0142eczny i wi\u0119ksza popularno\u015b\u0107 Twoich kont<\/b>.<br>Wzmocnij wizerunek swojej marki w\u015br\u00f3d u\u017cytkownik\u00f3w, promuj\u0105c j\u0105 w mediach spo\u0142eczno\u015bciowych oraz podnosz\u0105c spo\u0142eczny dow\u00f3d i popularno\u015b\u0107.<\/li>\n    <li><b>Wi\u0119cej obserwuj\u0105cych dzi\u0119ki aktywnemu zaanga\u017cowaniu w media spo\u0142eczno\u015bciowe<\/b>.<br>Wyka\u017c swoj\u0105 aktywn\u0105 obecno\u015b\u0107 w mediach spo\u0142eczno\u015bciowych i wzbud\u017a zainteresowanie swoj\u0105 firm\u0105, aby mie\u0107 wi\u0119cej obserwuj\u0105cych.<\/li>\n    <li><b>Lepsza komunikacja z klientami dzi\u0119ki szybszym sposobom kontaktu<\/b>.<br>Poka\u017c swoim obecnym i przysz\u0142ym klientom wi\u0119cej mo\u017cliwo\u015bci dotarcia do Ciebie i usprawnij komunikacj\u0119 z klientami.<\/li>\n<\/ul>\n<\/div>\n\n<div class=\"application-platform-content-item-features application-platform-content-item\" id=\"features\" data-nav-section=\"features\">\n<h2>G\u0142\u00f3wne cechy wid\u017cetu Ikony medi\u00f3w spo\u0142eczno\u015bciowych<\/h2>\n<p>G\u0142\u00f3wne zalety naszych ikon, kt\u00f3re czyni\u0105 je jednymi z najlepszych ikon Webflow:<\/p>\n<ul>\n    <li>Ponad 50 predefiniowanych platform spo\u0142eczno\u015bciowych;<\/li>\n    <li>5 opcji rozmiaru ikon;<\/li>\n    <li>3 warianty pozycji;<\/li>\n    <li>5 typ\u00f3w animacji;<\/li>\n    <li>3 schematy kolor\u00f3w ikon, t\u0142a i efektu najechania;<\/li>\n    <li>5 rodzaj\u00f3w efektu najechania.<\/li>\n<\/ul>\n<p><a href=\"#demo\">Odkryj pe\u0142n\u0105 list\u0119 samodzielnie<\/a><\/p>\n<\/div>\n\n<div class=\"application-platform-content-item-installation application-platform-content-item\" id=\"installation\" data-nav-section=\"installation\">\n<h2>Jak doda\u0107 ikony medi\u00f3w spo\u0142eczno\u015bciowych do witryny Webflow<\/h2>\n<div class=\"video-container\"><iframe width=\"720\" height=\"405\" src=\"https:\/\/www.youtube.com\/embed\/Rv_tsMMkF8I\" frameborder=\"0\" allowfullscreen=\"\"><\/iframe><\/div>\n<p>Szybki przewodnik na temat dodawania ikon na stronie internetowej bez specjalnych umiej\u0119tno\u015bci programowania. Ca\u0142kowity czas instalacji wynosi maksymalnie ponad trzy minuty.<\/p>\n<ol>\n    <li><b>Zaprojektuj w\u0142asne ikony spo\u0142eczno\u015bciowe<\/b>.<br>Korzystaj\u0105c z naszego bezp\u0142atnego edytora, utw\u00f3rz wid\u017cet o niezb\u0119dnym wygl\u0105dzie i mo\u017cliwo\u015bciach.<\/li>\n    <li><b>Skopiuj kod do integracji wid\u017cetu<\/b>.<br>Po utworzeniu wid\u017cetu pobierz kod wid\u017cetu Ikony z wyskakuj\u0105cego powiadomienia w aplikacjach Elfsight.<\/li>\n    <li><b>Poka\u017c wid\u017cet na stronie Webflow<\/b>.<br>Wy\u015bwietl wid\u017cet w odpowiednim miejscu strony i zastosuj zmiany.<\/li>\n    <li><b>Gotowe!<\/b><br>Odwied\u017a swoj\u0105 witryn\u0119, aby sprawdzi\u0107 ikony.<\/li>\n<\/ol>\n<p>Nie uda\u0142o si\u0119 zainstalowa\u0107 lub dostosowa\u0107 ikon? Sprawd\u017a nasz pe\u0142ny przewodnik \u00ab<a href=\"https:\/\/elfsight.com\/tutorials\/how-to-add-social-media-icons-to-webflow\/\" target=\"_blank\" rel=\"noopener noreferrer\">Jak doda\u0107 ikony medi\u00f3w spo\u0142eczno\u015bciowych do witryny Webflow<\/a>\u00bb lub skontaktuj si\u0119 z naszym centrum pomocy.<\/p>\n<\/div>\n\n<div class=\"faq\" data-component=\"FAQ\">\n<div class=\"faq-item\">\r\n\t\t\t\t\t<div class=\"faq-item-question\">\r\n\t\t\t\t\t\t<h3 class=\"faq-item-question-text\">Jak mog\u0119 doda\u0107 Ikony medi\u00f3w spo\u0142eczno\u015bciowych do mojej witryny Webflow bez kodowania?<\/h3>\r\n\r\n\t\t\t\t\t\t<div class=\"faq-item-question-icon\"><\/div>\r\n\t\t\t\t\t<\/div>\r\n\r\n\t\t\t\t\t<div class=\"faq-item-answer\">\r\n\t\t\t\t\t\t<div class=\"faq-item-answer-text\">\n<p>Firma Elfsight zapewnia rozwi\u0105zanie w chmurze, kt\u00f3re umo\u017cliwia samodzielne utworzenie sekcji ikon medi\u00f3w spo\u0142eczno\u015bciowych, poznaj nieskomplikowane kroki: <\/p>\n<ul>\n    <li>Rozpocznij prac\u0119 w wersji demonstracyjnej na \u017cywo, aby utworzy\u0107 wtyczk\u0119 Social Media Icons, kt\u00f3r\u0105 chcia\u0142by\u015b zobaczy\u0107 na stronie internetowej Webflow.<\/li>\n    <li>Wybierz jeden z gotowych szablon\u00f3w i dostosuj ustawienia ikon medi\u00f3w spo\u0142eczno\u015bciowych, zmie\u0144 uk\u0142ad i kolory, dodaj swoj\u0105 tre\u015b\u0107 bez kodowania.<\/li>\n    <li>Kliknij, aby zapisa\u0107 ustawienia wprowadzone w ikonach medi\u00f3w spo\u0142eczno\u015bciowych i skopiuj kod instalacyjny wid\u017cetu, kt\u00f3ry mo\u017cesz po prostu bezp\u0142atnie osadzi\u0107 na swojej stronie internetowej Webflow.<\/li>\n<\/ul>\n<p>Dzi\u0119ki \u0142atwemu w u\u017cyciu konfiguratorowi ka\u017cdy u\u017cytkownik Internetu mo\u017ce ustawi\u0107 ikony medi\u00f3w spo\u0142eczno\u015bciowych online i \u0142atwo umie\u015bci\u0107 je na dowolnej stronie g\u0142\u00f3wnej Webflow. Aby uzyska\u0107 dost\u0119p do Edytora, nie trzeba kupowa\u0107 planu p\u0142atnego ani podawa\u0107 danych karty. Je\u015bli napotkasz jakiekolwiek przeszkody, skontaktuj si\u0119 z nasz\u0105 techniczn\u0105 obs\u0142ug\u0105 klienta.<\/p>\n<\/div>\r\n\t\t\t\t\t<\/div>\r\n\t\t\t\t<\/div>\n<\/div>","protected":false},"excerpt":{"rendered":"","protected":false},"author":9,"featured_media":0,"parent":2699,"menu_order":0,"comment_status":"closed","ping_status":"closed","template":"templates\/template-application-platform.php","meta":{"publish_to_discourse":"","publish_post_category":"","wpdc_auto_publish_overridden":"","wpdc_topic_tags":"","wpdc_pin_topic":"","wpdc_pin_until":"","discourse_post_id":"","discourse_permalink":"","wpdc_publishing_response":"","wpdc_publishing_error":"","footnotes":""},"class_list":["post-6568","page","type-page","status-publish","hentry"],"yoast_head":"<!-- This site is optimized with the Yoast SEO plugin v25.3.1 - https:\/\/yoast.com\/wordpress\/plugins\/seo\/ -->\n<title>Ikony medi\u00f3w spo\u0142eczno\u015bciowych \u2013 dodaj ikony spo\u0142eczno\u015bciowe do witryny Webflow<\/title>\n<meta name=\"description\" content=\"Wypr\u00f3buj ikony medi\u00f3w spo\u0142eczno\u015bciowych Elfsight dla Webflow ju\u017c teraz. Stw\u00f3rz swoje unikalne ikony na stron\u0119 internetow\u0105 w zaledwie dwie minuty!\" \/>\n<meta name=\"robots\" content=\"index, follow, max-snippet:-1, max-image-preview:large, max-video-preview:-1\" \/>\n<link rel=\"canonical\" href=\"https:\/\/elfsight.com\/pl\/social-media-icons-widget\/webflow\/\" \/>\n<meta property=\"og:locale\" content=\"pl_PL\" \/>\n<meta property=\"og:type\" content=\"article\" \/>\n<meta property=\"og:title\" content=\"Ikony medi\u00f3w spo\u0142eczno\u015bciowych \u2013 dodaj ikony spo\u0142eczno\u015bciowe do witryny Webflow\" \/>\n<meta property=\"og:description\" content=\"Wypr\u00f3buj ikony medi\u00f3w spo\u0142eczno\u015bciowych Elfsight dla Webflow ju\u017c teraz. Stw\u00f3rz swoje unikalne ikony na stron\u0119 internetow\u0105 w zaledwie dwie minuty!\" \/>\n<meta property=\"og:url\" content=\"https:\/\/elfsight.com\/pl\/social-media-icons-widget\/webflow\/\" \/>\n<meta property=\"og:site_name\" content=\"Elfsight PL\" \/>\n<meta property=\"article:modified_time\" content=\"2025-06-19T15:27:24+00:00\" \/>\n<meta name=\"twitter:card\" content=\"summary_large_image\" \/>\n<meta name=\"twitter:label1\" content=\"Szacowany czas czytania\" \/>\n\t<meta name=\"twitter:data1\" content=\"3 minuty\" \/>\n<!-- \/ Yoast SEO plugin. -->","yoast_head_json":{"title":"Ikony medi\u00f3w spo\u0142eczno\u015bciowych \u2013 dodaj ikony spo\u0142eczno\u015bciowe do witryny Webflow","description":"Wypr\u00f3buj ikony medi\u00f3w spo\u0142eczno\u015bciowych Elfsight dla Webflow ju\u017c teraz. Stw\u00f3rz swoje unikalne ikony na stron\u0119 internetow\u0105 w zaledwie dwie minuty!","robots":{"index":"index","follow":"follow","max-snippet":"max-snippet:-1","max-image-preview":"max-image-preview:large","max-video-preview":"max-video-preview:-1"},"canonical":"https:\/\/elfsight.com\/pl\/social-media-icons-widget\/webflow\/","og_locale":"pl_PL","og_type":"article","og_title":"Ikony medi\u00f3w spo\u0142eczno\u015bciowych \u2013 dodaj ikony spo\u0142eczno\u015bciowe do witryny Webflow","og_description":"Wypr\u00f3buj ikony medi\u00f3w spo\u0142eczno\u015bciowych Elfsight dla Webflow ju\u017c teraz. Stw\u00f3rz swoje unikalne ikony na stron\u0119 internetow\u0105 w zaledwie dwie minuty!","og_url":"https:\/\/elfsight.com\/pl\/social-media-icons-widget\/webflow\/","og_site_name":"Elfsight PL","article_modified_time":"2025-06-19T15:27:24+00:00","twitter_card":"summary_large_image","twitter_misc":{"Szacowany czas czytania":"3 minuty"},"schema":{"@context":"https:\/\/schema.org","@graph":[{"@type":"WebPage","@id":"https:\/\/elfsight.com\/pl\/social-media-icons-widget\/webflow\/","url":"https:\/\/elfsight.com\/pl\/social-media-icons-widget\/webflow\/","name":"Ikony medi\u00f3w spo\u0142eczno\u015bciowych \u2013 dodaj ikony spo\u0142eczno\u015bciowe do witryny Webflow","isPartOf":{"@id":"https:\/\/elfsight.com\/pl\/#website"},"datePublished":"1970-01-01T00:00:00+00:00","dateModified":"2025-06-19T15:27:24+00:00","description":"Wypr\u00f3buj ikony medi\u00f3w spo\u0142eczno\u015bciowych Elfsight dla Webflow ju\u017c teraz. Stw\u00f3rz swoje unikalne ikony na stron\u0119 internetow\u0105 w zaledwie dwie minuty!","breadcrumb":{"@id":"https:\/\/elfsight.com\/pl\/social-media-icons-widget\/webflow\/#breadcrumb"},"inLanguage":"pl-PL","potentialAction":[{"@type":"ReadAction","target":["https:\/\/elfsight.com\/pl\/social-media-icons-widget\/webflow\/"]}]},{"@type":"BreadcrumbList","@id":"https:\/\/elfsight.com\/pl\/social-media-icons-widget\/webflow\/#breadcrumb","itemListElement":[{"@type":"ListItem","position":1,"name":"Home","item":"https:\/\/elfsight.com\/pl\/"},{"@type":"ListItem","position":2,"name":"Social Media Icons","item":"https:\/\/elfsight.com\/pl\/social-media-icons-widget\/"},{"@type":"ListItem","position":3,"name":"Social Media Icons &#8211; Webflow"}]},{"@type":"WebSite","@id":"https:\/\/elfsight.com\/pl\/#website","url":"https:\/\/elfsight.com\/pl\/","name":"Elfsight PL","description":"Just another Elfsight Sites site","potentialAction":[{"@type":"SearchAction","target":{"@type":"EntryPoint","urlTemplate":"https:\/\/elfsight.com\/pl\/?s={search_term_string}"},"query-input":{"@type":"PropertyValueSpecification","valueRequired":true,"valueName":"search_term_string"}}],"inLanguage":"pl-PL"}]}},"meta_box":{"industry":"","seo_heading":"","heading":"","description":"","cta_heading":"","cta_description":"","application":"2698","h1":"Ikony medi\u00f3w spo\u0142eczno\u015bciowych dla przep\u0142ywu sieci","h1_caption":"Dodaj ikony prowadz\u0105ce do Twoich profili w mediach spo\u0142eczno\u015bciowych, u\u0142atwiaj\u0105c odwiedzaj\u0105cym bezproblemowe \u0142\u0105czenie si\u0119 z Tob\u0105 na r\u00f3\u017cnych platformach w witrynie Webflow.","application_category":[],"applications_title":"","applications_request_title":"","applications_request_button_text":"","hero_text":"","hero_video":"","hero_video_schema_markup":"","selling_points_title":"","selling_points_caption":"","selling_points":[],"selling_points_cta_text":"","features_title":"","features":"","ed_cta_examples_text":"","ed_cta_examples_hidden":"","ed_cta_demo_text":"","ed_cta_demo_hidden":"","why_caption":"","why_editor_title":"","why_editor_text":"","why_team_title":"","why_team_text":"","why_service_title":"","why_service_text":"","template_catalog_visible":"0","template_catalog_title":"","template_catalog_text":"","template_catalog_categories_visible":"","demo_title":"Utw\u00f3rz wid\u017cet Ikony medi\u00f3w spo\u0142eczno\u015bciowych","demo_caption":"Skonfiguruj ikony medi\u00f3w spo\u0142eczno\u015bciowych i dodaj je za darmo do swojej witryny Webflow!","default_faq_hidden":"","app_template_category":[],"platform":"127","template_public_id":"","codecanyon_url":"","codecanyon_item_id":"","codecanyon_price":"","pricing_caption":"","pricing_elfsight_apps_hide_column":"","pricing_elfsight_apps_url":"","pricing_codecanyon_price_caption":"","integration_category":[],"integration_request_title":"","integration_request_cta":"","integration_platform":"","integrations":[],"platform_category":[],"video_schema_markup":"","price":"od 0 USD \/ miesi\u0105c","trial":"","benefits":[{"text":"Bezp\u0142atna pomoc w instalacji"},{"text":"Kompetentny zesp\u00f3\u0142 wsparcia"},{"text":"14-dniowa gwarancja zwrotu pieni\u0119dzy"}],"button_url":"#demo","button_target_blank":"0","button_nofollow":"0","attributes":[{"name":"Instaluje"},{"name":"Czu\u0142y"},{"name":"Kompatybilne przegl\u0105darki"}],"tags":[],"tags_disable_links":"0","hide_more_platforms":"0","video_object":"","demo_hide_cta":"0","demo_hide_cloud_options":"0","pricing_title":"","pricing":[{"pricing_icon":"platform","pricing_title":"Webflow widget","pricing_title_caption":"Niezale\u017cne od platformy rozwi\u0105zanie cyfrowe, kt\u00f3re pasuje do ka\u017cdej strony internetowej (w tym Webflow)","pricing_price":"od 0 USD \/ miesi\u0105c","pricing_price_caption":"zacznij od bezp\u0142atnego planu","pricing_benefits":[{"text":"Nielimitowane strony internetowe"},{"text":"Profesjonalny zesp\u00f3\u0142 wsparcia"},{"text":"Bezp\u0142atna pomoc w monta\u017cu"},{"text":"Oferta specjalna na wiele aplikacji"}],"pricing_button_text":"Dodaj do witryny","pricing_button_url":"#demo"}],"related_apps_title":"","related_apps_hidden":"0","author":"","image":[],"title":"","job":"","social_networks":[]},"_links":{"self":[{"href":"https:\/\/elfsight.com\/pl\/wp-json\/wp\/v2\/pages\/6568","targetHints":{"allow":["GET"]}}],"collection":[{"href":"https:\/\/elfsight.com\/pl\/wp-json\/wp\/v2\/pages"}],"about":[{"href":"https:\/\/elfsight.com\/pl\/wp-json\/wp\/v2\/types\/page"}],"author":[{"embeddable":true,"href":"https:\/\/elfsight.com\/pl\/wp-json\/wp\/v2\/users\/9"}],"replies":[{"embeddable":true,"href":"https:\/\/elfsight.com\/pl\/wp-json\/wp\/v2\/comments?post=6568"}],"version-history":[{"count":3,"href":"https:\/\/elfsight.com\/pl\/wp-json\/wp\/v2\/pages\/6568\/revisions"}],"predecessor-version":[{"id":10161,"href":"https:\/\/elfsight.com\/pl\/wp-json\/wp\/v2\/pages\/6568\/revisions\/10161"}],"up":[{"embeddable":true,"href":"https:\/\/elfsight.com\/pl\/wp-json\/wp\/v2\/pages\/2699"}],"wp:attachment":[{"href":"https:\/\/elfsight.com\/pl\/wp-json\/wp\/v2\/media?parent=6568"}],"curies":[{"name":"wp","href":"https:\/\/api.w.org\/{rel}","templated":true}]}}