{"id":6560,"date":"1970-01-01T00:00:00","date_gmt":"1970-01-01T00:00:00","guid":{"rendered":"https:\/\/elfsight.com\/pl\/?page_id=6560"},"modified":"2024-11-14T12:47:30","modified_gmt":"2024-11-14T12:47:30","slug":"drupal","status":"publish","type":"page","link":"https:\/\/elfsight.com\/pl\/social-media-icons-widget\/drupal\/","title":{"rendered":"Social Media Icons &#8211; Drupal"},"content":{"rendered":"<div class=\"application-platform-content-item-description application-platform-content-item\" id=\"description\" data-nav-section=\"description\"><h2>Opis<\/h2><p>Praktyczne i skuteczne ikony spo\u0142eczno\u015bciowe firmy Elfsight umo\u017cliwiaj\u0105ce po\u0142\u0105czenie Twojej witryny z r\u00f3\u017cnymi mediami spo\u0142eczno\u015bciowymi. Rozwijaj kontakty ze swoimi klientami, przekszta\u0142caj\u0105c ich w swoich fan\u00f3w. Responsywny szablon, szerokie mo\u017cliwo\u015bci personalizacji interfejsu i stylu dzi\u0119ki gotowym ikonom wszystkich g\u0142\u00f3wnych medi\u00f3w spo\u0142eczno\u015bciowych.<\/p><p><b>Zwi\u0119ksz popularno\u015b\u0107 swojej marki w mediach spo\u0142eczno\u015bciowych<\/b><\/p> <ul><li><b>Zdob\u0105d\u017a nowych subskrybent\u00f3w<\/b>.<br>Udost\u0119pnij link do wymaganych kont spo\u0142eczno\u015bciowych i zwi\u0119ksz szanse, \u017ce odwiedzaj\u0105cy Twoj\u0105 witryn\u0119 stan\u0105 si\u0119 Twoimi subskrybentami.<\/li><li><b> Nowi czytelnicy w mediach spo\u0142eczno\u015bciowych<\/b>.<br>Zwi\u0119ksz zasi\u0119g swoich stron medialnych, stale anga\u017cuj\u0105c czytelnik\u00f3w witryny i przekszta\u0142caj\u0105c ich w subskrybent\u00f3w.<\/li><li><b>B\u0105d\u017a w kontakcie z klientami 24 godziny na dob\u0119, 7 dni w tygodniu <\/b>.<br>Daje czytelnikom mo\u017cliwo\u015b\u0107 wyboru jednego z najwygodniejszych dodatkowych narz\u0119dzi komunikacji i udzielania pomocy za po\u015brednictwem sieci spo\u0142eczno\u015bciowych.<\/li><li><b>Produktywne anga\u017cowanie klient\u00f3w<\/b> .<br>Poka\u017c sw\u00f3j aktywny status w mediach spo\u0142eczno\u015bciowych i zwr\u00f3\u0107 uwag\u0119 na swoj\u0105 firm\u0119 w\u015br\u00f3d os\u00f3b odwiedzaj\u0105cych witryn\u0119.<\/li><\/ul><\/div><div class=\"application-platform-content-item-features application-platform-content-item\" id=\"features\" data-nav-section=\"features\"><h2>Funkcje<\/h2><p>Kluczowe punkty, dzi\u0119ki kt\u00f3rym ikony Elfsight staj\u0105 si\u0119 najlepszym modu\u0142em spo\u0142eczno\u015bciowym Drupala.<\/p><ul><li>Biblioteka ikon najpopularniejszych medi\u00f3w;<\/li><li>Duplikuj i usuwaj ikony;<\/li><li>3 warianty wyr\u00f3wnania ikon: do lewej, do prawej, do \u015brodka;<\/li><li>Czarne, natywne i bia\u0142e kolory ikon po najechaniu myszk\u0105;<\/li><li>Regulowane krycie w procenty ikon i najed\u017a kursorem.<\/li><\/ul><p><a href=\"#demo\">Przeanalizuj najwa\u017cniejsze funkcje konfiguratora Elfsight<\/a><\/p><\/div><div class=\"application-platform-content-item-installation application-platform-content-item\" id=\"installation\" data-nav-section=\"installation\"><h2>Jak doda\u0107 modu\u0142 Ikony medi\u00f3w spo\u0142eczno\u015bciowych do Drupala<\/h2><div class=\"video-container\"> <iframe width=\"720\" height=\"405\" src=\"https:\/\/www.youtube.com\/embed\/Od2kZQ-3mPQ\" frameborder=\"0\" allowfullscreen=\"\"><\/iframe><\/div><p>Wystarczy wykona\u0107 poni\u017csze kroki, aby rozpocz\u0105\u0107 korzystanie z modu\u0142u Ikony medi\u00f3w spo\u0142eczno\u015bciowych na Drupalu .<\/p> <ol><li><b>Zarz\u0105dzaj naszym bezp\u0142atnym konfiguratorem i zacznij kszta\u0142towa\u0107 sw\u00f3j modu\u0142 szyty na miar\u0119. <\/b><br> Znajd\u017a preferowany wygl\u0105d i cechy wid\u017cetu i zapisz poprawki. <\/li> <li><b>Odbierz osobisty kod, kt\u00f3ry pojawi si\u0119 w oknie aplikacji Elfsight. <\/b><br> Po zako\u0144czeniu konfiguracji osobistej wtyczki skopiuj kod osobisty w wy\u015bwietlonym oknie i zapisz go do dalszego wykorzystania. <\/li> <li><b>Rozpocznij prac\u0119 modu\u0142u na stronie Drupal. <\/b><br> Zaimplementuj skopiowany niedawno kod na swojej stronie internetowej i zastosuj zmiany. <\/li> <li><b>Gotowe! Integracja zosta\u0142a ca\u0142kowicie zako\u0144czona. <\/b><br> Przejd\u017a na swoj\u0105 stron\u0119, aby sprawdzi\u0107 dzia\u0142anie narz\u0119dzia. <\/li><\/ol><p>Masz trudno\u015bci z konfiguracj\u0105 lub dodaniem ikon w witrynie? Sprawd\u017a to w naszym szczeg\u00f3\u0142owym poradniku \u00ab<a href=\"https:\/\/elfsight.com\/tutorials\/how-to-add-social-media-icons-to-drupal\/\" target=\"_blank\" rel=\"noopener noreferrer\">Jak umie\u015bci\u0107 ikony na Drupalu<\/a>\u00bb lub skontaktuj si\u0119 z naszym centrum pomocy.<\/p><\/div><div class=\"faq\" data-component=\"FAQ\"><div class=\"faq-item\">\r\n\t\t\t\t\t<div class=\"faq-item-question\">\r\n\t\t\t\t\t\t<h3 class=\"faq-item-question-text\">W jaki spos\u00f3b mo\u017cna Dodaj\u0119 ikony medi\u00f3w spo\u0142eczno\u015bciowych do mojego Drupala bez do\u015bwiadczenia w kodowaniu?<\/h3>\r\n\r\n\t\t\t\t\t\t<div class=\"faq-item-question-icon\"><\/div>\r\n\t\t\t\t\t<\/div>\r\n\r\n\t\t\t\t\t<div class=\"faq-item-answer\">\r\n\t\t\t\t\t\t<div class=\"faq-item-answer-text\"><p>Firma Elfsight wprowadza rozwi\u0105zanie, kt\u00f3re pozwala u\u017cytkownikom samodzielnie wygenerowa\u0107 sekcj\u0119 ikon medi\u00f3w spo\u0142eczno\u015bciowych, poznaj nieskomplikowany przewodnik: <\/p><ul><li> Rozpocznij prac\u0119 w edytorze online, aby utworzy\u0107 wid\u017cet ikon medi\u00f3w spo\u0142eczno\u015bciowych, kt\u00f3ry chcesz zobaczy\u0107 na stronie g\u0142\u00f3wnej Drupala.<\/li><li>Wybierz jeden z naszych gotowych szablon\u00f3w i zmie\u0144 ustawienia ikon medi\u00f3w spo\u0142eczno\u015bciowych, zmie\u0144 uk\u0142ad i kolory, dodaj swoj\u0105 tre\u015b\u0107 bez kodowania.<\/li><li>Zapisz ikony medi\u00f3w spo\u0142eczno\u015bciowych i uzyskaj kod instalacyjny, kt\u00f3ry mo\u017cesz po prostu osadzi\u0107 na swojej stronie g\u0142\u00f3wnej Drupala w ramach bezp\u0142atnego planu.<\/li><\/ul><p> Za pomoc\u0105 przyjaznego Konfiguratora ka\u017cdy u\u017cytkownik sieci mo\u017ce stworzy\u0107 aplikacj\u0119 Social Media Icons i umie\u015bci\u0107 j\u0105 na stronie g\u0142\u00f3wnej Drupala. Aby uzyska\u0107 dost\u0119p do naszego Edytora, nie jest konieczne p\u0142acenie ani przesy\u0142anie danych karty. Je\u015bli na kt\u00f3rymkolwiek etapie napotkasz jakiekolwiek problemy, skontaktuj si\u0119 z naszym zespo\u0142em pomocy technicznej.<\/p><\/div>\r\n\t\t\t\t\t<\/div>\r\n\t\t\t\t<\/div><\/div>","protected":false},"excerpt":{"rendered":"","protected":false},"author":9,"featured_media":0,"parent":2699,"menu_order":0,"comment_status":"closed","ping_status":"closed","template":"templates\/template-application-platform.php","meta":{"publish_to_discourse":"","publish_post_category":"","wpdc_auto_publish_overridden":"","wpdc_topic_tags":"","wpdc_pin_topic":"","wpdc_pin_until":"","discourse_post_id":"","discourse_permalink":"","wpdc_publishing_response":"","wpdc_publishing_error":"","footnotes":""},"class_list":["post-6560","page","type-page","status-publish","hentry"],"yoast_head":"<!-- This site is optimized with the Yoast SEO plugin v25.3.1 - https:\/\/yoast.com\/wordpress\/plugins\/seo\/ -->\n<title>Ikony medi\u00f3w spo\u0142eczno\u015bciowych - Dodaj modu\u0142 Ikony spo\u0142eczno\u015bciowe do Drupala<\/title>\n<meta name=\"description\" content=\"Wypr\u00f3buj nasze ikony medi\u00f3w spo\u0142eczno\u015bciowych dla Drupala ju\u017c teraz. Kszta\u0142tuj indywidualnie zaprojektowane ikony dla swojej witryny w zaledwie kilka minut!\" \/>\n<meta name=\"robots\" content=\"index, follow, max-snippet:-1, max-image-preview:large, max-video-preview:-1\" \/>\n<link rel=\"canonical\" href=\"https:\/\/elfsight.com\/pl\/social-media-icons-widget\/drupal\/\" \/>\n<meta property=\"og:locale\" content=\"pl_PL\" \/>\n<meta property=\"og:type\" content=\"article\" \/>\n<meta property=\"og:title\" content=\"Ikony medi\u00f3w spo\u0142eczno\u015bciowych - Dodaj modu\u0142 Ikony spo\u0142eczno\u015bciowe do Drupala\" \/>\n<meta property=\"og:description\" content=\"Wypr\u00f3buj nasze ikony medi\u00f3w spo\u0142eczno\u015bciowych dla Drupala ju\u017c teraz. Kszta\u0142tuj indywidualnie zaprojektowane ikony dla swojej witryny w zaledwie kilka minut!\" \/>\n<meta property=\"og:url\" content=\"https:\/\/elfsight.com\/pl\/social-media-icons-widget\/drupal\/\" \/>\n<meta property=\"og:site_name\" content=\"Elfsight PL\" \/>\n<meta property=\"article:modified_time\" content=\"2024-11-14T12:47:30+00:00\" \/>\n<meta name=\"twitter:card\" content=\"summary_large_image\" \/>\n<meta name=\"twitter:label1\" content=\"Szacowany czas czytania\" \/>\n\t<meta name=\"twitter:data1\" content=\"3 minuty\" \/>\n<!-- \/ Yoast SEO plugin. -->","yoast_head_json":{"title":"Ikony medi\u00f3w spo\u0142eczno\u015bciowych - Dodaj modu\u0142 Ikony spo\u0142eczno\u015bciowe do Drupala","description":"Wypr\u00f3buj nasze ikony medi\u00f3w spo\u0142eczno\u015bciowych dla Drupala ju\u017c teraz. Kszta\u0142tuj indywidualnie zaprojektowane ikony dla swojej witryny w zaledwie kilka minut!","robots":{"index":"index","follow":"follow","max-snippet":"max-snippet:-1","max-image-preview":"max-image-preview:large","max-video-preview":"max-video-preview:-1"},"canonical":"https:\/\/elfsight.com\/pl\/social-media-icons-widget\/drupal\/","og_locale":"pl_PL","og_type":"article","og_title":"Ikony medi\u00f3w spo\u0142eczno\u015bciowych - Dodaj modu\u0142 Ikony spo\u0142eczno\u015bciowe do Drupala","og_description":"Wypr\u00f3buj nasze ikony medi\u00f3w spo\u0142eczno\u015bciowych dla Drupala ju\u017c teraz. Kszta\u0142tuj indywidualnie zaprojektowane ikony dla swojej witryny w zaledwie kilka minut!","og_url":"https:\/\/elfsight.com\/pl\/social-media-icons-widget\/drupal\/","og_site_name":"Elfsight PL","article_modified_time":"2024-11-14T12:47:30+00:00","twitter_card":"summary_large_image","twitter_misc":{"Szacowany czas czytania":"3 minuty"},"schema":{"@context":"https:\/\/schema.org","@graph":[{"@type":"WebPage","@id":"https:\/\/elfsight.com\/pl\/social-media-icons-widget\/drupal\/","url":"https:\/\/elfsight.com\/pl\/social-media-icons-widget\/drupal\/","name":"Ikony medi\u00f3w spo\u0142eczno\u015bciowych - Dodaj modu\u0142 Ikony spo\u0142eczno\u015bciowe do Drupala","isPartOf":{"@id":"https:\/\/elfsight.com\/pl\/#website"},"datePublished":"1970-01-01T00:00:00+00:00","dateModified":"2024-11-14T12:47:30+00:00","description":"Wypr\u00f3buj nasze ikony medi\u00f3w spo\u0142eczno\u015bciowych dla Drupala ju\u017c teraz. Kszta\u0142tuj indywidualnie zaprojektowane ikony dla swojej witryny w zaledwie kilka minut!","breadcrumb":{"@id":"https:\/\/elfsight.com\/pl\/social-media-icons-widget\/drupal\/#breadcrumb"},"inLanguage":"pl-PL","potentialAction":[{"@type":"ReadAction","target":["https:\/\/elfsight.com\/pl\/social-media-icons-widget\/drupal\/"]}]},{"@type":"BreadcrumbList","@id":"https:\/\/elfsight.com\/pl\/social-media-icons-widget\/drupal\/#breadcrumb","itemListElement":[{"@type":"ListItem","position":1,"name":"Home","item":"https:\/\/elfsight.com\/pl\/"},{"@type":"ListItem","position":2,"name":"Social Media Icons","item":"https:\/\/elfsight.com\/pl\/social-media-icons-widget\/"},{"@type":"ListItem","position":3,"name":"Social Media Icons &#8211; Drupal"}]},{"@type":"WebSite","@id":"https:\/\/elfsight.com\/pl\/#website","url":"https:\/\/elfsight.com\/pl\/","name":"Elfsight PL","description":"Just another Elfsight Sites site","potentialAction":[{"@type":"SearchAction","target":{"@type":"EntryPoint","urlTemplate":"https:\/\/elfsight.com\/pl\/?s={search_term_string}"},"query-input":{"@type":"PropertyValueSpecification","valueRequired":true,"valueName":"search_term_string"}}],"inLanguage":"pl-PL"}]}},"meta_box":{"industry":"","seo_heading":"","heading":"","description":"","cta_heading":"","cta_description":"","application":"2698","h1":"Ikony medi\u00f3w spo\u0142eczno\u015bciowych dla Drupala","h1_caption":"Dodaj ikony prowadz\u0105ce do Twoich profili w mediach spo\u0142eczno\u015bciowych, u\u0142atwiaj\u0105c odwiedzaj\u0105cym bezproblemowe \u0142\u0105czenie si\u0119 z Tob\u0105 na r\u00f3\u017cnych platformach w witrynie Drupal.","application_category":[],"applications_title":"","applications_request_title":"","applications_request_button_text":"","hero_text":"","hero_video":"","hero_video_schema_markup":"","selling_points_title":"","selling_points_caption":"","selling_points":[],"selling_points_cta_text":"","features_title":"","features":"","ed_cta_examples_text":"","ed_cta_examples_hidden":"","ed_cta_demo_text":"","ed_cta_demo_hidden":"","why_caption":"","why_editor_title":"","why_editor_text":"","why_team_title":"","why_team_text":"","why_service_title":"","why_service_text":"","template_catalog_visible":"","template_catalog_title":"","template_catalog_text":"","template_catalog_categories_visible":"","demo_title":"Utw\u00f3rz modu\u0142 ikon medi\u00f3w spo\u0142eczno\u015bciowych","demo_caption":"Skonfiguruj ikony medi\u00f3w spo\u0142eczno\u015bciowych i dodaj je za darmo do swojej witryny Drupal!","default_faq_hidden":"","app_template_category":[],"platform":"47","template_public_id":"","codecanyon_url":"","codecanyon_item_id":"","codecanyon_price":"","pricing_caption":"","pricing_elfsight_apps_hide_column":"","pricing_elfsight_apps_url":"","pricing_codecanyon_price_caption":"","integration_category":[],"integration_request_title":"","integration_request_cta":"","integration_platform":"","integrations":[],"platform_category":[],"video_schema_markup":"","price":"od 0 USD \/ miesi\u0105c","trial":"","benefits":[{"text":"Bezp\u0142atna us\u0142uga monta\u017cu"},{"text":"Do\u015bwiadczona obs\u0142uga klienta"},{"text":"14-dniowa gwarancja zwrotu pieni\u0119dzy"}],"button_url":"#demo","button_target_blank":"","button_nofollow":"","attributes":[{"name":"Instaluje"},{"name":"Czu\u0142y"},{"name":"Kompatybilne przegl\u0105darki"}],"tags":[],"tags_disable_links":"","hide_more_platforms":"","video_object":"","demo_hide_cta":"","demo_hide_cloud_options":"","pricing_title":"","pricing":[{"pricing_icon":"cloud","pricing_title":"Elfsight Apps","pricing_title_caption":"Wersja wieloplatformowa, kt\u00f3ra pasuje do ka\u017cdej witryny","pricing_price":"od 0 USD \/ miesi\u0105c","pricing_price_caption":"zacznij od bezp\u0142atnego planu","pricing_benefits":[{"text":"Nielimitowane domeny"},{"text":"Bezp\u0142atna obs\u0142uga klienta i dobrze udokumentowana"},{"text":"Bezp\u0142atna pomoc przy instalacji"},{"text":"\u015awietna oferta na wiele aplikacji"}],"pricing_button_text":"Dodaj do witryny","pricing_button_url":"#demo"}],"related_apps_title":"","related_apps_hidden":"","author":"","image":[],"title":"","job":"","social_networks":[]},"_links":{"self":[{"href":"https:\/\/elfsight.com\/pl\/wp-json\/wp\/v2\/pages\/6560","targetHints":{"allow":["GET"]}}],"collection":[{"href":"https:\/\/elfsight.com\/pl\/wp-json\/wp\/v2\/pages"}],"about":[{"href":"https:\/\/elfsight.com\/pl\/wp-json\/wp\/v2\/types\/page"}],"author":[{"embeddable":true,"href":"https:\/\/elfsight.com\/pl\/wp-json\/wp\/v2\/users\/9"}],"replies":[{"embeddable":true,"href":"https:\/\/elfsight.com\/pl\/wp-json\/wp\/v2\/comments?post=6560"}],"version-history":[{"count":2,"href":"https:\/\/elfsight.com\/pl\/wp-json\/wp\/v2\/pages\/6560\/revisions"}],"predecessor-version":[{"id":8024,"href":"https:\/\/elfsight.com\/pl\/wp-json\/wp\/v2\/pages\/6560\/revisions\/8024"}],"up":[{"embeddable":true,"href":"https:\/\/elfsight.com\/pl\/wp-json\/wp\/v2\/pages\/2699"}],"wp:attachment":[{"href":"https:\/\/elfsight.com\/pl\/wp-json\/wp\/v2\/media?parent=6560"}],"curies":[{"name":"wp","href":"https:\/\/api.w.org\/{rel}","templated":true}]}}