{"id":6557,"date":"1970-01-01T00:00:00","date_gmt":"1970-01-01T00:00:00","guid":{"rendered":"https:\/\/elfsight.com\/pl\/?page_id=6557"},"modified":"2026-01-20T14:30:22","modified_gmt":"2026-01-20T14:30:22","slug":"html","status":"publish","type":"page","link":"https:\/\/elfsight.com\/pl\/social-media-icons-widget\/html\/","title":{"rendered":"Social Media Icons &#8211; HTML"},"content":{"rendered":"<div class=\"application-platform-content-item-description application-platform-content-item\" id=\"description\" data-nav-section=\"description\">\n<h2>Opis<\/h2>\n<p>\u0141atwe i korzystne ikony spo\u0142eczno\u015bciowe firmy Elfsight pomagaj\u0105 zintegrowa\u0107 Twoj\u0105 witryn\u0119 z dowolnymi mediami spo\u0142eczno\u015bciowymi. Rozwijaj wi\u0119\u017a ze swoimi klientami, czyni\u0105c ich swoimi na\u015bladowcami. Adaptacyjny szablon, pe\u0142ne ustawienia kolor\u00f3w i wygl\u0105du z osadzonymi ikonami wszystkich g\u0142\u00f3wnych medi\u00f3w spo\u0142eczno\u015bciowych.<\/p>\n<p><b>Zwi\u0119ksz obecno\u015b\u0107 swojej firmy w sieciach spo\u0142eczno\u015bciowych.<\/b><\/p>\n<ul>\n    <li><b>Podnie\u015b sw\u00f3j status w mediach spo\u0142eczno\u015bciowych<\/b>.<br>Poka\u017c klientom naszej witryny, \u017ce firma ma siln\u0105 pozycj\u0119 w r\u00f3\u017cnych sieciach spo\u0142eczno\u015bciowych i kieruj ich na Twoje konta spo\u0142eczno\u015bciowe jednym naci\u015bni\u0119ciem myszy.<\/li>\n    <li><b>Nowi subskrybenci w sieciach spo\u0142eczno\u015bciowych<\/b>.<br>Zwi\u0119kszaj codziennie ruch na swoich stronach spo\u0142eczno\u015bciowych, anga\u017cuj\u0105c czytelnik\u00f3w witryny i przekszta\u0142caj\u0105c ich w fan\u00f3w.<\/li>\n    <li><b>B\u0105d\u017a w kontakcie z klientami, kiedy tylko tego potrzebujesz<\/b>.<br>Ikony spo\u0142eczno\u015bciowe daj\u0105 odwiedzaj\u0105cym szans\u0119 na znalezienie jednej z najwygodniejszych dodatkowych metod komunikacji, a Ty mo\u017cesz zapewni\u0107 im pomoc za po\u015brednictwem sieci spo\u0142eczno\u015bciowych.<\/li>\n    <li><b>Silny przekaz spo\u0142eczno\u015bciowy<\/b>.<br>Zwi\u0119ksz zaufanie do swojej firmy w\u015br\u00f3d u\u017cytkownik\u00f3w Twojej witryny dzi\u0119ki stronom w szeroko rozpowszechnionych sieciach spo\u0142eczno\u015bciowych.<\/li>\n<\/ul>\n<\/div>\n\n<div class=\"application-platform-content-item-features application-platform-content-item\" id=\"features\" data-nav-section=\"features\">\n<h2>Funkcje<\/h2>\n<p>G\u0142\u00f3wne cechy, kt\u00f3re zmieniaj\u0105 nasz kod ikon w najlepszy widget spo\u0142eczno\u015bciowy HTML.<\/p>\n<ul>\n    <li>Dodaj nieograniczon\u0105 liczb\u0119 ikon;<\/li>\n    <li>5 opcji rozmiaru ikon;<\/li>\n    <li>Wbudowany uk\u0142ad do umieszczania ikon w obszarze zawarto\u015bci;<\/li>\n    <li>Natywne, czarno-bia\u0142e kolory ikon;<\/li>\n    <li>Regulowane krycie w procentach ikon i najechania;<\/li>\n<\/ul>\n<p><a href=\"#demo\">Sprawd\u017a najwa\u017cniejsze funkcje w edytorze Elfsight<\/a><\/p>\n<\/div>\n\n<div class=\"application-platform-content-item-installation application-platform-content-item\" id=\"installation\" data-nav-section=\"installation\">\n<h2>Jak doda\u0107 ikony medi\u00f3w spo\u0142eczno\u015bciowych do witryny HTML<\/h2>\n<div class=\"video-container\">\n  <iframe allowfullscreen=\"\" frameborder=\"0\" height=\"405\" src=\"https:\/\/www.youtube.com\/embed\/Ls_bdPq--aE?si=4UOa365wBGHzqQkH\" width=\"720\"><\/iframe>\n<\/div>\n<p>\u0141atwy przewodnik pokazuj\u0105cy ikony na stronie internetowej bez kompetencji programistycznych. Ca\u0142kowity czas integracji wynosi oko\u0142o 3 minuty.<\/p>\n<ol>\n    <li><b>Zaprojektuj spersonalizowane ikony spo\u0142eczno\u015bciowe<\/b>.<br>Dzi\u0119ki naszej bezp\u0142atnej wersji demonstracyjnej wygeneruj wtyczk\u0119 z \u017c\u0105danym uk\u0142adem i ustawieniami.<\/li>\n    <li><b>Skopiuj kod integracji wtyczki<\/b>.<br>Po skonfigurowaniu wid\u017cetu pobierz kod wtyczki Icons z wyskakuj\u0105cego powiadomienia w aplikacji Elfsight.<\/li>\n    <li><b>Poka\u017c wid\u017cet na stronie HTML<\/b>.<br>Otw\u00f3rz kod strony w edytorze HTML i zintegruj wid\u017cet w wymaganym miejscu (tre\u015b\u0107, stopka, pasek boczny itp.) i zapisz zmiany.<\/li>\n    <li><b>Instalacja zako\u0144czy\u0142a si\u0119 pomy\u015blnie<\/b>.<br>Przejd\u017a do witryny, aby sprawdzi\u0107 wtyczk\u0119.<\/li>\n<\/ol>\n<p>Nie uda\u0142o si\u0119 utworzy\u0107 lub zademonstrowa\u0107 ikon na stronie internetowej? Zapoznaj si\u0119 z naszym pe\u0142nym podr\u0119cznikiem \u00ab<a href=\"https:\/\/elfsight.com\/tutorials\/how-to-add-social-media-icons-to-an-html-website\/\" target=\"_blank\" rel=\"noopener noreferrer\">Jak zainstalowa\u0107 ikony w formacie HTML<\/a>\u00bb lub zostaw wiadomo\u015b\u0107 w naszym centrum pomocy.<\/p>\n<\/div>\n\n<div class=\"faq\" data-component=\"FAQ\">\n<div class=\"faq-item\">\r\n\t\t\t\t\t<div class=\"faq-item-question\">\r\n\t\t\t\t\t\t<h3 class=\"faq-item-question-text\">Czy istnieje spos\u00f3b na dodanie ikon medi\u00f3w spo\u0142eczno\u015bciowych do mojej strony internetowej w formacie HTML bez kodowania?<\/h3>\r\n\r\n\t\t\t\t\t\t<div class=\"faq-item-question-icon\"><\/div>\r\n\t\t\t\t\t<\/div>\r\n\r\n\t\t\t\t\t<div class=\"faq-item-answer\">\r\n\t\t\t\t\t\t<div class=\"faq-item-answer-text\">\n<p>Firma Elfsight zapewnia rozwi\u0105zanie, kt\u00f3re pozwala u\u017cytkownikowi samodzielnie zbudowa\u0107 wid\u017cet ikon medi\u00f3w spo\u0142eczno\u015bciowych, zobacz proste instrukcje: <\/p>\n<ul>\n    <li>Przejd\u017a do wersji demonstracyjnej online, aby utworzy\u0107 wid\u017cet ikon medi\u00f3w spo\u0142eczno\u015bciowych, kt\u00f3ry chcesz zobaczy\u0107 w formacie HTML.<\/li>\n    <li>Wybierz jeden z gotowych szablon\u00f3w i zmodyfikuj ustawienia ikon medi\u00f3w spo\u0142eczno\u015bciowych, zmie\u0144 uk\u0142ad i kolory, dodaj swoj\u0105 tre\u015b\u0107 bez kodowania.<\/li>\n    <li>Zapisz ustawienia dokonane w Social Media Icons i uzyskaj kod wtyczki do instalacji, kt\u00f3ry mo\u017cesz \u0142atwo wklei\u0107 na stronie HTML bez konieczno\u015bci kupowania wersji p\u0142atnej.<\/li>\n<\/ul>\n<p>Dzi\u0119ki naszemu \u0142atwemu w u\u017cyciu edytorowi ka\u017cdy u\u017cytkownik Internetu mo\u017ce tworzy\u0107 ikony medi\u00f3w spo\u0142eczno\u015bciowych online i po prostu umieszcza\u0107 je na stronie HTML. Aby skorzysta\u0107 z naszej us\u0142ugi, nie trzeba p\u0142aci\u0107 ani wprowadza\u0107 danych uwierzytelniaj\u0105cych karty. Je\u015bli napotkasz jakiekolwiek problemy, nie wahaj si\u0119 skontaktowa\u0107 z naszym zespo\u0142em pomocy technicznej.<\/p>\n<\/div>\r\n\t\t\t\t\t<\/div>\r\n\t\t\t\t<\/div>\n<\/div>","protected":false},"excerpt":{"rendered":"","protected":false},"author":9,"featured_media":0,"parent":2699,"menu_order":0,"comment_status":"closed","ping_status":"closed","template":"templates\/template-application-platform.php","meta":{"publish_to_discourse":"","publish_post_category":"","wpdc_auto_publish_overridden":"","wpdc_topic_tags":"","wpdc_pin_topic":"","wpdc_pin_until":"","discourse_post_id":"","discourse_permalink":"","wpdc_publishing_response":"","wpdc_publishing_error":"","footnotes":""},"class_list":["post-6557","page","type-page","status-publish","hentry"],"yoast_head":"<!-- This site is optimized with the Yoast SEO plugin v25.3.1 - https:\/\/yoast.com\/wordpress\/plugins\/seo\/ -->\n<title>Ikony medi\u00f3w spo\u0142eczno\u015bciowych \u2014 dodaj wid\u017cet ikon spo\u0142eczno\u015bciowych do witryny HTML<\/title>\n<meta name=\"description\" content=\"Wypr\u00f3buj bezp\u0142atnie nasz kod ikon medi\u00f3w spo\u0142eczno\u015bciowych w formacie HTML. Wygeneruj indywidualnie zaprojektowane ikony dla swojej witryny w zaledwie kilka minut!\" \/>\n<meta name=\"robots\" content=\"index, follow, max-snippet:-1, max-image-preview:large, max-video-preview:-1\" \/>\n<link rel=\"canonical\" href=\"https:\/\/elfsight.com\/pl\/social-media-icons-widget\/html\/\" \/>\n<meta property=\"og:locale\" content=\"pl_PL\" \/>\n<meta property=\"og:type\" content=\"article\" \/>\n<meta property=\"og:title\" content=\"Ikony medi\u00f3w spo\u0142eczno\u015bciowych \u2014 dodaj wid\u017cet ikon spo\u0142eczno\u015bciowych do witryny HTML\" \/>\n<meta property=\"og:description\" content=\"Wypr\u00f3buj bezp\u0142atnie nasz kod ikon medi\u00f3w spo\u0142eczno\u015bciowych w formacie HTML. Wygeneruj indywidualnie zaprojektowane ikony dla swojej witryny w zaledwie kilka minut!\" \/>\n<meta property=\"og:url\" content=\"https:\/\/elfsight.com\/pl\/social-media-icons-widget\/html\/\" \/>\n<meta property=\"og:site_name\" content=\"Elfsight PL\" \/>\n<meta property=\"article:modified_time\" content=\"2026-01-20T14:30:22+00:00\" \/>\n<meta name=\"twitter:card\" content=\"summary_large_image\" \/>\n<meta name=\"twitter:label1\" content=\"Szacowany czas czytania\" \/>\n\t<meta name=\"twitter:data1\" content=\"3 minuty\" \/>\n<!-- \/ Yoast SEO plugin. -->","yoast_head_json":{"title":"Ikony medi\u00f3w spo\u0142eczno\u015bciowych \u2014 dodaj wid\u017cet ikon spo\u0142eczno\u015bciowych do witryny HTML","description":"Wypr\u00f3buj bezp\u0142atnie nasz kod ikon medi\u00f3w spo\u0142eczno\u015bciowych w formacie HTML. Wygeneruj indywidualnie zaprojektowane ikony dla swojej witryny w zaledwie kilka minut!","robots":{"index":"index","follow":"follow","max-snippet":"max-snippet:-1","max-image-preview":"max-image-preview:large","max-video-preview":"max-video-preview:-1"},"canonical":"https:\/\/elfsight.com\/pl\/social-media-icons-widget\/html\/","og_locale":"pl_PL","og_type":"article","og_title":"Ikony medi\u00f3w spo\u0142eczno\u015bciowych \u2014 dodaj wid\u017cet ikon spo\u0142eczno\u015bciowych do witryny HTML","og_description":"Wypr\u00f3buj bezp\u0142atnie nasz kod ikon medi\u00f3w spo\u0142eczno\u015bciowych w formacie HTML. Wygeneruj indywidualnie zaprojektowane ikony dla swojej witryny w zaledwie kilka minut!","og_url":"https:\/\/elfsight.com\/pl\/social-media-icons-widget\/html\/","og_site_name":"Elfsight PL","article_modified_time":"2026-01-20T14:30:22+00:00","twitter_card":"summary_large_image","twitter_misc":{"Szacowany czas czytania":"3 minuty"},"schema":{"@context":"https:\/\/schema.org","@graph":[{"@type":"WebPage","@id":"https:\/\/elfsight.com\/pl\/social-media-icons-widget\/html\/","url":"https:\/\/elfsight.com\/pl\/social-media-icons-widget\/html\/","name":"Ikony medi\u00f3w spo\u0142eczno\u015bciowych \u2014 dodaj wid\u017cet ikon spo\u0142eczno\u015bciowych do witryny HTML","isPartOf":{"@id":"https:\/\/elfsight.com\/pl\/#website"},"datePublished":"1970-01-01T00:00:00+00:00","dateModified":"2026-01-20T14:30:22+00:00","description":"Wypr\u00f3buj bezp\u0142atnie nasz kod ikon medi\u00f3w spo\u0142eczno\u015bciowych w formacie HTML. Wygeneruj indywidualnie zaprojektowane ikony dla swojej witryny w zaledwie kilka minut!","breadcrumb":{"@id":"https:\/\/elfsight.com\/pl\/social-media-icons-widget\/html\/#breadcrumb"},"inLanguage":"pl-PL","potentialAction":[{"@type":"ReadAction","target":["https:\/\/elfsight.com\/pl\/social-media-icons-widget\/html\/"]}]},{"@type":"BreadcrumbList","@id":"https:\/\/elfsight.com\/pl\/social-media-icons-widget\/html\/#breadcrumb","itemListElement":[{"@type":"ListItem","position":1,"name":"Home","item":"https:\/\/elfsight.com\/pl\/"},{"@type":"ListItem","position":2,"name":"Social Media Icons","item":"https:\/\/elfsight.com\/pl\/social-media-icons-widget\/"},{"@type":"ListItem","position":3,"name":"Social Media Icons &#8211; HTML"}]},{"@type":"WebSite","@id":"https:\/\/elfsight.com\/pl\/#website","url":"https:\/\/elfsight.com\/pl\/","name":"Elfsight PL","description":"Just another Elfsight Sites site","potentialAction":[{"@type":"SearchAction","target":{"@type":"EntryPoint","urlTemplate":"https:\/\/elfsight.com\/pl\/?s={search_term_string}"},"query-input":{"@type":"PropertyValueSpecification","valueRequired":true,"valueName":"search_term_string"}}],"inLanguage":"pl-PL"}]}},"meta_box":{"industry":"","seo_heading":"","heading":"","description":"","cta_heading":"","cta_description":"","application":"2698","h1":"Ikony medi\u00f3w spo\u0142eczno\u015bciowych dla HTML","h1_caption":"Dodaj ikony prowadz\u0105ce do Twoich profili w mediach spo\u0142eczno\u015bciowych, u\u0142atwiaj\u0105c odwiedzaj\u0105cym bezproblemowe \u0142\u0105czenie si\u0119 z Tob\u0105 na r\u00f3\u017cnych platformach w Twojej witrynie HTML.","application_category":[],"applications_title":"","applications_request_title":"","applications_request_button_text":"","hero_text":"","hero_video":"","hero_video_schema_markup":"","selling_points_title":"","selling_points_caption":"","selling_points":[],"selling_points_cta_text":"","features_title":"","features":"","ed_cta_examples_text":"","ed_cta_examples_hidden":"","ed_cta_demo_text":"","ed_cta_demo_hidden":"","why_caption":"","why_editor_title":"","why_editor_text":"","why_team_title":"","why_team_text":"","why_service_title":"","why_service_text":"","template_catalog_visible":"0","template_catalog_title":"","template_catalog_text":"","template_catalog_categories_visible":"","demo_title":"Utw\u00f3rz wid\u017cet Ikony medi\u00f3w spo\u0142eczno\u015bciowych","demo_caption":"Skonfiguruj ikony medi\u00f3w spo\u0142eczno\u015bciowych i dodaj je do swojej witryny HTML za darmo!","default_faq_hidden":"","app_template_category":[],"platform":"50","template_public_id":"","codecanyon_url":"","codecanyon_item_id":"","codecanyon_price":"","pricing_caption":"","pricing_elfsight_apps_hide_column":"","pricing_elfsight_apps_url":"","pricing_codecanyon_price_caption":"","integration_category":[],"integration_request_title":"","integration_request_cta":"","integration_platform":"","integrations":[],"platform_category":[],"video_schema_markup":"","price":"od 0 USD \/ miesi\u0105c","trial":"","benefits":[{"text":"Bezp\u0142atna pomoc w instalacji"},{"text":"Do\u015bwiadczona obs\u0142uga klienta"},{"text":"14-dniowa gwarancja zwrotu pieni\u0119dzy"}],"button_url":"#demo","button_target_blank":"0","button_nofollow":"0","attributes":[{"name":"Instaluje"},{"name":"Czu\u0142y"},{"name":"Kompatybilne przegl\u0105darki"}],"tags":[],"tags_disable_links":"0","hide_more_platforms":"0","video_object":"","demo_hide_cta":"0","demo_hide_cloud_options":"0","pricing_title":"","pricing":[{"pricing_icon":"platform","pricing_title":"HTML widget","pricing_title_caption":"Oprogramowanie wieloplatformowe, kt\u00f3re pasuje do ka\u017cdej witryny internetowej","pricing_price":"od 0 USD \/ miesi\u0105c","pricing_price_caption":"zacznij od bezp\u0142atnego planu","pricing_benefits":[{"text":"Nielimitowane strony internetowe"},{"text":"Bezp\u0142atna obs\u0142uga klienta"},{"text":"Bezp\u0142atna pomoc w monta\u017cu"},{"text":"Specjalna cena za wiele aplikacji"}],"pricing_button_text":"Dodaj do witryny","pricing_button_url":"#demo"}],"related_apps_title":"","related_apps_hidden":"0","author":"","image":[],"title":"","job":"","social_networks":[]},"_links":{"self":[{"href":"https:\/\/elfsight.com\/pl\/wp-json\/wp\/v2\/pages\/6557","targetHints":{"allow":["GET"]}}],"collection":[{"href":"https:\/\/elfsight.com\/pl\/wp-json\/wp\/v2\/pages"}],"about":[{"href":"https:\/\/elfsight.com\/pl\/wp-json\/wp\/v2\/types\/page"}],"author":[{"embeddable":true,"href":"https:\/\/elfsight.com\/pl\/wp-json\/wp\/v2\/users\/9"}],"replies":[{"embeddable":true,"href":"https:\/\/elfsight.com\/pl\/wp-json\/wp\/v2\/comments?post=6557"}],"version-history":[{"count":4,"href":"https:\/\/elfsight.com\/pl\/wp-json\/wp\/v2\/pages\/6557\/revisions"}],"predecessor-version":[{"id":10848,"href":"https:\/\/elfsight.com\/pl\/wp-json\/wp\/v2\/pages\/6557\/revisions\/10848"}],"up":[{"embeddable":true,"href":"https:\/\/elfsight.com\/pl\/wp-json\/wp\/v2\/pages\/2699"}],"wp:attachment":[{"href":"https:\/\/elfsight.com\/pl\/wp-json\/wp\/v2\/media?parent=6557"}],"curies":[{"name":"wp","href":"https:\/\/api.w.org\/{rel}","templated":true}]}}