{"id":6551,"date":"1970-01-01T00:00:00","date_gmt":"1970-01-01T00:00:00","guid":{"rendered":"https:\/\/elfsight.com\/pl\/?page_id=6551"},"modified":"2025-06-19T15:23:53","modified_gmt":"2025-06-19T15:23:53","slug":"opencart","status":"publish","type":"page","link":"https:\/\/elfsight.com\/pl\/social-media-icons-widget\/opencart\/","title":{"rendered":"Social Media Icons &#8211; OpenCart"},"content":{"rendered":"<div class=\"application-platform-content-item-description application-platform-content-item\" id=\"description\" data-nav-section=\"description\">\n<h2>Opis<\/h2>\n<p>\u0141atwe i korzystne ikony spo\u0142eczno\u015bciowe firmy Elfsight umo\u017cliwiaj\u0105 po\u0142\u0105czenie Twojej witryny z r\u00f3\u017cnymi mediami spo\u0142eczno\u015bciowymi. Utrzymuj kontakt ze swoimi u\u017cytkownikami, zamieniaj\u0105c ich w swoich fan\u00f3w. Adaptacyjny szablon, pe\u0142na personalizacja interfejsu i projektu z gotowymi do u\u017cycia ikonami wszystkich g\u0142\u00f3wnych medi\u00f3w spo\u0142eczno\u015bciowych.<\/p>\n<p><b>Zwi\u0119ksz obecno\u015b\u0107 swojej firmy w mediach spo\u0142eczno\u015bciowych.<\/b><\/p>\n<ul>\n    <li><b>Dodatkowa metoda komunikacji z klientami<\/b>.<br>Media spo\u0142eczno\u015bciowe to kolejny wariant utrzymywania kontakt\u00f3w z klientami i daj\u0105cy mo\u017cliwo\u015b\u0107 rozwijania relacji.<\/li>\n    <li><b>Najwi\u0119ksza liczba odwiedzaj\u0105cych Twoje profile spo\u0142eczno\u015bciowe<\/b>.<br>Daj odwiedzaj\u0105cym witryn\u0119 kierunek do Twojego profilu spo\u0142eczno\u015bciowego i ciesz si\u0119 wi\u0119ksz\u0105 liczb\u0105 odwiedzaj\u0105cych w sieciach spo\u0142eczno\u015bciowych.<\/li>\n    <li><b>Zwi\u0119ksz interakcj\u0119 z odwiedzaj\u0105cymi do nast\u0119pnego etapu<\/b>.<br>Zaprezentuj swoim starym i nowym klientom wi\u0119cej narz\u0119dzi do komunikacji i podnoszenia jako\u015bci centrum pomocy.<\/li>\n<\/ul>\n<\/div>\n\n<div class=\"application-platform-content-item-features application-platform-content-item\" id=\"features\" data-nav-section=\"features\">\n<h2>Funkcje<\/h2>\n<p>Najwa\u017cniejsze cechy, kt\u00f3re czyni\u0105 nasze ikony najlepszym rozszerzeniem spo\u0142eczno\u015bciowym OpenCart.<\/p>\n<ul>\n    <li>Dodaj nowe multimedia, po prostu wstawiaj\u0105c adres URL do swojego profilu;<\/li>\n    <li>Duplikuj i usuwaj ikony;<\/li>\n    <li>2 uk\u0142ady: wbudowany i ruchomy;<\/li>\n    <li>Natywne, bia\u0142e i czarne kolory t\u0142a;<\/li>\n    <li>Regulowane krycie w procentach ikon i najechaniu myszk\u0105.<\/li>\n<\/ul>\n<p><a href=\"#demo\">Przetestuj najwa\u017cniejsze funkcje edytora Elfsight<\/a><\/p>\n<\/div>\n\n<div class=\"application-platform-content-item-installation application-platform-content-item\" id=\"installation\" data-nav-section=\"installation\">\n<h2>Jak doda\u0107 ikony spo\u0142eczno\u015bciowe do OpenCart<\/h2>\n<p>Wystarczy post\u0119powa\u0107 zgodnie z poni\u017cszymi wskaz\u00f3wkami, aby wstawi\u0107 narz\u0119dzie na OpenCart.<\/p>\n<ol>\n    <li><b>Wykonaj nasz darmowy konfigurator i zacznij tworzy\u0107 sw\u00f3j instrument na zam\u00f3wienie.<\/b><br>Okre\u015bl preferowany uk\u0142ad i charakterystyk\u0119 rozszerzenia oraz zastosuj modyfikacje.<\/li>\n    <li><b>Uzyskaj indywidualny kod widoczny w polu aplikacji Elfsight.<\/b><br>Zaraz po zako\u0144czeniu tworzenia osobistych ikon medi\u00f3w spo\u0142eczno\u015bciowych skopiuj indywidualny kod w wy\u015bwietlonym polu i zapisz go na p\u00f3\u017aniej.<\/li>\n    <li><b>Zacznij korzysta\u0107 z wid\u017cetu na swojej stronie OpenCart.<\/b><br>Wstaw na swoj\u0105 stron\u0119 ostatnio zapisany kod i zastosuj poprawki.<\/li>\n    <li><b>Instalacja zosta\u0142a pomy\u015blnie przeprowadzona.<\/b><br>Przejd\u017a do swojej witryny i zobacz, jak dzia\u0142a wid\u017cet.<\/li>\n<\/ol>\n<p>Dodawanie lub ustawianie ikon na stronie internetowej jest dla Ciebie trudne? Przeczytaj nasz pe\u0142ny podr\u0119cznik \u00ab<a href=\"https:\/\/elfsight.com\/tutorials\/how-to-add-social-media-icons-to-opencart\/\" target=\"_blank\" rel=\"noopener noreferrer\">Jak doda\u0107 ikony w OpenCart<\/a>\u00bb lub skontaktuj si\u0119 z naszym centrum pomocy.<\/p>\n<\/div>\n\n<div class=\"faq\" data-component=\"FAQ\">\n<div class=\"faq-item\">\r\n\t\t\t\t\t<div class=\"faq-item-question\">\r\n\t\t\t\t\t\t<h3 class=\"faq-item-question-text\">Jak osadzi\u0107 ikony medi\u00f3w spo\u0142eczno\u015bciowych w moim OpenCart bez umiej\u0119tno\u015bci kodowania?<\/h3>\r\n\r\n\t\t\t\t\t\t<div class=\"faq-item-question-icon\"><\/div>\r\n\t\t\t\t\t<\/div>\r\n\r\n\t\t\t\t\t<div class=\"faq-item-answer\">\r\n\t\t\t\t\t\t<div class=\"faq-item-answer-text\">\n<p>Firma Elfsight dostarcza rozwi\u0105zanie w chmurze, kt\u00f3re umo\u017cliwia u\u017cytkownikom samodzielne wygenerowanie sekcji ikon medi\u00f3w spo\u0142eczno\u015bciowych. Sprawd\u017a, jakie to proste: <\/p>\n<ul>\n    <li>Pracuj bezpo\u015brednio w wersji demonstracyjnej na \u017cywo, aby wygenerowa\u0107 sekcj\u0119 z ikonami medi\u00f3w spo\u0142eczno\u015bciowych, kt\u00f3r\u0105 chcesz umie\u015bci\u0107 w swoim OpenCart.<\/li>\n    <li>Wybierz jeden z naszych gotowych szablon\u00f3w i zmie\u0144 ustawienia ikon medi\u00f3w spo\u0142eczno\u015bciowych, do\u0142\u0105cz swoj\u0105 tre\u015b\u0107, zmie\u0144 uk\u0142ad i schemat kolor\u00f3w za pomoc\u0105 brak umiej\u0119tno\u015bci kodowania.<\/li>\n    <li>Zapisz ikony medi\u00f3w spo\u0142eczno\u015bciowych i uzyskaj kod instalacyjny, kt\u00f3ry mo\u017cna \u0142atwo umie\u015bci\u0107 na dowolnej witrynie OpenCart bez konieczno\u015bci zakupu p\u0142atnego planu.<\/li>\n<\/ul>\n<p>Korzystanie z prostego konfiguratora, ka\u017cdy u\u017cytkownik sieci mo\u017ce zbudowa\u0107 sekcj\u0119 ikon medi\u00f3w spo\u0142eczno\u015bciowych i \u0142atwo osadzi\u0107 j\u0105 na swojej stronie internetowej OpenCart. Aby uzyska\u0107 dost\u0119p do us\u0142ugi, nie wolno p\u0142aci\u0107 ani ujawnia\u0107 danych karty. Je\u015bli na kt\u00f3rymkolwiek etapie napotkasz jakiekolwiek przeszkody, skontaktuj si\u0119 z naszym dzia\u0142em obs\u0142ugi klienta.<\/p>\n<\/div>\r\n\t\t\t\t\t<\/div>\r\n\t\t\t\t<\/div>\n<\/div>","protected":false},"excerpt":{"rendered":"","protected":false},"author":9,"featured_media":0,"parent":2699,"menu_order":0,"comment_status":"closed","ping_status":"closed","template":"templates\/template-application-platform.php","meta":{"publish_to_discourse":"","publish_post_category":"","wpdc_auto_publish_overridden":"","wpdc_topic_tags":"","wpdc_pin_topic":"","wpdc_pin_until":"","discourse_post_id":"","discourse_permalink":"","wpdc_publishing_response":"","wpdc_publishing_error":"","footnotes":""},"class_list":["post-6551","page","type-page","status-publish","hentry"],"yoast_head":"<!-- This site is optimized with the Yoast SEO plugin v25.3.1 - https:\/\/yoast.com\/wordpress\/plugins\/seo\/ -->\n<title>Ikony medi\u00f3w spo\u0142eczno\u015bciowych - dodaj rozszerzenie Ikony spo\u0142eczno\u015bciowe do OpenCart<\/title>\n<meta name=\"description\" content=\"Wypr\u00f3buj ikony medi\u00f3w spo\u0142eczno\u015bciowych Elfsight dla OpenCart ju\u017c teraz. Wygeneruj unikalne ikony dla swojej witryny w zaledwie kilka minut!\" \/>\n<meta name=\"robots\" content=\"index, follow, max-snippet:-1, max-image-preview:large, max-video-preview:-1\" \/>\n<link rel=\"canonical\" href=\"https:\/\/elfsight.com\/pl\/social-media-icons-widget\/opencart\/\" \/>\n<meta property=\"og:locale\" content=\"pl_PL\" \/>\n<meta property=\"og:type\" content=\"article\" \/>\n<meta property=\"og:title\" content=\"Ikony medi\u00f3w spo\u0142eczno\u015bciowych - dodaj rozszerzenie Ikony spo\u0142eczno\u015bciowe do OpenCart\" \/>\n<meta property=\"og:description\" content=\"Wypr\u00f3buj ikony medi\u00f3w spo\u0142eczno\u015bciowych Elfsight dla OpenCart ju\u017c teraz. Wygeneruj unikalne ikony dla swojej witryny w zaledwie kilka minut!\" \/>\n<meta property=\"og:url\" content=\"https:\/\/elfsight.com\/pl\/social-media-icons-widget\/opencart\/\" \/>\n<meta property=\"og:site_name\" content=\"Elfsight PL\" \/>\n<meta property=\"article:modified_time\" content=\"2025-06-19T15:23:53+00:00\" \/>\n<meta name=\"twitter:card\" content=\"summary_large_image\" \/>\n<meta name=\"twitter:label1\" content=\"Szacowany czas czytania\" \/>\n\t<meta name=\"twitter:data1\" content=\"3 minuty\" \/>\n<!-- \/ Yoast SEO plugin. -->","yoast_head_json":{"title":"Ikony medi\u00f3w spo\u0142eczno\u015bciowych - dodaj rozszerzenie Ikony spo\u0142eczno\u015bciowe do OpenCart","description":"Wypr\u00f3buj ikony medi\u00f3w spo\u0142eczno\u015bciowych Elfsight dla OpenCart ju\u017c teraz. Wygeneruj unikalne ikony dla swojej witryny w zaledwie kilka minut!","robots":{"index":"index","follow":"follow","max-snippet":"max-snippet:-1","max-image-preview":"max-image-preview:large","max-video-preview":"max-video-preview:-1"},"canonical":"https:\/\/elfsight.com\/pl\/social-media-icons-widget\/opencart\/","og_locale":"pl_PL","og_type":"article","og_title":"Ikony medi\u00f3w spo\u0142eczno\u015bciowych - dodaj rozszerzenie Ikony spo\u0142eczno\u015bciowe do OpenCart","og_description":"Wypr\u00f3buj ikony medi\u00f3w spo\u0142eczno\u015bciowych Elfsight dla OpenCart ju\u017c teraz. Wygeneruj unikalne ikony dla swojej witryny w zaledwie kilka minut!","og_url":"https:\/\/elfsight.com\/pl\/social-media-icons-widget\/opencart\/","og_site_name":"Elfsight PL","article_modified_time":"2025-06-19T15:23:53+00:00","twitter_card":"summary_large_image","twitter_misc":{"Szacowany czas czytania":"3 minuty"},"schema":{"@context":"https:\/\/schema.org","@graph":[{"@type":"WebPage","@id":"https:\/\/elfsight.com\/pl\/social-media-icons-widget\/opencart\/","url":"https:\/\/elfsight.com\/pl\/social-media-icons-widget\/opencart\/","name":"Ikony medi\u00f3w spo\u0142eczno\u015bciowych - dodaj rozszerzenie Ikony spo\u0142eczno\u015bciowe do OpenCart","isPartOf":{"@id":"https:\/\/elfsight.com\/pl\/#website"},"datePublished":"1970-01-01T00:00:00+00:00","dateModified":"2025-06-19T15:23:53+00:00","description":"Wypr\u00f3buj ikony medi\u00f3w spo\u0142eczno\u015bciowych Elfsight dla OpenCart ju\u017c teraz. Wygeneruj unikalne ikony dla swojej witryny w zaledwie kilka minut!","breadcrumb":{"@id":"https:\/\/elfsight.com\/pl\/social-media-icons-widget\/opencart\/#breadcrumb"},"inLanguage":"pl-PL","potentialAction":[{"@type":"ReadAction","target":["https:\/\/elfsight.com\/pl\/social-media-icons-widget\/opencart\/"]}]},{"@type":"BreadcrumbList","@id":"https:\/\/elfsight.com\/pl\/social-media-icons-widget\/opencart\/#breadcrumb","itemListElement":[{"@type":"ListItem","position":1,"name":"Home","item":"https:\/\/elfsight.com\/pl\/"},{"@type":"ListItem","position":2,"name":"Social Media Icons","item":"https:\/\/elfsight.com\/pl\/social-media-icons-widget\/"},{"@type":"ListItem","position":3,"name":"Social Media Icons &#8211; OpenCart"}]},{"@type":"WebSite","@id":"https:\/\/elfsight.com\/pl\/#website","url":"https:\/\/elfsight.com\/pl\/","name":"Elfsight PL","description":"Just another Elfsight Sites site","potentialAction":[{"@type":"SearchAction","target":{"@type":"EntryPoint","urlTemplate":"https:\/\/elfsight.com\/pl\/?s={search_term_string}"},"query-input":{"@type":"PropertyValueSpecification","valueRequired":true,"valueName":"search_term_string"}}],"inLanguage":"pl-PL"}]}},"meta_box":{"industry":"","seo_heading":"","heading":"","description":"","cta_heading":"","cta_description":"","application":"2698","h1":"Ikony medi\u00f3w spo\u0142eczno\u015bciowych dla OpenCart","h1_caption":"Dodaj ikony, kt\u00f3re prowadz\u0105 do Twoich profili w mediach spo\u0142eczno\u015bciowych, u\u0142atwiaj\u0105c odwiedzaj\u0105cym bezproblemowe \u0142\u0105czenie si\u0119 z Tob\u0105 na r\u00f3\u017cnych platformach w Twojej witrynie Opencart.","application_category":[],"applications_title":"","applications_request_title":"","applications_request_button_text":"","hero_text":"","hero_video":"","hero_video_schema_markup":"","selling_points_title":"","selling_points_caption":"","selling_points":[],"selling_points_cta_text":"","features_title":"","features":"","ed_cta_examples_text":"","ed_cta_examples_hidden":"","ed_cta_demo_text":"","ed_cta_demo_hidden":"","why_caption":"","why_editor_title":"","why_editor_text":"","why_team_title":"","why_team_text":"","why_service_title":"","why_service_text":"","template_catalog_visible":"0","template_catalog_title":"","template_catalog_text":"","template_catalog_categories_visible":"","demo_title":"Utw\u00f3rz rozszerzenie ikon medi\u00f3w spo\u0142eczno\u015bciowych","demo_caption":"Skonfiguruj swoje ikony medi\u00f3w spo\u0142eczno\u015bciowych i dodaj je do swojej witryny OpenCart za darmo!","default_faq_hidden":"","app_template_category":[],"platform":"107","template_public_id":"","codecanyon_url":"","codecanyon_item_id":"","codecanyon_price":"","pricing_caption":"","pricing_elfsight_apps_hide_column":"","pricing_elfsight_apps_url":"","pricing_codecanyon_price_caption":"","integration_category":[],"integration_request_title":"","integration_request_cta":"","integration_platform":"","integrations":[],"platform_category":[],"video_schema_markup":"","price":"od 0 USD \/ miesi\u0105c","trial":"","benefits":[{"text":"Bezp\u0142atna pomoc w monta\u017cu"},{"text":"Skuteczna obs\u0142uga klienta"},{"text":"14-dniowa gwarancja zwrotu pieni\u0119dzy"}],"button_url":"#demo","button_target_blank":"0","button_nofollow":"0","attributes":[{"name":"Instaluje"},{"name":"Czu\u0142y"},{"name":"Kompatybilne przegl\u0105darki"}],"tags":[],"tags_disable_links":"0","hide_more_platforms":"0","video_object":"","demo_hide_cta":"0","demo_hide_cloud_options":"0","pricing_title":"","pricing":[{"pricing_icon":"platform","pricing_title":"Elfsight Apps","pricing_title_caption":"Niezale\u017cne od platformy rozwi\u0105zanie cyfrowe, kt\u00f3re dzia\u0142a na ka\u017cdej stronie internetowej","pricing_price":"od 0 USD \/ miesi\u0105c","pricing_price_caption":"zacznij od bezp\u0142atnego planu","pricing_benefits":[{"text":"Nielimitowane domeny"},{"text":"Dedykowane i terminowe wsparcie"},{"text":"Bezp\u0142atna pomoc w monta\u017cu"},{"text":"W pe\u0142ni konfigurowalny"}],"pricing_button_text":"Dodaj do witryny","pricing_button_url":"#demo"}],"related_apps_title":"","related_apps_hidden":"0","author":"","image":[],"title":"","job":"","social_networks":[]},"_links":{"self":[{"href":"https:\/\/elfsight.com\/pl\/wp-json\/wp\/v2\/pages\/6551","targetHints":{"allow":["GET"]}}],"collection":[{"href":"https:\/\/elfsight.com\/pl\/wp-json\/wp\/v2\/pages"}],"about":[{"href":"https:\/\/elfsight.com\/pl\/wp-json\/wp\/v2\/types\/page"}],"author":[{"embeddable":true,"href":"https:\/\/elfsight.com\/pl\/wp-json\/wp\/v2\/users\/9"}],"replies":[{"embeddable":true,"href":"https:\/\/elfsight.com\/pl\/wp-json\/wp\/v2\/comments?post=6551"}],"version-history":[{"count":2,"href":"https:\/\/elfsight.com\/pl\/wp-json\/wp\/v2\/pages\/6551\/revisions"}],"predecessor-version":[{"id":10158,"href":"https:\/\/elfsight.com\/pl\/wp-json\/wp\/v2\/pages\/6551\/revisions\/10158"}],"up":[{"embeddable":true,"href":"https:\/\/elfsight.com\/pl\/wp-json\/wp\/v2\/pages\/2699"}],"wp:attachment":[{"href":"https:\/\/elfsight.com\/pl\/wp-json\/wp\/v2\/media?parent=6551"}],"curies":[{"name":"wp","href":"https:\/\/api.w.org\/{rel}","templated":true}]}}