{"id":6550,"date":"1970-01-01T00:00:00","date_gmt":"1970-01-01T00:00:00","guid":{"rendered":"https:\/\/elfsight.com\/pl\/?page_id=6550"},"modified":"2026-01-20T14:05:34","modified_gmt":"2026-01-20T14:05:34","slug":"squarespace","status":"publish","type":"page","link":"https:\/\/elfsight.com\/pl\/social-media-icons-widget\/squarespace\/","title":{"rendered":"Social Media Icons &#8211; Squarespace"},"content":{"rendered":"<div class=\"application-platform-content-item-description application-platform-content-item\" id=\"description\" data-nav-section=\"description\">\n<h2>Osad\u017a ikony medi\u00f3w spo\u0142eczno\u015bciowych w Squarespace za pomoc\u0105 wid\u017cetu Elfsight<\/h2>\n<p>\u0141atwe i wydajne ikony spo\u0142eczno\u015bciowe Elfsight do po\u0142\u0105czenia Twojej witryny z niezb\u0119dnymi mediami spo\u0142eczno\u015bciowymi. Rozwijaj kontakty ze swoimi u\u017cytkownikami, czyni\u0105c z nich swojego subskrybenta. Responsywny uk\u0142ad, szczeg\u00f3\u0142owe ustawienia wygl\u0105du i stylu z gotowymi ikonami wszystkich g\u0142\u00f3wnych medi\u00f3w spo\u0142eczno\u015bciowych.<\/p>\n<p><b>Zwi\u0119ksz popularno\u015b\u0107 swojej firmy w serwisach spo\u0142eczno\u015bciowych.<\/b><\/p>\n<ul>\n    <li><b>Jeszcze jeden spos\u00f3b kontaktu z u\u017cytkownikami<\/b>.<br>Media spo\u0142eczno\u015bciowe mog\u0105 by\u0107 wariantem utrzymywania kontaktu z u\u017cytkownikami, dawa\u0107 szans\u0119 na wzmocnienie relacji.<\/li>\n    <li><b>Zdobywaj wi\u0119cej czytelnik\u00f3w w sieciach spo\u0142eczno\u015bciowych<\/b>.<br>Zwi\u0119ksz liczb\u0119 czytelnik\u00f3w swoich profili medialnych, regularnie przyci\u0105gaj\u0105c czytelnik\u00f3w witryny i przekszta\u0142caj\u0105c ich w obserwuj\u0105cych.<\/li>\n    <li><b>B\u0105d\u017a w kontakcie z klientami 24 godziny na dob\u0119, 7 dni w tygodniu<\/b>.<br>Umo\u017cliwia odwiedzaj\u0105cym napisanie jednego ze szczeg\u00f3lnie prostych, uzupe\u0142niaj\u0105cych sposob\u00f3w \u0142\u0105czenia si\u0119 i udzielania pomocy za po\u015brednictwem sieci spo\u0142eczno\u015bciowych.<\/li>\n    <li><b>Efektywne anga\u017cowanie u\u017cytkownik\u00f3w<\/b>.<br>Poka\u017c swoj\u0105 dynamiczn\u0105 pozycj\u0119 w mediach spo\u0142eczno\u015bciowych i przyci\u0105gnij wi\u0119ksze zainteresowanie swoj\u0105 firm\u0105 w\u015br\u00f3d klient\u00f3w serwisu.<\/li>\n<\/ul>\n<\/div>\n\n<div class=\"application-platform-content-item-features application-platform-content-item\" id=\"features\" data-nav-section=\"features\">\n<h2>G\u0142\u00f3wne cechy wid\u017cetu Ikony medi\u00f3w spo\u0142eczno\u015bciowych<\/h2>\n<p>Najwa\u017cniejsze zalety, kt\u00f3re przekszta\u0142caj\u0105 nasze ikony w najlepszy wid\u017cet spo\u0142eczno\u015bciowy Squarespace.<\/p>\n<ul>\n    <li>Dodawaj nieograniczon\u0105 liczb\u0119 ikon;<\/li>\n    <li>Duplikuj i usu\u0144 ikony;<\/li>\n    <li>3 warianty wyr\u00f3wnania ikon: do lewej, do prawej, do \u015brodka;<\/li>\n    <li>Bia\u0142e, czarne i natywne kolory t\u0142a po najechaniu kursorem;<\/li>\n    <li>6 osadzonych styl\u00f3w ikon.<\/li>\n<\/ul>\n<p><a href=\"#demo\">Sprawd\u017a najwa\u017cniejsze funkcje w naszej wersji demonstracyjnej<\/a><\/p>\n<\/div>\n\n<div class=\"application-platform-content-item-installation application-platform-content-item\" id=\"installation\" data-nav-section=\"installation\">\n<h2>Jak doda\u0107 ikony medi\u00f3w spo\u0142eczno\u015bciowych do Squarespace<\/h2>\n<div class=\"video-container\"><iframe allowfullscreen=\"\" frameborder=\"0\" height=\"405\" src=\"https:\/\/www.youtube.com\/embed\/y0YEI2Yu4fg?si=h46fmnkWveyLPtU2\" width=\"720\"><\/iframe><\/div>\n<p>Przejrzysty plan umieszczenia ikon na stronie internetowej bez do\u015bwiadczenia w programowaniu. Pe\u0142ny czas konfiguracji wynosi oko\u0142o 80 sekund.<\/p>\n<ol>\n    <li><b>Stw\u00f3rz swoje indywidualne ikony spo\u0142eczno\u015bciowe<\/b>.<br>Korzystaj\u0105c z naszego bezp\u0142atnego konfiguratora, wygeneruj wtyczk\u0119 o preferowanym wygl\u0105dzie i funkcjach.<\/li>\n    <li><b>Odbierz kod do osadzenia wtyczki<\/b>.<br>Po dostrojeniu wid\u017cetu zdob\u0105d\u017a kod wtyczki Icons z pojawiaj\u0105cego si\u0119 powiadomienia w aplikacjach Elfsight.<\/li>\n    <li><b>Poka\u017c wtyczk\u0119 na stronie SquareSpace<\/b>.<br>Osad\u017a wtyczk\u0119 w wymaganym miejscu strony i zastosuj zmiany.<\/li>\n    <li><b>Konfiguracja zosta\u0142a uko\u0144czona<\/b>.<br>Przejd\u017a do swojej witryny, aby zobaczy\u0107 swoj\u0105 prac\u0119.<\/li>\n<\/ol>\n<p>Nie uda\u0142o Ci si\u0119 umie\u015bci\u0107 lub pokaza\u0107 ikon w witrynie? Sprawd\u017a to w naszym szczeg\u00f3\u0142owym podr\u0119czniku \u00ab<a href=\"https:\/\/elfsight.com\/tutorials\/how-to-add-social-media-icons-to-squarespace\/\" target=\"_blank\" rel=\"noopener noreferrer\">Jak doda\u0107 ikony w Squarespace<\/a>\u00bb lub zwr\u00f3\u0107 si\u0119 do naszego centrum pomocy.<\/p>\n<\/div>\n\n<div class=\"faq\" data-component=\"FAQ\">\n<div class=\"faq-item\">\r\n\t\t\t\t\t<div class=\"faq-item-question\">\r\n\t\t\t\t\t\t<h3 class=\"faq-item-question-text\">W jaki spos\u00f3b jest to mo\u017cliwe osadzi\u0107 ikony medi\u00f3w spo\u0142eczno\u015bciowych w mojej witrynie Squarespace bez umiej\u0119tno\u015bci kodowania?<\/h3>\r\n\r\n\t\t\t\t\t\t<div class=\"faq-item-question-icon\"><\/div>\r\n\t\t\t\t\t<\/div>\r\n\r\n\t\t\t\t\t<div class=\"faq-item-answer\">\r\n\t\t\t\t\t\t<div class=\"faq-item-answer-text\">\n<p>Firma Elfsight wprowadza rozwi\u0105zanie SaaS, kt\u00f3re pozwala samodzielnie utworzy\u0107 wid\u017cet ikon medi\u00f3w spo\u0142eczno\u015bciowych, przekonaj si\u0119, jakie to proste: <\/p>\n<ul>\n    <li>Pracuj bezpo\u015brednio w edytorze na \u017cywo, aby utworzy\u0107 sekcj\u0119 ikon medi\u00f3w spo\u0142eczno\u015bciowych, kt\u00f3r\u0105 chcesz osadzi\u0107 w Squarespace.<\/li>\n    <li>Wybierz jeden z wielu gotowych szablon\u00f3w i dostosuj ustawienia ikon medi\u00f3w spo\u0142eczno\u015bciowych, zmie\u0144 uk\u0142ad i schemat kolor\u00f3w, dodaj swoj\u0105 tre\u015b\u0107 bez znajomo\u015bci kodowania.<\/li>\n    <li>Zapisz ikony medi\u00f3w spo\u0142eczno\u015bciowych i uzyskaj kod instalacyjny, kt\u00f3ry mo\u017cesz \u0142atwo umie\u015bci\u0107 na dowolnej witrynie Squarespace bez konieczno\u015bci kupowania wersji p\u0142atnej.<\/li>\n<\/ul>\n<p>Korzystaj\u0105c z naszego przyjaznego dla u\u017cytkownika edytora, ka\u017cdy u\u017cytkownik Internetu mo\u017ce wygenerowa\u0107 sekcj\u0119 ikon medi\u00f3w spo\u0142eczno\u015bciowych online i po prostu wklei\u0107 j\u0105 na swojej stronie internetowej Squarespace. Aby uzyska\u0107 dost\u0119p do us\u0142ugi Elfsight, nie jest konieczne wykupienie p\u0142atnej subskrypcji ani ujawnianie danych uwierzytelniaj\u0105cych karty. Je\u015bli napotkasz jakiekolwiek problemy, nie wahaj si\u0119 porozmawia\u0107 z naszym zespo\u0142em pomocy.<\/p>\n<\/div>\r\n\t\t\t\t\t<\/div>\r\n\t\t\t\t<\/div>\n<\/div>","protected":false},"excerpt":{"rendered":"","protected":false},"author":9,"featured_media":0,"parent":2699,"menu_order":0,"comment_status":"closed","ping_status":"closed","template":"templates\/template-application-platform.php","meta":{"publish_to_discourse":"","publish_post_category":"","wpdc_auto_publish_overridden":"","wpdc_topic_tags":"","wpdc_pin_topic":"","wpdc_pin_until":"","discourse_post_id":"","discourse_permalink":"","wpdc_publishing_response":"","wpdc_publishing_error":"","footnotes":""},"class_list":["post-6550","page","type-page","status-publish","hentry"],"yoast_head":"<!-- This site is optimized with the Yoast SEO plugin v25.3.1 - https:\/\/yoast.com\/wordpress\/plugins\/seo\/ -->\n<title>Ikony medi\u00f3w spo\u0142eczno\u015bciowych - dodaj wid\u017cet ikon spo\u0142eczno\u015bciowych do Squarespace<\/title>\n<meta name=\"description\" content=\"Wypr\u00f3buj bezp\u0142atnie ikony medi\u00f3w spo\u0142eczno\u015bciowych Elfsight dla Squarespace. Wygeneruj spersonalizowane ikony dla swojej witryny tylko w kilka minut!\" \/>\n<meta name=\"robots\" content=\"index, follow, max-snippet:-1, max-image-preview:large, max-video-preview:-1\" \/>\n<link rel=\"canonical\" href=\"https:\/\/elfsight.com\/pl\/social-media-icons-widget\/squarespace\/\" \/>\n<meta property=\"og:locale\" content=\"pl_PL\" \/>\n<meta property=\"og:type\" content=\"article\" \/>\n<meta property=\"og:title\" content=\"Ikony medi\u00f3w spo\u0142eczno\u015bciowych - dodaj wid\u017cet ikon spo\u0142eczno\u015bciowych do Squarespace\" \/>\n<meta property=\"og:description\" content=\"Wypr\u00f3buj bezp\u0142atnie ikony medi\u00f3w spo\u0142eczno\u015bciowych Elfsight dla Squarespace. Wygeneruj spersonalizowane ikony dla swojej witryny tylko w kilka minut!\" \/>\n<meta property=\"og:url\" content=\"https:\/\/elfsight.com\/pl\/social-media-icons-widget\/squarespace\/\" \/>\n<meta property=\"og:site_name\" content=\"Elfsight PL\" \/>\n<meta property=\"article:modified_time\" content=\"2026-01-20T14:05:34+00:00\" \/>\n<meta name=\"twitter:card\" content=\"summary_large_image\" \/>\n<meta name=\"twitter:label1\" content=\"Szacowany czas czytania\" \/>\n\t<meta name=\"twitter:data1\" content=\"3 minuty\" \/>\n<!-- \/ Yoast SEO plugin. -->","yoast_head_json":{"title":"Ikony medi\u00f3w spo\u0142eczno\u015bciowych - dodaj wid\u017cet ikon spo\u0142eczno\u015bciowych do Squarespace","description":"Wypr\u00f3buj bezp\u0142atnie ikony medi\u00f3w spo\u0142eczno\u015bciowych Elfsight dla Squarespace. Wygeneruj spersonalizowane ikony dla swojej witryny tylko w kilka minut!","robots":{"index":"index","follow":"follow","max-snippet":"max-snippet:-1","max-image-preview":"max-image-preview:large","max-video-preview":"max-video-preview:-1"},"canonical":"https:\/\/elfsight.com\/pl\/social-media-icons-widget\/squarespace\/","og_locale":"pl_PL","og_type":"article","og_title":"Ikony medi\u00f3w spo\u0142eczno\u015bciowych - dodaj wid\u017cet ikon spo\u0142eczno\u015bciowych do Squarespace","og_description":"Wypr\u00f3buj bezp\u0142atnie ikony medi\u00f3w spo\u0142eczno\u015bciowych Elfsight dla Squarespace. Wygeneruj spersonalizowane ikony dla swojej witryny tylko w kilka minut!","og_url":"https:\/\/elfsight.com\/pl\/social-media-icons-widget\/squarespace\/","og_site_name":"Elfsight PL","article_modified_time":"2026-01-20T14:05:34+00:00","twitter_card":"summary_large_image","twitter_misc":{"Szacowany czas czytania":"3 minuty"},"schema":{"@context":"https:\/\/schema.org","@graph":[{"@type":"WebPage","@id":"https:\/\/elfsight.com\/pl\/social-media-icons-widget\/squarespace\/","url":"https:\/\/elfsight.com\/pl\/social-media-icons-widget\/squarespace\/","name":"Ikony medi\u00f3w spo\u0142eczno\u015bciowych - dodaj wid\u017cet ikon spo\u0142eczno\u015bciowych do Squarespace","isPartOf":{"@id":"https:\/\/elfsight.com\/pl\/#website"},"datePublished":"1970-01-01T00:00:00+00:00","dateModified":"2026-01-20T14:05:34+00:00","description":"Wypr\u00f3buj bezp\u0142atnie ikony medi\u00f3w spo\u0142eczno\u015bciowych Elfsight dla Squarespace. Wygeneruj spersonalizowane ikony dla swojej witryny tylko w kilka minut!","breadcrumb":{"@id":"https:\/\/elfsight.com\/pl\/social-media-icons-widget\/squarespace\/#breadcrumb"},"inLanguage":"pl-PL","potentialAction":[{"@type":"ReadAction","target":["https:\/\/elfsight.com\/pl\/social-media-icons-widget\/squarespace\/"]}]},{"@type":"BreadcrumbList","@id":"https:\/\/elfsight.com\/pl\/social-media-icons-widget\/squarespace\/#breadcrumb","itemListElement":[{"@type":"ListItem","position":1,"name":"Home","item":"https:\/\/elfsight.com\/pl\/"},{"@type":"ListItem","position":2,"name":"Social Media Icons","item":"https:\/\/elfsight.com\/pl\/social-media-icons-widget\/"},{"@type":"ListItem","position":3,"name":"Social Media Icons &#8211; Squarespace"}]},{"@type":"WebSite","@id":"https:\/\/elfsight.com\/pl\/#website","url":"https:\/\/elfsight.com\/pl\/","name":"Elfsight PL","description":"Just another Elfsight Sites site","potentialAction":[{"@type":"SearchAction","target":{"@type":"EntryPoint","urlTemplate":"https:\/\/elfsight.com\/pl\/?s={search_term_string}"},"query-input":{"@type":"PropertyValueSpecification","valueRequired":true,"valueName":"search_term_string"}}],"inLanguage":"pl-PL"}]}},"meta_box":{"industry":"","seo_heading":"","heading":"","description":"","cta_heading":"","cta_description":"","application":"2698","h1":"Ikony medi\u00f3w spo\u0142eczno\u015bciowych dla Squarespace","h1_caption":"Dodaj ikony prowadz\u0105ce do Twoich profili w mediach spo\u0142eczno\u015bciowych, u\u0142atwiaj\u0105c odwiedzaj\u0105cym bezproblemowe \u0142\u0105czenie si\u0119 z Tob\u0105 na r\u00f3\u017cnych platformach w witrynie Squarespace.","application_category":[],"applications_title":"","applications_request_title":"","applications_request_button_text":"","hero_text":"","hero_video":"","hero_video_schema_markup":"","selling_points_title":"","selling_points_caption":"","selling_points":[],"selling_points_cta_text":"","features_title":"","features":"","ed_cta_examples_text":"","ed_cta_examples_hidden":"","ed_cta_demo_text":"","ed_cta_demo_hidden":"","why_caption":"","why_editor_title":"","why_editor_text":"","why_team_title":"","why_team_text":"","why_service_title":"","why_service_text":"","template_catalog_visible":"0","template_catalog_title":"","template_catalog_text":"","template_catalog_categories_visible":"","demo_title":"Utw\u00f3rz wtyczk\u0119 z ikonami medi\u00f3w spo\u0142eczno\u015bciowych","demo_caption":"Skonfiguruj ikony medi\u00f3w spo\u0142eczno\u015bciowych i dodaj je do swojej witryny Squarespace za darmo!","default_faq_hidden":"","app_template_category":[],"platform":"7588","template_public_id":"","codecanyon_url":"","codecanyon_item_id":"","codecanyon_price":"","pricing_caption":"","pricing_elfsight_apps_hide_column":"","pricing_elfsight_apps_url":"","pricing_codecanyon_price_caption":"","integration_category":[],"integration_request_title":"","integration_request_cta":"","integration_platform":"","integrations":[],"platform_category":[],"video_schema_markup":"","price":"od 0 USD \/ miesi\u0105c","trial":"","benefits":[{"text":"Bezp\u0142atna us\u0142uga monta\u017cu"},{"text":"Wyj\u0105tkowe wsparcie"},{"text":"14-dniowa gwarancja zwrotu pieni\u0119dzy"}],"button_url":"#demo","button_target_blank":"0","button_nofollow":"0","attributes":[{"name":"Instaluje"},{"name":"Czu\u0142y"},{"name":"Kompatybilne przegl\u0105darki"}],"tags":[],"tags_disable_links":"0","hide_more_platforms":"0","video_object":"","demo_hide_cta":"0","demo_hide_cloud_options":"0","pricing_title":"","pricing":[{"pricing_icon":"platform","pricing_title":"Elfsight Apps","pricing_title_caption":"Dedykowana obs\u0142uga klienta i dobrze udokumentowana","pricing_price":"od 0 USD \/ miesi\u0105c","pricing_price_caption":"zacznij od bezp\u0142atnego planu","pricing_benefits":[{"text":"Nielimitowane domeny"},{"text":"Dedykowana obs\u0142uga klienta i dobrze udokumentowana"},{"text":"Bezp\u0142atna pomoc w instalacji"},{"text":"W pe\u0142ni konfigurowalny"}],"pricing_button_text":"Dodaj do witryny","pricing_button_url":"#demo"}],"related_apps_title":"","related_apps_hidden":"0","author":"","image":[],"title":"","job":"","social_networks":[]},"_links":{"self":[{"href":"https:\/\/elfsight.com\/pl\/wp-json\/wp\/v2\/pages\/6550","targetHints":{"allow":["GET"]}}],"collection":[{"href":"https:\/\/elfsight.com\/pl\/wp-json\/wp\/v2\/pages"}],"about":[{"href":"https:\/\/elfsight.com\/pl\/wp-json\/wp\/v2\/types\/page"}],"author":[{"embeddable":true,"href":"https:\/\/elfsight.com\/pl\/wp-json\/wp\/v2\/users\/9"}],"replies":[{"embeddable":true,"href":"https:\/\/elfsight.com\/pl\/wp-json\/wp\/v2\/comments?post=6550"}],"version-history":[{"count":4,"href":"https:\/\/elfsight.com\/pl\/wp-json\/wp\/v2\/pages\/6550\/revisions"}],"predecessor-version":[{"id":10847,"href":"https:\/\/elfsight.com\/pl\/wp-json\/wp\/v2\/pages\/6550\/revisions\/10847"}],"up":[{"embeddable":true,"href":"https:\/\/elfsight.com\/pl\/wp-json\/wp\/v2\/pages\/2699"}],"wp:attachment":[{"href":"https:\/\/elfsight.com\/pl\/wp-json\/wp\/v2\/media?parent=6550"}],"curies":[{"name":"wp","href":"https:\/\/api.w.org\/{rel}","templated":true}]}}