{"id":6544,"date":"1970-01-01T00:00:00","date_gmt":"1970-01-01T00:00:00","guid":{"rendered":"https:\/\/elfsight.com\/pl\/?page_id=6544"},"modified":"2025-06-19T15:29:21","modified_gmt":"2025-06-19T15:29:21","slug":"weebly","status":"publish","type":"page","link":"https:\/\/elfsight.com\/pl\/social-media-icons-widget\/weebly\/","title":{"rendered":"Social Media Icons &#8211; Weebly"},"content":{"rendered":"<div class=\"application-platform-content-item-description application-platform-content-item\" id=\"description\" data-nav-section=\"description\">\n<h2>Opis<\/h2>\n<p>Przydatne i wydajne ikony spo\u0142eczno\u015bciowe firmy Elfsight umo\u017cliwiaj\u0105ce integracj\u0119 Twojej witryny z potrzebnymi mediami spo\u0142eczno\u015bciowymi. Wzmacniaj wi\u0119\u017a z odwiedzaj\u0105cymi, zamieniaj\u0105c ich w swoich subskrybent\u00f3w. Adaptacyjny szablon, pe\u0142na personalizacja interfejsu i projektu z gotowymi ikonami wszystkich g\u0142\u00f3wnych medi\u00f3w spo\u0142eczno\u015bciowych.<\/p>\n<p><b>Zwi\u0119ksz popularno\u015b\u0107 swojej marki w serwisach spo\u0142eczno\u015bciowych.<\/b><\/p>\n<ul>\n    <li><b>Jeszcze jeden wariant kontaktu z Tob\u0105 w sprawie klient\u00f3w<\/b>.<br>Media spo\u0142eczno\u015bciowe stanowi\u0105 dodatkow\u0105 metod\u0119 utrzymywania kontaktu z u\u017cytkownikami i daj\u0105 szans\u0119 na poszerzenie relacji.<\/li>\n    <li><b>Dodatkowi czytelnicy w mediach spo\u0142eczno\u015bciowych<\/b>.<br>Zwi\u0119ksz zasi\u0119g swoich kont w mediach spo\u0142eczno\u015bciowych, natychmiast anga\u017cuj\u0105c czytelnik\u00f3w witryny i zamieniaj\u0105c ich w obserwuj\u0105cych.<\/li>\n    <li><b>Zawsze utrzymuj kontakt z klientami<\/b>.<br>Pozwala u\u017cytkownikom znale\u017a\u0107 jedn\u0105 z naj\u0142atwiejszych metod zwracania si\u0119 do Ciebie i zapewnia lepsze wsparcie za po\u015brednictwem medi\u00f3w spo\u0142eczno\u015bciowych.<\/li>\n    <li><b>A pot\u0119\u017cna wypowied\u017a spo\u0142eczna<\/b>.<br>Wzmocnij zaufanie do swojej firmy w\u015br\u00f3d u\u017cytkownik\u00f3w swojej witryny za pomoc\u0105 kont w szczeg\u00f3lnie modnych mediach spo\u0142eczno\u015bciowych.<\/li>\n<\/ul>\n<\/div>\n\n<div class=\"application-platform-content-item-features application-platform-content-item\" id=\"features\" data-nav-section=\"features\">\n<h2>Funkcje<\/h2>\n<p>Wyj\u0105tkowa funkcjonalno\u015b\u0107, kt\u00f3ra zmienia ikony Elfsight w najlepsz\u0105 aplikacj\u0119 spo\u0142eczno\u015bciow\u0105 Weebly.<\/p>\n<ul>\n    <li>Biblioteka ikon najpopularniejszych medi\u00f3w;<\/li>\n    <li>Zmie\u0144 kolejno\u015b\u0107 prezentacji ikon;<\/li>\n    <li>P\u0142ywaj\u0105cy uk\u0142ad, aby ikony pod\u0105\u017ca\u0142y za przewijaniem;<\/li>\n    <li>Natywne, bia\u0142e i czarne kolory t\u0142a;<\/li>\n    <li>3 warianty promienia obramowania: okr\u0105g, zaokr\u0105glenie, kwadrat promienia obramowania.<\/li>\n<\/ul>\n<p><a href=\"#demo\">Przetestuj wyj\u0105tkowe funkcje w naszym konfiguratorze<\/a><\/p>\n<\/div>\n\n<div class=\"application-platform-content-item-installation application-platform-content-item\" id=\"installation\" data-nav-section=\"installation\">\n<h2>Jak doda\u0107 ikony medi\u00f3w spo\u0142eczno\u015bciowych do Weebly<\/h2>\n<div class=\"video-container\"><iframe width=\"720\" height=\"405\" src=\"https:\/\/www.youtube.com\/embed\/lRbRUpgrVwE\" frameborder=\"0\" allowfullscreen=\"\"><\/iframe><\/div>\n<p>Przejrzysty podr\u0119cznik integracji ikon na stronie bez kompetencji w programowaniu. \u015aredni czas instalacji wynosi mniej ni\u017c 90 sekund.<\/p>\n<ol>\n    <li><b>Wykonaj nasz darmowy konfigurator i zacznij tworzy\u0107 spersonalizowan\u0105 aplikacj\u0119.<\/b><br>Okre\u015bl niestandardowy wygl\u0105d i cechy funkcjonalne aplikacji i zapisz wszystkie zmiany.<\/li>\n    <li><b>Wy\u015bwietl osobisty kod w oknie aplikacji Elfsight.<\/b><br>Po zako\u0144czeniu tworzenia aplikacji osobistej skopiuj indywidualny kod z wy\u015bwietlonego wyskakuj\u0105cego okienka i zapisz go do dalszego wykorzystania.<\/li>\n    <li><b>Zacznij korzysta\u0107 z aplikacji w witrynie Weebly.<\/b><br>Umie\u015b\u0107 ostatnio zapisany kod na swojej stronie i zastosuj poprawki.<\/li>\n    <li><b>Gotowe! Integracja zosta\u0142a pomy\u015blnie przeprowadzona.<\/b><br>Przejd\u017a na swoj\u0105 witryn\u0119 i zobacz, jak dzia\u0142a aplikacja.<\/li>\n<\/ol>\n<p>Nie mo\u017cesz doda\u0107 lub dostosowa\u0107 ikon w witrynie? Sprawd\u017a nasz obszerny przewodnik \u00ab<a href=\"https:\/\/elfsight.com\/tutorials\/how-to-add-social-media-icons-to-weebly\/\" target=\"_blank\" rel=\"noopener noreferrer\">Jak zainstalowa\u0107 ikony w Weebly<\/a>\u00bb lub skontaktuj si\u0119 z naszym zespo\u0142em pomocy technicznej.<\/p>\n<\/div>\n\n<div class=\"faq\" data-component=\"FAQ\">\n<div class=\"faq-item\">\r\n\t\t\t\t\t<div class=\"faq-item-question\">\r\n\t\t\t\t\t\t<h3 class=\"faq-item-question-text\">Czy istnieje mo\u017cliwo\u015b\u0107 osadzenia medi\u00f3w spo\u0142eczno\u015bciowych Ikony na mojej stronie g\u0142\u00f3wnej Weebly bez kodowania?<\/h3>\r\n\r\n\t\t\t\t\t\t<div class=\"faq-item-question-icon\"><\/div>\r\n\t\t\t\t\t<\/div>\r\n\r\n\t\t\t\t\t<div class=\"faq-item-answer\">\r\n\t\t\t\t\t\t<div class=\"faq-item-answer-text\">\n<p>Firma Elfsight oferuje rozwi\u0105zanie, kt\u00f3re umo\u017cliwia w\u0142a\u015bcicielom witryn samodzielne utworzenie sekcji ikon medi\u00f3w spo\u0142eczno\u015bciowych. Zapoznaj si\u0119 z prostymi instrukcjami: <\/p>\n<ul>\n    <li>Rozpocznij prac\u0119 bezpo\u015brednio w Demo na \u017cywo, aby wygenerowa\u0107 wtyczk\u0119 ikon medi\u00f3w spo\u0142eczno\u015bciowych, kt\u00f3r\u0105 chcesz umie\u015bci\u0107 na stronie internetowej Weebly.<\/li>\n    <li>Wybierz jeden z wielu wst\u0119pnie zaprojektowanych szablon\u00f3w i dostosuj ustawienia ikon medi\u00f3w spo\u0142eczno\u015bciowych, do\u0142\u0105cz swoj\u0105 tre\u015b\u0107, zmie\u0144 uk\u0142ad i kolor element\u00f3w bez \u017cadnego kodowania.<\/li>\n    <li>Zapisz wprowadzone ustawienia w Social Media Icons i uzyskaj kod instalacyjny, kt\u00f3ry mo\u017cesz \u0142atwo i bezp\u0142atnie doda\u0107 na stronie g\u0142\u00f3wnej Weebly.<\/li>\n<\/ul>\n<p>Korzystaj\u0105c z naszego prostego edytora, ka\u017cdy u\u017cytkownik Internetu mo\u017ce utworzy\u0107 sekcj\u0119 Ikony medi\u00f3w spo\u0142eczno\u015bciowych i bez trudu osadzi\u0107 j\u0105 na swojej stronie internetowej Weebly. Nie powiniene\u015b p\u0142aci\u0107 ani podawa\u0107 danych uwierzytelniaj\u0105cych karty, aby uzyska\u0107 dost\u0119p do Edytora Elfsight. Je\u015bli napotkasz jakiekolwiek problemy, skontaktuj si\u0119 z naszym personelem pomocy technicznej.<\/p>\n<\/div>\r\n\t\t\t\t\t<\/div>\r\n\t\t\t\t<\/div>\n<\/div>","protected":false},"excerpt":{"rendered":"","protected":false},"author":9,"featured_media":0,"parent":2699,"menu_order":0,"comment_status":"closed","ping_status":"closed","template":"templates\/template-application-platform.php","meta":{"publish_to_discourse":"","publish_post_category":"","wpdc_auto_publish_overridden":"","wpdc_topic_tags":"","wpdc_pin_topic":"","wpdc_pin_until":"","discourse_post_id":"","discourse_permalink":"","wpdc_publishing_response":"","wpdc_publishing_error":"","footnotes":""},"class_list":["post-6544","page","type-page","status-publish","hentry"],"yoast_head":"<!-- This site is optimized with the Yoast SEO plugin v25.3.1 - https:\/\/yoast.com\/wordpress\/plugins\/seo\/ -->\n<title>Ikony medi\u00f3w spo\u0142eczno\u015bciowych \u2014 dodaj aplikacj\u0119 Ikony spo\u0142eczno\u015bciowe do Weebly<\/title>\n<meta name=\"description\" content=\"Przetestuj nasze ikony medi\u00f3w spo\u0142eczno\u015bciowych dla Weebly ca\u0142kowicie za darmo. Wygeneruj spersonalizowane ikony dla swojej witryny w ci\u0105gu kilku minut!\" \/>\n<meta name=\"robots\" content=\"index, follow, max-snippet:-1, max-image-preview:large, max-video-preview:-1\" \/>\n<link rel=\"canonical\" href=\"https:\/\/elfsight.com\/pl\/social-media-icons-widget\/weebly\/\" \/>\n<meta property=\"og:locale\" content=\"pl_PL\" \/>\n<meta property=\"og:type\" content=\"article\" \/>\n<meta property=\"og:title\" content=\"Ikony medi\u00f3w spo\u0142eczno\u015bciowych \u2014 dodaj aplikacj\u0119 Ikony spo\u0142eczno\u015bciowe do Weebly\" \/>\n<meta property=\"og:description\" content=\"Przetestuj nasze ikony medi\u00f3w spo\u0142eczno\u015bciowych dla Weebly ca\u0142kowicie za darmo. Wygeneruj spersonalizowane ikony dla swojej witryny w ci\u0105gu kilku minut!\" \/>\n<meta property=\"og:url\" content=\"https:\/\/elfsight.com\/pl\/social-media-icons-widget\/weebly\/\" \/>\n<meta property=\"og:site_name\" content=\"Elfsight PL\" \/>\n<meta property=\"article:modified_time\" content=\"2025-06-19T15:29:21+00:00\" \/>\n<meta name=\"twitter:card\" content=\"summary_large_image\" \/>\n<meta name=\"twitter:label1\" content=\"Szacowany czas czytania\" \/>\n\t<meta name=\"twitter:data1\" content=\"3 minuty\" \/>\n<!-- \/ Yoast SEO plugin. -->","yoast_head_json":{"title":"Ikony medi\u00f3w spo\u0142eczno\u015bciowych \u2014 dodaj aplikacj\u0119 Ikony spo\u0142eczno\u015bciowe do Weebly","description":"Przetestuj nasze ikony medi\u00f3w spo\u0142eczno\u015bciowych dla Weebly ca\u0142kowicie za darmo. Wygeneruj spersonalizowane ikony dla swojej witryny w ci\u0105gu kilku minut!","robots":{"index":"index","follow":"follow","max-snippet":"max-snippet:-1","max-image-preview":"max-image-preview:large","max-video-preview":"max-video-preview:-1"},"canonical":"https:\/\/elfsight.com\/pl\/social-media-icons-widget\/weebly\/","og_locale":"pl_PL","og_type":"article","og_title":"Ikony medi\u00f3w spo\u0142eczno\u015bciowych \u2014 dodaj aplikacj\u0119 Ikony spo\u0142eczno\u015bciowe do Weebly","og_description":"Przetestuj nasze ikony medi\u00f3w spo\u0142eczno\u015bciowych dla Weebly ca\u0142kowicie za darmo. Wygeneruj spersonalizowane ikony dla swojej witryny w ci\u0105gu kilku minut!","og_url":"https:\/\/elfsight.com\/pl\/social-media-icons-widget\/weebly\/","og_site_name":"Elfsight PL","article_modified_time":"2025-06-19T15:29:21+00:00","twitter_card":"summary_large_image","twitter_misc":{"Szacowany czas czytania":"3 minuty"},"schema":{"@context":"https:\/\/schema.org","@graph":[{"@type":"WebPage","@id":"https:\/\/elfsight.com\/pl\/social-media-icons-widget\/weebly\/","url":"https:\/\/elfsight.com\/pl\/social-media-icons-widget\/weebly\/","name":"Ikony medi\u00f3w spo\u0142eczno\u015bciowych \u2014 dodaj aplikacj\u0119 Ikony spo\u0142eczno\u015bciowe do Weebly","isPartOf":{"@id":"https:\/\/elfsight.com\/pl\/#website"},"datePublished":"1970-01-01T00:00:00+00:00","dateModified":"2025-06-19T15:29:21+00:00","description":"Przetestuj nasze ikony medi\u00f3w spo\u0142eczno\u015bciowych dla Weebly ca\u0142kowicie za darmo. Wygeneruj spersonalizowane ikony dla swojej witryny w ci\u0105gu kilku minut!","breadcrumb":{"@id":"https:\/\/elfsight.com\/pl\/social-media-icons-widget\/weebly\/#breadcrumb"},"inLanguage":"pl-PL","potentialAction":[{"@type":"ReadAction","target":["https:\/\/elfsight.com\/pl\/social-media-icons-widget\/weebly\/"]}]},{"@type":"BreadcrumbList","@id":"https:\/\/elfsight.com\/pl\/social-media-icons-widget\/weebly\/#breadcrumb","itemListElement":[{"@type":"ListItem","position":1,"name":"Home","item":"https:\/\/elfsight.com\/pl\/"},{"@type":"ListItem","position":2,"name":"Social Media Icons","item":"https:\/\/elfsight.com\/pl\/social-media-icons-widget\/"},{"@type":"ListItem","position":3,"name":"Social Media Icons &#8211; Weebly"}]},{"@type":"WebSite","@id":"https:\/\/elfsight.com\/pl\/#website","url":"https:\/\/elfsight.com\/pl\/","name":"Elfsight PL","description":"Just another Elfsight Sites site","potentialAction":[{"@type":"SearchAction","target":{"@type":"EntryPoint","urlTemplate":"https:\/\/elfsight.com\/pl\/?s={search_term_string}"},"query-input":{"@type":"PropertyValueSpecification","valueRequired":true,"valueName":"search_term_string"}}],"inLanguage":"pl-PL"}]}},"meta_box":{"industry":"","seo_heading":"","heading":"","description":"","cta_heading":"","cta_description":"","application":"2698","h1":"Ikony medi\u00f3w spo\u0142eczno\u015bciowych dla Weebly","h1_caption":"Dodaj ikony prowadz\u0105ce do Twoich profili w mediach spo\u0142eczno\u015bciowych, dzi\u0119ki czemu odwiedzaj\u0105cy b\u0119d\u0105 mogli \u0142atwo \u0142\u0105czy\u0107 si\u0119 z Tob\u0105 na r\u00f3\u017cnych platformach w Twojej witrynie Weebly.","application_category":[],"applications_title":"","applications_request_title":"","applications_request_button_text":"","hero_text":"","hero_video":"","hero_video_schema_markup":"","selling_points_title":"","selling_points_caption":"","selling_points":[],"selling_points_cta_text":"","features_title":"","features":"","ed_cta_examples_text":"","ed_cta_examples_hidden":"","ed_cta_demo_text":"","ed_cta_demo_hidden":"","why_caption":"","why_editor_title":"","why_editor_text":"","why_team_title":"","why_team_text":"","why_service_title":"","why_service_text":"","template_catalog_visible":"0","template_catalog_title":"","template_catalog_text":"","template_catalog_categories_visible":"","demo_title":"Utw\u00f3rz aplikacj\u0119 z ikonami medi\u00f3w spo\u0142eczno\u015bciowych","demo_caption":"Skonfiguruj ikony medi\u00f3w spo\u0142eczno\u015bciowych i dodaj je za darmo do swojej witryny Weebly!","default_faq_hidden":"","app_template_category":[],"platform":"132","template_public_id":"","codecanyon_url":"","codecanyon_item_id":"","codecanyon_price":"","pricing_caption":"","pricing_elfsight_apps_hide_column":"","pricing_elfsight_apps_url":"","pricing_codecanyon_price_caption":"","integration_category":[],"integration_request_title":"","integration_request_cta":"","integration_platform":"","integrations":[],"platform_category":[],"video_schema_markup":"","price":"od 0 USD \/ miesi\u0105c","trial":"","benefits":[{"text":"Bezp\u0142atna pomoc w instalacji"},{"text":"Wyj\u0105tkowe wsparcie"},{"text":"14-dniowa gwarancja zwrotu pieni\u0119dzy"}],"button_url":"#demo","button_target_blank":"0","button_nofollow":"0","attributes":[{"name":"Instaluje"},{"name":"Czu\u0142y"},{"name":"Kompatybilne przegl\u0105darki"}],"tags":[],"tags_disable_links":"0","hide_more_platforms":"0","video_object":"","demo_hide_cta":"0","demo_hide_cloud_options":"0","pricing_title":"","pricing":[{"pricing_icon":"cloud","pricing_title":"Elfsight Apps","pricing_title_caption":"Wersja wieloplatformowa dzia\u0142aj\u0105ca na dowolnej stronie internetowej (w tym Weebly)","pricing_price":"od 0 USD \/ miesi\u0105c","pricing_price_caption":"Zacznij od bezp\u0142atnego planu","pricing_benefits":[{"text":"Nielimitowane strony internetowe"},{"text":"Wsparcie premium"},{"text":"Bezp\u0142atna us\u0142uga monta\u017cu"},{"text":"Oferta specjalna na wiele aplikacji"}],"pricing_button_text":"Dodaj do witryny","pricing_button_url":"#demo"}],"related_apps_title":"","related_apps_hidden":"0","author":"","image":[],"title":"","job":"","social_networks":[]},"_links":{"self":[{"href":"https:\/\/elfsight.com\/pl\/wp-json\/wp\/v2\/pages\/6544","targetHints":{"allow":["GET"]}}],"collection":[{"href":"https:\/\/elfsight.com\/pl\/wp-json\/wp\/v2\/pages"}],"about":[{"href":"https:\/\/elfsight.com\/pl\/wp-json\/wp\/v2\/types\/page"}],"author":[{"embeddable":true,"href":"https:\/\/elfsight.com\/pl\/wp-json\/wp\/v2\/users\/9"}],"replies":[{"embeddable":true,"href":"https:\/\/elfsight.com\/pl\/wp-json\/wp\/v2\/comments?post=6544"}],"version-history":[{"count":3,"href":"https:\/\/elfsight.com\/pl\/wp-json\/wp\/v2\/pages\/6544\/revisions"}],"predecessor-version":[{"id":10163,"href":"https:\/\/elfsight.com\/pl\/wp-json\/wp\/v2\/pages\/6544\/revisions\/10163"}],"up":[{"embeddable":true,"href":"https:\/\/elfsight.com\/pl\/wp-json\/wp\/v2\/pages\/2699"}],"wp:attachment":[{"href":"https:\/\/elfsight.com\/pl\/wp-json\/wp\/v2\/media?parent=6544"}],"curies":[{"name":"wp","href":"https:\/\/api.w.org\/{rel}","templated":true}]}}