{"id":6542,"date":"1970-01-01T00:00:00","date_gmt":"1970-01-01T00:00:00","guid":{"rendered":"https:\/\/elfsight.com\/pl\/?page_id=6542"},"modified":"2025-06-19T15:18:06","modified_gmt":"2025-06-19T15:18:06","slug":"jquery","status":"publish","type":"page","link":"https:\/\/elfsight.com\/pl\/social-media-icons-widget\/jquery\/","title":{"rendered":"Social Media Icons &#8211; jQuery"},"content":{"rendered":"<div class=\"application-platform-content-item-description application-platform-content-item\" id=\"description\" data-nav-section=\"description\">\n<h2>Opis<\/h2>\n<p>Praktyczne i skuteczne ikony jQuery firmy Elfsight po\u0142\u0105cz\u0105 Twoj\u0105 witryn\u0119 z potrzebnymi sieciami spo\u0142eczno\u015bciowymi. Utrzymuj kontakt z odwiedzaj\u0105cymi, przekszta\u0142caj\u0105c ich w obserwuj\u0105cych. Adaptacyjny uk\u0142ad, szerokie mo\u017cliwo\u015bci dostosowywania wygl\u0105du i designu dzi\u0119ki gotowym do u\u017cycia ikonom wszystkich kluczowych medi\u00f3w spo\u0142eczno\u015bciowych.<\/p>\n<p><b>Zwi\u0119ksz zasi\u0119g swojej firmy w mediach spo\u0142eczno\u015bciowych.<\/b><\/p>\n<ul>\n    <li><b>Dodatkowy wariant kontaktu z u\u017cytkownikami<\/b>.<br>Sieci spo\u0142eczno\u015bciowe to dodatkowy wariant pozwalaj\u0105cy na utrzymanie wi\u0119zi z klientami i rozwijanie relacji.<\/li>\n    <li><b>Rosn\u0105ca liczba subskrybent\u00f3w w mediach spo\u0142eczno\u015bciowych<\/b>.<br>Zwi\u0119ksz liczb\u0119 czytelnik\u00f3w swoich stron medialnych, stale przyci\u0105gaj\u0105c odwiedzaj\u0105cych witryn\u0119 i przekszta\u0142caj\u0105c ich w subskrybent\u00f3w.<\/li>\n    <li><b>Zawsze b\u0105d\u017a w kontakcie z u\u017cytkownikami<\/b>.<br>Podw\u00f3j poziom zaufania do swojej firmy w\u015br\u00f3d u\u017cytkownik\u00f3w serwisu dzi\u0119ki stronom w odnosz\u0105cych najwi\u0119ksze sukcesy sieciach spo\u0142eczno\u015bciowych.<\/li>\n    <li><b>Silny argument spo\u0142eczny<\/b>.<br>Zapewnij czytelnikom szczeg\u00f3lnie wygodne, dodatkowe metody komunikacji i udzielania wsparcia za po\u015brednictwem medi\u00f3w spo\u0142eczno\u015bciowych.<\/li>\n<\/ul>\n<\/div>\n\n<div class=\"application-platform-content-item-features application-platform-content-item\" id=\"features\" data-nav-section=\"features\">\n<h2>Funkcje<\/h2>\n<p>Kluczowe cechy, kt\u00f3re sprawiaj\u0105, \u017ce nasze ikony s\u0105 najlepsz\u0105 wtyczk\u0105 ikon spo\u0142eczno\u015bciowych jQuery.<\/p>\n<ul>\n    <li>Ponad 50 predefiniowanych platform spo\u0142eczno\u015bciowych;<\/li>\n    <li>5 opcji rozmiaru ikon;<\/li>\n    <li>3 warianty pozycji;<\/li>\n    <li>5 typ\u00f3w animacji;<\/li>\n    <li>3 schematy kolor\u00f3w ikon, t\u0142a i efektu najechania;<\/li>\n    <li>5 rodzaj\u00f3w efektu najechania.<\/li>\n<\/ul>\n<p><a href=\"#demo\">Wypr\u00f3buj najwa\u017cniejsze funkcje w naszej wersji demonstracyjnej<\/a><\/p>\n<\/div>\n\n<div class=\"application-platform-content-item-installation application-platform-content-item\" id=\"installation\" data-nav-section=\"installation\">\n<h2>Jak doda\u0107 ikony medi\u00f3w spo\u0142eczno\u015bciowych do witryny jQuery<\/h2>\n<p>Prosta instrukcja instalacji ikon na stronie bez znajomo\u015bci programowania. Przybli\u017cony czas trwania ustawienia nie przekracza 3 minut.<\/p>\n<ol>\n    <li><b>Utw\u00f3rz w\u0142asne ikony spo\u0142eczno\u015bciowe<\/b>.<br>Korzystaj\u0105c z naszej bezp\u0142atnej wersji demonstracyjnej, utw\u00f3rz wtyczk\u0119 z potrzebny uk\u0142ad i funkcje.<\/li>\n    <li><b>Skopiuj kod, aby zintegrowa\u0107 wtyczk\u0119 ze stron\u0105 internetow\u0105<\/b>.<br>Po skonfigurowaniu wid\u017cetu sprawd\u017a pojawiaj\u0105ce si\u0119 okno w aplikacji Elfsight, aby skopiowa\u0107 kod instalacyjny.<\/li>\n    <li><b>Wy\u015bwietl wtyczk\u0119 na stronie<\/b>.<br>Umie\u015b\u0107 wtyczk\u0119 w odpowiednim miejscu witryny i zapisz zmiany.<\/li>\n    <li><b>W pe\u0142ni wykona\u0142e\u015b instalacji<\/b>.<br>Przejd\u017a do swojej witryny, aby sprawdzi\u0107 swoj\u0105 prac\u0119.<\/li>\n<\/ol>\n<p>Nie uda\u0142o Ci si\u0119 utworzy\u0107 lub dostosowa\u0107 ikon na stronie internetowej? Zapoznaj si\u0119 z naszym obszernym przewodnikiem \u00ab<a href=\"https:\/\/elfsight.com\/tutorials\/how-to-add-social-media-icons-to-jquery\/\" target=\"_blank\" rel=\"noopener noreferrer\">Jak doda\u0107 ikony w jQuery<\/a>\u00bb lub zwr\u00f3\u0107 si\u0119 do naszego zespo\u0142u pomocy technicznej.<\/p>\n<\/div>\n\n<div class=\"faq\" data-component=\"FAQ\">\n<div class=\"faq-item\">\r\n\t\t\t\t\t<div class=\"faq-item-question\">\r\n\t\t\t\t\t\t<h3 class=\"faq-item-question-text\">W jaki spos\u00f3b mo\u017cna osadzi\u0107 serwis spo\u0142eczno\u015bciowy Ikony multimedi\u00f3w do mojego jQuery bez do\u015bwiadczenia w kodowaniu?<\/h3>\r\n\r\n\t\t\t\t\t\t<div class=\"faq-item-question-icon\"><\/div>\r\n\t\t\t\t\t<\/div>\r\n\r\n\t\t\t\t\t<div class=\"faq-item-answer\">\r\n\t\t\t\t\t\t<div class=\"faq-item-answer-text\">\n<p>Firma Elfsight zapewnia rozwi\u0105zanie w chmurze, kt\u00f3re umo\u017cliwia u\u017cytkownikom samodzielne utworzenie wid\u017cetu Ikony medi\u00f3w spo\u0142eczno\u015bciowych, odkrycie nieskomplikowanych krok\u00f3w: <\/p>\n<ul>\n    <li>Praca w trybie online Edytor, aby utworzy\u0107 wtyczk\u0119 ikon medi\u00f3w spo\u0142eczno\u015bciowych, kt\u00f3r\u0105 chcesz osadzi\u0107 na swojej stronie g\u0142\u00f3wnej jQuery.<\/li>\n    <li>Wybierz jeden z naszych gotowych szablon\u00f3w i dostosuj ustawienia ikon medi\u00f3w spo\u0142eczno\u015bciowych, zaktualizuj tre\u015b\u0107, zmie\u0144 uk\u0142ad i kolor elementy bez kodowania.<\/li>\n    <li>Zapisz wprowadzone ustawienia w Social Media Icons i skopiuj kod do instalacji, kt\u00f3ry mo\u017cna doda\u0107 na stronie jQuery bez konieczno\u015bci zakupu p\u0142atnego planu.<\/li>\n<\/ul>\n<p>Dzi\u0119ki prostemu w obs\u0142udze Edytorowi ka\u017cdy internauta mo\u017ce stworzy\u0107 wtyczk\u0119 Social Media Icons online i \u0142atwo doda\u0107 j\u0105 do strony internetowej jQuery. Aby uzyska\u0107 dost\u0119p do naszej us\u0142ugi, nie jest konieczne wykupienie p\u0142atnego abonamentu ani wprowadzanie danych karty. Je\u015bli napotkasz jakiekolwiek problemy, skontaktuj si\u0119 z naszym zespo\u0142em pomocy technicznej.<\/p>\n<\/div>\r\n\t\t\t\t\t<\/div>\r\n\t\t\t\t<\/div>\n<\/div>","protected":false},"excerpt":{"rendered":"","protected":false},"author":9,"featured_media":0,"parent":2699,"menu_order":0,"comment_status":"closed","ping_status":"closed","template":"templates\/template-application-platform.php","meta":{"publish_to_discourse":"","publish_post_category":"","wpdc_auto_publish_overridden":"","wpdc_topic_tags":"","wpdc_pin_topic":"","wpdc_pin_until":"","discourse_post_id":"","discourse_permalink":"","wpdc_publishing_response":"","wpdc_publishing_error":"","footnotes":""},"class_list":["post-6542","page","type-page","status-publish","hentry"],"yoast_head":"<!-- This site is optimized with the Yoast SEO plugin v25.3.1 - https:\/\/yoast.com\/wordpress\/plugins\/seo\/ -->\n<title>Ikony medi\u00f3w spo\u0142eczno\u015bciowych \u2014 ikony spo\u0142eczno\u015bciowe jQuery dla Twojej witryny<\/title>\n<meta name=\"description\" content=\"Sprawd\u017a ju\u017c teraz nasze ikony medi\u00f3w spo\u0142eczno\u015bciowych dla witryny JQuery. Utw\u00f3rz ikony Elfsight jQuery dla swojej witryny tylko w kilka minut!\" \/>\n<meta name=\"robots\" content=\"index, follow, max-snippet:-1, max-image-preview:large, max-video-preview:-1\" \/>\n<link rel=\"canonical\" href=\"https:\/\/elfsight.com\/pl\/social-media-icons-widget\/jquery\/\" \/>\n<meta property=\"og:locale\" content=\"pl_PL\" \/>\n<meta property=\"og:type\" content=\"article\" \/>\n<meta property=\"og:title\" content=\"Ikony medi\u00f3w spo\u0142eczno\u015bciowych \u2014 ikony spo\u0142eczno\u015bciowe jQuery dla Twojej witryny\" \/>\n<meta property=\"og:description\" content=\"Sprawd\u017a ju\u017c teraz nasze ikony medi\u00f3w spo\u0142eczno\u015bciowych dla witryny JQuery. Utw\u00f3rz ikony Elfsight jQuery dla swojej witryny tylko w kilka minut!\" \/>\n<meta property=\"og:url\" content=\"https:\/\/elfsight.com\/pl\/social-media-icons-widget\/jquery\/\" \/>\n<meta property=\"og:site_name\" content=\"Elfsight PL\" \/>\n<meta property=\"article:modified_time\" content=\"2025-06-19T15:18:06+00:00\" \/>\n<meta name=\"twitter:card\" content=\"summary_large_image\" \/>\n<meta name=\"twitter:label1\" content=\"Szacowany czas czytania\" \/>\n\t<meta name=\"twitter:data1\" content=\"3 minuty\" \/>\n<!-- \/ Yoast SEO plugin. -->","yoast_head_json":{"title":"Ikony medi\u00f3w spo\u0142eczno\u015bciowych \u2014 ikony spo\u0142eczno\u015bciowe jQuery dla Twojej witryny","description":"Sprawd\u017a ju\u017c teraz nasze ikony medi\u00f3w spo\u0142eczno\u015bciowych dla witryny JQuery. Utw\u00f3rz ikony Elfsight jQuery dla swojej witryny tylko w kilka minut!","robots":{"index":"index","follow":"follow","max-snippet":"max-snippet:-1","max-image-preview":"max-image-preview:large","max-video-preview":"max-video-preview:-1"},"canonical":"https:\/\/elfsight.com\/pl\/social-media-icons-widget\/jquery\/","og_locale":"pl_PL","og_type":"article","og_title":"Ikony medi\u00f3w spo\u0142eczno\u015bciowych \u2014 ikony spo\u0142eczno\u015bciowe jQuery dla Twojej witryny","og_description":"Sprawd\u017a ju\u017c teraz nasze ikony medi\u00f3w spo\u0142eczno\u015bciowych dla witryny JQuery. Utw\u00f3rz ikony Elfsight jQuery dla swojej witryny tylko w kilka minut!","og_url":"https:\/\/elfsight.com\/pl\/social-media-icons-widget\/jquery\/","og_site_name":"Elfsight PL","article_modified_time":"2025-06-19T15:18:06+00:00","twitter_card":"summary_large_image","twitter_misc":{"Szacowany czas czytania":"3 minuty"},"schema":{"@context":"https:\/\/schema.org","@graph":[{"@type":"WebPage","@id":"https:\/\/elfsight.com\/pl\/social-media-icons-widget\/jquery\/","url":"https:\/\/elfsight.com\/pl\/social-media-icons-widget\/jquery\/","name":"Ikony medi\u00f3w spo\u0142eczno\u015bciowych \u2014 ikony spo\u0142eczno\u015bciowe jQuery dla Twojej witryny","isPartOf":{"@id":"https:\/\/elfsight.com\/pl\/#website"},"datePublished":"1970-01-01T00:00:00+00:00","dateModified":"2025-06-19T15:18:06+00:00","description":"Sprawd\u017a ju\u017c teraz nasze ikony medi\u00f3w spo\u0142eczno\u015bciowych dla witryny JQuery. Utw\u00f3rz ikony Elfsight jQuery dla swojej witryny tylko w kilka minut!","breadcrumb":{"@id":"https:\/\/elfsight.com\/pl\/social-media-icons-widget\/jquery\/#breadcrumb"},"inLanguage":"pl-PL","potentialAction":[{"@type":"ReadAction","target":["https:\/\/elfsight.com\/pl\/social-media-icons-widget\/jquery\/"]}]},{"@type":"BreadcrumbList","@id":"https:\/\/elfsight.com\/pl\/social-media-icons-widget\/jquery\/#breadcrumb","itemListElement":[{"@type":"ListItem","position":1,"name":"Home","item":"https:\/\/elfsight.com\/pl\/"},{"@type":"ListItem","position":2,"name":"Social Media Icons","item":"https:\/\/elfsight.com\/pl\/social-media-icons-widget\/"},{"@type":"ListItem","position":3,"name":"Social Media Icons &#8211; jQuery"}]},{"@type":"WebSite","@id":"https:\/\/elfsight.com\/pl\/#website","url":"https:\/\/elfsight.com\/pl\/","name":"Elfsight PL","description":"Just another Elfsight Sites site","potentialAction":[{"@type":"SearchAction","target":{"@type":"EntryPoint","urlTemplate":"https:\/\/elfsight.com\/pl\/?s={search_term_string}"},"query-input":{"@type":"PropertyValueSpecification","valueRequired":true,"valueName":"search_term_string"}}],"inLanguage":"pl-PL"}]}},"meta_box":{"industry":"","seo_heading":"","heading":"","description":"","cta_heading":"","cta_description":"","application":"2698","h1":"Ikony medi\u00f3w spo\u0142eczno\u015bciowych jQuery","h1_caption":"Dodaj ikony prowadz\u0105ce do Twoich profili w mediach spo\u0142eczno\u015bciowych, u\u0142atwiaj\u0105c odwiedzaj\u0105cym bezproblemowe \u0142\u0105czenie si\u0119 z Tob\u0105 na r\u00f3\u017cnych platformach w Twojej witrynie jQuery.","application_category":[],"applications_title":"","applications_request_title":"","applications_request_button_text":"","hero_text":"","hero_video":"","hero_video_schema_markup":"","selling_points_title":"","selling_points_caption":"","selling_points":[],"selling_points_cta_text":"","features_title":"","features":"","ed_cta_examples_text":"","ed_cta_examples_hidden":"","ed_cta_demo_text":"","ed_cta_demo_hidden":"","why_caption":"","why_editor_title":"","why_editor_text":"","why_team_title":"","why_team_text":"","why_service_title":"","why_service_text":"","template_catalog_visible":"0","template_catalog_title":"","template_catalog_text":"","template_catalog_categories_visible":"","demo_title":"Utw\u00f3rz wtyczk\u0119 z ikonami medi\u00f3w spo\u0142eczno\u015bciowych","demo_caption":"Skonfiguruj ikony medi\u00f3w spo\u0142eczno\u015bciowych i dodaj je do swojej witryny jQuery za darmo!","default_faq_hidden":"","app_template_category":[],"platform":"56","template_public_id":"","codecanyon_url":"","codecanyon_item_id":"","codecanyon_price":"","pricing_caption":"","pricing_elfsight_apps_hide_column":"","pricing_elfsight_apps_url":"","pricing_codecanyon_price_caption":"","integration_category":[],"integration_request_title":"","integration_request_cta":"","integration_platform":"","integrations":[],"platform_category":[],"video_schema_markup":"","price":"od 0 USD \/ miesi\u0105c","trial":"","benefits":[{"text":"Bezp\u0142atna pomoc w monta\u017cu"},{"text":"Do\u015bwiadczona obs\u0142uga klienta"},{"text":"14-dniowa gwarancja zwrotu pieni\u0119dzy"}],"button_url":"#demo","button_target_blank":"0","button_nofollow":"0","attributes":[{"name":"Instaluje"},{"name":"Czu\u0142y"},{"name":"Kompatybilne przegl\u0105darki"}],"tags":[],"tags_disable_links":"0","hide_more_platforms":"0","video_object":"","demo_hide_cta":"0","demo_hide_cloud_options":"0","pricing_title":"","pricing":[{"pricing_icon":"platform","pricing_title":"Elfsight Apps","pricing_title_caption":"Rozwi\u0105zanie wieloplatformowe, kt\u00f3re pasuje do ka\u017cdej witryny internetowej","pricing_price":"od 0 USD \/ miesi\u0105c","pricing_price_caption":"zacznij od bezp\u0142atnego planu","pricing_benefits":[{"text":"Nielimitowane domeny"},{"text":"Bezp\u0142atne i terminowe wsparcie oraz dobrze udokumentowane"},{"text":"Bezp\u0142atne wsparcie instalacyjne"},{"text":"W pe\u0142ni konfigurowalny"}],"pricing_button_text":"Dodaj do witryny","pricing_button_url":"#demo"}],"related_apps_title":"","related_apps_hidden":"0","author":"","image":[],"title":"","job":"","social_networks":[]},"_links":{"self":[{"href":"https:\/\/elfsight.com\/pl\/wp-json\/wp\/v2\/pages\/6542","targetHints":{"allow":["GET"]}}],"collection":[{"href":"https:\/\/elfsight.com\/pl\/wp-json\/wp\/v2\/pages"}],"about":[{"href":"https:\/\/elfsight.com\/pl\/wp-json\/wp\/v2\/types\/page"}],"author":[{"embeddable":true,"href":"https:\/\/elfsight.com\/pl\/wp-json\/wp\/v2\/users\/9"}],"replies":[{"embeddable":true,"href":"https:\/\/elfsight.com\/pl\/wp-json\/wp\/v2\/comments?post=6542"}],"version-history":[{"count":2,"href":"https:\/\/elfsight.com\/pl\/wp-json\/wp\/v2\/pages\/6542\/revisions"}],"predecessor-version":[{"id":10153,"href":"https:\/\/elfsight.com\/pl\/wp-json\/wp\/v2\/pages\/6542\/revisions\/10153"}],"up":[{"embeddable":true,"href":"https:\/\/elfsight.com\/pl\/wp-json\/wp\/v2\/pages\/2699"}],"wp:attachment":[{"href":"https:\/\/elfsight.com\/pl\/wp-json\/wp\/v2\/media?parent=6542"}],"curies":[{"name":"wp","href":"https:\/\/api.w.org\/{rel}","templated":true}]}}