{"id":6528,"date":"1970-01-01T00:00:00","date_gmt":"1970-01-01T00:00:00","guid":{"rendered":"https:\/\/elfsight.com\/pl\/?page_id=6528"},"modified":"2025-06-19T15:30:56","modified_gmt":"2025-06-19T15:30:56","slug":"google-sites","status":"publish","type":"page","link":"https:\/\/elfsight.com\/pl\/social-media-icons-widget\/google-sites\/","title":{"rendered":"Social Media Icons &#8211; Google Sites"},"content":{"rendered":"<div class=\"application-platform-content-item-description application-platform-content-item\" id=\"description\" data-nav-section=\"description\">\n<h2>Osad\u017a ikony medi\u00f3w spo\u0142eczno\u015bciowych w Witrynach Google za pomoc\u0105 wid\u017cetu Elfsight<\/h2>\n<p>Szybkie i proste wstawianie ikon r\u00f3\u017cnych medi\u00f3w spo\u0142eczno\u015bciowych, komunikator\u00f3w i wielu innych zasob\u00f3w multimedialnych z linkiem do Twojego profilu na Twojej stronie internetowej. Nie tra\u0107 czasu na projektowanie logo i modyfikowanie szablonu internetowego &#8211; wypr\u00f3buj gotowy do u\u017cycia widget stworzony przez Elfsight.<\/p>\n<p><b>Dzi\u0119ki ikonom medi\u00f3w spo\u0142eczno\u015bciowych mo\u017cesz aktywnie rozwija\u0107 biznes i zwi\u0119ksza\u0107 sprzeda\u017c.<\/b><\/p>\n<\/div>\n\n<div class=\"application-platform-content-item-features application-platform-content-item\" id=\"features\" data-nav-section=\"features\">\n<h2>Wy\u015bwietl list\u0119 najwa\u017cniejszych funkcji:<\/h2>\n<ul>\n    <li>Wyr\u00f3wnanie przycisk\u00f3w do lewej, prawej lub do \u015brodka.<\/li>\n    <li>3 opcje kszta\u0142tu przycisk\u00f3w.<\/li>\n    <li>Regulowana przezroczysto\u015b\u0107 przycisk\u00f3w.<\/li>\n    <li>3 schematy kolor\u00f3w ikon, t\u0142a i najechania kursorem.<\/li>\n<\/ul>\n<p><a href=\"#demo\">Pe\u0142ne mo\u017cliwo\u015bci wid\u017cetu mo\u017cesz pozna\u0107 w wersji demonstracyjnej<\/a><\/p>\n<\/div>\n\n<div class=\"application-platform-content-item-installation application-platform-content-item\" id=\"installation\" data-nav-section=\"installation\">\n<h2>Jak osadzi\u0107 ikony medi\u00f3w spo\u0142eczno\u015bciowych w mojej witrynie w Witrynach Google?<\/h2>\n<div class=\"video-container\"><iframe width=\"720\" height=\"405\" src=\"https:\/\/www.youtube.com\/embed\/UK2IP7tVsZ8\" frameborder=\"0\" allowfullscreen=\"\"><\/iframe><\/div>\n<p>Wystarczy wykona\u0107 poni\u017csze wskaz\u00f3wki, aby doda\u0107 narz\u0119dzie.<\/p>\n<ol>\n    <li><b>Skorzystaj z naszego bezp\u0142atnego konfiguratora i zacznij tworzy\u0107 w\u0142asn\u0105 wtyczk\u0119.<\/b><br>Okre\u015bl preferowane cechy konstrukcyjne i funkcjonalne narz\u0119dzia oraz zastosuj modyfikacje.<\/li>\n    <li><b>Zdob\u0105d\u017a sw\u00f3j osobisty kod widoczny w polu w aplikacjach Elfsight.<\/b><br>Po utworzeniu w\u0142asnego narz\u0119dzia skopiuj ekskluzywny kod z wy\u015bwietlonego okna i zachowaj go na p\u00f3\u017aniej.<\/li>\n    <li><b>Rozpocznij stosowanie wtyczki w swojej witrynie Google Sites.<\/b><br>Zintegruj skopiowany wcze\u015bniej kod ze swoj\u0105 stron\u0105 g\u0142\u00f3wn\u0105 i zapisz zmiany.<\/li>\n    <li><b>Gotowe! Osadzanie zosta\u0142o ca\u0142kowicie zako\u0144czone.<\/b><br>Przejd\u017a na swoj\u0105 stron\u0119 internetow\u0105 i sprawd\u017a dzia\u0142anie wid\u017cetu.<\/li>\n<\/ol>\n<div class=\"tip-yellow tip\"><b>Ze wzgl\u0119du na specyfik\u0119 dzia\u0142ania Witryn Google wid\u017cet mo\u017ce wygl\u0105da\u0107 inaczej ni\u017c wersja demonstracyjna online. Przepraszamy za wszelkie niedogodno\u015bci.<\/b><\/div>\n<p>W przypadku napotkania zapyta\u0144 lub przeszk\u00f3d nie wahaj si\u0119 zwr\u00f3ci\u0107 o pomoc do naszego personelu obs\u0142ugi klienta. Nasi konsultanci ch\u0119tnie pomog\u0105 Ci we wszystkich trudno\u015bciach, jakie mo\u017cesz mie\u0107 z wtyczk\u0105.<\/p>\n\n<div class=\"faq\" data-component=\"FAQ\">\n    <div class=\"faq-item\">\r\n\t\t\t\t\t<div class=\"faq-item-question\">\r\n\t\t\t\t\t\t<h3 class=\"faq-item-question-text\">Jak mog\u0119 osadzi\u0107 ikony medi\u00f3w spo\u0142eczno\u015bciowych na mojej stronie Witryn Google bez umiej\u0119tno\u015bci kodowania?<\/h3>\r\n\r\n\t\t\t\t\t\t<div class=\"faq-item-question-icon\"><\/div>\r\n\t\t\t\t\t<\/div>\r\n\r\n\t\t\t\t\t<div class=\"faq-item-answer\">\r\n\t\t\t\t\t\t<div class=\"faq-item-answer-text\">\n    <p>Elfsight oferuje rozwi\u0105zanie oparte na chmurze, kt\u00f3re umo\u017cliwia u\u017cytkownikom osadzanie ikon medi\u00f3w spo\u0142eczno\u015bciowych na swoich w\u0142asne, przekonaj si\u0119, jakie to proste:<\/p>\n    <ul>\n        <li>Uzyskaj dost\u0119p do edytora online, aby wygenerowa\u0107 sekcj\u0119 ikon medi\u00f3w spo\u0142eczno\u015bciowych, kt\u00f3r\u0105 chcesz zintegrowa\u0107 ze swoj\u0105 stron\u0105 w Witrynach Google.<\/li>\n        <li>Wybierz jeden z naszych wst\u0119pnie zaprojektowanych szablon\u00f3w i dostosuj ustawienia ikon medi\u00f3w spo\u0142eczno\u015bciowych, zmodyfikuj uk\u0142ad i schemat kolor\u00f3w, do\u0142\u0105cz swoj\u0105 tre\u015b\u0107 bez konieczno\u015bci kodowania.<\/li>\n        <li>Zapisz ustawienia skonfigurowane dla ikon medi\u00f3w spo\u0142eczno\u015bciowych i uzyskaj kod wid\u017cetu do umieszczenia na stronie, kt\u00f3ry mo\u017cesz \u0142atwo i bezp\u0142atnie doda\u0107 do swojej strony w Witrynach Google.<\/li>\n    <\/ul>\n    <p>Pracuj\u0105c w przyjaznym dla u\u017cytkownika Edytorze, ka\u017cdy u\u017cytkownik Internetu mo\u017ce stworzy\u0107 Media spo\u0142eczno\u015bciowe Ikony i umie\u015b\u0107 j\u0105 na swojej stronie Witryn Google. Aby uzyska\u0107 dost\u0119p do Edytora Elfsight, nie jest wymagana \u017cadna p\u0142atno\u015b\u0107 ani ujawnianie danych karty. Je\u015bli na kt\u00f3rymkolwiek etapie napotkasz jakiekolwiek trudno\u015bci, skontaktuj si\u0119 z naszym dzia\u0142em obs\u0142ugi klienta.<\/p>\n    <\/div>\r\n\t\t\t\t\t<\/div>\r\n\t\t\t\t<\/div>\n<\/div>\n<\/div>","protected":false},"excerpt":{"rendered":"","protected":false},"author":9,"featured_media":0,"parent":2699,"menu_order":0,"comment_status":"closed","ping_status":"closed","template":"templates\/template-application-platform.php","meta":{"publish_to_discourse":"","publish_post_category":"","wpdc_auto_publish_overridden":"","wpdc_topic_tags":"","wpdc_pin_topic":"","wpdc_pin_until":"","discourse_post_id":"","discourse_permalink":"","wpdc_publishing_response":"","wpdc_publishing_error":"","footnotes":""},"class_list":["post-6528","page","type-page","status-publish","hentry"],"yoast_head":"<!-- This site is optimized with the Yoast SEO plugin v25.3.1 - https:\/\/yoast.com\/wordpress\/plugins\/seo\/ -->\n<title>Ikony medi\u00f3w spo\u0142eczno\u015bciowych \u2013 dodaj ikony medi\u00f3w spo\u0142eczno\u015bciowych do Witryn Google (2025)<\/title>\n<meta name=\"description\" content=\"Umie\u015b\u0107 responsywny wid\u017cet ikon medi\u00f3w spo\u0142eczno\u015bciowych w swojej witrynie Google Sites i zyskaj pe\u0142ne zaufanie. Skorzystaj z \u0142atwej w u\u017cyciu wersji demonstracyjnej Elfsight, aby zbudowa\u0107 spersonalizowane narz\u0119dzie.\" \/>\n<meta name=\"robots\" content=\"index, follow, max-snippet:-1, max-image-preview:large, max-video-preview:-1\" \/>\n<link rel=\"canonical\" href=\"https:\/\/elfsight.com\/pl\/social-media-icons-widget\/google-sites\/\" \/>\n<meta property=\"og:locale\" content=\"pl_PL\" \/>\n<meta property=\"og:type\" content=\"article\" \/>\n<meta property=\"og:title\" content=\"Ikony medi\u00f3w spo\u0142eczno\u015bciowych \u2013 dodaj ikony medi\u00f3w spo\u0142eczno\u015bciowych do Witryn Google (2025)\" \/>\n<meta property=\"og:description\" content=\"Umie\u015b\u0107 responsywny wid\u017cet ikon medi\u00f3w spo\u0142eczno\u015bciowych w swojej witrynie Google Sites i zyskaj pe\u0142ne zaufanie. Skorzystaj z \u0142atwej w u\u017cyciu wersji demonstracyjnej Elfsight, aby zbudowa\u0107 spersonalizowane narz\u0119dzie.\" \/>\n<meta property=\"og:url\" content=\"https:\/\/elfsight.com\/pl\/social-media-icons-widget\/google-sites\/\" \/>\n<meta property=\"og:site_name\" content=\"Elfsight PL\" \/>\n<meta property=\"article:modified_time\" content=\"2025-06-19T15:30:56+00:00\" \/>\n<meta name=\"twitter:card\" content=\"summary_large_image\" \/>\n<meta name=\"twitter:label1\" content=\"Szacowany czas czytania\" \/>\n\t<meta name=\"twitter:data1\" content=\"3 minuty\" \/>\n<!-- \/ Yoast SEO plugin. -->","yoast_head_json":{"title":"Ikony medi\u00f3w spo\u0142eczno\u015bciowych \u2013 dodaj ikony medi\u00f3w spo\u0142eczno\u015bciowych do Witryn Google (2025)","description":"Umie\u015b\u0107 responsywny wid\u017cet ikon medi\u00f3w spo\u0142eczno\u015bciowych w swojej witrynie Google Sites i zyskaj pe\u0142ne zaufanie. Skorzystaj z \u0142atwej w u\u017cyciu wersji demonstracyjnej Elfsight, aby zbudowa\u0107 spersonalizowane narz\u0119dzie.","robots":{"index":"index","follow":"follow","max-snippet":"max-snippet:-1","max-image-preview":"max-image-preview:large","max-video-preview":"max-video-preview:-1"},"canonical":"https:\/\/elfsight.com\/pl\/social-media-icons-widget\/google-sites\/","og_locale":"pl_PL","og_type":"article","og_title":"Ikony medi\u00f3w spo\u0142eczno\u015bciowych \u2013 dodaj ikony medi\u00f3w spo\u0142eczno\u015bciowych do Witryn Google (2025)","og_description":"Umie\u015b\u0107 responsywny wid\u017cet ikon medi\u00f3w spo\u0142eczno\u015bciowych w swojej witrynie Google Sites i zyskaj pe\u0142ne zaufanie. Skorzystaj z \u0142atwej w u\u017cyciu wersji demonstracyjnej Elfsight, aby zbudowa\u0107 spersonalizowane narz\u0119dzie.","og_url":"https:\/\/elfsight.com\/pl\/social-media-icons-widget\/google-sites\/","og_site_name":"Elfsight PL","article_modified_time":"2025-06-19T15:30:56+00:00","twitter_card":"summary_large_image","twitter_misc":{"Szacowany czas czytania":"3 minuty"},"schema":{"@context":"https:\/\/schema.org","@graph":[{"@type":"WebPage","@id":"https:\/\/elfsight.com\/pl\/social-media-icons-widget\/google-sites\/","url":"https:\/\/elfsight.com\/pl\/social-media-icons-widget\/google-sites\/","name":"Ikony medi\u00f3w spo\u0142eczno\u015bciowych \u2013 dodaj ikony medi\u00f3w spo\u0142eczno\u015bciowych do Witryn Google (2025)","isPartOf":{"@id":"https:\/\/elfsight.com\/pl\/#website"},"datePublished":"1970-01-01T00:00:00+00:00","dateModified":"2025-06-19T15:30:56+00:00","description":"Umie\u015b\u0107 responsywny wid\u017cet ikon medi\u00f3w spo\u0142eczno\u015bciowych w swojej witrynie Google Sites i zyskaj pe\u0142ne zaufanie. Skorzystaj z \u0142atwej w u\u017cyciu wersji demonstracyjnej Elfsight, aby zbudowa\u0107 spersonalizowane narz\u0119dzie.","breadcrumb":{"@id":"https:\/\/elfsight.com\/pl\/social-media-icons-widget\/google-sites\/#breadcrumb"},"inLanguage":"pl-PL","potentialAction":[{"@type":"ReadAction","target":["https:\/\/elfsight.com\/pl\/social-media-icons-widget\/google-sites\/"]}]},{"@type":"BreadcrumbList","@id":"https:\/\/elfsight.com\/pl\/social-media-icons-widget\/google-sites\/#breadcrumb","itemListElement":[{"@type":"ListItem","position":1,"name":"Home","item":"https:\/\/elfsight.com\/pl\/"},{"@type":"ListItem","position":2,"name":"Social Media Icons","item":"https:\/\/elfsight.com\/pl\/social-media-icons-widget\/"},{"@type":"ListItem","position":3,"name":"Social Media Icons &#8211; Google Sites"}]},{"@type":"WebSite","@id":"https:\/\/elfsight.com\/pl\/#website","url":"https:\/\/elfsight.com\/pl\/","name":"Elfsight PL","description":"Just another Elfsight Sites site","potentialAction":[{"@type":"SearchAction","target":{"@type":"EntryPoint","urlTemplate":"https:\/\/elfsight.com\/pl\/?s={search_term_string}"},"query-input":{"@type":"PropertyValueSpecification","valueRequired":true,"valueName":"search_term_string"}}],"inLanguage":"pl-PL"}]}},"meta_box":{"industry":"","seo_heading":"","heading":"","description":"","cta_heading":"","cta_description":"","application":"2698","h1":"Widget Ikony medi\u00f3w spo\u0142eczno\u015bciowych Witryn Google","h1_caption":"Dodaj ikony prowadz\u0105ce do Twoich profili w mediach spo\u0142eczno\u015bciowych, dzi\u0119ki czemu odwiedzaj\u0105cy b\u0119d\u0105 mogli \u0142atwo \u0142\u0105czy\u0107 si\u0119 z Tob\u0105 na r\u00f3\u017cnych platformach w Twoich Witrynach Google.","application_category":[],"applications_title":"","applications_request_title":"","applications_request_button_text":"","hero_text":"","hero_video":"","hero_video_schema_markup":"","selling_points_title":"","selling_points_caption":"","selling_points":[],"selling_points_cta_text":"","features_title":"","features":"","ed_cta_examples_text":"","ed_cta_examples_hidden":"","ed_cta_demo_text":"","ed_cta_demo_hidden":"","why_caption":"","why_editor_title":"","why_editor_text":"","why_team_title":"","why_team_text":"","why_service_title":"","why_service_text":"","template_catalog_visible":"0","template_catalog_title":"","template_catalog_text":"","template_catalog_categories_visible":"","demo_title":"Utw\u00f3rz wid\u017cet Ikony medi\u00f3w spo\u0142eczno\u015bciowych","demo_caption":"Skonfiguruj ikony medi\u00f3w spo\u0142eczno\u015bciowych i dodaj je za darmo do swojej witryny Google Sites!","default_faq_hidden":"","app_template_category":[],"platform":"484","template_public_id":"","codecanyon_url":"","codecanyon_item_id":"","codecanyon_price":"","pricing_caption":"","pricing_elfsight_apps_hide_column":"","pricing_elfsight_apps_url":"","pricing_codecanyon_price_caption":"","integration_category":[],"integration_request_title":"","integration_request_cta":"","integration_platform":"","integrations":[],"platform_category":[],"video_schema_markup":"","price":"od 0 USD \/ miesi\u0105c","trial":"","benefits":[{"text":"Bezp\u0142atna pomoc w monta\u017cu"},{"text":"Kompetentna obs\u0142uga klienta"},{"text":"14-dniowa gwarancja zwrotu pieni\u0119dzy"}],"button_url":"#demo","button_target_blank":"0","button_nofollow":"0","attributes":[{"name":"Instaluje"},{"name":"Czu\u0142y"},{"name":"Kompatybilne przegl\u0105darki"}],"tags":[],"tags_disable_links":"0","hide_more_platforms":"0","video_object":"","demo_hide_cta":"0","demo_hide_cloud_options":"0","pricing_title":"","pricing":[{"pricing_icon":"platform","pricing_title":"Elfsight Apps","pricing_title_caption":"Wersja wieloplatformowa, kt\u00f3ra dzia\u0142a na ka\u017cdej stronie internetowej","pricing_price":"od 0 USD \/ miesi\u0105c","pricing_price_caption":"zacznij od bezp\u0142atnego planu","pricing_benefits":[{"text":"Nieograniczona liczba stron internetowych"},{"text":"Wsparcie premium"},{"text":"Bezp\u0142atna us\u0142uga monta\u017cu"},{"text":"Specjalna cena za wiele aplikacji"}],"pricing_button_text":"Dodaj do witryny","pricing_button_url":"#demo"}],"related_apps_title":"","related_apps_hidden":"0","author":"","image":[],"title":"","job":"","social_networks":[]},"_links":{"self":[{"href":"https:\/\/elfsight.com\/pl\/wp-json\/wp\/v2\/pages\/6528","targetHints":{"allow":["GET"]}}],"collection":[{"href":"https:\/\/elfsight.com\/pl\/wp-json\/wp\/v2\/pages"}],"about":[{"href":"https:\/\/elfsight.com\/pl\/wp-json\/wp\/v2\/types\/page"}],"author":[{"embeddable":true,"href":"https:\/\/elfsight.com\/pl\/wp-json\/wp\/v2\/users\/9"}],"replies":[{"embeddable":true,"href":"https:\/\/elfsight.com\/pl\/wp-json\/wp\/v2\/comments?post=6528"}],"version-history":[{"count":3,"href":"https:\/\/elfsight.com\/pl\/wp-json\/wp\/v2\/pages\/6528\/revisions"}],"predecessor-version":[{"id":10165,"href":"https:\/\/elfsight.com\/pl\/wp-json\/wp\/v2\/pages\/6528\/revisions\/10165"}],"up":[{"embeddable":true,"href":"https:\/\/elfsight.com\/pl\/wp-json\/wp\/v2\/pages\/2699"}],"wp:attachment":[{"href":"https:\/\/elfsight.com\/pl\/wp-json\/wp\/v2\/media?parent=6528"}],"curies":[{"name":"wp","href":"https:\/\/api.w.org\/{rel}","templated":true}]}}