{"id":6527,"date":"2024-05-03T06:48:10","date_gmt":"2024-05-03T06:48:10","guid":{"rendered":"https:\/\/elfsight.com\/pl\/?page_id=6527"},"modified":"2024-10-25T11:56:43","modified_gmt":"2024-10-25T11:56:43","slug":"godaddy","status":"publish","type":"page","link":"https:\/\/elfsight.com\/pl\/social-media-icons-widget\/godaddy\/","title":{"rendered":"Social Media Icons &#8211; GoDaddy"},"content":{"rendered":"<div class=\"application-platform-content-item-description application-platform-content-item\" id=\"description\" data-nav-section=\"description\"> <h2>Osad\u017a ikony medi\u00f3w spo\u0142eczno\u015bciowych w GoDaddy za pomoc\u0105 wid\u017cetu Elfsight<\/h2> <p>Ikony medi\u00f3w spo\u0142eczno\u015bciowych Elfsight to \u0142atwa wtyczka do GoDaddy, kt\u00f3ra umo\u017cliwia do umieszczenia na stronie internetowej ikon medi\u00f3w spo\u0142eczno\u015bciowych, w kt\u00f3rych Twoja firma jest najbardziej aktywna. Zainstaluj t\u0119 wtyczk\u0119 z nieograniczon\u0105 liczb\u0105 ikon, a Twoi odbiorcy b\u0119d\u0105 mieli nowy spos\u00f3b na pozostawanie w kontakcie i stanie si\u0119 Twoimi obserwatorami. Wtyczka Elfsight Social Media Icons oferuje szerokie mo\u017cliwo\u015bci dostosowywania, kt\u00f3re pomog\u0105 Ci stworzy\u0107 idealn\u0105 wtyczk\u0119 odpowiedni\u0105 do Twojego przypadku u\u017cycia.<\/p> <p><b>Zwi\u0119kszona komunikacja z klientem dzi\u0119ki pokazaniu szybszych sposob\u00f3w kontaktu!<\/b><\/p> <\/div> <div class=\"application-platform-content-item-features application-platform-content-item\" id=\"features\" data-nav-section=\"features\"> <h2>Wtyczka zawiera przydatne i proste funkcje, oto niekt\u00f3re z nich: <\/h2> <ul><li>3 schematy kolor\u00f3w ikon, t\u0142a i efekt najechania<\/li><li>Regulowane przezroczysto\u015b\u0107 ikon<\/li><li>Dost\u0119pne regularne aktualizacje na \u017cywo<\/li><li>Por\u0119czny edytor bez konieczno\u015bci kodowania<\/li><li>Wsparcie premium ze strony profesjonalnego zespo\u0142u<\/li><\/ul><p><a href=\"#demo\">Przetestuj wszystkie ustawienia w pe\u0142nej wersji demonstracyjnej<\/a><\/p> <\/div> <div class=\"application-platform-content-item-installation application-platform-content-item\" id=\"installation\" data-nav-section=\"installation\"> <h2>Jak doda\u0107 ikony medi\u00f3w spo\u0142eczno\u015bciowych do mojej witryny GoDaddy? <\/h2> <p>Wystarczy post\u0119powa\u0107 zgodnie z poni\u017cszymi instrukcjami, aby zintegrowa\u0107 wtyczk\u0119. <\/p> <ol><li><b>Zastosuj nasz darmowy edytor i zacznij tworzy\u0107 w\u0142asn\u0105 wtyczk\u0119. <\/b><br> Okre\u015bl odpowiedni interfejs i opcje wtyczki i zastosuj modyfikacje. <\/li> <li><b>Skopiuj sw\u00f3j indywidualny kod wy\u015bwietlony w polu aplikacji Elfsight. <\/b><br> Po skonfigurowaniu wtyczki skopiuj indywidualny kod z wy\u015bwietlonego okna i zachowaj go do p\u00f3\u017aniejszego wykorzystania. <\/li> <li><b>Rozpocznij korzystanie z wtyczki w witrynie GoDaddy. <\/b><br> Zintegruj ostatnio skopiowany kod ze swoj\u0105 witryn\u0105 i zapisz poprawki. <\/li> <li><b>Gotowe! Integracja zosta\u0142a ca\u0142kowicie zako\u0144czona. <\/b><br> Odwied\u017a swoj\u0105 witryn\u0119, aby sprawdzi\u0107 dzia\u0142anie wtyczki. <\/li><\/ol> <div class=\"tip-yellow tip\"><b>Ze wzgl\u0119du na specyfik\u0119 wy\u015bwietlania niestandardowych wstawek z kodem, p\u0142ywaj\u0105ce szablony mog\u0105 wygl\u0105da\u0107 inaczej ni\u017c wersja demonstracyjna online. Po\u015bwi\u0119\u0107 troch\u0119 czasu na przetestowanie wid\u017cet\u00f3w.<\/b><\/div><p>W przypadku pyta\u0144 lub problem\u00f3w skontaktuj si\u0119 z naszym zespo\u0142em obs\u0142ugi klienta. Nasi specjali\u015bci pragn\u0105 rozwi\u0105za\u0107 wszystkie problemy, jakie mo\u017cesz mie\u0107 z wtyczk\u0105. <\/p> <\/div><div class=\"faq\" data-component=\"FAQ\"><div class=\"faq-item\">\r\n\t\t\t\t\t<div class=\"faq-item-question\">\r\n\t\t\t\t\t\t<h3 class=\"faq-item-question-text\">W jaki spos\u00f3b mog\u0119 doda\u0107 ikony medi\u00f3w spo\u0142eczno\u015bciowych do mojej strony internetowej GoDaddy bez kodowania?<\/h3>\r\n\r\n\t\t\t\t\t\t<div class=\"faq-item-question-icon\"><\/div>\r\n\t\t\t\t\t<\/div>\r\n\r\n\t\t\t\t\t<div class=\"faq-item-answer\">\r\n\t\t\t\t\t\t<div class=\"faq-item-answer-text\"><p>Firma Elfsight zapewnia rozwi\u0105zanie w chmurze, kt\u00f3re umo\u017cliwia u\u017cytkownikom samodzielne skonfigurowanie wtyczki Social Media Icons, obejrzyj prosty przewodnik: <\/p><ul><li>Pracuj bezpo\u015brednio w edytorze online, aby utworzy\u0107 wtyczk\u0119 Social Media Icons, kt\u00f3r\u0105 chcesz doda\u0107 w GoDaddy witryny.<\/li><li>Kliknij jeden z gotowych szablon\u00f3w i zmodyfikuj ustawienia ikon medi\u00f3w spo\u0142eczno\u015bciowych, zaktualizuj tre\u015b\u0107, zmie\u0144 uk\u0142ad i schemat kolor\u00f3w bez umiej\u0119tno\u015bci kodowania.<\/li><li>Kliknij, aby zapisa\u0107 ikony medi\u00f3w spo\u0142eczno\u015bciowych i skopiuj kod instalacyjny, kt\u00f3ry mo\u017cna \u0142atwo wklei\u0107 w witrynie GoDaddy za darmo.<\/li><\/ul><p>Za pomoc\u0105 naszego \u0142atwego w u\u017cyciu edytora ka\u017cdy u\u017cytkownik sieci mo\u017ce ustawi\u0107 ikony medi\u00f3w spo\u0142eczno\u015bciowych i \u0142atwo wklei\u0107 na stron\u0119 g\u0142\u00f3wn\u0105 GoDaddy. Nie nale\u017cy p\u0142aci\u0107 ani podawa\u0107 danych uwierzytelniaj\u0105cych karty, aby m\u00f3c skorzysta\u0107 z us\u0142ugi Elfsight. Je\u015bli na kt\u00f3rymkolwiek etapie napotkasz jakiekolwiek problemy, nie wahaj si\u0119 porozmawia\u0107 z naszym technicznym dzia\u0142em obs\u0142ugi klienta.<\/p><\/div>\r\n\t\t\t\t\t<\/div>\r\n\t\t\t\t<\/div><\/div>","protected":false},"excerpt":{"rendered":"","protected":false},"author":9,"featured_media":0,"parent":2699,"menu_order":0,"comment_status":"closed","ping_status":"closed","template":"templates\/template-application-platform.php","meta":{"publish_to_discourse":"","publish_post_category":"","wpdc_auto_publish_overridden":"","wpdc_topic_tags":"","wpdc_pin_topic":"","wpdc_pin_until":"","discourse_post_id":"","discourse_permalink":"","wpdc_publishing_response":"","wpdc_publishing_error":"","footnotes":""},"class_list":["post-6527","page","type-page","status-publish","hentry"],"yoast_head":"<!-- This site is optimized with the Yoast SEO plugin v25.3.1 - https:\/\/yoast.com\/wordpress\/plugins\/seo\/ -->\n<title>Ikony medi\u00f3w spo\u0142eczno\u015bciowych \u2014 dodaj wtyczk\u0119 ikon spo\u0142eczno\u015bciowych do witryny GoDaddy!<\/title>\n<meta name=\"description\" content=\"Zwi\u0119ksz funkcjonalno\u015b\u0107 swojej witryny GoDaddy za pomoc\u0105 responsywnej wtyczki Social Media Icons firmy Elfsight. Rozbuduj sw\u00f3j biznes w 1-2-3!\" \/>\n<meta name=\"robots\" content=\"index, follow, max-snippet:-1, max-image-preview:large, max-video-preview:-1\" \/>\n<link rel=\"canonical\" href=\"https:\/\/elfsight.com\/pl\/social-media-icons-widget\/godaddy\/\" \/>\n<meta property=\"og:locale\" content=\"pl_PL\" \/>\n<meta property=\"og:type\" content=\"article\" \/>\n<meta property=\"og:title\" content=\"Ikony medi\u00f3w spo\u0142eczno\u015bciowych \u2014 dodaj wtyczk\u0119 ikon spo\u0142eczno\u015bciowych do witryny GoDaddy!\" \/>\n<meta property=\"og:description\" content=\"Zwi\u0119ksz funkcjonalno\u015b\u0107 swojej witryny GoDaddy za pomoc\u0105 responsywnej wtyczki Social Media Icons firmy Elfsight. Rozbuduj sw\u00f3j biznes w 1-2-3!\" \/>\n<meta property=\"og:url\" content=\"https:\/\/elfsight.com\/pl\/social-media-icons-widget\/godaddy\/\" \/>\n<meta property=\"og:site_name\" content=\"Elfsight PL\" \/>\n<meta property=\"article:modified_time\" content=\"2024-10-25T11:56:43+00:00\" \/>\n<meta name=\"twitter:card\" content=\"summary_large_image\" \/>\n<meta name=\"twitter:label1\" content=\"Szacowany czas czytania\" \/>\n\t<meta name=\"twitter:data1\" content=\"3 minuty\" \/>\n<!-- \/ Yoast SEO plugin. -->","yoast_head_json":{"title":"Ikony medi\u00f3w spo\u0142eczno\u015bciowych \u2014 dodaj wtyczk\u0119 ikon spo\u0142eczno\u015bciowych do witryny GoDaddy!","description":"Zwi\u0119ksz funkcjonalno\u015b\u0107 swojej witryny GoDaddy za pomoc\u0105 responsywnej wtyczki Social Media Icons firmy Elfsight. Rozbuduj sw\u00f3j biznes w 1-2-3!","robots":{"index":"index","follow":"follow","max-snippet":"max-snippet:-1","max-image-preview":"max-image-preview:large","max-video-preview":"max-video-preview:-1"},"canonical":"https:\/\/elfsight.com\/pl\/social-media-icons-widget\/godaddy\/","og_locale":"pl_PL","og_type":"article","og_title":"Ikony medi\u00f3w spo\u0142eczno\u015bciowych \u2014 dodaj wtyczk\u0119 ikon spo\u0142eczno\u015bciowych do witryny GoDaddy!","og_description":"Zwi\u0119ksz funkcjonalno\u015b\u0107 swojej witryny GoDaddy za pomoc\u0105 responsywnej wtyczki Social Media Icons firmy Elfsight. Rozbuduj sw\u00f3j biznes w 1-2-3!","og_url":"https:\/\/elfsight.com\/pl\/social-media-icons-widget\/godaddy\/","og_site_name":"Elfsight PL","article_modified_time":"2024-10-25T11:56:43+00:00","twitter_card":"summary_large_image","twitter_misc":{"Szacowany czas czytania":"3 minuty"},"schema":{"@context":"https:\/\/schema.org","@graph":[{"@type":"WebPage","@id":"https:\/\/elfsight.com\/pl\/social-media-icons-widget\/godaddy\/","url":"https:\/\/elfsight.com\/pl\/social-media-icons-widget\/godaddy\/","name":"Ikony medi\u00f3w spo\u0142eczno\u015bciowych \u2014 dodaj wtyczk\u0119 ikon spo\u0142eczno\u015bciowych do witryny GoDaddy!","isPartOf":{"@id":"https:\/\/elfsight.com\/pl\/#website"},"datePublished":"2024-05-03T06:48:10+00:00","dateModified":"2024-10-25T11:56:43+00:00","description":"Zwi\u0119ksz funkcjonalno\u015b\u0107 swojej witryny GoDaddy za pomoc\u0105 responsywnej wtyczki Social Media Icons firmy Elfsight. Rozbuduj sw\u00f3j biznes w 1-2-3!","breadcrumb":{"@id":"https:\/\/elfsight.com\/pl\/social-media-icons-widget\/godaddy\/#breadcrumb"},"inLanguage":"pl-PL","potentialAction":[{"@type":"ReadAction","target":["https:\/\/elfsight.com\/pl\/social-media-icons-widget\/godaddy\/"]}]},{"@type":"BreadcrumbList","@id":"https:\/\/elfsight.com\/pl\/social-media-icons-widget\/godaddy\/#breadcrumb","itemListElement":[{"@type":"ListItem","position":1,"name":"Home","item":"https:\/\/elfsight.com\/pl\/"},{"@type":"ListItem","position":2,"name":"Social Media Icons","item":"https:\/\/elfsight.com\/pl\/social-media-icons-widget\/"},{"@type":"ListItem","position":3,"name":"Social Media Icons &#8211; GoDaddy"}]},{"@type":"WebSite","@id":"https:\/\/elfsight.com\/pl\/#website","url":"https:\/\/elfsight.com\/pl\/","name":"Elfsight PL","description":"Just another Elfsight Sites site","potentialAction":[{"@type":"SearchAction","target":{"@type":"EntryPoint","urlTemplate":"https:\/\/elfsight.com\/pl\/?s={search_term_string}"},"query-input":{"@type":"PropertyValueSpecification","valueRequired":true,"valueName":"search_term_string"}}],"inLanguage":"pl-PL"}]}},"meta_box":{"industry":"","seo_heading":"","heading":"","description":"","cta_heading":"","cta_description":"","application":"2698","h1":"Wtyczka Ikony medi\u00f3w spo\u0142eczno\u015bciowych GoDaddy","h1_caption":"Dodaj ikony prowadz\u0105ce do Twoich profili w mediach spo\u0142eczno\u015bciowych, dzi\u0119ki czemu odwiedzaj\u0105cy b\u0119d\u0105 mogli \u0142atwo \u0142\u0105czy\u0107 si\u0119 z Tob\u0105 na r\u00f3\u017cnych platformach w witrynie GoDaddy.","application_category":[],"applications_title":"","applications_request_title":"","applications_request_button_text":"","hero_text":"","hero_video":"","hero_video_schema_markup":"","selling_points_title":"","selling_points_caption":"","selling_points":[],"selling_points_cta_text":"","features_title":"","features":"","ed_cta_examples_text":"","ed_cta_examples_hidden":"","ed_cta_demo_text":"","ed_cta_demo_hidden":"","why_caption":"","why_editor_title":"","why_editor_text":"","why_team_title":"","why_team_text":"","why_service_title":"","why_service_text":"","template_catalog_visible":"","template_catalog_title":"","template_catalog_text":"","template_catalog_categories_visible":"","demo_title":"Pospiesz si\u0119, aby zaprojektowa\u0107 w\u0142asne ikony medi\u00f3w spo\u0142eczno\u015bciowych GoDaddy","demo_caption":"Dostosuj j\u0105 i zintegruj wtyczk\u0119 ze swoj\u0105 witryn\u0105 w wersji demonstracyjnej.","default_faq_hidden":"","app_template_category":[],"platform":"180","template_public_id":"","codecanyon_url":"","codecanyon_item_id":"","codecanyon_price":"","pricing_caption":"","pricing_elfsight_apps_hide_column":"","pricing_elfsight_apps_url":"","pricing_codecanyon_price_caption":"","integration_category":[],"integration_request_title":"","integration_request_cta":"","integration_platform":"","integrations":[],"platform_category":[],"video_schema_markup":"","price":"od 0 USD \/ miesi\u0105c","trial":"","benefits":[{"text":"Bezp\u0142atna us\u0142uga monta\u017cu"},{"text":"Skuteczna obs\u0142uga klienta"},{"text":"14-dniowa gwarancja zwrotu pieni\u0119dzy"},{"text":"Regularne bezp\u0142atne aktualizacje"}],"button_url":"#demo","button_target_blank":"","button_nofollow":"","attributes":[{"name":"Instaluje"},{"name":"Czu\u0142y"},{"name":"Kompatybilne przegl\u0105darki"}],"tags":[],"tags_disable_links":"","hide_more_platforms":"","video_object":"","demo_hide_cta":"","demo_hide_cloud_options":"","pricing_title":"","pricing":[{"pricing_icon":"platform","pricing_title":"Elfsight Apps","pricing_title_caption":"Oprogramowanie niezale\u017cne od platformy","pricing_price":"od 0 USD \/ miesi\u0105c","pricing_price_caption":"zacznij od bezp\u0142atnego planu","pricing_benefits":[{"text":"Nielimitowane strony internetowe"},{"text":"Profesjonalna i terminowa pomoc oraz dobrze udokumentowana"},{"text":"Bezp\u0142atna pomoc w monta\u017cu"},{"text":"W pe\u0142ni konfigurowalny"}],"pricing_button_text":"Dodaj do witryny","pricing_button_url":"#demo"}],"related_apps_title":"","related_apps_hidden":"","author":"","image":[],"title":"","job":"","social_networks":[]},"_links":{"self":[{"href":"https:\/\/elfsight.com\/pl\/wp-json\/wp\/v2\/pages\/6527","targetHints":{"allow":["GET"]}}],"collection":[{"href":"https:\/\/elfsight.com\/pl\/wp-json\/wp\/v2\/pages"}],"about":[{"href":"https:\/\/elfsight.com\/pl\/wp-json\/wp\/v2\/types\/page"}],"author":[{"embeddable":true,"href":"https:\/\/elfsight.com\/pl\/wp-json\/wp\/v2\/users\/9"}],"replies":[{"embeddable":true,"href":"https:\/\/elfsight.com\/pl\/wp-json\/wp\/v2\/comments?post=6527"}],"version-history":[{"count":1,"href":"https:\/\/elfsight.com\/pl\/wp-json\/wp\/v2\/pages\/6527\/revisions"}],"predecessor-version":[{"id":6531,"href":"https:\/\/elfsight.com\/pl\/wp-json\/wp\/v2\/pages\/6527\/revisions\/6531"}],"up":[{"embeddable":true,"href":"https:\/\/elfsight.com\/pl\/wp-json\/wp\/v2\/pages\/2699"}],"wp:attachment":[{"href":"https:\/\/elfsight.com\/pl\/wp-json\/wp\/v2\/media?parent=6527"}],"curies":[{"name":"wp","href":"https:\/\/api.w.org\/{rel}","templated":true}]}}