{"id":6526,"date":"1970-01-01T00:00:00","date_gmt":"1970-01-01T00:00:00","guid":{"rendered":"https:\/\/elfsight.com\/pl\/?page_id=6526"},"modified":"2024-10-25T11:56:19","modified_gmt":"2024-10-25T11:56:19","slug":"prestashop","status":"publish","type":"page","link":"https:\/\/elfsight.com\/pl\/social-media-icons-widget\/prestashop\/","title":{"rendered":"Social Media Icons &#8211; PrestaShop"},"content":{"rendered":"<div class=\"application-platform-content-item-description application-platform-content-item\" id=\"description\" data-nav-section=\"description\"> <h2>Opis<\/h2> <p>Ikony medi\u00f3w spo\u0142eczno\u015bciowych Elfsight to \u0142atwe narz\u0119dzie do umieszczania na stronie internetowej ikon medi\u00f3w spo\u0142eczno\u015bciowych, w kt\u00f3rych znajduje si\u0119 Twoja firma jest najbardziej aktywny. Zainstaluj ten widget z nieograniczon\u0105 liczb\u0105 ikon, a Twoi odbiorcy zyskaj\u0105 nowy spos\u00f3b na pozostawanie w kontakcie i stanie si\u0119 Twoimi obserwatorami. Wid\u017cet Ikony medi\u00f3w spo\u0142eczno\u015bciowych Elfsight oferuje szerokie mo\u017cliwo\u015bci dostosowywania, kt\u00f3re pomog\u0105 Ci stworzy\u0107 idealny wid\u017cet dostosowany do Twojego przypadku u\u017cycia. <\/p><p><b>Zwi\u0119ksz skuteczno\u015b\u0107 swojej witryny w celach e-commerce dzi\u0119ki ikonom medi\u00f3w spo\u0142eczno\u015bciowych<\/b><\/p> <\/div> <div class=\"application-platform-content-item-features application-platform-content-item\" id=\"features\" data-nav-section=\"features\"> <h2>Oto najwa\u017cniejsze cechy wid\u017cetu: <\/h2> <ul><li>50 predefiniowanych platform spo\u0142eczno\u015bciowych<\/li><li>5 opcji rozmiaru ikon<\/li><li>2 uk\u0142ady: wbudowany i p\u0142ywaj\u0105cy<\/li><li>zmieniaj kolejno\u015b\u0107 ikon, duplikuj, usuwaj i dodawaj<\/li><li>3 wyr\u00f3wnaj warianty ikon<\/li><li>5 animacji po najechaniu kursorem<\/li><li>3 typy promienia obramowania<\/li> <li>Regulowane przezroczysto\u015b\u0107 ikon<\/li><li>6 osadzonych styl\u00f3w ikon <\/li><\/ul><p><a href=\"#demo\">Wystarczy wypr\u00f3bowa\u0107 t\u0119 wersj\u0119 demonstracyjn\u0105, aby zrozumie\u0107 funkcjonalno\u015b\u0107 widget<\/a><\/p> <\/div> <div class=\"application-platform-content-item-installation application-platform-content-item\" id=\"installation\" data-nav-section=\"installation\"> <h2>Jak doda\u0107 ikony medi\u00f3w spo\u0142eczno\u015bciowych do mojej strony PrestaShop? <\/h2> <p>Wystarczy post\u0119powa\u0107 zgodnie z poni\u017cszymi wskaz\u00f3wkami, aby doda\u0107 narz\u0119dzie. <\/p> <ol><li><b>Zarz\u0105dzaj naszym bezp\u0142atnym edytorem i zacznij tworzy\u0107 sw\u00f3j unikalny instrument. <\/b><br> Wybierz po\u017c\u0105dany uk\u0142ad i specyfikacje wid\u017cetu i zastosuj modyfikacje. <\/li> <li><b>Skopiuj sw\u00f3j unikalny kod widoczny w oknie aplikacji Elfsight. <\/b><br> Po zako\u0144czeniu tworzenia dodatku skopiuj indywidualny kod w wy\u015bwietlonym oknie i zachowaj go na dalsze potrzeby. <\/li> <li><b>Zacznij korzysta\u0107 z wid\u017cetu na swojej stronie PrestaShop. <\/b><br> Zaimplementuj kod, kt\u00f3ry ostatnio zapisa\u0142e\u015b na swojej stronie i zastosuj modyfikacje. <\/li> <li><b>Instalacja zosta\u0142a w pe\u0142ni przeprowadzona. <\/b><br> Przejd\u017a do swojej strony internetowej, aby sprawdzi\u0107 dzia\u0142anie dodatku. <\/li><\/ol> <p>W przypadku napotkania zapyta\u0144 lub napotkania jakichkolwiek przeszk\u00f3d prosimy zwr\u00f3ci\u0107 si\u0119 do naszego zespo\u0142u obs\u0142ugi klienta. Nasi konsultanci z przyjemno\u015bci\u0105 pomog\u0105 Ci we wszystkich trudno\u015bciach, jakie mo\u017cesz mie\u0107 z produktem. <\/p> <\/div><div class=\"faq\" data-component=\"FAQ\"><div class=\"faq-item\">\r\n\t\t\t\t\t<div class=\"faq-item-question\">\r\n\t\t\t\t\t\t<h3 class=\"faq-item-question-text\">Czy istnieje metoda dodania ikon medi\u00f3w spo\u0142eczno\u015bciowych do mojej witryny PrestaShop bez umiej\u0119tno\u015bci kodowania?<\/h3>\r\n\r\n\t\t\t\t\t\t<div class=\"faq-item-question-icon\"><\/div>\r\n\t\t\t\t\t<\/div>\r\n\r\n\t\t\t\t\t<div class=\"faq-item-answer\">\r\n\t\t\t\t\t\t<div class=\"faq-item-answer-text\"><p>Firma Elfsight wprowadza rozwi\u0105zanie w chmurze, kt\u00f3re pozwala w\u0142a\u015bcicielom witryn samodzielnie skonfigurowa\u0107 aplikacj\u0119 Social Media Icons, obejrzyj prosty przewodnik: <\/p><ul><li>Przejd\u017a do wersji demonstracyjnej online, aby utworzy\u0107 wtyczk\u0119 Social Media Icons, kt\u00f3r\u0105 chcesz zintegrowa\u0107 z PrestaShop strona g\u0142\u00f3wna.<\/li><li>Wybierz jeden z gotowych szablon\u00f3w i dostosuj ustawienia ikon medi\u00f3w spo\u0142eczno\u015bciowych, zmie\u0144 uk\u0142ad i kolory, do\u0142\u0105cz tre\u015b\u0107 bez umiej\u0119tno\u015bci kodowania.<\/li><li>Zapisz ikony medi\u00f3w spo\u0142eczno\u015bciowych i pobierz wtyczki kod do instalacji, kt\u00f3ry mo\u017cesz \u0142atwo umie\u015bci\u0107 na stronie PrestaShop bez wykupowania p\u0142atnego planu.<\/li><\/ul><p>Dzi\u0119ki naszemu przyjaznemu dla u\u017cytkownika Edytorowi ka\u017cdy internauta mo\u017ce ustawi\u0107 ikony medi\u00f3w spo\u0142eczno\u015bciowych online i wklei\u0107 je na swoj\u0105 stron\u0119 PrestaShop . Aby skorzysta\u0107 z us\u0142ugi, nie trzeba kupowa\u0107 planu p\u0142atnego ani podawa\u0107 danych karty. Je\u015bli na kt\u00f3rymkolwiek etapie napotkasz jakiekolwiek problemy, skontaktuj si\u0119 z naszym personelem pomocy technicznej.<\/p><\/div>\r\n\t\t\t\t\t<\/div>\r\n\t\t\t\t<\/div><\/div>","protected":false},"excerpt":{"rendered":"","protected":false},"author":9,"featured_media":0,"parent":2699,"menu_order":0,"comment_status":"closed","ping_status":"closed","template":"templates\/template-application-platform.php","meta":{"publish_to_discourse":"","publish_post_category":"","wpdc_auto_publish_overridden":"","wpdc_topic_tags":"","wpdc_pin_topic":"","wpdc_pin_until":"","discourse_post_id":"","discourse_permalink":"","wpdc_publishing_response":"","wpdc_publishing_error":"","footnotes":""},"class_list":["post-6526","page","type-page","status-publish","hentry"],"yoast_head":"<!-- This site is optimized with the Yoast SEO plugin v25.3.1 - https:\/\/yoast.com\/wordpress\/plugins\/seo\/ -->\n<title>Ikony medi\u00f3w spo\u0142eczno\u015bciowych - Dodaj wid\u017cet Ikony spo\u0142eczno\u015bciowe do PrestaShop<\/title>\n<meta name=\"description\" content=\"Wypr\u00f3buj bezp\u0142atnie ikony medi\u00f3w spo\u0142eczno\u015bciowych Elfsight dla PrestaShop. Wygeneruj spersonalizowane ikony dla swojej witryny tylko w kilka minut!\" \/>\n<meta name=\"robots\" content=\"index, follow, max-snippet:-1, max-image-preview:large, max-video-preview:-1\" \/>\n<link rel=\"canonical\" href=\"https:\/\/elfsight.com\/pl\/social-media-icons-widget\/prestashop\/\" \/>\n<meta property=\"og:locale\" content=\"pl_PL\" \/>\n<meta property=\"og:type\" content=\"article\" \/>\n<meta property=\"og:title\" content=\"Ikony medi\u00f3w spo\u0142eczno\u015bciowych - Dodaj wid\u017cet Ikony spo\u0142eczno\u015bciowe do PrestaShop\" \/>\n<meta property=\"og:description\" content=\"Wypr\u00f3buj bezp\u0142atnie ikony medi\u00f3w spo\u0142eczno\u015bciowych Elfsight dla PrestaShop. Wygeneruj spersonalizowane ikony dla swojej witryny tylko w kilka minut!\" \/>\n<meta property=\"og:url\" content=\"https:\/\/elfsight.com\/pl\/social-media-icons-widget\/prestashop\/\" \/>\n<meta property=\"og:site_name\" content=\"Elfsight PL\" \/>\n<meta property=\"article:modified_time\" content=\"2024-10-25T11:56:19+00:00\" \/>\n<meta name=\"twitter:card\" content=\"summary_large_image\" \/>\n<meta name=\"twitter:label1\" content=\"Szacowany czas czytania\" \/>\n\t<meta name=\"twitter:data1\" content=\"3 minuty\" \/>\n<!-- \/ Yoast SEO plugin. -->","yoast_head_json":{"title":"Ikony medi\u00f3w spo\u0142eczno\u015bciowych - Dodaj wid\u017cet Ikony spo\u0142eczno\u015bciowe do PrestaShop","description":"Wypr\u00f3buj bezp\u0142atnie ikony medi\u00f3w spo\u0142eczno\u015bciowych Elfsight dla PrestaShop. Wygeneruj spersonalizowane ikony dla swojej witryny tylko w kilka minut!","robots":{"index":"index","follow":"follow","max-snippet":"max-snippet:-1","max-image-preview":"max-image-preview:large","max-video-preview":"max-video-preview:-1"},"canonical":"https:\/\/elfsight.com\/pl\/social-media-icons-widget\/prestashop\/","og_locale":"pl_PL","og_type":"article","og_title":"Ikony medi\u00f3w spo\u0142eczno\u015bciowych - Dodaj wid\u017cet Ikony spo\u0142eczno\u015bciowe do PrestaShop","og_description":"Wypr\u00f3buj bezp\u0142atnie ikony medi\u00f3w spo\u0142eczno\u015bciowych Elfsight dla PrestaShop. Wygeneruj spersonalizowane ikony dla swojej witryny tylko w kilka minut!","og_url":"https:\/\/elfsight.com\/pl\/social-media-icons-widget\/prestashop\/","og_site_name":"Elfsight PL","article_modified_time":"2024-10-25T11:56:19+00:00","twitter_card":"summary_large_image","twitter_misc":{"Szacowany czas czytania":"3 minuty"},"schema":{"@context":"https:\/\/schema.org","@graph":[{"@type":"WebPage","@id":"https:\/\/elfsight.com\/pl\/social-media-icons-widget\/prestashop\/","url":"https:\/\/elfsight.com\/pl\/social-media-icons-widget\/prestashop\/","name":"Ikony medi\u00f3w spo\u0142eczno\u015bciowych - Dodaj wid\u017cet Ikony spo\u0142eczno\u015bciowe do PrestaShop","isPartOf":{"@id":"https:\/\/elfsight.com\/pl\/#website"},"datePublished":"1970-01-01T00:00:00+00:00","dateModified":"2024-10-25T11:56:19+00:00","description":"Wypr\u00f3buj bezp\u0142atnie ikony medi\u00f3w spo\u0142eczno\u015bciowych Elfsight dla PrestaShop. Wygeneruj spersonalizowane ikony dla swojej witryny tylko w kilka minut!","breadcrumb":{"@id":"https:\/\/elfsight.com\/pl\/social-media-icons-widget\/prestashop\/#breadcrumb"},"inLanguage":"pl-PL","potentialAction":[{"@type":"ReadAction","target":["https:\/\/elfsight.com\/pl\/social-media-icons-widget\/prestashop\/"]}]},{"@type":"BreadcrumbList","@id":"https:\/\/elfsight.com\/pl\/social-media-icons-widget\/prestashop\/#breadcrumb","itemListElement":[{"@type":"ListItem","position":1,"name":"Home","item":"https:\/\/elfsight.com\/pl\/"},{"@type":"ListItem","position":2,"name":"Social Media Icons","item":"https:\/\/elfsight.com\/pl\/social-media-icons-widget\/"},{"@type":"ListItem","position":3,"name":"Social Media Icons &#8211; PrestaShop"}]},{"@type":"WebSite","@id":"https:\/\/elfsight.com\/pl\/#website","url":"https:\/\/elfsight.com\/pl\/","name":"Elfsight PL","description":"Just another Elfsight Sites site","potentialAction":[{"@type":"SearchAction","target":{"@type":"EntryPoint","urlTemplate":"https:\/\/elfsight.com\/pl\/?s={search_term_string}"},"query-input":{"@type":"PropertyValueSpecification","valueRequired":true,"valueName":"search_term_string"}}],"inLanguage":"pl-PL"}]}},"meta_box":{"industry":"","seo_heading":"","heading":"","description":"","cta_heading":"","cta_description":"","application":"2698","h1":"Ikony medi\u00f3w spo\u0142eczno\u015bciowych dla PrestaShop","h1_caption":"Dodaj ikony prowadz\u0105ce do Twoich profili w mediach spo\u0142eczno\u015bciowych, u\u0142atwiaj\u0105c odwiedzaj\u0105cym bezproblemowe \u0142\u0105czenie si\u0119 z Tob\u0105 na r\u00f3\u017cnych platformach w witrynie Prestashop.","application_category":[],"applications_title":"","applications_request_title":"","applications_request_button_text":"","hero_text":"","hero_video":"","hero_video_schema_markup":"","selling_points_title":"","selling_points_caption":"","selling_points":[],"selling_points_cta_text":"","features_title":"","features":"","ed_cta_examples_text":"","ed_cta_examples_hidden":"","ed_cta_demo_text":"","ed_cta_demo_hidden":"","why_caption":"","why_editor_title":"","why_editor_text":"","why_team_title":"","why_team_text":"","why_service_title":"","why_service_text":"","template_catalog_visible":"","template_catalog_title":"","template_catalog_text":"","template_catalog_categories_visible":"","demo_title":"Pospiesz si\u0119, aby stworzy\u0107 szyte na miar\u0119 ikony medi\u00f3w spo\u0142eczno\u015bciowych PrestaShop!","demo_caption":"Spersonalizuj go i dodaj widget na swoj\u0105 stron\u0119 za pomoc\u0105 aktywnego demo","default_faq_hidden":"","app_template_category":[],"platform":"586","template_public_id":"","codecanyon_url":"","codecanyon_item_id":"","codecanyon_price":"","pricing_caption":"","pricing_elfsight_apps_hide_column":"","pricing_elfsight_apps_url":"","pricing_codecanyon_price_caption":"","integration_category":[],"integration_request_title":"","integration_request_cta":"","integration_platform":"","integrations":[],"platform_category":[],"video_schema_markup":"","price":"od 0 USD \/ miesi\u0105c","trial":"","benefits":[{"text":"Bezp\u0142atna pomoc w monta\u017cu"},{"text":"Wyj\u0105tkowe wsparcie"},{"text":"14-dniowa gwarancja zwrotu pieni\u0119dzy"}],"button_url":"#demo","button_target_blank":"","button_nofollow":"","attributes":[{"name":"Instaluje"},{"name":"Czu\u0142y"},{"name":"Kompatybilne przegl\u0105darki"}],"tags":[],"tags_disable_links":"","hide_more_platforms":"","video_object":"","demo_hide_cta":"","demo_hide_cloud_options":"","pricing_title":"","pricing":[{"pricing_icon":"platform","pricing_title":"Elfsight Apps","pricing_title_caption":"Rozwi\u0105zanie wieloplatformowe, kt\u00f3re pasuje do ka\u017cdej witryny","pricing_price":"od 0 USD \/ miesi\u0105c","pricing_price_caption":"zacznij od bezp\u0142atnego planu","pricing_benefits":[{"text":"Nielimitowane domeny"},{"text":"Najwy\u017csza obs\u0142uga klienta"},{"text":"Bezp\u0142atna pomoc przy instalacji"},{"text":"100% konfigurowalny"}],"pricing_button_text":"Dodaj do witryny","pricing_button_url":"#demo"}],"related_apps_title":"","related_apps_hidden":"","author":"","image":[],"title":"","job":"","social_networks":[]},"_links":{"self":[{"href":"https:\/\/elfsight.com\/pl\/wp-json\/wp\/v2\/pages\/6526","targetHints":{"allow":["GET"]}}],"collection":[{"href":"https:\/\/elfsight.com\/pl\/wp-json\/wp\/v2\/pages"}],"about":[{"href":"https:\/\/elfsight.com\/pl\/wp-json\/wp\/v2\/types\/page"}],"author":[{"embeddable":true,"href":"https:\/\/elfsight.com\/pl\/wp-json\/wp\/v2\/users\/9"}],"replies":[{"embeddable":true,"href":"https:\/\/elfsight.com\/pl\/wp-json\/wp\/v2\/comments?post=6526"}],"version-history":[{"count":1,"href":"https:\/\/elfsight.com\/pl\/wp-json\/wp\/v2\/pages\/6526\/revisions"}],"predecessor-version":[{"id":6530,"href":"https:\/\/elfsight.com\/pl\/wp-json\/wp\/v2\/pages\/6526\/revisions\/6530"}],"up":[{"embeddable":true,"href":"https:\/\/elfsight.com\/pl\/wp-json\/wp\/v2\/pages\/2699"}],"wp:attachment":[{"href":"https:\/\/elfsight.com\/pl\/wp-json\/wp\/v2\/media?parent=6526"}],"curies":[{"name":"wp","href":"https:\/\/api.w.org\/{rel}","templated":true}]}}