{"id":6525,"date":"1970-01-01T00:00:00","date_gmt":"1970-01-01T00:00:00","guid":{"rendered":"https:\/\/elfsight.com\/pl\/?page_id=6525"},"modified":"2024-10-25T11:56:35","modified_gmt":"2024-10-25T11:56:35","slug":"jimdo","status":"publish","type":"page","link":"https:\/\/elfsight.com\/pl\/social-media-icons-widget\/jimdo\/","title":{"rendered":"Social Media Icons &#8211; Jimdo"},"content":{"rendered":"<div class=\"application-platform-content-item-description application-platform-content-item\" id=\"description\" data-nav-section=\"description\"><h2>Opis<\/h2> <p>Ikony medi\u00f3w spo\u0142eczno\u015bciowych Elfsight to \u0142atwe narz\u0119dzie do umieszczania na stronie internetowej ikon medi\u00f3w spo\u0142eczno\u015bciowych, w kt\u00f3rych znajduje si\u0119 Twoja firma jest najbardziej aktywny. Zainstaluj ten widget z nieograniczon\u0105 liczb\u0105 ikon, a Twoi odbiorcy zyskaj\u0105 nowy spos\u00f3b na pozostawanie w kontakcie i stanie si\u0119 Twoimi obserwatorami. Wid\u017cet Ikony medi\u00f3w spo\u0142eczno\u015bciowych Elfsight oferuje szerokie mo\u017cliwo\u015bci dostosowywania, kt\u00f3re pomog\u0105 Ci stworzy\u0107 idealny wid\u017cet dostosowany do Twojego przypadku u\u017cycia. <\/p><p><b>Dzi\u0119ki ikonom medi\u00f3w spo\u0142eczno\u015bciowych rozpocznij solidny rozw\u00f3j firmy i wy\u017csz\u0105 sprzeda\u017c <\/b><\/p> <\/div> <div class=\"application-platform-content-item-features application-platform-content-item\" id=\"features\" data-nav-section=\"features\"> <h2>Najwa\u017cniejsze funkcje widgetu uwzgl\u0119dnij<\/h2> <ul><li>Ponad 50 predefiniowanych platform spo\u0142eczno\u015bciowych<\/li><li>5 opcji rozmiaru ikon<\/li><li>Dwa uk\u0142ady: ruchomy i wbudowany<\/li><li>usu\u0144, zmie\u0144 kolejno\u015b\u0107 ikony, dodawaj i powielaj<\/li><li>3 wyr\u00f3wnaj warianty ikon<\/li><li>5 animacji po najechaniu kursorem<\/li><li>3 rodzaje promienia obramowania<\/li><li>Regulowane nieprzezroczysto\u015b\u0107 ikon<\/li><li>Sze\u015b\u0107 osadzonych styl\u00f3w ikon <\/li><\/ul><p><a href=\"#demo\">Przetestuj wszystkie funkcje personalizacji w pe\u0142nej wersji demonstracyjnej<\/a><\/p> <\/div> <div class=\"application-platform-content-item-installation application-platform-content-item\" id=\"installation\" data-nav-section=\"installation\"> <h2>Jak doda\u0107 ikony medi\u00f3w spo\u0142eczno\u015bciowych do mojej strony internetowej Jimdo? <\/h2> <p>Wystarczy post\u0119powa\u0107 zgodnie z poni\u017cszymi wskaz\u00f3wkami, aby rozpocz\u0105\u0107 prac\u0119 z narz\u0119dziem. <\/p> <ol><li><b>Otw\u00f3rz nasz darmowy konfigurator i zacznij tworzy\u0107 sw\u00f3j w\u0142asny widget. <\/b><br> Znajd\u017a preferowany interfejs i opcje wid\u017cetu i zapisz zmiany. <\/li> <li><b>Zdob\u0105d\u017a indywidualny kod, kt\u00f3ry pojawi si\u0119 w polu aplikacji Elfsight. <\/b><br> Zaraz po skonfigurowaniu osobistego narz\u0119dzia skopiuj ekskluzywny kod z wyskakuj\u0105cego okienka i zachowaj go do p\u00f3\u017aniejszego wykorzystania. <\/li> <li><b>Rozpocznij stosowanie wid\u017cetu na swojej stronie Jimdo. <\/b><br> Umie\u015b\u0107 zapisany wcze\u015bniej kod na swojej stronie internetowej i zapisz zmiany. <\/li> <li><b>Gotowe! Osadzanie zosta\u0142o pomy\u015blnie zako\u0144czone. <\/b><br> Odwied\u017a swoj\u0105 stron\u0119, aby sprawdzi\u0107 dzia\u0142anie narz\u0119dzia. <\/li><\/ol> <p>W przypadku pyta\u0144 lub natrafienia na przeszkody nie wahaj si\u0119 zwr\u00f3ci\u0107 do naszego zespo\u0142u obs\u0142ugi klienta. Nasi konsultanci ch\u0119tnie pomog\u0105 Ci we wszystkich problemach, jakie mo\u017cesz mie\u0107 z widgetem. <\/p> <\/div><div class=\"faq\" data-component=\"FAQ\"><div class=\"faq-item\">\r\n\t\t\t\t\t<div class=\"faq-item-question\">\r\n\t\t\t\t\t\t<h3 class=\"faq-item-question-text\">W jaki spos\u00f3b mo\u017cna doda\u0107 ikony medi\u00f3w spo\u0142eczno\u015bciowych do mojej witryny Jimdo bez umiej\u0119tno\u015bci kodowania?<\/h3>\r\n\r\n\t\t\t\t\t\t<div class=\"faq-item-question-icon\"><\/div>\r\n\t\t\t\t\t<\/div>\r\n\r\n\t\t\t\t\t<div class=\"faq-item-answer\">\r\n\t\t\t\t\t\t<div class=\"faq-item-answer-text\"><p> Firma Elfsight oferuje rozwi\u0105zanie w chmurze, kt\u00f3re umo\u017cliwia samodzielne utworzenie wtyczki Social Media Icons, obejrzyj nieskomplikowany przewodnik: <\/p><ul><li>Rozpocznij prac\u0119 bezpo\u015brednio w edytorze na \u017cywo, aby zbudowa\u0107 widget ikon medi\u00f3w spo\u0142eczno\u015bciowych, jaki chcesz zintegruj si\u0119 ze swoj\u0105 witryn\u0105 Jimdo.<\/li><li>Wybierz jeden z gotowych szablon\u00f3w i zmie\u0144 ustawienia ikon medi\u00f3w spo\u0142eczno\u015bciowych, zmie\u0144 uk\u0142ad i kolory, do\u0142\u0105cz swoj\u0105 tre\u015b\u0107 bez do\u015bwiadczenia w kodowaniu.<\/li><li> Zapisz ikony medi\u00f3w spo\u0142eczno\u015bciowych i skopiuj kod instalacyjny wid\u017cetu, kt\u00f3ry mo\u017cna doda\u0107 na stronie Jimdo korzystaj\u0105c z bezp\u0142atnego planu.<\/li><\/ul><p>Dzi\u0119ki prostemu konfiguratorowi ka\u017cdy u\u017cytkownik sieci mo\u017ce wygenerowa\u0107 aplikacj\u0119 ikon medi\u00f3w spo\u0142eczno\u015bciowych online i \u0142atwo wklej go na stron\u0119 g\u0142\u00f3wn\u0105 Jimdo. Nie mo\u017cesz p\u0142aci\u0107 ani wprowadza\u0107 danych swojej karty, aby wej\u015b\u0107 do Edytora Elfsight. Je\u015bli napotkasz jakiekolwiek przeszkody, nie wahaj si\u0119 skontaktowa\u0107 z naszym personelem pomocy technicznej.<\/p><\/div>\r\n\t\t\t\t\t<\/div>\r\n\t\t\t\t<\/div><\/div>","protected":false},"excerpt":{"rendered":"","protected":false},"author":9,"featured_media":0,"parent":2699,"menu_order":0,"comment_status":"closed","ping_status":"closed","template":"templates\/template-application-platform.php","meta":{"publish_to_discourse":"","publish_post_category":"","wpdc_auto_publish_overridden":"","wpdc_topic_tags":"","wpdc_pin_topic":"","wpdc_pin_until":"","discourse_post_id":"","discourse_permalink":"","wpdc_publishing_response":"","wpdc_publishing_error":"","footnotes":""},"class_list":["post-6525","page","type-page","status-publish","hentry"],"yoast_head":"<!-- This site is optimized with the Yoast SEO plugin v25.3.1 - https:\/\/yoast.com\/wordpress\/plugins\/seo\/ -->\n<title>Ikony medi\u00f3w spo\u0142eczno\u015bciowych - Dodaj wid\u017cet ikon spo\u0142eczno\u015bciowych do Jimdo<\/title>\n<meta name=\"description\" content=\"Wypr\u00f3buj bezp\u0142atnie ikony medi\u00f3w spo\u0142eczno\u015bciowych Elfsight dla Jimdo. Wygeneruj spersonalizowane ikony dla swojej witryny tylko w kilka minut!\" \/>\n<meta name=\"robots\" content=\"index, follow, max-snippet:-1, max-image-preview:large, max-video-preview:-1\" \/>\n<link rel=\"canonical\" href=\"https:\/\/elfsight.com\/pl\/social-media-icons-widget\/jimdo\/\" \/>\n<meta property=\"og:locale\" content=\"pl_PL\" \/>\n<meta property=\"og:type\" content=\"article\" \/>\n<meta property=\"og:title\" content=\"Ikony medi\u00f3w spo\u0142eczno\u015bciowych - Dodaj wid\u017cet ikon spo\u0142eczno\u015bciowych do Jimdo\" \/>\n<meta property=\"og:description\" content=\"Wypr\u00f3buj bezp\u0142atnie ikony medi\u00f3w spo\u0142eczno\u015bciowych Elfsight dla Jimdo. Wygeneruj spersonalizowane ikony dla swojej witryny tylko w kilka minut!\" \/>\n<meta property=\"og:url\" content=\"https:\/\/elfsight.com\/pl\/social-media-icons-widget\/jimdo\/\" \/>\n<meta property=\"og:site_name\" content=\"Elfsight PL\" \/>\n<meta property=\"article:modified_time\" content=\"2024-10-25T11:56:35+00:00\" \/>\n<meta name=\"twitter:card\" content=\"summary_large_image\" \/>\n<meta name=\"twitter:label1\" content=\"Szacowany czas czytania\" \/>\n\t<meta name=\"twitter:data1\" content=\"3 minuty\" \/>\n<!-- \/ Yoast SEO plugin. -->","yoast_head_json":{"title":"Ikony medi\u00f3w spo\u0142eczno\u015bciowych - Dodaj wid\u017cet ikon spo\u0142eczno\u015bciowych do Jimdo","description":"Wypr\u00f3buj bezp\u0142atnie ikony medi\u00f3w spo\u0142eczno\u015bciowych Elfsight dla Jimdo. Wygeneruj spersonalizowane ikony dla swojej witryny tylko w kilka minut!","robots":{"index":"index","follow":"follow","max-snippet":"max-snippet:-1","max-image-preview":"max-image-preview:large","max-video-preview":"max-video-preview:-1"},"canonical":"https:\/\/elfsight.com\/pl\/social-media-icons-widget\/jimdo\/","og_locale":"pl_PL","og_type":"article","og_title":"Ikony medi\u00f3w spo\u0142eczno\u015bciowych - Dodaj wid\u017cet ikon spo\u0142eczno\u015bciowych do Jimdo","og_description":"Wypr\u00f3buj bezp\u0142atnie ikony medi\u00f3w spo\u0142eczno\u015bciowych Elfsight dla Jimdo. Wygeneruj spersonalizowane ikony dla swojej witryny tylko w kilka minut!","og_url":"https:\/\/elfsight.com\/pl\/social-media-icons-widget\/jimdo\/","og_site_name":"Elfsight PL","article_modified_time":"2024-10-25T11:56:35+00:00","twitter_card":"summary_large_image","twitter_misc":{"Szacowany czas czytania":"3 minuty"},"schema":{"@context":"https:\/\/schema.org","@graph":[{"@type":"WebPage","@id":"https:\/\/elfsight.com\/pl\/social-media-icons-widget\/jimdo\/","url":"https:\/\/elfsight.com\/pl\/social-media-icons-widget\/jimdo\/","name":"Ikony medi\u00f3w spo\u0142eczno\u015bciowych - Dodaj wid\u017cet ikon spo\u0142eczno\u015bciowych do Jimdo","isPartOf":{"@id":"https:\/\/elfsight.com\/pl\/#website"},"datePublished":"1970-01-01T00:00:00+00:00","dateModified":"2024-10-25T11:56:35+00:00","description":"Wypr\u00f3buj bezp\u0142atnie ikony medi\u00f3w spo\u0142eczno\u015bciowych Elfsight dla Jimdo. Wygeneruj spersonalizowane ikony dla swojej witryny tylko w kilka minut!","breadcrumb":{"@id":"https:\/\/elfsight.com\/pl\/social-media-icons-widget\/jimdo\/#breadcrumb"},"inLanguage":"pl-PL","potentialAction":[{"@type":"ReadAction","target":["https:\/\/elfsight.com\/pl\/social-media-icons-widget\/jimdo\/"]}]},{"@type":"BreadcrumbList","@id":"https:\/\/elfsight.com\/pl\/social-media-icons-widget\/jimdo\/#breadcrumb","itemListElement":[{"@type":"ListItem","position":1,"name":"Home","item":"https:\/\/elfsight.com\/pl\/"},{"@type":"ListItem","position":2,"name":"Social Media Icons","item":"https:\/\/elfsight.com\/pl\/social-media-icons-widget\/"},{"@type":"ListItem","position":3,"name":"Social Media Icons &#8211; Jimdo"}]},{"@type":"WebSite","@id":"https:\/\/elfsight.com\/pl\/#website","url":"https:\/\/elfsight.com\/pl\/","name":"Elfsight PL","description":"Just another Elfsight Sites site","potentialAction":[{"@type":"SearchAction","target":{"@type":"EntryPoint","urlTemplate":"https:\/\/elfsight.com\/pl\/?s={search_term_string}"},"query-input":{"@type":"PropertyValueSpecification","valueRequired":true,"valueName":"search_term_string"}}],"inLanguage":"pl-PL"}]}},"meta_box":{"industry":"","seo_heading":"","heading":"","description":"","cta_heading":"","cta_description":"","application":"2698","h1":"Wid\u017cet ikon medi\u00f3w spo\u0142eczno\u015bciowych dla Jimdo","h1_caption":"Dodaj ikony, kt\u00f3re prowadz\u0105 do Twoich profili w mediach spo\u0142eczno\u015bciowych, u\u0142atwiaj\u0105c odwiedzaj\u0105cym bezproblemowe \u0142\u0105czenie si\u0119 z Tob\u0105 na r\u00f3\u017cnych platformach w witrynie Jimdo.","application_category":[],"applications_title":"","applications_request_title":"","applications_request_button_text":"","hero_text":"","hero_video":"","hero_video_schema_markup":"","selling_points_title":"","selling_points_caption":"","selling_points":[],"selling_points_cta_text":"","features_title":"","features":"","ed_cta_examples_text":"","ed_cta_examples_hidden":"","ed_cta_demo_text":"","ed_cta_demo_hidden":"","why_caption":"","why_editor_title":"","why_editor_text":"","why_team_title":"","why_team_text":"","why_service_title":"","why_service_text":"","template_catalog_visible":"","template_catalog_title":"","template_catalog_text":"","template_catalog_categories_visible":"","demo_title":"Pospiesz si\u0119, aby stworzy\u0107 spersonalizowane ikony medi\u00f3w spo\u0142eczno\u015bciowych Jimdo!","demo_caption":"Dostosuj widget i zaimplementuj go na swojej stronie internetowej poprzez wersj\u0119 demonstracyjn\u0105.","default_faq_hidden":"","app_template_category":[],"platform":"193","template_public_id":"","codecanyon_url":"","codecanyon_item_id":"","codecanyon_price":"","pricing_caption":"","pricing_elfsight_apps_hide_column":"","pricing_elfsight_apps_url":"","pricing_codecanyon_price_caption":"","integration_category":[],"integration_request_title":"","integration_request_cta":"","integration_platform":"","integrations":[],"platform_category":[],"video_schema_markup":"","price":"od 0 USD \/ miesi\u0105c","trial":"","benefits":[{"text":"Bezp\u0142atna pomoc w instalacji"},{"text":"Wsparcie premium"},{"text":"14-dniowa gwarancja zwrotu pieni\u0119dzy"}],"button_url":"#demo","button_target_blank":"","button_nofollow":"","attributes":[{"name":"Instaluje"},{"name":"Czu\u0142y"},{"name":"Kompatybilne przegl\u0105darki"}],"tags":[],"tags_disable_links":"","hide_more_platforms":"","video_object":"","demo_hide_cta":"","demo_hide_cloud_options":"","pricing_title":"","pricing":[{"pricing_icon":"platform","pricing_title":"Elfsight Apps","pricing_title_caption":"Wersja niezale\u017cna od platformy, kt\u00f3ra dzia\u0142a na ka\u017cdej stronie","pricing_price":"od 0 USD \/ miesi\u0105c","pricing_price_caption":"zacznij od bezp\u0142atnego planu","pricing_benefits":[{"text":"Nielimitowane domeny"},{"text":"Dedykowane wsparcie firmy"},{"text":"Bezp\u0142atna us\u0142uga monta\u017cu"},{"text":"Ca\u0142kowicie konfigurowalny"}],"pricing_button_text":"Dodaj do witryny","pricing_button_url":"#demo"}],"related_apps_title":"","related_apps_hidden":"","author":"","image":[],"title":"","job":"","social_networks":[]},"_links":{"self":[{"href":"https:\/\/elfsight.com\/pl\/wp-json\/wp\/v2\/pages\/6525","targetHints":{"allow":["GET"]}}],"collection":[{"href":"https:\/\/elfsight.com\/pl\/wp-json\/wp\/v2\/pages"}],"about":[{"href":"https:\/\/elfsight.com\/pl\/wp-json\/wp\/v2\/types\/page"}],"author":[{"embeddable":true,"href":"https:\/\/elfsight.com\/pl\/wp-json\/wp\/v2\/users\/9"}],"replies":[{"embeddable":true,"href":"https:\/\/elfsight.com\/pl\/wp-json\/wp\/v2\/comments?post=6525"}],"version-history":[{"count":1,"href":"https:\/\/elfsight.com\/pl\/wp-json\/wp\/v2\/pages\/6525\/revisions"}],"predecessor-version":[{"id":6529,"href":"https:\/\/elfsight.com\/pl\/wp-json\/wp\/v2\/pages\/6525\/revisions\/6529"}],"up":[{"embeddable":true,"href":"https:\/\/elfsight.com\/pl\/wp-json\/wp\/v2\/pages\/2699"}],"wp:attachment":[{"href":"https:\/\/elfsight.com\/pl\/wp-json\/wp\/v2\/media?parent=6525"}],"curies":[{"name":"wp","href":"https:\/\/api.w.org\/{rel}","templated":true}]}}