{"id":6518,"date":"1970-01-01T00:00:00","date_gmt":"1970-01-01T00:00:00","guid":{"rendered":"https:\/\/elfsight.com\/pl\/?page_id=6518"},"modified":"2024-11-14T08:51:28","modified_gmt":"2024-11-14T08:51:28","slug":"blogger","status":"publish","type":"page","link":"https:\/\/elfsight.com\/pl\/social-feed-widget\/blogger\/","title":{"rendered":"Social Feed &#8211; Blogger"},"content":{"rendered":"<div class=\"application-platform-content-item-description application-platform-content-item\" id=\"description\" data-nav-section=\"description\"> <h2>Opis<\/h2> <p>Kana\u0142 spo\u0142eczno\u015bciowy Elfsight dla Bloggera to unikalna wtyczka umo\u017cliwiaj\u0105ca sprzeda\u017c nie tylko towar\u00f3w, ale tak\u017ce emocji i do\u015bwiadcze\u0144. Dzi\u0119ki niemu mo\u017cesz kszta\u0142towa\u0107 spersonalizowany kana\u0142 sk\u0142adaj\u0105cy si\u0119 z tre\u015bci z r\u00f3\u017cnych medi\u00f3w spo\u0142eczno\u015bciowych: Instagram, Pinterest, Facebook, Twitter, Tumblr, YouTube, Vimeo &#8211; i prezentowa\u0107 go bezpo\u015brednio na swojej stronie internetowej. Utw\u00f3rz galeri\u0119 lub katalog produkt\u00f3w w 1-2-3! Sprawuj ca\u0142kowit\u0105 kontrol\u0119 nad prezentowan\u0105 tre\u015bci\u0105 dzi\u0119ki r\u00f3\u017cnorodnym opcjom filtrowania i eliminuj spam oraz wszelkie niepo\u017c\u0105dane tre\u015bci, stosuj\u0105c r\u0119czn\u0105 moderacj\u0119. Ca\u0142kowicie responsywny konfigurator online oferuje r\u00f3\u017cne szablony do wyboru. <\/p> <p><b>Wstaw tablic\u0119 spo\u0142eczno\u015bciow\u0105, aby osi\u0105gn\u0105\u0107 swoje cele biznesowe! <\/b><\/p> <\/div> <div class=\"application-platform-content-item-features application-platform-content-item\" id=\"features\" data-nav-section=\"features\"> <h2>Wy\u015bwietl list\u0119 najbardziej przydatnych funkcji: <\/h2> <ul><li>Prezentuj swoje tre\u015bci z r\u00f3\u017cnych serwis\u00f3w spo\u0142eczno\u015bciowych g\u0142oska bezd\u017awi\u0119czna. <\/li><li>Wyeliminuj spam i niepo\u017c\u0105dane tre\u015bci za pomoc\u0105 r\u0119cznego trybu moderacji. <\/li><li>Umie\u015b\u0107 przycisk Obserwuj na kartach wid\u017cet\u00f3w. <\/li><li>Pozw\u00f3l, aby Twoje posty pojawia\u0142y si\u0119 w wyskakuj\u0105cych okienkach. <\/li><\/ul><p><a href=\"#demo\">Pe\u0142ne mo\u017cliwo\u015bci wid\u017cetu mo\u017cesz pozna\u0107 w wersji demonstracyjnej <\/a><\/p> <\/div> <div class=\"application-platform-content-item-installation  application-platform-content-item\" id=\"installation \" data-nav-section=\"installation \"> <h2>Jak osadzi\u0107 wid\u017cet Kana\u0142 medi\u00f3w spo\u0142eczno\u015bciowych w mojej witrynie Bloggera? <\/h2> <p>Wystarczy wykona\u0107 kilka krok\u00f3w przedstawionych poni\u017cej, aby doda\u0107 wid\u017cet. <\/p> <ol><li><b>Uruchom nasz darmowy edytor i zacznij tworzy\u0107 w\u0142asny widget. <\/b><br> Wybierz wybrany uk\u0142ad i charakterystyk\u0119 wid\u017cetu i zapisz zmiany. <\/li> <li><b>Odbierz indywidualny kod widoczny w ramce aplikacji Elfsight. <\/b><br> Po zako\u0144czeniu konfiguracji wtyczki skopiuj indywidualny kod z wy\u015bwietlonego okna i zachowaj go na p\u00f3\u017aniej. <\/li> <li><b>Zacznij korzysta\u0107 z wid\u017cetu \u015aciana spo\u0142eczno\u015bciowa w witrynie Bloggera. <\/b><br> Wklej ostatnio skopiowany kod na swoj\u0105 stron\u0119 i zastosuj modyfikacje. <\/li> <li><b>Gotowe! Integracja zosta\u0142a pomy\u015blnie przeprowadzona. <\/b><br> Przejd\u017a na swoj\u0105 stron\u0119 internetow\u0105 i sprawd\u017a dzia\u0142anie narz\u0119dzia. <\/li><\/ol> <p>Je\u015bli masz pytania lub napotkasz pewne trudno\u015bci, napisz do naszego personelu pomocy technicznej. Nasi specjali\u015bci ch\u0119tnie pomog\u0105 Ci we wszystkich problemach, jakie mo\u017cesz mie\u0107 z narz\u0119dziem. <\/p> <\/div><div class=\"faq\" data-component=\"FAQ\"><div class=\"faq-item\">\r\n\t\t\t\t\t<div class=\"faq-item-question\">\r\n\t\t\t\t\t\t<h3 class=\"faq-item-question-text\">Czy istnieje mo\u017cliwo\u015b\u0107 osadzenia kana\u0142u spo\u0142eczno\u015bciowego w mojej witrynie Bloggera bez kodowania?<\/h3>\r\n\r\n\t\t\t\t\t\t<div class=\"faq-item-question-icon\"><\/div>\r\n\t\t\t\t\t<\/div>\r\n\r\n\t\t\t\t\t<div class=\"faq-item-answer\">\r\n\t\t\t\t\t\t<div class=\"faq-item-answer-text\"><p>Oferty firmy Elfsight rozwi\u0105zania, kt\u00f3re umo\u017cliwia szerokiemu gronu odbiorc\u00f3w samodzielne utworzenie aplikacji Kana\u0142y spo\u0142eczno\u015bciowe, obejrzyj proste kroki: <\/p><ul><li>Pracuj w edytorze online, aby utworzy\u0107 aplikacj\u0119 Kana\u0142y spo\u0142eczno\u015bciowe, kt\u00f3r\u0105 chcesz doda\u0107 w swojej witrynie Bloggera.<\/li><li>Wybierz jeden z wielu gotowych szablon\u00f3w i dostosuj ustawienia Kana\u0142\u00f3w spo\u0142eczno\u015bciowych, zmie\u0144 uk\u0142ad i kolor element\u00f3w, zaktualizuj tre\u015b\u0107 bez umiej\u0119tno\u015bci kodowania.<\/li><li>Zapisz dokonane ustawienia do Kana\u0142u Spo\u0142eczno\u015bciowego i uzyskaj kod wtyczki do umieszczenia, kt\u00f3ry mo\u017cesz bez wysi\u0142ku i bezp\u0142atnie wklei\u0107 w dowolnej witrynie Bloggera.<\/li><\/ul><p>Dzi\u0119ki przyjaznemu dla u\u017cytkownika Konfiguratorowi ka\u017cdy u\u017cytkownik Internetu mo\u017ce za\u0142o\u017cy\u0107 Kana\u0142 Spo\u0142eczno\u015bciowy online i bez problemu do\u0142\u0105cz go do strony g\u0142\u00f3wnej Bloggera. Nie nale\u017cy p\u0142aci\u0107 ani podawa\u0107 danych swojej karty, aby m\u00f3c skorzysta\u0107 z us\u0142ugi Elfsight. Je\u015bli napotkasz jakiekolwiek problemy, nie wahaj si\u0119 skontaktowa\u0107 z naszym zespo\u0142em pomocy technicznej.<\/p><\/div>\r\n\t\t\t\t\t<\/div>\r\n\t\t\t\t<\/div><\/div>","protected":false},"excerpt":{"rendered":"","protected":false},"author":9,"featured_media":0,"parent":637,"menu_order":0,"comment_status":"closed","ping_status":"closed","template":"templates\/template-application-platform.php","meta":{"publish_to_discourse":"","publish_post_category":"","wpdc_auto_publish_overridden":"","wpdc_topic_tags":"","wpdc_pin_topic":"","wpdc_pin_until":"","discourse_post_id":"","discourse_permalink":"","wpdc_publishing_response":"","wpdc_publishing_error":"","footnotes":""},"class_list":["post-6518","page","type-page","status-publish","hentry"],"yoast_head":"<!-- This site is optimized with the Yoast SEO plugin v25.3.1 - https:\/\/yoast.com\/wordpress\/plugins\/seo\/ -->\n<title>Dodaj wid\u017cet Social Wall do witryny Bloggera (szybko i bezp\u0142atnie)<\/title>\n<meta name=\"description\" content=\"Zaimplementuj przyjazny dla u\u017cytkownika wid\u017cet Kana\u0142 spo\u0142eczno\u015bciowy Bloggera w swojej witrynie Bloggera. Skorzystaj z wersji demonstracyjnej Elfsight i zmodyfikuj swoj\u0105 unikaln\u0105 wtyczk\u0119 Social Wall za pomoc\u0105 kilku klikni\u0119\u0107\" \/>\n<meta name=\"robots\" content=\"index, follow, max-snippet:-1, max-image-preview:large, max-video-preview:-1\" \/>\n<link rel=\"canonical\" href=\"https:\/\/elfsight.com\/pl\/social-feed-widget\/blogger\/\" \/>\n<meta property=\"og:locale\" content=\"pl_PL\" \/>\n<meta property=\"og:type\" content=\"article\" \/>\n<meta property=\"og:title\" content=\"Dodaj wid\u017cet Social Wall do witryny Bloggera (szybko i bezp\u0142atnie)\" \/>\n<meta property=\"og:description\" content=\"Zaimplementuj przyjazny dla u\u017cytkownika wid\u017cet Kana\u0142 spo\u0142eczno\u015bciowy Bloggera w swojej witrynie Bloggera. Skorzystaj z wersji demonstracyjnej Elfsight i zmodyfikuj swoj\u0105 unikaln\u0105 wtyczk\u0119 Social Wall za pomoc\u0105 kilku klikni\u0119\u0107\" \/>\n<meta property=\"og:url\" content=\"https:\/\/elfsight.com\/pl\/social-feed-widget\/blogger\/\" \/>\n<meta property=\"og:site_name\" content=\"Elfsight PL\" \/>\n<meta property=\"article:modified_time\" content=\"2024-11-14T08:51:28+00:00\" \/>\n<meta name=\"twitter:card\" content=\"summary_large_image\" \/>\n<meta name=\"twitter:label1\" content=\"Szacowany czas czytania\" \/>\n\t<meta name=\"twitter:data1\" content=\"3 minuty\" \/>\n<!-- \/ Yoast SEO plugin. -->","yoast_head_json":{"title":"Dodaj wid\u017cet Social Wall do witryny Bloggera (szybko i bezp\u0142atnie)","description":"Zaimplementuj przyjazny dla u\u017cytkownika wid\u017cet Kana\u0142 spo\u0142eczno\u015bciowy Bloggera w swojej witrynie Bloggera. Skorzystaj z wersji demonstracyjnej Elfsight i zmodyfikuj swoj\u0105 unikaln\u0105 wtyczk\u0119 Social Wall za pomoc\u0105 kilku klikni\u0119\u0107","robots":{"index":"index","follow":"follow","max-snippet":"max-snippet:-1","max-image-preview":"max-image-preview:large","max-video-preview":"max-video-preview:-1"},"canonical":"https:\/\/elfsight.com\/pl\/social-feed-widget\/blogger\/","og_locale":"pl_PL","og_type":"article","og_title":"Dodaj wid\u017cet Social Wall do witryny Bloggera (szybko i bezp\u0142atnie)","og_description":"Zaimplementuj przyjazny dla u\u017cytkownika wid\u017cet Kana\u0142 spo\u0142eczno\u015bciowy Bloggera w swojej witrynie Bloggera. Skorzystaj z wersji demonstracyjnej Elfsight i zmodyfikuj swoj\u0105 unikaln\u0105 wtyczk\u0119 Social Wall za pomoc\u0105 kilku klikni\u0119\u0107","og_url":"https:\/\/elfsight.com\/pl\/social-feed-widget\/blogger\/","og_site_name":"Elfsight PL","article_modified_time":"2024-11-14T08:51:28+00:00","twitter_card":"summary_large_image","twitter_misc":{"Szacowany czas czytania":"3 minuty"},"schema":{"@context":"https:\/\/schema.org","@graph":[{"@type":"WebPage","@id":"https:\/\/elfsight.com\/pl\/social-feed-widget\/blogger\/","url":"https:\/\/elfsight.com\/pl\/social-feed-widget\/blogger\/","name":"Dodaj wid\u017cet Social Wall do witryny Bloggera (szybko i bezp\u0142atnie)","isPartOf":{"@id":"https:\/\/elfsight.com\/pl\/#website"},"datePublished":"1970-01-01T00:00:00+00:00","dateModified":"2024-11-14T08:51:28+00:00","description":"Zaimplementuj przyjazny dla u\u017cytkownika wid\u017cet Kana\u0142 spo\u0142eczno\u015bciowy Bloggera w swojej witrynie Bloggera. Skorzystaj z wersji demonstracyjnej Elfsight i zmodyfikuj swoj\u0105 unikaln\u0105 wtyczk\u0119 Social Wall za pomoc\u0105 kilku klikni\u0119\u0107","breadcrumb":{"@id":"https:\/\/elfsight.com\/pl\/social-feed-widget\/blogger\/#breadcrumb"},"inLanguage":"pl-PL","potentialAction":[{"@type":"ReadAction","target":["https:\/\/elfsight.com\/pl\/social-feed-widget\/blogger\/"]}]},{"@type":"BreadcrumbList","@id":"https:\/\/elfsight.com\/pl\/social-feed-widget\/blogger\/#breadcrumb","itemListElement":[{"@type":"ListItem","position":1,"name":"Home","item":"https:\/\/elfsight.com\/pl\/"},{"@type":"ListItem","position":2,"name":"Social Feed","item":"https:\/\/elfsight.com\/pl\/social-feed-widget\/"},{"@type":"ListItem","position":3,"name":"Social Feed &#8211; Blogger"}]},{"@type":"WebSite","@id":"https:\/\/elfsight.com\/pl\/#website","url":"https:\/\/elfsight.com\/pl\/","name":"Elfsight PL","description":"Just another Elfsight Sites site","potentialAction":[{"@type":"SearchAction","target":{"@type":"EntryPoint","urlTemplate":"https:\/\/elfsight.com\/pl\/?s={search_term_string}"},"query-input":{"@type":"PropertyValueSpecification","valueRequired":true,"valueName":"search_term_string"}}],"inLanguage":"pl-PL"}]}},"meta_box":{"industry":"","seo_heading":"","heading":"","description":"","cta_heading":"","cta_description":"","application":"636","h1":"Widget kana\u0142u medi\u00f3w spo\u0142eczno\u015bciowych Bloggera","h1_caption":"Agreguj tre\u015bci z wielu platform medi\u00f3w spo\u0142eczno\u015bciowych w jeden dynamiczny kana\u0142, dzi\u0119ki czemu odwiedzaj\u0105cy b\u0119d\u0105 mogli bez trudu udost\u0119pnia\u0107 \u015bwie\u017ce i anga\u017cuj\u0105ce tre\u015bci w witrynie Bloggera.","application_category":[],"applications_title":"","applications_request_title":"","applications_request_button_text":"","hero_text":"","hero_video":"","hero_video_schema_markup":"","selling_points_title":"","selling_points_caption":"","selling_points":[],"selling_points_cta_text":"","features_title":"","features":"","ed_cta_examples_text":"","ed_cta_examples_hidden":"","ed_cta_demo_text":"","ed_cta_demo_hidden":"","why_caption":"","why_editor_title":"","why_editor_text":"","why_team_title":"","why_team_text":"","why_service_title":"","why_service_text":"","template_catalog_visible":"","template_catalog_title":"","template_catalog_text":"","template_catalog_categories_visible":"","demo_title":"Utw\u00f3rz wid\u017cet kana\u0142u spo\u0142eczno\u015bciowego","demo_caption":"Skonfiguruj sw\u00f3j kana\u0142 spo\u0142eczno\u015bciowy i dodaj go do swojej witryny Bloggera za darmo!","default_faq_hidden":"","app_template_category":[],"platform":"44","template_public_id":"","codecanyon_url":"","codecanyon_item_id":"","codecanyon_price":"","pricing_caption":"","pricing_elfsight_apps_hide_column":"","pricing_elfsight_apps_url":"","pricing_codecanyon_price_caption":"","integration_category":[],"integration_request_title":"","integration_request_cta":"","integration_platform":"","integrations":[],"platform_category":[],"video_schema_markup":"","price":"od 0 USD \/ miesi\u0105c","trial":"","benefits":[{"text":"Bezp\u0142atna pomoc w monta\u017cu"},{"text":"Skuteczna obs\u0142uga klienta"},{"text":"14-dniowa gwarancja zwrotu pieni\u0119dzy"}],"button_url":"#demo","button_target_blank":"","button_nofollow":"","attributes":[{"name":"Instaluje"},{"name":"Czu\u0142y"},{"name":"Kompatybilne przegl\u0105darki"}],"tags":[],"tags_disable_links":"","hide_more_platforms":"","video_object":"","demo_hide_cta":"","demo_hide_cloud_options":"","pricing_title":"","pricing":[{"pricing_icon":"platform","pricing_title":"Elfsight Apps","pricing_title_caption":"Rozwi\u0105zanie wieloplatformowe, kt\u00f3re dzia\u0142a na dowolnej witrynie","pricing_price":"od 0 USD \/ miesi\u0105c","pricing_price_caption":"zacznij od bezp\u0142atnego planu","pricing_benefits":[{"text":"Nielimitowane domeny"},{"text":"Ca\u0142odobowa obs\u0142uga klienta"},{"text":"Bezp\u0142atna us\u0142uga monta\u017cu"},{"text":"Cena do z\u0142apania dla wielu aplikacji"}],"pricing_button_text":"Dodaj do witryny","pricing_button_url":"#demo"}],"related_apps_title":"","related_apps_hidden":"","author":"","image":[],"title":"","job":"","social_networks":[]},"_links":{"self":[{"href":"https:\/\/elfsight.com\/pl\/wp-json\/wp\/v2\/pages\/6518","targetHints":{"allow":["GET"]}}],"collection":[{"href":"https:\/\/elfsight.com\/pl\/wp-json\/wp\/v2\/pages"}],"about":[{"href":"https:\/\/elfsight.com\/pl\/wp-json\/wp\/v2\/types\/page"}],"author":[{"embeddable":true,"href":"https:\/\/elfsight.com\/pl\/wp-json\/wp\/v2\/users\/9"}],"replies":[{"embeddable":true,"href":"https:\/\/elfsight.com\/pl\/wp-json\/wp\/v2\/comments?post=6518"}],"version-history":[{"count":1,"href":"https:\/\/elfsight.com\/pl\/wp-json\/wp\/v2\/pages\/6518\/revisions"}],"predecessor-version":[{"id":6522,"href":"https:\/\/elfsight.com\/pl\/wp-json\/wp\/v2\/pages\/6518\/revisions\/6522"}],"up":[{"embeddable":true,"href":"https:\/\/elfsight.com\/pl\/wp-json\/wp\/v2\/pages\/637"}],"wp:attachment":[{"href":"https:\/\/elfsight.com\/pl\/wp-json\/wp\/v2\/media?parent=6518"}],"curies":[{"name":"wp","href":"https:\/\/api.w.org\/{rel}","templated":true}]}}