{"id":6512,"date":"1970-01-01T00:00:00","date_gmt":"1970-01-01T00:00:00","guid":{"rendered":"https:\/\/elfsight.com\/pl\/?page_id=6512"},"modified":"2024-11-14T08:51:28","modified_gmt":"2024-11-14T08:51:28","slug":"facebook","status":"publish","type":"page","link":"https:\/\/elfsight.com\/pl\/social-feed-widget\/facebook\/","title":{"rendered":"Social Feed &#8211; Facebook"},"content":{"rendered":"<div class=\"application-platform-content-item-description application-platform-content-item\" id=\"description\" data-nav-section=\"description\"> <h2>Opis<\/h2> <p>Kana\u0142 spo\u0142eczno\u015bciowy Elfsight dla Facebooka to specjalny wid\u017cet s\u0142u\u017c\u0105cy do promowania nie tylko rzeczy, ale tak\u017ce emocji i do\u015bwiadcze\u0144. Dzi\u0119ki niemu mo\u017cesz kszta\u0142towa\u0107 spersonalizowany kana\u0142 sk\u0142adaj\u0105cy si\u0119 z tre\u015bci z kilku \u017ar\u00f3de\u0142: Instagram, Pinterest, Facebook, Twitter, Tumblr, YouTube, Vimeo &#8211; i umie\u015bci\u0107 go bezpo\u015brednio na swojej stronie. Zbuduj galeri\u0119 lub katalog produkt\u00f3w w 1-2-3! Sprawuj ca\u0142kowit\u0105 kontrol\u0119 nad prezentowan\u0105 tre\u015bci\u0105 dzi\u0119ki wielu opcjom filtrowania i pozb\u0105d\u017a si\u0119 spamu oraz wszelkich niepo\u017c\u0105danych tre\u015bci za pomoc\u0105 r\u0119cznej moderacji. W pe\u0142ni responsywny konfigurator online umo\u017cliwia wyb\u00f3r r\u00f3\u017cnych szablon\u00f3w. <\/p> <p><b>Dzi\u0119ki Social Wall mo\u017cesz szybciej rozwija\u0107 sw\u00f3j biznes i zwi\u0119ksza\u0107 sprzeda\u017c <\/b><\/p> <\/div> <div class=\"application-platform-content-item-features application-platform-content-item\" id=\"features\" data-nav-section=\"features\"> <h2>Oferujemy zaawansowane i nieskomplikowane funkcje , sprawd\u017a niekt\u00f3re z nich: <\/h2> <ul><li>Wy\u015bwietlaj swoje tre\u015bci z kilku medi\u00f3w spo\u0142eczno\u015bciowych. <\/li><li>Pozb\u0105d\u017a si\u0119 spamu i niepo\u017c\u0105danych tre\u015bci, korzystaj\u0105c z r\u0119cznego trybu moderacji. <\/li><li>Umie\u015b\u0107 przycisk Obserwuj w kanale wid\u017cetu. <\/li><li>Pozw\u00f3l, aby Twoje posty pojawia\u0142y si\u0119 w wyskakuj\u0105cych okienkach. <\/li><\/ul><p><a href=\"#demo\">Mo\u017cesz poczu\u0107, jak dzia\u0142a widget, korzystaj\u0105c z wersji demonstracyjnej<\/a><\/p> <\/div> <div class=\"application-platform-content-item-installation application-platform-content-item\" id=\"installation\" data-nav-section=\"installation\"> <h2>Jak osadzi\u0107 wid\u017cet Kana\u0142 medi\u00f3w spo\u0142eczno\u015bciowych w mojej witrynie na Facebooku? <\/h2> <p>Wystarczy wykona\u0107 kilka krok\u00f3w opisanych poni\u017cej, aby aktywowa\u0107 wtyczk\u0119. <\/p> <ol><li><b>Skorzystaj z naszego bezp\u0142atnego konfiguratora i zacznij kszta\u0142towa\u0107 sw\u00f3j w\u0142asny instrument. <\/b><br> Znajd\u017a po\u017c\u0105dany wygl\u0105d i funkcjonalno\u015b\u0107 wid\u017cetu i zapisz poprawki. <\/li> <li><b>Zdob\u0105d\u017a indywidualny kod udost\u0119pniony w specjalnym formularzu w aplikacjach Elfsight. <\/b><br> Po zako\u0144czeniu dostosowywania osobistej wtyczki skopiuj ekskluzywny kod z wyskakuj\u0105cego okienka i zapisz go na przysz\u0142o\u015b\u0107. <\/li> <li><b>Zacznij korzysta\u0107 z wid\u017cetu \u015aciana spo\u0142eczno\u015bciowa na Facebooku. <\/b><br> Zaimplementuj skopiowany ostatnio kod na swojej stronie i zastosuj zmiany. <\/li> <li><b>Gotowe! Osadzanie zosta\u0142o pomy\u015blnie zako\u0144czone. <\/b><br> Przejd\u017a do swojej witryny, aby sprawdzi\u0107 dzia\u0142anie wtyczki. <\/li><\/ol> <p>Je\u015bli masz jaki\u015b problem, nie b\u00f3j si\u0119 napisa\u0107 do naszego zespo\u0142u obs\u0142ugi klienta. Nasi ludzie ch\u0119tnie pomog\u0105 Ci we wszystkich trudno\u015bciach, jakie mo\u017cesz napotka\u0107 w zwi\u0105zku z narz\u0119dziem. <\/p> <\/div>","protected":false},"excerpt":{"rendered":"","protected":false},"author":9,"featured_media":0,"parent":637,"menu_order":0,"comment_status":"closed","ping_status":"closed","template":"templates\/template-application-platform.php","meta":{"publish_to_discourse":"","publish_post_category":"","wpdc_auto_publish_overridden":"","wpdc_topic_tags":"","wpdc_pin_topic":"","wpdc_pin_until":"","discourse_post_id":"","discourse_permalink":"","wpdc_publishing_response":"","wpdc_publishing_error":"","footnotes":""},"class_list":["post-6512","page","type-page","status-publish","hentry"],"yoast_head":"<!-- This site is optimized with the Yoast SEO plugin v25.3.1 - https:\/\/yoast.com\/wordpress\/plugins\/seo\/ -->\n<title>Dodaj wid\u017cet Social Wall do strony Facebooka (szybko i bezp\u0142atnie)<\/title>\n<meta name=\"description\" content=\"Dodaj przyjazny dla u\u017cytkownika wid\u017cet kana\u0142u spo\u0142eczno\u015bciowego Facebook na swojej stronie na Facebooku. Skorzystaj z por\u0119cznej wersji demonstracyjnej Elfsight i w ci\u0105gu kilku minut utw\u00f3rz stylowy widget \u015bciany spo\u0142eczno\u015bciowej\" \/>\n<meta name=\"robots\" content=\"index, follow, max-snippet:-1, max-image-preview:large, max-video-preview:-1\" \/>\n<link rel=\"canonical\" href=\"https:\/\/elfsight.com\/pl\/social-feed-widget\/facebook\/\" \/>\n<meta property=\"og:locale\" content=\"pl_PL\" \/>\n<meta property=\"og:type\" content=\"article\" \/>\n<meta property=\"og:title\" content=\"Dodaj wid\u017cet Social Wall do strony Facebooka (szybko i bezp\u0142atnie)\" \/>\n<meta property=\"og:description\" content=\"Dodaj przyjazny dla u\u017cytkownika wid\u017cet kana\u0142u spo\u0142eczno\u015bciowego Facebook na swojej stronie na Facebooku. Skorzystaj z por\u0119cznej wersji demonstracyjnej Elfsight i w ci\u0105gu kilku minut utw\u00f3rz stylowy widget \u015bciany spo\u0142eczno\u015bciowej\" \/>\n<meta property=\"og:url\" content=\"https:\/\/elfsight.com\/pl\/social-feed-widget\/facebook\/\" \/>\n<meta property=\"og:site_name\" content=\"Elfsight PL\" \/>\n<meta property=\"article:modified_time\" content=\"2024-11-14T08:51:28+00:00\" \/>\n<meta name=\"twitter:card\" content=\"summary_large_image\" \/>\n<meta name=\"twitter:label1\" content=\"Szacowany czas czytania\" \/>\n\t<meta name=\"twitter:data1\" content=\"2 minuty\" \/>\n<!-- \/ Yoast SEO plugin. -->","yoast_head_json":{"title":"Dodaj wid\u017cet Social Wall do strony Facebooka (szybko i bezp\u0142atnie)","description":"Dodaj przyjazny dla u\u017cytkownika wid\u017cet kana\u0142u spo\u0142eczno\u015bciowego Facebook na swojej stronie na Facebooku. Skorzystaj z por\u0119cznej wersji demonstracyjnej Elfsight i w ci\u0105gu kilku minut utw\u00f3rz stylowy widget \u015bciany spo\u0142eczno\u015bciowej","robots":{"index":"index","follow":"follow","max-snippet":"max-snippet:-1","max-image-preview":"max-image-preview:large","max-video-preview":"max-video-preview:-1"},"canonical":"https:\/\/elfsight.com\/pl\/social-feed-widget\/facebook\/","og_locale":"pl_PL","og_type":"article","og_title":"Dodaj wid\u017cet Social Wall do strony Facebooka (szybko i bezp\u0142atnie)","og_description":"Dodaj przyjazny dla u\u017cytkownika wid\u017cet kana\u0142u spo\u0142eczno\u015bciowego Facebook na swojej stronie na Facebooku. Skorzystaj z por\u0119cznej wersji demonstracyjnej Elfsight i w ci\u0105gu kilku minut utw\u00f3rz stylowy widget \u015bciany spo\u0142eczno\u015bciowej","og_url":"https:\/\/elfsight.com\/pl\/social-feed-widget\/facebook\/","og_site_name":"Elfsight PL","article_modified_time":"2024-11-14T08:51:28+00:00","twitter_card":"summary_large_image","twitter_misc":{"Szacowany czas czytania":"2 minuty"},"schema":{"@context":"https:\/\/schema.org","@graph":[{"@type":"WebPage","@id":"https:\/\/elfsight.com\/pl\/social-feed-widget\/facebook\/","url":"https:\/\/elfsight.com\/pl\/social-feed-widget\/facebook\/","name":"Dodaj wid\u017cet Social Wall do strony Facebooka (szybko i bezp\u0142atnie)","isPartOf":{"@id":"https:\/\/elfsight.com\/pl\/#website"},"datePublished":"1970-01-01T00:00:00+00:00","dateModified":"2024-11-14T08:51:28+00:00","description":"Dodaj przyjazny dla u\u017cytkownika wid\u017cet kana\u0142u spo\u0142eczno\u015bciowego Facebook na swojej stronie na Facebooku. Skorzystaj z por\u0119cznej wersji demonstracyjnej Elfsight i w ci\u0105gu kilku minut utw\u00f3rz stylowy widget \u015bciany spo\u0142eczno\u015bciowej","breadcrumb":{"@id":"https:\/\/elfsight.com\/pl\/social-feed-widget\/facebook\/#breadcrumb"},"inLanguage":"pl-PL","potentialAction":[{"@type":"ReadAction","target":["https:\/\/elfsight.com\/pl\/social-feed-widget\/facebook\/"]}]},{"@type":"BreadcrumbList","@id":"https:\/\/elfsight.com\/pl\/social-feed-widget\/facebook\/#breadcrumb","itemListElement":[{"@type":"ListItem","position":1,"name":"Home","item":"https:\/\/elfsight.com\/pl\/"},{"@type":"ListItem","position":2,"name":"Social Feed","item":"https:\/\/elfsight.com\/pl\/social-feed-widget\/"},{"@type":"ListItem","position":3,"name":"Social Feed &#8211; Facebook"}]},{"@type":"WebSite","@id":"https:\/\/elfsight.com\/pl\/#website","url":"https:\/\/elfsight.com\/pl\/","name":"Elfsight PL","description":"Just another Elfsight Sites site","potentialAction":[{"@type":"SearchAction","target":{"@type":"EntryPoint","urlTemplate":"https:\/\/elfsight.com\/pl\/?s={search_term_string}"},"query-input":{"@type":"PropertyValueSpecification","valueRequired":true,"valueName":"search_term_string"}}],"inLanguage":"pl-PL"}]}},"meta_box":{"industry":"","seo_heading":"","heading":"","description":"","cta_heading":"","cta_description":"","application":"636","h1":"Widget kana\u0142u medi\u00f3w spo\u0142eczno\u015bciowych Facebooka","h1_caption":"Prezentuj swoje tre\u015bci z wielu sieci spo\u0142eczno\u015bciowych","application_category":[],"applications_title":"","applications_request_title":"","applications_request_button_text":"","hero_text":"","hero_video":"","hero_video_schema_markup":"","selling_points_title":"","selling_points_caption":"","selling_points":[],"selling_points_cta_text":"","features_title":"","features":"","ed_cta_examples_text":"","ed_cta_examples_hidden":"","ed_cta_demo_text":"","ed_cta_demo_hidden":"","why_caption":"","why_editor_title":"","why_editor_text":"","why_team_title":"","why_team_text":"","why_service_title":"","why_service_text":"","template_catalog_visible":"","template_catalog_title":"","template_catalog_text":"","template_catalog_categories_visible":"","demo_title":"Zach\u0119camy do tworzenia dostosowanych do indywidualnych potrzeb kana\u0142\u00f3w spo\u0142eczno\u015bciowych na Facebooku","demo_caption":"Dostosuj go i dodaj widget na swoj\u0105 stron\u0119 za pomoc\u0105 aktywnego demo.","default_faq_hidden":"","app_template_category":[],"platform":"319","template_public_id":"","codecanyon_url":"","codecanyon_item_id":"","codecanyon_price":"","pricing_caption":"","pricing_elfsight_apps_hide_column":"","pricing_elfsight_apps_url":"","pricing_codecanyon_price_caption":"","integration_category":[],"integration_request_title":"","integration_request_cta":"","integration_platform":"","integrations":[],"platform_category":[],"video_schema_markup":"","price":"od 0 USD \/ miesi\u0105c","trial":"","benefits":[{"text":"Bezp\u0142atna pomoc w monta\u017cu"},{"text":"Wyj\u0105tkowe wsparcie"},{"text":"14-dniowa gwarancja zwrotu pieni\u0119dzy"}],"button_url":"#demo","button_target_blank":"","button_nofollow":"","attributes":[{"name":"Instaluje"},{"name":"Czu\u0142y"},{"name":"Kompatybilne przegl\u0105darki"}],"tags":[],"tags_disable_links":"","hide_more_platforms":"","video_object":"","demo_hide_cta":"","demo_hide_cloud_options":"","pricing_title":"","pricing":[{"pricing_icon":"platform","pricing_title":"Elfsight Apps","pricing_title_caption":"Wieloplatformowe rozwi\u0105zanie cyfrowe, kt\u00f3re pasuje do ka\u017cdej witryny internetowej","pricing_price":"od 0 USD \/ miesi\u0105c","pricing_price_caption":"zacznij od bezp\u0142atnego planu","pricing_benefits":[{"text":"Nielimitowane strony internetowe"},{"text":"Szybkie i terminowe wsparcie"},{"text":"Bezp\u0142atna pomoc w monta\u017cu"},{"text":"Oferta ograniczona czasowo dla wielu aplikacji"}],"pricing_button_text":"Dodaj do witryny","pricing_button_url":"#demo"}],"related_apps_title":"","related_apps_hidden":"","author":"","image":[],"title":"","job":"","social_networks":[]},"_links":{"self":[{"href":"https:\/\/elfsight.com\/pl\/wp-json\/wp\/v2\/pages\/6512","targetHints":{"allow":["GET"]}}],"collection":[{"href":"https:\/\/elfsight.com\/pl\/wp-json\/wp\/v2\/pages"}],"about":[{"href":"https:\/\/elfsight.com\/pl\/wp-json\/wp\/v2\/types\/page"}],"author":[{"embeddable":true,"href":"https:\/\/elfsight.com\/pl\/wp-json\/wp\/v2\/users\/9"}],"replies":[{"embeddable":true,"href":"https:\/\/elfsight.com\/pl\/wp-json\/wp\/v2\/comments?post=6512"}],"version-history":[{"count":1,"href":"https:\/\/elfsight.com\/pl\/wp-json\/wp\/v2\/pages\/6512\/revisions"}],"predecessor-version":[{"id":6516,"href":"https:\/\/elfsight.com\/pl\/wp-json\/wp\/v2\/pages\/6512\/revisions\/6516"}],"up":[{"embeddable":true,"href":"https:\/\/elfsight.com\/pl\/wp-json\/wp\/v2\/pages\/637"}],"wp:attachment":[{"href":"https:\/\/elfsight.com\/pl\/wp-json\/wp\/v2\/media?parent=6512"}],"curies":[{"name":"wp","href":"https:\/\/api.w.org\/{rel}","templated":true}]}}