{"id":6509,"date":"2024-05-03T06:48:00","date_gmt":"2024-05-03T06:48:00","guid":{"rendered":"https:\/\/elfsight.com\/pl\/?page_id=6509"},"modified":"2024-11-14T08:51:20","modified_gmt":"2024-11-14T08:51:20","slug":"jquery","status":"publish","type":"page","link":"https:\/\/elfsight.com\/pl\/social-feed-widget\/jquery\/","title":{"rendered":"Social Feed &#8211; jQuery"},"content":{"rendered":"<div class=\"application-platform-content-item-description application-platform-content-item\" id=\"description\" data-nav-section=\"description\"> <h2>Opis<\/h2> <p>Kana\u0142 spo\u0142eczno\u015bciowy Elfsight dla jQuery to wtyczka s\u0142u\u017c\u0105ca do marketingu nie tylko przedmiot\u00f3w, ale tak\u017ce emocji i do\u015bwiadcze\u0144. Dzi\u0119ki niemu mo\u017cesz zbudowa\u0107 w\u0142asny kana\u0142 sk\u0142adaj\u0105cy si\u0119 z tre\u015bci z r\u00f3\u017cnych sieci: Instagram, Pinterest, Facebook, Twitter, Tumblr, YouTube, Vimeo &#8211; i zademonstrowa\u0107 go bezpo\u015brednio na swojej stronie. Stw\u00f3rz galeri\u0119 lub katalog produkt\u00f3w kilkoma klikni\u0119ciami! Ciesz si\u0119 pe\u0142n\u0105 kontrol\u0105 nad prezentowan\u0105 tre\u015bci\u0105 dzi\u0119ki kilku opcjom filtrowania i usuwaj spam oraz wszelkie niepo\u017c\u0105dane tre\u015bci za pomoc\u0105 r\u0119cznej moderacji. Ca\u0142kowicie responsywny edytor online udost\u0119pnia wiele szablon\u00f3w do wyboru. <\/p> <p><b>Wypr\u00f3buj Social Wall, aby osi\u0105gn\u0105\u0107 szczyty e-commerce przy mniejszym wysi\u0142ku! <\/b><\/p> <\/div> <div class=\"faq\" data-component=\"FAQ\"><div class=\"faq-item\">\r\n\t\t\t\t\t<div class=\"faq-item-question\">\r\n\t\t\t\t\t\t<h3 class=\"faq-item-question-text\">W jaki spos\u00f3b doda\u0107 kana\u0142 medi\u00f3w spo\u0142eczno\u015bciowych do jQuery?<\/h3>\r\n\r\n\t\t\t\t\t\t<div class=\"faq-item-question-icon\"><\/div>\r\n\t\t\t\t\t<\/div>\r\n\r\n\t\t\t\t\t<div class=\"faq-item-answer\">\r\n\t\t\t\t\t\t<div class=\"faq-item-answer-text\"><p>Tworzenie wid\u017cetu dzieje si\u0119 na stronach Elfsight i nie musisz uczy\u0107 si\u0119 kodowania. Skorzystaj z naszego aktywnego demo, aby stworzy\u0107 w\u0142asne narz\u0119dzie, uzyskaj kod i umie\u015b\u0107 go na swojej stronie. <\/p><\/div>\r\n\t\t\t\t\t<\/div>\r\n\t\t\t\t<\/div><div class=\"faq-item\">\r\n\t\t\t\t\t<div class=\"faq-item-question\">\r\n\t\t\t\t\t\t<h3 class=\"faq-item-question-text\">W jaki spos\u00f3b mog\u0119 uzyska\u0107 karuzel\u0119 medi\u00f3w spo\u0142eczno\u015bciowych lub kana\u0142 YouTube za pomoc\u0105 wtyczek Elfsight?<\/h3>\r\n\r\n\t\t\t\t\t\t<div class=\"faq-item-question-icon\"><\/div>\r\n\t\t\t\t\t<\/div>\r\n\r\n\t\t\t\t\t<div class=\"faq-item-answer\">\r\n\t\t\t\t\t\t<div class=\"faq-item-answer-text\"><p>Ma zastosowanie wiele szablon\u00f3w: siatka, galeria, mur , listy, kana\u0142y i wiele innych, a tak\u017ce elastyczne ustawienia uk\u0142adu, aby harmonizowa\u0107 z Twoimi warunkami. Mo\u017cesz stworzy\u0107 prawie ka\u017cdy widget, kt\u00f3rego Ci brakuje. <\/p><\/div>\r\n\t\t\t\t\t<\/div>\r\n\t\t\t\t<\/div><div class=\"faq-item\">\r\n\t\t\t\t\t<div class=\"faq-item-question\">\r\n\t\t\t\t\t\t<h3 class=\"faq-item-question-text\">Dlaczego m\u00f3j kana\u0142 na \u015bcianie spo\u0142eczno\u015bciowej nie dzia\u0142a\/nie jest aktualizowany?<\/h3>\r\n\r\n\t\t\t\t\t\t<div class=\"faq-item-question-icon\"><\/div>\r\n\t\t\t\t\t<\/div>\r\n\r\n\t\t\t\t\t<div class=\"faq-item-answer\">\r\n\t\t\t\t\t\t<div class=\"faq-item-answer-text\"><p>Gdy tylko pojawi\u0105 si\u0119 jakiekolwiek problemy z wid\u017cetami medi\u00f3w spo\u0142eczno\u015bciowych, skontaktuj si\u0119 z zesp\u00f3\u0142 obs\u0142ugi klienta. Wsparcie jest ca\u0142kowicie bezp\u0142atne dla wszystkich klient\u00f3w Elfsight. <\/p><\/div>\r\n\t\t\t\t\t<\/div>\r\n\t\t\t\t<\/div><\/div><div class=\"application-platform-content-item-features application-platform-content-item\" id=\"features\" data-nav-section=\"features\"> <h2>Podstawowe funkcje widgetu obejmuj\u0105<\/h2> <ul><li>Wy\u015bwietlanie tre\u015bci z wielu medi\u00f3w spo\u0142eczno\u015bciowych. <\/li><li>Usu\u0144 wszelki spam i niechciane tre\u015bci za pomoc\u0105 r\u0119cznego trybu moderacji. <\/li><li>Ustaw przycisk Obserwuj w kanale wid\u017cetu. <\/li><li>Pozw\u00f3l, aby Twoje posty pojawia\u0142y si\u0119 w wyskakuj\u0105cych okienkach. <\/li><\/ul><p><a href=\"#demo\">Wystarczy wypr\u00f3bowa\u0107 t\u0119 wersj\u0119 demonstracyjn\u0105, aby uzyska\u0107 pe\u0142ny obraz<\/a><\/p> <\/div> <div class=\"application-platform-content-item-installation application-platform-content-item\" id=\"installation\" data-nav-section=\"installation\"> <h2>Jak osadzi\u0107 wtyczk\u0119 Social Media Feed na mojej witrynie jQuery? <\/h2> <p>Wystarczy spe\u0142ni\u0107 poni\u017csze wskaz\u00f3wki, aby doda\u0107 wid\u017cet. <\/p> <ol><li><b>Zarz\u0105dzaj naszym bezp\u0142atnym konfiguratorem i zacznij tworzy\u0107 swoj\u0105 unikaln\u0105 wtyczk\u0119. <\/b><br> Znajd\u017a wybrany wygl\u0105d i opcje wtyczki i zastosuj modyfikacje. <\/li> <li><b>Skopiuj sw\u00f3j indywidualny kod pokazany w polu w aplikacjach Elfsight. <\/b><br> Po zako\u0144czeniu generowania wid\u017cetu skopiuj indywidualny kod z wy\u015bwietlonego wyskakuj\u0105cego okienka i zachowaj go do p\u00f3\u017aniejszego wykorzystania. <\/li> <li><b>Zaanga\u017cuj si\u0119 w korzystanie z wtyczki Social Wall w witrynie jQuery. <\/b><br> Zintegruj skopiowany wcze\u015bniej kod ze swoj\u0105 stron\u0105 i zastosuj zmiany. <\/li> <li><b>Gotowe! Konfiguracja zosta\u0142a pomy\u015blnie zako\u0144czona. <\/b><br> Odwied\u017a swoj\u0105 stron\u0119 internetow\u0105, aby przyjrze\u0107 si\u0119 dzia\u0142aniu widgetu. <\/li><\/ol> <p>Je\u015bli napotkasz jakiekolwiek przeszkody, nie wahaj si\u0119 napisa\u0107 do naszego zespo\u0142u wsparcia. Nasi konsultanci z przyjemno\u015bci\u0105 pomog\u0105 Ci we wszystkich trudno\u015bciach, jakie mo\u017cesz napotka\u0107 w zwi\u0105zku z produktem. <\/p> <\/div>","protected":false},"excerpt":{"rendered":"","protected":false},"author":9,"featured_media":0,"parent":637,"menu_order":0,"comment_status":"closed","ping_status":"closed","template":"templates\/template-application-platform.php","meta":{"publish_to_discourse":"","publish_post_category":"","wpdc_auto_publish_overridden":"","wpdc_topic_tags":"","wpdc_pin_topic":"","wpdc_pin_until":"","discourse_post_id":"","discourse_permalink":"","wpdc_publishing_response":"","wpdc_publishing_error":"","footnotes":""},"class_list":["post-6509","page","type-page","status-publish","hentry"],"yoast_head":"<!-- This site is optimized with the Yoast SEO plugin v25.3.1 - https:\/\/yoast.com\/wordpress\/plugins\/seo\/ -->\n<title>Dodaj wtyczk\u0119 Social Wall do strony jQuery (szybko i za darmo)<\/title>\n<meta name=\"description\" content=\"Zintegruj przyjazn\u0105 dla u\u017cytkownika wtyczk\u0119 jQuery Social Feed ze swoj\u0105 witryn\u0105 jQuery. Wypr\u00f3buj por\u0119czne demo Elfsight i stw\u00f3rz stylow\u0105 wtyczk\u0119 Social Wall]\" \/>\n<meta name=\"robots\" content=\"index, follow, max-snippet:-1, max-image-preview:large, max-video-preview:-1\" \/>\n<link rel=\"canonical\" href=\"https:\/\/elfsight.com\/pl\/social-feed-widget\/jquery\/\" \/>\n<meta property=\"og:locale\" content=\"pl_PL\" \/>\n<meta property=\"og:type\" content=\"article\" \/>\n<meta property=\"og:title\" content=\"Dodaj wtyczk\u0119 Social Wall do strony jQuery (szybko i za darmo)\" \/>\n<meta property=\"og:description\" content=\"Zintegruj przyjazn\u0105 dla u\u017cytkownika wtyczk\u0119 jQuery Social Feed ze swoj\u0105 witryn\u0105 jQuery. Wypr\u00f3buj por\u0119czne demo Elfsight i stw\u00f3rz stylow\u0105 wtyczk\u0119 Social Wall]\" \/>\n<meta property=\"og:url\" content=\"https:\/\/elfsight.com\/pl\/social-feed-widget\/jquery\/\" \/>\n<meta property=\"og:site_name\" content=\"Elfsight PL\" \/>\n<meta property=\"article:modified_time\" content=\"2024-11-14T08:51:20+00:00\" \/>\n<meta name=\"twitter:card\" content=\"summary_large_image\" \/>\n<meta name=\"twitter:label1\" content=\"Szacowany czas czytania\" \/>\n\t<meta name=\"twitter:data1\" content=\"3 minuty\" \/>\n<!-- \/ Yoast SEO plugin. -->","yoast_head_json":{"title":"Dodaj wtyczk\u0119 Social Wall do strony jQuery (szybko i za darmo)","description":"Zintegruj przyjazn\u0105 dla u\u017cytkownika wtyczk\u0119 jQuery Social Feed ze swoj\u0105 witryn\u0105 jQuery. Wypr\u00f3buj por\u0119czne demo Elfsight i stw\u00f3rz stylow\u0105 wtyczk\u0119 Social Wall]","robots":{"index":"index","follow":"follow","max-snippet":"max-snippet:-1","max-image-preview":"max-image-preview:large","max-video-preview":"max-video-preview:-1"},"canonical":"https:\/\/elfsight.com\/pl\/social-feed-widget\/jquery\/","og_locale":"pl_PL","og_type":"article","og_title":"Dodaj wtyczk\u0119 Social Wall do strony jQuery (szybko i za darmo)","og_description":"Zintegruj przyjazn\u0105 dla u\u017cytkownika wtyczk\u0119 jQuery Social Feed ze swoj\u0105 witryn\u0105 jQuery. Wypr\u00f3buj por\u0119czne demo Elfsight i stw\u00f3rz stylow\u0105 wtyczk\u0119 Social Wall]","og_url":"https:\/\/elfsight.com\/pl\/social-feed-widget\/jquery\/","og_site_name":"Elfsight PL","article_modified_time":"2024-11-14T08:51:20+00:00","twitter_card":"summary_large_image","twitter_misc":{"Szacowany czas czytania":"3 minuty"},"schema":{"@context":"https:\/\/schema.org","@graph":[{"@type":"WebPage","@id":"https:\/\/elfsight.com\/pl\/social-feed-widget\/jquery\/","url":"https:\/\/elfsight.com\/pl\/social-feed-widget\/jquery\/","name":"Dodaj wtyczk\u0119 Social Wall do strony jQuery (szybko i za darmo)","isPartOf":{"@id":"https:\/\/elfsight.com\/pl\/#website"},"datePublished":"2024-05-03T06:48:00+00:00","dateModified":"2024-11-14T08:51:20+00:00","description":"Zintegruj przyjazn\u0105 dla u\u017cytkownika wtyczk\u0119 jQuery Social Feed ze swoj\u0105 witryn\u0105 jQuery. Wypr\u00f3buj por\u0119czne demo Elfsight i stw\u00f3rz stylow\u0105 wtyczk\u0119 Social Wall]","breadcrumb":{"@id":"https:\/\/elfsight.com\/pl\/social-feed-widget\/jquery\/#breadcrumb"},"inLanguage":"pl-PL","potentialAction":[{"@type":"ReadAction","target":["https:\/\/elfsight.com\/pl\/social-feed-widget\/jquery\/"]}]},{"@type":"BreadcrumbList","@id":"https:\/\/elfsight.com\/pl\/social-feed-widget\/jquery\/#breadcrumb","itemListElement":[{"@type":"ListItem","position":1,"name":"Home","item":"https:\/\/elfsight.com\/pl\/"},{"@type":"ListItem","position":2,"name":"Social Feed","item":"https:\/\/elfsight.com\/pl\/social-feed-widget\/"},{"@type":"ListItem","position":3,"name":"Social Feed &#8211; jQuery"}]},{"@type":"WebSite","@id":"https:\/\/elfsight.com\/pl\/#website","url":"https:\/\/elfsight.com\/pl\/","name":"Elfsight PL","description":"Just another Elfsight Sites site","potentialAction":[{"@type":"SearchAction","target":{"@type":"EntryPoint","urlTemplate":"https:\/\/elfsight.com\/pl\/?s={search_term_string}"},"query-input":{"@type":"PropertyValueSpecification","valueRequired":true,"valueName":"search_term_string"}}],"inLanguage":"pl-PL"}]}},"meta_box":{"industry":"","seo_heading":"","heading":"","description":"","cta_heading":"","cta_description":"","application":"636","h1":"Wtyczka jQuery Kana\u0142 medi\u00f3w spo\u0142eczno\u015bciowych","h1_caption":"Agreguj tre\u015bci z wielu platform medi\u00f3w spo\u0142eczno\u015bciowych w jeden dynamiczny kana\u0142, dzi\u0119ki czemu odwiedzaj\u0105cy b\u0119d\u0105 mogli bez wysi\u0142ku dostarcza\u0107 \u015bwie\u017ce i anga\u017cuj\u0105ce tre\u015bci do Twojej witryny jQuery.","application_category":[],"applications_title":"","applications_request_title":"","applications_request_button_text":"","hero_text":"","hero_video":"","hero_video_schema_markup":"","selling_points_title":"","selling_points_caption":"","selling_points":[],"selling_points_cta_text":"","features_title":"","features":"","ed_cta_examples_text":"","ed_cta_examples_hidden":"","ed_cta_demo_text":"","ed_cta_demo_hidden":"","why_caption":"","why_editor_title":"","why_editor_text":"","why_team_title":"","why_team_text":"","why_service_title":"","why_service_text":"","template_catalog_visible":"","template_catalog_title":"","template_catalog_text":"","template_catalog_categories_visible":"","demo_title":"Utw\u00f3rz wtyczk\u0119 kana\u0142u spo\u0142eczno\u015bciowego","demo_caption":"Skonfiguruj sw\u00f3j kana\u0142 spo\u0142eczno\u015bciowy i dodaj go do swojej witryny jQuery za darmo!","default_faq_hidden":"","app_template_category":[],"platform":"56","template_public_id":"","codecanyon_url":"","codecanyon_item_id":"","codecanyon_price":"","pricing_caption":"","pricing_elfsight_apps_hide_column":"","pricing_elfsight_apps_url":"","pricing_codecanyon_price_caption":"","integration_category":[],"integration_request_title":"","integration_request_cta":"","integration_platform":"","integrations":[],"platform_category":[],"video_schema_markup":"","price":"od 0 USD \/ miesi\u0105c","trial":"","benefits":[{"text":"Bezp\u0142atna pomoc w monta\u017cu"},{"text":"Wsparcie premium"},{"text":"14-dniowa gwarancja zwrotu pieni\u0119dzy"},{"text":"Regularne bezp\u0142atne aktualizacje"}],"button_url":"#demo","button_target_blank":"","button_nofollow":"","attributes":[{"name":"Instaluje"},{"name":"Czu\u0142y"},{"name":"Kompatybilne przegl\u0105darki"}],"tags":[],"tags_disable_links":"","hide_more_platforms":"","video_object":"","demo_hide_cta":"","demo_hide_cloud_options":"","pricing_title":"","pricing":[{"pricing_icon":"platform","pricing_title":"Elfsight Apps","pricing_title_caption":"Wersja wieloplatformowa","pricing_price":"od 0 USD \/ miesi\u0105c","pricing_price_caption":"zacznij od bezp\u0142atnego planu","pricing_benefits":[{"text":"Nielimitowane domeny"},{"text":"Wsparcie firmy premium"},{"text":"Bezp\u0142atna pomoc w monta\u017cu"},{"text":"Oferta ograniczona czasowo dla wielu aplikacji"}],"pricing_button_text":"Dodaj do witryny","pricing_button_url":"#demo"}],"related_apps_title":"","related_apps_hidden":"","author":"","image":[],"title":"","job":"","social_networks":[]},"_links":{"self":[{"href":"https:\/\/elfsight.com\/pl\/wp-json\/wp\/v2\/pages\/6509","targetHints":{"allow":["GET"]}}],"collection":[{"href":"https:\/\/elfsight.com\/pl\/wp-json\/wp\/v2\/pages"}],"about":[{"href":"https:\/\/elfsight.com\/pl\/wp-json\/wp\/v2\/types\/page"}],"author":[{"embeddable":true,"href":"https:\/\/elfsight.com\/pl\/wp-json\/wp\/v2\/users\/9"}],"replies":[{"embeddable":true,"href":"https:\/\/elfsight.com\/pl\/wp-json\/wp\/v2\/comments?post=6509"}],"version-history":[{"count":1,"href":"https:\/\/elfsight.com\/pl\/wp-json\/wp\/v2\/pages\/6509\/revisions"}],"predecessor-version":[{"id":6513,"href":"https:\/\/elfsight.com\/pl\/wp-json\/wp\/v2\/pages\/6509\/revisions\/6513"}],"up":[{"embeddable":true,"href":"https:\/\/elfsight.com\/pl\/wp-json\/wp\/v2\/pages\/637"}],"wp:attachment":[{"href":"https:\/\/elfsight.com\/pl\/wp-json\/wp\/v2\/media?parent=6509"}],"curies":[{"name":"wp","href":"https:\/\/api.w.org\/{rel}","templated":true}]}}