{"id":6503,"date":"1970-01-01T00:00:00","date_gmt":"1970-01-01T00:00:00","guid":{"rendered":"https:\/\/elfsight.com\/pl\/?page_id=6503"},"modified":"2024-11-14T08:51:20","modified_gmt":"2024-11-14T08:51:20","slug":"iframe","status":"publish","type":"page","link":"https:\/\/elfsight.com\/pl\/social-feed-widget\/iframe\/","title":{"rendered":"Social Feed &#8211; iFrame"},"content":{"rendered":"<div class=\"application-platform-content-item-description application-platform-content-item\" id=\"description\" data-nav-section=\"description\"> <h2>Osad\u017a kana\u0142 spo\u0142eczno\u015bciowy w iFrame za pomoc\u0105 wid\u017cetu Elfsight<\/h2> <p>Kana\u0142 spo\u0142eczno\u015bciowy Elfsight dla iFrame to wid\u017cet s\u0142u\u017c\u0105cy do sprzeda\u017cy nie tylko przedmiot\u00f3w , ale emocje i prze\u017cycia. Dzi\u0119ki niemu mo\u017cesz zbudowa\u0107 indywidualny kana\u0142 sk\u0142adaj\u0105cy si\u0119 z tre\u015bci z wielu \u017ar\u00f3de\u0142: Instagram, Pinterest, Facebook, Twitter, Tumblr, YouTube, Vimeo &#8211; i pokaza\u0107 go bezpo\u015brednio na swojej stronie. Zbuduj galeri\u0119 lub katalog produkt\u00f3w w 1-2-3! Przejmij pe\u0142n\u0105 kontrol\u0119 nad prezentowan\u0105 tre\u015bci\u0105 dzi\u0119ki wielu opcjom filtrowania i usu\u0144 spam oraz wszelkie niechciane tre\u015bci poprzez r\u0119czn\u0105 moderacj\u0119. W pe\u0142ni responsywny konfigurator online udost\u0119pnia r\u00f3\u017cne szablony do wyboru. <\/p> <p><b>Zwi\u0119ksz skuteczno\u015b\u0107 swojej witryny w osi\u0105ganiu cel\u00f3w biznesowych dzi\u0119ki \u015bcianie spo\u0142eczno\u015bciowej<\/b><\/p> <\/div> <div class=\"application-platform-content-item-features application-platform-content-item\" id=\"features\" data-nav-section=\"features\"> <h2>Najwa\u017cniejsze funkcje widgetu obejmuj\u0105 <\/h2> <ul><li>Zaprezentuj swoje tre\u015bci w mediach spo\u0142eczno\u015bciowych z r\u00f3\u017cnych \u017ar\u00f3de\u0142. <\/li><li>Pozb\u0105d\u017a si\u0119 spamu i niepo\u017c\u0105danych tre\u015bci, korzystaj\u0105c z r\u0119cznego trybu moderacji. <\/li><li>Umie\u015b\u0107 przycisk Obserwuj w kanale wid\u017cetu. <\/li><li>Pozw\u00f3l swoim postom wy\u015bwietla\u0107 si\u0119 w trybie wyskakuj\u0105cym. <\/li><\/ul><p><a href=\"#demo\">Sprawd\u017a wszystkie ustawienia w 100% funkcjonalnej wersji demonstracyjnej<\/a><\/p> <\/div> <div class=\"application-platform-content-item-installation application-platform-content-item\" id=\"installation\" data-nav-section=\"installation\"> <h2>Jak osadzi\u0107 wid\u017cet Kana\u0142 medi\u00f3w spo\u0142eczno\u015bciowych w mojej witrynie iFrame? <\/h2> <p>Wystarczy wykona\u0107 poni\u017csze kroki, aby zintegrowa\u0107 wtyczk\u0119. <\/p> <ol><li><b>Wykonaj nasz darmowy edytor i zacznij tworzy\u0107 sw\u00f3j w\u0142asny instrument. <\/b><br> Okre\u015bl wybrany wygl\u0105d i cechy funkcjonalne wid\u017cetu i zastosuj poprawki. <\/li> <li><b>Odbierz sw\u00f3j unikalny kod pokazany w polu w aplikacjach Elfsight. <\/b><br> Zaraz po zako\u0144czeniu tworzenia wid\u017cetu skopiuj kod osobisty z wy\u015bwietlonego okna i zachowaj go do dalszego wykorzystania. <\/li> <li><b>Zacznij korzysta\u0107 z wid\u017cetu \u015aciana spo\u0142eczno\u015bciowa na swojej stronie g\u0142\u00f3wnej iFrame. <\/b><br> Dodaj skopiowany wcze\u015bniej kod na swoj\u0105 stron\u0119 i zapisz zmiany. <\/li> <li><b>Instalacja zosta\u0142a ca\u0142kowicie zako\u0144czona. <\/b><br> Przejd\u017a do swojej witryny, aby sprawdzi\u0107 dzia\u0142anie wtyczki. <\/li><\/ol> <p>W przypadku pyta\u0144 lub komplikacji nie wahaj si\u0119 skontaktowa\u0107 z naszym zespo\u0142em obs\u0142ugi klienta. Nasi specjali\u015bci ch\u0119tnie pomog\u0105 Ci we wszystkich trudno\u015bciach, jakie mo\u017cesz mie\u0107 z wtyczk\u0105. <\/p> <\/div><div class=\"faq\" data-component=\"FAQ\"><div class=\"faq-item\">\r\n\t\t\t\t\t<div class=\"faq-item-question\">\r\n\t\t\t\t\t\t<h3 class=\"faq-item-question-text\">Jak doda\u0107 kana\u0142 spo\u0142eczno\u015bciowy do mojej ramki iFrame bez znajomo\u015bci kodowania?<\/h3>\r\n\r\n\t\t\t\t\t\t<div class=\"faq-item-question-icon\"><\/div>\r\n\t\t\t\t\t<\/div>\r\n\r\n\t\t\t\t\t<div class=\"faq-item-answer\">\r\n\t\t\t\t\t\t<div class=\"faq-item-answer-text\"><p>Firma Elfsight oferuje rozwi\u0105zanie, kt\u00f3re pozwala sam tworzysz wtyczk\u0119 kana\u0142u spo\u0142eczno\u015bciowego, zapoznaj si\u0119 z nieskomplikowanymi instrukcjami: <\/p><ul><li>Rozpocznij prac\u0119 w edytorze online, aby utworzy\u0107 wtyczk\u0119 kana\u0142u spo\u0142eczno\u015bciowego, kt\u00f3r\u0105 chcesz zobaczy\u0107 w swojej ramce iFrame.<\/li><li>Wybierz jeden z naszych wst\u0119pnie zaprojektowanych szablon\u00f3w i dostosuj ustawienia kana\u0142u spo\u0142eczno\u015bciowego, do\u0142\u0105cz swoj\u0105 tre\u015b\u0107, zmie\u0144 uk\u0142ad i schemat kolor\u00f3w bez znajomo\u015bci kodowania.<\/li><li>Kliknij, aby zapisa\u0107 kana\u0142 spo\u0142eczno\u015bciowy i uzyska\u0107 kod wtyczki do umieszczenia , kt\u00f3re mo\u017cna po prostu bezp\u0142atnie doda\u0107 do swojej strony internetowej iFrame.<\/li><\/ul><p>Dzi\u0119ki naszemu intuicyjnemu edytorowi ka\u017cdy u\u017cytkownik sieci mo\u017ce utworzy\u0107 aplikacj\u0119 Social Feed i \u0142atwo wklei\u0107 j\u0105 na dowoln\u0105 stron\u0119 internetow\u0105 iFrame. Aby skorzysta\u0107 z us\u0142ugi, nie trzeba p\u0142aci\u0107 ani wprowadza\u0107 danych uwierzytelniaj\u0105cych karty. Je\u015bli napotkasz jakiekolwiek przeszkody, \u015bmia\u0142o porozmawiaj z nasz\u0105 techniczn\u0105 obs\u0142ug\u0105 klienta.<\/p><\/div>\r\n\t\t\t\t\t<\/div>\r\n\t\t\t\t<\/div><\/div>","protected":false},"excerpt":{"rendered":"","protected":false},"author":9,"featured_media":0,"parent":637,"menu_order":0,"comment_status":"closed","ping_status":"closed","template":"templates\/template-application-platform.php","meta":{"publish_to_discourse":"","publish_post_category":"","wpdc_auto_publish_overridden":"","wpdc_topic_tags":"","wpdc_pin_topic":"","wpdc_pin_until":"","discourse_post_id":"","discourse_permalink":"","wpdc_publishing_response":"","wpdc_publishing_error":"","footnotes":""},"class_list":["post-6503","page","type-page","status-publish","hentry"],"yoast_head":"<!-- This site is optimized with the Yoast SEO plugin v25.3.1 - https:\/\/yoast.com\/wordpress\/plugins\/seo\/ -->\n<title>Dodaj wid\u017cet Social Wall do witryny iFrame (szybko i bezp\u0142atnie)<\/title>\n<meta name=\"description\" content=\"Umie\u015b\u0107 przyjazny dla u\u017cytkownika wid\u017cet kana\u0142u spo\u0142eczno\u015bciowego iFrame w swojej witrynie iFrame. Wypr\u00f3buj por\u0119czn\u0105 wersj\u0119 demonstracyjn\u0105 Elfsight i wygeneruj wspania\u0142y wid\u017cet \u015bciany spo\u0142eczno\u015bciowej.\" \/>\n<meta name=\"robots\" content=\"index, follow, max-snippet:-1, max-image-preview:large, max-video-preview:-1\" \/>\n<link rel=\"canonical\" href=\"https:\/\/elfsight.com\/pl\/social-feed-widget\/iframe\/\" \/>\n<meta property=\"og:locale\" content=\"pl_PL\" \/>\n<meta property=\"og:type\" content=\"article\" \/>\n<meta property=\"og:title\" content=\"Dodaj wid\u017cet Social Wall do witryny iFrame (szybko i bezp\u0142atnie)\" \/>\n<meta property=\"og:description\" content=\"Umie\u015b\u0107 przyjazny dla u\u017cytkownika wid\u017cet kana\u0142u spo\u0142eczno\u015bciowego iFrame w swojej witrynie iFrame. Wypr\u00f3buj por\u0119czn\u0105 wersj\u0119 demonstracyjn\u0105 Elfsight i wygeneruj wspania\u0142y wid\u017cet \u015bciany spo\u0142eczno\u015bciowej.\" \/>\n<meta property=\"og:url\" content=\"https:\/\/elfsight.com\/pl\/social-feed-widget\/iframe\/\" \/>\n<meta property=\"og:site_name\" content=\"Elfsight PL\" \/>\n<meta property=\"article:modified_time\" content=\"2024-11-14T08:51:20+00:00\" \/>\n<meta name=\"twitter:card\" content=\"summary_large_image\" \/>\n<meta name=\"twitter:label1\" content=\"Szacowany czas czytania\" \/>\n\t<meta name=\"twitter:data1\" content=\"3 minuty\" \/>\n<!-- \/ Yoast SEO plugin. -->","yoast_head_json":{"title":"Dodaj wid\u017cet Social Wall do witryny iFrame (szybko i bezp\u0142atnie)","description":"Umie\u015b\u0107 przyjazny dla u\u017cytkownika wid\u017cet kana\u0142u spo\u0142eczno\u015bciowego iFrame w swojej witrynie iFrame. Wypr\u00f3buj por\u0119czn\u0105 wersj\u0119 demonstracyjn\u0105 Elfsight i wygeneruj wspania\u0142y wid\u017cet \u015bciany spo\u0142eczno\u015bciowej.","robots":{"index":"index","follow":"follow","max-snippet":"max-snippet:-1","max-image-preview":"max-image-preview:large","max-video-preview":"max-video-preview:-1"},"canonical":"https:\/\/elfsight.com\/pl\/social-feed-widget\/iframe\/","og_locale":"pl_PL","og_type":"article","og_title":"Dodaj wid\u017cet Social Wall do witryny iFrame (szybko i bezp\u0142atnie)","og_description":"Umie\u015b\u0107 przyjazny dla u\u017cytkownika wid\u017cet kana\u0142u spo\u0142eczno\u015bciowego iFrame w swojej witrynie iFrame. Wypr\u00f3buj por\u0119czn\u0105 wersj\u0119 demonstracyjn\u0105 Elfsight i wygeneruj wspania\u0142y wid\u017cet \u015bciany spo\u0142eczno\u015bciowej.","og_url":"https:\/\/elfsight.com\/pl\/social-feed-widget\/iframe\/","og_site_name":"Elfsight PL","article_modified_time":"2024-11-14T08:51:20+00:00","twitter_card":"summary_large_image","twitter_misc":{"Szacowany czas czytania":"3 minuty"},"schema":{"@context":"https:\/\/schema.org","@graph":[{"@type":"WebPage","@id":"https:\/\/elfsight.com\/pl\/social-feed-widget\/iframe\/","url":"https:\/\/elfsight.com\/pl\/social-feed-widget\/iframe\/","name":"Dodaj wid\u017cet Social Wall do witryny iFrame (szybko i bezp\u0142atnie)","isPartOf":{"@id":"https:\/\/elfsight.com\/pl\/#website"},"datePublished":"1970-01-01T00:00:00+00:00","dateModified":"2024-11-14T08:51:20+00:00","description":"Umie\u015b\u0107 przyjazny dla u\u017cytkownika wid\u017cet kana\u0142u spo\u0142eczno\u015bciowego iFrame w swojej witrynie iFrame. Wypr\u00f3buj por\u0119czn\u0105 wersj\u0119 demonstracyjn\u0105 Elfsight i wygeneruj wspania\u0142y wid\u017cet \u015bciany spo\u0142eczno\u015bciowej.","breadcrumb":{"@id":"https:\/\/elfsight.com\/pl\/social-feed-widget\/iframe\/#breadcrumb"},"inLanguage":"pl-PL","potentialAction":[{"@type":"ReadAction","target":["https:\/\/elfsight.com\/pl\/social-feed-widget\/iframe\/"]}]},{"@type":"BreadcrumbList","@id":"https:\/\/elfsight.com\/pl\/social-feed-widget\/iframe\/#breadcrumb","itemListElement":[{"@type":"ListItem","position":1,"name":"Home","item":"https:\/\/elfsight.com\/pl\/"},{"@type":"ListItem","position":2,"name":"Social Feed","item":"https:\/\/elfsight.com\/pl\/social-feed-widget\/"},{"@type":"ListItem","position":3,"name":"Social Feed &#8211; iFrame"}]},{"@type":"WebSite","@id":"https:\/\/elfsight.com\/pl\/#website","url":"https:\/\/elfsight.com\/pl\/","name":"Elfsight PL","description":"Just another Elfsight Sites site","potentialAction":[{"@type":"SearchAction","target":{"@type":"EntryPoint","urlTemplate":"https:\/\/elfsight.com\/pl\/?s={search_term_string}"},"query-input":{"@type":"PropertyValueSpecification","valueRequired":true,"valueName":"search_term_string"}}],"inLanguage":"pl-PL"}]}},"meta_box":{"industry":"","seo_heading":"","heading":"","description":"","cta_heading":"","cta_description":"","application":"636","h1":"Wid\u017cet kana\u0142u spo\u0142eczno\u015bciowego iFrame","h1_caption":"Agreguj tre\u015bci z wielu platform medi\u00f3w spo\u0142eczno\u015bciowych w jeden dynamiczny kana\u0142, dzi\u0119ki czemu odwiedzaj\u0105cy b\u0119d\u0105 mogli bez wysi\u0142ku wy\u015bwietla\u0107 \u015bwie\u017ce i anga\u017cuj\u0105ce tre\u015bci w witrynie iFrame.","application_category":[],"applications_title":"","applications_request_title":"","applications_request_button_text":"","hero_text":"","hero_video":"","hero_video_schema_markup":"","selling_points_title":"","selling_points_caption":"","selling_points":[],"selling_points_cta_text":"","features_title":"","features":"","ed_cta_examples_text":"","ed_cta_examples_hidden":"","ed_cta_demo_text":"","ed_cta_demo_hidden":"","why_caption":"","why_editor_title":"","why_editor_text":"","why_team_title":"","why_team_text":"","why_service_title":"","why_service_text":"","template_catalog_visible":"","template_catalog_title":"","template_catalog_text":"","template_catalog_categories_visible":"","demo_title":"Utw\u00f3rz wid\u017cet kana\u0142u spo\u0142eczno\u015bciowego","demo_caption":"Skonfiguruj sw\u00f3j kana\u0142 spo\u0142eczno\u015bciowy i dodaj go do swojej witryny iFrame za darmo!","default_faq_hidden":"","app_template_category":[],"platform":"187","template_public_id":"","codecanyon_url":"","codecanyon_item_id":"","codecanyon_price":"","pricing_caption":"","pricing_elfsight_apps_hide_column":"","pricing_elfsight_apps_url":"","pricing_codecanyon_price_caption":"","integration_category":[],"integration_request_title":"","integration_request_cta":"","integration_platform":"","integrations":[],"platform_category":[],"video_schema_markup":"","price":"od 0 USD \/ miesi\u0105c","trial":"","benefits":[{"text":"Bezp\u0142atna pomoc w instalacji"},{"text":"Do\u015bwiadczona obs\u0142uga klienta"},{"text":"14-dniowa gwarancja zwrotu pieni\u0119dzy"}],"button_url":"#demo","button_target_blank":"","button_nofollow":"","attributes":[{"name":"Instaluje"},{"name":"Czu\u0142y"},{"name":"Kompatybilne przegl\u0105darki"}],"tags":[],"tags_disable_links":"","hide_more_platforms":"","video_object":"","demo_hide_cta":"","demo_hide_cloud_options":"","pricing_title":"","pricing":[{"pricing_icon":"platform","pricing_title":"Elfsight Apps","pricing_title_caption":"Niezale\u017cne od platformy rozwi\u0105zanie cyfrowe, kt\u00f3re pasuje do ka\u017cdej witryny","pricing_price":"od 0 USD \/ miesi\u0105c","pricing_price_caption":"zacznij od bezp\u0142atnego planu","pricing_benefits":[{"text":"Nielimitowane domeny"},{"text":"Szybka obs\u0142uga klienta"},{"text":"Bezp\u0142atna pomoc w instalacji"},{"text":"Cena do z\u0142apania dla wielu aplikacji"}],"pricing_button_text":"Dodaj do witryny","pricing_button_url":"#demo"}],"related_apps_title":"","related_apps_hidden":"","author":"","image":[],"title":"","job":"","social_networks":[]},"_links":{"self":[{"href":"https:\/\/elfsight.com\/pl\/wp-json\/wp\/v2\/pages\/6503","targetHints":{"allow":["GET"]}}],"collection":[{"href":"https:\/\/elfsight.com\/pl\/wp-json\/wp\/v2\/pages"}],"about":[{"href":"https:\/\/elfsight.com\/pl\/wp-json\/wp\/v2\/types\/page"}],"author":[{"embeddable":true,"href":"https:\/\/elfsight.com\/pl\/wp-json\/wp\/v2\/users\/9"}],"replies":[{"embeddable":true,"href":"https:\/\/elfsight.com\/pl\/wp-json\/wp\/v2\/comments?post=6503"}],"version-history":[{"count":1,"href":"https:\/\/elfsight.com\/pl\/wp-json\/wp\/v2\/pages\/6503\/revisions"}],"predecessor-version":[{"id":6507,"href":"https:\/\/elfsight.com\/pl\/wp-json\/wp\/v2\/pages\/6503\/revisions\/6507"}],"up":[{"embeddable":true,"href":"https:\/\/elfsight.com\/pl\/wp-json\/wp\/v2\/pages\/637"}],"wp:attachment":[{"href":"https:\/\/elfsight.com\/pl\/wp-json\/wp\/v2\/media?parent=6503"}],"curies":[{"name":"wp","href":"https:\/\/api.w.org\/{rel}","templated":true}]}}