{"id":6501,"date":"1970-01-01T00:00:00","date_gmt":"1970-01-01T00:00:00","guid":{"rendered":"https:\/\/elfsight.com\/pl\/?page_id=6501"},"modified":"2024-11-14T08:51:12","modified_gmt":"2024-11-14T08:51:12","slug":"html","status":"publish","type":"page","link":"https:\/\/elfsight.com\/pl\/social-feed-widget\/html\/","title":{"rendered":"Social Feed &#8211; HTML"},"content":{"rendered":"<div class=\"application-platform-content-item-description application-platform-content-item\" id=\"description\" data-nav-section=\"description\"> <h2>Opis<\/h2> <p>Kana\u0142 spo\u0142eczno\u015bciowy Elfsight w formacie HTML to unikalny widget s\u0142u\u017c\u0105cy do promowania nie tylko towar\u00f3w, ale tak\u017ce emocji i do\u015bwiadcze\u0144. Dzi\u0119ki kana\u0142owi medi\u00f3w spo\u0142eczno\u015bciowych mo\u017cesz tworzy\u0107 niestandardowe kana\u0142y sk\u0142adaj\u0105ce si\u0119 z tre\u015bci z r\u00f3\u017cnych \u017ar\u00f3de\u0142: Instagram, Pinterest, Facebook, Twitter, Tumblr, YouTube, Vimeo \u2013 i wy\u015bwietla\u0107 je bezpo\u015brednio na swojej stronie. Stw\u00f3rz galeri\u0119 lub katalog produkt\u00f3w kilkoma klikni\u0119ciami! Ciesz si\u0119 ca\u0142kowit\u0105 kontrol\u0105 nad tre\u015bciami prezentowanymi w mediach spo\u0142eczno\u015bciowych dzi\u0119ki licznym opcjom filtrowania i eliminuj spam oraz wszelkie niepo\u017c\u0105dane tre\u015bci za pomoc\u0105 r\u0119cznej moderacji. Ca\u0142kowicie responsywny konfigurator online udost\u0119pnia wiele szablon\u00f3w do wyboru.<\/p> <p><b>Zwi\u0119ksz skuteczno\u015b\u0107 swojej witryny internetowej dla cel\u00f3w biznesowych dzi\u0119ki \u015bcianie spo\u0142eczno\u015bciowej<\/b><\/p> <\/div> <div class=\"application-platform-content-item- funkcje application-platform-content-item\" id=\" funkcje\" data-nav-section=\" funkcje\"> <h2>Oto g\u0142\u00f3wne funkcje wid\u017cetu: <\/h2> <ul><li>Zaprezentuj swoje tre\u015bci w mediach spo\u0142eczno\u015bciowych z wielu \u017ar\u00f3de\u0142. <\/li><li>Usu\u0144 wszelki spam i niepo\u017c\u0105dane tre\u015bci, korzystaj\u0105c z r\u0119cznego trybu moderacji. <\/li><li>Ustaw przycisk Obserwuj na kartach wid\u017cet\u00f3w. <\/li><li>Spraw, aby Twoje posty wy\u015bwietla\u0142y si\u0119 w trybie wyskakuj\u0105cym. <\/li><\/ul><p><a href=\"#demo\">Mo\u017cesz teraz zapozna\u0107 si\u0119 z pe\u0142n\u0105 funkcjonalno\u015bci\u0105 wid\u017cetu w wersji demonstracyjnej<\/a><\/p> <\/div> <div class=\"application-platform-content-item-installation application-platform-content-item\" id=\"installation\" data-nav-section=\"installation\"> <h2>Jak mog\u0119 osadzi\u0107 wid\u017cet Kana\u0142 medi\u00f3w spo\u0142eczno\u015bciowych w mojej witrynie HTML? <\/h2> <p>Wystarczy wykona\u0107 kilka opisanych poni\u017cej krok\u00f3w, aby wstawi\u0107 wid\u017cet do kodu HTML swojej witryny. <\/p> <ol><li><b>Otw\u00f3rz nasze bezp\u0142atne demo i rozpocznij tworzenie w\u0142asnego widgetu. <\/b><br> Wybierz niestandardow\u0105 form\u0119 i funkcje narz\u0119dzia oraz zastosuj poprawki. <\/li> <li><b>Skopiuj kod HTML osobistego kana\u0142u medi\u00f3w spo\u0142eczno\u015bciowych udost\u0119pniony w specjalnym formularzu w aplikacjach Elfsight. <\/b><br> Po zako\u0144czeniu konfiguracji wid\u017cetu skopiuj ekskluzywny kod z wy\u015bwietlonego pola i zachowaj go do wykorzystania w przysz\u0142o\u015bci. <\/li> <li><b>Rozpocznij stosowanie wid\u017cetu \u015aciana spo\u0142eczno\u015bciowa na swojej stronie internetowej HTML. <\/b><br> Wstaw kod, kt\u00f3ry ostatnio zapisa\u0142e\u015b na swojej stronie internetowej i zapisz zmiany. <\/li> <li><b>Konfiguracja zosta\u0142a w pe\u0142ni przeprowadzona. <\/b><br> Przejd\u017a do swojej strony, aby zobaczy\u0107 w akcji, jak dzia\u0142a widget. <\/li><\/ol> <p>Je\u015bli napotkasz jakiekolwiek trudno\u015bci, nie wahaj si\u0119 zwr\u00f3ci\u0107 do naszego zespo\u0142u wsparcia. Nasi specjali\u015bci ch\u0119tnie pomog\u0105 Ci we wszystkich trudno\u015bciach, jakie mo\u017cesz mie\u0107 z produktem. <\/p> <\/div><div class=\"faq\" data-component=\"FAQ\"><div class=\"faq-item\">\r\n\t\t\t\t\t<div class=\"faq-item-question\">\r\n\t\t\t\t\t\t<h3 class=\"faq-item-question-text\">W jaki spos\u00f3b mog\u0119 doda\u0107 kana\u0142 spo\u0142eczno\u015bciowy do mojego kodu HTML bez umiej\u0119tno\u015bci kodowania?<\/h3>\r\n\r\n\t\t\t\t\t\t<div class=\"faq-item-question-icon\"><\/div>\r\n\t\t\t\t\t<\/div>\r\n\r\n\t\t\t\t\t<div class=\"faq-item-answer\">\r\n\t\t\t\t\t\t<div class=\"faq-item-answer-text\"><p>Firma Elfsight wprowadza funkcj\u0119 Rozwi\u0105zanie w chmurze, kt\u00f3re umo\u017cliwia samodzielne tworzenie aplikacji Kana\u0142y spo\u0142eczno\u015bciowe. Poznaj prosty przewodnik: <\/p><ul><li>Pracuj bezpo\u015brednio w edytorze na \u017cywo, aby utworzy\u0107 wid\u017cet Kana\u0142y spo\u0142eczno\u015bciowe, kt\u00f3ry chcesz widzie\u0107 w formacie HTML.<\/li><li>Wybierz jeden z naszych wst\u0119pnie zaprojektowanych szablon\u00f3w i dostosuj ustawienia kana\u0142u spo\u0142eczno\u015bciowego, dodaj tre\u015bci, zmie\u0144 uk\u0142ad i kolor element\u00f3w bez \u017cadnego kodowania.<\/li><li>Zapisz kana\u0142 spo\u0142eczno\u015bciowy i uzyskaj instalacj\u0119 kod, kt\u00f3ry mo\u017cesz osadzi\u0107 w witrynie HTML, korzystaj\u0105c z bezp\u0142atnego planu.<\/li><\/ul><p>Dzi\u0119ki naszemu \u0142atwemu w u\u017cyciu konfiguratorowi ka\u017cdy u\u017cytkownik Internetu mo\u017ce wygenerowa\u0107 sekcj\u0119 Kana\u0142 spo\u0142eczno\u015bciowy i po prostu osadzi\u0107 j\u0105 na dowolnej witrynie HTML. Aby wej\u015b\u0107 do naszego Edytora, nie mo\u017cesz p\u0142aci\u0107 ani ujawnia\u0107 danych swojej karty. Je\u015bli napotkasz jakiekolwiek problemy, skontaktuj si\u0119 z naszym personelem pomocy technicznej.<\/p><\/div>\r\n\t\t\t\t\t<\/div>\r\n\t\t\t\t<\/div><\/div>","protected":false},"excerpt":{"rendered":"","protected":false},"author":9,"featured_media":0,"parent":637,"menu_order":0,"comment_status":"closed","ping_status":"closed","template":"templates\/template-application-platform.php","meta":{"publish_to_discourse":"","publish_post_category":"","wpdc_auto_publish_overridden":"","wpdc_topic_tags":"","wpdc_pin_topic":"","wpdc_pin_until":"","discourse_post_id":"","discourse_permalink":"","wpdc_publishing_response":"","wpdc_publishing_error":"","footnotes":""},"class_list":["post-6501","page","type-page","status-publish","hentry"],"yoast_head":"<!-- This site is optimized with the Yoast SEO plugin v25.3.1 - https:\/\/yoast.com\/wordpress\/plugins\/seo\/ -->\n<title>Dodaj wid\u017cet Social Wall do strony HTML (szybko i bezp\u0142atnie)<\/title>\n<meta name=\"description\" content=\"Wstaw przyjazny dla urz\u0105dze\u0144 mobilnych wid\u017cet kana\u0142u spo\u0142eczno\u015bciowego HTML w swojej witrynie HTML. Skorzystaj z por\u0119cznej wersji demonstracyjnej Elfsight i stw\u00f3rz sw\u00f3j fascynuj\u0105cy wid\u017cet \u015bciany spo\u0142eczno\u015bciowej.\" \/>\n<meta name=\"robots\" content=\"index, follow, max-snippet:-1, max-image-preview:large, max-video-preview:-1\" \/>\n<link rel=\"canonical\" href=\"https:\/\/elfsight.com\/pl\/social-feed-widget\/html\/\" \/>\n<meta property=\"og:locale\" content=\"pl_PL\" \/>\n<meta property=\"og:type\" content=\"article\" \/>\n<meta property=\"og:title\" content=\"Dodaj wid\u017cet Social Wall do strony HTML (szybko i bezp\u0142atnie)\" \/>\n<meta property=\"og:description\" content=\"Wstaw przyjazny dla urz\u0105dze\u0144 mobilnych wid\u017cet kana\u0142u spo\u0142eczno\u015bciowego HTML w swojej witrynie HTML. Skorzystaj z por\u0119cznej wersji demonstracyjnej Elfsight i stw\u00f3rz sw\u00f3j fascynuj\u0105cy wid\u017cet \u015bciany spo\u0142eczno\u015bciowej.\" \/>\n<meta property=\"og:url\" content=\"https:\/\/elfsight.com\/pl\/social-feed-widget\/html\/\" \/>\n<meta property=\"og:site_name\" content=\"Elfsight PL\" \/>\n<meta property=\"article:modified_time\" content=\"2024-11-14T08:51:12+00:00\" \/>\n<meta name=\"twitter:card\" content=\"summary_large_image\" \/>\n<meta name=\"twitter:label1\" content=\"Szacowany czas czytania\" \/>\n\t<meta name=\"twitter:data1\" content=\"3 minuty\" \/>\n<!-- \/ Yoast SEO plugin. -->","yoast_head_json":{"title":"Dodaj wid\u017cet Social Wall do strony HTML (szybko i bezp\u0142atnie)","description":"Wstaw przyjazny dla urz\u0105dze\u0144 mobilnych wid\u017cet kana\u0142u spo\u0142eczno\u015bciowego HTML w swojej witrynie HTML. Skorzystaj z por\u0119cznej wersji demonstracyjnej Elfsight i stw\u00f3rz sw\u00f3j fascynuj\u0105cy wid\u017cet \u015bciany spo\u0142eczno\u015bciowej.","robots":{"index":"index","follow":"follow","max-snippet":"max-snippet:-1","max-image-preview":"max-image-preview:large","max-video-preview":"max-video-preview:-1"},"canonical":"https:\/\/elfsight.com\/pl\/social-feed-widget\/html\/","og_locale":"pl_PL","og_type":"article","og_title":"Dodaj wid\u017cet Social Wall do strony HTML (szybko i bezp\u0142atnie)","og_description":"Wstaw przyjazny dla urz\u0105dze\u0144 mobilnych wid\u017cet kana\u0142u spo\u0142eczno\u015bciowego HTML w swojej witrynie HTML. Skorzystaj z por\u0119cznej wersji demonstracyjnej Elfsight i stw\u00f3rz sw\u00f3j fascynuj\u0105cy wid\u017cet \u015bciany spo\u0142eczno\u015bciowej.","og_url":"https:\/\/elfsight.com\/pl\/social-feed-widget\/html\/","og_site_name":"Elfsight PL","article_modified_time":"2024-11-14T08:51:12+00:00","twitter_card":"summary_large_image","twitter_misc":{"Szacowany czas czytania":"3 minuty"},"schema":{"@context":"https:\/\/schema.org","@graph":[{"@type":"WebPage","@id":"https:\/\/elfsight.com\/pl\/social-feed-widget\/html\/","url":"https:\/\/elfsight.com\/pl\/social-feed-widget\/html\/","name":"Dodaj wid\u017cet Social Wall do strony HTML (szybko i bezp\u0142atnie)","isPartOf":{"@id":"https:\/\/elfsight.com\/pl\/#website"},"datePublished":"1970-01-01T00:00:00+00:00","dateModified":"2024-11-14T08:51:12+00:00","description":"Wstaw przyjazny dla urz\u0105dze\u0144 mobilnych wid\u017cet kana\u0142u spo\u0142eczno\u015bciowego HTML w swojej witrynie HTML. Skorzystaj z por\u0119cznej wersji demonstracyjnej Elfsight i stw\u00f3rz sw\u00f3j fascynuj\u0105cy wid\u017cet \u015bciany spo\u0142eczno\u015bciowej.","breadcrumb":{"@id":"https:\/\/elfsight.com\/pl\/social-feed-widget\/html\/#breadcrumb"},"inLanguage":"pl-PL","potentialAction":[{"@type":"ReadAction","target":["https:\/\/elfsight.com\/pl\/social-feed-widget\/html\/"]}]},{"@type":"BreadcrumbList","@id":"https:\/\/elfsight.com\/pl\/social-feed-widget\/html\/#breadcrumb","itemListElement":[{"@type":"ListItem","position":1,"name":"Home","item":"https:\/\/elfsight.com\/pl\/"},{"@type":"ListItem","position":2,"name":"Social Feed","item":"https:\/\/elfsight.com\/pl\/social-feed-widget\/"},{"@type":"ListItem","position":3,"name":"Social Feed &#8211; HTML"}]},{"@type":"WebSite","@id":"https:\/\/elfsight.com\/pl\/#website","url":"https:\/\/elfsight.com\/pl\/","name":"Elfsight PL","description":"Just another Elfsight Sites site","potentialAction":[{"@type":"SearchAction","target":{"@type":"EntryPoint","urlTemplate":"https:\/\/elfsight.com\/pl\/?s={search_term_string}"},"query-input":{"@type":"PropertyValueSpecification","valueRequired":true,"valueName":"search_term_string"}}],"inLanguage":"pl-PL"}]}},"meta_box":{"industry":"","seo_heading":"","heading":"","description":"","cta_heading":"","cta_description":"","application":"636","h1":"Widget HTML kana\u0142u medi\u00f3w spo\u0142eczno\u015bciowych","h1_caption":"Agreguj tre\u015bci z wielu platform medi\u00f3w spo\u0142eczno\u015bciowych w jeden dynamiczny kana\u0142, dzi\u0119ki czemu odwiedzaj\u0105cy b\u0119d\u0105 mogli bez wysi\u0142ku wy\u015bwietla\u0107 \u015bwie\u017ce i anga\u017cuj\u0105ce tre\u015bci w Twojej witrynie HTML.","application_category":[],"applications_title":"","applications_request_title":"","applications_request_button_text":"","hero_text":"","hero_video":"","hero_video_schema_markup":"","selling_points_title":"","selling_points_caption":"","selling_points":[],"selling_points_cta_text":"","features_title":"","features":"","ed_cta_examples_text":"","ed_cta_examples_hidden":"","ed_cta_demo_text":"","ed_cta_demo_hidden":"","why_caption":"","why_editor_title":"","why_editor_text":"","why_team_title":"","why_team_text":"","why_service_title":"","why_service_text":"","template_catalog_visible":"","template_catalog_title":"","template_catalog_text":"","template_catalog_categories_visible":"","demo_title":"Utw\u00f3rz wid\u017cet kana\u0142u spo\u0142eczno\u015bciowego","demo_caption":"Skonfiguruj sw\u00f3j kana\u0142 spo\u0142eczno\u015bciowy i dodaj go do swojej witryny HTML za darmo!","default_faq_hidden":"","app_template_category":[],"platform":"50","template_public_id":"","codecanyon_url":"","codecanyon_item_id":"","codecanyon_price":"","pricing_caption":"","pricing_elfsight_apps_hide_column":"","pricing_elfsight_apps_url":"","pricing_codecanyon_price_caption":"","integration_category":[],"integration_request_title":"","integration_request_cta":"","integration_platform":"","integrations":[],"platform_category":[],"video_schema_markup":"","price":"od 0 USD \/ miesi\u0105c","trial":"","benefits":[{"text":"Bezp\u0142atna pomoc w instalacji"},{"text":"Wyj\u0105tkowe wsparcie"},{"text":"14-dniowa gwarancja zwrotu pieni\u0119dzy"}],"button_url":"#demo","button_target_blank":"","button_nofollow":"","attributes":[{"name":"Instaluje"},{"name":"Czu\u0142y"},{"name":"Kompatybilne przegl\u0105darki"}],"tags":[],"tags_disable_links":"","hide_more_platforms":"","video_object":"","demo_hide_cta":"","demo_hide_cloud_options":"","pricing_title":"","pricing":[{"pricing_icon":"platform","pricing_title":"Elfsight Apps","pricing_title_caption":"Rozwi\u0105zanie niezale\u017cne od platformy","pricing_price":"od 0 USD \/ miesi\u0105c","pricing_price_caption":"zacznij od bezp\u0142atnego planu","pricing_benefits":[{"text":"Nielimitowane strony internetowe"},{"text":"Profesjonalna obs\u0142uga klienta i dobrze udokumentowana"},{"text":"Bezp\u0142atna pomoc w monta\u017cu"},{"text":"Oferta ograniczona czasowo dla wielu aplikacji"}],"pricing_button_text":"Dodaj do witryny","pricing_button_url":"#demo"}],"related_apps_title":"","related_apps_hidden":"","author":"","image":[],"title":"","job":"","social_networks":[]},"_links":{"self":[{"href":"https:\/\/elfsight.com\/pl\/wp-json\/wp\/v2\/pages\/6501","targetHints":{"allow":["GET"]}}],"collection":[{"href":"https:\/\/elfsight.com\/pl\/wp-json\/wp\/v2\/pages"}],"about":[{"href":"https:\/\/elfsight.com\/pl\/wp-json\/wp\/v2\/types\/page"}],"author":[{"embeddable":true,"href":"https:\/\/elfsight.com\/pl\/wp-json\/wp\/v2\/users\/9"}],"replies":[{"embeddable":true,"href":"https:\/\/elfsight.com\/pl\/wp-json\/wp\/v2\/comments?post=6501"}],"version-history":[{"count":1,"href":"https:\/\/elfsight.com\/pl\/wp-json\/wp\/v2\/pages\/6501\/revisions"}],"predecessor-version":[{"id":6505,"href":"https:\/\/elfsight.com\/pl\/wp-json\/wp\/v2\/pages\/6501\/revisions\/6505"}],"up":[{"embeddable":true,"href":"https:\/\/elfsight.com\/pl\/wp-json\/wp\/v2\/pages\/637"}],"wp:attachment":[{"href":"https:\/\/elfsight.com\/pl\/wp-json\/wp\/v2\/media?parent=6501"}],"curies":[{"name":"wp","href":"https:\/\/api.w.org\/{rel}","templated":true}]}}