{"id":6495,"date":"1970-01-01T00:00:00","date_gmt":"1970-01-01T00:00:00","guid":{"rendered":"https:\/\/elfsight.com\/pl\/?page_id=6495"},"modified":"2024-11-14T08:51:12","modified_gmt":"2024-11-14T08:51:12","slug":"opencart","status":"publish","type":"page","link":"https:\/\/elfsight.com\/pl\/social-feed-widget\/opencart\/","title":{"rendered":"Social Feed &#8211; OpenCart"},"content":{"rendered":"<div class=\"application-platform-content-item-description application-platform-content-item\" id=\"description\" data-nav-section=\"description\"> <h2>Opis<\/h2> <p>Kana\u0142 spo\u0142eczno\u015bciowy Elfsight dla OpenCart to ekskluzywne rozszerzenie umo\u017cliwiaj\u0105ce promowanie nie tylko przedmiot\u00f3w, ale tak\u017ce emocji i do\u015bwiadcze\u0144. Dzi\u0119ki niemu mo\u017cesz stworzy\u0107 spersonalizowany kana\u0142 sk\u0142adaj\u0105cy si\u0119 z tre\u015bci z r\u00f3\u017cnorodnych medi\u00f3w spo\u0142eczno\u015bciowych: Instagram, Pinterest, Facebook, Twitter, Tumblr, YouTube, Vimeo &#8211; i wy\u015bwietli\u0107 go bezpo\u015brednio na swojej stronie. Stw\u00f3rz galeri\u0119 lub katalog produkt\u00f3w w kilka minut! Sprawuj ca\u0142kowit\u0105 kontrol\u0119 nad prezentowan\u0105 tre\u015bci\u0105 za pomoc\u0105 r\u00f3\u017cnych opcji filtrowania i usuwaj spam oraz wszelkie niepo\u017c\u0105dane tre\u015bci za pomoc\u0105 r\u0119cznej moderacji. W pe\u0142ni responsywny konfigurator online oferuje wiele szablon\u00f3w do wyboru. <\/p> <p><b>Ulepsz swoj\u0105 witryn\u0119 pod k\u0105tem cel\u00f3w e-commerce za pomoc\u0105 \u015bciany spo\u0142eczno\u015bciowej<\/b><\/p> <\/div> <div class=\"application-platform-content-item-features application-platform-content-item\" id=\"features\" data-nav-section=\"features\"> <h2>Wy\u015bwietl lista najpot\u0119\u017cniejszych funkcji: <\/h2> <ul><li>Pokazuj swoje tre\u015bci w mediach spo\u0142eczno\u015bciowych z wielu \u017ar\u00f3de\u0142. <\/li><li>Wyeliminuj wszelki spam i niechciane tre\u015bci, korzystaj\u0105c z r\u0119cznego trybu moderacji. <\/li><li>Umie\u015b\u0107 przycisk Obserwuj przy postach w wid\u017cecie. <\/li><li>Spraw, aby Twoje posty wy\u015bwietla\u0142y si\u0119 w trybie wyskakuj\u0105cym. <\/li><\/ul><p><a href=\"#demo\">Po prostu wypr\u00f3buj t\u0119 wersj\u0119 demonstracyjn\u0105, aby przekona\u0107 si\u0119, ile jest warte rozszerzenie<\/a><\/p> <\/div> <div class=\"application-platform-content-item-installation  application-platform-content-item\" id=\"installation \" data-nav-section=\"installation \"> <h2>Jak doda\u0107 rozszerzenie Social Media Feed do mojej witryny OpenCart? <\/h2> <p>Wystarczy wykona\u0107 poni\u017csze kroki, aby rozpocz\u0105\u0107 prac\u0119 z narz\u0119dziem. <\/p> <ol><li><b>Uruchom nasz\u0105 bezp\u0142atn\u0105 wersj\u0119 demonstracyjn\u0105 i zacznij tworzy\u0107 swoje unikalne rozszerzenie. <\/b><br> Ustal wybrany wygl\u0105d i parametry wid\u017cetu oraz zastosuj poprawki. <\/li> <li><b>Odbierz sw\u00f3j unikalny kod, kt\u00f3ry jest wy\u015bwietlany w specjalnym formularzu w aplikacjach Elfsight. <\/b><br> Po zako\u0144czeniu konfiguracji wid\u017cetu skopiuj ekskluzywny kod z wy\u015bwietlonego pola i zachowaj go na przysz\u0142o\u015b\u0107. <\/li> <li><b>Rozpocznij korzystanie z rozszerzenia Social Wall w swojej witrynie OpenCart. <\/b><br> Wklej skopiowany wcze\u015bniej kod na swoj\u0105 stron\u0119 i zapisz poprawki. <\/li> <li><b>Instalacja zosta\u0142a pomy\u015blnie przeprowadzona. <\/b><br> Odwied\u017a swoj\u0105 stron\u0119, aby sprawdzi\u0107 dzia\u0142anie wtyczki. <\/li><\/ol> <p>Je\u015bli masz pytania lub napotkasz trudno\u015bci, skontaktuj si\u0119 z naszym zespo\u0142em wsparcia. Nasi pracownicy z przyjemno\u015bci\u0105 odpowiedz\u0105 na wszystkie pytania dotycz\u0105ce produktu. <\/p> <\/div><div class=\"faq\" data-component=\"FAQ\"><div class=\"faq-item\">\r\n\t\t\t\t\t<div class=\"faq-item-question\">\r\n\t\t\t\t\t\t<h3 class=\"faq-item-question-text\">Czy istnieje metoda dodawania kana\u0142u spo\u0142eczno\u015bciowego do mojej strony internetowej OpenCart bez kodowania?<\/h3>\r\n\r\n\t\t\t\t\t\t<div class=\"faq-item-question-icon\"><\/div>\r\n\t\t\t\t\t<\/div>\r\n\r\n\t\t\t\t\t<div class=\"faq-item-answer\">\r\n\t\t\t\t\t\t<div class=\"faq-item-answer-text\"><p>Firma Elfsight zapewnia rozwi\u0105zanie SaaS, kt\u00f3re umo\u017cliwia samodzielne utworzenie wtyczki kana\u0142u spo\u0142eczno\u015bciowego, dowiedz si\u0119, jak prosty jest ten proces: <\/p><ul><li>Przejd\u017a do edytora online, aby utworzy\u0107 wtyczk\u0119 kana\u0142u spo\u0142eczno\u015bciowego, kt\u00f3r\u0105 chcesz zobaczy\u0107 w witrynie OpenCart .<\/li><li>Kliknij jeden z gotowych szablon\u00f3w i dostosuj ustawienia Kana\u0142u spo\u0142eczno\u015bciowego, zmie\u0144 uk\u0142ad i kolorystyk\u0119, do\u0142\u0105cz swoj\u0105 tre\u015b\u0107 bez umiej\u0119tno\u015bci kodowania.<\/li><li>Kliknij, aby zapisa\u0107 Social Feed i pobierz kod wtyczki do instalacji, kt\u00f3ry mo\u017cesz bezp\u0142atnie doda\u0107 na stronie OpenCart.<\/li><\/ul><p>Dzi\u0119ki prostemu konfiguratorowi ka\u017cdy internauta mo\u017ce stworzy\u0107 wtyczk\u0119 Social Feed i z \u0142atwo\u015bci\u0105 dodawa\u0107 do niej ich witryna OpenCart. Nie powiniene\u015b otrzymywa\u0107 p\u0142atnej subskrypcji ani podawa\u0107 danych uwierzytelniaj\u0105cych karty, aby wej\u015b\u0107 do naszego Edytora. Je\u015bli na kt\u00f3rymkolwiek etapie napotkasz jakiekolwiek przeszkody, skontaktuj si\u0119 z naszym dzia\u0142em obs\u0142ugi klienta.<\/p><\/div>\r\n\t\t\t\t\t<\/div>\r\n\t\t\t\t<\/div><\/div>","protected":false},"excerpt":{"rendered":"","protected":false},"author":9,"featured_media":0,"parent":637,"menu_order":0,"comment_status":"closed","ping_status":"closed","template":"templates\/template-application-platform.php","meta":{"publish_to_discourse":"","publish_post_category":"","wpdc_auto_publish_overridden":"","wpdc_topic_tags":"","wpdc_pin_topic":"","wpdc_pin_until":"","discourse_post_id":"","discourse_permalink":"","wpdc_publishing_response":"","wpdc_publishing_error":"","footnotes":""},"class_list":["post-6495","page","type-page","status-publish","hentry"],"yoast_head":"<!-- This site is optimized with the Yoast SEO plugin v25.3.1 - https:\/\/yoast.com\/wordpress\/plugins\/seo\/ -->\n<title>Dodaj rozszerzenie Social Wall do witryny OpenCart (szybko i bezp\u0142atnie)<\/title>\n<meta name=\"description\" content=\"Zaimplementuj przyjazne dla urz\u0105dze\u0144 mobilnych rozszerzenie kana\u0142u spo\u0142eczno\u015bciowego OpenCart na swojej stronie OpenCart. Wypr\u00f3buj por\u0119czn\u0105 wersj\u0119 demonstracyjn\u0105 Elfsight i stw\u00f3rz wspania\u0142e rozszerzenie Social Wall.\" \/>\n<meta name=\"robots\" content=\"index, follow, max-snippet:-1, max-image-preview:large, max-video-preview:-1\" \/>\n<link rel=\"canonical\" href=\"https:\/\/elfsight.com\/pl\/social-feed-widget\/opencart\/\" \/>\n<meta property=\"og:locale\" content=\"pl_PL\" \/>\n<meta property=\"og:type\" content=\"article\" \/>\n<meta property=\"og:title\" content=\"Dodaj rozszerzenie Social Wall do witryny OpenCart (szybko i bezp\u0142atnie)\" \/>\n<meta property=\"og:description\" content=\"Zaimplementuj przyjazne dla urz\u0105dze\u0144 mobilnych rozszerzenie kana\u0142u spo\u0142eczno\u015bciowego OpenCart na swojej stronie OpenCart. Wypr\u00f3buj por\u0119czn\u0105 wersj\u0119 demonstracyjn\u0105 Elfsight i stw\u00f3rz wspania\u0142e rozszerzenie Social Wall.\" \/>\n<meta property=\"og:url\" content=\"https:\/\/elfsight.com\/pl\/social-feed-widget\/opencart\/\" \/>\n<meta property=\"og:site_name\" content=\"Elfsight PL\" \/>\n<meta property=\"article:modified_time\" content=\"2024-11-14T08:51:12+00:00\" \/>\n<meta name=\"twitter:card\" content=\"summary_large_image\" \/>\n<meta name=\"twitter:label1\" content=\"Szacowany czas czytania\" \/>\n\t<meta name=\"twitter:data1\" content=\"3 minuty\" \/>\n<!-- \/ Yoast SEO plugin. -->","yoast_head_json":{"title":"Dodaj rozszerzenie Social Wall do witryny OpenCart (szybko i bezp\u0142atnie)","description":"Zaimplementuj przyjazne dla urz\u0105dze\u0144 mobilnych rozszerzenie kana\u0142u spo\u0142eczno\u015bciowego OpenCart na swojej stronie OpenCart. Wypr\u00f3buj por\u0119czn\u0105 wersj\u0119 demonstracyjn\u0105 Elfsight i stw\u00f3rz wspania\u0142e rozszerzenie Social Wall.","robots":{"index":"index","follow":"follow","max-snippet":"max-snippet:-1","max-image-preview":"max-image-preview:large","max-video-preview":"max-video-preview:-1"},"canonical":"https:\/\/elfsight.com\/pl\/social-feed-widget\/opencart\/","og_locale":"pl_PL","og_type":"article","og_title":"Dodaj rozszerzenie Social Wall do witryny OpenCart (szybko i bezp\u0142atnie)","og_description":"Zaimplementuj przyjazne dla urz\u0105dze\u0144 mobilnych rozszerzenie kana\u0142u spo\u0142eczno\u015bciowego OpenCart na swojej stronie OpenCart. Wypr\u00f3buj por\u0119czn\u0105 wersj\u0119 demonstracyjn\u0105 Elfsight i stw\u00f3rz wspania\u0142e rozszerzenie Social Wall.","og_url":"https:\/\/elfsight.com\/pl\/social-feed-widget\/opencart\/","og_site_name":"Elfsight PL","article_modified_time":"2024-11-14T08:51:12+00:00","twitter_card":"summary_large_image","twitter_misc":{"Szacowany czas czytania":"3 minuty"},"schema":{"@context":"https:\/\/schema.org","@graph":[{"@type":"WebPage","@id":"https:\/\/elfsight.com\/pl\/social-feed-widget\/opencart\/","url":"https:\/\/elfsight.com\/pl\/social-feed-widget\/opencart\/","name":"Dodaj rozszerzenie Social Wall do witryny OpenCart (szybko i bezp\u0142atnie)","isPartOf":{"@id":"https:\/\/elfsight.com\/pl\/#website"},"datePublished":"1970-01-01T00:00:00+00:00","dateModified":"2024-11-14T08:51:12+00:00","description":"Zaimplementuj przyjazne dla urz\u0105dze\u0144 mobilnych rozszerzenie kana\u0142u spo\u0142eczno\u015bciowego OpenCart na swojej stronie OpenCart. Wypr\u00f3buj por\u0119czn\u0105 wersj\u0119 demonstracyjn\u0105 Elfsight i stw\u00f3rz wspania\u0142e rozszerzenie Social Wall.","breadcrumb":{"@id":"https:\/\/elfsight.com\/pl\/social-feed-widget\/opencart\/#breadcrumb"},"inLanguage":"pl-PL","potentialAction":[{"@type":"ReadAction","target":["https:\/\/elfsight.com\/pl\/social-feed-widget\/opencart\/"]}]},{"@type":"BreadcrumbList","@id":"https:\/\/elfsight.com\/pl\/social-feed-widget\/opencart\/#breadcrumb","itemListElement":[{"@type":"ListItem","position":1,"name":"Home","item":"https:\/\/elfsight.com\/pl\/"},{"@type":"ListItem","position":2,"name":"Social Feed","item":"https:\/\/elfsight.com\/pl\/social-feed-widget\/"},{"@type":"ListItem","position":3,"name":"Social Feed &#8211; OpenCart"}]},{"@type":"WebSite","@id":"https:\/\/elfsight.com\/pl\/#website","url":"https:\/\/elfsight.com\/pl\/","name":"Elfsight PL","description":"Just another Elfsight Sites site","potentialAction":[{"@type":"SearchAction","target":{"@type":"EntryPoint","urlTemplate":"https:\/\/elfsight.com\/pl\/?s={search_term_string}"},"query-input":{"@type":"PropertyValueSpecification","valueRequired":true,"valueName":"search_term_string"}}],"inLanguage":"pl-PL"}]}},"meta_box":{"industry":"","seo_heading":"","heading":"","description":"","cta_heading":"","cta_description":"","application":"636","h1":"Rozszerzenie kana\u0142u medi\u00f3w spo\u0142eczno\u015bciowych OpenCart","h1_caption":"Agreguj tre\u015bci z wielu platform medi\u00f3w spo\u0142eczno\u015bciowych w jeden dynamiczny kana\u0142, zapewniaj\u0105c odwiedzaj\u0105cym bez wysi\u0142ku \u015bwie\u017ce i anga\u017cuj\u0105ce tre\u015bci na Twojej stronie Opencart.","application_category":[],"applications_title":"","applications_request_title":"","applications_request_button_text":"","hero_text":"","hero_video":"","hero_video_schema_markup":"","selling_points_title":"","selling_points_caption":"","selling_points":[],"selling_points_cta_text":"","features_title":"","features":"","ed_cta_examples_text":"","ed_cta_examples_hidden":"","ed_cta_demo_text":"","ed_cta_demo_hidden":"","why_caption":"","why_editor_title":"","why_editor_text":"","why_team_title":"","why_team_text":"","why_service_title":"","why_service_text":"","template_catalog_visible":"","template_catalog_title":"","template_catalog_text":"","template_catalog_categories_visible":"","demo_title":"Utw\u00f3rz rozszerzenie kana\u0142u spo\u0142eczno\u015bciowego","demo_caption":"Skonfiguruj sw\u00f3j kana\u0142 spo\u0142eczno\u015bciowy i dodaj go do swojej witryny OpenCart za darmo!","default_faq_hidden":"","app_template_category":[],"platform":"107","template_public_id":"","codecanyon_url":"","codecanyon_item_id":"","codecanyon_price":"","pricing_caption":"","pricing_elfsight_apps_hide_column":"","pricing_elfsight_apps_url":"","pricing_codecanyon_price_caption":"","integration_category":[],"integration_request_title":"","integration_request_cta":"","integration_platform":"","integrations":[],"platform_category":[],"video_schema_markup":"","price":"od 0 USD \/ miesi\u0105c","trial":"","benefits":[{"text":"Bezp\u0142atna pomoc w monta\u017cu"},{"text":"Skuteczna obs\u0142uga klienta"},{"text":"14-dniowa gwarancja zwrotu pieni\u0119dzy"}],"button_url":"#demo","button_target_blank":"","button_nofollow":"","attributes":[{"name":"Instaluje"},{"name":"Czu\u0142y"},{"name":"Kompatybilne przegl\u0105darki"}],"tags":[],"tags_disable_links":"","hide_more_platforms":"","video_object":"","demo_hide_cta":"","demo_hide_cloud_options":"","pricing_title":"","pricing":[{"pricing_icon":"platform","pricing_title":"Elfsight Apps","pricing_title_caption":"Oprogramowanie niezale\u017cne od platformy","pricing_price":"od 0 USD \/ miesi\u0105c","pricing_price_caption":"zacznij od bezp\u0142atnego planu","pricing_benefits":[{"text":"Nielimitowane domeny"},{"text":"Dedykowane wsparcie firmy"},{"text":"Bezp\u0142atna pomoc przy instalacji"},{"text":"Specjalna cena za wiele aplikacji"}],"pricing_button_text":"Dodaj do witryny","pricing_button_url":"#demo"}],"related_apps_title":"","related_apps_hidden":"","author":"","image":[],"title":"","job":"","social_networks":[]},"_links":{"self":[{"href":"https:\/\/elfsight.com\/pl\/wp-json\/wp\/v2\/pages\/6495","targetHints":{"allow":["GET"]}}],"collection":[{"href":"https:\/\/elfsight.com\/pl\/wp-json\/wp\/v2\/pages"}],"about":[{"href":"https:\/\/elfsight.com\/pl\/wp-json\/wp\/v2\/types\/page"}],"author":[{"embeddable":true,"href":"https:\/\/elfsight.com\/pl\/wp-json\/wp\/v2\/users\/9"}],"replies":[{"embeddable":true,"href":"https:\/\/elfsight.com\/pl\/wp-json\/wp\/v2\/comments?post=6495"}],"version-history":[{"count":1,"href":"https:\/\/elfsight.com\/pl\/wp-json\/wp\/v2\/pages\/6495\/revisions"}],"predecessor-version":[{"id":6499,"href":"https:\/\/elfsight.com\/pl\/wp-json\/wp\/v2\/pages\/6495\/revisions\/6499"}],"up":[{"embeddable":true,"href":"https:\/\/elfsight.com\/pl\/wp-json\/wp\/v2\/pages\/637"}],"wp:attachment":[{"href":"https:\/\/elfsight.com\/pl\/wp-json\/wp\/v2\/media?parent=6495"}],"curies":[{"name":"wp","href":"https:\/\/api.w.org\/{rel}","templated":true}]}}