{"id":6494,"date":"1970-01-01T00:00:00","date_gmt":"1970-01-01T00:00:00","guid":{"rendered":"https:\/\/elfsight.com\/pl\/?page_id=6494"},"modified":"2025-06-19T15:08:24","modified_gmt":"2025-06-19T15:08:24","slug":"shopify","status":"publish","type":"page","link":"https:\/\/elfsight.com\/pl\/social-feed-widget\/shopify\/","title":{"rendered":"Social Feed &#8211; Shopify"},"content":{"rendered":"<div class=\"application-platform-content-item-description application-platform-content-item\" id=\"description\" data-nav-section=\"description\"> <h2>Osad\u017a produkt na platformie za pomoc\u0105 wid\u017cetu Elfsight<\/h2> <p>Kana\u0142 spo\u0142eczno\u015bciowy Elfsight dla Shopify to specjalna aplikacja do sprzeda\u017cy nie tylko produkt\u00f3w , ale emocje i prze\u017cycia. Dzi\u0119ki niemu mo\u017cesz zbudowa\u0107 w\u0142asny kana\u0142 sk\u0142adaj\u0105cy si\u0119 z tre\u015bci z wielu medi\u00f3w spo\u0142eczno\u015bciowych: Instagram, Pinterest, Facebook, Twitter, Tumblr, YouTube, Vimeo &#8211; i zademonstrowa\u0107 go bezpo\u015brednio na swojej stronie. Zbuduj galeri\u0119 lub katalog produkt\u00f3w w 1-2-3! Ciesz si\u0119 ca\u0142kowit\u0105 kontrol\u0105 nad prezentowan\u0105 tre\u015bci\u0105 dzi\u0119ki r\u00f3\u017cnym opcjom filtrowania i pozbywaj si\u0119 spamu oraz wszelkich niechcianych tre\u015bci poprzez r\u0119czn\u0105 moderacj\u0119. Ca\u0142kowicie responsywny konfigurator online umo\u017cliwia wyb\u00f3r r\u00f3\u017cnych szablon\u00f3w. <\/p> <p><b>Zwi\u0119ksz skuteczno\u015b\u0107 swojej witryny w osi\u0105ganiu cel\u00f3w biznesowych za pomoc\u0105 \u015bciany spo\u0142eczno\u015bciowej<\/b><\/p> <\/div> <div class=\"application-platform-content-item-features application-platform-content-item\" id=\"features\" data-nav-section=\"features\"> <h2>Oto najwa\u017cniejsze funkcje aplikacji: <\/h2> <ul><li>Pokazuj swoje tre\u015bci w mediach spo\u0142eczno\u015bciowych z r\u00f3\u017cnych \u017ar\u00f3de\u0142. <\/li><li>Wyeliminuj spam i niepo\u017c\u0105dane tre\u015bci w trybie r\u0119cznego moderowania. <\/li><li>Umie\u015b\u0107 przycisk Obserwuj w kanale wid\u017cetu. <\/li><li>Pozw\u00f3l, aby Twoje posty pojawia\u0142y si\u0119 w wyskakuj\u0105cych okienkach. <\/li><\/ul><p><a href=\"#demo\">Mo\u017cesz zobaczy\u0107, kt\u00f3r\u0105 aplikacj\u0119 warto wypr\u00f3bowa\u0107 w wersji demonstracyjnej<\/a><\/p> <\/div> <div class=\"application-platform-content-item-installation  application-platform-content-item\" id=\"installation \" data-nav-section=\"installation \"> <h2>Jak osadzi\u0107 aplikacj\u0119 Kana\u0142 medi\u00f3w spo\u0142eczno\u015bciowych w mojej witrynie Shopify? <\/h2> <p>Wystarczy post\u0119powa\u0107 zgodnie z poni\u017cszymi instrukcjami, aby doda\u0107 narz\u0119dzie. <\/p> <ol><li><b>Skorzystaj z naszego darmowego konfiguratora i zacznij tworzy\u0107 swoj\u0105 unikaln\u0105 aplikacj\u0119. <\/b><br> Wybierz preferowany wygl\u0105d i opcje wtyczki i zapisz zmiany. <\/li> <li><b>Wy\u015bwietl indywidualny kod w oknie aplikacji Elfsight. <\/b><br> Zaraz po zako\u0144czeniu generowania narz\u0119dzia skopiuj ekskluzywny kod w wy\u015bwietlonym polu i zapisz go na dalsze potrzeby. <\/li> <li><b>Zacznij korzysta\u0107 z aplikacji Social Wall w witrynie Shopify. <\/b><br> Wstaw ostatnio skopiowany kod na swoj\u0105 stron\u0119 g\u0142\u00f3wn\u0105 i zapisz zmiany. <\/li> <li><b>Instalacja zosta\u0142a ca\u0142kowicie zako\u0144czona. <\/b><br> Przejd\u017a do swojej strony internetowej, aby zobaczy\u0107 w akcji, jak dzia\u0142a aplikacja. <\/li><\/ol> <p>W przypadku napotkania problem\u00f3w nie wahaj si\u0119 skontaktowa\u0107 z naszym zespo\u0142em pomocy technicznej. Nasi specjali\u015bci ch\u0119tnie pomog\u0105 Ci we wszystkich problemach, jakie mo\u017cesz mie\u0107 z wtyczk\u0105. <\/p> <\/div><div class=\"faq\" data-component=\"FAQ\"><div class=\"faq-item\">\r\n\t\t\t\t\t<div class=\"faq-item-question\">\r\n\t\t\t\t\t\t<h3 class=\"faq-item-question-text\">Czy istnieje metoda dodawania kana\u0142u spo\u0142eczno\u015bciowego do mojej witryny Shopify bez kodowania?<\/h3>\r\n\r\n\t\t\t\t\t\t<div class=\"faq-item-question-icon\"><\/div>\r\n\t\t\t\t\t<\/div>\r\n\r\n\t\t\t\t\t<div class=\"faq-item-answer\">\r\n\t\t\t\t\t\t<div class=\"faq-item-answer-text\"><p>Firma Elfsight wprowadza rozwi\u0105zanie SaaS, kt\u00f3re umo\u017cliwia samodzielne utworzenie aplikacji Kana\u0142 spo\u0142eczno\u015bciowy, odkryj, jakie to proste: <\/p><ul><li>Pracuj bezpo\u015brednio w wersji demonstracyjnej online, aby utworzy\u0107 sekcj\u0119 Kana\u0142 spo\u0142eczno\u015bciowy, kt\u00f3r\u0105 chcesz zintegrowa\u0107 ze stron\u0105 g\u0142\u00f3wn\u0105 Shopify. <\/li><li>Wybierz jeden z naszych gotowych szablon\u00f3w i dostosuj ustawienia kana\u0142u spo\u0142eczno\u015bciowego, zmie\u0144 uk\u0142ad i kolory, zaktualizuj swoje tre\u015bci bez znajomo\u015bci kodowania.<\/li><li>Zapisz kana\u0142 spo\u0142eczno\u015bciowy i skopiuj kod do instalacji, kt\u00f3re mo\u017cna po prostu bezp\u0142atnie wklei\u0107 na stronie g\u0142\u00f3wnej Shopify.<\/li><\/ul><p>Dzi\u0119ki przyjaznemu dla u\u017cytkownika konfiguratorowi ka\u017cdy u\u017cytkownik Internetu mo\u017ce utworzy\u0107 sekcj\u0119 Kana\u0142y spo\u0142eczno\u015bciowe online i bez wysi\u0142ku dodawa\u0107 produkty do strony g\u0142\u00f3wnej Shopify. Aby uzyska\u0107 dost\u0119p do Edytora, nie trzeba p\u0142aci\u0107 ani podawa\u0107 danych uwierzytelniaj\u0105cych karty. Je\u015bli napotkasz jakiekolwiek problemy, skontaktuj si\u0119 z naszym personelem pomocy technicznej.<\/p><\/div>\r\n\t\t\t\t\t<\/div>\r\n\t\t\t\t<\/div><\/div>","protected":false},"excerpt":{"rendered":"","protected":false},"author":9,"featured_media":0,"parent":637,"menu_order":0,"comment_status":"closed","ping_status":"closed","template":"templates\/template-application-platform.php","meta":{"publish_to_discourse":"","publish_post_category":"","wpdc_auto_publish_overridden":"","wpdc_topic_tags":"","wpdc_pin_topic":"","wpdc_pin_until":"","discourse_post_id":"","discourse_permalink":"","wpdc_publishing_response":"","wpdc_publishing_error":"","footnotes":""},"class_list":["post-6494","page","type-page","status-publish","hentry"],"yoast_head":"<!-- This site is optimized with the Yoast SEO plugin v25.3.1 - https:\/\/yoast.com\/wordpress\/plugins\/seo\/ -->\n<title>Dodaj aplikacj\u0119 Social Wall do witryny Shopify (szybko i bezp\u0142atnie)<\/title>\n<meta name=\"description\" content=\"Dodaj \u0142atw\u0105 w zarz\u0105dzaniu aplikacj\u0119 Shopify Social Feed do swojej witryny Shopify. Wypr\u00f3buj por\u0119czn\u0105 wersj\u0119 demonstracyjn\u0105 Elfsight i wygeneruj unikaln\u0105 aplikacj\u0119 Social Wall za pomoc\u0105 kilku klikni\u0119\u0107\" \/>\n<meta name=\"robots\" content=\"index, follow, max-snippet:-1, max-image-preview:large, max-video-preview:-1\" \/>\n<link rel=\"canonical\" href=\"https:\/\/elfsight.com\/pl\/social-feed-widget\/shopify\/\" \/>\n<meta property=\"og:locale\" content=\"pl_PL\" \/>\n<meta property=\"og:type\" content=\"article\" \/>\n<meta property=\"og:title\" content=\"Dodaj aplikacj\u0119 Social Wall do witryny Shopify (szybko i bezp\u0142atnie)\" \/>\n<meta property=\"og:description\" content=\"Dodaj \u0142atw\u0105 w zarz\u0105dzaniu aplikacj\u0119 Shopify Social Feed do swojej witryny Shopify. Wypr\u00f3buj por\u0119czn\u0105 wersj\u0119 demonstracyjn\u0105 Elfsight i wygeneruj unikaln\u0105 aplikacj\u0119 Social Wall za pomoc\u0105 kilku klikni\u0119\u0107\" \/>\n<meta property=\"og:url\" content=\"https:\/\/elfsight.com\/pl\/social-feed-widget\/shopify\/\" \/>\n<meta property=\"og:site_name\" content=\"Elfsight PL\" \/>\n<meta property=\"article:modified_time\" content=\"2025-06-19T15:08:24+00:00\" \/>\n<meta name=\"twitter:card\" content=\"summary_large_image\" \/>\n<meta name=\"twitter:label1\" content=\"Szacowany czas czytania\" \/>\n\t<meta name=\"twitter:data1\" content=\"3 minuty\" \/>\n<!-- \/ Yoast SEO plugin. -->","yoast_head_json":{"title":"Dodaj aplikacj\u0119 Social Wall do witryny Shopify (szybko i bezp\u0142atnie)","description":"Dodaj \u0142atw\u0105 w zarz\u0105dzaniu aplikacj\u0119 Shopify Social Feed do swojej witryny Shopify. Wypr\u00f3buj por\u0119czn\u0105 wersj\u0119 demonstracyjn\u0105 Elfsight i wygeneruj unikaln\u0105 aplikacj\u0119 Social Wall za pomoc\u0105 kilku klikni\u0119\u0107","robots":{"index":"index","follow":"follow","max-snippet":"max-snippet:-1","max-image-preview":"max-image-preview:large","max-video-preview":"max-video-preview:-1"},"canonical":"https:\/\/elfsight.com\/pl\/social-feed-widget\/shopify\/","og_locale":"pl_PL","og_type":"article","og_title":"Dodaj aplikacj\u0119 Social Wall do witryny Shopify (szybko i bezp\u0142atnie)","og_description":"Dodaj \u0142atw\u0105 w zarz\u0105dzaniu aplikacj\u0119 Shopify Social Feed do swojej witryny Shopify. Wypr\u00f3buj por\u0119czn\u0105 wersj\u0119 demonstracyjn\u0105 Elfsight i wygeneruj unikaln\u0105 aplikacj\u0119 Social Wall za pomoc\u0105 kilku klikni\u0119\u0107","og_url":"https:\/\/elfsight.com\/pl\/social-feed-widget\/shopify\/","og_site_name":"Elfsight PL","article_modified_time":"2025-06-19T15:08:24+00:00","twitter_card":"summary_large_image","twitter_misc":{"Szacowany czas czytania":"3 minuty"},"schema":{"@context":"https:\/\/schema.org","@graph":[{"@type":"WebPage","@id":"https:\/\/elfsight.com\/pl\/social-feed-widget\/shopify\/","url":"https:\/\/elfsight.com\/pl\/social-feed-widget\/shopify\/","name":"Dodaj aplikacj\u0119 Social Wall do witryny Shopify (szybko i bezp\u0142atnie)","isPartOf":{"@id":"https:\/\/elfsight.com\/pl\/#website"},"datePublished":"1970-01-01T00:00:00+00:00","dateModified":"2025-06-19T15:08:24+00:00","description":"Dodaj \u0142atw\u0105 w zarz\u0105dzaniu aplikacj\u0119 Shopify Social Feed do swojej witryny Shopify. Wypr\u00f3buj por\u0119czn\u0105 wersj\u0119 demonstracyjn\u0105 Elfsight i wygeneruj unikaln\u0105 aplikacj\u0119 Social Wall za pomoc\u0105 kilku klikni\u0119\u0107","breadcrumb":{"@id":"https:\/\/elfsight.com\/pl\/social-feed-widget\/shopify\/#breadcrumb"},"inLanguage":"pl-PL","potentialAction":[{"@type":"ReadAction","target":["https:\/\/elfsight.com\/pl\/social-feed-widget\/shopify\/"]}]},{"@type":"BreadcrumbList","@id":"https:\/\/elfsight.com\/pl\/social-feed-widget\/shopify\/#breadcrumb","itemListElement":[{"@type":"ListItem","position":1,"name":"Home","item":"https:\/\/elfsight.com\/pl\/"},{"@type":"ListItem","position":2,"name":"Social Feed","item":"https:\/\/elfsight.com\/pl\/social-feed-widget\/"},{"@type":"ListItem","position":3,"name":"Social Feed &#8211; Shopify"}]},{"@type":"WebSite","@id":"https:\/\/elfsight.com\/pl\/#website","url":"https:\/\/elfsight.com\/pl\/","name":"Elfsight PL","description":"Just another Elfsight Sites site","potentialAction":[{"@type":"SearchAction","target":{"@type":"EntryPoint","urlTemplate":"https:\/\/elfsight.com\/pl\/?s={search_term_string}"},"query-input":{"@type":"PropertyValueSpecification","valueRequired":true,"valueName":"search_term_string"}}],"inLanguage":"pl-PL"}]}},"meta_box":{"industry":"","seo_heading":"","heading":"","description":"","cta_heading":"","cta_description":"","application":"636","h1":"Aplikacja Shopify do kana\u0142\u00f3w medi\u00f3w spo\u0142eczno\u015bciowych","h1_caption":"Agreguj tre\u015bci z wielu platform medi\u00f3w spo\u0142eczno\u015bciowych w jeden dynamiczny kana\u0142, zapewniaj\u0105c odwiedzaj\u0105cym bez wysi\u0142ku \u015bwie\u017ce i anga\u017cuj\u0105ce tre\u015bci w Twojej witrynie Shopify.","application_category":[],"applications_title":"","applications_request_title":"","applications_request_button_text":"","hero_text":"","hero_video":"","hero_video_schema_markup":"","selling_points_title":"","selling_points_caption":"","selling_points":[],"selling_points_cta_text":"","features_title":"","features":"","ed_cta_examples_text":"","ed_cta_examples_hidden":"","ed_cta_demo_text":"","ed_cta_demo_hidden":"","why_caption":"","why_editor_title":"","why_editor_text":"","why_team_title":"","why_team_text":"","why_service_title":"","why_service_text":"","template_catalog_visible":"0","template_catalog_title":"","template_catalog_text":"","template_catalog_categories_visible":"","demo_title":"Utw\u00f3rz aplikacj\u0119 spo\u0142eczno\u015bciow\u0105","demo_caption":"Skonfiguruj sw\u00f3j kana\u0142 spo\u0142eczno\u015bciowy i dodaj go do swojej witryny Shopify za darmo!","default_faq_hidden":"","app_template_category":[],"platform":"7580","template_public_id":"","codecanyon_url":"","codecanyon_item_id":"","codecanyon_price":"","pricing_caption":"","pricing_elfsight_apps_hide_column":"","pricing_elfsight_apps_url":"","pricing_codecanyon_price_caption":"","integration_category":[],"integration_request_title":"","integration_request_cta":"","integration_platform":"","integrations":[],"platform_category":[],"video_schema_markup":"","price":"od 0 USD \/ miesi\u0105c","trial":"","benefits":[{"text":"Bezp\u0142atna us\u0142uga monta\u017cu"},{"text":"Do\u015bwiadczona obs\u0142uga klienta"},{"text":"14-dniowa gwarancja zwrotu pieni\u0119dzy"}],"button_url":"#demo","button_target_blank":"0","button_nofollow":"0","attributes":[{"name":"Instaluje"},{"name":"Czu\u0142y"},{"name":"Kompatybilne przegl\u0105darki"}],"tags":[],"tags_disable_links":"0","hide_more_platforms":"0","video_object":"","demo_hide_cta":"0","demo_hide_cloud_options":"0","pricing_title":"","pricing":[{"pricing_icon":"platform","pricing_title":"Elfsight Apps","pricing_title_caption":"Rozwi\u0105zanie niezale\u017cne od platformy","pricing_price":"od 0 USD \/ miesi\u0105c","pricing_price_caption":"zacznij od bezp\u0142atnego planu","pricing_benefits":[{"text":"Nielimitowane domeny"},{"text":"Bezp\u0142atne wsparcie firmy i dobrze udokumentowane"},{"text":"Bezp\u0142atne wsparcie przy instalacji"},{"text":"Cena do z\u0142apania dla wielu aplikacji"}],"pricing_button_text":"Dodaj do witryny","pricing_button_url":"#demo"}],"related_apps_title":"","related_apps_hidden":"0","author":"","image":[],"title":"","job":"","social_networks":[]},"_links":{"self":[{"href":"https:\/\/elfsight.com\/pl\/wp-json\/wp\/v2\/pages\/6494","targetHints":{"allow":["GET"]}}],"collection":[{"href":"https:\/\/elfsight.com\/pl\/wp-json\/wp\/v2\/pages"}],"about":[{"href":"https:\/\/elfsight.com\/pl\/wp-json\/wp\/v2\/types\/page"}],"author":[{"embeddable":true,"href":"https:\/\/elfsight.com\/pl\/wp-json\/wp\/v2\/users\/9"}],"replies":[{"embeddable":true,"href":"https:\/\/elfsight.com\/pl\/wp-json\/wp\/v2\/comments?post=6494"}],"version-history":[{"count":1,"href":"https:\/\/elfsight.com\/pl\/wp-json\/wp\/v2\/pages\/6494\/revisions"}],"predecessor-version":[{"id":6498,"href":"https:\/\/elfsight.com\/pl\/wp-json\/wp\/v2\/pages\/6494\/revisions\/6498"}],"up":[{"embeddable":true,"href":"https:\/\/elfsight.com\/pl\/wp-json\/wp\/v2\/pages\/637"}],"wp:attachment":[{"href":"https:\/\/elfsight.com\/pl\/wp-json\/wp\/v2\/media?parent=6494"}],"curies":[{"name":"wp","href":"https:\/\/api.w.org\/{rel}","templated":true}]}}