{"id":6488,"date":"1970-01-01T00:00:00","date_gmt":"1970-01-01T00:00:00","guid":{"rendered":"https:\/\/elfsight.com\/pl\/?page_id=6488"},"modified":"2024-11-14T08:51:04","modified_gmt":"2024-11-14T08:51:04","slug":"webflow","status":"publish","type":"page","link":"https:\/\/elfsight.com\/pl\/social-feed-widget\/webflow\/","title":{"rendered":"Social Feed &#8211; Webflow"},"content":{"rendered":"<div class=\"application-platform-content-item-description application-platform-content-item\" id=\"description\" data-nav-section=\"description\"> <h2>Umie\u015b\u0107 kana\u0142 spo\u0142eczno\u015bciowy w Webflow za pomoc\u0105 wid\u017cetu Elfsight<\/h2> <p>Kana\u0142 spo\u0142eczno\u015bciowy Elfsight dla Webflow to ekskluzywna wtyczka s\u0142u\u017c\u0105ca nie tylko do sprzeda\u017cy rzeczy, ale emocje i prze\u017cycia. Dzi\u0119ki niemu mo\u017cesz zbudowa\u0107 indywidualny kana\u0142 z\u0142o\u017cony z tre\u015bci z r\u00f3\u017cnych sieci: Instagram, Pinterest, Facebook, Twitter, Tumblr, YouTube, Vimeo &#8211; i wy\u015bwietli\u0107 go bezpo\u015brednio na swojej stronie internetowej. Stw\u00f3rz galeri\u0119 lub katalog produkt\u00f3w kilkoma klikni\u0119ciami! Przejmij ca\u0142kowit\u0105 kontrol\u0119 nad prezentowan\u0105 tre\u015bci\u0105 dzi\u0119ki r\u00f3\u017cnorodnym opcjom filtrowania i pozb\u0105d\u017a si\u0119 spamu oraz wszelkich niechcianych tre\u015bci za pomoc\u0105 r\u0119cznej moderacji. Ca\u0142kowicie responsywny konfigurator online umo\u017cliwia wyb\u00f3r r\u00f3\u017cnych szablon\u00f3w. <\/p> <p><b>Zintegruj \u015bcian\u0119 spo\u0142eczno\u015bciow\u0105, aby \u0142atwiej realizowa\u0107 cele e-commerce! <\/b><\/p> <\/div> <div class=\"application-platform-content-item-features application-platform-content-item\" id=\"features\" data-nav-section=\"features\"> <h2>Podstawowe funkcje wid\u017cetu obejmuj\u0105<\/h2> <ul><li>Pokazuj zawarto\u015b\u0107 medi\u00f3w spo\u0142eczno\u015bciowych z wielu sieci. <\/li><li>Pozb\u0105d\u017a si\u0119 spamu i niepo\u017c\u0105danych tre\u015bci, korzystaj\u0105c z r\u0119cznego trybu moderacji. <\/li><li>Zainstaluj przycisk Obserwuj w kanale wid\u017cetu. <\/li><li>Pozw\u00f3l wy\u015bwietla\u0107 swoje posty w trybie wyskakuj\u0105cym. <\/li><\/ul><p><a href=\"#demo\">Dzia\u0142anie widgetu mo\u017cesz sprawdzi\u0107 za pomoc\u0105 wersji demonstracyjnej<\/a><\/p> <\/div> <div class=\"application-platform-content-item- instalacja application-platform-content-item\" id=\" instalacja\" data-nav-section=\" instalacja\"> <h2>Jak mog\u0119 osadzi\u0107 wid\u017cet Kana\u0142 medi\u00f3w spo\u0142eczno\u015bciowych na mojej stronie internetowej Webflow? <\/h2> <p>Wystarczy post\u0119powa\u0107 zgodnie z poni\u017cszymi wskaz\u00f3wkami, aby rozpocz\u0105\u0107 korzystanie z narz\u0119dzia. <\/p> <ol><li><b>Uruchom nasz\u0105 bezp\u0142atn\u0105 wersj\u0119 demonstracyjn\u0105 i zacznij tworzy\u0107 niestandardowy widget. <\/b><br> Znajd\u017a po\u017c\u0105dany projekt i funkcje narz\u0119dzia i zapisz zmiany. <\/li> <li><b>Skopiuj sw\u00f3j unikalny kod pokazany w polu w aplikacjach Elfsight. <\/b><br> Po zako\u0144czeniu konfiguracji osobistej wtyczki skopiuj indywidualny kod w wy\u015bwietlonym polu i zapisz go do wykorzystania w przysz\u0142o\u015bci. <\/li> <li><b>Rozpocznij korzystanie z wid\u017cetu \u015aciana spo\u0142eczno\u015bciowa w witrynie webflow. <\/b><br> Wprowad\u017a wcze\u015bniej zapisany kod na swojej stronie internetowej i zapisz zmiany. <\/li> <li><b>Gotowe! Osadzanie zosta\u0142o ca\u0142kowicie zako\u0144czone. <\/b><br> Odwied\u017a swoj\u0105 witryn\u0119, aby zobaczy\u0107, jak dzia\u0142a widget. <\/li><\/ol> <p>Je\u015bli napotkasz jakie\u015b trudno\u015bci, nie wahaj si\u0119 zwr\u00f3ci\u0107 do naszego personelu pomocniczego. Nasi specjali\u015bci z przyjemno\u015bci\u0105 odpowiedz\u0105 na wszystkie pytania dotycz\u0105ce wid\u017cetu. <\/p> <\/div><div class=\"faq\" data-component=\"FAQ\"><div class=\"faq-item\">\r\n\t\t\t\t\t<div class=\"faq-item-question\">\r\n\t\t\t\t\t\t<h3 class=\"faq-item-question-text\">W jaki spos\u00f3b mog\u0119 osadzi\u0107 kana\u0142 spo\u0142eczno\u015bciowy w moim Webflow bez kodowania?<\/h3>\r\n\r\n\t\t\t\t\t\t<div class=\"faq-item-question-icon\"><\/div>\r\n\t\t\t\t\t<\/div>\r\n\r\n\t\t\t\t\t<div class=\"faq-item-answer\">\r\n\t\t\t\t\t\t<div class=\"faq-item-answer-text\"><p>Firma Elfsight dostarcza rozwi\u0105zanie kt\u00f3ra umo\u017cliwia w\u0142a\u015bcicielom witryn samodzielne utworzenie wtyczki kana\u0142u spo\u0142eczno\u015bciowego, zobacz, jak nieskomplikowany jest ten proces: <\/p><ul><li>Pracuj w wersji demonstracyjnej na \u017cywo, aby wygenerowa\u0107 sekcj\u0119 kana\u0142u spo\u0142eczno\u015bciowego, kt\u00f3ra ma by\u0107 wy\u015bwietlana w Twoim przep\u0142ywie sieciowym.<\/p><ul><li> li&gt;<li>Wybierz jeden z gotowych szablon\u00f3w i zmie\u0144 ustawienia Kana\u0142u Spo\u0142eczno\u015bciowego, dodaj swoj\u0105 tre\u015b\u0107, zmie\u0144 uk\u0142ad i kolor element\u00f3w bez znajomo\u015bci kodowania.<\/li><li>Zapisz Kana\u0142 Spo\u0142eczno\u015bciowy i uzyskaj kod instalacyjny wtyczki, kt\u00f3re mo\u017cna po prostu umie\u015bci\u0107 na swojej witrynie Webflow bez konieczno\u015bci zakupu wersji p\u0142atnej.<\/li><\/ul><p>Korzystaj\u0105c z naszego intuicyjnego edytora, ka\u017cdy u\u017cytkownik Internetu mo\u017ce utworzy\u0107 wtyczk\u0119 Social Feed online i bez wysi\u0142ku osadzi\u0107 j\u0105 na dowolnej witrynie Webflow. Aby wej\u015b\u0107 do naszego Edytora, nie musisz p\u0142aci\u0107 ani podawa\u0107 danych swojej karty. Je\u015bli napotkasz jakiekolwiek problemy, skontaktuj si\u0119 z naszym technicznym dzia\u0142em obs\u0142ugi klienta.<\/p><\/div>\r\n\t\t\t\t\t<\/div>\r\n\t\t\t\t<\/div><\/div>","protected":false},"excerpt":{"rendered":"","protected":false},"author":9,"featured_media":0,"parent":637,"menu_order":0,"comment_status":"closed","ping_status":"closed","template":"templates\/template-application-platform.php","meta":{"publish_to_discourse":"","publish_post_category":"","wpdc_auto_publish_overridden":"","wpdc_topic_tags":"","wpdc_pin_topic":"","wpdc_pin_until":"","discourse_post_id":"","discourse_permalink":"","wpdc_publishing_response":"","wpdc_publishing_error":"","footnotes":""},"class_list":["post-6488","page","type-page","status-publish","hentry"],"yoast_head":"<!-- This site is optimized with the Yoast SEO plugin v25.3.1 - https:\/\/yoast.com\/wordpress\/plugins\/seo\/ -->\n<title>Dodaj wid\u017cet Social Wall do witryny Webflow (szybko i bezp\u0142atnie)<\/title>\n<meta name=\"description\" content=\"Zaimplementuj przyjazny dla urz\u0105dze\u0144 mobilnych wid\u017cet kana\u0142u spo\u0142eczno\u015bciowego Webflow w swojej witrynie Webflow. Wypr\u00f3buj por\u0119czn\u0105 wersj\u0119 demonstracyjn\u0105 Elfsight i zmodyfikuj sw\u00f3j wspania\u0142y wid\u017cet \u015bciany spo\u0142eczno\u015bciowej.\" \/>\n<meta name=\"robots\" content=\"index, follow, max-snippet:-1, max-image-preview:large, max-video-preview:-1\" \/>\n<link rel=\"canonical\" href=\"https:\/\/elfsight.com\/pl\/social-feed-widget\/webflow\/\" \/>\n<meta property=\"og:locale\" content=\"pl_PL\" \/>\n<meta property=\"og:type\" content=\"article\" \/>\n<meta property=\"og:title\" content=\"Dodaj wid\u017cet Social Wall do witryny Webflow (szybko i bezp\u0142atnie)\" \/>\n<meta property=\"og:description\" content=\"Zaimplementuj przyjazny dla urz\u0105dze\u0144 mobilnych wid\u017cet kana\u0142u spo\u0142eczno\u015bciowego Webflow w swojej witrynie Webflow. Wypr\u00f3buj por\u0119czn\u0105 wersj\u0119 demonstracyjn\u0105 Elfsight i zmodyfikuj sw\u00f3j wspania\u0142y wid\u017cet \u015bciany spo\u0142eczno\u015bciowej.\" \/>\n<meta property=\"og:url\" content=\"https:\/\/elfsight.com\/pl\/social-feed-widget\/webflow\/\" \/>\n<meta property=\"og:site_name\" content=\"Elfsight PL\" \/>\n<meta property=\"article:modified_time\" content=\"2024-11-14T08:51:04+00:00\" \/>\n<meta name=\"twitter:card\" content=\"summary_large_image\" \/>\n<meta name=\"twitter:label1\" content=\"Szacowany czas czytania\" \/>\n\t<meta name=\"twitter:data1\" content=\"3 minuty\" \/>\n<!-- \/ Yoast SEO plugin. -->","yoast_head_json":{"title":"Dodaj wid\u017cet Social Wall do witryny Webflow (szybko i bezp\u0142atnie)","description":"Zaimplementuj przyjazny dla urz\u0105dze\u0144 mobilnych wid\u017cet kana\u0142u spo\u0142eczno\u015bciowego Webflow w swojej witrynie Webflow. Wypr\u00f3buj por\u0119czn\u0105 wersj\u0119 demonstracyjn\u0105 Elfsight i zmodyfikuj sw\u00f3j wspania\u0142y wid\u017cet \u015bciany spo\u0142eczno\u015bciowej.","robots":{"index":"index","follow":"follow","max-snippet":"max-snippet:-1","max-image-preview":"max-image-preview:large","max-video-preview":"max-video-preview:-1"},"canonical":"https:\/\/elfsight.com\/pl\/social-feed-widget\/webflow\/","og_locale":"pl_PL","og_type":"article","og_title":"Dodaj wid\u017cet Social Wall do witryny Webflow (szybko i bezp\u0142atnie)","og_description":"Zaimplementuj przyjazny dla urz\u0105dze\u0144 mobilnych wid\u017cet kana\u0142u spo\u0142eczno\u015bciowego Webflow w swojej witrynie Webflow. Wypr\u00f3buj por\u0119czn\u0105 wersj\u0119 demonstracyjn\u0105 Elfsight i zmodyfikuj sw\u00f3j wspania\u0142y wid\u017cet \u015bciany spo\u0142eczno\u015bciowej.","og_url":"https:\/\/elfsight.com\/pl\/social-feed-widget\/webflow\/","og_site_name":"Elfsight PL","article_modified_time":"2024-11-14T08:51:04+00:00","twitter_card":"summary_large_image","twitter_misc":{"Szacowany czas czytania":"3 minuty"},"schema":{"@context":"https:\/\/schema.org","@graph":[{"@type":"WebPage","@id":"https:\/\/elfsight.com\/pl\/social-feed-widget\/webflow\/","url":"https:\/\/elfsight.com\/pl\/social-feed-widget\/webflow\/","name":"Dodaj wid\u017cet Social Wall do witryny Webflow (szybko i bezp\u0142atnie)","isPartOf":{"@id":"https:\/\/elfsight.com\/pl\/#website"},"datePublished":"1970-01-01T00:00:00+00:00","dateModified":"2024-11-14T08:51:04+00:00","description":"Zaimplementuj przyjazny dla urz\u0105dze\u0144 mobilnych wid\u017cet kana\u0142u spo\u0142eczno\u015bciowego Webflow w swojej witrynie Webflow. Wypr\u00f3buj por\u0119czn\u0105 wersj\u0119 demonstracyjn\u0105 Elfsight i zmodyfikuj sw\u00f3j wspania\u0142y wid\u017cet \u015bciany spo\u0142eczno\u015bciowej.","breadcrumb":{"@id":"https:\/\/elfsight.com\/pl\/social-feed-widget\/webflow\/#breadcrumb"},"inLanguage":"pl-PL","potentialAction":[{"@type":"ReadAction","target":["https:\/\/elfsight.com\/pl\/social-feed-widget\/webflow\/"]}]},{"@type":"BreadcrumbList","@id":"https:\/\/elfsight.com\/pl\/social-feed-widget\/webflow\/#breadcrumb","itemListElement":[{"@type":"ListItem","position":1,"name":"Home","item":"https:\/\/elfsight.com\/pl\/"},{"@type":"ListItem","position":2,"name":"Social Feed","item":"https:\/\/elfsight.com\/pl\/social-feed-widget\/"},{"@type":"ListItem","position":3,"name":"Social Feed &#8211; Webflow"}]},{"@type":"WebSite","@id":"https:\/\/elfsight.com\/pl\/#website","url":"https:\/\/elfsight.com\/pl\/","name":"Elfsight PL","description":"Just another Elfsight Sites site","potentialAction":[{"@type":"SearchAction","target":{"@type":"EntryPoint","urlTemplate":"https:\/\/elfsight.com\/pl\/?s={search_term_string}"},"query-input":{"@type":"PropertyValueSpecification","valueRequired":true,"valueName":"search_term_string"}}],"inLanguage":"pl-PL"}]}},"meta_box":{"industry":"","seo_heading":"","heading":"","description":"","cta_heading":"","cta_description":"","application":"636","h1":"Wid\u017cet kana\u0142u spo\u0142eczno\u015bciowego Webflow","h1_caption":"Agreguj tre\u015bci z wielu platform medi\u00f3w spo\u0142eczno\u015bciowych w jeden dynamiczny kana\u0142, dzi\u0119ki czemu odwiedzaj\u0105cy b\u0119d\u0105 mogli bez wysi\u0142ku wy\u015bwietla\u0107 \u015bwie\u017ce i anga\u017cuj\u0105ce tre\u015bci w Twojej witrynie Webflow.","application_category":[],"applications_title":"","applications_request_title":"","applications_request_button_text":"","hero_text":"","hero_video":"","hero_video_schema_markup":"","selling_points_title":"","selling_points_caption":"","selling_points":[],"selling_points_cta_text":"","features_title":"","features":"","ed_cta_examples_text":"","ed_cta_examples_hidden":"","ed_cta_demo_text":"","ed_cta_demo_hidden":"","why_caption":"","why_editor_title":"","why_editor_text":"","why_team_title":"","why_team_text":"","why_service_title":"","why_service_text":"","template_catalog_visible":"","template_catalog_title":"","template_catalog_text":"","template_catalog_categories_visible":"","demo_title":"Utw\u00f3rz wid\u017cet kana\u0142u spo\u0142eczno\u015bciowego","demo_caption":"Skonfiguruj sw\u00f3j kana\u0142 spo\u0142eczno\u015bciowy i dodaj go do swojej witryny Webflow za darmo!","default_faq_hidden":"","app_template_category":[],"platform":"127","template_public_id":"","codecanyon_url":"","codecanyon_item_id":"","codecanyon_price":"","pricing_caption":"","pricing_elfsight_apps_hide_column":"","pricing_elfsight_apps_url":"","pricing_codecanyon_price_caption":"","integration_category":[],"integration_request_title":"","integration_request_cta":"","integration_platform":"","integrations":[],"platform_category":[],"video_schema_markup":"","price":"od 0 USD \/ miesi\u0105c","trial":"","benefits":[{"text":"Bezp\u0142atna us\u0142uga monta\u017cu"},{"text":"Wyj\u0105tkowe wsparcie"},{"text":"14-dniowa gwarancja zwrotu pieni\u0119dzy"}],"button_url":"#demo","button_target_blank":"","button_nofollow":"","attributes":[{"name":"Instaluje"},{"name":"Czu\u0142y"},{"name":"Kompatybilne przegl\u0105darki"}],"tags":[],"tags_disable_links":"","hide_more_platforms":"","video_object":"","demo_hide_cta":"","demo_hide_cloud_options":"","pricing_title":"","pricing":[{"pricing_icon":"platform","pricing_title":"Elfsight Apps","pricing_title_caption":"Rozwi\u0105zanie wieloplatformowe, kt\u00f3re dzia\u0142a na dowolnej witrynie","pricing_price":"od 0 USD \/ miesi\u0105c","pricing_price_caption":"zacznij od bezp\u0142atnego planu","pricing_benefits":[{"text":"Nielimitowane domeny"},{"text":"Dedykowana obs\u0142uga klienta"},{"text":"Bezp\u0142atna pomoc w monta\u017cu"},{"text":"Specjalna oferta na wiele aplikacji"}],"pricing_button_text":"Dodaj do witryny","pricing_button_url":"#demo"}],"related_apps_title":"","related_apps_hidden":"","author":"","image":[],"title":"","job":"","social_networks":[]},"_links":{"self":[{"href":"https:\/\/elfsight.com\/pl\/wp-json\/wp\/v2\/pages\/6488","targetHints":{"allow":["GET"]}}],"collection":[{"href":"https:\/\/elfsight.com\/pl\/wp-json\/wp\/v2\/pages"}],"about":[{"href":"https:\/\/elfsight.com\/pl\/wp-json\/wp\/v2\/types\/page"}],"author":[{"embeddable":true,"href":"https:\/\/elfsight.com\/pl\/wp-json\/wp\/v2\/users\/9"}],"replies":[{"embeddable":true,"href":"https:\/\/elfsight.com\/pl\/wp-json\/wp\/v2\/comments?post=6488"}],"version-history":[{"count":1,"href":"https:\/\/elfsight.com\/pl\/wp-json\/wp\/v2\/pages\/6488\/revisions"}],"predecessor-version":[{"id":6492,"href":"https:\/\/elfsight.com\/pl\/wp-json\/wp\/v2\/pages\/6488\/revisions\/6492"}],"up":[{"embeddable":true,"href":"https:\/\/elfsight.com\/pl\/wp-json\/wp\/v2\/pages\/637"}],"wp:attachment":[{"href":"https:\/\/elfsight.com\/pl\/wp-json\/wp\/v2\/media?parent=6488"}],"curies":[{"name":"wp","href":"https:\/\/api.w.org\/{rel}","templated":true}]}}