{"id":6487,"date":"2024-05-03T06:47:50","date_gmt":"2024-05-03T06:47:50","guid":{"rendered":"https:\/\/elfsight.com\/pl\/?page_id=6487"},"modified":"2024-11-14T08:51:04","modified_gmt":"2024-11-14T08:51:04","slug":"webnode","status":"publish","type":"page","link":"https:\/\/elfsight.com\/pl\/social-feed-widget\/webnode\/","title":{"rendered":"Social Feed &#8211; Webnode"},"content":{"rendered":"<div class=\"application-platform-content-item-description application-platform-content-item\" id=\"description\" data-nav-section=\"description\"> <h2>Opis<\/h2> <p>Kana\u0142 spo\u0142eczno\u015bciowy Elfsight dla Webnode to wid\u017cet s\u0142u\u017c\u0105cy do promowania nie tylko rzeczy, ale tak\u017ce emocji i do\u015bwiadcze\u0144. Dzi\u0119ki niemu mo\u017cesz zaprojektowa\u0107 indywidualny kana\u0142 sk\u0142adaj\u0105cy si\u0119 z tre\u015bci z wielu sieci: Instagram, Pinterest, Facebook, Twitter, Tumblr, YouTube, Vimeo &#8211; i umie\u015bci\u0107 go bezpo\u015brednio na swojej stronie internetowej. Stw\u00f3rz galeri\u0119 lub katalog produkt\u00f3w w kilka minut! Ciesz si\u0119 ca\u0142kowit\u0105 kontrol\u0105 nad prezentowan\u0105 tre\u015bci\u0105 dzi\u0119ki r\u00f3\u017cnym opcjom filtrowania i pozbywaj si\u0119 spamu oraz wszelkich niepo\u017c\u0105danych tre\u015bci poprzez r\u0119czn\u0105 moderacj\u0119. W pe\u0142ni responsywny edytor online udost\u0119pnia wiele szablon\u00f3w do wyboru. <\/p> <p><b>Zwi\u0119ksz skuteczno\u015b\u0107 swojej witryny w celach biznesowych za pomoc\u0105 \u015bciany spo\u0142eczno\u015bciowej<\/b><\/p> <\/div> <div class=\"application-platform-content-item-features application-platform-content-item\" id=\"features\" data-nav-section=\"features\"> <h2>Znajd\u017a poni\u017cej podstawowe funkcje wid\u017cetu: <\/h2> <ul><li>Wy\u015bwietlaj tre\u015bci z medi\u00f3w spo\u0142eczno\u015bciowych z r\u00f3\u017cnych sieci. <\/li><li>Wyeliminuj spam i niechciane tre\u015bci w trybie r\u0119cznego moderowania. <\/li><li>Umie\u015b\u0107 przycisk Obserwuj na kartach wid\u017cet\u00f3w. <\/li><li>Spraw, aby Twoje posty by\u0142y wy\u015bwietlane w trybie wyskakuj\u0105cym. <\/li><\/ul><p><a href=\"#demo\">Mo\u017cesz zobaczy\u0107, ile wart jest widget, korzystaj\u0105c z wersji demonstracyjnej<\/a><\/p> <\/div> <div class=\"application-platform-content-item-installation application-platform-content-item\" id=\"installation\" data-nav-section=\"installation\"> <h2>Jak doda\u0107 wid\u017cet medi\u00f3w spo\u0142eczno\u015bciowych do mojej witryny Webnode? <\/h2> <p>Wystarczy wykona\u0107 poni\u017csze wskaz\u00f3wki, aby aktywowa\u0107 wtyczk\u0119. <\/p> <ol><li><b>Skorzystaj z naszego bezp\u0142atnego edytora i zacznij tworzy\u0107 w\u0142asny widget. <\/b><br> Okre\u015bl po\u017c\u0105dany uk\u0142ad i funkcjonalno\u015b\u0107 narz\u0119dzia oraz zapisz zmiany. <\/li> <li><b>Skopiuj sw\u00f3j unikalny kod pojawiaj\u0105cy si\u0119 w oknie aplikacji Elfsight. <\/b><br> Po zako\u0144czeniu generowania osobistego wid\u017cetu skopiuj ekskluzywny kod z wy\u015bwietlonego wyskakuj\u0105cego okienka i zachowaj go do dalszego wykorzystania. <\/li> <li><b>Zacznij korzysta\u0107 z wid\u017cetu \u015aciana spo\u0142eczno\u015bciowa w swojej witrynie Webnode. <\/b><br> Zaimplementuj zapisany ostatnio kod na swojej stronie g\u0142\u00f3wnej i zapisz ulepszenia. <\/li> <li><b>Gotowe! Osadzanie zosta\u0142o w pe\u0142ni zako\u0144czone. <\/b><br> Odwied\u017a swoj\u0105 stron\u0119, aby sprawdzi\u0107, jak dzia\u0142a narz\u0119dzie. <\/li><\/ol> <p>Je\u015bli masz pytania lub napotkasz pewne trudno\u015bci, skontaktuj si\u0119 z naszym zespo\u0142em obs\u0142ugi klienta. Nasi konsultanci z przyjemno\u015bci\u0105 rozwi\u0105\u017c\u0105 wszystkie problemy, jakie mo\u017cesz mie\u0107 z widgetem. <\/p> <\/div><div class=\"faq\" data-component=\"FAQ\"><div class=\"faq-item\">\r\n\t\t\t\t\t<div class=\"faq-item-question\">\r\n\t\t\t\t\t\t<h3 class=\"faq-item-question-text\">W jaki spos\u00f3b mo\u017cna doda\u0107 kana\u0142 spo\u0142eczno\u015bciowy do mojego Webnode bez do\u015bwiadczenia w kodowaniu?<\/h3>\r\n\r\n\t\t\t\t\t\t<div class=\"faq-item-question-icon\"><\/div>\r\n\t\t\t\t\t<\/div>\r\n\r\n\t\t\t\t\t<div class=\"faq-item-answer\">\r\n\t\t\t\t\t\t<div class=\"faq-item-answer-text\"><p>Firma Elfsight wprowadza rozwi\u0105zanie w chmurze, kt\u00f3re umo\u017cliwia w\u0142a\u015bcicielom witryn samodzielne utworzenie wtyczki kana\u0142u spo\u0142eczno\u015bciowego. Zapoznaj si\u0119 z prostymi instrukcjami: <\/p><ul><li>Przejd\u017a do wersji demonstracyjnej online, aby utworzy\u0107 aplikacj\u0119 kana\u0142u spo\u0142eczno\u015bciowego, kt\u00f3r\u0105 chcesz zobaczy\u0107 na swoim w\u0119\u017ale internetowym. <\/li><li>Wybierz jeden z wst\u0119pnie zaprojektowanych szablon\u00f3w i dostosuj ustawienia kana\u0142u spo\u0142eczno\u015bciowego, zaktualizuj tre\u015b\u0107, zmie\u0144 uk\u0142ad i schemat kolor\u00f3w bez znajomo\u015bci kodowania.<\/li><li>Zapisz kana\u0142 spo\u0142eczno\u015bciowy i uzyskaj wid\u017cety kod instalacyjny, kt\u00f3ry mo\u017cna w prosty spos\u00f3b osadzi\u0107 na stronie Webnode bez konieczno\u015bci wykupywania p\u0142atnej subskrypcji.<\/li><\/ul><p>Dzi\u0119ki przyjaznemu dla u\u017cytkownika Konfiguratorowi ka\u017cdy internauta mo\u017ce utworzy\u0107 online kana\u0142 spo\u0142eczno\u015bciowy i \u0142atwo za\u0142\u0105czy\u0107 go do swojego Strona g\u0142\u00f3wna w\u0119z\u0142a internetowego. Aby uzyska\u0107 dost\u0119p do us\u0142ugi, nie jest wymagane posiadanie p\u0142atnego planu ani ujawnianie danych uwierzytelniaj\u0105cych karty. Je\u015bli na kt\u00f3rymkolwiek etapie napotkasz jakiekolwiek problemy, skontaktuj si\u0119 z naszym zespo\u0142em pomocy.<\/p><\/div>\r\n\t\t\t\t\t<\/div>\r\n\t\t\t\t<\/div><\/div>","protected":false},"excerpt":{"rendered":"","protected":false},"author":9,"featured_media":0,"parent":637,"menu_order":0,"comment_status":"closed","ping_status":"closed","template":"templates\/template-application-platform.php","meta":{"publish_to_discourse":"","publish_post_category":"","wpdc_auto_publish_overridden":"","wpdc_topic_tags":"","wpdc_pin_topic":"","wpdc_pin_until":"","discourse_post_id":"","discourse_permalink":"","wpdc_publishing_response":"","wpdc_publishing_error":"","footnotes":""},"class_list":["post-6487","page","type-page","status-publish","hentry"],"yoast_head":"<!-- This site is optimized with the Yoast SEO plugin v25.3.1 - https:\/\/yoast.com\/wordpress\/plugins\/seo\/ -->\n<title>Dodaj wid\u017cet Social Wall do witryny Webnode (szybko i bezp\u0142atnie)<\/title>\n<meta name=\"description\" content=\"Zintegruj \u0142atwy w zarz\u0105dzaniu wid\u017cet kana\u0142u spo\u0142eczno\u015bciowego Webnode na swojej stronie Webnode. Wypr\u00f3buj por\u0119czn\u0105 wersj\u0119 demonstracyjn\u0105 Elfsight i wygeneruj niesamowity wid\u017cet \u015bciany spo\u0142eczno\u015bciowej.\" \/>\n<meta name=\"robots\" content=\"index, follow, max-snippet:-1, max-image-preview:large, max-video-preview:-1\" \/>\n<link rel=\"canonical\" href=\"https:\/\/elfsight.com\/pl\/social-feed-widget\/webnode\/\" \/>\n<meta property=\"og:locale\" content=\"pl_PL\" \/>\n<meta property=\"og:type\" content=\"article\" \/>\n<meta property=\"og:title\" content=\"Dodaj wid\u017cet Social Wall do witryny Webnode (szybko i bezp\u0142atnie)\" \/>\n<meta property=\"og:description\" content=\"Zintegruj \u0142atwy w zarz\u0105dzaniu wid\u017cet kana\u0142u spo\u0142eczno\u015bciowego Webnode na swojej stronie Webnode. Wypr\u00f3buj por\u0119czn\u0105 wersj\u0119 demonstracyjn\u0105 Elfsight i wygeneruj niesamowity wid\u017cet \u015bciany spo\u0142eczno\u015bciowej.\" \/>\n<meta property=\"og:url\" content=\"https:\/\/elfsight.com\/pl\/social-feed-widget\/webnode\/\" \/>\n<meta property=\"og:site_name\" content=\"Elfsight PL\" \/>\n<meta property=\"article:modified_time\" content=\"2024-11-14T08:51:04+00:00\" \/>\n<meta name=\"twitter:card\" content=\"summary_large_image\" \/>\n<meta name=\"twitter:label1\" content=\"Szacowany czas czytania\" \/>\n\t<meta name=\"twitter:data1\" content=\"3 minuty\" \/>\n<!-- \/ Yoast SEO plugin. -->","yoast_head_json":{"title":"Dodaj wid\u017cet Social Wall do witryny Webnode (szybko i bezp\u0142atnie)","description":"Zintegruj \u0142atwy w zarz\u0105dzaniu wid\u017cet kana\u0142u spo\u0142eczno\u015bciowego Webnode na swojej stronie Webnode. Wypr\u00f3buj por\u0119czn\u0105 wersj\u0119 demonstracyjn\u0105 Elfsight i wygeneruj niesamowity wid\u017cet \u015bciany spo\u0142eczno\u015bciowej.","robots":{"index":"index","follow":"follow","max-snippet":"max-snippet:-1","max-image-preview":"max-image-preview:large","max-video-preview":"max-video-preview:-1"},"canonical":"https:\/\/elfsight.com\/pl\/social-feed-widget\/webnode\/","og_locale":"pl_PL","og_type":"article","og_title":"Dodaj wid\u017cet Social Wall do witryny Webnode (szybko i bezp\u0142atnie)","og_description":"Zintegruj \u0142atwy w zarz\u0105dzaniu wid\u017cet kana\u0142u spo\u0142eczno\u015bciowego Webnode na swojej stronie Webnode. Wypr\u00f3buj por\u0119czn\u0105 wersj\u0119 demonstracyjn\u0105 Elfsight i wygeneruj niesamowity wid\u017cet \u015bciany spo\u0142eczno\u015bciowej.","og_url":"https:\/\/elfsight.com\/pl\/social-feed-widget\/webnode\/","og_site_name":"Elfsight PL","article_modified_time":"2024-11-14T08:51:04+00:00","twitter_card":"summary_large_image","twitter_misc":{"Szacowany czas czytania":"3 minuty"},"schema":{"@context":"https:\/\/schema.org","@graph":[{"@type":"WebPage","@id":"https:\/\/elfsight.com\/pl\/social-feed-widget\/webnode\/","url":"https:\/\/elfsight.com\/pl\/social-feed-widget\/webnode\/","name":"Dodaj wid\u017cet Social Wall do witryny Webnode (szybko i bezp\u0142atnie)","isPartOf":{"@id":"https:\/\/elfsight.com\/pl\/#website"},"datePublished":"2024-05-03T06:47:50+00:00","dateModified":"2024-11-14T08:51:04+00:00","description":"Zintegruj \u0142atwy w zarz\u0105dzaniu wid\u017cet kana\u0142u spo\u0142eczno\u015bciowego Webnode na swojej stronie Webnode. Wypr\u00f3buj por\u0119czn\u0105 wersj\u0119 demonstracyjn\u0105 Elfsight i wygeneruj niesamowity wid\u017cet \u015bciany spo\u0142eczno\u015bciowej.","breadcrumb":{"@id":"https:\/\/elfsight.com\/pl\/social-feed-widget\/webnode\/#breadcrumb"},"inLanguage":"pl-PL","potentialAction":[{"@type":"ReadAction","target":["https:\/\/elfsight.com\/pl\/social-feed-widget\/webnode\/"]}]},{"@type":"BreadcrumbList","@id":"https:\/\/elfsight.com\/pl\/social-feed-widget\/webnode\/#breadcrumb","itemListElement":[{"@type":"ListItem","position":1,"name":"Home","item":"https:\/\/elfsight.com\/pl\/"},{"@type":"ListItem","position":2,"name":"Social Feed","item":"https:\/\/elfsight.com\/pl\/social-feed-widget\/"},{"@type":"ListItem","position":3,"name":"Social Feed &#8211; Webnode"}]},{"@type":"WebSite","@id":"https:\/\/elfsight.com\/pl\/#website","url":"https:\/\/elfsight.com\/pl\/","name":"Elfsight PL","description":"Just another Elfsight Sites site","potentialAction":[{"@type":"SearchAction","target":{"@type":"EntryPoint","urlTemplate":"https:\/\/elfsight.com\/pl\/?s={search_term_string}"},"query-input":{"@type":"PropertyValueSpecification","valueRequired":true,"valueName":"search_term_string"}}],"inLanguage":"pl-PL"}]}},"meta_box":{"industry":"","seo_heading":"","heading":"","description":"","cta_heading":"","cta_description":"","application":"636","h1":"Wid\u017cet kana\u0142u spo\u0142eczno\u015bciowego Webnode","h1_caption":"Agreguj tre\u015bci z wielu platform medi\u00f3w spo\u0142eczno\u015bciowych w jeden dynamiczny kana\u0142, zapewniaj\u0105c odwiedzaj\u0105cym bez wysi\u0142ku \u015bwie\u017ce i anga\u017cuj\u0105ce tre\u015bci w Twojej witrynie Webnode.","application_category":[],"applications_title":"","applications_request_title":"","applications_request_button_text":"","hero_text":"","hero_video":"","hero_video_schema_markup":"","selling_points_title":"","selling_points_caption":"","selling_points":[],"selling_points_cta_text":"","features_title":"","features":"","ed_cta_examples_text":"","ed_cta_examples_hidden":"","ed_cta_demo_text":"","ed_cta_demo_hidden":"","why_caption":"","why_editor_title":"","why_editor_text":"","why_team_title":"","why_team_text":"","why_service_title":"","why_service_text":"","template_catalog_visible":"","template_catalog_title":"","template_catalog_text":"","template_catalog_categories_visible":"","demo_title":"Utw\u00f3rz wid\u017cet kana\u0142u spo\u0142eczno\u015bciowego","demo_caption":"Skonfiguruj sw\u00f3j kana\u0142 spo\u0142eczno\u015bciowy i dodaj go do swojej witryny Webnode za darmo!","default_faq_hidden":"","app_template_category":[],"platform":"138","template_public_id":"","codecanyon_url":"","codecanyon_item_id":"","codecanyon_price":"","pricing_caption":"","pricing_elfsight_apps_hide_column":"","pricing_elfsight_apps_url":"","pricing_codecanyon_price_caption":"","integration_category":[],"integration_request_title":"","integration_request_cta":"","integration_platform":"","integrations":[],"platform_category":[],"video_schema_markup":"","price":"od 0 USD \/ miesi\u0105c","trial":"","benefits":[{"text":"Bezp\u0142atna pomoc w instalacji"},{"text":"Wyj\u0105tkowe wsparcie"},{"text":"14-dniowa gwarancja zwrotu pieni\u0119dzy"},{"text":"Regularne bezp\u0142atne aktualizacje"}],"button_url":"#demo","button_target_blank":"","button_nofollow":"","attributes":[{"name":"Instaluje"},{"name":"Czu\u0142y"},{"name":"Kompatybilne przegl\u0105darki"}],"tags":[],"tags_disable_links":"","hide_more_platforms":"","video_object":"","demo_hide_cta":"","demo_hide_cloud_options":"","pricing_title":"","pricing":[{"pricing_icon":"platform","pricing_title":"Elfsight Apps","pricing_title_caption":"Wersja wieloplatformowa","pricing_price":"od 0 USD \/ miesi\u0105c","pricing_price_caption":"zacznij od bezp\u0142atnego planu","pricing_benefits":[{"text":"Nielimitowane strony internetowe"},{"text":"Dedykowane i terminowe wsparcie"},{"text":"Bezp\u0142atna pomoc w monta\u017cu"},{"text":"Cena do z\u0142apania dla wielu aplikacji"}],"pricing_button_text":"Dodaj do witryny","pricing_button_url":"#demo"}],"related_apps_title":"","related_apps_hidden":"","author":"","image":[],"title":"","job":"","social_networks":[]},"_links":{"self":[{"href":"https:\/\/elfsight.com\/pl\/wp-json\/wp\/v2\/pages\/6487","targetHints":{"allow":["GET"]}}],"collection":[{"href":"https:\/\/elfsight.com\/pl\/wp-json\/wp\/v2\/pages"}],"about":[{"href":"https:\/\/elfsight.com\/pl\/wp-json\/wp\/v2\/types\/page"}],"author":[{"embeddable":true,"href":"https:\/\/elfsight.com\/pl\/wp-json\/wp\/v2\/users\/9"}],"replies":[{"embeddable":true,"href":"https:\/\/elfsight.com\/pl\/wp-json\/wp\/v2\/comments?post=6487"}],"version-history":[{"count":1,"href":"https:\/\/elfsight.com\/pl\/wp-json\/wp\/v2\/pages\/6487\/revisions"}],"predecessor-version":[{"id":6491,"href":"https:\/\/elfsight.com\/pl\/wp-json\/wp\/v2\/pages\/6487\/revisions\/6491"}],"up":[{"embeddable":true,"href":"https:\/\/elfsight.com\/pl\/wp-json\/wp\/v2\/pages\/637"}],"wp:attachment":[{"href":"https:\/\/elfsight.com\/pl\/wp-json\/wp\/v2\/media?parent=6487"}],"curies":[{"name":"wp","href":"https:\/\/api.w.org\/{rel}","templated":true}]}}