{"id":6486,"date":"1970-01-01T00:00:00","date_gmt":"1970-01-01T00:00:00","guid":{"rendered":"https:\/\/elfsight.com\/pl\/?page_id=6486"},"modified":"2024-11-14T08:50:55","modified_gmt":"2024-11-14T08:50:55","slug":"weebly","status":"publish","type":"page","link":"https:\/\/elfsight.com\/pl\/social-feed-widget\/weebly\/","title":{"rendered":"Social Feed &#8211; Weebly"},"content":{"rendered":"<div class=\"application-platform-content-item-description application-platform-content-item\" id=\"description\" data-nav-section=\"description\"> <h2>Opis<\/h2> <p>Kana\u0142 spo\u0142eczno\u015bciowy Elfsight dla Weebly to specjalna aplikacja s\u0142u\u017c\u0105ca do promowania nie tylko rzeczy, ale tak\u017ce emocji i do\u015bwiadcze\u0144. Dzi\u0119ki niemu mo\u017cesz zaprojektowa\u0107 zindywidualizowany kana\u0142 sk\u0142adaj\u0105cy si\u0119 z tre\u015bci z r\u00f3\u017cnych \u017ar\u00f3de\u0142: Instagram, Pinterest, Facebook, Twitter, Tumblr, YouTube, Vimeo &#8211; i zaprezentowa\u0107 go bezpo\u015brednio na swojej stronie. Zbuduj galeri\u0119 lub katalog produkt\u00f3w w kilka minut! Ciesz si\u0119 ca\u0142kowit\u0105 kontrol\u0105 nad prezentowan\u0105 tre\u015bci\u0105 dzi\u0119ki r\u00f3\u017cnym opcjom filtrowania i usuwaj spam oraz wszelkie niechciane tre\u015bci za pomoc\u0105 r\u0119cznej moderacji. W pe\u0142ni responsywny konfigurator online udost\u0119pnia kilka szablon\u00f3w do wyboru. <\/p> <p><b>Zwi\u0119ksz skuteczno\u015b\u0107 swojej witryny w osi\u0105ganiu cel\u00f3w biznesowych dzi\u0119ki \u015bcianie spo\u0142eczno\u015bciowej<\/b><\/p> <\/div> <div class=\"application-platform-content-item-features application-platform-content-item\" id=\"features\" data-nav-section=\"features\"> <h2>To tylko kilka z zaawansowane funkcje aplikacji: <\/h2> <ul><li>Prezentuj tre\u015bci z r\u00f3\u017cnych medi\u00f3w spo\u0142eczno\u015bciowych. <\/li><li>Usu\u0144 wszelki spam i niechciane tre\u015bci, korzystaj\u0105c z r\u0119cznego trybu moderacji. <\/li><li>Umie\u015b\u0107 przycisk Obserwuj w kanale wid\u017cetu. <\/li><li>Pozw\u00f3l swoim postom wy\u015bwietla\u0107 si\u0119 w trybie wyskakuj\u0105cym. <\/li><\/ul><p><a href=\"#demo\">Przejrzyj wszystkie ustawienia w pe\u0142ni funkcjonalnej wersji demonstracyjnej<\/a><\/p> <\/div> <div class=\"application-platform-content-item-installation application-platform-content-item\" id=\"installation\" data-nav-section=\"installation\"> <h2>Jak osadzi\u0107 aplikacj\u0119 obs\u0142uguj\u0105c\u0105 media spo\u0142eczno\u015bciowe w mojej witrynie Weebly? <\/h2> <p>Wystarczy post\u0119powa\u0107 zgodnie z poni\u017cszymi instrukcjami, aby zintegrowa\u0107 narz\u0119dzie. <\/p> <ol><li><b>Wykonaj bezp\u0142atn\u0105 wersj\u0119 demonstracyjn\u0105 i zacznij tworzy\u0107 swoj\u0105 spersonalizowan\u0105 aplikacj\u0119. <\/b><br> Wybierz wybrany interfejs i funkcje wid\u017cetu i zapisz zmiany. <\/li> <li><b>Skopiuj sw\u00f3j osobisty kod wy\u015bwietlony w oknie aplikacji Elfsight. <\/b><br> Po zako\u0144czeniu generowania narz\u0119dzia skopiuj kod osobisty z wy\u015bwietlonego pola i zapisz go na p\u00f3\u017aniej. <\/li> <li><b>Rozpocznij korzystanie z aplikacji Social Wall w witrynie Weebly. <\/b><br> Wprowad\u017a zapisany wcze\u015bniej kod na swojej stronie internetowej i zastosuj zmiany. <\/li> <li><b>Gotowe! Konfiguracja zosta\u0142a pomy\u015blnie przeprowadzona. <\/b><br> Odwied\u017a swoj\u0105 stron\u0119 internetow\u0105, aby sprawdzi\u0107 dzia\u0142anie narz\u0119dzia. <\/li><\/ol> <p>Je\u015bli napotkasz jakiekolwiek trudno\u015bci, skontaktuj si\u0119 z naszym zespo\u0142em pomocy. Nasi konsultanci ch\u0119tnie odpowiedz\u0105 na wszystkie pytania dotycz\u0105ce produktu. <\/p> <\/div><div class=\"faq\" data-component=\"FAQ\"><div class=\"faq-item\">\r\n\t\t\t\t\t<div class=\"faq-item-question\">\r\n\t\t\t\t\t\t<h3 class=\"faq-item-question-text\">Jak doda\u0107 kana\u0142 spo\u0142eczno\u015bciowy do mojej witryny Weebly bez kodowania?<\/h3>\r\n\r\n\t\t\t\t\t\t<div class=\"faq-item-question-icon\"><\/div>\r\n\t\t\t\t\t<\/div>\r\n\r\n\t\t\t\t\t<div class=\"faq-item-answer\">\r\n\t\t\t\t\t\t<div class=\"faq-item-answer-text\"><p>Firma Elfsight zapewnia rozwi\u0105zanie SaaS, kt\u00f3re umo\u017cliwia u\u017cytkownikom samodzielne utworzenie wtyczki kana\u0142u spo\u0142eczno\u015bciowego, zapoznaj si\u0119 z nieskomplikowanym przewodnikiem: <\/p><ul><li>Przejd\u017a do wersji demonstracyjnej online, aby utworzy\u0107 wid\u017cet kana\u0142u spo\u0142eczno\u015bciowego, kt\u00f3ry ma by\u0107 wy\u015bwietlany w Weebly.<\/li><li> Zdecyduj si\u0119 na jeden z gotowych szablon\u00f3w i dostosuj ustawienia Kana\u0142u Spo\u0142eczno\u015bciowego, dodaj swoj\u0105 tre\u015b\u0107, zmie\u0144 uk\u0142ad i kolorystyk\u0119 bez kodowania.<\/li><li>Zapisz Kana\u0142 Spo\u0142eczno\u015bciowy i skopiuj kod instalacyjny wid\u017cetu, kt\u00f3ry mo\u017cesz \u0142atwo wklej na swojej stronie Weebly w ramach bezp\u0142atnego planu.<\/li><\/ul><p>Pracuj\u0105c w naszym intuicyjnym edytorze, ka\u017cdy u\u017cytkownik Internetu mo\u017ce utworzy\u0107 kana\u0142 spo\u0142eczno\u015bciowy i \u0142atwo osadzi\u0107 go na stronie g\u0142\u00f3wnej Weebly. Nie powiniene\u015b p\u0142aci\u0107 ani ujawnia\u0107 danych swojej karty, aby wej\u015b\u0107 do us\u0142ugi Elfsight. Je\u015bli napotkasz jakiekolwiek problemy, skontaktuj si\u0119 z naszym dzia\u0142em obs\u0142ugi klienta.<\/p><\/div>\r\n\t\t\t\t\t<\/div>\r\n\t\t\t\t<\/div><\/div>","protected":false},"excerpt":{"rendered":"","protected":false},"author":9,"featured_media":0,"parent":637,"menu_order":0,"comment_status":"closed","ping_status":"closed","template":"templates\/template-application-platform.php","meta":{"publish_to_discourse":"","publish_post_category":"","wpdc_auto_publish_overridden":"","wpdc_topic_tags":"","wpdc_pin_topic":"","wpdc_pin_until":"","discourse_post_id":"","discourse_permalink":"","wpdc_publishing_response":"","wpdc_publishing_error":"","footnotes":""},"class_list":["post-6486","page","type-page","status-publish","hentry"],"yoast_head":"<!-- This site is optimized with the Yoast SEO plugin v25.3.1 - https:\/\/yoast.com\/wordpress\/plugins\/seo\/ -->\n<title>Dodaj aplikacj\u0119 Social Wall do witryny Weebly (szybko i bezp\u0142atnie)<\/title>\n<meta name=\"description\" content=\"Umie\u015b\u0107 \u0142atw\u0105 w zarz\u0105dzaniu aplikacj\u0119 Weebly Social Feed na swojej stronie internetowej Weebly. Wypr\u00f3buj por\u0119czn\u0105 wersj\u0119 demonstracyjn\u0105 Elfsight i stw\u00f3rz swoj\u0105 wspania\u0142\u0105 aplikacj\u0119 Social Wall.\" \/>\n<meta name=\"robots\" content=\"index, follow, max-snippet:-1, max-image-preview:large, max-video-preview:-1\" \/>\n<link rel=\"canonical\" href=\"https:\/\/elfsight.com\/pl\/social-feed-widget\/weebly\/\" \/>\n<meta property=\"og:locale\" content=\"pl_PL\" \/>\n<meta property=\"og:type\" content=\"article\" \/>\n<meta property=\"og:title\" content=\"Dodaj aplikacj\u0119 Social Wall do witryny Weebly (szybko i bezp\u0142atnie)\" \/>\n<meta property=\"og:description\" content=\"Umie\u015b\u0107 \u0142atw\u0105 w zarz\u0105dzaniu aplikacj\u0119 Weebly Social Feed na swojej stronie internetowej Weebly. Wypr\u00f3buj por\u0119czn\u0105 wersj\u0119 demonstracyjn\u0105 Elfsight i stw\u00f3rz swoj\u0105 wspania\u0142\u0105 aplikacj\u0119 Social Wall.\" \/>\n<meta property=\"og:url\" content=\"https:\/\/elfsight.com\/pl\/social-feed-widget\/weebly\/\" \/>\n<meta property=\"og:site_name\" content=\"Elfsight PL\" \/>\n<meta property=\"article:modified_time\" content=\"2024-11-14T08:50:55+00:00\" \/>\n<meta name=\"twitter:card\" content=\"summary_large_image\" \/>\n<meta name=\"twitter:label1\" content=\"Szacowany czas czytania\" \/>\n\t<meta name=\"twitter:data1\" content=\"3 minuty\" \/>\n<!-- \/ Yoast SEO plugin. -->","yoast_head_json":{"title":"Dodaj aplikacj\u0119 Social Wall do witryny Weebly (szybko i bezp\u0142atnie)","description":"Umie\u015b\u0107 \u0142atw\u0105 w zarz\u0105dzaniu aplikacj\u0119 Weebly Social Feed na swojej stronie internetowej Weebly. Wypr\u00f3buj por\u0119czn\u0105 wersj\u0119 demonstracyjn\u0105 Elfsight i stw\u00f3rz swoj\u0105 wspania\u0142\u0105 aplikacj\u0119 Social Wall.","robots":{"index":"index","follow":"follow","max-snippet":"max-snippet:-1","max-image-preview":"max-image-preview:large","max-video-preview":"max-video-preview:-1"},"canonical":"https:\/\/elfsight.com\/pl\/social-feed-widget\/weebly\/","og_locale":"pl_PL","og_type":"article","og_title":"Dodaj aplikacj\u0119 Social Wall do witryny Weebly (szybko i bezp\u0142atnie)","og_description":"Umie\u015b\u0107 \u0142atw\u0105 w zarz\u0105dzaniu aplikacj\u0119 Weebly Social Feed na swojej stronie internetowej Weebly. Wypr\u00f3buj por\u0119czn\u0105 wersj\u0119 demonstracyjn\u0105 Elfsight i stw\u00f3rz swoj\u0105 wspania\u0142\u0105 aplikacj\u0119 Social Wall.","og_url":"https:\/\/elfsight.com\/pl\/social-feed-widget\/weebly\/","og_site_name":"Elfsight PL","article_modified_time":"2024-11-14T08:50:55+00:00","twitter_card":"summary_large_image","twitter_misc":{"Szacowany czas czytania":"3 minuty"},"schema":{"@context":"https:\/\/schema.org","@graph":[{"@type":"WebPage","@id":"https:\/\/elfsight.com\/pl\/social-feed-widget\/weebly\/","url":"https:\/\/elfsight.com\/pl\/social-feed-widget\/weebly\/","name":"Dodaj aplikacj\u0119 Social Wall do witryny Weebly (szybko i bezp\u0142atnie)","isPartOf":{"@id":"https:\/\/elfsight.com\/pl\/#website"},"datePublished":"1970-01-01T00:00:00+00:00","dateModified":"2024-11-14T08:50:55+00:00","description":"Umie\u015b\u0107 \u0142atw\u0105 w zarz\u0105dzaniu aplikacj\u0119 Weebly Social Feed na swojej stronie internetowej Weebly. Wypr\u00f3buj por\u0119czn\u0105 wersj\u0119 demonstracyjn\u0105 Elfsight i stw\u00f3rz swoj\u0105 wspania\u0142\u0105 aplikacj\u0119 Social Wall.","breadcrumb":{"@id":"https:\/\/elfsight.com\/pl\/social-feed-widget\/weebly\/#breadcrumb"},"inLanguage":"pl-PL","potentialAction":[{"@type":"ReadAction","target":["https:\/\/elfsight.com\/pl\/social-feed-widget\/weebly\/"]}]},{"@type":"BreadcrumbList","@id":"https:\/\/elfsight.com\/pl\/social-feed-widget\/weebly\/#breadcrumb","itemListElement":[{"@type":"ListItem","position":1,"name":"Home","item":"https:\/\/elfsight.com\/pl\/"},{"@type":"ListItem","position":2,"name":"Social Feed","item":"https:\/\/elfsight.com\/pl\/social-feed-widget\/"},{"@type":"ListItem","position":3,"name":"Social Feed &#8211; Weebly"}]},{"@type":"WebSite","@id":"https:\/\/elfsight.com\/pl\/#website","url":"https:\/\/elfsight.com\/pl\/","name":"Elfsight PL","description":"Just another Elfsight Sites site","potentialAction":[{"@type":"SearchAction","target":{"@type":"EntryPoint","urlTemplate":"https:\/\/elfsight.com\/pl\/?s={search_term_string}"},"query-input":{"@type":"PropertyValueSpecification","valueRequired":true,"valueName":"search_term_string"}}],"inLanguage":"pl-PL"}]}},"meta_box":{"industry":"","seo_heading":"","heading":"","description":"","cta_heading":"","cta_description":"","application":"636","h1":"Aplikacja Weebly do obs\u0142ugi medi\u00f3w spo\u0142eczno\u015bciowych","h1_caption":"Agreguj tre\u015bci z wielu platform medi\u00f3w spo\u0142eczno\u015bciowych w jeden dynamiczny kana\u0142, dzi\u0119ki czemu odwiedzaj\u0105cy b\u0119d\u0105 mogli bez wysi\u0142ku wy\u015bwietla\u0107 \u015bwie\u017ce i anga\u017cuj\u0105ce tre\u015bci w Twojej witrynie Weebly.","application_category":[],"applications_title":"","applications_request_title":"","applications_request_button_text":"","hero_text":"","hero_video":"","hero_video_schema_markup":"","selling_points_title":"","selling_points_caption":"","selling_points":[],"selling_points_cta_text":"","features_title":"","features":"","ed_cta_examples_text":"","ed_cta_examples_hidden":"","ed_cta_demo_text":"","ed_cta_demo_hidden":"","why_caption":"","why_editor_title":"","why_editor_text":"","why_team_title":"","why_team_text":"","why_service_title":"","why_service_text":"","template_catalog_visible":"","template_catalog_title":"","template_catalog_text":"","template_catalog_categories_visible":"","demo_title":"Utw\u00f3rz aplikacj\u0119 spo\u0142eczno\u015bciow\u0105","demo_caption":"Skonfiguruj sw\u00f3j kana\u0142 spo\u0142eczno\u015bciowy i dodaj go za darmo do swojej witryny Weebly!","default_faq_hidden":"","app_template_category":[],"platform":"132","template_public_id":"","codecanyon_url":"","codecanyon_item_id":"","codecanyon_price":"","pricing_caption":"","pricing_elfsight_apps_hide_column":"","pricing_elfsight_apps_url":"","pricing_codecanyon_price_caption":"","integration_category":[],"integration_request_title":"","integration_request_cta":"","integration_platform":"","integrations":[],"platform_category":[],"video_schema_markup":"","price":"od 0 USD \/ miesi\u0105c","trial":"","benefits":[{"text":"Bezp\u0142atna pomoc w instalacji"},{"text":"Wsparcie premium"},{"text":"14-dniowa gwarancja zwrotu pieni\u0119dzy"}],"button_url":"#demo","button_target_blank":"","button_nofollow":"","attributes":[{"name":"Instaluje"},{"name":"Czu\u0142y"},{"name":"Kompatybilne przegl\u0105darki"}],"tags":[],"tags_disable_links":"","hide_more_platforms":"","video_object":"","demo_hide_cta":"","demo_hide_cloud_options":"","pricing_title":"","pricing":[{"pricing_icon":"platform","pricing_title":"Elfsight Apps","pricing_title_caption":"Wieloplatformowe rozwi\u0105zanie cyfrowe","pricing_price":"od 0 USD \/ miesi\u0105c","pricing_price_caption":"zacznij od bezp\u0142atnego planu","pricing_benefits":[{"text":"Nielimitowane domeny"},{"text":"Szybkie wsparcie firmy"},{"text":"Bezp\u0142atna pomoc w instalacji"},{"text":"Oferta specjalna na wiele aplikacji"}],"pricing_button_text":"Dodaj do witryny","pricing_button_url":"#demo"}],"related_apps_title":"","related_apps_hidden":"","author":"","image":[],"title":"","job":"","social_networks":[]},"_links":{"self":[{"href":"https:\/\/elfsight.com\/pl\/wp-json\/wp\/v2\/pages\/6486","targetHints":{"allow":["GET"]}}],"collection":[{"href":"https:\/\/elfsight.com\/pl\/wp-json\/wp\/v2\/pages"}],"about":[{"href":"https:\/\/elfsight.com\/pl\/wp-json\/wp\/v2\/types\/page"}],"author":[{"embeddable":true,"href":"https:\/\/elfsight.com\/pl\/wp-json\/wp\/v2\/users\/9"}],"replies":[{"embeddable":true,"href":"https:\/\/elfsight.com\/pl\/wp-json\/wp\/v2\/comments?post=6486"}],"version-history":[{"count":1,"href":"https:\/\/elfsight.com\/pl\/wp-json\/wp\/v2\/pages\/6486\/revisions"}],"predecessor-version":[{"id":6490,"href":"https:\/\/elfsight.com\/pl\/wp-json\/wp\/v2\/pages\/6486\/revisions\/6490"}],"up":[{"embeddable":true,"href":"https:\/\/elfsight.com\/pl\/wp-json\/wp\/v2\/pages\/637"}],"wp:attachment":[{"href":"https:\/\/elfsight.com\/pl\/wp-json\/wp\/v2\/media?parent=6486"}],"curies":[{"name":"wp","href":"https:\/\/api.w.org\/{rel}","templated":true}]}}