{"id":6479,"date":"1970-01-01T00:00:00","date_gmt":"1970-01-01T00:00:00","guid":{"rendered":"https:\/\/elfsight.com\/pl\/?page_id=6479"},"modified":"2024-11-14T08:50:55","modified_gmt":"2024-11-14T08:50:55","slug":"woocommerce","status":"publish","type":"page","link":"https:\/\/elfsight.com\/pl\/social-feed-widget\/woocommerce\/","title":{"rendered":"Social Feed &#8211; WooCommerce"},"content":{"rendered":"<div class=\"application-platform-content-item-description application-platform-content-item\" id=\"description\" data-nav-section=\"description\"> <h2>Opis<\/h2> <p>Kana\u0142 spo\u0142eczno\u015bciowy Elfsight dla WooCommerce to wid\u017cet s\u0142u\u017c\u0105cy do marketingu nie tylko rzeczy, ale tak\u017ce emocji i do\u015bwiadcze\u0144. Dzi\u0119ki niemu mo\u017cesz zaprojektowa\u0107 spersonalizowany kana\u0142 sk\u0142adaj\u0105cy si\u0119 z tre\u015bci z wielu sieci: Instagram, Pinterest, Facebook, Twitter, Tumblr, YouTube, Vimeo &#8211; i zaprezentowa\u0107 go bezpo\u015brednio na swojej stronie internetowej. Zaprojektuj galeri\u0119 lub katalog produkt\u00f3w kilkoma klikni\u0119ciami! Sprawuj pe\u0142n\u0105 kontrol\u0119 nad prezentowan\u0105 tre\u015bci\u0105 za pomoc\u0105 r\u00f3\u017cnych opcji filtrowania i eliminuj spam oraz wszelkie niepo\u017c\u0105dane tre\u015bci za pomoc\u0105 r\u0119cznej moderacji. Ca\u0142kowicie responsywny konfigurator online udost\u0119pnia wiele szablon\u00f3w do wyboru. <\/p> <p><b>Zwi\u0119ksz skuteczno\u015b\u0107 swojej witryny w celach e-commerce za pomoc\u0105 \u015bciany spo\u0142eczno\u015bciowej<\/b><\/p> <\/div> <div class=\"application-platform-content-item-features application-platform-content-item\" id=\"features\" data-nav-section=\"features\"> <h2>Znajd\u017a poni\u017cej podstawowe funkcje wtyczki: <\/h2> <ul><li>Zaprezentuj swoje tre\u015bci z r\u00f3\u017cnych medi\u00f3w spo\u0142eczno\u015bciowych. <\/li><li>Pozb\u0105d\u017a si\u0119 spamu i niepo\u017c\u0105danych tre\u015bci, korzystaj\u0105c z r\u0119cznego trybu moderacji. <\/li><li>Zainstaluj przycisk Obserwuj w postach w wid\u017cecie. <\/li><li>Spraw, aby Twoje posty wy\u015bwietla\u0142y si\u0119 w trybie wyskakuj\u0105cym. <\/li><\/ul><p><a href=\"#demo\">Mo\u017cesz wypr\u00f3bowa\u0107 pe\u0142ne mo\u017cliwo\u015bci wid\u017cetu w wersji demonstracyjnej na tej stronie<\/a><\/p> <\/div> <div class=\"application-platform-content-item-installation application-platform-content-item\" id=\"installation\" data-nav-section=\"installation\"> <h2>Jak doda\u0107 wtyczk\u0119 Social Media Feed do mojej witryny WooCommerce? <\/h2> <p>Wystarczy post\u0119powa\u0107 zgodnie z poni\u017cszymi instrukcjami, aby zintegrowa\u0107 narz\u0119dzie. <\/p> <ol><li><b>Skorzystaj z naszego bezp\u0142atnego edytora i zacznij tworzy\u0107 w\u0142asn\u0105 wtyczk\u0119. <\/b><br> Okre\u015bl preferowany interfejs i funkcjonalno\u015b\u0107 wtyczki oraz zastosuj poprawki. <\/li> <li><b>Zdob\u0105d\u017a sw\u00f3j indywidualny kod widoczny w pude\u0142ku w aplikacjach Elfsight. <\/b><br> Po zako\u0144czeniu tworzenia osobistej wtyczki skopiuj indywidualny kod w wy\u015bwietlonym wyskakuj\u0105cym okienku i zachowaj go do wykorzystania w przysz\u0142o\u015bci. <\/li> <li><b>Zacznij korzysta\u0107 z wtyczki Social Wall w witrynie WooCommerce. <\/b><br> Umie\u015b\u0107 zapisany wcze\u015bniej kod na swojej stronie g\u0142\u00f3wnej i zastosuj modyfikacje. <\/li> <li><b>Instalacja zosta\u0142a w pe\u0142ni uko\u0144czona. <\/b><br> Odwied\u017a swoj\u0105 stron\u0119 internetow\u0105, aby zobaczy\u0107 w akcji dzia\u0142anie widgetu. <\/li><\/ol> <p>Je\u015bli napotkasz jakiekolwiek trudno\u015bci, mo\u017cesz zwr\u00f3ci\u0107 si\u0119 o pomoc do naszego personelu obs\u0142ugi klienta. Nasi specjali\u015bci pragn\u0105 rozwi\u0105za\u0107 wszystkie problemy, jakie mo\u017cesz napotka\u0107 w zwi\u0105zku z tym narz\u0119dziem. <\/p> <\/div><div class=\"faq\" data-component=\"FAQ\"><div class=\"faq-item\">\r\n\t\t\t\t\t<div class=\"faq-item-question\">\r\n\t\t\t\t\t\t<h3 class=\"faq-item-question-text\">Jak mog\u0119 doda\u0107 kana\u0142 spo\u0142eczno\u015bciowy do mojej strony g\u0142\u00f3wnej WooCommerce bez umiej\u0119tno\u015bci kodowania?<\/h3>\r\n\r\n\t\t\t\t\t\t<div class=\"faq-item-question-icon\"><\/div>\r\n\t\t\t\t\t<\/div>\r\n\r\n\t\t\t\t\t<div class=\"faq-item-answer\">\r\n\t\t\t\t\t\t<div class=\"faq-item-answer-text\"><p>Firma Elfsight zapewnia rozwi\u0105zanie, kt\u00f3re pozwala w\u0142a\u015bcicielom witryn samodzielnie zbudowa\u0107 wid\u017cet kana\u0142u spo\u0142eczno\u015bciowego, sprawd\u017a jakie to proste: <\/p><ul><li>Przejd\u017a do edytora na \u017cywo, aby utworzy\u0107 wid\u017cet kana\u0142u spo\u0142eczno\u015bciowego, kt\u00f3ry chcesz doda\u0107 na stronie WooCommerce.<\/p><ul><li>Przejd\u017a do edytora na \u017cywo, aby utworzy\u0107 wid\u017cet kana\u0142u spo\u0142eczno\u015bciowego, kt\u00f3ry chcesz doda\u0107 na stronie WooCommerce.<\/p><ul><li> li&gt;<li>Wybierz jeden z naszych gotowych szablon\u00f3w i dostosuj ustawienia kana\u0142u spo\u0142eczno\u015bciowego, do\u0142\u0105cz swoj\u0105 tre\u015b\u0107, zmie\u0144 uk\u0142ad i schemat kolor\u00f3w bez umiej\u0119tno\u015bci kodowania.<\/li><li>Zapisz ustawienia wprowadzone w kanale spo\u0142eczno\u015bciowym i skopiuj kod instalacyjny, kt\u00f3ry mo\u017cna \u0142atwo doda\u0107 w dowolnej witrynie WooCommerce bez konieczno\u015bci kupowania p\u0142atnego planu.<\/li><\/ul><p>Dzi\u0119ki intuicyjnemu edytorowi ka\u017cdy u\u017cytkownik Internetu mo\u017ce wygenerowa\u0107 aplikacj\u0119 Social Feed online i \u0142atwo osadzi\u0107 na stronie g\u0142\u00f3wnej WooCommerce. Nie powiniene\u015b p\u0142aci\u0107 ani podawa\u0107 danych uwierzytelniaj\u0105cych karty, aby uzyska\u0107 dost\u0119p do Edytora Elfsight. Je\u015bli napotkasz jakiekolwiek przeszkody, skontaktuj si\u0119 z naszym personelem pomocy technicznej.<\/p><\/div>\r\n\t\t\t\t\t<\/div>\r\n\t\t\t\t<\/div><\/div>","protected":false},"excerpt":{"rendered":"","protected":false},"author":9,"featured_media":0,"parent":637,"menu_order":0,"comment_status":"closed","ping_status":"closed","template":"templates\/template-application-platform.php","meta":{"publish_to_discourse":"","publish_post_category":"","wpdc_auto_publish_overridden":"","wpdc_topic_tags":"","wpdc_pin_topic":"","wpdc_pin_until":"","discourse_post_id":"","discourse_permalink":"","wpdc_publishing_response":"","wpdc_publishing_error":"","footnotes":""},"class_list":["post-6479","page","type-page","status-publish","hentry"],"yoast_head":"<!-- This site is optimized with the Yoast SEO plugin v25.3.1 - https:\/\/yoast.com\/wordpress\/plugins\/seo\/ -->\n<title>Dodaj wtyczk\u0119 Social Wall do witryny WooCommerce (szybko i bezp\u0142atnie)<\/title>\n<meta name=\"description\" content=\"Zintegruj \u0142atw\u0105 w zarz\u0105dzaniu wtyczk\u0119 WooCommerce Social Feed na swojej stronie WooCommerce. Wypr\u00f3buj por\u0119czn\u0105 wersj\u0119 demonstracyjn\u0105 Elfsight i stw\u00f3rz niesamowit\u0105 wtyczk\u0119 Social Wall.\" \/>\n<meta name=\"robots\" content=\"index, follow, max-snippet:-1, max-image-preview:large, max-video-preview:-1\" \/>\n<link rel=\"canonical\" href=\"https:\/\/elfsight.com\/pl\/social-feed-widget\/woocommerce\/\" \/>\n<meta property=\"og:locale\" content=\"pl_PL\" \/>\n<meta property=\"og:type\" content=\"article\" \/>\n<meta property=\"og:title\" content=\"Dodaj wtyczk\u0119 Social Wall do witryny WooCommerce (szybko i bezp\u0142atnie)\" \/>\n<meta property=\"og:description\" content=\"Zintegruj \u0142atw\u0105 w zarz\u0105dzaniu wtyczk\u0119 WooCommerce Social Feed na swojej stronie WooCommerce. Wypr\u00f3buj por\u0119czn\u0105 wersj\u0119 demonstracyjn\u0105 Elfsight i stw\u00f3rz niesamowit\u0105 wtyczk\u0119 Social Wall.\" \/>\n<meta property=\"og:url\" content=\"https:\/\/elfsight.com\/pl\/social-feed-widget\/woocommerce\/\" \/>\n<meta property=\"og:site_name\" content=\"Elfsight PL\" \/>\n<meta property=\"article:modified_time\" content=\"2024-11-14T08:50:55+00:00\" \/>\n<meta name=\"twitter:card\" content=\"summary_large_image\" \/>\n<meta name=\"twitter:label1\" content=\"Szacowany czas czytania\" \/>\n\t<meta name=\"twitter:data1\" content=\"3 minuty\" \/>\n<!-- \/ Yoast SEO plugin. -->","yoast_head_json":{"title":"Dodaj wtyczk\u0119 Social Wall do witryny WooCommerce (szybko i bezp\u0142atnie)","description":"Zintegruj \u0142atw\u0105 w zarz\u0105dzaniu wtyczk\u0119 WooCommerce Social Feed na swojej stronie WooCommerce. Wypr\u00f3buj por\u0119czn\u0105 wersj\u0119 demonstracyjn\u0105 Elfsight i stw\u00f3rz niesamowit\u0105 wtyczk\u0119 Social Wall.","robots":{"index":"index","follow":"follow","max-snippet":"max-snippet:-1","max-image-preview":"max-image-preview:large","max-video-preview":"max-video-preview:-1"},"canonical":"https:\/\/elfsight.com\/pl\/social-feed-widget\/woocommerce\/","og_locale":"pl_PL","og_type":"article","og_title":"Dodaj wtyczk\u0119 Social Wall do witryny WooCommerce (szybko i bezp\u0142atnie)","og_description":"Zintegruj \u0142atw\u0105 w zarz\u0105dzaniu wtyczk\u0119 WooCommerce Social Feed na swojej stronie WooCommerce. Wypr\u00f3buj por\u0119czn\u0105 wersj\u0119 demonstracyjn\u0105 Elfsight i stw\u00f3rz niesamowit\u0105 wtyczk\u0119 Social Wall.","og_url":"https:\/\/elfsight.com\/pl\/social-feed-widget\/woocommerce\/","og_site_name":"Elfsight PL","article_modified_time":"2024-11-14T08:50:55+00:00","twitter_card":"summary_large_image","twitter_misc":{"Szacowany czas czytania":"3 minuty"},"schema":{"@context":"https:\/\/schema.org","@graph":[{"@type":"WebPage","@id":"https:\/\/elfsight.com\/pl\/social-feed-widget\/woocommerce\/","url":"https:\/\/elfsight.com\/pl\/social-feed-widget\/woocommerce\/","name":"Dodaj wtyczk\u0119 Social Wall do witryny WooCommerce (szybko i bezp\u0142atnie)","isPartOf":{"@id":"https:\/\/elfsight.com\/pl\/#website"},"datePublished":"1970-01-01T00:00:00+00:00","dateModified":"2024-11-14T08:50:55+00:00","description":"Zintegruj \u0142atw\u0105 w zarz\u0105dzaniu wtyczk\u0119 WooCommerce Social Feed na swojej stronie WooCommerce. Wypr\u00f3buj por\u0119czn\u0105 wersj\u0119 demonstracyjn\u0105 Elfsight i stw\u00f3rz niesamowit\u0105 wtyczk\u0119 Social Wall.","breadcrumb":{"@id":"https:\/\/elfsight.com\/pl\/social-feed-widget\/woocommerce\/#breadcrumb"},"inLanguage":"pl-PL","potentialAction":[{"@type":"ReadAction","target":["https:\/\/elfsight.com\/pl\/social-feed-widget\/woocommerce\/"]}]},{"@type":"BreadcrumbList","@id":"https:\/\/elfsight.com\/pl\/social-feed-widget\/woocommerce\/#breadcrumb","itemListElement":[{"@type":"ListItem","position":1,"name":"Home","item":"https:\/\/elfsight.com\/pl\/"},{"@type":"ListItem","position":2,"name":"Social Feed","item":"https:\/\/elfsight.com\/pl\/social-feed-widget\/"},{"@type":"ListItem","position":3,"name":"Social Feed &#8211; WooCommerce"}]},{"@type":"WebSite","@id":"https:\/\/elfsight.com\/pl\/#website","url":"https:\/\/elfsight.com\/pl\/","name":"Elfsight PL","description":"Just another Elfsight Sites site","potentialAction":[{"@type":"SearchAction","target":{"@type":"EntryPoint","urlTemplate":"https:\/\/elfsight.com\/pl\/?s={search_term_string}"},"query-input":{"@type":"PropertyValueSpecification","valueRequired":true,"valueName":"search_term_string"}}],"inLanguage":"pl-PL"}]}},"meta_box":{"industry":"","seo_heading":"","heading":"","description":"","cta_heading":"","cta_description":"","application":"636","h1":"Wtyczka kana\u0142u spo\u0142eczno\u015bciowego WooCommerce","h1_caption":"Agreguj tre\u015bci z wielu platform medi\u00f3w spo\u0142eczno\u015bciowych w jeden dynamiczny kana\u0142, zapewniaj\u0105c odwiedzaj\u0105cym bez wysi\u0142ku \u015bwie\u017ce i anga\u017cuj\u0105ce tre\u015bci w Twojej witrynie WooCommerce.","application_category":[],"applications_title":"","applications_request_title":"","applications_request_button_text":"","hero_text":"","hero_video":"","hero_video_schema_markup":"","selling_points_title":"","selling_points_caption":"","selling_points":[],"selling_points_cta_text":"","features_title":"","features":"","ed_cta_examples_text":"","ed_cta_examples_hidden":"","ed_cta_demo_text":"","ed_cta_demo_hidden":"","why_caption":"","why_editor_title":"","why_editor_text":"","why_team_title":"","why_team_text":"","why_service_title":"","why_service_text":"","template_catalog_visible":"","template_catalog_title":"","template_catalog_text":"","template_catalog_categories_visible":"","demo_title":"Utw\u00f3rz aplikacj\u0119 spo\u0142eczno\u015bciow\u0105","demo_caption":"Skonfiguruj sw\u00f3j kana\u0142 spo\u0142eczno\u015bciowy i dodaj go do swojej witryny WooCommerce za darmo!","default_faq_hidden":"","app_template_category":[],"platform":"335","template_public_id":"","codecanyon_url":"","codecanyon_item_id":"","codecanyon_price":"","pricing_caption":"","pricing_elfsight_apps_hide_column":"","pricing_elfsight_apps_url":"","pricing_codecanyon_price_caption":"","integration_category":[],"integration_request_title":"","integration_request_cta":"","integration_platform":"","integrations":[],"platform_category":[],"video_schema_markup":"","price":"od 0 USD \/ miesi\u0105c","trial":"","benefits":[{"text":"Bezp\u0142atna pomoc w monta\u017cu"},{"text":"Profesjonalna obs\u0142uga klienta"},{"text":"14-dniowa gwarancja zwrotu pieni\u0119dzy"}],"button_url":"#demo","button_target_blank":"","button_nofollow":"","attributes":[{"name":"Instaluje"},{"name":"Czu\u0142y"},{"name":"Kompatybilne przegl\u0105darki"}],"tags":[],"tags_disable_links":"","hide_more_platforms":"","video_object":"","demo_hide_cta":"","demo_hide_cloud_options":"","pricing_title":"","pricing":[{"pricing_icon":"platform","pricing_title":"Elfsight Apps","pricing_title_caption":"Oprogramowanie wieloplatformowe, kt\u00f3re pasuje do ka\u017cdej witryny internetowej","pricing_price":"od 0 USD \/ miesi\u0105c","pricing_price_caption":"zacznij od bezp\u0142atnego planu","pricing_benefits":[{"text":"Nielimitowane domeny"},{"text":"Profesjonalna obs\u0142uga klienta i dobrze udokumentowana"},{"text":"Bezp\u0142atna pomoc w instalacji"},{"text":"Cena do z\u0142apania dla wielu aplikacji"}],"pricing_button_text":"Dodaj do witryny","pricing_button_url":"#demo"}],"related_apps_title":"","related_apps_hidden":"","author":"","image":[],"title":"","job":"","social_networks":[]},"_links":{"self":[{"href":"https:\/\/elfsight.com\/pl\/wp-json\/wp\/v2\/pages\/6479","targetHints":{"allow":["GET"]}}],"collection":[{"href":"https:\/\/elfsight.com\/pl\/wp-json\/wp\/v2\/pages"}],"about":[{"href":"https:\/\/elfsight.com\/pl\/wp-json\/wp\/v2\/types\/page"}],"author":[{"embeddable":true,"href":"https:\/\/elfsight.com\/pl\/wp-json\/wp\/v2\/users\/9"}],"replies":[{"embeddable":true,"href":"https:\/\/elfsight.com\/pl\/wp-json\/wp\/v2\/comments?post=6479"}],"version-history":[{"count":1,"href":"https:\/\/elfsight.com\/pl\/wp-json\/wp\/v2\/pages\/6479\/revisions"}],"predecessor-version":[{"id":6483,"href":"https:\/\/elfsight.com\/pl\/wp-json\/wp\/v2\/pages\/6479\/revisions\/6483"}],"up":[{"embeddable":true,"href":"https:\/\/elfsight.com\/pl\/wp-json\/wp\/v2\/pages\/637"}],"wp:attachment":[{"href":"https:\/\/elfsight.com\/pl\/wp-json\/wp\/v2\/media?parent=6479"}],"curies":[{"name":"wp","href":"https:\/\/api.w.org\/{rel}","templated":true}]}}