{"id":6478,"date":"1970-01-01T00:00:00","date_gmt":"1970-01-01T00:00:00","guid":{"rendered":"https:\/\/elfsight.com\/pl\/?page_id=6478"},"modified":"2024-11-14T08:50:47","modified_gmt":"2024-11-14T08:50:47","slug":"google-sites","status":"publish","type":"page","link":"https:\/\/elfsight.com\/pl\/social-feed-widget\/google-sites\/","title":{"rendered":"Social Feed &#8211; Google Sites"},"content":{"rendered":"<div class=\"application-platform-content-item-description application-platform-content-item\" id=\"description\" data-nav-section=\"description\"> <h2>Umie\u015b\u0107 kana\u0142 spo\u0142eczno\u015bciowy w Witrynach Google za pomoc\u0105 wid\u017cetu Elfsight<\/h2> <p>Kana\u0142 spo\u0142eczno\u015bciowy Elfsight dla Witryn Google to ekskluzywna wtyczka s\u0142u\u017c\u0105ca do promowania nie tylko rzeczy, ale emocje i do\u015bwiadczenia. Dzi\u0119ki niemu mo\u017cesz zbudowa\u0107 zindywidualizowany kana\u0142 z\u0142o\u017cony z tre\u015bci z wielu sieci: Instagram, Pinterest, Facebook, Twitter, Tumblr, YouTube, Vimeo &#8211; i pokaza\u0107 go bezpo\u015brednio na swojej stronie. Zbuduj galeri\u0119 lub katalog produkt\u00f3w za pomoc\u0105 kilku klikni\u0119\u0107! Ciesz si\u0119 ca\u0142kowit\u0105 kontrol\u0105 nad prezentowan\u0105 tre\u015bci\u0105 dzi\u0119ki r\u00f3\u017cnorodnym opcjom filtrowania i usuwaj spam oraz wszelkie niechciane tre\u015bci za pomoc\u0105 r\u0119cznej moderacji. W pe\u0142ni responsywny konfigurator online udost\u0119pnia r\u00f3\u017cne szablony do wyboru. <\/p> <p><b>Dzi\u0119ki Social Wall mo\u017cesz zapewni\u0107 solidny rozw\u00f3j biznesu i lepsz\u0105 sprzeda\u017c <\/b><\/p> <\/div> <div class=\"application-platform-content-item-features application-platform-content-item\" id=\"features\" data-nav-section=\"features\"> <h2>Kluczowe funkcje widgetu obejmuj\u0105<\/h2> <ul><li>Zaprezentuj swoje tre\u015bci z wielu medi\u00f3w spo\u0142eczno\u015bciowych. <\/li><li>Pozb\u0105d\u017a si\u0119 spamu i niepo\u017c\u0105danych tre\u015bci, korzystaj\u0105c z r\u0119cznego trybu moderacji. <\/li><li>Umie\u015b\u0107 przycisk Obserwuj na kartach wid\u017cet\u00f3w. <\/li><li>Pozw\u00f3l wy\u015bwietla\u0107 swoje posty w wyskakuj\u0105cym okienku. <\/li><\/ul><p><a href=\"#demo\">Przy pomocy wersji demonstracyjnej mo\u017cesz sprawdzi\u0107, czy wtyczka jest dla Ciebie<\/a><\/p> <\/div> <div class=\"application-platform-content-item-installation application-platform-content-item\" id=\"installation\" data-nav-section=\"installation\"> <h2>Jak osadzi\u0107 wtyczk\u0119 Social Media Feed w mojej witrynie Google Sites? <\/h2> <p>Wystarczy post\u0119powa\u0107 zgodnie z poni\u017cszymi wskaz\u00f3wkami, aby rozpocz\u0105\u0107 prac\u0119 z narz\u0119dziem. <\/p> <ol><li><b>Otw\u00f3rz nasze bezp\u0142atne demo i zacznij tworzy\u0107 sw\u00f3j niestandardowy widget. <\/b><br> Okre\u015bl odpowiedni interfejs i charakterystyk\u0119 wtyczki oraz zastosuj modyfikacje. <\/li> <li><b>Zdob\u0105d\u017a indywidualny kod pojawiaj\u0105cy si\u0119 w oknie aplikacji Elfsight. <\/b><br> Po zako\u0144czeniu dostosowywania Twojego osobistego narz\u0119dzia skopiuj indywidualny kod z wy\u015bwietlonego pola i zapisz go do p\u00f3\u017aniejszego wykorzystania. <\/li> <li><b>Zainicjuj u\u017cycie wtyczki Social Wall na stronie g\u0142\u00f3wnej Witryn Google. <\/b><br> Dodaj skopiowany ostatnio kod na swoj\u0105 stron\u0119 i zastosuj zmiany. <\/li> <li><b>Instalacja zosta\u0142a ca\u0142kowicie zako\u0144czona. <\/b><br> Odwied\u017a swoj\u0105 witryn\u0119, aby sprawdzi\u0107 dzia\u0142anie wid\u017cetu. <\/li><\/ol> <div class=\"tip-yellow tip\"><b>Ze wzgl\u0119du na specyfik\u0119 dzia\u0142ania Witryn Google wid\u017cet mo\u017ce wygl\u0105da\u0107 inaczej ni\u017c wersja demonstracyjna online. Przepraszamy za wszelkie niedogodno\u015bci.<\/b><\/div><p>Je\u015bli napotkasz jakie\u015b przeszkody, nie wahaj si\u0119 skontaktowa\u0107 z naszym dzia\u0142em obs\u0142ugi klienta. Nasi ludzie ch\u0119tnie odpowiedz\u0105 na wszystkie pytania dotycz\u0105ce produktu. <\/p> <div class=\"faq\" data-component=\"FAQ\"><div class=\"faq-item\">\r\n\t\t\t\t\t<div class=\"faq-item-question\">\r\n\t\t\t\t\t\t<h3 class=\"faq-item-question-text\">Jak mog\u0119 osadzi\u0107 wtyczk\u0119 kana\u0142u medi\u00f3w spo\u0142eczno\u015bciowych na mojej stronie w Witrynach Google bez umiej\u0119tno\u015bci kodowania?<\/h3>\r\n\r\n\t\t\t\t\t\t<div class=\"faq-item-question-icon\"><\/div>\r\n\t\t\t\t\t<\/div>\r\n\r\n\t\t\t\t\t<div class=\"faq-item-answer\">\r\n\t\t\t\t\t\t<div class=\"faq-item-answer-text\"><p>Elfsight oferuje rozwi\u0105zanie oparte na chmurze, kt\u00f3re umo\u017cliwia u\u017cytkownikom osadzanie medi\u00f3w spo\u0142eczno\u015bciowych Wtyczka kana\u0142u informacyjnego, zobacz, jakie to proste:<\/p><ul><li>Uzyskaj dost\u0119p do edytora online, aby wygenerowa\u0107 sekcj\u0119 wtyczki kana\u0142u medi\u00f3w spo\u0142eczno\u015bciowych, kt\u00f3r\u0105 chcesz zintegrowa\u0107 ze swoj\u0105 stron\u0105 w Witrynach Google.<\/li><li>Wybierz jeden z naszych wst\u0119pnie zaprojektowanych szablon\u00f3w i dostosuj ustawienia wtyczki Social Media Feed, zmodyfikuj uk\u0142ad i schemat kolor\u00f3w, do\u0142\u0105cz swoj\u0105 tre\u015b\u0107 bez konieczno\u015bci kodowania.<\/li><li>Zapisz wprowadzone ustawienia skonfigurowany dla wtyczki Social Media Feed i uzyskaj kod wtyczki do umieszczenia na stronie, kt\u00f3ry mo\u017cna \u0142atwo i bezp\u0142atnie doda\u0107 do swojej strony w Witrynach Google.<\/li><\/ul><p>Dzi\u0119ki pracy w przyjaznym dla u\u017cytkownika Edytorze mo\u017cesz u\u017cytkownik Internetu mo\u017ce utworzy\u0107 sekcj\u0119 wtyczki kana\u0142u medi\u00f3w spo\u0142eczno\u015bciowych i osadzi\u0107 j\u0105 na swojej stronie w Witrynach Google. Aby uzyska\u0107 dost\u0119p do Edytora Elfsight, nie jest wymagana \u017cadna p\u0142atno\u015b\u0107 ani ujawnianie danych karty. Je\u015bli na kt\u00f3rymkolwiek etapie napotkasz jakiekolwiek trudno\u015bci, skontaktuj si\u0119 z naszym dzia\u0142em obs\u0142ugi klienta.<\/p><\/div>\r\n\t\t\t\t\t<\/div>\r\n\t\t\t\t<\/div><\/div><\/div>","protected":false},"excerpt":{"rendered":"","protected":false},"author":9,"featured_media":0,"parent":637,"menu_order":0,"comment_status":"closed","ping_status":"closed","template":"templates\/template-application-platform.php","meta":{"publish_to_discourse":"","publish_post_category":"","wpdc_auto_publish_overridden":"","wpdc_topic_tags":"","wpdc_pin_topic":"","wpdc_pin_until":"","discourse_post_id":"","discourse_permalink":"","wpdc_publishing_response":"","wpdc_publishing_error":"","footnotes":""},"class_list":["post-6478","page","type-page","status-publish","hentry"],"yoast_head":"<!-- This site is optimized with the Yoast SEO plugin v25.3.1 - https:\/\/yoast.com\/wordpress\/plugins\/seo\/ -->\n<title>Dodaj wtyczk\u0119 Social Wall do witryny Google Sites (szybko i bezp\u0142atnie)<\/title>\n<meta name=\"description\" content=\"Zaimplementuj przyjazny dla u\u017cytkownika wid\u017cet kana\u0142u spo\u0142eczno\u015bciowego Witryn Google na swojej stronie Witryn Google. Skorzystaj z przydatnej wersji demonstracyjnej Elfsight i stw\u00f3rz swoj\u0105 osza\u0142amiaj\u0105c\u0105 wtyczk\u0119 Social Wall.\" \/>\n<meta name=\"robots\" content=\"index, follow, max-snippet:-1, max-image-preview:large, max-video-preview:-1\" \/>\n<link rel=\"canonical\" href=\"https:\/\/elfsight.com\/pl\/social-feed-widget\/google-sites\/\" \/>\n<meta property=\"og:locale\" content=\"pl_PL\" \/>\n<meta property=\"og:type\" content=\"article\" \/>\n<meta property=\"og:title\" content=\"Dodaj wtyczk\u0119 Social Wall do witryny Google Sites (szybko i bezp\u0142atnie)\" \/>\n<meta property=\"og:description\" content=\"Zaimplementuj przyjazny dla u\u017cytkownika wid\u017cet kana\u0142u spo\u0142eczno\u015bciowego Witryn Google na swojej stronie Witryn Google. Skorzystaj z przydatnej wersji demonstracyjnej Elfsight i stw\u00f3rz swoj\u0105 osza\u0142amiaj\u0105c\u0105 wtyczk\u0119 Social Wall.\" \/>\n<meta property=\"og:url\" content=\"https:\/\/elfsight.com\/pl\/social-feed-widget\/google-sites\/\" \/>\n<meta property=\"og:site_name\" content=\"Elfsight PL\" \/>\n<meta property=\"article:modified_time\" content=\"2024-11-14T08:50:47+00:00\" \/>\n<meta name=\"twitter:card\" content=\"summary_large_image\" \/>\n<meta name=\"twitter:label1\" content=\"Szacowany czas czytania\" \/>\n\t<meta name=\"twitter:data1\" content=\"3 minuty\" \/>\n<!-- \/ Yoast SEO plugin. -->","yoast_head_json":{"title":"Dodaj wtyczk\u0119 Social Wall do witryny Google Sites (szybko i bezp\u0142atnie)","description":"Zaimplementuj przyjazny dla u\u017cytkownika wid\u017cet kana\u0142u spo\u0142eczno\u015bciowego Witryn Google na swojej stronie Witryn Google. Skorzystaj z przydatnej wersji demonstracyjnej Elfsight i stw\u00f3rz swoj\u0105 osza\u0142amiaj\u0105c\u0105 wtyczk\u0119 Social Wall.","robots":{"index":"index","follow":"follow","max-snippet":"max-snippet:-1","max-image-preview":"max-image-preview:large","max-video-preview":"max-video-preview:-1"},"canonical":"https:\/\/elfsight.com\/pl\/social-feed-widget\/google-sites\/","og_locale":"pl_PL","og_type":"article","og_title":"Dodaj wtyczk\u0119 Social Wall do witryny Google Sites (szybko i bezp\u0142atnie)","og_description":"Zaimplementuj przyjazny dla u\u017cytkownika wid\u017cet kana\u0142u spo\u0142eczno\u015bciowego Witryn Google na swojej stronie Witryn Google. Skorzystaj z przydatnej wersji demonstracyjnej Elfsight i stw\u00f3rz swoj\u0105 osza\u0142amiaj\u0105c\u0105 wtyczk\u0119 Social Wall.","og_url":"https:\/\/elfsight.com\/pl\/social-feed-widget\/google-sites\/","og_site_name":"Elfsight PL","article_modified_time":"2024-11-14T08:50:47+00:00","twitter_card":"summary_large_image","twitter_misc":{"Szacowany czas czytania":"3 minuty"},"schema":{"@context":"https:\/\/schema.org","@graph":[{"@type":"WebPage","@id":"https:\/\/elfsight.com\/pl\/social-feed-widget\/google-sites\/","url":"https:\/\/elfsight.com\/pl\/social-feed-widget\/google-sites\/","name":"Dodaj wtyczk\u0119 Social Wall do witryny Google Sites (szybko i bezp\u0142atnie)","isPartOf":{"@id":"https:\/\/elfsight.com\/pl\/#website"},"datePublished":"1970-01-01T00:00:00+00:00","dateModified":"2024-11-14T08:50:47+00:00","description":"Zaimplementuj przyjazny dla u\u017cytkownika wid\u017cet kana\u0142u spo\u0142eczno\u015bciowego Witryn Google na swojej stronie Witryn Google. Skorzystaj z przydatnej wersji demonstracyjnej Elfsight i stw\u00f3rz swoj\u0105 osza\u0142amiaj\u0105c\u0105 wtyczk\u0119 Social Wall.","breadcrumb":{"@id":"https:\/\/elfsight.com\/pl\/social-feed-widget\/google-sites\/#breadcrumb"},"inLanguage":"pl-PL","potentialAction":[{"@type":"ReadAction","target":["https:\/\/elfsight.com\/pl\/social-feed-widget\/google-sites\/"]}]},{"@type":"BreadcrumbList","@id":"https:\/\/elfsight.com\/pl\/social-feed-widget\/google-sites\/#breadcrumb","itemListElement":[{"@type":"ListItem","position":1,"name":"Home","item":"https:\/\/elfsight.com\/pl\/"},{"@type":"ListItem","position":2,"name":"Social Feed","item":"https:\/\/elfsight.com\/pl\/social-feed-widget\/"},{"@type":"ListItem","position":3,"name":"Social Feed &#8211; Google Sites"}]},{"@type":"WebSite","@id":"https:\/\/elfsight.com\/pl\/#website","url":"https:\/\/elfsight.com\/pl\/","name":"Elfsight PL","description":"Just another Elfsight Sites site","potentialAction":[{"@type":"SearchAction","target":{"@type":"EntryPoint","urlTemplate":"https:\/\/elfsight.com\/pl\/?s={search_term_string}"},"query-input":{"@type":"PropertyValueSpecification","valueRequired":true,"valueName":"search_term_string"}}],"inLanguage":"pl-PL"}]}},"meta_box":{"industry":"","seo_heading":"","heading":"","description":"","cta_heading":"","cta_description":"","application":"636","h1":"Wtyczka kana\u0142\u00f3w medi\u00f3w spo\u0142eczno\u015bciowych Witryn Google","h1_caption":"Po\u0142\u0105cz tre\u015bci z wielu platform medi\u00f3w spo\u0142eczno\u015bciowych w jeden dynamiczny kana\u0142, dzi\u0119ki czemu odwiedzaj\u0105cy b\u0119d\u0105 mogli bez trudu udost\u0119pnia\u0107 \u015bwie\u017ce i anga\u017cuj\u0105ce tre\u015bci w Twoich Witrynach Google.","application_category":[],"applications_title":"","applications_request_title":"","applications_request_button_text":"","hero_text":"","hero_video":"","hero_video_schema_markup":"","selling_points_title":"","selling_points_caption":"","selling_points":[],"selling_points_cta_text":"","features_title":"","features":"","ed_cta_examples_text":"","ed_cta_examples_hidden":"","ed_cta_demo_text":"","ed_cta_demo_hidden":"","why_caption":"","why_editor_title":"","why_editor_text":"","why_team_title":"","why_team_text":"","why_service_title":"","why_service_text":"","template_catalog_visible":"","template_catalog_title":"","template_catalog_text":"","template_catalog_categories_visible":"","demo_title":"Utw\u00f3rz wid\u017cet kana\u0142u spo\u0142eczno\u015bciowego","demo_caption":"Skonfiguruj sw\u00f3j kana\u0142 spo\u0142eczno\u015bciowy i dodaj go do swojej witryny Google Sites za darmo!","default_faq_hidden":"","app_template_category":[],"platform":"484","template_public_id":"","codecanyon_url":"","codecanyon_item_id":"","codecanyon_price":"","pricing_caption":"","pricing_elfsight_apps_hide_column":"","pricing_elfsight_apps_url":"","pricing_codecanyon_price_caption":"","integration_category":[],"integration_request_title":"","integration_request_cta":"","integration_platform":"","integrations":[],"platform_category":[],"video_schema_markup":"","price":"od 0 USD \/ miesi\u0105c","trial":"","benefits":[{"text":"Bezp\u0142atna pomoc w monta\u017cu"},{"text":"Profesjonalna obs\u0142uga klienta"},{"text":"14-dniowa gwarancja zwrotu pieni\u0119dzy"}],"button_url":"#demo","button_target_blank":"","button_nofollow":"","attributes":[{"name":"Instaluje"},{"name":"Czu\u0142y"},{"name":"Kompatybilne przegl\u0105darki"}],"tags":[],"tags_disable_links":"","hide_more_platforms":"","video_object":"","demo_hide_cta":"","demo_hide_cloud_options":"","pricing_title":"","pricing":[{"pricing_icon":"platform","pricing_title":"Elfsight Apps","pricing_title_caption":"Oprogramowanie wieloplatformowe, kt\u00f3re pasuje do ka\u017cdej witryny internetowej","pricing_price":"od 0 USD \/ miesi\u0105c","pricing_price_caption":"zacznij od bezp\u0142atnego planu","pricing_benefits":[{"text":"Nielimitowane domeny"},{"text":"Profesjonalna obs\u0142uga klienta i dobrze udokumentowana"},{"text":"Bezp\u0142atna pomoc w instalacji"},{"text":"Cena do z\u0142apania dla wielu aplikacji"}],"pricing_button_text":"Dodaj do witryny","pricing_button_url":"#demo"}],"related_apps_title":"","related_apps_hidden":"","author":"","image":[],"title":"","job":"","social_networks":[]},"_links":{"self":[{"href":"https:\/\/elfsight.com\/pl\/wp-json\/wp\/v2\/pages\/6478","targetHints":{"allow":["GET"]}}],"collection":[{"href":"https:\/\/elfsight.com\/pl\/wp-json\/wp\/v2\/pages"}],"about":[{"href":"https:\/\/elfsight.com\/pl\/wp-json\/wp\/v2\/types\/page"}],"author":[{"embeddable":true,"href":"https:\/\/elfsight.com\/pl\/wp-json\/wp\/v2\/users\/9"}],"replies":[{"embeddable":true,"href":"https:\/\/elfsight.com\/pl\/wp-json\/wp\/v2\/comments?post=6478"}],"version-history":[{"count":1,"href":"https:\/\/elfsight.com\/pl\/wp-json\/wp\/v2\/pages\/6478\/revisions"}],"predecessor-version":[{"id":6482,"href":"https:\/\/elfsight.com\/pl\/wp-json\/wp\/v2\/pages\/6478\/revisions\/6482"}],"up":[{"embeddable":true,"href":"https:\/\/elfsight.com\/pl\/wp-json\/wp\/v2\/pages\/637"}],"wp:attachment":[{"href":"https:\/\/elfsight.com\/pl\/wp-json\/wp\/v2\/media?parent=6478"}],"curies":[{"name":"wp","href":"https:\/\/api.w.org\/{rel}","templated":true}]}}