{"id":6477,"date":"1970-01-01T00:00:00","date_gmt":"1970-01-01T00:00:00","guid":{"rendered":"https:\/\/elfsight.com\/pl\/?page_id=6477"},"modified":"2024-09-13T13:55:59","modified_gmt":"2024-09-13T13:55:59","slug":"godaddy","status":"publish","type":"page","link":"https:\/\/elfsight.com\/pl\/social-feed-widget\/godaddy\/","title":{"rendered":"Social Feed  &#8211; GoDaddy"},"content":{"rendered":"<div class=\"application-platform-content-item-description application-platform-content-item\" id=\"description\" data-nav-section=\"description\"> <h2>Umie\u015b\u0107 kana\u0142 spo\u0142eczno\u015bciowy w GoDaddy za pomoc\u0105 wid\u017cetu Elfsight<\/h2> <p>Kana\u0142 spo\u0142eczno\u015bciowy Elfsight dla GoDaddy to specjalne narz\u0119dzie do cel\u00f3w marketingowych, nie tylko rzeczy, ale emocje i prze\u017cycia. Dzi\u0119ki niemu mo\u017cesz zaprojektowa\u0107 w\u0142asny kana\u0142 sk\u0142adaj\u0105cy si\u0119 z tre\u015bci z kilku sieci: Instagram, Pinterest, Facebook, Twitter, Tumblr, YouTube, Vimeo &#8211; i zaprezentowa\u0107 go bezpo\u015brednio na swojej stronie. Zaprojektuj galeri\u0119 lub katalog produkt\u00f3w w kilka minut! Ciesz si\u0119 pe\u0142n\u0105 kontrol\u0105 nad prezentowan\u0105 tre\u015bci\u0105 dzi\u0119ki kilku opcjom filtrowania i pozbywaj si\u0119 spamu oraz wszelkich niepo\u017c\u0105danych tre\u015bci za pomoc\u0105 r\u0119cznej moderacji. Ca\u0142kowicie responsywny edytor online udost\u0119pnia r\u00f3\u017cnorodne szablony do wyboru. <\/p> <p><b>Dzi\u0119ki Social Wall mo\u017cesz solidnie rozwija\u0107 biznes i zwi\u0119ksza\u0107 sprzeda\u017c <\/b><\/p> <\/div> <div class=\"application-platform-content-item-features application-platform-content-item\" id=\"features\" data-nav-section=\"features\"> <h2>Poni\u017cej znajduj\u0105 si\u0119 g\u0142\u00f3wne funkcje wtyczka: <\/h2> <ul><li>Pokazuj swoje tre\u015bci w mediach spo\u0142eczno\u015bciowych z wielu \u017ar\u00f3de\u0142. <\/li><li>Usu\u0144 wszelki spam i niepo\u017c\u0105dane tre\u015bci, korzystaj\u0105c z r\u0119cznego trybu moderacji. <\/li><li>Zainstaluj przycisk Obserwuj na kartach wtyczek. <\/li><li>Spraw, aby Twoje posty by\u0142y wy\u015bwietlane w trybie wyskakuj\u0105cym. <\/li><\/ul><p><a href=\"#demo\">Pe\u0142n\u0105 funkcjonalno\u015b\u0107 wtyczki mo\u017cesz odkry\u0107 w poni\u017cszej wersji demonstracyjnej<\/a><\/p> <\/div> <div class=\"application-platform-content-item- instalacja application-platform-content-item\" id=\" instalacja\" data-nav-section=\" instalacja\"> <h2>Jak mog\u0119 doda\u0107 wtyczk\u0119 Social Media Feed do mojej witryny GoDaddy? <\/h2> <p>Wystarczy post\u0119powa\u0107 zgodnie z poni\u017cszymi instrukcjami, aby aktywowa\u0107 wtyczk\u0119. <\/p> <ol><li><b>Uruchom nasz darmowy edytor i zacznij tworzy\u0107 w\u0142asn\u0105 wtyczk\u0119. <\/b><br> Wybierz niestandardowy uk\u0142ad i specyfikacje wtyczki i zastosuj zmiany. <\/li> <li><b>Odbierz indywidualny kod pojawiaj\u0105cy si\u0119 w polu w aplikacjach Elfsight. <\/b><br> Po zako\u0144czeniu dostosowywania osobistej wtyczki skopiuj indywidualny kod z wyskakuj\u0105cego okienka i zachowaj go do wykorzystania w przysz\u0142o\u015bci. <\/li> <li><b>Rozpocznij stosowanie wtyczki Social Wall w swojej witrynie GoDaddy. <\/b><br> Umie\u015b\u0107 ostatnio skopiowany kod na swojej stronie internetowej i zastosuj ulepszenia. <\/li> <li><b>Konfiguracja zosta\u0142a pomy\u015blnie uko\u0144czona. <\/b><br> Odwied\u017a swoj\u0105 stron\u0119 internetow\u0105, aby sprawdzi\u0107, jak dzia\u0142a wtyczka. <\/li><\/ol> <p>W przypadku pyta\u0144 lub napotkania jakichkolwiek trudno\u015bci prosimy o kontakt z naszym personelem pomocniczym. Nasi specjali\u015bci z przyjemno\u015bci\u0105 rozwi\u0105\u017c\u0105 wszystkie problemy, jakie mo\u017cesz napotka\u0107 w zwi\u0105zku z tym narz\u0119dziem. <\/p> <\/div><div class=\"faq\" data-component=\"FAQ\"><div class=\"faq-item\">\r\n\t\t\t\t\t<div class=\"faq-item-question\">\r\n\t\t\t\t\t\t<h3 class=\"faq-item-question-text\">W jaki spos\u00f3b mo\u017cna umie\u015bci\u0107 kana\u0142 spo\u0142eczno\u015bciowy na mojej stronie g\u0142\u00f3wnej GoDaddy bez umiej\u0119tno\u015bci kodowania?<\/h3>\r\n\r\n\t\t\t\t\t\t<div class=\"faq-item-question-icon\"><\/div>\r\n\t\t\t\t\t<\/div>\r\n\r\n\t\t\t\t\t<div class=\"faq-item-answer\">\r\n\t\t\t\t\t\t<div class=\"faq-item-answer-text\"><p>Firma Elfsight dostarcza rozwi\u0105zanie SaaS, kt\u00f3re umo\u017cliwia u\u017cytkownikowi samodzielne utworzenie aplikacji Kana\u0142y spo\u0142eczno\u015bciowe, sprawd\u017a proste kroki: <\/p><ul><li>Pracuj bezpo\u015brednio w edytorze na \u017cywo, aby wygenerowa\u0107 sekcj\u0119 Kana\u0142y spo\u0142eczno\u015bciowe, kt\u00f3r\u0105 chcesz widzie\u0107 w swojej witrynie GoDaddy strona.<\/li><li>Wybierz jeden z gotowych szablon\u00f3w i zmie\u0144 ustawienia Kana\u0142\u00f3w spo\u0142eczno\u015bciowych, zmie\u0144 uk\u0142ad i kolory, zaktualizuj tre\u015b\u0107 bez znajomo\u015bci kodowania.<\/li><li>Zapisz dokonane ustawienia do Kana\u0142u Spo\u0142eczno\u015bciowego i uzyskaj kod instalacyjny wtyczki, kt\u00f3ry mo\u017cesz bez problemu i bezp\u0142atnie doda\u0107 na stronie internetowej GoDaddy.<\/li><\/ul><p>Dzi\u0119ki przyjaznemu dla u\u017cytkownika Edytorowi ka\u017cdy u\u017cytkownik Internetu mo\u017ce wygenerowa\u0107 Kana\u0142 Spo\u0142eczno\u015bciowy i osadzi\u0107 go w Witryna GoDaddy. Aby wej\u015b\u0107 do Edytora Elfsight, nie trzeba kupowa\u0107 p\u0142atnej subskrypcji ani podawa\u0107 danych uwierzytelniaj\u0105cych karty. Je\u015bli napotkasz jakiekolwiek przeszkody, skontaktuj si\u0119 z naszym dzia\u0142em obs\u0142ugi klienta.<\/p><\/div>\r\n\t\t\t\t\t<\/div>\r\n\t\t\t\t<\/div><\/div>","protected":false},"excerpt":{"rendered":"","protected":false},"author":9,"featured_media":0,"parent":637,"menu_order":0,"comment_status":"closed","ping_status":"closed","template":"templates\/template-application-platform.php","meta":{"publish_to_discourse":"","publish_post_category":"","wpdc_auto_publish_overridden":"","wpdc_topic_tags":"","wpdc_pin_topic":"","wpdc_pin_until":"","discourse_post_id":"","discourse_permalink":"","wpdc_publishing_response":"","wpdc_publishing_error":"","footnotes":""},"class_list":["post-6477","page","type-page","status-publish","hentry"],"yoast_head":"<!-- This site is optimized with the Yoast SEO plugin v25.3.1 - https:\/\/yoast.com\/wordpress\/plugins\/seo\/ -->\n<title>Kana\u0142 spo\u0142eczno\u015bciowy \u2014 dodaj wtyczk\u0119 Kana\u0142 spo\u0142eczno\u015bciowy do witryny GoDaddy!<\/title>\n<meta name=\"description\" content=\"Zaimplementuj przyjazn\u0105 dla u\u017cytkownika wtyczk\u0119 GoDaddy Social Feed w swojej witrynie GoDaddy. Wypr\u00f3buj por\u0119czn\u0105 wersj\u0119 demonstracyjn\u0105 Elfsight i zmodyfikuj swoj\u0105 wspania\u0142\u0105 \u015bcian\u0119 spo\u0142eczno\u015bciow\u0105!\" \/>\n<meta name=\"robots\" content=\"index, follow, max-snippet:-1, max-image-preview:large, max-video-preview:-1\" \/>\n<link rel=\"canonical\" href=\"https:\/\/elfsight.com\/pl\/social-feed-widget\/godaddy\/\" \/>\n<meta property=\"og:locale\" content=\"pl_PL\" \/>\n<meta property=\"og:type\" content=\"article\" \/>\n<meta property=\"og:title\" content=\"Kana\u0142 spo\u0142eczno\u015bciowy \u2014 dodaj wtyczk\u0119 Kana\u0142 spo\u0142eczno\u015bciowy do witryny GoDaddy!\" \/>\n<meta property=\"og:description\" content=\"Zaimplementuj przyjazn\u0105 dla u\u017cytkownika wtyczk\u0119 GoDaddy Social Feed w swojej witrynie GoDaddy. Wypr\u00f3buj por\u0119czn\u0105 wersj\u0119 demonstracyjn\u0105 Elfsight i zmodyfikuj swoj\u0105 wspania\u0142\u0105 \u015bcian\u0119 spo\u0142eczno\u015bciow\u0105!\" \/>\n<meta property=\"og:url\" content=\"https:\/\/elfsight.com\/pl\/social-feed-widget\/godaddy\/\" \/>\n<meta property=\"og:site_name\" content=\"Elfsight PL\" \/>\n<meta property=\"article:modified_time\" content=\"2024-09-13T13:55:59+00:00\" \/>\n<meta name=\"twitter:card\" content=\"summary_large_image\" \/>\n<meta name=\"twitter:label1\" content=\"Szacowany czas czytania\" \/>\n\t<meta name=\"twitter:data1\" content=\"3 minuty\" \/>\n<!-- \/ Yoast SEO plugin. -->","yoast_head_json":{"title":"Kana\u0142 spo\u0142eczno\u015bciowy \u2014 dodaj wtyczk\u0119 Kana\u0142 spo\u0142eczno\u015bciowy do witryny GoDaddy!","description":"Zaimplementuj przyjazn\u0105 dla u\u017cytkownika wtyczk\u0119 GoDaddy Social Feed w swojej witrynie GoDaddy. Wypr\u00f3buj por\u0119czn\u0105 wersj\u0119 demonstracyjn\u0105 Elfsight i zmodyfikuj swoj\u0105 wspania\u0142\u0105 \u015bcian\u0119 spo\u0142eczno\u015bciow\u0105!","robots":{"index":"index","follow":"follow","max-snippet":"max-snippet:-1","max-image-preview":"max-image-preview:large","max-video-preview":"max-video-preview:-1"},"canonical":"https:\/\/elfsight.com\/pl\/social-feed-widget\/godaddy\/","og_locale":"pl_PL","og_type":"article","og_title":"Kana\u0142 spo\u0142eczno\u015bciowy \u2014 dodaj wtyczk\u0119 Kana\u0142 spo\u0142eczno\u015bciowy do witryny GoDaddy!","og_description":"Zaimplementuj przyjazn\u0105 dla u\u017cytkownika wtyczk\u0119 GoDaddy Social Feed w swojej witrynie GoDaddy. Wypr\u00f3buj por\u0119czn\u0105 wersj\u0119 demonstracyjn\u0105 Elfsight i zmodyfikuj swoj\u0105 wspania\u0142\u0105 \u015bcian\u0119 spo\u0142eczno\u015bciow\u0105!","og_url":"https:\/\/elfsight.com\/pl\/social-feed-widget\/godaddy\/","og_site_name":"Elfsight PL","article_modified_time":"2024-09-13T13:55:59+00:00","twitter_card":"summary_large_image","twitter_misc":{"Szacowany czas czytania":"3 minuty"},"schema":{"@context":"https:\/\/schema.org","@graph":[{"@type":"WebPage","@id":"https:\/\/elfsight.com\/pl\/social-feed-widget\/godaddy\/","url":"https:\/\/elfsight.com\/pl\/social-feed-widget\/godaddy\/","name":"Kana\u0142 spo\u0142eczno\u015bciowy \u2014 dodaj wtyczk\u0119 Kana\u0142 spo\u0142eczno\u015bciowy do witryny GoDaddy!","isPartOf":{"@id":"https:\/\/elfsight.com\/pl\/#website"},"datePublished":"1970-01-01T00:00:00+00:00","dateModified":"2024-09-13T13:55:59+00:00","description":"Zaimplementuj przyjazn\u0105 dla u\u017cytkownika wtyczk\u0119 GoDaddy Social Feed w swojej witrynie GoDaddy. Wypr\u00f3buj por\u0119czn\u0105 wersj\u0119 demonstracyjn\u0105 Elfsight i zmodyfikuj swoj\u0105 wspania\u0142\u0105 \u015bcian\u0119 spo\u0142eczno\u015bciow\u0105!","breadcrumb":{"@id":"https:\/\/elfsight.com\/pl\/social-feed-widget\/godaddy\/#breadcrumb"},"inLanguage":"pl-PL","potentialAction":[{"@type":"ReadAction","target":["https:\/\/elfsight.com\/pl\/social-feed-widget\/godaddy\/"]}]},{"@type":"BreadcrumbList","@id":"https:\/\/elfsight.com\/pl\/social-feed-widget\/godaddy\/#breadcrumb","itemListElement":[{"@type":"ListItem","position":1,"name":"Home","item":"https:\/\/elfsight.com\/pl\/"},{"@type":"ListItem","position":2,"name":"Social Feed","item":"https:\/\/elfsight.com\/pl\/social-feed-widget\/"},{"@type":"ListItem","position":3,"name":"Social Feed &#8211; GoDaddy"}]},{"@type":"WebSite","@id":"https:\/\/elfsight.com\/pl\/#website","url":"https:\/\/elfsight.com\/pl\/","name":"Elfsight PL","description":"Just another Elfsight Sites site","potentialAction":[{"@type":"SearchAction","target":{"@type":"EntryPoint","urlTemplate":"https:\/\/elfsight.com\/pl\/?s={search_term_string}"},"query-input":{"@type":"PropertyValueSpecification","valueRequired":true,"valueName":"search_term_string"}}],"inLanguage":"pl-PL"}]}},"meta_box":{"industry":"","seo_heading":"","heading":"","description":"","cta_heading":"","cta_description":"","application":"636","h1":"Wtyczka kana\u0142u medi\u00f3w spo\u0142eczno\u015bciowych GoDaddy","h1_caption":"Wy\u015bwietlaj swoje posty ze wszystkich popularnych platform medi\u00f3w spo\u0142eczno\u015bciowych","application_category":[],"applications_title":"","applications_request_title":"","applications_request_button_text":"","hero_text":"","hero_video":"","hero_video_schema_markup":"","selling_points_title":"","selling_points_caption":"","selling_points":[],"selling_points_cta_text":"","features_title":"","features":"","ed_cta_examples_text":"","ed_cta_examples_hidden":"","ed_cta_demo_text":"","ed_cta_demo_hidden":"","why_caption":"","why_editor_title":"","why_editor_text":"","why_team_title":"","why_team_text":"","why_service_title":"","why_service_text":"","template_catalog_visible":"","template_catalog_title":"","template_catalog_text":"","template_catalog_categories_visible":"","demo_title":"Zach\u0119camy do tworzenia spersonalizowanych kana\u0142\u00f3w spo\u0142eczno\u015bciowych GoDaddy","demo_caption":"Dostosuj go i umie\u015b\u0107 wtyczk\u0119 na swojej stronie za pomoc\u0105 wersji demonstracyjnej na \u017cywo.","default_faq_hidden":"","app_template_category":[],"platform":"180","template_public_id":"","codecanyon_url":"","codecanyon_item_id":"","codecanyon_price":"","pricing_caption":"","pricing_elfsight_apps_hide_column":"","pricing_elfsight_apps_url":"","pricing_codecanyon_price_caption":"","integration_category":[],"integration_request_title":"","integration_request_cta":"","integration_platform":"","integrations":[],"platform_category":[],"video_schema_markup":"","price":"od 0 USD \/ miesi\u0105c","trial":"","benefits":[{"text":"Bezp\u0142atna pomoc w monta\u017cu"},{"text":"Wsparcie premium"},{"text":"14-dniowa gwarancja zwrotu pieni\u0119dzy"}],"button_url":"#demo","button_target_blank":"","button_nofollow":"","attributes":[{"name":"Instaluje"},{"name":"Czu\u0142y"},{"name":"Kompatybilne przegl\u0105darki"}],"tags":[],"tags_disable_links":"","hide_more_platforms":"","video_object":"","demo_hide_cta":"","demo_hide_cloud_options":"","pricing_title":"","pricing":[{"pricing_icon":"platform","pricing_title":"Elfsight Apps","pricing_title_caption":"Wersja niezale\u017cna od platformy","pricing_price":"od 0 USD \/ miesi\u0105c","pricing_price_caption":"zacznij od bezp\u0142atnego planu","pricing_benefits":[{"text":"Nielimitowane strony internetowe"},{"text":"Wsparcie firmy premium i dobrze udokumentowane"},{"text":"Bezp\u0142atna pomoc w monta\u017cu"},{"text":"W pe\u0142ni konfigurowalny"}],"pricing_button_text":"Dodaj do witryny","pricing_button_url":"#demo"}],"related_apps_title":"","related_apps_hidden":"","author":"","image":[],"title":"","job":"","social_networks":[]},"_links":{"self":[{"href":"https:\/\/elfsight.com\/pl\/wp-json\/wp\/v2\/pages\/6477","targetHints":{"allow":["GET"]}}],"collection":[{"href":"https:\/\/elfsight.com\/pl\/wp-json\/wp\/v2\/pages"}],"about":[{"href":"https:\/\/elfsight.com\/pl\/wp-json\/wp\/v2\/types\/page"}],"author":[{"embeddable":true,"href":"https:\/\/elfsight.com\/pl\/wp-json\/wp\/v2\/users\/9"}],"replies":[{"embeddable":true,"href":"https:\/\/elfsight.com\/pl\/wp-json\/wp\/v2\/comments?post=6477"}],"version-history":[{"count":1,"href":"https:\/\/elfsight.com\/pl\/wp-json\/wp\/v2\/pages\/6477\/revisions"}],"predecessor-version":[{"id":6481,"href":"https:\/\/elfsight.com\/pl\/wp-json\/wp\/v2\/pages\/6477\/revisions\/6481"}],"up":[{"embeddable":true,"href":"https:\/\/elfsight.com\/pl\/wp-json\/wp\/v2\/pages\/637"}],"wp:attachment":[{"href":"https:\/\/elfsight.com\/pl\/wp-json\/wp\/v2\/media?parent=6477"}],"curies":[{"name":"wp","href":"https:\/\/api.w.org\/{rel}","templated":true}]}}