{"id":6472,"date":"1970-01-01T00:00:00","date_gmt":"1970-01-01T00:00:00","guid":{"rendered":"https:\/\/elfsight.com\/pl\/?page_id=6472"},"modified":"2024-10-25T11:53:36","modified_gmt":"2024-10-25T11:53:36","slug":"prestashop","status":"publish","type":"page","link":"https:\/\/elfsight.com\/pl\/social-feed-widget\/prestashop\/","title":{"rendered":"Social Feed &#8211; PrestaShop"},"content":{"rendered":"<div class=\"application-platform-content-item-description application-platform-content-item\" id=\"description\" data-nav-section=\"description\"> <h2>Opis<\/h2> <p>Kana\u0142 spo\u0142eczno\u015bciowy Elfsight dla PrestaShop to rozszerzenie, kt\u00f3rego g\u0142\u00f3wnym celem jest pomoc we wszystkich obecnych wymaganiach w zakresie uzyskiwania wy\u015bwietle\u0144 i \u017c\u0105da\u0144 od os\u00f3b odwiedzaj\u0105cych Twoj\u0105 witryn\u0119. Poka\u017c niezb\u0119dne komponenty do wype\u0142nienia, wybierz preferowany szablon i zaprojektuj interfejs, aby jeszcze bardziej motywowa\u0107 klient\u00f3w do pozostawiania zapyta\u0144 o us\u0142ugi Twojej firmy. Kana\u0142 spo\u0142eczno\u015bciowy zosta\u0142 utworzony, aby spe\u0142ni\u0107 ka\u017cde Twoje \u017c\u0105danie dotycz\u0105ce zbierania opinii i utrzymywania kontaktu z odbiorcami. <\/p><p><b>Wykorzystaj to, co najlepsze w kana\u0142ach spo\u0142eczno\u015bciowych, aby \u0142atwiej sprosta\u0107 wyzwaniom biznesowym! <\/b><\/p> <\/div> <div class=\"application-platform-content-item-features application-platform-content-item\" id=\"features\" data-nav-section=\"features\"> <h2>To tylko kilka z bogatych funkcji widgetu: <\/h2> <ul><li>Wy\u015bwietlaj tre\u015bci z medi\u00f3w spo\u0142eczno\u015bciowych z wielu sieci<\/li><li>Tryb automatycznej moderacji umo\u017cliwiaj\u0105cy ci\u0105g\u0142e przesy\u0142anie tre\u015bci<\/li><li>Umie\u015b\u0107 przycisk Obserwuj na kanale wid\u017cetu<\/li><li>5 gotowych szablon\u00f3w post\u00f3w z r\u00f3\u017cnymi zdj\u0119ciami, po\u0142o\u017cenie obrazu autora i tekstu<\/li><li>Filmy odtwarzaj\u0105 si\u0119 automatycznie w trybie wyskakuj\u0105cym<\/li><li>Spraw, aby Twoje posty by\u0142y wy\u015bwietlane w wyskakuj\u0105cym okienku <\/li><li>Dwa warianty wyskakuj\u0105cego okienka reprezentacja post\u00f3w: kana\u0142 i suwak<\/li><\/ul><p><a href=\"#demo\">Wystarczy wypr\u00f3bowa\u0107 t\u0119 wersj\u0119 demonstracyjn\u0105, aby uzyska\u0107 pe\u0142ny obraz<\/a><\/p> <\/div> <div class=\"application-platform-content-item-installation application-platform-content-item\" id=\"installation\" data-nav-section=\"installation\"> <h2>Jak osadzi\u0107 kana\u0142 spo\u0142eczno\u015bciowy na mojej stronie internetowej PrestaShop? <\/h2> <p>Wystarczy zastosowa\u0107 si\u0119 do poni\u017cszych instrukcji, aby rozpocz\u0105\u0107 prac\u0119 z dodatkiem. <\/p> <ol><li><b>Otw\u00f3rz nasz darmowy konfigurator i zacznij tworzy\u0107 sw\u00f3j unikalny widget. <\/b><br> Wybierz wybrany wygl\u0105d i funkcje wid\u017cetu i zapisz zmiany. <\/li> <li><b>Wy\u015bwietl sw\u00f3j unikalny kod w oknie aplikacji Elfsight. <\/b><br> Zaraz po zako\u0144czeniu dostosowywania Twojego osobistego narz\u0119dzia skopiuj indywidualny kod z wy\u015bwietlonego okna i zapisz go do p\u00f3\u017aniejszego wykorzystania. <\/li> <li><b>Rozpocznij stosowanie dodatku na stronie PrestaShop. <\/b><br> Wstaw skopiowany wcze\u015bniej kod na swoj\u0105 stron\u0119 g\u0142\u00f3wn\u0105 i zapisz ulepszenia. <\/li> <li><b>Konfiguracja zosta\u0142a w pe\u0142ni przeprowadzona. <\/b><br> Przejd\u017a do swojej strony internetowej i zobacz, jak dzia\u0142a widget. <\/li><\/ol> <p>Je\u015bli masz pytania lub napotkasz pewne komplikacje, nie wahaj si\u0119 zwr\u00f3ci\u0107 o pomoc do naszego personelu pomocniczego. Nasi ludzie ch\u0119tnie pomog\u0105 Ci we wszystkich problemach, jakie mo\u017cesz mie\u0107 z narz\u0119dziem. <\/p> <\/div><div class=\"faq\" data-component=\"FAQ\"><div class=\"faq-item\">\r\n\t\t\t\t\t<div class=\"faq-item-question\">\r\n\t\t\t\t\t\t<h3 class=\"faq-item-question-text\">Jak mog\u0119 doda\u0107 kana\u0142 spo\u0142eczno\u015bciowy do mojej strony g\u0142\u00f3wnej PrestaShop bez kodowania?<\/h3>\r\n\r\n\t\t\t\t\t\t<div class=\"faq-item-question-icon\"><\/div>\r\n\t\t\t\t\t<\/div>\r\n\r\n\t\t\t\t\t<div class=\"faq-item-answer\">\r\n\t\t\t\t\t\t<div class=\"faq-item-answer-text\"><p>Firma Elfsight dostarcza rozwi\u0105zanie w chmurze kt\u00f3ra umo\u017cliwia u\u017cytkownikowi samodzielne utworzenie aplikacji Kana\u0142y spo\u0142eczno\u015bciowe, przekonaj si\u0119, jak prosty jest ten proces: <\/p><ul><li>Pracuj od razu w wersji demonstracyjnej online, aby utworzy\u0107 aplikacj\u0119 Kana\u0142y spo\u0142eczno\u015bciowe, kt\u00f3r\u0105 chcesz osadzi\u0107 na stronie PrestaShop.<\/li><li>Wybierz jeden z gotowych szablon\u00f3w i dostosuj ustawienia kana\u0142u spo\u0142eczno\u015bciowego, zmie\u0144 uk\u0142ad i kolor element\u00f3w, dodaj tre\u015b\u0107 bez kodowania.<\/li><li>Zapisz kana\u0142 spo\u0142eczno\u015bciowy i uzyskaj wid\u017cety kod instalacyjny, kt\u00f3ry mo\u017cna \u0142atwo i bezp\u0142atnie wklei\u0107 na stron\u0119 PrestaShop.<\/li><\/ul><p>Dzi\u0119ki naszemu intuicyjnemu Edytorowi ka\u017cdy internauta mo\u017ce zbudowa\u0107 sekcj\u0119 Social Feed i \u0142atwo osadzi\u0107 j\u0105 na stronie PrestaShop. Aby skorzysta\u0107 z us\u0142ugi, nie jest wymagana p\u0142atno\u015b\u0107 ani podanie danych karty. Je\u015bli napotkasz jakiekolwiek problemy, nie wahaj si\u0119 skontaktowa\u0107 z naszym personelem pomocy technicznej.<\/p><\/div>\r\n\t\t\t\t\t<\/div>\r\n\t\t\t\t<\/div><\/div>","protected":false},"excerpt":{"rendered":"","protected":false},"author":9,"featured_media":0,"parent":637,"menu_order":0,"comment_status":"closed","ping_status":"closed","template":"templates\/template-application-platform.php","meta":{"publish_to_discourse":"","publish_post_category":"","wpdc_auto_publish_overridden":"","wpdc_topic_tags":"","wpdc_pin_topic":"","wpdc_pin_until":"","discourse_post_id":"","discourse_permalink":"","wpdc_publishing_response":"","wpdc_publishing_error":"","footnotes":""},"class_list":["post-6472","page","type-page","status-publish","hentry"],"yoast_head":"<!-- This site is optimized with the Yoast SEO plugin v25.3.1 - https:\/\/yoast.com\/wordpress\/plugins\/seo\/ -->\n<title>Dodaj wtyczk\u0119 Social Wall do witryny PrestaShop (szybko i bezp\u0142atnie)<\/title>\n<meta name=\"description\" content=\"Zaimplementuj responsywny dodatek do kana\u0142\u00f3w spo\u0142eczno\u015bciowych PrestaShop na swojej stronie. Wypr\u00f3buj por\u0119czn\u0105 wersj\u0119 demonstracyjn\u0105 Elfsight i wygeneruj sw\u00f3j wspania\u0142y dodatek do \u015bciany spo\u0142eczno\u015bciowej.\" \/>\n<meta name=\"robots\" content=\"index, follow, max-snippet:-1, max-image-preview:large, max-video-preview:-1\" \/>\n<link rel=\"canonical\" href=\"https:\/\/elfsight.com\/pl\/social-feed-widget\/prestashop\/\" \/>\n<meta property=\"og:locale\" content=\"pl_PL\" \/>\n<meta property=\"og:type\" content=\"article\" \/>\n<meta property=\"og:title\" content=\"Dodaj wtyczk\u0119 Social Wall do witryny PrestaShop (szybko i bezp\u0142atnie)\" \/>\n<meta property=\"og:description\" content=\"Zaimplementuj responsywny dodatek do kana\u0142\u00f3w spo\u0142eczno\u015bciowych PrestaShop na swojej stronie. Wypr\u00f3buj por\u0119czn\u0105 wersj\u0119 demonstracyjn\u0105 Elfsight i wygeneruj sw\u00f3j wspania\u0142y dodatek do \u015bciany spo\u0142eczno\u015bciowej.\" \/>\n<meta property=\"og:url\" content=\"https:\/\/elfsight.com\/pl\/social-feed-widget\/prestashop\/\" \/>\n<meta property=\"og:site_name\" content=\"Elfsight PL\" \/>\n<meta property=\"article:modified_time\" content=\"2024-10-25T11:53:36+00:00\" \/>\n<meta name=\"twitter:card\" content=\"summary_large_image\" \/>\n<meta name=\"twitter:label1\" content=\"Szacowany czas czytania\" \/>\n\t<meta name=\"twitter:data1\" content=\"3 minuty\" \/>\n<!-- \/ Yoast SEO plugin. -->","yoast_head_json":{"title":"Dodaj wtyczk\u0119 Social Wall do witryny PrestaShop (szybko i bezp\u0142atnie)","description":"Zaimplementuj responsywny dodatek do kana\u0142\u00f3w spo\u0142eczno\u015bciowych PrestaShop na swojej stronie. Wypr\u00f3buj por\u0119czn\u0105 wersj\u0119 demonstracyjn\u0105 Elfsight i wygeneruj sw\u00f3j wspania\u0142y dodatek do \u015bciany spo\u0142eczno\u015bciowej.","robots":{"index":"index","follow":"follow","max-snippet":"max-snippet:-1","max-image-preview":"max-image-preview:large","max-video-preview":"max-video-preview:-1"},"canonical":"https:\/\/elfsight.com\/pl\/social-feed-widget\/prestashop\/","og_locale":"pl_PL","og_type":"article","og_title":"Dodaj wtyczk\u0119 Social Wall do witryny PrestaShop (szybko i bezp\u0142atnie)","og_description":"Zaimplementuj responsywny dodatek do kana\u0142\u00f3w spo\u0142eczno\u015bciowych PrestaShop na swojej stronie. Wypr\u00f3buj por\u0119czn\u0105 wersj\u0119 demonstracyjn\u0105 Elfsight i wygeneruj sw\u00f3j wspania\u0142y dodatek do \u015bciany spo\u0142eczno\u015bciowej.","og_url":"https:\/\/elfsight.com\/pl\/social-feed-widget\/prestashop\/","og_site_name":"Elfsight PL","article_modified_time":"2024-10-25T11:53:36+00:00","twitter_card":"summary_large_image","twitter_misc":{"Szacowany czas czytania":"3 minuty"},"schema":{"@context":"https:\/\/schema.org","@graph":[{"@type":"WebPage","@id":"https:\/\/elfsight.com\/pl\/social-feed-widget\/prestashop\/","url":"https:\/\/elfsight.com\/pl\/social-feed-widget\/prestashop\/","name":"Dodaj wtyczk\u0119 Social Wall do witryny PrestaShop (szybko i bezp\u0142atnie)","isPartOf":{"@id":"https:\/\/elfsight.com\/pl\/#website"},"datePublished":"1970-01-01T00:00:00+00:00","dateModified":"2024-10-25T11:53:36+00:00","description":"Zaimplementuj responsywny dodatek do kana\u0142\u00f3w spo\u0142eczno\u015bciowych PrestaShop na swojej stronie. Wypr\u00f3buj por\u0119czn\u0105 wersj\u0119 demonstracyjn\u0105 Elfsight i wygeneruj sw\u00f3j wspania\u0142y dodatek do \u015bciany spo\u0142eczno\u015bciowej.","breadcrumb":{"@id":"https:\/\/elfsight.com\/pl\/social-feed-widget\/prestashop\/#breadcrumb"},"inLanguage":"pl-PL","potentialAction":[{"@type":"ReadAction","target":["https:\/\/elfsight.com\/pl\/social-feed-widget\/prestashop\/"]}]},{"@type":"BreadcrumbList","@id":"https:\/\/elfsight.com\/pl\/social-feed-widget\/prestashop\/#breadcrumb","itemListElement":[{"@type":"ListItem","position":1,"name":"Home","item":"https:\/\/elfsight.com\/pl\/"},{"@type":"ListItem","position":2,"name":"Social Feed","item":"https:\/\/elfsight.com\/pl\/social-feed-widget\/"},{"@type":"ListItem","position":3,"name":"Social Feed &#8211; PrestaShop"}]},{"@type":"WebSite","@id":"https:\/\/elfsight.com\/pl\/#website","url":"https:\/\/elfsight.com\/pl\/","name":"Elfsight PL","description":"Just another Elfsight Sites site","potentialAction":[{"@type":"SearchAction","target":{"@type":"EntryPoint","urlTemplate":"https:\/\/elfsight.com\/pl\/?s={search_term_string}"},"query-input":{"@type":"PropertyValueSpecification","valueRequired":true,"valueName":"search_term_string"}}],"inLanguage":"pl-PL"}]}},"meta_box":{"industry":"","seo_heading":"","heading":"","description":"","cta_heading":"","cta_description":"","application":"636","h1":"Dodatek do medi\u00f3w spo\u0142eczno\u015bciowych PrestaShop","h1_caption":"Agreguj tre\u015bci z wielu platform medi\u00f3w spo\u0142eczno\u015bciowych w jeden dynamiczny kana\u0142, zapewniaj\u0105c odwiedzaj\u0105cym bez wysi\u0142ku \u015bwie\u017ce i anga\u017cuj\u0105ce tre\u015bci w Twojej witrynie Prestashop.","application_category":[],"applications_title":"","applications_request_title":"","applications_request_button_text":"","hero_text":"","hero_video":"","hero_video_schema_markup":"","selling_points_title":"","selling_points_caption":"","selling_points":[],"selling_points_cta_text":"","features_title":"","features":"","ed_cta_examples_text":"","ed_cta_examples_hidden":"","ed_cta_demo_text":"","ed_cta_demo_hidden":"","why_caption":"","why_editor_title":"","why_editor_text":"","why_team_title":"","why_team_text":"","why_service_title":"","why_service_text":"","template_catalog_visible":"","template_catalog_title":"","template_catalog_text":"","template_catalog_categories_visible":"","demo_title":"Zach\u0119camy do tworzenia spersonalizowanego kana\u0142u spo\u0142eczno\u015bciowego PrestaShop","demo_caption":"Dostosuj go i zintegruj dodatek ze swoj\u0105 witryn\u0105 poprzez aktywn\u0105 wersj\u0119 demonstracyjn\u0105","default_faq_hidden":"","app_template_category":[],"platform":"586","template_public_id":"","codecanyon_url":"","codecanyon_item_id":"","codecanyon_price":"","pricing_caption":"","pricing_elfsight_apps_hide_column":"","pricing_elfsight_apps_url":"","pricing_codecanyon_price_caption":"","integration_category":[],"integration_request_title":"","integration_request_cta":"","integration_platform":"","integrations":[],"platform_category":[],"video_schema_markup":"","price":"od 0 USD \/ miesi\u0105c","trial":"","benefits":[{"text":"Bezp\u0142atna pomoc w monta\u017cu"},{"text":"Wyj\u0105tkowe wsparcie"},{"text":"14-dniowa gwarancja zwrotu pieni\u0119dzy"}],"button_url":"#demo","button_target_blank":"","button_nofollow":"","attributes":[{"name":"Instaluje"},{"name":"Czu\u0142y"},{"name":"Kompatybilne przegl\u0105darki"}],"tags":[],"tags_disable_links":"","hide_more_platforms":"","video_object":"","demo_hide_cta":"","demo_hide_cloud_options":"","pricing_title":"","pricing":[{"pricing_icon":"platform","pricing_title":"Elfsight Apps","pricing_title_caption":"Oprogramowanie wieloplatformowe, kt\u00f3re dzia\u0142a na dowolnej witrynie","pricing_price":"od 0 USD \/ miesi\u0105c","pricing_price_caption":"zacznij od bezp\u0142atnego planu","pricing_benefits":[{"text":"Nielimitowane strony internetowe"},{"text":"Profesjonalna obs\u0142uga klienta"},{"text":"Bezp\u0142atne wsparcie przy instalacji"},{"text":"Oferta specjalna na wiele aplikacji"}],"pricing_button_text":"Dodaj do witryny","pricing_button_url":"#demo"}],"related_apps_title":"","related_apps_hidden":"","author":"","image":[],"title":"","job":"","social_networks":[]},"_links":{"self":[{"href":"https:\/\/elfsight.com\/pl\/wp-json\/wp\/v2\/pages\/6472","targetHints":{"allow":["GET"]}}],"collection":[{"href":"https:\/\/elfsight.com\/pl\/wp-json\/wp\/v2\/pages"}],"about":[{"href":"https:\/\/elfsight.com\/pl\/wp-json\/wp\/v2\/types\/page"}],"author":[{"embeddable":true,"href":"https:\/\/elfsight.com\/pl\/wp-json\/wp\/v2\/users\/9"}],"replies":[{"embeddable":true,"href":"https:\/\/elfsight.com\/pl\/wp-json\/wp\/v2\/comments?post=6472"}],"version-history":[{"count":1,"href":"https:\/\/elfsight.com\/pl\/wp-json\/wp\/v2\/pages\/6472\/revisions"}],"predecessor-version":[{"id":6476,"href":"https:\/\/elfsight.com\/pl\/wp-json\/wp\/v2\/pages\/6472\/revisions\/6476"}],"up":[{"embeddable":true,"href":"https:\/\/elfsight.com\/pl\/wp-json\/wp\/v2\/pages\/637"}],"wp:attachment":[{"href":"https:\/\/elfsight.com\/pl\/wp-json\/wp\/v2\/media?parent=6472"}],"curies":[{"name":"wp","href":"https:\/\/api.w.org\/{rel}","templated":true}]}}