{"id":6471,"date":"1970-01-01T00:00:00","date_gmt":"1970-01-01T00:00:00","guid":{"rendered":"https:\/\/elfsight.com\/pl\/?page_id=6471"},"modified":"2024-10-25T11:53:53","modified_gmt":"2024-10-25T11:53:53","slug":"jimdo","status":"publish","type":"page","link":"https:\/\/elfsight.com\/pl\/social-feed-widget\/jimdo\/","title":{"rendered":"Social Feed &#8211; Jimdo"},"content":{"rendered":"<div class=\"application-platform-content-item-description application-platform-content-item\" id=\"description\" data-nav-section=\"description\"><h2>Opis<\/h2> <p>Kana\u0142 spo\u0142eczno\u015bciowy Elfsight dla Jimdo to wid\u017cet, kt\u00f3rego zadaniem jest pomaganie Ci we wszystkich bie\u017c\u0105cych wymaganiach w zakresie uzyskiwania wy\u015bwietle\u0144 i \u017c\u0105da\u0144 od os\u00f3b odwiedzaj\u0105cych Twoj\u0105 witryn\u0119. Przedstaw najwa\u017cniejsze aspekty wype\u0142nienia, wybierz wymagany szablon i spersonalizuj interfejs, aby zmotywowa\u0107 klient\u00f3w do pozostawienia zapyta\u0144 o us\u0142ugi oferowane przez Twoj\u0105 firm\u0119. Kana\u0142 spo\u0142eczno\u015bciowy jest skomponowany tak, aby zaspokoi\u0107 ka\u017cd\u0105 potrzeb\u0119 uzyskania informacji zwrotnej i pozostania w kontakcie z klientami. <\/p><p><b>Dzi\u0119ki kana\u0142owi spo\u0142eczno\u015bciowemu mo\u017cesz aktywnie rozwija\u0107 sw\u00f3j biznes i zwi\u0119ksza\u0107 sprzeda\u017c <\/b><\/p> <\/div> <div class=\"application-platform-content-item-features application-platform-content-item\" id=\"features\" data-nav-section=\"features\"> <h2>Poni\u017cej znajduj\u0105 si\u0119 podstawowe funkcje widget: <\/h2> <ul><li>Osadzaj tre\u015bci z medi\u00f3w spo\u0142eczno\u015bciowych z wielu sieci<\/li><li>Tryb automatycznej moderacji umo\u017cliwiaj\u0105cy ci\u0105g\u0142e przesy\u0142anie tre\u015bci<\/li><li>Umie\u015b\u0107 przycisk Obserwuj przy postach wid\u017cetu <\/li><li>Pi\u0119\u0107 gotowych szablon\u00f3w post\u00f3w z r\u00f3\u017cnymi pozycjami tekstu, zdj\u0119cia autora i zdj\u0119\u0107<\/li><li>Filmy odtwarzaj\u0105 si\u0119 automatycznie w trybie wyskakuj\u0105cym<\/li><li>Spraw, aby Twoje posty by\u0142y ogl\u0105dane w tryb wyskakuj\u0105cego<\/li><li>2 warianty reprezentacji wyskakuj\u0105cych post\u00f3w: suwak i kana\u0142<\/li><\/ul><p><a href=\"#demo\">Wystarczy sprawdzi\u0107 to demo, aby uzyska\u0107 ca\u0142y pomys\u0142<\/a><\/p> <\/div> <div class=\"application-platform-content-item-installation application-platform-content-item\" id=\"installation\" data-nav-section=\"installation\"> <h2>Jak doda\u0107 kana\u0142 spo\u0142eczno\u015bciowy do strony internetowej Jimdo? <\/h2> <p>Wystarczy zastosowa\u0107 si\u0119 do poni\u017cszych instrukcji, aby doda\u0107 narz\u0119dzie. <\/p> <ol><li><b>Zarz\u0105dzaj nasz\u0105 bezp\u0142atn\u0105 wersj\u0105 demonstracyjn\u0105 i zacznij tworzy\u0107 w\u0142asny widget. <\/b><br> Okre\u015bl niestandardow\u0105 form\u0119 i parametry narz\u0119dzia oraz zastosuj poprawki. <\/li> <li><b>Odbierz indywidualny kod pojawiaj\u0105cy si\u0119 w polu aplikacji Elfsight. <\/b><br> Zaraz po zako\u0144czeniu konfiguracji wid\u017cetu skopiuj ekskluzywny kod z wyskakuj\u0105cego okienka i zachowaj go na dalsze potrzeby. <\/li> <li><b>Rozpocznij korzystanie z wid\u017cetu na stronie g\u0142\u00f3wnej Jimdo. <\/b><br> Umie\u015b\u0107 ostatnio zapisany kod na swojej stronie i zapisz zmiany. <\/li> <li><b>Gotowe! Konfiguracja zosta\u0142a ca\u0142kowicie zako\u0144czona. <\/b><br> Przejd\u017a do swojej strony internetowej, aby sprawdzi\u0107 dzia\u0142anie widgetu. <\/li><\/ol> <p>Je\u015bli napotkasz jakie\u015b przeszkody, nie wahaj si\u0119 skontaktowa\u0107 z naszym personelem pomocniczym. Nasi ludzie ch\u0119tnie pomog\u0105 Ci we wszystkich pytaniach zwi\u0105zanych z widgetem. <\/p> <\/div><div class=\"faq\" data-component=\"FAQ\"><div class=\"faq-item\">\r\n\t\t\t\t\t<div class=\"faq-item-question\">\r\n\t\t\t\t\t\t<h3 class=\"faq-item-question-text\">Czy istnieje metoda osadzania kana\u0142u spo\u0142eczno\u015bciowego na mojej stronie g\u0142\u00f3wnej Jimdo bez kodowania?<\/h3>\r\n\r\n\t\t\t\t\t\t<div class=\"faq-item-question-icon\"><\/div>\r\n\t\t\t\t\t<\/div>\r\n\r\n\t\t\t\t\t<div class=\"faq-item-answer\">\r\n\t\t\t\t\t\t<div class=\"faq-item-answer-text\"><p>Firma Elfsight dostarcza rozwi\u0105zania, kt\u00f3re umo\u017cliwia w\u0142a\u015bcicielom witryn samodzielne utworzenie aplikacji Kana\u0142y spo\u0142eczno\u015bciowe, sprawd\u017a, jak prosty jest ten proces: <\/p><ul><li>Rozpocznij prac\u0119 w edytorze na \u017cywo, aby utworzy\u0107 sekcj\u0119 Kana\u0142\u00f3w spo\u0142eczno\u015bciowych, kt\u00f3r\u0105 chcesz osadzi\u0107 na stronie Jimdo. <\/li><li>Wybierz jeden z gotowych szablon\u00f3w i zmie\u0144 ustawienia kana\u0142u spo\u0142eczno\u015bciowego, zmie\u0144 uk\u0142ad i schemat kolor\u00f3w, zaktualizuj tre\u015b\u0107 bez umiej\u0119tno\u015bci kodowania.<\/li><li>Kliknij, aby zapisa\u0107 kana\u0142 spo\u0142eczno\u015bciowy i skopiowa\u0107 kod wid\u017cetu do instalacji, kt\u00f3ry mo\u017cna bezp\u0142atnie wklei\u0107 na stronie Jimdo.<\/li><\/ul><p>Przy pomocy przyjaznego dla u\u017cytkownika Edytora ka\u017cdy u\u017cytkownik sieci mo\u017ce stworzy\u0107 wtyczk\u0119 Social Feed i osadzi\u0107 j\u0105 na stronie g\u0142\u00f3wnej Jimdo. Aby wej\u015b\u0107 do Edytora, nie mo\u017cesz wykupi\u0107 planu p\u0142atnego ani podawa\u0107 danych swojej karty. Je\u015bli na kt\u00f3rymkolwiek etapie napotkasz jakiekolwiek problemy, nie wahaj si\u0119 skontaktowa\u0107 z naszym personelem pomocy technicznej.<\/p><\/div>\r\n\t\t\t\t\t<\/div>\r\n\t\t\t\t<\/div><\/div>","protected":false},"excerpt":{"rendered":"","protected":false},"author":9,"featured_media":0,"parent":637,"menu_order":0,"comment_status":"closed","ping_status":"closed","template":"templates\/template-application-platform.php","meta":{"publish_to_discourse":"","publish_post_category":"","wpdc_auto_publish_overridden":"","wpdc_topic_tags":"","wpdc_pin_topic":"","wpdc_pin_until":"","discourse_post_id":"","discourse_permalink":"","wpdc_publishing_response":"","wpdc_publishing_error":"","footnotes":""},"class_list":["post-6471","page","type-page","status-publish","hentry"],"yoast_head":"<!-- This site is optimized with the Yoast SEO plugin v25.3.1 - https:\/\/yoast.com\/wordpress\/plugins\/seo\/ -->\n<title>Dodaj wid\u017cet Social Wall do strony Jimdo (szybko i bezp\u0142atnie)<\/title>\n<meta name=\"description\" content=\"Zaimplementuj responsywny wid\u017cet kana\u0142u spo\u0142eczno\u015bciowego Jimdo na swojej stronie Squarespace. Wypr\u00f3buj wersj\u0119 demonstracyjn\u0105 Elfsight i wygeneruj sw\u00f3j wspania\u0142y wid\u017cet \u015bciany spo\u0142eczno\u015bciowej.\" \/>\n<meta name=\"robots\" content=\"index, follow, max-snippet:-1, max-image-preview:large, max-video-preview:-1\" \/>\n<link rel=\"canonical\" href=\"https:\/\/elfsight.com\/pl\/social-feed-widget\/jimdo\/\" \/>\n<meta property=\"og:locale\" content=\"pl_PL\" \/>\n<meta property=\"og:type\" content=\"article\" \/>\n<meta property=\"og:title\" content=\"Dodaj wid\u017cet Social Wall do strony Jimdo (szybko i bezp\u0142atnie)\" \/>\n<meta property=\"og:description\" content=\"Zaimplementuj responsywny wid\u017cet kana\u0142u spo\u0142eczno\u015bciowego Jimdo na swojej stronie Squarespace. Wypr\u00f3buj wersj\u0119 demonstracyjn\u0105 Elfsight i wygeneruj sw\u00f3j wspania\u0142y wid\u017cet \u015bciany spo\u0142eczno\u015bciowej.\" \/>\n<meta property=\"og:url\" content=\"https:\/\/elfsight.com\/pl\/social-feed-widget\/jimdo\/\" \/>\n<meta property=\"og:site_name\" content=\"Elfsight PL\" \/>\n<meta property=\"article:modified_time\" content=\"2024-10-25T11:53:53+00:00\" \/>\n<meta name=\"twitter:card\" content=\"summary_large_image\" \/>\n<meta name=\"twitter:label1\" content=\"Szacowany czas czytania\" \/>\n\t<meta name=\"twitter:data1\" content=\"3 minuty\" \/>\n<!-- \/ Yoast SEO plugin. -->","yoast_head_json":{"title":"Dodaj wid\u017cet Social Wall do strony Jimdo (szybko i bezp\u0142atnie)","description":"Zaimplementuj responsywny wid\u017cet kana\u0142u spo\u0142eczno\u015bciowego Jimdo na swojej stronie Squarespace. Wypr\u00f3buj wersj\u0119 demonstracyjn\u0105 Elfsight i wygeneruj sw\u00f3j wspania\u0142y wid\u017cet \u015bciany spo\u0142eczno\u015bciowej.","robots":{"index":"index","follow":"follow","max-snippet":"max-snippet:-1","max-image-preview":"max-image-preview:large","max-video-preview":"max-video-preview:-1"},"canonical":"https:\/\/elfsight.com\/pl\/social-feed-widget\/jimdo\/","og_locale":"pl_PL","og_type":"article","og_title":"Dodaj wid\u017cet Social Wall do strony Jimdo (szybko i bezp\u0142atnie)","og_description":"Zaimplementuj responsywny wid\u017cet kana\u0142u spo\u0142eczno\u015bciowego Jimdo na swojej stronie Squarespace. Wypr\u00f3buj wersj\u0119 demonstracyjn\u0105 Elfsight i wygeneruj sw\u00f3j wspania\u0142y wid\u017cet \u015bciany spo\u0142eczno\u015bciowej.","og_url":"https:\/\/elfsight.com\/pl\/social-feed-widget\/jimdo\/","og_site_name":"Elfsight PL","article_modified_time":"2024-10-25T11:53:53+00:00","twitter_card":"summary_large_image","twitter_misc":{"Szacowany czas czytania":"3 minuty"},"schema":{"@context":"https:\/\/schema.org","@graph":[{"@type":"WebPage","@id":"https:\/\/elfsight.com\/pl\/social-feed-widget\/jimdo\/","url":"https:\/\/elfsight.com\/pl\/social-feed-widget\/jimdo\/","name":"Dodaj wid\u017cet Social Wall do strony Jimdo (szybko i bezp\u0142atnie)","isPartOf":{"@id":"https:\/\/elfsight.com\/pl\/#website"},"datePublished":"1970-01-01T00:00:00+00:00","dateModified":"2024-10-25T11:53:53+00:00","description":"Zaimplementuj responsywny wid\u017cet kana\u0142u spo\u0142eczno\u015bciowego Jimdo na swojej stronie Squarespace. Wypr\u00f3buj wersj\u0119 demonstracyjn\u0105 Elfsight i wygeneruj sw\u00f3j wspania\u0142y wid\u017cet \u015bciany spo\u0142eczno\u015bciowej.","breadcrumb":{"@id":"https:\/\/elfsight.com\/pl\/social-feed-widget\/jimdo\/#breadcrumb"},"inLanguage":"pl-PL","potentialAction":[{"@type":"ReadAction","target":["https:\/\/elfsight.com\/pl\/social-feed-widget\/jimdo\/"]}]},{"@type":"BreadcrumbList","@id":"https:\/\/elfsight.com\/pl\/social-feed-widget\/jimdo\/#breadcrumb","itemListElement":[{"@type":"ListItem","position":1,"name":"Home","item":"https:\/\/elfsight.com\/pl\/"},{"@type":"ListItem","position":2,"name":"Social Feed","item":"https:\/\/elfsight.com\/pl\/social-feed-widget\/"},{"@type":"ListItem","position":3,"name":"Social Feed &#8211; Jimdo"}]},{"@type":"WebSite","@id":"https:\/\/elfsight.com\/pl\/#website","url":"https:\/\/elfsight.com\/pl\/","name":"Elfsight PL","description":"Just another Elfsight Sites site","potentialAction":[{"@type":"SearchAction","target":{"@type":"EntryPoint","urlTemplate":"https:\/\/elfsight.com\/pl\/?s={search_term_string}"},"query-input":{"@type":"PropertyValueSpecification","valueRequired":true,"valueName":"search_term_string"}}],"inLanguage":"pl-PL"}]}},"meta_box":{"industry":"","seo_heading":"","heading":"","description":"","cta_heading":"","cta_description":"","application":"636","h1":"Wid\u017cet kana\u0142u spo\u0142eczno\u015bciowego Jimdo","h1_caption":"Agreguj tre\u015bci z wielu platform medi\u00f3w spo\u0142eczno\u015bciowych w jeden dynamiczny kana\u0142, zapewniaj\u0105c odwiedzaj\u0105cym bez wysi\u0142ku \u015bwie\u017ce i anga\u017cuj\u0105ce tre\u015bci na Twojej stronie internetowej Jimdo.","application_category":[],"applications_title":"","applications_request_title":"","applications_request_button_text":"","hero_text":"","hero_video":"","hero_video_schema_markup":"","selling_points_title":"","selling_points_caption":"","selling_points":[],"selling_points_cta_text":"","features_title":"","features":"","ed_cta_examples_text":"","ed_cta_examples_hidden":"","ed_cta_demo_text":"","ed_cta_demo_hidden":"","why_caption":"","why_editor_title":"","why_editor_text":"","why_team_title":"","why_team_text":"","why_service_title":"","why_service_text":"","template_catalog_visible":"","template_catalog_title":"","template_catalog_text":"","template_catalog_categories_visible":"","demo_title":"Pospiesz si\u0119, aby utworzy\u0107 w\u0142asny kana\u0142 spo\u0142eczno\u015bciowy Jimdo","demo_caption":"Spersonalizuj widget i zintegruj go ze swoj\u0105 stron\u0105 g\u0142\u00f3wn\u0105 za pomoc\u0105 wersji demonstracyjnej.","default_faq_hidden":"","app_template_category":[],"platform":"193","template_public_id":"","codecanyon_url":"","codecanyon_item_id":"","codecanyon_price":"","pricing_caption":"","pricing_elfsight_apps_hide_column":"","pricing_elfsight_apps_url":"","pricing_codecanyon_price_caption":"","integration_category":[],"integration_request_title":"","integration_request_cta":"","integration_platform":"","integrations":[],"platform_category":[],"video_schema_markup":"","price":"od 0 USD \/ miesi\u0105c","trial":"","benefits":[{"text":"Bezp\u0142atna pomoc w instalacji"},{"text":"Wyj\u0105tkowe wsparcie"},{"text":"14-dniowa gwarancja zwrotu pieni\u0119dzy"}],"button_url":"#demo","button_target_blank":"","button_nofollow":"","attributes":[{"name":"Instaluje"},{"name":"Czu\u0142y"},{"name":"Kompatybilne przegl\u0105darki"}],"tags":[],"tags_disable_links":"","hide_more_platforms":"","video_object":"","demo_hide_cta":"","demo_hide_cloud_options":"","pricing_title":"","pricing":[{"pricing_icon":"platform","pricing_title":"Elfsight Apps","pricing_title_caption":"Wieloplatformowe rozwi\u0105zanie cyfrowe","pricing_price":"od 0 USD \/ miesi\u0105c","pricing_price_caption":"zacznij od bezp\u0142atnego planu","pricing_benefits":[{"text":"Nielimitowane strony internetowe"},{"text":"Dedykowana obs\u0142uga klienta"},{"text":"Bezp\u0142atna pomoc w instalacji"},{"text":"Oferta specjalna na wiele aplikacji"}],"pricing_button_text":"Dodaj do witryny","pricing_button_url":"#demo"}],"related_apps_title":"","related_apps_hidden":"","author":"","image":[],"title":"","job":"","social_networks":[]},"_links":{"self":[{"href":"https:\/\/elfsight.com\/pl\/wp-json\/wp\/v2\/pages\/6471","targetHints":{"allow":["GET"]}}],"collection":[{"href":"https:\/\/elfsight.com\/pl\/wp-json\/wp\/v2\/pages"}],"about":[{"href":"https:\/\/elfsight.com\/pl\/wp-json\/wp\/v2\/types\/page"}],"author":[{"embeddable":true,"href":"https:\/\/elfsight.com\/pl\/wp-json\/wp\/v2\/users\/9"}],"replies":[{"embeddable":true,"href":"https:\/\/elfsight.com\/pl\/wp-json\/wp\/v2\/comments?post=6471"}],"version-history":[{"count":1,"href":"https:\/\/elfsight.com\/pl\/wp-json\/wp\/v2\/pages\/6471\/revisions"}],"predecessor-version":[{"id":6475,"href":"https:\/\/elfsight.com\/pl\/wp-json\/wp\/v2\/pages\/6471\/revisions\/6475"}],"up":[{"embeddable":true,"href":"https:\/\/elfsight.com\/pl\/wp-json\/wp\/v2\/pages\/637"}],"wp:attachment":[{"href":"https:\/\/elfsight.com\/pl\/wp-json\/wp\/v2\/media?parent=6471"}],"curies":[{"name":"wp","href":"https:\/\/api.w.org\/{rel}","templated":true}]}}